{"id":125884,"date":"2024-07-30T02:18:59","date_gmt":"2024-07-30T00:18:59","guid":{"rendered":"https:\/\/www.csj-emballages.com\/produit\/324-bandejas-secantes-sellables-22-x-125-x-25-cm\/"},"modified":"2026-03-26T02:12:23","modified_gmt":"2026-03-26T01:12:23","slug":"324-bandejas-secantes-sellables-22-x-125-x-25-cm","status":"publish","type":"product","link":"https:\/\/www.csj-emballages.com\/es\/produit\/324-bandejas-secantes-sellables-22-x-125-x-25-cm\/","title":{"rendered":"Barqueta con absorbente sellable de 22 x 12,5 x 2,5 cm, lote de 324"},"content":{"rendered":"<h2>Bandejas secantes sellables 22 x 12,5 x 2,5 cm &#8211; paquete de 324<\/h2>\n<hr>\n<h3>Descripci\u00f3n del producto :<\/h3>\n<p><!--more--><\/p>\n<div>\n<p data-start=\"257\" data-end=\"599\">La <strong>barqueta con absorbente sellable de 22 x 12,5 x 2,5 cm<\/strong> est\u00e1 especialmente dise\u00f1ada para el envasado y la presentaci\u00f3n de carnes, preparaciones frescas y productos alimenticios de autoservicio. De hecho, adaptada a las necesidades de <strong>carnicer\u00edas, charcuter\u00edas, empresas de catering y secciones tradicionales<\/strong>, combina practicidad, higiene y mejora del producto. <\/p>\n<p data-start=\"601\" data-end=\"872\">Gracias a su <strong>absorbente integrado<\/strong>, esta <strong>barqueta<\/strong> permite retener eficazmente los <strong>exudados y jugos<\/strong>, garantizando una presentaci\u00f3n limpia y cuidada en el escaparate. El <strong>absorbente<\/strong> tambi\u00e9n contribuye a preservar el aspecto visual de los productos al tiempo que mejora su conservaci\u00f3n. <\/p>\n<p data-start=\"874\" data-end=\"1222\">Dise\u00f1ada para ser utilizada con un <strong>film de sellado<\/strong>, la <strong>barqueta asegura un cierre herm\u00e9tico<\/strong>, ideal para proteger los alimentos y prolongar su frescura. Del mismo modo, su formato <strong>22 x 12,5 cm con una altura de 2,5 cm<\/strong> es perfectamente adecuado para <strong>porciones individuales o peque\u00f1as preparaciones<\/strong>, ofreciendo una buena sujeci\u00f3n de los productos sin comprimirlos. <\/p>\n<p data-start=\"1224\" data-end=\"1517\">Fabricada con material de calidad alimentaria, esta barqueta es resistente, estable y adecuada para el almacenamiento en c\u00e1mara frigor\u00edfica. En resumen, es perfecta para los profesionales que buscan una soluci\u00f3n econ\u00f3mica y eficaz para un uso diario o intensivo. <\/p>\n<\/div>\n<p data-start=\"1224\" data-end=\"1517\">\n<p data-start=\"1224\" data-end=\"1517\"><!--more--><\/p>\n<h4 data-start=\"1224\" data-end=\"1517\">Ventajas :<\/h4>\n<ul>\n<li data-start=\"1555\" data-end=\"1610\"><strong>Absorbente<\/strong> integrado para una presentaci\u00f3n limpia.<\/li>\n<li data-start=\"1613\" data-end=\"1672\">Compatible con el <strong>sellado para un cierre<\/strong> herm\u00e9tico.<\/li>\n<li data-start=\"1723\" data-end=\"1761\">Material apto para el contacto alimentario.<\/li>\n<li data-start=\"1812\" data-end=\"1858\">Limita los derrames y mejora la higiene.<\/li>\n<li data-start=\"1861\" data-end=\"1912\">Adecuada para carnicer\u00edas, empresas de catering y secciones de productos frescos.<\/li>\n<li data-start=\"1915\" data-end=\"1962\">Embalaje econ\u00f3mico de <strong>324 barquetas<\/strong>.<\/li>\n<\/ul>\n<p>&nbsp;<\/p>\n<p><!--more--><\/p>\n<h4>Informaci\u00f3n adicional :<\/h4>\n<ul>\n<li><strong>Embalaje<\/strong>: Caja de 324<\/li>\n<li><strong>Dimensiones<\/strong>: 22 x 12,5 x 2,5 cm<\/li>\n<\/ul>\n<div>\n<p data-start=\"1224\" data-end=\"1517\">\n<\/div>\n<p><!--more--><\/p>\n<p><a href=\"https:\/\/www.csj-emballages.com\/categorie-produit\/emballages\/boucherie-traiteur-primeur\/barquettes-boites-et-pots\/barquettes-boites-pots-alimentaires\/barquettes-scellables-avec-buvard\/\">Ver el resto de nuestra gama de bandejas secantes sellables<\/a><\/p>\n","protected":false},"excerpt":{"rendered":"<p>Bandejas secantes sellables 22 x 12,5 x 2,5 cm &#8211; paquete de 324 Descripci\u00f3n del producto :<\/p>\n","protected":false},"featured_media":264216,"template":"","meta":{"_acf_changed":false},"product_brand":[],"product_cat":[1150,1143,2296,1491,6621,1270],"product_tag":[],"class_list":{"0":"post-125884","1":"product","2":"type-product","3":"status-publish","4":"has-post-thumbnail","6":"product_cat-envasado-de-alimentos","7":"product_cat-carniceria-y-charcuteria","8":"product_cat-bandejas-latas-y-tarros","9":"product_cat-bandejas-latas-tarros-de-comida","10":"product_cat-bandejas-precintables-con-papel-secante","11":"product_cat-descuentos","13":"first","14":"instock","15":"sale","16":"taxable","17":"shipping-taxable","18":"purchasable","19":"product-type-simple"},"acf":[],"yoast_head":"<!-- This site is optimized with the Yoast SEO Premium plugin v26.6 (Yoast SEO v26.6) - https:\/\/yoast.com\/wordpress\/plugins\/seo\/ -->\n<title>Barqueta con Absorbente Sellable de 22 x 12,5 x 2,5 cm, lote de 324<\/title>\n<meta name=\"description\" content=\"Barqueta con absorbente sellable de 22 x 12,5 x 2,5 cm, lote de 324. Ideal para carnes y productos frescos, presentaci\u00f3n limpia e higi\u00e9nica.\" \/>\n<meta name=\"robots\" content=\"index, follow, max-snippet:-1, max-image-preview:large, max-video-preview:-1\" \/>\n<link rel=\"canonical\" href=\"https:\/\/www.csj-emballages.com\/es\/produit\/324-bandejas-secantes-sellables-22-x-125-x-25-cm\/\" \/>\n<meta property=\"og:locale\" content=\"es_ES\" \/>\n<meta property=\"og:type\" content=\"article\" \/>\n<meta property=\"og:title\" content=\"Barqueta con absorbente sellable de 22 x 12,5 x 2,5 cm, lote de 324\" \/>\n<meta property=\"og:description\" content=\"Barqueta con absorbente sellable de 22 x 12,5 x 2,5 cm, lote de 324. Ideal para carnes y productos frescos, presentaci\u00f3n limpia e higi\u00e9nica.\" \/>\n<meta property=\"og:url\" content=\"https:\/\/www.csj-emballages.com\/es\/produit\/324-bandejas-secantes-sellables-22-x-125-x-25-cm\/\" \/>\n<meta property=\"og:site_name\" content=\"CSJ Emballages\" \/>\n<meta property=\"article:publisher\" content=\"https:\/\/www.facebook.com\/csjemballages\" \/>\n<meta property=\"article:modified_time\" content=\"2026-03-26T01:12:23+00:00\" \/>\n<meta property=\"og:image\" content=\"https:\/\/www.csj-emballages.com\/wp-content\/uploads\/2024\/07\/C325SWCL.webp\" \/>\n\t<meta property=\"og:image:width\" content=\"800\" \/>\n\t<meta property=\"og:image:height\" content=\"800\" \/>\n\t<meta property=\"og:image:type\" content=\"image\/webp\" \/>\n<meta name=\"twitter:card\" content=\"summary_large_image\" \/>\n<meta name=\"twitter:label1\" content=\"Tiempo de lectura\" \/>\n\t<meta name=\"twitter:data1\" content=\"1 minuto\" \/>\n<script type=\"application\/ld+json\" class=\"yoast-schema-graph\">{\"@context\":\"https:\/\/schema.org\",\"@graph\":[{\"@type\":\"WebPage\",\"@id\":\"https:\/\/www.csj-emballages.com\/es\/produit\/324-bandejas-secantes-sellables-22-x-125-x-25-cm\/\",\"url\":\"https:\/\/www.csj-emballages.com\/es\/produit\/324-bandejas-secantes-sellables-22-x-125-x-25-cm\/\",\"name\":\"Barqueta con Absorbente Sellable de 22 x 12,5 x 2,5 cm, lote de 324\",\"isPartOf\":{\"@id\":\"https:\/\/www.csj-emballages.com\/es\/#website\"},\"primaryImageOfPage\":{\"@id\":\"https:\/\/www.csj-emballages.com\/es\/produit\/324-bandejas-secantes-sellables-22-x-125-x-25-cm\/#primaryimage\"},\"image\":{\"@id\":\"https:\/\/www.csj-emballages.com\/es\/produit\/324-bandejas-secantes-sellables-22-x-125-x-25-cm\/#primaryimage\"},\"thumbnailUrl\":\"https:\/\/www.csj-emballages.com\/wp-content\/uploads\/2024\/07\/C325SWCL.webp\",\"datePublished\":\"2024-07-30T00:18:59+00:00\",\"dateModified\":\"2026-03-26T01:12:23+00:00\",\"description\":\"Barqueta con absorbente sellable de 22 x 12,5 x 2,5 cm, lote de 324. Ideal para carnes y productos frescos, presentaci\u00f3n limpia e higi\u00e9nica.\",\"breadcrumb\":{\"@id\":\"https:\/\/www.csj-emballages.com\/es\/produit\/324-bandejas-secantes-sellables-22-x-125-x-25-cm\/#breadcrumb\"},\"inLanguage\":\"es\",\"potentialAction\":[{\"@type\":\"ReadAction\",\"target\":[\"https:\/\/www.csj-emballages.com\/es\/produit\/324-bandejas-secantes-sellables-22-x-125-x-25-cm\/\"]}]},{\"@type\":\"ImageObject\",\"inLanguage\":\"es\",\"@id\":\"https:\/\/www.csj-emballages.com\/es\/produit\/324-bandejas-secantes-sellables-22-x-125-x-25-cm\/#primaryimage\",\"url\":\"https:\/\/www.csj-emballages.com\/wp-content\/uploads\/2024\/07\/C325SWCL.webp\",\"contentUrl\":\"https:\/\/www.csj-emballages.com\/wp-content\/uploads\/2024\/07\/C325SWCL.webp\",\"width\":800,\"height\":800,\"caption\":\"Barquette avec buvard\"},{\"@type\":\"BreadcrumbList\",\"@id\":\"https:\/\/www.csj-emballages.com\/es\/produit\/324-bandejas-secantes-sellables-22-x-125-x-25-cm\/#breadcrumb\",\"itemListElement\":[{\"@type\":\"ListItem\",\"position\":1,\"name\":\"Accueil\",\"item\":\"https:\/\/www.csj-emballages.com\/es\/universo-del-envasado-alimentario\/\"},{\"@type\":\"ListItem\",\"position\":2,\"name\":\"Tienda\",\"item\":\"https:\/\/www.csj-emballages.com\/tienda\/\"},{\"@type\":\"ListItem\",\"position\":3,\"name\":\"Barqueta con absorbente sellable de 22 x 12,5 x 2,5 cm, lote de 324\"}]},{\"@type\":\"WebSite\",\"@id\":\"https:\/\/www.csj-emballages.com\/es\/#website\",\"url\":\"https:\/\/www.csj-emballages.com\/es\/\",\"name\":\"CSJ Emballages\",\"description\":\"\",\"publisher\":{\"@id\":\"https:\/\/www.csj-emballages.com\/es\/#organization\"},\"potentialAction\":[{\"@type\":\"SearchAction\",\"target\":{\"@type\":\"EntryPoint\",\"urlTemplate\":\"https:\/\/www.csj-emballages.com\/es\/?s={search_term_string}\"},\"query-input\":{\"@type\":\"PropertyValueSpecification\",\"valueRequired\":true,\"valueName\":\"search_term_string\"}}],\"inLanguage\":\"es\"},{\"@type\":\"Organization\",\"@id\":\"https:\/\/www.csj-emballages.com\/es\/#Organization\/\",\"name\":\"CSJ Emballages\",\"url\":\"https:\/\/www.csj-emballages.com\/es\/\",\"logo\":{\"@type\":\"ImageObject\",\"inLanguage\":\"es\",\"@id\":\"https:\/\/www.csj-emballages.com\/es\/#\/schema\/logo\/image\/\",\"url\":\"https:\/\/www.csj-emballages.com\/wp-content\/uploads\/2023\/10\/logo_csj.webp\",\"contentUrl\":\"https:\/\/www.csj-emballages.com\/wp-content\/uploads\/2023\/10\/logo_csj.webp\",\"width\":250,\"height\":95,\"caption\":\"CSJ Emballages\"},\"image\":{\"@id\":\"https:\/\/www.csj-emballages.com\/es\/#\/schema\/logo\/image\/\"},\"sameAs\":[\"https:\/\/www.facebook.com\/csjemballages\"],\"address\":{\"@type\":\"PostalAddress\",\"streetAddress\":\"ZI La Lechere\",\"addressLocality\":\"Patornay\",\"postalCode\":\"39130\",\"addressCountry\":\"FR\"},\"contactPoint\":[{\"@type\":\"ContactPoint\",\"contactType\":\"Service client\",\"telephone\":\"0384254272\",\"email\":\"contact@csj-emballages.com\"}]}]}<\/script>\n<!-- \/ Yoast SEO Premium plugin. -->","yoast_head_json":{"title":"Barqueta con Absorbente Sellable de 22 x 12,5 x 2,5 cm, lote de 324","description":"Barqueta con absorbente sellable de 22 x 12,5 x 2,5 cm, lote de 324. Ideal para carnes y productos frescos, presentaci\u00f3n limpia e higi\u00e9nica.","robots":{"index":"index","follow":"follow","max-snippet":"max-snippet:-1","max-image-preview":"max-image-preview:large","max-video-preview":"max-video-preview:-1"},"canonical":"https:\/\/www.csj-emballages.com\/es\/produit\/324-bandejas-secantes-sellables-22-x-125-x-25-cm\/","og_locale":"es_ES","og_type":"article","og_title":"Barqueta con absorbente sellable de 22 x 12,5 x 2,5 cm, lote de 324","og_description":"Barqueta con absorbente sellable de 22 x 12,5 x 2,5 cm, lote de 324. Ideal para carnes y productos frescos, presentaci\u00f3n limpia e higi\u00e9nica.","og_url":"https:\/\/www.csj-emballages.com\/es\/produit\/324-bandejas-secantes-sellables-22-x-125-x-25-cm\/","og_site_name":"CSJ Emballages","article_publisher":"https:\/\/www.facebook.com\/csjemballages","article_modified_time":"2026-03-26T01:12:23+00:00","og_image":[{"width":800,"height":800,"url":"https:\/\/www.csj-emballages.com\/wp-content\/uploads\/2024\/07\/C325SWCL.webp","type":"image\/webp"}],"twitter_card":"summary_large_image","twitter_misc":{"Tiempo de lectura":"1 minuto"},"schema":{"@context":"https:\/\/schema.org","@graph":[{"@type":"WebPage","@id":"https:\/\/www.csj-emballages.com\/es\/produit\/324-bandejas-secantes-sellables-22-x-125-x-25-cm\/","url":"https:\/\/www.csj-emballages.com\/es\/produit\/324-bandejas-secantes-sellables-22-x-125-x-25-cm\/","name":"Barqueta con Absorbente Sellable de 22 x 12,5 x 2,5 cm, lote de 324","isPartOf":{"@id":"https:\/\/www.csj-emballages.com\/es\/#website"},"primaryImageOfPage":{"@id":"https:\/\/www.csj-emballages.com\/es\/produit\/324-bandejas-secantes-sellables-22-x-125-x-25-cm\/#primaryimage"},"image":{"@id":"https:\/\/www.csj-emballages.com\/es\/produit\/324-bandejas-secantes-sellables-22-x-125-x-25-cm\/#primaryimage"},"thumbnailUrl":"https:\/\/www.csj-emballages.com\/wp-content\/uploads\/2024\/07\/C325SWCL.webp","datePublished":"2024-07-30T00:18:59+00:00","dateModified":"2026-03-26T01:12:23+00:00","description":"Barqueta con absorbente sellable de 22 x 12,5 x 2,5 cm, lote de 324. Ideal para carnes y productos frescos, presentaci\u00f3n limpia e higi\u00e9nica.","breadcrumb":{"@id":"https:\/\/www.csj-emballages.com\/es\/produit\/324-bandejas-secantes-sellables-22-x-125-x-25-cm\/#breadcrumb"},"inLanguage":"es","potentialAction":[{"@type":"ReadAction","target":["https:\/\/www.csj-emballages.com\/es\/produit\/324-bandejas-secantes-sellables-22-x-125-x-25-cm\/"]}]},{"@type":"ImageObject","inLanguage":"es","@id":"https:\/\/www.csj-emballages.com\/es\/produit\/324-bandejas-secantes-sellables-22-x-125-x-25-cm\/#primaryimage","url":"https:\/\/www.csj-emballages.com\/wp-content\/uploads\/2024\/07\/C325SWCL.webp","contentUrl":"https:\/\/www.csj-emballages.com\/wp-content\/uploads\/2024\/07\/C325SWCL.webp","width":800,"height":800,"caption":"Barquette avec buvard"},{"@type":"BreadcrumbList","@id":"https:\/\/www.csj-emballages.com\/es\/produit\/324-bandejas-secantes-sellables-22-x-125-x-25-cm\/#breadcrumb","itemListElement":[{"@type":"ListItem","position":1,"name":"Accueil","item":"https:\/\/www.csj-emballages.com\/es\/universo-del-envasado-alimentario\/"},{"@type":"ListItem","position":2,"name":"Tienda","item":"https:\/\/www.csj-emballages.com\/tienda\/"},{"@type":"ListItem","position":3,"name":"Barqueta con absorbente sellable de 22 x 12,5 x 2,5 cm, lote de 324"}]},{"@type":"WebSite","@id":"https:\/\/www.csj-emballages.com\/es\/#website","url":"https:\/\/www.csj-emballages.com\/es\/","name":"CSJ Emballages","description":"","publisher":{"@id":"https:\/\/www.csj-emballages.com\/es\/#organization"},"potentialAction":[{"@type":"SearchAction","target":{"@type":"EntryPoint","urlTemplate":"https:\/\/www.csj-emballages.com\/es\/?s={search_term_string}"},"query-input":{"@type":"PropertyValueSpecification","valueRequired":true,"valueName":"search_term_string"}}],"inLanguage":"es"},{"@type":"Organization","@id":"https:\/\/www.csj-emballages.com\/es\/#Organization\/","name":"CSJ Emballages","url":"https:\/\/www.csj-emballages.com\/es\/","logo":{"@type":"ImageObject","inLanguage":"es","@id":"https:\/\/www.csj-emballages.com\/es\/#\/schema\/logo\/image\/","url":"https:\/\/www.csj-emballages.com\/wp-content\/uploads\/2023\/10\/logo_csj.webp","contentUrl":"https:\/\/www.csj-emballages.com\/wp-content\/uploads\/2023\/10\/logo_csj.webp","width":250,"height":95,"caption":"CSJ Emballages"},"image":{"@id":"https:\/\/www.csj-emballages.com\/es\/#\/schema\/logo\/image\/"},"sameAs":["https:\/\/www.facebook.com\/csjemballages"],"address":{"@type":"PostalAddress","streetAddress":"ZI La Lechere","addressLocality":"Patornay","postalCode":"39130","addressCountry":"FR"},"contactPoint":[{"@type":"ContactPoint","contactType":"Service client","telephone":"0384254272","email":"contact@csj-emballages.com"}]}]}},"df_price":30,"df_sale_price":30,"df_regular_price":60,"df_image_link":"https:\/\/www.csj-emballages.com\/wp-content\/uploads\/2024\/07\/C325SWCL-300x300.webp","tiered_pricing_type":"fixed","tiered_pricing_fixed_rules":[],"tiered_pricing_percentage_rules":[],"tiered_pricing_minimum":1,"tiered_pricing_roles_data":[],"_links":{"self":[{"href":"https:\/\/www.csj-emballages.com\/es\/wp-json\/wp\/v2\/product\/125884","targetHints":{"allow":["GET"]}}],"collection":[{"href":"https:\/\/www.csj-emballages.com\/es\/wp-json\/wp\/v2\/product"}],"about":[{"href":"https:\/\/www.csj-emballages.com\/es\/wp-json\/wp\/v2\/types\/product"}],"wp:featuredmedia":[{"embeddable":true,"href":"https:\/\/www.csj-emballages.com\/es\/wp-json\/wp\/v2\/media\/264216"}],"wp:attachment":[{"href":"https:\/\/www.csj-emballages.com\/es\/wp-json\/wp\/v2\/media?parent=125884"}],"wp:term":[{"taxonomy":"product_brand","embeddable":true,"href":"https:\/\/www.csj-emballages.com\/es\/wp-json\/wp\/v2\/product_brand?post=125884"},{"taxonomy":"product_cat","embeddable":true,"href":"https:\/\/www.csj-emballages.com\/es\/wp-json\/wp\/v2\/product_cat?post=125884"},{"taxonomy":"product_tag","embeddable":true,"href":"https:\/\/www.csj-emballages.com\/es\/wp-json\/wp\/v2\/product_tag?post=125884"}],"curies":[{"name":"wp","href":"https:\/\/api.w.org\/{rel}","templated":true}]}}