{"id":125862,"date":"2024-07-30T02:18:49","date_gmt":"2024-07-30T00:18:49","guid":{"rendered":"https:\/\/www.csj-emballages.com\/produit\/300-pasteleras-con-bisagra-22-x-14-x-5-cm\/"},"modified":"2026-03-12T16:05:19","modified_gmt":"2026-03-12T15:05:19","slug":"300-pasteleras-con-bisagra-22-x-14-x-5-cm","status":"publish","type":"product","link":"https:\/\/www.csj-emballages.com\/es\/produit\/300-pasteleras-con-bisagra-22-x-14-x-5-cm\/","title":{"rendered":"Caja de pasteler\u00eda viennoiseries cristal 22 x 14 x 5 cm por 300"},"content":{"rendered":"<h2>Caja de pl\u00e1stico para pasteles<\/h2>\n<hr>\n<h3>Descripci\u00f3n de nuestra caja de pl\u00e1stico para pasteles 22 x 14 x 5 cm por 300<\/h3>\n<p><!--more--><\/p>\n<div>Ofrezca a sus dulces creaciones una presentaci\u00f3n elegante y una protecci\u00f3n \u00f3ptima con esta <strong>caja de pl\u00e1stico r\u00edgido para reposter\u00eda<\/strong>. Dise\u00f1ada para pasteleros profesionales, panaderos, restauradores e incluso particulares apasionados por los postres, esta caja combina practicidad, est\u00e9tica e higiene. Con <strong>sus generosas dimensiones de 22 x 14 x 5 cm<\/strong>, es perfecta para contener un pastel individual, varios pasteles peque\u00f1os, entremeses o porciones de tarta. Adem\u00e1s, su tapa transparente realza sus creaciones y las protege de los golpes, la humedad y las manipulaciones. Apilable, ligero y resistente, es ideal para la comida para llevar, buffets o eventos.    <\/div>\n<div>\n<p data-start=\"1012\" data-end=\"1284\"><strong data-start=\"1012\" data-end=\"1032\">Lista para usar<\/strong>, esta caja le ahorra tiempo de preparaci\u00f3n al tiempo que confiere a sus presentaciones una <strong data-start=\"1112\" data-end=\"1137\">imagen profesional<\/strong>. De hecho, el pack <strong>de 300 unidades<\/strong> se adapta perfectamente tanto a las necesidades cotidianas de los comerciantes como a las producciones de eventos a gran escala.<\/p>\n<\/div>\n<p>&nbsp;<\/p>\n<p><!--more--><\/p>\n<h4>Sus ventajas:<\/h4>\n<ul>\n<li><strong>Visibilidad<\/strong>: El pl\u00e1stico transparente resalta tus creaciones, atrayendo las miradas de los clientes.<\/li>\n<li><strong>Reutilizables<\/strong>: F\u00e1ciles de limpiar, pueden utilizarse varias veces, reduciendo los residuos.<\/li>\n<li><strong>Tama\u00f1o ideal<\/strong>: perfecto para raciones individuales o peque\u00f1os dulces.<\/li>\n<li><strong>Pr\u00e1ctico<\/strong>: apertura y cierre abatibles para facilitar el uso diario.<\/li>\n<\/ul>\n<p>&nbsp;<\/p>\n<p><!--more--><\/p>\n<h4>Informaci\u00f3n adicional :<\/h4>\n<ul>\n<li><strong>Embalaje<\/strong>: Caja de 300<\/li>\n<li><strong>Dimensiones<\/strong>: 22 x 14 x 5 (L x A x A en cm)<\/li>\n<li><strong>Material<\/strong>: PET<\/li>\n<\/ul>\n<div>\n<div><\/div>\n<\/div>\n<p><!--more--><\/p>\n<p><a href=\"\/?product_cat=boite-charniere-pour-patisseries\">Ver el resto de nuestra gama de cajas de pl\u00e1stico para pasteler\u00eda<\/a><\/p>\n","protected":false},"excerpt":{"rendered":"<p>Caja de pl\u00e1stico para pasteles Descripci\u00f3n de nuestra caja de pl\u00e1stico para pasteles 22 x 14 x 5 cm por 300<\/p>\n","protected":false},"featured_media":242371,"template":"","meta":{"_acf_changed":false},"product_brand":[],"product_cat":[1150,1145,3868,1259,6572,1270],"product_tag":[],"class_list":{"0":"post-125862","1":"product","2":"type-product","3":"status-publish","4":"has-post-thumbnail","6":"product_cat-envasado-de-alimentos","7":"product_cat-panaderia-y-pasteleria","8":"product_cat-cajas-y-estuches","9":"product_cat-cajas-para-pasteles","10":"product_cat-caja-abatible-para-bolleria","11":"product_cat-descuentos","13":"first","14":"instock","15":"sale","16":"taxable","17":"shipping-taxable","18":"purchasable","19":"product-type-simple"},"acf":[],"yoast_head":"<!-- This site is optimized with the Yoast SEO Premium plugin v26.6 (Yoast SEO v26.6) - https:\/\/yoast.com\/wordpress\/plugins\/seo\/ -->\n<title>Caja de pl\u00e1stico para pasteles 22x14x5 cm x 300<\/title>\n<meta name=\"description\" content=\"Descubra nuestra caja de pl\u00e1stico para pasteler\u00eda de 22x14x5 cm. Perfecta para grandes superficies o particulares.\" \/>\n<meta name=\"robots\" content=\"index, follow, max-snippet:-1, max-image-preview:large, max-video-preview:-1\" \/>\n<link rel=\"canonical\" href=\"https:\/\/www.csj-emballages.com\/es\/produit\/300-pasteleras-con-bisagra-22-x-14-x-5-cm\/\" \/>\n<meta property=\"og:locale\" content=\"es_ES\" \/>\n<meta property=\"og:type\" content=\"article\" \/>\n<meta property=\"og:title\" content=\"Caja de pasteler\u00eda viennoiseries cristal 22 x 14 x 5 cm por 300\" \/>\n<meta property=\"og:description\" content=\"Descubra nuestra caja de pl\u00e1stico para pasteler\u00eda de 22x14x5 cm. Perfecta para grandes superficies o particulares.\" \/>\n<meta property=\"og:url\" content=\"https:\/\/www.csj-emballages.com\/es\/produit\/300-pasteleras-con-bisagra-22-x-14-x-5-cm\/\" \/>\n<meta property=\"og:site_name\" content=\"CSJ Emballages\" \/>\n<meta property=\"article:publisher\" content=\"https:\/\/www.facebook.com\/csjemballages\" \/>\n<meta property=\"article:modified_time\" content=\"2026-03-12T15:05:19+00:00\" \/>\n<meta property=\"og:image\" content=\"https:\/\/www.csj-emballages.com\/wp-content\/uploads\/2024\/07\/11BP50-1.webp\" \/>\n\t<meta property=\"og:image:width\" content=\"800\" \/>\n\t<meta property=\"og:image:height\" content=\"800\" \/>\n\t<meta property=\"og:image:type\" content=\"image\/webp\" \/>\n<meta name=\"twitter:card\" content=\"summary_large_image\" \/>\n<meta name=\"twitter:label1\" content=\"Tiempo de lectura\" \/>\n\t<meta name=\"twitter:data1\" content=\"1 minuto\" \/>\n<script type=\"application\/ld+json\" class=\"yoast-schema-graph\">{\"@context\":\"https:\/\/schema.org\",\"@graph\":[{\"@type\":\"WebPage\",\"@id\":\"https:\/\/www.csj-emballages.com\/es\/produit\/300-pasteleras-con-bisagra-22-x-14-x-5-cm\/\",\"url\":\"https:\/\/www.csj-emballages.com\/es\/produit\/300-pasteleras-con-bisagra-22-x-14-x-5-cm\/\",\"name\":\"Caja de pl\u00e1stico para pasteles 22x14x5 cm x 300\",\"isPartOf\":{\"@id\":\"https:\/\/www.csj-emballages.com\/es\/#website\"},\"primaryImageOfPage\":{\"@id\":\"https:\/\/www.csj-emballages.com\/es\/produit\/300-pasteleras-con-bisagra-22-x-14-x-5-cm\/#primaryimage\"},\"image\":{\"@id\":\"https:\/\/www.csj-emballages.com\/es\/produit\/300-pasteleras-con-bisagra-22-x-14-x-5-cm\/#primaryimage\"},\"thumbnailUrl\":\"https:\/\/www.csj-emballages.com\/wp-content\/uploads\/2024\/07\/11BP50-1.webp\",\"datePublished\":\"2024-07-30T00:18:49+00:00\",\"dateModified\":\"2026-03-12T15:05:19+00:00\",\"description\":\"Descubra nuestra caja de pl\u00e1stico para pasteler\u00eda de 22x14x5 cm. Perfecta para grandes superficies o particulares.\",\"breadcrumb\":{\"@id\":\"https:\/\/www.csj-emballages.com\/es\/produit\/300-pasteleras-con-bisagra-22-x-14-x-5-cm\/#breadcrumb\"},\"inLanguage\":\"es\",\"potentialAction\":[{\"@type\":\"ReadAction\",\"target\":[\"https:\/\/www.csj-emballages.com\/es\/produit\/300-pasteleras-con-bisagra-22-x-14-x-5-cm\/\"]}]},{\"@type\":\"ImageObject\",\"inLanguage\":\"es\",\"@id\":\"https:\/\/www.csj-emballages.com\/es\/produit\/300-pasteleras-con-bisagra-22-x-14-x-5-cm\/#primaryimage\",\"url\":\"https:\/\/www.csj-emballages.com\/wp-content\/uploads\/2024\/07\/11BP50-1.webp\",\"contentUrl\":\"https:\/\/www.csj-emballages.com\/wp-content\/uploads\/2024\/07\/11BP50-1.webp\",\"width\":800,\"height\":800,\"caption\":\"Boite p\u00e2tissi\u00e8re viennoiseries\"},{\"@type\":\"BreadcrumbList\",\"@id\":\"https:\/\/www.csj-emballages.com\/es\/produit\/300-pasteleras-con-bisagra-22-x-14-x-5-cm\/#breadcrumb\",\"itemListElement\":[{\"@type\":\"ListItem\",\"position\":1,\"name\":\"Accueil\",\"item\":\"https:\/\/www.csj-emballages.com\/es\/universo-del-envasado-alimentario\/\"},{\"@type\":\"ListItem\",\"position\":2,\"name\":\"Tienda\",\"item\":\"https:\/\/www.csj-emballages.com\/tienda\/\"},{\"@type\":\"ListItem\",\"position\":3,\"name\":\"Caja de pasteler\u00eda viennoiseries cristal 22 x 14 x 5 cm por 300\"}]},{\"@type\":\"WebSite\",\"@id\":\"https:\/\/www.csj-emballages.com\/es\/#website\",\"url\":\"https:\/\/www.csj-emballages.com\/es\/\",\"name\":\"CSJ Emballages\",\"description\":\"\",\"publisher\":{\"@id\":\"https:\/\/www.csj-emballages.com\/es\/#organization\"},\"potentialAction\":[{\"@type\":\"SearchAction\",\"target\":{\"@type\":\"EntryPoint\",\"urlTemplate\":\"https:\/\/www.csj-emballages.com\/es\/?s={search_term_string}\"},\"query-input\":{\"@type\":\"PropertyValueSpecification\",\"valueRequired\":true,\"valueName\":\"search_term_string\"}}],\"inLanguage\":\"es\"},{\"@type\":\"Organization\",\"@id\":\"https:\/\/www.csj-emballages.com\/es\/#Organization\/\",\"name\":\"CSJ Emballages\",\"url\":\"https:\/\/www.csj-emballages.com\/es\/\",\"logo\":{\"@type\":\"ImageObject\",\"inLanguage\":\"es\",\"@id\":\"https:\/\/www.csj-emballages.com\/es\/#\/schema\/logo\/image\/\",\"url\":\"https:\/\/www.csj-emballages.com\/wp-content\/uploads\/2023\/10\/logo_csj.webp\",\"contentUrl\":\"https:\/\/www.csj-emballages.com\/wp-content\/uploads\/2023\/10\/logo_csj.webp\",\"width\":250,\"height\":95,\"caption\":\"CSJ Emballages\"},\"image\":{\"@id\":\"https:\/\/www.csj-emballages.com\/es\/#\/schema\/logo\/image\/\"},\"sameAs\":[\"https:\/\/www.facebook.com\/csjemballages\"],\"address\":{\"@type\":\"PostalAddress\",\"streetAddress\":\"ZI La Lechere\",\"addressLocality\":\"Patornay\",\"postalCode\":\"39130\",\"addressCountry\":\"FR\"},\"contactPoint\":[{\"@type\":\"ContactPoint\",\"contactType\":\"Service client\",\"telephone\":\"0384254272\",\"email\":\"contact@csj-emballages.com\"}]}]}<\/script>\n<!-- \/ Yoast SEO Premium plugin. -->","yoast_head_json":{"title":"Caja de pl\u00e1stico para pasteles 22x14x5 cm x 300","description":"Descubra nuestra caja de pl\u00e1stico para pasteler\u00eda de 22x14x5 cm. Perfecta para grandes superficies o particulares.","robots":{"index":"index","follow":"follow","max-snippet":"max-snippet:-1","max-image-preview":"max-image-preview:large","max-video-preview":"max-video-preview:-1"},"canonical":"https:\/\/www.csj-emballages.com\/es\/produit\/300-pasteleras-con-bisagra-22-x-14-x-5-cm\/","og_locale":"es_ES","og_type":"article","og_title":"Caja de pasteler\u00eda viennoiseries cristal 22 x 14 x 5 cm por 300","og_description":"Descubra nuestra caja de pl\u00e1stico para pasteler\u00eda de 22x14x5 cm. Perfecta para grandes superficies o particulares.","og_url":"https:\/\/www.csj-emballages.com\/es\/produit\/300-pasteleras-con-bisagra-22-x-14-x-5-cm\/","og_site_name":"CSJ Emballages","article_publisher":"https:\/\/www.facebook.com\/csjemballages","article_modified_time":"2026-03-12T15:05:19+00:00","og_image":[{"width":800,"height":800,"url":"https:\/\/www.csj-emballages.com\/wp-content\/uploads\/2024\/07\/11BP50-1.webp","type":"image\/webp"}],"twitter_card":"summary_large_image","twitter_misc":{"Tiempo de lectura":"1 minuto"},"schema":{"@context":"https:\/\/schema.org","@graph":[{"@type":"WebPage","@id":"https:\/\/www.csj-emballages.com\/es\/produit\/300-pasteleras-con-bisagra-22-x-14-x-5-cm\/","url":"https:\/\/www.csj-emballages.com\/es\/produit\/300-pasteleras-con-bisagra-22-x-14-x-5-cm\/","name":"Caja de pl\u00e1stico para pasteles 22x14x5 cm x 300","isPartOf":{"@id":"https:\/\/www.csj-emballages.com\/es\/#website"},"primaryImageOfPage":{"@id":"https:\/\/www.csj-emballages.com\/es\/produit\/300-pasteleras-con-bisagra-22-x-14-x-5-cm\/#primaryimage"},"image":{"@id":"https:\/\/www.csj-emballages.com\/es\/produit\/300-pasteleras-con-bisagra-22-x-14-x-5-cm\/#primaryimage"},"thumbnailUrl":"https:\/\/www.csj-emballages.com\/wp-content\/uploads\/2024\/07\/11BP50-1.webp","datePublished":"2024-07-30T00:18:49+00:00","dateModified":"2026-03-12T15:05:19+00:00","description":"Descubra nuestra caja de pl\u00e1stico para pasteler\u00eda de 22x14x5 cm. Perfecta para grandes superficies o particulares.","breadcrumb":{"@id":"https:\/\/www.csj-emballages.com\/es\/produit\/300-pasteleras-con-bisagra-22-x-14-x-5-cm\/#breadcrumb"},"inLanguage":"es","potentialAction":[{"@type":"ReadAction","target":["https:\/\/www.csj-emballages.com\/es\/produit\/300-pasteleras-con-bisagra-22-x-14-x-5-cm\/"]}]},{"@type":"ImageObject","inLanguage":"es","@id":"https:\/\/www.csj-emballages.com\/es\/produit\/300-pasteleras-con-bisagra-22-x-14-x-5-cm\/#primaryimage","url":"https:\/\/www.csj-emballages.com\/wp-content\/uploads\/2024\/07\/11BP50-1.webp","contentUrl":"https:\/\/www.csj-emballages.com\/wp-content\/uploads\/2024\/07\/11BP50-1.webp","width":800,"height":800,"caption":"Boite p\u00e2tissi\u00e8re viennoiseries"},{"@type":"BreadcrumbList","@id":"https:\/\/www.csj-emballages.com\/es\/produit\/300-pasteleras-con-bisagra-22-x-14-x-5-cm\/#breadcrumb","itemListElement":[{"@type":"ListItem","position":1,"name":"Accueil","item":"https:\/\/www.csj-emballages.com\/es\/universo-del-envasado-alimentario\/"},{"@type":"ListItem","position":2,"name":"Tienda","item":"https:\/\/www.csj-emballages.com\/tienda\/"},{"@type":"ListItem","position":3,"name":"Caja de pasteler\u00eda viennoiseries cristal 22 x 14 x 5 cm por 300"}]},{"@type":"WebSite","@id":"https:\/\/www.csj-emballages.com\/es\/#website","url":"https:\/\/www.csj-emballages.com\/es\/","name":"CSJ Emballages","description":"","publisher":{"@id":"https:\/\/www.csj-emballages.com\/es\/#organization"},"potentialAction":[{"@type":"SearchAction","target":{"@type":"EntryPoint","urlTemplate":"https:\/\/www.csj-emballages.com\/es\/?s={search_term_string}"},"query-input":{"@type":"PropertyValueSpecification","valueRequired":true,"valueName":"search_term_string"}}],"inLanguage":"es"},{"@type":"Organization","@id":"https:\/\/www.csj-emballages.com\/es\/#Organization\/","name":"CSJ Emballages","url":"https:\/\/www.csj-emballages.com\/es\/","logo":{"@type":"ImageObject","inLanguage":"es","@id":"https:\/\/www.csj-emballages.com\/es\/#\/schema\/logo\/image\/","url":"https:\/\/www.csj-emballages.com\/wp-content\/uploads\/2023\/10\/logo_csj.webp","contentUrl":"https:\/\/www.csj-emballages.com\/wp-content\/uploads\/2023\/10\/logo_csj.webp","width":250,"height":95,"caption":"CSJ Emballages"},"image":{"@id":"https:\/\/www.csj-emballages.com\/es\/#\/schema\/logo\/image\/"},"sameAs":["https:\/\/www.facebook.com\/csjemballages"],"address":{"@type":"PostalAddress","streetAddress":"ZI La Lechere","addressLocality":"Patornay","postalCode":"39130","addressCountry":"FR"},"contactPoint":[{"@type":"ContactPoint","contactType":"Service client","telephone":"0384254272","email":"contact@csj-emballages.com"}]}]}},"df_price":54,"df_sale_price":54,"df_regular_price":60,"df_image_link":"https:\/\/www.csj-emballages.com\/wp-content\/uploads\/2024\/07\/11BP50-1-300x300.webp","tiered_pricing_type":"fixed","tiered_pricing_fixed_rules":[],"tiered_pricing_percentage_rules":[],"tiered_pricing_minimum":1,"tiered_pricing_roles_data":[],"_links":{"self":[{"href":"https:\/\/www.csj-emballages.com\/es\/wp-json\/wp\/v2\/product\/125862","targetHints":{"allow":["GET"]}}],"collection":[{"href":"https:\/\/www.csj-emballages.com\/es\/wp-json\/wp\/v2\/product"}],"about":[{"href":"https:\/\/www.csj-emballages.com\/es\/wp-json\/wp\/v2\/types\/product"}],"wp:featuredmedia":[{"embeddable":true,"href":"https:\/\/www.csj-emballages.com\/es\/wp-json\/wp\/v2\/media\/242371"}],"wp:attachment":[{"href":"https:\/\/www.csj-emballages.com\/es\/wp-json\/wp\/v2\/media?parent=125862"}],"wp:term":[{"taxonomy":"product_brand","embeddable":true,"href":"https:\/\/www.csj-emballages.com\/es\/wp-json\/wp\/v2\/product_brand?post=125862"},{"taxonomy":"product_cat","embeddable":true,"href":"https:\/\/www.csj-emballages.com\/es\/wp-json\/wp\/v2\/product_cat?post=125862"},{"taxonomy":"product_tag","embeddable":true,"href":"https:\/\/www.csj-emballages.com\/es\/wp-json\/wp\/v2\/product_tag?post=125862"}],"curies":[{"name":"wp","href":"https:\/\/api.w.org\/{rel}","templated":true}]}}