{"id":16423,"date":"2024-05-17T11:52:04","date_gmt":"2024-05-17T09:52:04","guid":{"rendered":"https:\/\/u15jnbdpoq.preview.infomaniak.website\/metodos-de-entrega\/"},"modified":"2024-06-11T17:01:52","modified_gmt":"2024-06-11T15:01:52","slug":"metodos-de-entrega","status":"publish","type":"page","link":"https:\/\/www.csj-emballages.com\/es\/metodos-de-entrega\/","title":{"rendered":"M\u00e9todos de entrega"},"content":{"rendered":"\t\t<div data-elementor-type=\"wp-page\" data-elementor-id=\"16423\" class=\"elementor elementor-16423 elementor-15441\" data-elementor-post-type=\"page\">\n\t\t\t\t<div class=\"elementor-element elementor-element-264c050 e-flex e-con-boxed e-con e-parent\" data-id=\"264c050\" data-element_type=\"container\">\n\t\t\t\t\t<div class=\"e-con-inner\">\n\t\t<div class=\"elementor-element elementor-element-258b67d e-con-full e-flex e-con e-child\" data-id=\"258b67d\" data-element_type=\"container\">\n\t\t\t\t<div class=\"elementor-element elementor-element-b4a6079 elementor-widget elementor-widget-heading\" data-id=\"b4a6079\" data-element_type=\"widget\" data-widget_type=\"heading.default\">\n\t\t\t\t<div class=\"elementor-widget-container\">\n\t\t\t\t\t<h2 class=\"elementor-heading-title elementor-size-default\">Plazos y formas de entrega<\/h2>\t\t\t\t<\/div>\n\t\t\t\t<\/div>\n\t\t\t\t<div class=\"elementor-element elementor-element-c55c36a elementor-widget elementor-widget-text-editor\" data-id=\"c55c36a\" data-element_type=\"widget\" data-widget_type=\"text-editor.default\">\n\t\t\t\t<div class=\"elementor-widget-container\">\n\t\t\t\t\t\t\t\t\t<div>Entrega en 48\/72h para todos los pedidos realizados en Francia, a domicilio o en un punto de relevo.<\/div>\n<div>Entrega en 3 a 5 d\u00edas laborables para todos los pedidos realizados en Europa.<\/div>\n<div>Entrega en un plazo de 7 a 20 d\u00edas laborables para los pedidos realizados en los departamentos y territorios franceses de ultramar.<\/div>\n<div>Para pedidos internacionales, ponte en contacto con nosotros.<\/div>\n\t\t\t\t\t\t\t\t<\/div>\n\t\t\t\t<\/div>\n\t\t\t\t<\/div>\n\t\t<div class=\"elementor-element elementor-element-750a39c e-con-full e-flex e-con e-child\" data-id=\"750a39c\" data-element_type=\"container\">\n\t\t\t\t<div class=\"elementor-element elementor-element-294c3dd elementor-widget elementor-widget-heading\" data-id=\"294c3dd\" data-element_type=\"widget\" data-widget_type=\"heading.default\">\n\t\t\t\t<div class=\"elementor-widget-container\">\n\t\t\t\t\t<h2 class=\"elementor-heading-title elementor-size-default\">Env\u00edo gratuito\n<\/h2>\t\t\t\t<\/div>\n\t\t\t\t<\/div>\n\t\t\t\t<div class=\"elementor-element elementor-element-6764bf7 elementor-widget elementor-widget-text-editor\" data-id=\"6764bf7\" data-element_type=\"widget\" data-widget_type=\"text-editor.default\">\n\t\t\t\t<div class=\"elementor-widget-container\">\n\t\t\t\t\t\t\t\t\t<div>Entrega gratuita para todos los pedidos superiores a 299 euros sin IVA en Francia, Espa\u00f1a y Portugal.<\/div>\n\t\t\t\t\t\t\t\t<\/div>\n\t\t\t\t<\/div>\n\t\t\t\t<\/div>\n\t\t\t\t\t<\/div>\n\t\t\t\t<\/div>\n\t\t<div class=\"elementor-element elementor-element-40ad797 e-flex e-con-boxed e-con e-parent\" data-id=\"40ad797\" data-element_type=\"container\" id=\"click-n-collect\">\n\t\t\t\t\t<div class=\"e-con-inner\">\n\t\t<div class=\"elementor-element elementor-element-2d1fe88 e-con-full e-flex e-con e-child\" data-id=\"2d1fe88\" data-element_type=\"container\">\n\t\t\t\t<div class=\"elementor-element elementor-element-648cf94 elementor-widget elementor-widget-google_maps\" data-id=\"648cf94\" data-element_type=\"widget\" data-widget_type=\"google_maps.default\">\n\t\t\t\t<div class=\"elementor-widget-container\">\n\t\t\t\t\t\t\t<div class=\"elementor-custom-embed\">\n\t\t\t<iframe loading=\"lazy\"\n\t\t\t\t\tsrc=\"https:\/\/maps.google.com\/maps?q=CSJ%20Emballages&#038;t=m&#038;z=10&#038;output=embed&#038;iwloc=near\"\n\t\t\t\t\ttitle=\"CSJ Emballages\"\n\t\t\t\t\taria-label=\"CSJ Emballages\"\n\t\t\t><\/iframe>\n\t\t<\/div>\n\t\t\t\t\t\t<\/div>\n\t\t\t\t<\/div>\n\t\t\t\t<\/div>\n\t\t<div class=\"elementor-element elementor-element-8252e13 e-con-full e-flex e-con e-child\" data-id=\"8252e13\" data-element_type=\"container\">\n\t\t\t\t<div class=\"elementor-element elementor-element-938ac36 elementor-widget elementor-widget-heading\" data-id=\"938ac36\" data-element_type=\"widget\" data-widget_type=\"heading.default\">\n\t\t\t\t<div class=\"elementor-widget-container\">\n\t\t\t\t\t<h2 class=\"elementor-heading-title elementor-size-default\">Haz clic y recoge<\/h2>\t\t\t\t<\/div>\n\t\t\t\t<\/div>\n\t\t\t\t<div class=\"elementor-element elementor-element-3eb1665 elementor-widget elementor-widget-text-editor\" data-id=\"3eb1665\" data-element_type=\"widget\" data-widget_type=\"text-editor.default\">\n\t\t\t\t<div class=\"elementor-widget-container\">\n\t\t\t\t\t\t\t\t\t<p>Haz tus compras en l\u00ednea y rec\u00f3gelas en la tienda: \u00a1es r\u00e1pido y f\u00e1cil!<br \/>Haces tu pedido en l\u00ednea, navegas por nuestro sitio y eliges la fecha y hora de recogida.<\/p>\n\t\t\t\t\t\t\t\t<\/div>\n\t\t\t\t<\/div>\n\t\t\t\t<\/div>\n\t\t\t\t\t<\/div>\n\t\t\t\t<\/div>\n\t\t<div class=\"elementor-element elementor-element-cee1339 e-flex e-con-boxed e-con e-parent\" data-id=\"cee1339\" data-element_type=\"container\">\n\t\t\t\t\t<div class=\"e-con-inner\">\n\t\t\t\t<div class=\"elementor-element elementor-element-4a24ccd elementor-widget elementor-widget-heading\" data-id=\"4a24ccd\" data-element_type=\"widget\" data-widget_type=\"heading.default\">\n\t\t\t\t<div class=\"elementor-widget-container\">\n\t\t\t\t\t<h2 class=\"elementor-heading-title elementor-size-default\">Procedimiento de aceptaci\u00f3n<\/h2>\t\t\t\t<\/div>\n\t\t\t\t<\/div>\n\t\t\t\t<div class=\"elementor-element elementor-element-903f90c elementor-widget elementor-widget-text-editor\" data-id=\"903f90c\" data-element_type=\"widget\" data-widget_type=\"text-editor.default\">\n\t\t\t\t<div class=\"elementor-widget-container\">\n\t\t\t\t\t\t\t\t\t<div>Verificaci\u00f3n del estado del paquete por el comprador en el momento de la entrega:<\/div>\n<div>Recomendamos al comprador que compruebe el paquete en el momento de la entrega (contenido, conformidad y estado del paquete o paquetes). A su llegada, el paquete debe ser revisado por el comprador, que debe abrirlo y comprobarlo en presencia del transportista antes de firmar el acuse de recibo. Si el paquete y\/o los productos est\u00e1n da\u00f1ados (restos de agua, golpes, quemaduras, etc.), te aconsejamos que rechaces el paquete escribiendo reservas manuscritas precisas, fechadas y firmadas en el albar\u00e1n de entrega y que en \u00e9l figure la menci\u00f3n \u00abpaquete rechazado por estar da\u00f1ado\u00bb. Adem\u00e1s, si el paquete presenta signos de haber sido abierto y faltan uno o varios objetos, tambi\u00e9n debes rechazarlo y redactar un informe de expoliaci\u00f3n con el repartidor.  <\/div>\n\t\t\t\t\t\t\t\t<\/div>\n\t\t\t\t<\/div>\n\t\t\t\t\t<\/div>\n\t\t\t\t<\/div>\n\t\t<div class=\"elementor-element elementor-element-9966ada e-flex e-con-boxed e-con e-parent\" data-id=\"9966ada\" data-element_type=\"container\">\n\t\t\t\t\t<div class=\"e-con-inner\">\n\t\t\t\t\t<\/div>\n\t\t\t\t<\/div>\n\t\t\t\t<\/div>\n\t\t","protected":false},"excerpt":{"rendered":"<p>Plazos y formas de entrega Entrega en 48\/72h para todos los pedidos realizados en Francia, a domicilio o en un punto de relevo. Entrega en 3 a 5 d\u00edas laborables para todos los pedidos realizados en Europa. Entrega en un plazo de 7 a 20 d\u00edas laborables para los pedidos realizados en los departamentos y [&hellip;]<\/p>\n","protected":false},"author":1,"featured_media":0,"parent":0,"menu_order":0,"comment_status":"closed","ping_status":"closed","template":"","meta":{"_acf_changed":false,"footnotes":""},"categories":[],"tags":[],"class_list":["post-16423","page","type-page","status-publish","hentry"],"acf":[],"yoast_head":"<!-- This site is optimized with the Yoast SEO Premium plugin v26.6 (Yoast SEO v26.6) - https:\/\/yoast.com\/wordpress\/plugins\/seo\/ -->\n<title>M\u00e9todos de entrega - CSJ Emballages<\/title>\n<meta name=\"robots\" content=\"index, follow, max-snippet:-1, max-image-preview:large, max-video-preview:-1\" \/>\n<link rel=\"canonical\" href=\"https:\/\/www.csj-emballages.com\/es\/metodos-de-entrega\/\" \/>\n<meta property=\"og:locale\" content=\"es_ES\" \/>\n<meta property=\"og:type\" content=\"article\" \/>\n<meta property=\"og:title\" content=\"M\u00e9todos de entrega\" \/>\n<meta property=\"og:description\" content=\"Plazos y formas de entrega Entrega en 48\/72h para todos los pedidos realizados en Francia, a domicilio o en un punto de relevo. Entrega en 3 a 5 d\u00edas laborables para todos los pedidos realizados en Europa. Entrega en un plazo de 7 a 20 d\u00edas laborables para los pedidos realizados en los departamentos y [&hellip;]\" \/>\n<meta property=\"og:url\" content=\"https:\/\/www.csj-emballages.com\/es\/metodos-de-entrega\/\" \/>\n<meta property=\"og:site_name\" content=\"CSJ Emballages\" \/>\n<meta property=\"article:publisher\" content=\"https:\/\/www.facebook.com\/csjemballages\" \/>\n<meta property=\"article:modified_time\" content=\"2024-06-11T15:01:52+00:00\" \/>\n<meta name=\"twitter:card\" content=\"summary_large_image\" \/>\n<meta name=\"twitter:label1\" content=\"Tiempo de lectura\" \/>\n\t<meta name=\"twitter:data1\" content=\"1 minuto\" \/>\n<script type=\"application\/ld+json\" class=\"yoast-schema-graph\">{\"@context\":\"https:\/\/schema.org\",\"@graph\":[{\"@type\":\"WebPage\",\"@id\":\"https:\/\/www.csj-emballages.com\/es\/metodos-de-entrega\/\",\"url\":\"https:\/\/www.csj-emballages.com\/es\/metodos-de-entrega\/\",\"name\":\"M\u00e9todos de entrega - CSJ Emballages\",\"isPartOf\":{\"@id\":\"https:\/\/www.csj-emballages.com\/es\/#website\"},\"datePublished\":\"2024-05-17T09:52:04+00:00\",\"dateModified\":\"2024-06-11T15:01:52+00:00\",\"breadcrumb\":{\"@id\":\"https:\/\/www.csj-emballages.com\/es\/metodos-de-entrega\/#breadcrumb\"},\"inLanguage\":\"es\",\"potentialAction\":[{\"@type\":\"ReadAction\",\"target\":[\"https:\/\/www.csj-emballages.com\/es\/metodos-de-entrega\/\"]}]},{\"@type\":\"BreadcrumbList\",\"@id\":\"https:\/\/www.csj-emballages.com\/es\/metodos-de-entrega\/#breadcrumb\",\"itemListElement\":[{\"@type\":\"ListItem\",\"position\":1,\"name\":\"Accueil\",\"item\":\"https:\/\/www.csj-emballages.com\/es\/universo-del-envasado-alimentario\/\"},{\"@type\":\"ListItem\",\"position\":2,\"name\":\"M\u00e9todos de entrega\"}]},{\"@type\":\"WebSite\",\"@id\":\"https:\/\/www.csj-emballages.com\/es\/#website\",\"url\":\"https:\/\/www.csj-emballages.com\/es\/\",\"name\":\"CSJ Emballages\",\"description\":\"\",\"publisher\":{\"@id\":\"https:\/\/www.csj-emballages.com\/es\/#organization\"},\"potentialAction\":[{\"@type\":\"SearchAction\",\"target\":{\"@type\":\"EntryPoint\",\"urlTemplate\":\"https:\/\/www.csj-emballages.com\/es\/?s={search_term_string}\"},\"query-input\":{\"@type\":\"PropertyValueSpecification\",\"valueRequired\":true,\"valueName\":\"search_term_string\"}}],\"inLanguage\":\"es\"},{\"@type\":\"Organization\",\"@id\":\"https:\/\/www.csj-emballages.com\/es\/#Organization\/\",\"name\":\"CSJ Emballages\",\"url\":\"https:\/\/www.csj-emballages.com\/es\/\",\"logo\":{\"@type\":\"ImageObject\",\"inLanguage\":\"es\",\"@id\":\"https:\/\/www.csj-emballages.com\/es\/#\/schema\/logo\/image\/\",\"url\":\"https:\/\/www.csj-emballages.com\/wp-content\/uploads\/2023\/10\/logo_csj.webp\",\"contentUrl\":\"https:\/\/www.csj-emballages.com\/wp-content\/uploads\/2023\/10\/logo_csj.webp\",\"width\":250,\"height\":95,\"caption\":\"CSJ Emballages\"},\"image\":{\"@id\":\"https:\/\/www.csj-emballages.com\/es\/#\/schema\/logo\/image\/\"},\"sameAs\":[\"https:\/\/www.facebook.com\/csjemballages\"],\"address\":{\"@type\":\"PostalAddress\",\"streetAddress\":\"ZI La Lechere\",\"addressLocality\":\"Patornay\",\"postalCode\":\"39130\",\"addressCountry\":\"FR\"},\"contactPoint\":[{\"@type\":\"ContactPoint\",\"contactType\":\"Service client\",\"telephone\":\"0384254272\",\"email\":\"contact@csj-emballages.com\"}]}]}<\/script>\n<!-- \/ Yoast SEO Premium plugin. -->","yoast_head_json":{"title":"M\u00e9todos de entrega - CSJ Emballages","robots":{"index":"index","follow":"follow","max-snippet":"max-snippet:-1","max-image-preview":"max-image-preview:large","max-video-preview":"max-video-preview:-1"},"canonical":"https:\/\/www.csj-emballages.com\/es\/metodos-de-entrega\/","og_locale":"es_ES","og_type":"article","og_title":"M\u00e9todos de entrega","og_description":"Plazos y formas de entrega Entrega en 48\/72h para todos los pedidos realizados en Francia, a domicilio o en un punto de relevo. Entrega en 3 a 5 d\u00edas laborables para todos los pedidos realizados en Europa. Entrega en un plazo de 7 a 20 d\u00edas laborables para los pedidos realizados en los departamentos y [&hellip;]","og_url":"https:\/\/www.csj-emballages.com\/es\/metodos-de-entrega\/","og_site_name":"CSJ Emballages","article_publisher":"https:\/\/www.facebook.com\/csjemballages","article_modified_time":"2024-06-11T15:01:52+00:00","twitter_card":"summary_large_image","twitter_misc":{"Tiempo de lectura":"1 minuto"},"schema":{"@context":"https:\/\/schema.org","@graph":[{"@type":"WebPage","@id":"https:\/\/www.csj-emballages.com\/es\/metodos-de-entrega\/","url":"https:\/\/www.csj-emballages.com\/es\/metodos-de-entrega\/","name":"M\u00e9todos de entrega - CSJ Emballages","isPartOf":{"@id":"https:\/\/www.csj-emballages.com\/es\/#website"},"datePublished":"2024-05-17T09:52:04+00:00","dateModified":"2024-06-11T15:01:52+00:00","breadcrumb":{"@id":"https:\/\/www.csj-emballages.com\/es\/metodos-de-entrega\/#breadcrumb"},"inLanguage":"es","potentialAction":[{"@type":"ReadAction","target":["https:\/\/www.csj-emballages.com\/es\/metodos-de-entrega\/"]}]},{"@type":"BreadcrumbList","@id":"https:\/\/www.csj-emballages.com\/es\/metodos-de-entrega\/#breadcrumb","itemListElement":[{"@type":"ListItem","position":1,"name":"Accueil","item":"https:\/\/www.csj-emballages.com\/es\/universo-del-envasado-alimentario\/"},{"@type":"ListItem","position":2,"name":"M\u00e9todos de entrega"}]},{"@type":"WebSite","@id":"https:\/\/www.csj-emballages.com\/es\/#website","url":"https:\/\/www.csj-emballages.com\/es\/","name":"CSJ Emballages","description":"","publisher":{"@id":"https:\/\/www.csj-emballages.com\/es\/#organization"},"potentialAction":[{"@type":"SearchAction","target":{"@type":"EntryPoint","urlTemplate":"https:\/\/www.csj-emballages.com\/es\/?s={search_term_string}"},"query-input":{"@type":"PropertyValueSpecification","valueRequired":true,"valueName":"search_term_string"}}],"inLanguage":"es"},{"@type":"Organization","@id":"https:\/\/www.csj-emballages.com\/es\/#Organization\/","name":"CSJ Emballages","url":"https:\/\/www.csj-emballages.com\/es\/","logo":{"@type":"ImageObject","inLanguage":"es","@id":"https:\/\/www.csj-emballages.com\/es\/#\/schema\/logo\/image\/","url":"https:\/\/www.csj-emballages.com\/wp-content\/uploads\/2023\/10\/logo_csj.webp","contentUrl":"https:\/\/www.csj-emballages.com\/wp-content\/uploads\/2023\/10\/logo_csj.webp","width":250,"height":95,"caption":"CSJ Emballages"},"image":{"@id":"https:\/\/www.csj-emballages.com\/es\/#\/schema\/logo\/image\/"},"sameAs":["https:\/\/www.facebook.com\/csjemballages"],"address":{"@type":"PostalAddress","streetAddress":"ZI La Lechere","addressLocality":"Patornay","postalCode":"39130","addressCountry":"FR"},"contactPoint":[{"@type":"ContactPoint","contactType":"Service client","telephone":"0384254272","email":"contact@csj-emballages.com"}]}]}},"_links":{"self":[{"href":"https:\/\/www.csj-emballages.com\/es\/wp-json\/wp\/v2\/pages\/16423","targetHints":{"allow":["GET"]}}],"collection":[{"href":"https:\/\/www.csj-emballages.com\/es\/wp-json\/wp\/v2\/pages"}],"about":[{"href":"https:\/\/www.csj-emballages.com\/es\/wp-json\/wp\/v2\/types\/page"}],"author":[{"embeddable":true,"href":"https:\/\/www.csj-emballages.com\/es\/wp-json\/wp\/v2\/users\/1"}],"replies":[{"embeddable":true,"href":"https:\/\/www.csj-emballages.com\/es\/wp-json\/wp\/v2\/comments?post=16423"}],"version-history":[{"count":2,"href":"https:\/\/www.csj-emballages.com\/es\/wp-json\/wp\/v2\/pages\/16423\/revisions"}],"predecessor-version":[{"id":24334,"href":"https:\/\/www.csj-emballages.com\/es\/wp-json\/wp\/v2\/pages\/16423\/revisions\/24334"}],"wp:attachment":[{"href":"https:\/\/www.csj-emballages.com\/es\/wp-json\/wp\/v2\/media?parent=16423"}],"wp:term":[{"taxonomy":"category","embeddable":true,"href":"https:\/\/www.csj-emballages.com\/es\/wp-json\/wp\/v2\/categories?post=16423"},{"taxonomy":"post_tag","embeddable":true,"href":"https:\/\/www.csj-emballages.com\/es\/wp-json\/wp\/v2\/tags?post=16423"}],"curies":[{"name":"wp","href":"https:\/\/api.w.org\/{rel}","templated":true}]}}