{"id":16415,"date":"2024-05-17T13:47:10","date_gmt":"2024-05-17T11:47:10","guid":{"rendered":"https:\/\/u15jnbdpoq.preview.infomaniak.website\/formas-de-pago\/"},"modified":"2024-06-03T18:37:18","modified_gmt":"2024-06-03T16:37:18","slug":"formas-de-pago","status":"publish","type":"page","link":"https:\/\/www.csj-emballages.com\/es\/formas-de-pago\/","title":{"rendered":"Formas de pago"},"content":{"rendered":"\t\t<div data-elementor-type=\"wp-page\" data-elementor-id=\"16415\" class=\"elementor elementor-16415 elementor-15468\" data-elementor-post-type=\"page\">\n\t\t\t\t<div class=\"elementor-element elementor-element-a801208 e-flex e-con-boxed e-con e-parent\" data-id=\"a801208\" data-element_type=\"container\">\n\t\t\t\t\t<div class=\"e-con-inner\">\n\t\t<div class=\"elementor-element elementor-element-3b71b79 e-con-full e-flex e-con e-child\" data-id=\"3b71b79\" data-element_type=\"container\">\n\t\t\t\t<div class=\"elementor-element elementor-element-520b338 elementor-widget elementor-widget-heading\" data-id=\"520b338\" data-element_type=\"widget\" data-widget_type=\"heading.default\">\n\t\t\t\t<div class=\"elementor-widget-container\">\n\t\t\t\t\t<h2 class=\"elementor-heading-title elementor-size-default\">Tarjeta de cr\u00e9dito<\/h2>\t\t\t\t<\/div>\n\t\t\t\t<\/div>\n\t\t\t\t<div class=\"elementor-element elementor-element-136e96f elementor-widget elementor-widget-text-editor\" data-id=\"136e96f\" data-element_type=\"widget\" data-widget_type=\"text-editor.default\">\n\t\t\t\t<div class=\"elementor-widget-container\">\n\t\t\t\t\t\t\t\t\t<p>Las tarjetas aceptadas son CB, Visa, MasterCard y e-Carte Bleue.<\/p>\n\t\t\t\t\t\t\t\t<\/div>\n\t\t\t\t<\/div>\n\t\t\t\t<\/div>\n\t\t<div class=\"elementor-element elementor-element-0eb0e0b e-con-full e-flex e-con e-child\" data-id=\"0eb0e0b\" data-element_type=\"container\">\n\t\t\t\t<div class=\"elementor-element elementor-element-10283e8 elementor-widget elementor-widget-heading\" data-id=\"10283e8\" data-element_type=\"widget\" data-widget_type=\"heading.default\">\n\t\t\t\t<div class=\"elementor-widget-container\">\n\t\t\t\t\t<h2 class=\"elementor-heading-title elementor-size-default\">Transferencia bancaria<\/h2>\t\t\t\t<\/div>\n\t\t\t\t<\/div>\n\t\t\t\t<div class=\"elementor-element elementor-element-68aaa0e elementor-widget elementor-widget-text-editor\" data-id=\"68aaa0e\" data-element_type=\"widget\" data-widget_type=\"text-editor.default\">\n\t\t\t\t<div class=\"elementor-widget-container\">\n\t\t\t\t\t\t\t\t\t<p>Elige el m\u00e9todo de pago \u00abtransferencia bancaria\u00bb al final del pedido. Si no se realiza ninguna transferencia a nuestra cuenta en un plazo de 8 d\u00edas, el pedido se cancelar\u00e1.<\/p>\n\t\t\t\t\t\t\t\t<\/div>\n\t\t\t\t<\/div>\n\t\t\t\t<\/div>\n\t\t\t\t\t<\/div>\n\t\t\t\t<\/div>\n\t\t<div class=\"elementor-element elementor-element-b102dc8 e-flex e-con-boxed e-con e-parent\" data-id=\"b102dc8\" data-element_type=\"container\">\n\t\t\t\t\t<div class=\"e-con-inner\">\n\t\t<div class=\"elementor-element elementor-element-29fa036 e-con-full e-flex e-con e-child\" data-id=\"29fa036\" data-element_type=\"container\">\n\t\t\t\t<div class=\"elementor-element elementor-element-4a9167a elementor-widget elementor-widget-heading\" data-id=\"4a9167a\" data-element_type=\"widget\" data-widget_type=\"heading.default\">\n\t\t\t\t<div class=\"elementor-widget-container\">\n\t\t\t\t\t<h2 class=\"elementor-heading-title elementor-size-default\">Mandato administrativo<\/h2>\t\t\t\t<\/div>\n\t\t\t\t<\/div>\n\t\t\t\t<div class=\"elementor-element elementor-element-a7b8cd8 elementor-widget elementor-widget-text-editor\" data-id=\"a7b8cd8\" data-element_type=\"widget\" data-widget_type=\"text-editor.default\">\n\t\t\t\t<div class=\"elementor-widget-container\">\n\t\t\t\t\t\t\t\t\t<p>El pago por orden administrativa est\u00e1 reservado exclusivamente a los departamentos gubernamentales y a las autoridades locales.<\/p>\n<p>Para realizar tu compra por giro postal, s\u00f3lo tienes que elegir esta forma de pago al confirmar tu compra. A continuaci\u00f3n, se te dirigir\u00e1 a una p\u00e1gina de confirmaci\u00f3n en la que se te recordar\u00e1 la lista de informaci\u00f3n y documentos que debes enviarnos:<\/p>\n<ul>\n<li>El n\u00famero de tu pedido en nuestro sitio<\/li>\n<li>Tu hoja de pedido o de compromiso<\/li>\n<li>Tu referencia interna de pedido<\/li>\n<li>El visado de la persona autorizada por la organizaci\u00f3n<\/li>\n<li>Confirma la direcci\u00f3n de entrega<\/li>\n<\/ul>\n<p><strong>\u00bfD\u00f3nde puedo encontrar la referencia de mi pedido?<\/strong><\/p>\n<p>Para tu compra, se te pedir\u00e1 una hoja de pedido o un presupuesto del material que necesites. Utiliza la referencia de esta hoja de pedido o presupuesto para confirmar tu compra en nuestro sitio web.<\/p>\n<p><strong>\u00bfA qui\u00e9n debo enviar los documentos solicitados al validar mi pedido en l\u00ednea?<\/strong><\/p>\n<p>Estos documentos deben devolv\u00e9rsenos por correo electr\u00f3nico, firmados y sellados:<\/p>\n<ul>\n<li>Correo electr\u00f3nico a: contact@csj-emballages.com (con el n\u00famero de pedido en el asunto)<\/li>\n<\/ul>\n\t\t\t\t\t\t\t\t<\/div>\n\t\t\t\t<\/div>\n\t\t\t\t<\/div>\n\t\t\t\t\t<\/div>\n\t\t\t\t<\/div>\n\t\t\t\t<\/div>\n\t\t","protected":false},"excerpt":{"rendered":"<p>Tarjeta de cr\u00e9dito Las tarjetas aceptadas son CB, Visa, MasterCard y e-Carte Bleue. Transferencia bancaria Elige el m\u00e9todo de pago \u00abtransferencia bancaria\u00bb al final del pedido. Si no se realiza ninguna transferencia a nuestra cuenta en un plazo de 8 d\u00edas, el pedido se cancelar\u00e1. Mandato administrativo El pago por orden administrativa est\u00e1 reservado exclusivamente [&hellip;]<\/p>\n","protected":false},"author":1,"featured_media":0,"parent":0,"menu_order":0,"comment_status":"closed","ping_status":"closed","template":"","meta":{"_acf_changed":false,"footnotes":""},"categories":[],"tags":[],"class_list":["post-16415","page","type-page","status-publish","hentry"],"acf":[],"yoast_head":"<!-- This site is optimized with the Yoast SEO Premium plugin v26.6 (Yoast SEO v26.6) - https:\/\/yoast.com\/wordpress\/plugins\/seo\/ -->\n<title>Formas de pago - CSJ Emballages<\/title>\n<meta name=\"robots\" content=\"index, follow, max-snippet:-1, max-image-preview:large, max-video-preview:-1\" \/>\n<link rel=\"canonical\" href=\"https:\/\/www.csj-emballages.com\/es\/formas-de-pago\/\" \/>\n<meta property=\"og:locale\" content=\"es_ES\" \/>\n<meta property=\"og:type\" content=\"article\" \/>\n<meta property=\"og:title\" content=\"Formas de pago\" \/>\n<meta property=\"og:description\" content=\"Tarjeta de cr\u00e9dito Las tarjetas aceptadas son CB, Visa, MasterCard y e-Carte Bleue. Transferencia bancaria Elige el m\u00e9todo de pago \u00abtransferencia bancaria\u00bb al final del pedido. Si no se realiza ninguna transferencia a nuestra cuenta en un plazo de 8 d\u00edas, el pedido se cancelar\u00e1. Mandato administrativo El pago por orden administrativa est\u00e1 reservado exclusivamente [&hellip;]\" \/>\n<meta property=\"og:url\" content=\"https:\/\/www.csj-emballages.com\/es\/formas-de-pago\/\" \/>\n<meta property=\"og:site_name\" content=\"CSJ Emballages\" \/>\n<meta property=\"article:publisher\" content=\"https:\/\/www.facebook.com\/csjemballages\" \/>\n<meta property=\"article:modified_time\" content=\"2024-06-03T16:37:18+00:00\" \/>\n<meta name=\"twitter:card\" content=\"summary_large_image\" \/>\n<meta name=\"twitter:label1\" content=\"Tiempo de lectura\" \/>\n\t<meta name=\"twitter:data1\" content=\"1 minuto\" \/>\n<script type=\"application\/ld+json\" class=\"yoast-schema-graph\">{\"@context\":\"https:\/\/schema.org\",\"@graph\":[{\"@type\":\"WebPage\",\"@id\":\"https:\/\/www.csj-emballages.com\/es\/formas-de-pago\/\",\"url\":\"https:\/\/www.csj-emballages.com\/es\/formas-de-pago\/\",\"name\":\"Formas de pago - CSJ Emballages\",\"isPartOf\":{\"@id\":\"https:\/\/www.csj-emballages.com\/es\/#website\"},\"datePublished\":\"2024-05-17T11:47:10+00:00\",\"dateModified\":\"2024-06-03T16:37:18+00:00\",\"breadcrumb\":{\"@id\":\"https:\/\/www.csj-emballages.com\/es\/formas-de-pago\/#breadcrumb\"},\"inLanguage\":\"es\",\"potentialAction\":[{\"@type\":\"ReadAction\",\"target\":[\"https:\/\/www.csj-emballages.com\/es\/formas-de-pago\/\"]}]},{\"@type\":\"BreadcrumbList\",\"@id\":\"https:\/\/www.csj-emballages.com\/es\/formas-de-pago\/#breadcrumb\",\"itemListElement\":[{\"@type\":\"ListItem\",\"position\":1,\"name\":\"Accueil\",\"item\":\"https:\/\/www.csj-emballages.com\/es\/universo-del-envasado-alimentario\/\"},{\"@type\":\"ListItem\",\"position\":2,\"name\":\"Formas de pago\"}]},{\"@type\":\"WebSite\",\"@id\":\"https:\/\/www.csj-emballages.com\/es\/#website\",\"url\":\"https:\/\/www.csj-emballages.com\/es\/\",\"name\":\"CSJ Emballages\",\"description\":\"\",\"publisher\":{\"@id\":\"https:\/\/www.csj-emballages.com\/es\/#organization\"},\"potentialAction\":[{\"@type\":\"SearchAction\",\"target\":{\"@type\":\"EntryPoint\",\"urlTemplate\":\"https:\/\/www.csj-emballages.com\/es\/?s={search_term_string}\"},\"query-input\":{\"@type\":\"PropertyValueSpecification\",\"valueRequired\":true,\"valueName\":\"search_term_string\"}}],\"inLanguage\":\"es\"},{\"@type\":\"Organization\",\"@id\":\"https:\/\/www.csj-emballages.com\/es\/#Organization\/\",\"name\":\"CSJ Emballages\",\"url\":\"https:\/\/www.csj-emballages.com\/es\/\",\"logo\":{\"@type\":\"ImageObject\",\"inLanguage\":\"es\",\"@id\":\"https:\/\/www.csj-emballages.com\/es\/#\/schema\/logo\/image\/\",\"url\":\"https:\/\/www.csj-emballages.com\/wp-content\/uploads\/2023\/10\/logo_csj.webp\",\"contentUrl\":\"https:\/\/www.csj-emballages.com\/wp-content\/uploads\/2023\/10\/logo_csj.webp\",\"width\":250,\"height\":95,\"caption\":\"CSJ Emballages\"},\"image\":{\"@id\":\"https:\/\/www.csj-emballages.com\/es\/#\/schema\/logo\/image\/\"},\"sameAs\":[\"https:\/\/www.facebook.com\/csjemballages\"],\"address\":{\"@type\":\"PostalAddress\",\"streetAddress\":\"ZI La Lechere\",\"addressLocality\":\"Patornay\",\"postalCode\":\"39130\",\"addressCountry\":\"FR\"},\"contactPoint\":[{\"@type\":\"ContactPoint\",\"contactType\":\"Service client\",\"telephone\":\"0384254272\",\"email\":\"contact@csj-emballages.com\"}]}]}<\/script>\n<!-- \/ Yoast SEO Premium plugin. -->","yoast_head_json":{"title":"Formas de pago - CSJ Emballages","robots":{"index":"index","follow":"follow","max-snippet":"max-snippet:-1","max-image-preview":"max-image-preview:large","max-video-preview":"max-video-preview:-1"},"canonical":"https:\/\/www.csj-emballages.com\/es\/formas-de-pago\/","og_locale":"es_ES","og_type":"article","og_title":"Formas de pago","og_description":"Tarjeta de cr\u00e9dito Las tarjetas aceptadas son CB, Visa, MasterCard y e-Carte Bleue. Transferencia bancaria Elige el m\u00e9todo de pago \u00abtransferencia bancaria\u00bb al final del pedido. Si no se realiza ninguna transferencia a nuestra cuenta en un plazo de 8 d\u00edas, el pedido se cancelar\u00e1. Mandato administrativo El pago por orden administrativa est\u00e1 reservado exclusivamente [&hellip;]","og_url":"https:\/\/www.csj-emballages.com\/es\/formas-de-pago\/","og_site_name":"CSJ Emballages","article_publisher":"https:\/\/www.facebook.com\/csjemballages","article_modified_time":"2024-06-03T16:37:18+00:00","twitter_card":"summary_large_image","twitter_misc":{"Tiempo de lectura":"1 minuto"},"schema":{"@context":"https:\/\/schema.org","@graph":[{"@type":"WebPage","@id":"https:\/\/www.csj-emballages.com\/es\/formas-de-pago\/","url":"https:\/\/www.csj-emballages.com\/es\/formas-de-pago\/","name":"Formas de pago - CSJ Emballages","isPartOf":{"@id":"https:\/\/www.csj-emballages.com\/es\/#website"},"datePublished":"2024-05-17T11:47:10+00:00","dateModified":"2024-06-03T16:37:18+00:00","breadcrumb":{"@id":"https:\/\/www.csj-emballages.com\/es\/formas-de-pago\/#breadcrumb"},"inLanguage":"es","potentialAction":[{"@type":"ReadAction","target":["https:\/\/www.csj-emballages.com\/es\/formas-de-pago\/"]}]},{"@type":"BreadcrumbList","@id":"https:\/\/www.csj-emballages.com\/es\/formas-de-pago\/#breadcrumb","itemListElement":[{"@type":"ListItem","position":1,"name":"Accueil","item":"https:\/\/www.csj-emballages.com\/es\/universo-del-envasado-alimentario\/"},{"@type":"ListItem","position":2,"name":"Formas de pago"}]},{"@type":"WebSite","@id":"https:\/\/www.csj-emballages.com\/es\/#website","url":"https:\/\/www.csj-emballages.com\/es\/","name":"CSJ Emballages","description":"","publisher":{"@id":"https:\/\/www.csj-emballages.com\/es\/#organization"},"potentialAction":[{"@type":"SearchAction","target":{"@type":"EntryPoint","urlTemplate":"https:\/\/www.csj-emballages.com\/es\/?s={search_term_string}"},"query-input":{"@type":"PropertyValueSpecification","valueRequired":true,"valueName":"search_term_string"}}],"inLanguage":"es"},{"@type":"Organization","@id":"https:\/\/www.csj-emballages.com\/es\/#Organization\/","name":"CSJ Emballages","url":"https:\/\/www.csj-emballages.com\/es\/","logo":{"@type":"ImageObject","inLanguage":"es","@id":"https:\/\/www.csj-emballages.com\/es\/#\/schema\/logo\/image\/","url":"https:\/\/www.csj-emballages.com\/wp-content\/uploads\/2023\/10\/logo_csj.webp","contentUrl":"https:\/\/www.csj-emballages.com\/wp-content\/uploads\/2023\/10\/logo_csj.webp","width":250,"height":95,"caption":"CSJ Emballages"},"image":{"@id":"https:\/\/www.csj-emballages.com\/es\/#\/schema\/logo\/image\/"},"sameAs":["https:\/\/www.facebook.com\/csjemballages"],"address":{"@type":"PostalAddress","streetAddress":"ZI La Lechere","addressLocality":"Patornay","postalCode":"39130","addressCountry":"FR"},"contactPoint":[{"@type":"ContactPoint","contactType":"Service client","telephone":"0384254272","email":"contact@csj-emballages.com"}]}]}},"_links":{"self":[{"href":"https:\/\/www.csj-emballages.com\/es\/wp-json\/wp\/v2\/pages\/16415","targetHints":{"allow":["GET"]}}],"collection":[{"href":"https:\/\/www.csj-emballages.com\/es\/wp-json\/wp\/v2\/pages"}],"about":[{"href":"https:\/\/www.csj-emballages.com\/es\/wp-json\/wp\/v2\/types\/page"}],"author":[{"embeddable":true,"href":"https:\/\/www.csj-emballages.com\/es\/wp-json\/wp\/v2\/users\/1"}],"replies":[{"embeddable":true,"href":"https:\/\/www.csj-emballages.com\/es\/wp-json\/wp\/v2\/comments?post=16415"}],"version-history":[{"count":1,"href":"https:\/\/www.csj-emballages.com\/es\/wp-json\/wp\/v2\/pages\/16415\/revisions"}],"predecessor-version":[{"id":16416,"href":"https:\/\/www.csj-emballages.com\/es\/wp-json\/wp\/v2\/pages\/16415\/revisions\/16416"}],"wp:attachment":[{"href":"https:\/\/www.csj-emballages.com\/es\/wp-json\/wp\/v2\/media?parent=16415"}],"wp:term":[{"taxonomy":"category","embeddable":true,"href":"https:\/\/www.csj-emballages.com\/es\/wp-json\/wp\/v2\/categories?post=16415"},{"taxonomy":"post_tag","embeddable":true,"href":"https:\/\/www.csj-emballages.com\/es\/wp-json\/wp\/v2\/tags?post=16415"}],"curies":[{"name":"wp","href":"https:\/\/api.w.org\/{rel}","templated":true}]}}