{"id":22998,"date":"2024-03-01T16:50:14","date_gmt":"2024-03-01T15:50:14","guid":{"rendered":"https:\/\/u15jnbdpoq.preview.infomaniak.website\/produit\/100-disposable-oval-aluminium-ramekins-260-ml\/"},"modified":"2026-04-29T02:17:10","modified_gmt":"2026-04-29T00:17:10","slug":"100-disposable-oval-aluminium-ramekins-260-ml","status":"publish","type":"product","link":"https:\/\/www.csj-emballages.com\/en\/produit\/100-disposable-oval-aluminium-ramekins-260-ml\/","title":{"rendered":"Oval aluminum ramekin, 260 ml, pack of 100"},"content":{"rendered":"<h2 class=\"p1\">Aluminum stanchion<\/h2>\n<hr>\n<h3>Description of our oval aluminium ramekin 260 ml per 100<\/h3>\n<p><!--more--><\/p>\n<p data-start=\"28\" data-end=\"639\">Ideal for caterers, restaurateurs and private individuals, this <strong data-start=\"96\" data-end=\"131\">260 ml oval aluminum ramekin<\/strong> is perfect for cooking, presenting and transporting your preparations. Its <strong data-start=\"217\" data-end=\"241\">elegant oval shape<\/strong> makes for a neat and original presentation. Designed to withstand high temperatures, it is compatible with the traditional oven, guaranteeing even cooking of your dishes. Its aluminum material ensures excellent heat conduction, ideal for individual gratins, cr\u00e8me br\u00fbl\u00e9es, desserts or individual portions of hot and cold dishes.   <\/p>\n<p data-start=\"641\" data-end=\"971\">Thanks to its lightness and sturdiness, this ramekin is perfect for takeaway sales and fast-food services. Sold in <strong data-start=\"876\" data-end=\"890\">packs of 100<\/strong>, it meets the needs of professionals concerned with efficiency and quality. <\/p>\n<p><!--more--><\/p>\n<h4>Advantages :<\/h4>\n<ul>\n<li data-start=\"1063\" data-end=\"1163\">Oven and grill compatible, ideal for hot and cold dishes.<\/li>\n<li data-start=\"1164\" data-end=\"1241\">Easy to transport without risk of breakage.<\/li>\n<li data-start=\"1328\" data-end=\"1424\">Ideal for catering professionals and restaurateurs.<\/li>\n<li data-start=\"1425\" data-end=\"1500\">Sold in packs of 100 to meet professional needs.<\/li>\n<\/ul>\n<p>&nbsp;<\/p>\n<p><!--more--><\/p>\n<h4>Other information :<\/h4>\n<ul>\n<li><strong>Packaging<\/strong>: Pack of 100<\/li>\n<li><strong>Dimensions<\/strong>: 122 x 80 x 40 (L x W x H in mm)<\/li>\n<li><strong>Volume<\/strong>: 260 ml<\/li>\n<li><strong>Shape<\/strong>: Oval<\/li>\n<li><strong>Material<\/strong>: Aluminium<\/li>\n<li><strong>Operating temperature<\/strong>: -40\u00b0C \/ +350\u00b0C<\/li>\n<\/ul>\n<p>&nbsp;<\/p>\n<p><!--more--><\/p>\n<p>This product is available in several sizes:<span style=\"color: #d12727;\"> <a style=\"color: #d12727;\" href=\"https:\/\/www.csj-emballages.com\/produit\/100-ramequins-jetables-aluminium-ronds-251-ml\/\">RA251<\/a> <\/span> <\/p>\n<p>&nbsp;<\/p>\n<p><!--more--><\/p>\n<p><a href=\"https:\/\/www.csj-emballages.com\/en\/categorie-produit\/food-packaging\/butchery-and-delicatessen\/trays-cans-and-jars\/aluminum-trays-dishes-molds-meal-trays-cups-ramekins-meat-pies\/gourmet-dishes\/\">See the rest of our range of aluminium gourmet dishes<\/a><\/p>\n","protected":false},"excerpt":{"rendered":"<p>Aluminum stanchion Description of our oval aluminium ramekin 260 ml per 100<\/p>\n","protected":false},"featured_media":228979,"template":"","meta":{"_acf_changed":false},"product_brand":[],"product_cat":[1159,2011,3239],"product_tag":[],"class_list":{"0":"post-22998","1":"product","2":"type-product","3":"status-publish","4":"has-post-thumbnail","6":"product_cat-butchery-and-delicatessen","7":"product_cat-aluminum-trays-dishes-molds-meal-trays-cups-ramekins-meat-pies","8":"product_cat-ramequins-en","10":"first","11":"outofstock","12":"taxable","13":"shipping-taxable","14":"purchasable","15":"product-type-simple"},"acf":[],"yoast_head":"<!-- This site is optimized with the Yoast SEO Premium plugin v26.6 (Yoast SEO v26.6) - https:\/\/yoast.com\/wordpress\/plugins\/seo\/ -->\n<title>Ramequin Aluminium Oval 260 ml per 100<\/title>\n<meta name=\"description\" content=\"Oval aluminum ramekin, 260 ml, pack of 100, ideal for baking and transport. Lightweight, durable, and recyclable, perfect for caterers and restaurants.\" \/>\n<meta name=\"robots\" content=\"index, follow, max-snippet:-1, max-image-preview:large, max-video-preview:-1\" \/>\n<link rel=\"canonical\" href=\"https:\/\/www.csj-emballages.com\/en\/produit\/100-disposable-oval-aluminium-ramekins-260-ml\/\" \/>\n<meta property=\"og:locale\" content=\"en_US\" \/>\n<meta property=\"og:type\" content=\"article\" \/>\n<meta property=\"og:title\" content=\"Oval aluminum ramekin, 260 ml, pack of 100\" \/>\n<meta property=\"og:description\" content=\"Oval aluminum ramekin, 260 ml, pack of 100, ideal for baking and transport. Lightweight, durable, and recyclable, perfect for caterers and restaurants.\" \/>\n<meta property=\"og:url\" content=\"https:\/\/www.csj-emballages.com\/en\/produit\/100-disposable-oval-aluminium-ramekins-260-ml\/\" \/>\n<meta property=\"og:site_name\" content=\"CSJ Emballages\" \/>\n<meta property=\"article:publisher\" content=\"https:\/\/www.facebook.com\/csjemballages\" \/>\n<meta property=\"article:modified_time\" content=\"2026-04-29T00:17:10+00:00\" \/>\n<meta property=\"og:image\" content=\"https:\/\/www.csj-emballages.com\/wp-content\/uploads\/2024\/03\/RO-251.webp\" \/>\n\t<meta property=\"og:image:width\" content=\"800\" \/>\n\t<meta property=\"og:image:height\" content=\"800\" \/>\n\t<meta property=\"og:image:type\" content=\"image\/webp\" \/>\n<meta name=\"twitter:card\" content=\"summary_large_image\" \/>\n<meta name=\"twitter:label1\" content=\"Est. reading time\" \/>\n\t<meta name=\"twitter:data1\" content=\"1 minute\" \/>\n<script type=\"application\/ld+json\" class=\"yoast-schema-graph\">{\"@context\":\"https:\/\/schema.org\",\"@graph\":[{\"@type\":\"WebPage\",\"@id\":\"https:\/\/www.csj-emballages.com\/en\/produit\/100-disposable-oval-aluminium-ramekins-260-ml\/\",\"url\":\"https:\/\/www.csj-emballages.com\/en\/produit\/100-disposable-oval-aluminium-ramekins-260-ml\/\",\"name\":\"Ramequin Aluminium Oval 260 ml per 100\",\"isPartOf\":{\"@id\":\"https:\/\/www.csj-emballages.com\/en\/#website\"},\"primaryImageOfPage\":{\"@id\":\"https:\/\/www.csj-emballages.com\/en\/produit\/100-disposable-oval-aluminium-ramekins-260-ml\/#primaryimage\"},\"image\":{\"@id\":\"https:\/\/www.csj-emballages.com\/en\/produit\/100-disposable-oval-aluminium-ramekins-260-ml\/#primaryimage\"},\"thumbnailUrl\":\"https:\/\/www.csj-emballages.com\/wp-content\/uploads\/2024\/03\/RO-251.webp\",\"datePublished\":\"2024-03-01T15:50:14+00:00\",\"dateModified\":\"2026-04-29T00:17:10+00:00\",\"description\":\"Oval aluminum ramekin, 260 ml, pack of 100, ideal for baking and transport. Lightweight, durable, and recyclable, perfect for caterers and restaurants.\",\"breadcrumb\":{\"@id\":\"https:\/\/www.csj-emballages.com\/en\/produit\/100-disposable-oval-aluminium-ramekins-260-ml\/#breadcrumb\"},\"inLanguage\":\"en-US\",\"potentialAction\":[{\"@type\":\"ReadAction\",\"target\":[\"https:\/\/www.csj-emballages.com\/en\/produit\/100-disposable-oval-aluminium-ramekins-260-ml\/\"]}]},{\"@type\":\"ImageObject\",\"inLanguage\":\"en-US\",\"@id\":\"https:\/\/www.csj-emballages.com\/en\/produit\/100-disposable-oval-aluminium-ramekins-260-ml\/#primaryimage\",\"url\":\"https:\/\/www.csj-emballages.com\/wp-content\/uploads\/2024\/03\/RO-251.webp\",\"contentUrl\":\"https:\/\/www.csj-emballages.com\/wp-content\/uploads\/2024\/03\/RO-251.webp\",\"width\":800,\"height\":800,\"caption\":\"Ramequin aluminium\"},{\"@type\":\"BreadcrumbList\",\"@id\":\"https:\/\/www.csj-emballages.com\/en\/produit\/100-disposable-oval-aluminium-ramekins-260-ml\/#breadcrumb\",\"itemListElement\":[{\"@type\":\"ListItem\",\"position\":1,\"name\":\"Accueil\",\"item\":\"https:\/\/www.csj-emballages.com\/en\/food-packaging-universe\/\"},{\"@type\":\"ListItem\",\"position\":2,\"name\":\"Shop\",\"item\":\"https:\/\/www.csj-emballages.com\/shop\/\"},{\"@type\":\"ListItem\",\"position\":3,\"name\":\"Oval aluminum ramekin, 260 ml, pack of 100\"}]},{\"@type\":\"WebSite\",\"@id\":\"https:\/\/www.csj-emballages.com\/en\/#website\",\"url\":\"https:\/\/www.csj-emballages.com\/en\/\",\"name\":\"CSJ Emballages\",\"description\":\"\",\"publisher\":{\"@id\":\"https:\/\/www.csj-emballages.com\/en\/#organization\"},\"potentialAction\":[{\"@type\":\"SearchAction\",\"target\":{\"@type\":\"EntryPoint\",\"urlTemplate\":\"https:\/\/www.csj-emballages.com\/en\/?s={search_term_string}\"},\"query-input\":{\"@type\":\"PropertyValueSpecification\",\"valueRequired\":true,\"valueName\":\"search_term_string\"}}],\"inLanguage\":\"en-US\"},{\"@type\":\"Organization\",\"@id\":\"https:\/\/www.csj-emballages.com\/en\/#Organization\/\",\"name\":\"CSJ Emballages\",\"url\":\"https:\/\/www.csj-emballages.com\/en\/\",\"logo\":{\"@type\":\"ImageObject\",\"inLanguage\":\"en-US\",\"@id\":\"https:\/\/www.csj-emballages.com\/en\/#\/schema\/logo\/image\/\",\"url\":\"https:\/\/www.csj-emballages.com\/wp-content\/uploads\/2023\/10\/logo_csj.webp\",\"contentUrl\":\"https:\/\/www.csj-emballages.com\/wp-content\/uploads\/2023\/10\/logo_csj.webp\",\"width\":250,\"height\":95,\"caption\":\"CSJ Emballages\"},\"image\":{\"@id\":\"https:\/\/www.csj-emballages.com\/en\/#\/schema\/logo\/image\/\"},\"sameAs\":[\"https:\/\/www.facebook.com\/csjemballages\"],\"address\":{\"@type\":\"PostalAddress\",\"streetAddress\":\"ZI La Lechere\",\"addressLocality\":\"Patornay\",\"postalCode\":\"39130\",\"addressCountry\":\"FR\"},\"contactPoint\":[{\"@type\":\"ContactPoint\",\"contactType\":\"Service client\",\"telephone\":\"0384254272\",\"email\":\"contact@csj-emballages.com\"}]}]}<\/script>\n<!-- \/ Yoast SEO Premium plugin. -->","yoast_head_json":{"title":"Ramequin Aluminium Oval 260 ml per 100","description":"Oval aluminum ramekin, 260 ml, pack of 100, ideal for baking and transport. Lightweight, durable, and recyclable, perfect for caterers and restaurants.","robots":{"index":"index","follow":"follow","max-snippet":"max-snippet:-1","max-image-preview":"max-image-preview:large","max-video-preview":"max-video-preview:-1"},"canonical":"https:\/\/www.csj-emballages.com\/en\/produit\/100-disposable-oval-aluminium-ramekins-260-ml\/","og_locale":"en_US","og_type":"article","og_title":"Oval aluminum ramekin, 260 ml, pack of 100","og_description":"Oval aluminum ramekin, 260 ml, pack of 100, ideal for baking and transport. Lightweight, durable, and recyclable, perfect for caterers and restaurants.","og_url":"https:\/\/www.csj-emballages.com\/en\/produit\/100-disposable-oval-aluminium-ramekins-260-ml\/","og_site_name":"CSJ Emballages","article_publisher":"https:\/\/www.facebook.com\/csjemballages","article_modified_time":"2026-04-29T00:17:10+00:00","og_image":[{"width":800,"height":800,"url":"https:\/\/www.csj-emballages.com\/wp-content\/uploads\/2024\/03\/RO-251.webp","type":"image\/webp"}],"twitter_card":"summary_large_image","twitter_misc":{"Est. reading time":"1 minute"},"schema":{"@context":"https:\/\/schema.org","@graph":[{"@type":"WebPage","@id":"https:\/\/www.csj-emballages.com\/en\/produit\/100-disposable-oval-aluminium-ramekins-260-ml\/","url":"https:\/\/www.csj-emballages.com\/en\/produit\/100-disposable-oval-aluminium-ramekins-260-ml\/","name":"Ramequin Aluminium Oval 260 ml per 100","isPartOf":{"@id":"https:\/\/www.csj-emballages.com\/en\/#website"},"primaryImageOfPage":{"@id":"https:\/\/www.csj-emballages.com\/en\/produit\/100-disposable-oval-aluminium-ramekins-260-ml\/#primaryimage"},"image":{"@id":"https:\/\/www.csj-emballages.com\/en\/produit\/100-disposable-oval-aluminium-ramekins-260-ml\/#primaryimage"},"thumbnailUrl":"https:\/\/www.csj-emballages.com\/wp-content\/uploads\/2024\/03\/RO-251.webp","datePublished":"2024-03-01T15:50:14+00:00","dateModified":"2026-04-29T00:17:10+00:00","description":"Oval aluminum ramekin, 260 ml, pack of 100, ideal for baking and transport. Lightweight, durable, and recyclable, perfect for caterers and restaurants.","breadcrumb":{"@id":"https:\/\/www.csj-emballages.com\/en\/produit\/100-disposable-oval-aluminium-ramekins-260-ml\/#breadcrumb"},"inLanguage":"en-US","potentialAction":[{"@type":"ReadAction","target":["https:\/\/www.csj-emballages.com\/en\/produit\/100-disposable-oval-aluminium-ramekins-260-ml\/"]}]},{"@type":"ImageObject","inLanguage":"en-US","@id":"https:\/\/www.csj-emballages.com\/en\/produit\/100-disposable-oval-aluminium-ramekins-260-ml\/#primaryimage","url":"https:\/\/www.csj-emballages.com\/wp-content\/uploads\/2024\/03\/RO-251.webp","contentUrl":"https:\/\/www.csj-emballages.com\/wp-content\/uploads\/2024\/03\/RO-251.webp","width":800,"height":800,"caption":"Ramequin aluminium"},{"@type":"BreadcrumbList","@id":"https:\/\/www.csj-emballages.com\/en\/produit\/100-disposable-oval-aluminium-ramekins-260-ml\/#breadcrumb","itemListElement":[{"@type":"ListItem","position":1,"name":"Accueil","item":"https:\/\/www.csj-emballages.com\/en\/food-packaging-universe\/"},{"@type":"ListItem","position":2,"name":"Shop","item":"https:\/\/www.csj-emballages.com\/shop\/"},{"@type":"ListItem","position":3,"name":"Oval aluminum ramekin, 260 ml, pack of 100"}]},{"@type":"WebSite","@id":"https:\/\/www.csj-emballages.com\/en\/#website","url":"https:\/\/www.csj-emballages.com\/en\/","name":"CSJ Emballages","description":"","publisher":{"@id":"https:\/\/www.csj-emballages.com\/en\/#organization"},"potentialAction":[{"@type":"SearchAction","target":{"@type":"EntryPoint","urlTemplate":"https:\/\/www.csj-emballages.com\/en\/?s={search_term_string}"},"query-input":{"@type":"PropertyValueSpecification","valueRequired":true,"valueName":"search_term_string"}}],"inLanguage":"en-US"},{"@type":"Organization","@id":"https:\/\/www.csj-emballages.com\/en\/#Organization\/","name":"CSJ Emballages","url":"https:\/\/www.csj-emballages.com\/en\/","logo":{"@type":"ImageObject","inLanguage":"en-US","@id":"https:\/\/www.csj-emballages.com\/en\/#\/schema\/logo\/image\/","url":"https:\/\/www.csj-emballages.com\/wp-content\/uploads\/2023\/10\/logo_csj.webp","contentUrl":"https:\/\/www.csj-emballages.com\/wp-content\/uploads\/2023\/10\/logo_csj.webp","width":250,"height":95,"caption":"CSJ Emballages"},"image":{"@id":"https:\/\/www.csj-emballages.com\/en\/#\/schema\/logo\/image\/"},"sameAs":["https:\/\/www.facebook.com\/csjemballages"],"address":{"@type":"PostalAddress","streetAddress":"ZI La Lechere","addressLocality":"Patornay","postalCode":"39130","addressCountry":"FR"},"contactPoint":[{"@type":"ContactPoint","contactType":"Service client","telephone":"0384254272","email":"contact@csj-emballages.com"}]}]}},"df_price":21.01,"df_sale_price":"","df_regular_price":21.01,"df_image_link":"https:\/\/www.csj-emballages.com\/wp-content\/uploads\/2024\/03\/RO-251-300x300.webp","tiered_pricing_type":"fixed","tiered_pricing_fixed_rules":[],"tiered_pricing_percentage_rules":[],"tiered_pricing_minimum":1,"tiered_pricing_roles_data":[],"_links":{"self":[{"href":"https:\/\/www.csj-emballages.com\/en\/wp-json\/wp\/v2\/product\/22998","targetHints":{"allow":["GET"]}}],"collection":[{"href":"https:\/\/www.csj-emballages.com\/en\/wp-json\/wp\/v2\/product"}],"about":[{"href":"https:\/\/www.csj-emballages.com\/en\/wp-json\/wp\/v2\/types\/product"}],"wp:featuredmedia":[{"embeddable":true,"href":"https:\/\/www.csj-emballages.com\/en\/wp-json\/wp\/v2\/media\/228979"}],"wp:attachment":[{"href":"https:\/\/www.csj-emballages.com\/en\/wp-json\/wp\/v2\/media?parent=22998"}],"wp:term":[{"taxonomy":"product_brand","embeddable":true,"href":"https:\/\/www.csj-emballages.com\/en\/wp-json\/wp\/v2\/product_brand?post=22998"},{"taxonomy":"product_cat","embeddable":true,"href":"https:\/\/www.csj-emballages.com\/en\/wp-json\/wp\/v2\/product_cat?post=22998"},{"taxonomy":"product_tag","embeddable":true,"href":"https:\/\/www.csj-emballages.com\/en\/wp-json\/wp\/v2\/product_tag?post=22998"}],"curies":[{"name":"wp","href":"https:\/\/api.w.org\/{rel}","templated":true}]}}