{"id":22872,"date":"2024-03-01T16:50:16","date_gmt":"2024-03-01T15:50:16","guid":{"rendered":"https:\/\/u15jnbdpoq.preview.infomaniak.website\/produit\/250-white-scalloped-rounds-o29-cm\/"},"modified":"2026-04-24T02:15:59","modified_gmt":"2026-04-24T00:15:59","slug":"250-white-scalloped-rounds-o29-cm","status":"publish","type":"product","link":"https:\/\/www.csj-emballages.com\/en\/produit\/250-white-scalloped-rounds-o29-cm\/","title":{"rendered":"Round white scalloped \u00f829 cm per 250"},"content":{"rendered":"<h2>Scalloped white roundel<\/h2>\n<hr>\n<h3>Description of our white scalloped round \u00f829 cm per 250<\/h3>\n<p><!--more--><\/p>\n<p data-start=\"355\" data-end=\"773\">Opt for practicality and elegance with the <strong data-start=\"401\" data-end=\"439\">round white scalloped \u00f829 cm by 250<\/strong>. This stand is a must-have for <strong data-start=\"493\" data-end=\"506\">caterers<\/strong>, <strong data-start=\"508\" data-end=\"522\">pastry chefs<\/strong>, <strong data-start=\"524\" data-end=\"538\">bakers<\/strong> as well as for <strong data-start=\"552\" data-end=\"568\">individuals<\/strong> who wish to present their preparations with care. Thanks to its <strong>29 cm<\/strong> diameter, it&#8217;s perfect for a wide range of applications: cakes, tarts, entremets, quiches and savory dishes. The <strong data-start=\"778\" data-end=\"795\">scalloped round<\/strong> is distinguished by its refined design with its worked contours. It adds a real aesthetic touch to your creations, without neglecting sturdiness. Made from <strong>cardboard<\/strong>, it withstands the weight of your preparations and ensures reliable support, whether for display or transport. Its white surface enhances your products and immediately gives them a professional look.      <\/p>\n<p data-start=\"1221\" data-end=\"1588\">Packaged <strong data-start=\"1233\" data-end=\"1251\">in 250 units<\/strong>, this set is designed to meet the needs of professionals who work in volume, while remaining practical for private individuals organizing events (birthdays, weddings, buffets&#8230;). There&#8217;s no need to worry about supports bending or dulling the aesthetics of your dishes: this model combines strength and elegance. <\/p>\n<p data-start=\"1590\" data-end=\"1827\">By choosing this <strong data-start=\"1608\" data-end=\"1646\">scalloped white round \u00f829 cm per 250<\/strong>, you&#8217;re opting for simplicity, efficiency and impeccable presentation. A small detail that makes all the difference when it comes to seducing your customers or guests! <\/p>\n<p data-start=\"1387\" data-end=\"1632\"><!--more--><\/p>\n<h4>Advantages :<\/h4>\n<ul>\n<li><strong data-start=\"1657\" data-end=\"1682\">Elegant presentation<\/strong> thanks to refined scalloping.<\/li>\n<li><strong data-start=\"1715\" data-end=\"1733\">Rigid base<\/strong> to hold desserts securely.<\/li>\n<li><strong data-start=\"1780\" data-end=\"1799\">Convenient<\/strong> 29 cm <strong data-start=\"1780\" data-end=\"1799\">format<\/strong> for small pastries and entremets.<\/li>\n<li><strong data-start=\"1857\" data-end=\"1871\">Hygienic<\/strong>: avoids direct contact with surfaces.<\/li>\n<li><strong data-start=\"1920\" data-end=\"1950\">Packaged<\/strong> in 250 units.<\/li>\n<\/ul>\n<p>&nbsp;<\/p>\n<p><!--more--><\/p>\n<h4>Other information :<\/h4>\n<ul>\n<li><strong>Packaging<\/strong>: 250 pack<\/li>\n<li><strong>Diameter<\/strong>: 29 cm<\/li>\n<li><strong>Color<\/strong>: White<\/li>\n<li><strong>Material<\/strong>: Cardboard<\/li>\n<li><strong>Shape<\/strong>: Scalloped<\/li>\n<\/ul>\n<p>&nbsp;<\/p>\n<p><!--more--><\/p>\n<p>Find here all the sizes available for these white scalloped rounds: <span style=\"color: #d12727;\"><a style=\"color: #d12727;\" href=\"https:\/\/www.csj-emballages.com\/pt-pt\/produit\/250-rodelas-brancas-recortadas-o15-cm\/\">\u00d815 cm<\/a><\/span> \/ <span style=\"color: #d12727;\"><a style=\"color: #d12727;\" href=\"https:\/\/www.csj-emballages.com\/pt-pt\/produit\/250-rodelas-brancas-recortadas-o17-cm\/\">\u00d817 cm<\/a><\/span> \/ <g id=\"gid_4\"><g id=\"gid_5\">\u00d819 cm<\/g><\/g> \/ <span style=\"color: #d12727;\"><a style=\"color: #d12727;\" href=\"https:\/\/www.csj-emballages.com\/de\/produit\/250-weisse-festliche-ringe-o21-cm\/\">\u00d821 cm<\/a><\/span> \/ <span style=\"color: #d12727;\"><a style=\"color: #d12727;\" href=\"https:\/\/www.csj-emballages.com\/produit\/250-ronds-blancs-festonnes-o23-cm\/\">\u00d823 cm<\/a><\/span> \/ <span style=\"color: #d12727;\"><a style=\"color: #d12727;\" href=\"https:\/\/www.csj-emballages.com\/en\/produit\/250-white-scalloped-rounds-o25-cm\/\">\u00d825 cm<\/a><\/span> \/ <span style=\"color: #d12727;\"><a style=\"color: #d12727;\" href=\"https:\/\/www.csj-emballages.com\/pt-pt\/produit\/250-rodelas-brancas-recortadas-o27-cm\/\">\u00d826 cm<\/a><\/span> \/         <span style=\"color: #d12727;\"><a style=\"color: #d12727;\" href=\"https:\/\/www.csj-emballages.com\/produit\/250-ronds-blancs-festonnes-o31-cm\/\">\u00d832 cm<\/a><\/span><\/p>\n<p>&nbsp;<\/p>\n<p><!--more--><\/p>\n<p><a href=\"https:\/\/www.csj-emballages.com\/en\/categorie-produit\/food-packaging\/bakery\/cake-base-supports\/round-cake-stands\/scalloped-cake-stands\/\">See the rest of our range of white scalloped rounds<\/a><\/p>\n","protected":false},"excerpt":{"rendered":"<p>Scalloped white roundel Description of our white scalloped round \u00f829 cm per 250<\/p>\n","protected":false},"featured_media":241317,"template":"","meta":{"_acf_changed":false},"product_brand":[],"product_cat":[1133,1160,1919,3241],"product_tag":[],"class_list":{"0":"post-22872","1":"product","2":"type-product","3":"status-publish","4":"has-post-thumbnail","6":"product_cat-food-packaging","7":"product_cat-bakery","8":"product_cat-cake-base-supports","9":"product_cat-scalloped-cake-stands","11":"first","12":"instock","13":"taxable","14":"shipping-taxable","15":"purchasable","16":"product-type-simple"},"acf":[],"yoast_head":"<!-- This site is optimized with the Yoast SEO Premium plugin v26.6 (Yoast SEO v26.6) - https:\/\/yoast.com\/wordpress\/plugins\/seo\/ -->\n<title>Round White Scalloped \u00f829 cm per 250<\/title>\n<meta name=\"description\" content=\"Enhance your presentations with the Rond blanc festonn\u00e9 \u00f829 cm par 250: elegant, practical and resistant, ideal for caterers and pastry chefs.\" \/>\n<meta name=\"robots\" content=\"index, follow, max-snippet:-1, max-image-preview:large, max-video-preview:-1\" \/>\n<link rel=\"canonical\" href=\"https:\/\/www.csj-emballages.com\/en\/produit\/250-white-scalloped-rounds-o29-cm\/\" \/>\n<meta property=\"og:locale\" content=\"en_US\" \/>\n<meta property=\"og:type\" content=\"article\" \/>\n<meta property=\"og:title\" content=\"Round white scalloped \u00f829 cm per 250\" \/>\n<meta property=\"og:description\" content=\"Enhance your presentations with the Rond blanc festonn\u00e9 \u00f829 cm par 250: elegant, practical and resistant, ideal for caterers and pastry chefs.\" \/>\n<meta property=\"og:url\" content=\"https:\/\/www.csj-emballages.com\/en\/produit\/250-white-scalloped-rounds-o29-cm\/\" \/>\n<meta property=\"og:site_name\" content=\"CSJ Emballages\" \/>\n<meta property=\"article:publisher\" content=\"https:\/\/www.facebook.com\/csjemballages\" \/>\n<meta property=\"article:modified_time\" content=\"2026-04-24T00:15:59+00:00\" \/>\n<meta property=\"og:image\" content=\"https:\/\/www.csj-emballages.com\/wp-content\/uploads\/2024\/03\/RF.webp\" \/>\n\t<meta property=\"og:image:width\" content=\"800\" \/>\n\t<meta property=\"og:image:height\" content=\"800\" \/>\n\t<meta property=\"og:image:type\" content=\"image\/webp\" \/>\n<meta name=\"twitter:card\" content=\"summary_large_image\" \/>\n<meta name=\"twitter:label1\" content=\"Est. reading time\" \/>\n\t<meta name=\"twitter:data1\" content=\"1 minute\" \/>\n<script type=\"application\/ld+json\" class=\"yoast-schema-graph\">{\"@context\":\"https:\/\/schema.org\",\"@graph\":[{\"@type\":\"WebPage\",\"@id\":\"https:\/\/www.csj-emballages.com\/en\/produit\/250-white-scalloped-rounds-o29-cm\/\",\"url\":\"https:\/\/www.csj-emballages.com\/en\/produit\/250-white-scalloped-rounds-o29-cm\/\",\"name\":\"Round White Scalloped \u00f829 cm per 250\",\"isPartOf\":{\"@id\":\"https:\/\/www.csj-emballages.com\/en\/#website\"},\"primaryImageOfPage\":{\"@id\":\"https:\/\/www.csj-emballages.com\/en\/produit\/250-white-scalloped-rounds-o29-cm\/#primaryimage\"},\"image\":{\"@id\":\"https:\/\/www.csj-emballages.com\/en\/produit\/250-white-scalloped-rounds-o29-cm\/#primaryimage\"},\"thumbnailUrl\":\"https:\/\/www.csj-emballages.com\/wp-content\/uploads\/2024\/03\/RF.webp\",\"datePublished\":\"2024-03-01T15:50:16+00:00\",\"dateModified\":\"2026-04-24T00:15:59+00:00\",\"description\":\"Enhance your presentations with the Rond blanc festonn\u00e9 \u00f829 cm par 250: elegant, practical and resistant, ideal for caterers and pastry chefs.\",\"breadcrumb\":{\"@id\":\"https:\/\/www.csj-emballages.com\/en\/produit\/250-white-scalloped-rounds-o29-cm\/#breadcrumb\"},\"inLanguage\":\"en-US\",\"potentialAction\":[{\"@type\":\"ReadAction\",\"target\":[\"https:\/\/www.csj-emballages.com\/en\/produit\/250-white-scalloped-rounds-o29-cm\/\"]}]},{\"@type\":\"ImageObject\",\"inLanguage\":\"en-US\",\"@id\":\"https:\/\/www.csj-emballages.com\/en\/produit\/250-white-scalloped-rounds-o29-cm\/#primaryimage\",\"url\":\"https:\/\/www.csj-emballages.com\/wp-content\/uploads\/2024\/03\/RF.webp\",\"contentUrl\":\"https:\/\/www.csj-emballages.com\/wp-content\/uploads\/2024\/03\/RF.webp\",\"width\":800,\"height\":800,\"caption\":\"Rond blanc festonn\u00e9\"},{\"@type\":\"BreadcrumbList\",\"@id\":\"https:\/\/www.csj-emballages.com\/en\/produit\/250-white-scalloped-rounds-o29-cm\/#breadcrumb\",\"itemListElement\":[{\"@type\":\"ListItem\",\"position\":1,\"name\":\"Accueil\",\"item\":\"https:\/\/www.csj-emballages.com\/en\/food-packaging-universe\/\"},{\"@type\":\"ListItem\",\"position\":2,\"name\":\"Shop\",\"item\":\"https:\/\/www.csj-emballages.com\/shop\/\"},{\"@type\":\"ListItem\",\"position\":3,\"name\":\"Round white scalloped \u00f829 cm per 250\"}]},{\"@type\":\"WebSite\",\"@id\":\"https:\/\/www.csj-emballages.com\/en\/#website\",\"url\":\"https:\/\/www.csj-emballages.com\/en\/\",\"name\":\"CSJ Emballages\",\"description\":\"\",\"publisher\":{\"@id\":\"https:\/\/www.csj-emballages.com\/en\/#organization\"},\"potentialAction\":[{\"@type\":\"SearchAction\",\"target\":{\"@type\":\"EntryPoint\",\"urlTemplate\":\"https:\/\/www.csj-emballages.com\/en\/?s={search_term_string}\"},\"query-input\":{\"@type\":\"PropertyValueSpecification\",\"valueRequired\":true,\"valueName\":\"search_term_string\"}}],\"inLanguage\":\"en-US\"},{\"@type\":\"Organization\",\"@id\":\"https:\/\/www.csj-emballages.com\/en\/#Organization\/\",\"name\":\"CSJ Emballages\",\"url\":\"https:\/\/www.csj-emballages.com\/en\/\",\"logo\":{\"@type\":\"ImageObject\",\"inLanguage\":\"en-US\",\"@id\":\"https:\/\/www.csj-emballages.com\/en\/#\/schema\/logo\/image\/\",\"url\":\"https:\/\/www.csj-emballages.com\/wp-content\/uploads\/2023\/10\/logo_csj.webp\",\"contentUrl\":\"https:\/\/www.csj-emballages.com\/wp-content\/uploads\/2023\/10\/logo_csj.webp\",\"width\":250,\"height\":95,\"caption\":\"CSJ Emballages\"},\"image\":{\"@id\":\"https:\/\/www.csj-emballages.com\/en\/#\/schema\/logo\/image\/\"},\"sameAs\":[\"https:\/\/www.facebook.com\/csjemballages\"],\"address\":{\"@type\":\"PostalAddress\",\"streetAddress\":\"ZI La Lechere\",\"addressLocality\":\"Patornay\",\"postalCode\":\"39130\",\"addressCountry\":\"FR\"},\"contactPoint\":[{\"@type\":\"ContactPoint\",\"contactType\":\"Service client\",\"telephone\":\"0384254272\",\"email\":\"contact@csj-emballages.com\"}]}]}<\/script>\n<!-- \/ Yoast SEO Premium plugin. -->","yoast_head_json":{"title":"Round White Scalloped \u00f829 cm per 250","description":"Enhance your presentations with the Rond blanc festonn\u00e9 \u00f829 cm par 250: elegant, practical and resistant, ideal for caterers and pastry chefs.","robots":{"index":"index","follow":"follow","max-snippet":"max-snippet:-1","max-image-preview":"max-image-preview:large","max-video-preview":"max-video-preview:-1"},"canonical":"https:\/\/www.csj-emballages.com\/en\/produit\/250-white-scalloped-rounds-o29-cm\/","og_locale":"en_US","og_type":"article","og_title":"Round white scalloped \u00f829 cm per 250","og_description":"Enhance your presentations with the Rond blanc festonn\u00e9 \u00f829 cm par 250: elegant, practical and resistant, ideal for caterers and pastry chefs.","og_url":"https:\/\/www.csj-emballages.com\/en\/produit\/250-white-scalloped-rounds-o29-cm\/","og_site_name":"CSJ Emballages","article_publisher":"https:\/\/www.facebook.com\/csjemballages","article_modified_time":"2026-04-24T00:15:59+00:00","og_image":[{"width":800,"height":800,"url":"https:\/\/www.csj-emballages.com\/wp-content\/uploads\/2024\/03\/RF.webp","type":"image\/webp"}],"twitter_card":"summary_large_image","twitter_misc":{"Est. reading time":"1 minute"},"schema":{"@context":"https:\/\/schema.org","@graph":[{"@type":"WebPage","@id":"https:\/\/www.csj-emballages.com\/en\/produit\/250-white-scalloped-rounds-o29-cm\/","url":"https:\/\/www.csj-emballages.com\/en\/produit\/250-white-scalloped-rounds-o29-cm\/","name":"Round White Scalloped \u00f829 cm per 250","isPartOf":{"@id":"https:\/\/www.csj-emballages.com\/en\/#website"},"primaryImageOfPage":{"@id":"https:\/\/www.csj-emballages.com\/en\/produit\/250-white-scalloped-rounds-o29-cm\/#primaryimage"},"image":{"@id":"https:\/\/www.csj-emballages.com\/en\/produit\/250-white-scalloped-rounds-o29-cm\/#primaryimage"},"thumbnailUrl":"https:\/\/www.csj-emballages.com\/wp-content\/uploads\/2024\/03\/RF.webp","datePublished":"2024-03-01T15:50:16+00:00","dateModified":"2026-04-24T00:15:59+00:00","description":"Enhance your presentations with the Rond blanc festonn\u00e9 \u00f829 cm par 250: elegant, practical and resistant, ideal for caterers and pastry chefs.","breadcrumb":{"@id":"https:\/\/www.csj-emballages.com\/en\/produit\/250-white-scalloped-rounds-o29-cm\/#breadcrumb"},"inLanguage":"en-US","potentialAction":[{"@type":"ReadAction","target":["https:\/\/www.csj-emballages.com\/en\/produit\/250-white-scalloped-rounds-o29-cm\/"]}]},{"@type":"ImageObject","inLanguage":"en-US","@id":"https:\/\/www.csj-emballages.com\/en\/produit\/250-white-scalloped-rounds-o29-cm\/#primaryimage","url":"https:\/\/www.csj-emballages.com\/wp-content\/uploads\/2024\/03\/RF.webp","contentUrl":"https:\/\/www.csj-emballages.com\/wp-content\/uploads\/2024\/03\/RF.webp","width":800,"height":800,"caption":"Rond blanc festonn\u00e9"},{"@type":"BreadcrumbList","@id":"https:\/\/www.csj-emballages.com\/en\/produit\/250-white-scalloped-rounds-o29-cm\/#breadcrumb","itemListElement":[{"@type":"ListItem","position":1,"name":"Accueil","item":"https:\/\/www.csj-emballages.com\/en\/food-packaging-universe\/"},{"@type":"ListItem","position":2,"name":"Shop","item":"https:\/\/www.csj-emballages.com\/shop\/"},{"@type":"ListItem","position":3,"name":"Round white scalloped \u00f829 cm per 250"}]},{"@type":"WebSite","@id":"https:\/\/www.csj-emballages.com\/en\/#website","url":"https:\/\/www.csj-emballages.com\/en\/","name":"CSJ Emballages","description":"","publisher":{"@id":"https:\/\/www.csj-emballages.com\/en\/#organization"},"potentialAction":[{"@type":"SearchAction","target":{"@type":"EntryPoint","urlTemplate":"https:\/\/www.csj-emballages.com\/en\/?s={search_term_string}"},"query-input":{"@type":"PropertyValueSpecification","valueRequired":true,"valueName":"search_term_string"}}],"inLanguage":"en-US"},{"@type":"Organization","@id":"https:\/\/www.csj-emballages.com\/en\/#Organization\/","name":"CSJ Emballages","url":"https:\/\/www.csj-emballages.com\/en\/","logo":{"@type":"ImageObject","inLanguage":"en-US","@id":"https:\/\/www.csj-emballages.com\/en\/#\/schema\/logo\/image\/","url":"https:\/\/www.csj-emballages.com\/wp-content\/uploads\/2023\/10\/logo_csj.webp","contentUrl":"https:\/\/www.csj-emballages.com\/wp-content\/uploads\/2023\/10\/logo_csj.webp","width":250,"height":95,"caption":"CSJ Emballages"},"image":{"@id":"https:\/\/www.csj-emballages.com\/en\/#\/schema\/logo\/image\/"},"sameAs":["https:\/\/www.facebook.com\/csjemballages"],"address":{"@type":"PostalAddress","streetAddress":"ZI La Lechere","addressLocality":"Patornay","postalCode":"39130","addressCountry":"FR"},"contactPoint":[{"@type":"ContactPoint","contactType":"Service client","telephone":"0384254272","email":"contact@csj-emballages.com"}]}]}},"df_price":29.18,"df_sale_price":"","df_regular_price":29.18,"df_image_link":"https:\/\/www.csj-emballages.com\/wp-content\/uploads\/2024\/03\/RF-300x300.webp","tiered_pricing_type":"fixed","tiered_pricing_fixed_rules":[],"tiered_pricing_percentage_rules":[],"tiered_pricing_minimum":1,"tiered_pricing_roles_data":[],"_links":{"self":[{"href":"https:\/\/www.csj-emballages.com\/en\/wp-json\/wp\/v2\/product\/22872","targetHints":{"allow":["GET"]}}],"collection":[{"href":"https:\/\/www.csj-emballages.com\/en\/wp-json\/wp\/v2\/product"}],"about":[{"href":"https:\/\/www.csj-emballages.com\/en\/wp-json\/wp\/v2\/types\/product"}],"wp:featuredmedia":[{"embeddable":true,"href":"https:\/\/www.csj-emballages.com\/en\/wp-json\/wp\/v2\/media\/241317"}],"wp:attachment":[{"href":"https:\/\/www.csj-emballages.com\/en\/wp-json\/wp\/v2\/media?parent=22872"}],"wp:term":[{"taxonomy":"product_brand","embeddable":true,"href":"https:\/\/www.csj-emballages.com\/en\/wp-json\/wp\/v2\/product_brand?post=22872"},{"taxonomy":"product_cat","embeddable":true,"href":"https:\/\/www.csj-emballages.com\/en\/wp-json\/wp\/v2\/product_cat?post=22872"},{"taxonomy":"product_tag","embeddable":true,"href":"https:\/\/www.csj-emballages.com\/en\/wp-json\/wp\/v2\/product_tag?post=22872"}],"curies":[{"name":"wp","href":"https:\/\/api.w.org\/{rel}","templated":true}]}}