{"id":22855,"date":"2024-03-01T16:50:17","date_gmt":"2024-03-01T15:50:17","guid":{"rendered":"https:\/\/u15jnbdpoq.preview.infomaniak.website\/produit\/250-white-scalloped-rounds-o23-cm\/"},"modified":"2026-04-17T02:15:47","modified_gmt":"2026-04-17T00:15:47","slug":"250-white-scalloped-rounds-o23-cm","status":"publish","type":"product","link":"https:\/\/www.csj-emballages.com\/en\/produit\/250-white-scalloped-rounds-o23-cm\/","title":{"rendered":"Round white scalloped \u00f823 cm per 250"},"content":{"rendered":"<h2>Scalloped white roundel<\/h2>\n<hr>\n<h3>Description of our white scalloped round \u00f823 cm per 250<\/h3>\n<p><!--more--><\/p>\n<p data-start=\"347\" data-end=\"706\">Whether you&#8217;re a <strong data-start=\"362\" data-end=\"374\">caterer<\/strong>, <strong data-start=\"376\" data-end=\"399\">baker<\/strong>, <strong data-start=\"401\" data-end=\"417\">restaurateur<\/strong> or simply a culinary enthusiast, the <strong>white scalloped round \u00f823 cm per 250<\/strong> is a must-have to enhance your presentations. Elegant and practical, it will enhance your <strong data-start=\"608\" data-end=\"674\">pastries, entremets, tarts, cakes and savoury preparations<\/strong> with an impeccable finish. <\/p>\n<p data-start=\"708\" data-end=\"1017\">Made from <strong data-start=\"729\" data-end=\"761\">resistant food-grade cardboard<\/strong>, this holder offers sufficient rigidity to transport your creations safely, while remaining light and easy to handle. Its <strong data-start=\"902\" data-end=\"917\">round shape<\/strong> and <strong data-start=\"925\" data-end=\"944\">scalloped edges<\/strong> add a touch of elegance that immediately appeals to guests. <\/p>\n<p data-start=\"1019\" data-end=\"1393\">Thanks to its <strong data-start=\"1040\" data-end=\"1049\">23 cm<\/strong> diameter, it is perfectly suited to individual or medium-sized preparations. Packaged in <strong data-start=\"1152\" data-end=\"1166\">250 units<\/strong>, this set is particularly appreciated by catering and event professionals, as it saves time and ensures that the right support is always available during services, buffets or receptions. <\/p>\n<p data-start=\"1395\" data-end=\"1702\">In addition to its <strong data-start=\"1410\" data-end=\"1432\">aesthetic appeal<\/strong>, the <strong data-start=\"1437\" data-end=\"1460\">scalloped white round<\/strong> also ensures good food <strong data-start=\"1488\" data-end=\"1499\">hygiene<\/strong>. Your products are isolated from the display surface, and benefit from a clean, professional finish. It&#8217;s the ideal choice for showcasing your expertise, without any extra effort.  <\/p>\n<p data-start=\"1704\" data-end=\"1930\">In short, the <strong>round<\/strong><strong data-start=\"1718\" data-end=\"1756\"> white scalloped \u00f823 cm by 250<\/strong> is not just an accessory, it&#8217;s an asset for all those who want to combine practicality, hygiene and elegance in their business as well as their private events.<\/p>\n<p data-start=\"1387\" data-end=\"1632\"><!--more--><\/p>\n<h4>Advantages :<\/h4>\n<ul>\n<li><strong data-start=\"1657\" data-end=\"1682\">Elegant presentation<\/strong> thanks to refined scalloping.<\/li>\n<li><strong data-start=\"1715\" data-end=\"1733\">Rigid base<\/strong> to hold desserts securely.<\/li>\n<li><strong data-start=\"1780\" data-end=\"1799\">Convenient<\/strong> 23 cm <strong data-start=\"1780\" data-end=\"1799\">format<\/strong> for small pastries and entremets.<\/li>\n<li><strong data-start=\"1857\" data-end=\"1871\">Hygienic<\/strong>: avoids direct contact with surfaces.<\/li>\n<li><strong data-start=\"1920\" data-end=\"1950\">Packaged<\/strong> in 250 units.<\/li>\n<\/ul>\n<p>&nbsp;<\/p>\n<p><!--more--><\/p>\n<h4>Other information :<\/h4>\n<ul>\n<li><strong>Packaging<\/strong>: 250 pack<\/li>\n<li><strong>Diameter<\/strong>: 23 cm<\/li>\n<li><strong>Color<\/strong>: White<\/li>\n<li><strong>Material<\/strong>: Cardboard<\/li>\n<li><strong>Shape<\/strong>: Scalloped<\/li>\n<\/ul>\n<p>&nbsp;<\/p>\n<p><!--more--><\/p>\n<p>Find here all the sizes available for these white scalloped rounds: <span style=\"color: #d12727;\"><a style=\"color: #d12727;\" href=\"https:\/\/www.csj-emballages.com\/pt-pt\/produit\/250-rodelas-brancas-recortadas-o15-cm\/\">\u00d815 cm<\/a><\/span> \/ <span style=\"color: #d12727;\"><a style=\"color: #d12727;\" href=\"https:\/\/www.csj-emballages.com\/pt-pt\/produit\/250-rodelas-brancas-recortadas-o17-cm\/\">\u00d817 cm<\/a><\/span> \/ <span style=\"color: #d12727;\"><a style=\"color: #d12727;\" href=\"https:\/\/www.csj-emballages.com\/pt-pt\/produit\/250-rodelas-brancas-recortadas-o19-cm\/\">\u00d819 cm<\/a><\/span> \/ <span style=\"color: #d12727;\"><a style=\"color: #d12727;\" href=\"https:\/\/www.csj-emballages.com\/pt-pt\/produit\/250-rodelas-brancas-recortadas-o21-cm\/\">\u00d821 cm<\/a><\/span> \/ <span style=\"color: #d12727;\"><a style=\"color: #d12727;\" href=\"https:\/\/www.csj-emballages.com\/produit\/250-ronds-blancs-festonnes-o25-cm\/\">\u00d825 cm<\/a><\/span> \/ <span style=\"color: #d12727;\"><a style=\"color: #d12727;\" href=\"https:\/\/www.csj-emballages.com\/produit\/250-ronds-blancs-festonnes-o26-cm\/\">\u00d826 cm<\/a><\/span> \/ <span style=\"color: #d12727;\"><a style=\"color: #d12727;\" href=\"https:\/\/www.csj-emballages.com\/produit\/250-ronds-blancs-festonnes-o29-cm\/\">\u00d829 cm<\/a><\/span> \/         <span style=\"color: #d12727;\"><a style=\"color: #d12727;\" href=\"https:\/\/www.csj-emballages.com\/produit\/250-ronds-blancs-festonnes-o31-cm\/\">\u00d832 cm<\/a><\/span><\/p>\n<p>&nbsp;<\/p>\n<p><!--more--><\/p>\n<p><a href=\"https:\/\/www.csj-emballages.com\/en\/categorie-produit\/food-packaging\/bakery\/cake-base-supports\/round-cake-stands\/scalloped-cake-stands\/\">See the rest of our range of white scalloped rounds<\/a><\/p>\n","protected":false},"excerpt":{"rendered":"<p>Scalloped white roundel Description of our white scalloped round \u00f823 cm per 250<\/p>\n","protected":false},"featured_media":241317,"template":"","meta":{"_acf_changed":false},"product_brand":[],"product_cat":[1133,1160,1919,3241],"product_tag":[],"class_list":{"0":"post-22855","1":"product","2":"type-product","3":"status-publish","4":"has-post-thumbnail","6":"product_cat-food-packaging","7":"product_cat-bakery","8":"product_cat-cake-base-supports","9":"product_cat-scalloped-cake-stands","11":"first","12":"instock","13":"taxable","14":"shipping-taxable","15":"purchasable","16":"product-type-simple"},"acf":[],"yoast_head":"<!-- This site is optimized with the Yoast SEO Premium plugin v26.6 (Yoast SEO v26.6) - https:\/\/yoast.com\/wordpress\/plugins\/seo\/ -->\n<title>Round White Scalloped \u00f823 cm per 250<\/title>\n<meta name=\"description\" content=\"Enhance your presentations with the Rond blanc festonn\u00e9 \u00f823 cm par 250: elegant, practical and resistant, ideal for caterers and pastry chefs.\" \/>\n<meta name=\"robots\" content=\"index, follow, max-snippet:-1, max-image-preview:large, max-video-preview:-1\" \/>\n<link rel=\"canonical\" href=\"https:\/\/www.csj-emballages.com\/en\/produit\/250-white-scalloped-rounds-o23-cm\/\" \/>\n<meta property=\"og:locale\" content=\"en_US\" \/>\n<meta property=\"og:type\" content=\"article\" \/>\n<meta property=\"og:title\" content=\"Round white scalloped \u00f823 cm per 250\" \/>\n<meta property=\"og:description\" content=\"Enhance your presentations with the Rond blanc festonn\u00e9 \u00f823 cm par 250: elegant, practical and resistant, ideal for caterers and pastry chefs.\" \/>\n<meta property=\"og:url\" content=\"https:\/\/www.csj-emballages.com\/en\/produit\/250-white-scalloped-rounds-o23-cm\/\" \/>\n<meta property=\"og:site_name\" content=\"CSJ Emballages\" \/>\n<meta property=\"article:publisher\" content=\"https:\/\/www.facebook.com\/csjemballages\" \/>\n<meta property=\"article:modified_time\" content=\"2026-04-17T00:15:47+00:00\" \/>\n<meta property=\"og:image\" content=\"https:\/\/www.csj-emballages.com\/wp-content\/uploads\/2024\/03\/RF.webp\" \/>\n\t<meta property=\"og:image:width\" content=\"800\" \/>\n\t<meta property=\"og:image:height\" content=\"800\" \/>\n\t<meta property=\"og:image:type\" content=\"image\/webp\" \/>\n<meta name=\"twitter:card\" content=\"summary_large_image\" \/>\n<meta name=\"twitter:label1\" content=\"Est. reading time\" \/>\n\t<meta name=\"twitter:data1\" content=\"1 minute\" \/>\n<script type=\"application\/ld+json\" class=\"yoast-schema-graph\">{\"@context\":\"https:\/\/schema.org\",\"@graph\":[{\"@type\":\"WebPage\",\"@id\":\"https:\/\/www.csj-emballages.com\/en\/produit\/250-white-scalloped-rounds-o23-cm\/\",\"url\":\"https:\/\/www.csj-emballages.com\/en\/produit\/250-white-scalloped-rounds-o23-cm\/\",\"name\":\"Round White Scalloped \u00f823 cm per 250\",\"isPartOf\":{\"@id\":\"https:\/\/www.csj-emballages.com\/en\/#website\"},\"primaryImageOfPage\":{\"@id\":\"https:\/\/www.csj-emballages.com\/en\/produit\/250-white-scalloped-rounds-o23-cm\/#primaryimage\"},\"image\":{\"@id\":\"https:\/\/www.csj-emballages.com\/en\/produit\/250-white-scalloped-rounds-o23-cm\/#primaryimage\"},\"thumbnailUrl\":\"https:\/\/www.csj-emballages.com\/wp-content\/uploads\/2024\/03\/RF.webp\",\"datePublished\":\"2024-03-01T15:50:17+00:00\",\"dateModified\":\"2026-04-17T00:15:47+00:00\",\"description\":\"Enhance your presentations with the Rond blanc festonn\u00e9 \u00f823 cm par 250: elegant, practical and resistant, ideal for caterers and pastry chefs.\",\"breadcrumb\":{\"@id\":\"https:\/\/www.csj-emballages.com\/en\/produit\/250-white-scalloped-rounds-o23-cm\/#breadcrumb\"},\"inLanguage\":\"en-US\",\"potentialAction\":[{\"@type\":\"ReadAction\",\"target\":[\"https:\/\/www.csj-emballages.com\/en\/produit\/250-white-scalloped-rounds-o23-cm\/\"]}]},{\"@type\":\"ImageObject\",\"inLanguage\":\"en-US\",\"@id\":\"https:\/\/www.csj-emballages.com\/en\/produit\/250-white-scalloped-rounds-o23-cm\/#primaryimage\",\"url\":\"https:\/\/www.csj-emballages.com\/wp-content\/uploads\/2024\/03\/RF.webp\",\"contentUrl\":\"https:\/\/www.csj-emballages.com\/wp-content\/uploads\/2024\/03\/RF.webp\",\"width\":800,\"height\":800,\"caption\":\"Rond blanc festonn\u00e9\"},{\"@type\":\"BreadcrumbList\",\"@id\":\"https:\/\/www.csj-emballages.com\/en\/produit\/250-white-scalloped-rounds-o23-cm\/#breadcrumb\",\"itemListElement\":[{\"@type\":\"ListItem\",\"position\":1,\"name\":\"Accueil\",\"item\":\"https:\/\/www.csj-emballages.com\/en\/food-packaging-universe\/\"},{\"@type\":\"ListItem\",\"position\":2,\"name\":\"Shop\",\"item\":\"https:\/\/www.csj-emballages.com\/shop\/\"},{\"@type\":\"ListItem\",\"position\":3,\"name\":\"Round white scalloped \u00f823 cm per 250\"}]},{\"@type\":\"WebSite\",\"@id\":\"https:\/\/www.csj-emballages.com\/en\/#website\",\"url\":\"https:\/\/www.csj-emballages.com\/en\/\",\"name\":\"CSJ Emballages\",\"description\":\"\",\"publisher\":{\"@id\":\"https:\/\/www.csj-emballages.com\/en\/#organization\"},\"potentialAction\":[{\"@type\":\"SearchAction\",\"target\":{\"@type\":\"EntryPoint\",\"urlTemplate\":\"https:\/\/www.csj-emballages.com\/en\/?s={search_term_string}\"},\"query-input\":{\"@type\":\"PropertyValueSpecification\",\"valueRequired\":true,\"valueName\":\"search_term_string\"}}],\"inLanguage\":\"en-US\"},{\"@type\":\"Organization\",\"@id\":\"https:\/\/www.csj-emballages.com\/en\/#Organization\/\",\"name\":\"CSJ Emballages\",\"url\":\"https:\/\/www.csj-emballages.com\/en\/\",\"logo\":{\"@type\":\"ImageObject\",\"inLanguage\":\"en-US\",\"@id\":\"https:\/\/www.csj-emballages.com\/en\/#\/schema\/logo\/image\/\",\"url\":\"https:\/\/www.csj-emballages.com\/wp-content\/uploads\/2023\/10\/logo_csj.webp\",\"contentUrl\":\"https:\/\/www.csj-emballages.com\/wp-content\/uploads\/2023\/10\/logo_csj.webp\",\"width\":250,\"height\":95,\"caption\":\"CSJ Emballages\"},\"image\":{\"@id\":\"https:\/\/www.csj-emballages.com\/en\/#\/schema\/logo\/image\/\"},\"sameAs\":[\"https:\/\/www.facebook.com\/csjemballages\"],\"address\":{\"@type\":\"PostalAddress\",\"streetAddress\":\"ZI La Lechere\",\"addressLocality\":\"Patornay\",\"postalCode\":\"39130\",\"addressCountry\":\"FR\"},\"contactPoint\":[{\"@type\":\"ContactPoint\",\"contactType\":\"Service client\",\"telephone\":\"0384254272\",\"email\":\"contact@csj-emballages.com\"}]}]}<\/script>\n<!-- \/ Yoast SEO Premium plugin. -->","yoast_head_json":{"title":"Round White Scalloped \u00f823 cm per 250","description":"Enhance your presentations with the Rond blanc festonn\u00e9 \u00f823 cm par 250: elegant, practical and resistant, ideal for caterers and pastry chefs.","robots":{"index":"index","follow":"follow","max-snippet":"max-snippet:-1","max-image-preview":"max-image-preview:large","max-video-preview":"max-video-preview:-1"},"canonical":"https:\/\/www.csj-emballages.com\/en\/produit\/250-white-scalloped-rounds-o23-cm\/","og_locale":"en_US","og_type":"article","og_title":"Round white scalloped \u00f823 cm per 250","og_description":"Enhance your presentations with the Rond blanc festonn\u00e9 \u00f823 cm par 250: elegant, practical and resistant, ideal for caterers and pastry chefs.","og_url":"https:\/\/www.csj-emballages.com\/en\/produit\/250-white-scalloped-rounds-o23-cm\/","og_site_name":"CSJ Emballages","article_publisher":"https:\/\/www.facebook.com\/csjemballages","article_modified_time":"2026-04-17T00:15:47+00:00","og_image":[{"width":800,"height":800,"url":"https:\/\/www.csj-emballages.com\/wp-content\/uploads\/2024\/03\/RF.webp","type":"image\/webp"}],"twitter_card":"summary_large_image","twitter_misc":{"Est. reading time":"1 minute"},"schema":{"@context":"https:\/\/schema.org","@graph":[{"@type":"WebPage","@id":"https:\/\/www.csj-emballages.com\/en\/produit\/250-white-scalloped-rounds-o23-cm\/","url":"https:\/\/www.csj-emballages.com\/en\/produit\/250-white-scalloped-rounds-o23-cm\/","name":"Round White Scalloped \u00f823 cm per 250","isPartOf":{"@id":"https:\/\/www.csj-emballages.com\/en\/#website"},"primaryImageOfPage":{"@id":"https:\/\/www.csj-emballages.com\/en\/produit\/250-white-scalloped-rounds-o23-cm\/#primaryimage"},"image":{"@id":"https:\/\/www.csj-emballages.com\/en\/produit\/250-white-scalloped-rounds-o23-cm\/#primaryimage"},"thumbnailUrl":"https:\/\/www.csj-emballages.com\/wp-content\/uploads\/2024\/03\/RF.webp","datePublished":"2024-03-01T15:50:17+00:00","dateModified":"2026-04-17T00:15:47+00:00","description":"Enhance your presentations with the Rond blanc festonn\u00e9 \u00f823 cm par 250: elegant, practical and resistant, ideal for caterers and pastry chefs.","breadcrumb":{"@id":"https:\/\/www.csj-emballages.com\/en\/produit\/250-white-scalloped-rounds-o23-cm\/#breadcrumb"},"inLanguage":"en-US","potentialAction":[{"@type":"ReadAction","target":["https:\/\/www.csj-emballages.com\/en\/produit\/250-white-scalloped-rounds-o23-cm\/"]}]},{"@type":"ImageObject","inLanguage":"en-US","@id":"https:\/\/www.csj-emballages.com\/en\/produit\/250-white-scalloped-rounds-o23-cm\/#primaryimage","url":"https:\/\/www.csj-emballages.com\/wp-content\/uploads\/2024\/03\/RF.webp","contentUrl":"https:\/\/www.csj-emballages.com\/wp-content\/uploads\/2024\/03\/RF.webp","width":800,"height":800,"caption":"Rond blanc festonn\u00e9"},{"@type":"BreadcrumbList","@id":"https:\/\/www.csj-emballages.com\/en\/produit\/250-white-scalloped-rounds-o23-cm\/#breadcrumb","itemListElement":[{"@type":"ListItem","position":1,"name":"Accueil","item":"https:\/\/www.csj-emballages.com\/en\/food-packaging-universe\/"},{"@type":"ListItem","position":2,"name":"Shop","item":"https:\/\/www.csj-emballages.com\/shop\/"},{"@type":"ListItem","position":3,"name":"Round white scalloped \u00f823 cm per 250"}]},{"@type":"WebSite","@id":"https:\/\/www.csj-emballages.com\/en\/#website","url":"https:\/\/www.csj-emballages.com\/en\/","name":"CSJ Emballages","description":"","publisher":{"@id":"https:\/\/www.csj-emballages.com\/en\/#organization"},"potentialAction":[{"@type":"SearchAction","target":{"@type":"EntryPoint","urlTemplate":"https:\/\/www.csj-emballages.com\/en\/?s={search_term_string}"},"query-input":{"@type":"PropertyValueSpecification","valueRequired":true,"valueName":"search_term_string"}}],"inLanguage":"en-US"},{"@type":"Organization","@id":"https:\/\/www.csj-emballages.com\/en\/#Organization\/","name":"CSJ Emballages","url":"https:\/\/www.csj-emballages.com\/en\/","logo":{"@type":"ImageObject","inLanguage":"en-US","@id":"https:\/\/www.csj-emballages.com\/en\/#\/schema\/logo\/image\/","url":"https:\/\/www.csj-emballages.com\/wp-content\/uploads\/2023\/10\/logo_csj.webp","contentUrl":"https:\/\/www.csj-emballages.com\/wp-content\/uploads\/2023\/10\/logo_csj.webp","width":250,"height":95,"caption":"CSJ Emballages"},"image":{"@id":"https:\/\/www.csj-emballages.com\/en\/#\/schema\/logo\/image\/"},"sameAs":["https:\/\/www.facebook.com\/csjemballages"],"address":{"@type":"PostalAddress","streetAddress":"ZI La Lechere","addressLocality":"Patornay","postalCode":"39130","addressCountry":"FR"},"contactPoint":[{"@type":"ContactPoint","contactType":"Service client","telephone":"0384254272","email":"contact@csj-emballages.com"}]}]}},"df_price":16.46,"df_sale_price":"","df_regular_price":16.46,"df_image_link":"https:\/\/www.csj-emballages.com\/wp-content\/uploads\/2024\/03\/RF-300x300.webp","tiered_pricing_type":"fixed","tiered_pricing_fixed_rules":[],"tiered_pricing_percentage_rules":[],"tiered_pricing_minimum":1,"tiered_pricing_roles_data":[],"_links":{"self":[{"href":"https:\/\/www.csj-emballages.com\/en\/wp-json\/wp\/v2\/product\/22855","targetHints":{"allow":["GET"]}}],"collection":[{"href":"https:\/\/www.csj-emballages.com\/en\/wp-json\/wp\/v2\/product"}],"about":[{"href":"https:\/\/www.csj-emballages.com\/en\/wp-json\/wp\/v2\/types\/product"}],"wp:featuredmedia":[{"embeddable":true,"href":"https:\/\/www.csj-emballages.com\/en\/wp-json\/wp\/v2\/media\/241317"}],"wp:attachment":[{"href":"https:\/\/www.csj-emballages.com\/en\/wp-json\/wp\/v2\/media?parent=22855"}],"wp:term":[{"taxonomy":"product_brand","embeddable":true,"href":"https:\/\/www.csj-emballages.com\/en\/wp-json\/wp\/v2\/product_brand?post=22855"},{"taxonomy":"product_cat","embeddable":true,"href":"https:\/\/www.csj-emballages.com\/en\/wp-json\/wp\/v2\/product_cat?post=22855"},{"taxonomy":"product_tag","embeddable":true,"href":"https:\/\/www.csj-emballages.com\/en\/wp-json\/wp\/v2\/product_tag?post=22855"}],"curies":[{"name":"wp","href":"https:\/\/api.w.org\/{rel}","templated":true}]}}