{"id":226630,"date":"2024-03-01T16:55:51","date_gmt":"2024-03-01T15:55:51","guid":{"rendered":"https:\/\/www.csj-emballages.com\/produit\/25-evan-color-cardboard-pastry-boxes-40-x-5-cm\/"},"modified":"2026-04-22T02:11:28","modified_gmt":"2026-04-22T00:11:28","slug":"25-evan-color-cardboard-pastry-boxes-40-x-5-cm","status":"publish","type":"product","link":"https:\/\/www.csj-emballages.com\/en\/produit\/25-evan-color-cardboard-pastry-boxes-40-x-5-cm\/","title":{"rendered":"&#8216;Sensation&#8217; colorful cardboard pastry box 40 x 5 cm, pack of 25"},"content":{"rendered":"<h2 data-start=\"251\" data-end=\"581\">&#8216;Sensation&#8217; colorful cardboard pastry box 40 x 5 cm, pack of 25<\/h2>\n<hr>\n<h3 data-start=\"251\" data-end=\"581\">Discover our &#8216;Sensation&#8217; colorful cardboard pastry box 40 x 5 cm, pack of 25<\/h3>\n<p><!--more--><\/p>\n<p data-start=\"251\" data-end=\"581\">The <strong>&#8216;Sensation&#8217; colorful cardboard pastry box 40 x 5 cm<\/strong> is ideal for enhancing and protecting your long pastry creations. With its bright and appetizing design, featuring visuals of refined desserts, it immediately showcases your products in-store and reinforces the quality image of your establishment. <\/p>\n<p data-start=\"583\" data-end=\"967\">Its large <strong>40 x 40 cm square<\/strong> format is perfectly suited for family tarts, large entremets, cakes, pastry sheets, or assortments to share. Its <strong>5 cm height<\/strong> is particularly suitable for low-profile pastries, while ensuring optimal support. <\/p>\n<p data-start=\"969\" data-end=\"1260\">The &#8216;<strong>Sensation<\/strong>&#8216; range appeals with its modern and appetizing world, ideal for pastry chefs, bakers, and caterers wishing to offer packaging that is both functional and attractive. It is suitable for daily sales as well as festive periods or special orders. <\/p>\n<p data-start=\"1262\" data-end=\"1529\">Easy to assemble and practical to handle, this box optimizes preparation time in the laboratory. Packaged in sets of <strong>25 units<\/strong>, it is adapted to the needs of professionals looking for an aesthetic and high-performance solution for their long creations. <\/p>\n<p data-start=\"1262\" data-end=\"1529\">\n<p style=\"text-align: right;\" data-start=\"1262\" data-end=\"1529\"><!--more--><\/p>\n<h4 data-start=\"1262\" data-end=\"1529\">Advantages :<\/h4>\n<ul>\n<li data-start=\"1490\" data-end=\"1557\">Large <strong>40 x 40 x 5 cm<\/strong> format ideal for large flat pastries.<\/li>\n<li data-start=\"1560\" data-end=\"1602\">Modern and appetizing &#8216;<strong>Sensation<\/strong>&#8216; design.<\/li>\n<li data-start=\"1605\" data-end=\"1648\">Rigid food-grade cardboard.<\/li>\n<li data-start=\"1690\" data-end=\"1742\">Suitable for tarts, sheets, and family-sized entremets.<\/li>\n<li data-start=\"1745\" data-end=\"1776\">Easy to assemble and use.<\/li>\n<li data-start=\"1823\" data-end=\"1863\">Practical packaging in packs of <strong>25 boxes<\/strong>.<\/li>\n<\/ul>\n<p>&nbsp;<\/p>\n<p><!--more--><\/p>\n<h4 data-start=\"1262\" data-end=\"1529\">Other information :<\/h4>\n<ul>\n<li><strong>Packaging<\/strong>: Pack of 25<\/li>\n<li><strong>Dimensions<\/strong>: 40 x 40 x 5 cm<\/li>\n<li><strong>Model<\/strong>: Sensation<\/li>\n<li><strong>Color<\/strong>: Green \/ White<\/li>\n<li><strong>Material<\/strong>: Cardboard<\/li>\n<\/ul>\n<p>&nbsp;<\/p>\n<p><!--more--><\/p>\n<p><a href=\"\/?product_cat=boites-patissieres-delicieuses\">View the rest of our range of Sensation pastry boxes<\/a><\/p>\n","protected":false},"excerpt":{"rendered":"<p>&#8216;Sensation&#8217; colorful cardboard pastry box 40 x 5 cm, pack of 25 Discover our &#8216;Sensation&#8217; colorful cardboard pastry box 40 x 5 cm, pack of 25<\/p>\n","protected":false},"featured_media":89855,"template":"","meta":{"_acf_changed":false},"product_brand":[],"product_cat":[1133,1160,4011,1263,1268,9272,1255],"product_tag":[],"class_list":{"0":"post-226630","1":"product","2":"type-product","3":"status-publish","4":"has-post-thumbnail","6":"product_cat-food-packaging","7":"product_cat-bakery","8":"product_cat-boxes-and-cases","9":"product_cat-pastry-boxes","10":"product_cat-colorful-pastry-boxes","11":"product_cat-colorful-pastry-boxes-lesson","12":"product_cat-destocking-promotion","14":"first","15":"instock","16":"sale","17":"taxable","18":"shipping-taxable","19":"purchasable","20":"product-type-simple"},"acf":[],"yoast_head":"<!-- This site is optimized with the Yoast SEO Premium plugin v26.6 (Yoast SEO v26.6) - https:\/\/yoast.com\/wordpress\/plugins\/seo\/ -->\n<title>&#039;Sensation&#039; Colorful Cardboard Pastry Box 40 x 5 cm, Pack of 25<\/title>\n<meta name=\"description\" content=\"&#039;Sensation&#039; colorful cardboard pastry box 40 x 40 x 5 cm, pack of 25. Ideal for large tarts and family-sized pastries.\" \/>\n<meta name=\"robots\" content=\"index, follow, max-snippet:-1, max-image-preview:large, max-video-preview:-1\" \/>\n<link rel=\"canonical\" href=\"https:\/\/www.csj-emballages.com\/en\/produit\/25-evan-color-cardboard-pastry-boxes-40-x-5-cm\/\" \/>\n<meta property=\"og:locale\" content=\"en_US\" \/>\n<meta property=\"og:type\" content=\"article\" \/>\n<meta property=\"og:title\" content=\"&#039;Sensation&#039; colorful cardboard pastry box 40 x 5 cm, pack of 25\" \/>\n<meta property=\"og:description\" content=\"&#039;Sensation&#039; colorful cardboard pastry box 40 x 40 x 5 cm, pack of 25. Ideal for large tarts and family-sized pastries.\" \/>\n<meta property=\"og:url\" content=\"https:\/\/www.csj-emballages.com\/en\/produit\/25-evan-color-cardboard-pastry-boxes-40-x-5-cm\/\" \/>\n<meta property=\"og:site_name\" content=\"CSJ Emballages\" \/>\n<meta property=\"article:publisher\" content=\"https:\/\/www.facebook.com\/csjemballages\" \/>\n<meta property=\"article:modified_time\" content=\"2026-04-22T00:11:28+00:00\" \/>\n<meta property=\"og:image\" content=\"https:\/\/www.csj-emballages.com\/wp-content\/uploads\/2024\/03\/Capture_d_ecran_2024-06-28_a_15.40.07-removebg-preview-1-e1724336254920.png\" \/>\n\t<meta property=\"og:image:width\" content=\"499\" \/>\n\t<meta property=\"og:image:height\" content=\"500\" \/>\n\t<meta property=\"og:image:type\" content=\"image\/png\" \/>\n<meta name=\"twitter:card\" content=\"summary_large_image\" \/>\n<meta name=\"twitter:label1\" content=\"Est. reading time\" \/>\n\t<meta name=\"twitter:data1\" content=\"1 minute\" \/>\n<script type=\"application\/ld+json\" class=\"yoast-schema-graph\">{\"@context\":\"https:\/\/schema.org\",\"@graph\":[{\"@type\":\"WebPage\",\"@id\":\"https:\/\/www.csj-emballages.com\/en\/produit\/25-evan-color-cardboard-pastry-boxes-40-x-5-cm\/\",\"url\":\"https:\/\/www.csj-emballages.com\/en\/produit\/25-evan-color-cardboard-pastry-boxes-40-x-5-cm\/\",\"name\":\"'Sensation' Colorful Cardboard Pastry Box 40 x 5 cm, Pack of 25\",\"isPartOf\":{\"@id\":\"https:\/\/www.csj-emballages.com\/en\/#website\"},\"primaryImageOfPage\":{\"@id\":\"https:\/\/www.csj-emballages.com\/en\/produit\/25-evan-color-cardboard-pastry-boxes-40-x-5-cm\/#primaryimage\"},\"image\":{\"@id\":\"https:\/\/www.csj-emballages.com\/en\/produit\/25-evan-color-cardboard-pastry-boxes-40-x-5-cm\/#primaryimage\"},\"thumbnailUrl\":\"https:\/\/www.csj-emballages.com\/wp-content\/uploads\/2024\/03\/Capture_d_ecran_2024-06-28_a_15.40.07-removebg-preview-1-e1724336254920.png\",\"datePublished\":\"2024-03-01T15:55:51+00:00\",\"dateModified\":\"2026-04-22T00:11:28+00:00\",\"description\":\"'Sensation' colorful cardboard pastry box 40 x 40 x 5 cm, pack of 25. Ideal for large tarts and family-sized pastries.\",\"breadcrumb\":{\"@id\":\"https:\/\/www.csj-emballages.com\/en\/produit\/25-evan-color-cardboard-pastry-boxes-40-x-5-cm\/#breadcrumb\"},\"inLanguage\":\"en-US\",\"potentialAction\":[{\"@type\":\"ReadAction\",\"target\":[\"https:\/\/www.csj-emballages.com\/en\/produit\/25-evan-color-cardboard-pastry-boxes-40-x-5-cm\/\"]}]},{\"@type\":\"ImageObject\",\"inLanguage\":\"en-US\",\"@id\":\"https:\/\/www.csj-emballages.com\/en\/produit\/25-evan-color-cardboard-pastry-boxes-40-x-5-cm\/#primaryimage\",\"url\":\"https:\/\/www.csj-emballages.com\/wp-content\/uploads\/2024\/03\/Capture_d_ecran_2024-06-28_a_15.40.07-removebg-preview-1-e1724336254920.png\",\"contentUrl\":\"https:\/\/www.csj-emballages.com\/wp-content\/uploads\/2024\/03\/Capture_d_ecran_2024-06-28_a_15.40.07-removebg-preview-1-e1724336254920.png\",\"width\":499,\"height\":500,\"caption\":\"Bo\u00eetes p\u00e2tissi\u00e8res Sensation 18x5 cm\"},{\"@type\":\"BreadcrumbList\",\"@id\":\"https:\/\/www.csj-emballages.com\/en\/produit\/25-evan-color-cardboard-pastry-boxes-40-x-5-cm\/#breadcrumb\",\"itemListElement\":[{\"@type\":\"ListItem\",\"position\":1,\"name\":\"Accueil\",\"item\":\"https:\/\/www.csj-emballages.com\/en\/food-packaging-universe\/\"},{\"@type\":\"ListItem\",\"position\":2,\"name\":\"Shop\",\"item\":\"https:\/\/www.csj-emballages.com\/shop\/\"},{\"@type\":\"ListItem\",\"position\":3,\"name\":\"&lsquo;Sensation&rsquo; colorful cardboard pastry box 40 x 5 cm, pack of 25\"}]},{\"@type\":\"WebSite\",\"@id\":\"https:\/\/www.csj-emballages.com\/en\/#website\",\"url\":\"https:\/\/www.csj-emballages.com\/en\/\",\"name\":\"CSJ Emballages\",\"description\":\"\",\"publisher\":{\"@id\":\"https:\/\/www.csj-emballages.com\/en\/#organization\"},\"potentialAction\":[{\"@type\":\"SearchAction\",\"target\":{\"@type\":\"EntryPoint\",\"urlTemplate\":\"https:\/\/www.csj-emballages.com\/en\/?s={search_term_string}\"},\"query-input\":{\"@type\":\"PropertyValueSpecification\",\"valueRequired\":true,\"valueName\":\"search_term_string\"}}],\"inLanguage\":\"en-US\"},{\"@type\":\"Organization\",\"@id\":\"https:\/\/www.csj-emballages.com\/en\/#Organization\/\",\"name\":\"CSJ Emballages\",\"url\":\"https:\/\/www.csj-emballages.com\/en\/\",\"logo\":{\"@type\":\"ImageObject\",\"inLanguage\":\"en-US\",\"@id\":\"https:\/\/www.csj-emballages.com\/en\/#\/schema\/logo\/image\/\",\"url\":\"https:\/\/www.csj-emballages.com\/wp-content\/uploads\/2023\/10\/logo_csj.webp\",\"contentUrl\":\"https:\/\/www.csj-emballages.com\/wp-content\/uploads\/2023\/10\/logo_csj.webp\",\"width\":250,\"height\":95,\"caption\":\"CSJ Emballages\"},\"image\":{\"@id\":\"https:\/\/www.csj-emballages.com\/en\/#\/schema\/logo\/image\/\"},\"sameAs\":[\"https:\/\/www.facebook.com\/csjemballages\"],\"address\":{\"@type\":\"PostalAddress\",\"streetAddress\":\"ZI La Lechere\",\"addressLocality\":\"Patornay\",\"postalCode\":\"39130\",\"addressCountry\":\"FR\"},\"contactPoint\":[{\"@type\":\"ContactPoint\",\"contactType\":\"Service client\",\"telephone\":\"0384254272\",\"email\":\"contact@csj-emballages.com\"}]}]}<\/script>\n<!-- \/ Yoast SEO Premium plugin. -->","yoast_head_json":{"title":"'Sensation' Colorful Cardboard Pastry Box 40 x 5 cm, Pack of 25","description":"'Sensation' colorful cardboard pastry box 40 x 40 x 5 cm, pack of 25. Ideal for large tarts and family-sized pastries.","robots":{"index":"index","follow":"follow","max-snippet":"max-snippet:-1","max-image-preview":"max-image-preview:large","max-video-preview":"max-video-preview:-1"},"canonical":"https:\/\/www.csj-emballages.com\/en\/produit\/25-evan-color-cardboard-pastry-boxes-40-x-5-cm\/","og_locale":"en_US","og_type":"article","og_title":"'Sensation' colorful cardboard pastry box 40 x 5 cm, pack of 25","og_description":"'Sensation' colorful cardboard pastry box 40 x 40 x 5 cm, pack of 25. Ideal for large tarts and family-sized pastries.","og_url":"https:\/\/www.csj-emballages.com\/en\/produit\/25-evan-color-cardboard-pastry-boxes-40-x-5-cm\/","og_site_name":"CSJ Emballages","article_publisher":"https:\/\/www.facebook.com\/csjemballages","article_modified_time":"2026-04-22T00:11:28+00:00","og_image":[{"width":499,"height":500,"url":"https:\/\/www.csj-emballages.com\/wp-content\/uploads\/2024\/03\/Capture_d_ecran_2024-06-28_a_15.40.07-removebg-preview-1-e1724336254920.png","type":"image\/png"}],"twitter_card":"summary_large_image","twitter_misc":{"Est. reading time":"1 minute"},"schema":{"@context":"https:\/\/schema.org","@graph":[{"@type":"WebPage","@id":"https:\/\/www.csj-emballages.com\/en\/produit\/25-evan-color-cardboard-pastry-boxes-40-x-5-cm\/","url":"https:\/\/www.csj-emballages.com\/en\/produit\/25-evan-color-cardboard-pastry-boxes-40-x-5-cm\/","name":"'Sensation' Colorful Cardboard Pastry Box 40 x 5 cm, Pack of 25","isPartOf":{"@id":"https:\/\/www.csj-emballages.com\/en\/#website"},"primaryImageOfPage":{"@id":"https:\/\/www.csj-emballages.com\/en\/produit\/25-evan-color-cardboard-pastry-boxes-40-x-5-cm\/#primaryimage"},"image":{"@id":"https:\/\/www.csj-emballages.com\/en\/produit\/25-evan-color-cardboard-pastry-boxes-40-x-5-cm\/#primaryimage"},"thumbnailUrl":"https:\/\/www.csj-emballages.com\/wp-content\/uploads\/2024\/03\/Capture_d_ecran_2024-06-28_a_15.40.07-removebg-preview-1-e1724336254920.png","datePublished":"2024-03-01T15:55:51+00:00","dateModified":"2026-04-22T00:11:28+00:00","description":"'Sensation' colorful cardboard pastry box 40 x 40 x 5 cm, pack of 25. Ideal for large tarts and family-sized pastries.","breadcrumb":{"@id":"https:\/\/www.csj-emballages.com\/en\/produit\/25-evan-color-cardboard-pastry-boxes-40-x-5-cm\/#breadcrumb"},"inLanguage":"en-US","potentialAction":[{"@type":"ReadAction","target":["https:\/\/www.csj-emballages.com\/en\/produit\/25-evan-color-cardboard-pastry-boxes-40-x-5-cm\/"]}]},{"@type":"ImageObject","inLanguage":"en-US","@id":"https:\/\/www.csj-emballages.com\/en\/produit\/25-evan-color-cardboard-pastry-boxes-40-x-5-cm\/#primaryimage","url":"https:\/\/www.csj-emballages.com\/wp-content\/uploads\/2024\/03\/Capture_d_ecran_2024-06-28_a_15.40.07-removebg-preview-1-e1724336254920.png","contentUrl":"https:\/\/www.csj-emballages.com\/wp-content\/uploads\/2024\/03\/Capture_d_ecran_2024-06-28_a_15.40.07-removebg-preview-1-e1724336254920.png","width":499,"height":500,"caption":"Bo\u00eetes p\u00e2tissi\u00e8res Sensation 18x5 cm"},{"@type":"BreadcrumbList","@id":"https:\/\/www.csj-emballages.com\/en\/produit\/25-evan-color-cardboard-pastry-boxes-40-x-5-cm\/#breadcrumb","itemListElement":[{"@type":"ListItem","position":1,"name":"Accueil","item":"https:\/\/www.csj-emballages.com\/en\/food-packaging-universe\/"},{"@type":"ListItem","position":2,"name":"Shop","item":"https:\/\/www.csj-emballages.com\/shop\/"},{"@type":"ListItem","position":3,"name":"&lsquo;Sensation&rsquo; colorful cardboard pastry box 40 x 5 cm, pack of 25"}]},{"@type":"WebSite","@id":"https:\/\/www.csj-emballages.com\/en\/#website","url":"https:\/\/www.csj-emballages.com\/en\/","name":"CSJ Emballages","description":"","publisher":{"@id":"https:\/\/www.csj-emballages.com\/en\/#organization"},"potentialAction":[{"@type":"SearchAction","target":{"@type":"EntryPoint","urlTemplate":"https:\/\/www.csj-emballages.com\/en\/?s={search_term_string}"},"query-input":{"@type":"PropertyValueSpecification","valueRequired":true,"valueName":"search_term_string"}}],"inLanguage":"en-US"},{"@type":"Organization","@id":"https:\/\/www.csj-emballages.com\/en\/#Organization\/","name":"CSJ Emballages","url":"https:\/\/www.csj-emballages.com\/en\/","logo":{"@type":"ImageObject","inLanguage":"en-US","@id":"https:\/\/www.csj-emballages.com\/en\/#\/schema\/logo\/image\/","url":"https:\/\/www.csj-emballages.com\/wp-content\/uploads\/2023\/10\/logo_csj.webp","contentUrl":"https:\/\/www.csj-emballages.com\/wp-content\/uploads\/2023\/10\/logo_csj.webp","width":250,"height":95,"caption":"CSJ Emballages"},"image":{"@id":"https:\/\/www.csj-emballages.com\/en\/#\/schema\/logo\/image\/"},"sameAs":["https:\/\/www.facebook.com\/csjemballages"],"address":{"@type":"PostalAddress","streetAddress":"ZI La Lechere","addressLocality":"Patornay","postalCode":"39130","addressCountry":"FR"},"contactPoint":[{"@type":"ContactPoint","contactType":"Service client","telephone":"0384254272","email":"contact@csj-emballages.com"}]}]}},"df_price":14.46,"df_sale_price":14.46,"df_regular_price":18.07,"df_image_link":"https:\/\/www.csj-emballages.com\/wp-content\/uploads\/2024\/03\/Capture_d_ecran_2024-06-28_a_15.40.07-removebg-preview-1-300x300.png","tiered_pricing_type":"fixed","tiered_pricing_fixed_rules":[],"tiered_pricing_percentage_rules":[],"tiered_pricing_minimum":1,"tiered_pricing_roles_data":[],"_links":{"self":[{"href":"https:\/\/www.csj-emballages.com\/en\/wp-json\/wp\/v2\/product\/226630","targetHints":{"allow":["GET"]}}],"collection":[{"href":"https:\/\/www.csj-emballages.com\/en\/wp-json\/wp\/v2\/product"}],"about":[{"href":"https:\/\/www.csj-emballages.com\/en\/wp-json\/wp\/v2\/types\/product"}],"wp:featuredmedia":[{"embeddable":true,"href":"https:\/\/www.csj-emballages.com\/en\/wp-json\/wp\/v2\/media\/89855"}],"wp:attachment":[{"href":"https:\/\/www.csj-emballages.com\/en\/wp-json\/wp\/v2\/media?parent=226630"}],"wp:term":[{"taxonomy":"product_brand","embeddable":true,"href":"https:\/\/www.csj-emballages.com\/en\/wp-json\/wp\/v2\/product_brand?post=226630"},{"taxonomy":"product_cat","embeddable":true,"href":"https:\/\/www.csj-emballages.com\/en\/wp-json\/wp\/v2\/product_cat?post=226630"},{"taxonomy":"product_tag","embeddable":true,"href":"https:\/\/www.csj-emballages.com\/en\/wp-json\/wp\/v2\/product_tag?post=226630"}],"curies":[{"name":"wp","href":"https:\/\/api.w.org\/{rel}","templated":true}]}}