{"id":20803,"date":"2024-03-01T16:54:18","date_gmt":"2024-03-01T15:54:18","guid":{"rendered":"https:\/\/u15jnbdpoq.preview.infomaniak.website\/produit\/14-mesh-elastic-net-50m\/"},"modified":"2026-03-12T16:24:52","modified_gmt":"2026-03-12T15:24:52","slug":"14-mesh-elastic-net-50m","status":"publish","type":"product","link":"https:\/\/www.csj-emballages.com\/en\/produit\/14-mesh-elastic-net-50m\/","title":{"rendered":"Elastic net 14 mesh 50m"},"content":{"rendered":"<h2 class=\"p1\">Elastic net<\/h2>\n<hr>\n<h3>Description of our elastic net 14 mesh 50m<\/h3>\n<p><!--more--><\/p>\n<p data-start=\"220\" data-end=\"540\">The <strong>14 mesh elastic net in 50-meter roll<\/strong> is specially designed for holding and shaping <strong>butcher and delicatessen preparations<\/strong>. Flexible and strong, it ensures uniform hold for <strong>roasts, hams, paupiettes or other meat cuts<\/strong> intended for cooking or presentation. <\/p>\n<p data-start=\"542\" data-end=\"811\">Thanks to its <strong>14 mesh structure<\/strong>, this net provides optimal hold while easily adapting to different piece sizes. Its elasticity ensures even tightening without deforming the meat, thus ensuring uniform cooking and a neat presentation. <\/p>\n<p data-start=\"813\" data-end=\"1086\">Easy to use and cut to the desired length, it adapts to the daily needs of professionals. Packaged in a <strong>50-meter<\/strong> roll, it provides an economical and practical solution for butcher shops, delicatessens, caterers and processing facilities. <\/p>\n<p data-start=\"1088\" data-end=\"1248\">Designed for food use, this <strong>elastic net<\/strong> is an essential accessory for achieving a professional result, both in the display case and after cooking.<\/p>\n<p>&nbsp;<\/p>\n<p><!--more--><\/p>\n<p><strong>Advantages :<\/strong><\/p>\n<ul>\n<li data-start=\"530\" data-end=\"622\">Allows shaping and maintaining the form of meat cuts.<\/li>\n<li data-start=\"623\" data-end=\"695\">Ensures good hold without excessive compression.<\/li>\n<li data-start=\"696\" data-end=\"792\">Suitable for delicatessen, rotisserie and other preparations.<\/li>\n<li data-start=\"793\" data-end=\"877\"><strong data-start=\"830\" data-end=\"843\">50-meter<\/strong> roll for extended use.<\/li>\n<li data-start=\"878\" data-end=\"961\">Designed to withstand cooking temperatures.<\/li>\n<\/ul>\n<p>&nbsp;<\/p>\n<p><!--more--><\/p>\n<h4>Other information :<\/h4>\n<ul>\n<li><strong>Packaging<\/strong>: by unit<\/li>\n<li><b>Length: <\/b>50 m<\/li>\n<li><strong>Color<\/strong>: White<\/li>\n<li><strong>Material<\/strong>: Polyester<\/li>\n<li><strong>Number of meshes<\/strong>: 14<\/li>\n<li><strong>Operating temperature<\/strong>: -18\u00baC\/+100\u00baC<\/li>\n<\/ul>\n<p>&nbsp;<\/p>\n<p><!--more--><\/p>\n<p>This product is available in different sizes: <span style=\"color: #d12727;\"><a style=\"color: #d12727;\" href=\"https:\/\/www.csj-emballages.com\/es\/produit\/red-elastica-de-malla-16-50-m\/\">16 mesh<\/a><\/span> \/ <span style=\"color: #d12727;\"><a style=\"color: #d12727;\" href=\"https:\/\/www.csj-emballages.com\/es\/produit\/red-elastica-18-mallas-50-m\/\">18 mesh<\/a><\/span><\/p>\n<p>&nbsp;<\/p>\n<p><!--more--><\/p>\n<p><a href=\"https:\/\/www.csj-emballages.com\/en\/categorie-produit\/food-packaging\/butchery-and-delicatessen\/coils-nets\/\">See the rest of our range of coils \/ nets<\/a><\/p>\n","protected":false},"excerpt":{"rendered":"<p>Elastic net Description of our elastic net 14 mesh 50m<\/p>\n","protected":false},"featured_media":225344,"template":"","meta":{"_acf_changed":false},"product_brand":[],"product_cat":[1159,2626],"product_tag":[],"class_list":{"0":"post-20803","1":"product","2":"type-product","3":"status-publish","4":"has-post-thumbnail","6":"product_cat-butchery-and-delicatessen","7":"product_cat-coils-nets","9":"first","10":"instock","11":"taxable","12":"shipping-taxable","13":"purchasable","14":"product-type-simple"},"acf":[],"yoast_head":"<!-- This site is optimized with the Yoast SEO Premium plugin v26.6 (Yoast SEO v26.6) - https:\/\/yoast.com\/wordpress\/plugins\/seo\/ -->\n<title>14 mesh elastic net 50m<\/title>\n<meta name=\"description\" content=\"Elastic net 14 mesh - 50 m: Ideal for holding and shaping meat during cooking or storage. Strong and flexible, perfect hold.\" \/>\n<meta name=\"robots\" content=\"index, follow, max-snippet:-1, max-image-preview:large, max-video-preview:-1\" \/>\n<link rel=\"canonical\" href=\"https:\/\/www.csj-emballages.com\/en\/produit\/14-mesh-elastic-net-50m\/\" \/>\n<meta property=\"og:locale\" content=\"en_US\" \/>\n<meta property=\"og:type\" content=\"article\" \/>\n<meta property=\"og:title\" content=\"Elastic net 14 mesh 50m\" \/>\n<meta property=\"og:description\" content=\"Elastic net 14 mesh - 50 m: Ideal for holding and shaping meat during cooking or storage. Strong and flexible, perfect hold.\" \/>\n<meta property=\"og:url\" content=\"https:\/\/www.csj-emballages.com\/en\/produit\/14-mesh-elastic-net-50m\/\" \/>\n<meta property=\"og:site_name\" content=\"CSJ Emballages\" \/>\n<meta property=\"article:publisher\" content=\"https:\/\/www.facebook.com\/csjemballages\" \/>\n<meta property=\"article:modified_time\" content=\"2026-03-12T15:24:52+00:00\" \/>\n<meta property=\"og:image\" content=\"https:\/\/www.csj-emballages.com\/wp-content\/uploads\/2024\/03\/Filets-14-png.webp\" \/>\n\t<meta property=\"og:image:width\" content=\"800\" \/>\n\t<meta property=\"og:image:height\" content=\"800\" \/>\n\t<meta property=\"og:image:type\" content=\"image\/png\" \/>\n<meta name=\"twitter:card\" content=\"summary_large_image\" \/>\n<meta name=\"twitter:label1\" content=\"Est. reading time\" \/>\n\t<meta name=\"twitter:data1\" content=\"1 minute\" \/>\n<script type=\"application\/ld+json\" class=\"yoast-schema-graph\">{\"@context\":\"https:\/\/schema.org\",\"@graph\":[{\"@type\":\"WebPage\",\"@id\":\"https:\/\/www.csj-emballages.com\/en\/produit\/14-mesh-elastic-net-50m\/\",\"url\":\"https:\/\/www.csj-emballages.com\/en\/produit\/14-mesh-elastic-net-50m\/\",\"name\":\"14 mesh elastic net 50m\",\"isPartOf\":{\"@id\":\"https:\/\/www.csj-emballages.com\/en\/#website\"},\"primaryImageOfPage\":{\"@id\":\"https:\/\/www.csj-emballages.com\/en\/produit\/14-mesh-elastic-net-50m\/#primaryimage\"},\"image\":{\"@id\":\"https:\/\/www.csj-emballages.com\/en\/produit\/14-mesh-elastic-net-50m\/#primaryimage\"},\"thumbnailUrl\":\"https:\/\/www.csj-emballages.com\/wp-content\/uploads\/2024\/03\/Filets-14-png.webp\",\"datePublished\":\"2024-03-01T15:54:18+00:00\",\"dateModified\":\"2026-03-12T15:24:52+00:00\",\"description\":\"Elastic net 14 mesh - 50 m: Ideal for holding and shaping meat during cooking or storage. Strong and flexible, perfect hold.\",\"breadcrumb\":{\"@id\":\"https:\/\/www.csj-emballages.com\/en\/produit\/14-mesh-elastic-net-50m\/#breadcrumb\"},\"inLanguage\":\"en-US\",\"potentialAction\":[{\"@type\":\"ReadAction\",\"target\":[\"https:\/\/www.csj-emballages.com\/en\/produit\/14-mesh-elastic-net-50m\/\"]}]},{\"@type\":\"ImageObject\",\"inLanguage\":\"en-US\",\"@id\":\"https:\/\/www.csj-emballages.com\/en\/produit\/14-mesh-elastic-net-50m\/#primaryimage\",\"url\":\"https:\/\/www.csj-emballages.com\/wp-content\/uploads\/2024\/03\/Filets-14-png.webp\",\"contentUrl\":\"https:\/\/www.csj-emballages.com\/wp-content\/uploads\/2024\/03\/Filets-14-png.webp\",\"width\":800,\"height\":800,\"caption\":\"Filet \u00e9lastique 14 mailles - 50 m : Id\u00e9al pour le maintien et le fa\u00e7onnage des viandes en cuisson ou stockage. R\u00e9sistant et souple, il garantit un maintien parfait\"},{\"@type\":\"BreadcrumbList\",\"@id\":\"https:\/\/www.csj-emballages.com\/en\/produit\/14-mesh-elastic-net-50m\/#breadcrumb\",\"itemListElement\":[{\"@type\":\"ListItem\",\"position\":1,\"name\":\"Accueil\",\"item\":\"https:\/\/www.csj-emballages.com\/en\/food-packaging-universe\/\"},{\"@type\":\"ListItem\",\"position\":2,\"name\":\"Shop\",\"item\":\"https:\/\/www.csj-emballages.com\/shop\/\"},{\"@type\":\"ListItem\",\"position\":3,\"name\":\"Elastic net 14 mesh 50m\"}]},{\"@type\":\"WebSite\",\"@id\":\"https:\/\/www.csj-emballages.com\/en\/#website\",\"url\":\"https:\/\/www.csj-emballages.com\/en\/\",\"name\":\"CSJ Emballages\",\"description\":\"\",\"publisher\":{\"@id\":\"https:\/\/www.csj-emballages.com\/en\/#organization\"},\"potentialAction\":[{\"@type\":\"SearchAction\",\"target\":{\"@type\":\"EntryPoint\",\"urlTemplate\":\"https:\/\/www.csj-emballages.com\/en\/?s={search_term_string}\"},\"query-input\":{\"@type\":\"PropertyValueSpecification\",\"valueRequired\":true,\"valueName\":\"search_term_string\"}}],\"inLanguage\":\"en-US\"},{\"@type\":\"Organization\",\"@id\":\"https:\/\/www.csj-emballages.com\/en\/#Organization\/\",\"name\":\"CSJ Emballages\",\"url\":\"https:\/\/www.csj-emballages.com\/en\/\",\"logo\":{\"@type\":\"ImageObject\",\"inLanguage\":\"en-US\",\"@id\":\"https:\/\/www.csj-emballages.com\/en\/#\/schema\/logo\/image\/\",\"url\":\"https:\/\/www.csj-emballages.com\/wp-content\/uploads\/2023\/10\/logo_csj.webp\",\"contentUrl\":\"https:\/\/www.csj-emballages.com\/wp-content\/uploads\/2023\/10\/logo_csj.webp\",\"width\":250,\"height\":95,\"caption\":\"CSJ Emballages\"},\"image\":{\"@id\":\"https:\/\/www.csj-emballages.com\/en\/#\/schema\/logo\/image\/\"},\"sameAs\":[\"https:\/\/www.facebook.com\/csjemballages\"],\"address\":{\"@type\":\"PostalAddress\",\"streetAddress\":\"ZI La Lechere\",\"addressLocality\":\"Patornay\",\"postalCode\":\"39130\",\"addressCountry\":\"FR\"},\"contactPoint\":[{\"@type\":\"ContactPoint\",\"contactType\":\"Service client\",\"telephone\":\"0384254272\",\"email\":\"contact@csj-emballages.com\"}]}]}<\/script>\n<!-- \/ Yoast SEO Premium plugin. -->","yoast_head_json":{"title":"14 mesh elastic net 50m","description":"Elastic net 14 mesh - 50 m: Ideal for holding and shaping meat during cooking or storage. Strong and flexible, perfect hold.","robots":{"index":"index","follow":"follow","max-snippet":"max-snippet:-1","max-image-preview":"max-image-preview:large","max-video-preview":"max-video-preview:-1"},"canonical":"https:\/\/www.csj-emballages.com\/en\/produit\/14-mesh-elastic-net-50m\/","og_locale":"en_US","og_type":"article","og_title":"Elastic net 14 mesh 50m","og_description":"Elastic net 14 mesh - 50 m: Ideal for holding and shaping meat during cooking or storage. Strong and flexible, perfect hold.","og_url":"https:\/\/www.csj-emballages.com\/en\/produit\/14-mesh-elastic-net-50m\/","og_site_name":"CSJ Emballages","article_publisher":"https:\/\/www.facebook.com\/csjemballages","article_modified_time":"2026-03-12T15:24:52+00:00","og_image":[{"width":800,"height":800,"url":"https:\/\/www.csj-emballages.com\/wp-content\/uploads\/2024\/03\/Filets-14-png.webp","type":"image\/png"}],"twitter_card":"summary_large_image","twitter_misc":{"Est. reading time":"1 minute"},"schema":{"@context":"https:\/\/schema.org","@graph":[{"@type":"WebPage","@id":"https:\/\/www.csj-emballages.com\/en\/produit\/14-mesh-elastic-net-50m\/","url":"https:\/\/www.csj-emballages.com\/en\/produit\/14-mesh-elastic-net-50m\/","name":"14 mesh elastic net 50m","isPartOf":{"@id":"https:\/\/www.csj-emballages.com\/en\/#website"},"primaryImageOfPage":{"@id":"https:\/\/www.csj-emballages.com\/en\/produit\/14-mesh-elastic-net-50m\/#primaryimage"},"image":{"@id":"https:\/\/www.csj-emballages.com\/en\/produit\/14-mesh-elastic-net-50m\/#primaryimage"},"thumbnailUrl":"https:\/\/www.csj-emballages.com\/wp-content\/uploads\/2024\/03\/Filets-14-png.webp","datePublished":"2024-03-01T15:54:18+00:00","dateModified":"2026-03-12T15:24:52+00:00","description":"Elastic net 14 mesh - 50 m: Ideal for holding and shaping meat during cooking or storage. Strong and flexible, perfect hold.","breadcrumb":{"@id":"https:\/\/www.csj-emballages.com\/en\/produit\/14-mesh-elastic-net-50m\/#breadcrumb"},"inLanguage":"en-US","potentialAction":[{"@type":"ReadAction","target":["https:\/\/www.csj-emballages.com\/en\/produit\/14-mesh-elastic-net-50m\/"]}]},{"@type":"ImageObject","inLanguage":"en-US","@id":"https:\/\/www.csj-emballages.com\/en\/produit\/14-mesh-elastic-net-50m\/#primaryimage","url":"https:\/\/www.csj-emballages.com\/wp-content\/uploads\/2024\/03\/Filets-14-png.webp","contentUrl":"https:\/\/www.csj-emballages.com\/wp-content\/uploads\/2024\/03\/Filets-14-png.webp","width":800,"height":800,"caption":"Filet \u00e9lastique 14 mailles - 50 m : Id\u00e9al pour le maintien et le fa\u00e7onnage des viandes en cuisson ou stockage. R\u00e9sistant et souple, il garantit un maintien parfait"},{"@type":"BreadcrumbList","@id":"https:\/\/www.csj-emballages.com\/en\/produit\/14-mesh-elastic-net-50m\/#breadcrumb","itemListElement":[{"@type":"ListItem","position":1,"name":"Accueil","item":"https:\/\/www.csj-emballages.com\/en\/food-packaging-universe\/"},{"@type":"ListItem","position":2,"name":"Shop","item":"https:\/\/www.csj-emballages.com\/shop\/"},{"@type":"ListItem","position":3,"name":"Elastic net 14 mesh 50m"}]},{"@type":"WebSite","@id":"https:\/\/www.csj-emballages.com\/en\/#website","url":"https:\/\/www.csj-emballages.com\/en\/","name":"CSJ Emballages","description":"","publisher":{"@id":"https:\/\/www.csj-emballages.com\/en\/#organization"},"potentialAction":[{"@type":"SearchAction","target":{"@type":"EntryPoint","urlTemplate":"https:\/\/www.csj-emballages.com\/en\/?s={search_term_string}"},"query-input":{"@type":"PropertyValueSpecification","valueRequired":true,"valueName":"search_term_string"}}],"inLanguage":"en-US"},{"@type":"Organization","@id":"https:\/\/www.csj-emballages.com\/en\/#Organization\/","name":"CSJ Emballages","url":"https:\/\/www.csj-emballages.com\/en\/","logo":{"@type":"ImageObject","inLanguage":"en-US","@id":"https:\/\/www.csj-emballages.com\/en\/#\/schema\/logo\/image\/","url":"https:\/\/www.csj-emballages.com\/wp-content\/uploads\/2023\/10\/logo_csj.webp","contentUrl":"https:\/\/www.csj-emballages.com\/wp-content\/uploads\/2023\/10\/logo_csj.webp","width":250,"height":95,"caption":"CSJ Emballages"},"image":{"@id":"https:\/\/www.csj-emballages.com\/en\/#\/schema\/logo\/image\/"},"sameAs":["https:\/\/www.facebook.com\/csjemballages"],"address":{"@type":"PostalAddress","streetAddress":"ZI La Lechere","addressLocality":"Patornay","postalCode":"39130","addressCountry":"FR"},"contactPoint":[{"@type":"ContactPoint","contactType":"Service client","telephone":"0384254272","email":"contact@csj-emballages.com"}]}]}},"df_price":21.82,"df_sale_price":"","df_regular_price":21.82,"df_image_link":"https:\/\/www.csj-emballages.com\/wp-content\/uploads\/2024\/03\/Filets-14-300x300.webp","tiered_pricing_type":"fixed","tiered_pricing_fixed_rules":[],"tiered_pricing_percentage_rules":[],"tiered_pricing_minimum":1,"tiered_pricing_roles_data":[],"_links":{"self":[{"href":"https:\/\/www.csj-emballages.com\/en\/wp-json\/wp\/v2\/product\/20803","targetHints":{"allow":["GET"]}}],"collection":[{"href":"https:\/\/www.csj-emballages.com\/en\/wp-json\/wp\/v2\/product"}],"about":[{"href":"https:\/\/www.csj-emballages.com\/en\/wp-json\/wp\/v2\/types\/product"}],"wp:featuredmedia":[{"embeddable":true,"href":"https:\/\/www.csj-emballages.com\/en\/wp-json\/wp\/v2\/media\/225344"}],"wp:attachment":[{"href":"https:\/\/www.csj-emballages.com\/en\/wp-json\/wp\/v2\/media?parent=20803"}],"wp:term":[{"taxonomy":"product_brand","embeddable":true,"href":"https:\/\/www.csj-emballages.com\/en\/wp-json\/wp\/v2\/product_brand?post=20803"},{"taxonomy":"product_cat","embeddable":true,"href":"https:\/\/www.csj-emballages.com\/en\/wp-json\/wp\/v2\/product_cat?post=20803"},{"taxonomy":"product_tag","embeddable":true,"href":"https:\/\/www.csj-emballages.com\/en\/wp-json\/wp\/v2\/product_tag?post=20803"}],"curies":[{"name":"wp","href":"https:\/\/api.w.org\/{rel}","templated":true}]}}