{"id":19950,"date":"2024-03-01T16:56:05","date_gmt":"2024-03-01T15:56:05","guid":{"rendered":"https:\/\/u15jnbdpoq.preview.infomaniak.website\/produit\/25-white-cardboard-window-boxes-130-x-90-x-130-mm-n0-2\/"},"modified":"2026-03-17T02:11:52","modified_gmt":"2026-03-17T01:11:52","slug":"25-white-cardboard-window-boxes-130-x-90-x-130-mm-n0-2","status":"publish","type":"product","link":"https:\/\/www.csj-emballages.com\/en\/produit\/25-white-cardboard-window-boxes-130-x-90-x-130-mm-n0-2\/","title":{"rendered":"White cardboard hen box with window 130 x 90 x 130 mm N\u00b00 per 25"},"content":{"rendered":"<div class=\"elementor-element elementor-element-6621759 e-no-lazyload e-flex e-con-boxed e-con e-parent e-lazyloaded\" data-id=\"6621759\" data-element_type=\"container\">\n<div class=\"e-con-inner\">\n<div class=\"elementor-element elementor-element-4756e65 e-con-full e-flex e-con e-child\" data-id=\"4756e65\" data-element_type=\"container\">\n<div class=\"elementor-element elementor-element-a25940d elementor-widget elementor-widget-woocommerce-product-data-tabs\" data-id=\"a25940d\" data-element_type=\"widget\" data-widget_type=\"woocommerce-product-data-tabs.default\">\n<div class=\"elementor-widget-container\">\n<div class=\"woocommerce-tabs wc-tabs-wrapper\">\n<div id=\"tab-description\" class=\"woocommerce-Tabs-panel woocommerce-Tabs-panel--description panel entry-content wc-tab\" role=\"tabpanel\" aria-labelledby=\"tab-title-description\">\n<h2 class=\"p1\">Chicken box<\/h2>\n<hr>\n<h3>Description of our white cardboard hen box with window 130 x 90 x 130 mm N\u00b00 per 25<\/h3>\n<p><!--more--><\/p>\n<p>The <strong data-start=\"31\" data-end=\"103\">white cardboard chicken box with window (130 x 90 x 130 mm &#8211; No. 0)<\/strong> is ideal for the secure transport of your <strong>chocolate chicken<\/strong>. Made from durable cardboard, it ensures excellent stability and optimal protection during transport. With its <strong data-start=\"310\" data-end=\"334\" data-is-only-node=\"\">clear window<\/strong>, it offers immediate visibility of the contents, thereby showcasing your product to customers. Sold in packs of <strong>25<\/strong>, it is perfectly suited to the needs of <b>bakeries and pastry shops<\/b>.<\/p>\n<p>&nbsp;<\/p>\n<p><!--more--><\/p>\n<p><strong>Their advantages:<\/strong><\/p>\n<div>\n<ul>\n<li data-start=\"589\" data-end=\"679\"><strong data-start=\"591\" data-end=\"611\">Strong cardboard<\/strong>: Provides optimum protection for transporting Easter hens.<\/li>\n<li data-start=\"680\" data-end=\"765\"><strong data-start=\"682\" data-end=\"706\">Transparent window<\/strong>: Highlights the product and facilitates identification.<\/li>\n<li data-start=\"766\" data-end=\"850\"><strong data-start=\"768\" data-end=\"807\">Practical size (130 x 90 x 130 mm)<\/strong>: Ideal for small chocolate hens.<\/li>\n<li data-start=\"851\" data-end=\"903\"><strong data-start=\"853\" data-end=\"867\">Eco-friendly<\/strong>: Made from recyclable cardboard.<\/li>\n<\/ul>\n<\/div>\n<p>&nbsp;<\/p>\n<p><!--more--><\/p>\n<h4>Other information :<\/h4>\n<ul>\n<li><strong>Packaging<\/strong>: Pack of 25<\/li>\n<li><strong>Dimensions<\/strong>: 130 x 90 x 130 mm<\/li>\n<li><strong>Shape<\/strong>: Hen<\/li>\n<li><strong>Material<\/strong>: Cardboard<\/li>\n<li><strong>Color<\/strong>: White<\/li>\n<\/ul>\n<p>&nbsp;<\/p>\n<p><!--more--><\/p>\n<p><a href=\"\/?product_cat=boites-paques-1\">See the rest of our range of Easter boxes<\/a><\/p>\n<\/div>\n<\/div>\n<\/div>\n<\/div>\n<\/div>\n<\/div>\n<\/div>\n","protected":false},"excerpt":{"rendered":"<p>Chicken box Description of our white cardboard hen box with window 130 x 90 x 130 mm N\u00b00 per 25<\/p>\n","protected":false},"featured_media":224921,"template":"","meta":{"_acf_changed":false},"product_brand":[],"product_cat":[1133,1160,4011,1161,2063,1255],"product_tag":[],"class_list":{"0":"post-19950","1":"product","2":"type-product","3":"status-publish","4":"has-post-thumbnail","6":"product_cat-food-packaging","7":"product_cat-bakery","8":"product_cat-boxes-and-cases","9":"product_cat-window-boxes","10":"product_cat-easter-boxes","11":"product_cat-destocking-promotion","13":"first","14":"instock","15":"sale","16":"taxable","17":"shipping-taxable","18":"purchasable","19":"product-type-simple"},"acf":[],"yoast_head":"<!-- This site is optimized with the Yoast SEO Premium plugin v26.6 (Yoast SEO v26.6) - https:\/\/yoast.com\/wordpress\/plugins\/seo\/ -->\n<title>White cardboard hen box with window 130 x 90 x 130 mm, 25 pcs.<\/title>\n<meta name=\"description\" content=\"White cardboard hen box with window (130 x 90 x 130 mm). Practical, resistant and recyclable, ideal for the safe transport of your chocolate hens.\" \/>\n<meta name=\"robots\" content=\"index, follow, max-snippet:-1, max-image-preview:large, max-video-preview:-1\" \/>\n<link rel=\"canonical\" href=\"https:\/\/www.csj-emballages.com\/en\/produit\/25-white-cardboard-window-boxes-130-x-90-x-130-mm-n0-2\/\" \/>\n<meta property=\"og:locale\" content=\"en_US\" \/>\n<meta property=\"og:type\" content=\"article\" \/>\n<meta property=\"og:title\" content=\"White cardboard hen box with window 130 x 90 x 130 mm N\u00b00 per 25\" \/>\n<meta property=\"og:description\" content=\"White cardboard hen box with window (130 x 90 x 130 mm). Practical, resistant and recyclable, ideal for the safe transport of your chocolate hens.\" \/>\n<meta property=\"og:url\" content=\"https:\/\/www.csj-emballages.com\/en\/produit\/25-white-cardboard-window-boxes-130-x-90-x-130-mm-n0-2\/\" \/>\n<meta property=\"og:site_name\" content=\"CSJ Emballages\" \/>\n<meta property=\"article:publisher\" content=\"https:\/\/www.facebook.com\/csjemballages\" \/>\n<meta property=\"article:modified_time\" content=\"2026-03-17T01:11:52+00:00\" \/>\n<meta property=\"og:image\" content=\"https:\/\/www.csj-emballages.com\/wp-content\/uploads\/2024\/03\/Boite-poule-13-x-9-x-13-blanc.webp\" \/>\n\t<meta property=\"og:image:width\" content=\"800\" \/>\n\t<meta property=\"og:image:height\" content=\"800\" \/>\n\t<meta property=\"og:image:type\" content=\"image\/webp\" \/>\n<meta name=\"twitter:card\" content=\"summary_large_image\" \/>\n<meta name=\"twitter:label1\" content=\"Est. reading time\" \/>\n\t<meta name=\"twitter:data1\" content=\"1 minute\" \/>\n<script type=\"application\/ld+json\" class=\"yoast-schema-graph\">{\"@context\":\"https:\/\/schema.org\",\"@graph\":[{\"@type\":\"WebPage\",\"@id\":\"https:\/\/www.csj-emballages.com\/en\/produit\/25-white-cardboard-window-boxes-130-x-90-x-130-mm-n0-2\/\",\"url\":\"https:\/\/www.csj-emballages.com\/en\/produit\/25-white-cardboard-window-boxes-130-x-90-x-130-mm-n0-2\/\",\"name\":\"White cardboard hen box with window 130 x 90 x 130 mm, 25 pcs.\",\"isPartOf\":{\"@id\":\"https:\/\/www.csj-emballages.com\/en\/#website\"},\"primaryImageOfPage\":{\"@id\":\"https:\/\/www.csj-emballages.com\/en\/produit\/25-white-cardboard-window-boxes-130-x-90-x-130-mm-n0-2\/#primaryimage\"},\"image\":{\"@id\":\"https:\/\/www.csj-emballages.com\/en\/produit\/25-white-cardboard-window-boxes-130-x-90-x-130-mm-n0-2\/#primaryimage\"},\"thumbnailUrl\":\"https:\/\/www.csj-emballages.com\/wp-content\/uploads\/2024\/03\/Boite-poule-13-x-9-x-13-blanc.webp\",\"datePublished\":\"2024-03-01T15:56:05+00:00\",\"dateModified\":\"2026-03-17T01:11:52+00:00\",\"description\":\"White cardboard hen box with window (130 x 90 x 130 mm). Practical, resistant and recyclable, ideal for the safe transport of your chocolate hens.\",\"breadcrumb\":{\"@id\":\"https:\/\/www.csj-emballages.com\/en\/produit\/25-white-cardboard-window-boxes-130-x-90-x-130-mm-n0-2\/#breadcrumb\"},\"inLanguage\":\"en-US\",\"potentialAction\":[{\"@type\":\"ReadAction\",\"target\":[\"https:\/\/www.csj-emballages.com\/en\/produit\/25-white-cardboard-window-boxes-130-x-90-x-130-mm-n0-2\/\"]}]},{\"@type\":\"ImageObject\",\"inLanguage\":\"en-US\",\"@id\":\"https:\/\/www.csj-emballages.com\/en\/produit\/25-white-cardboard-window-boxes-130-x-90-x-130-mm-n0-2\/#primaryimage\",\"url\":\"https:\/\/www.csj-emballages.com\/wp-content\/uploads\/2024\/03\/Boite-poule-13-x-9-x-13-blanc.webp\",\"contentUrl\":\"https:\/\/www.csj-emballages.com\/wp-content\/uploads\/2024\/03\/Boite-poule-13-x-9-x-13-blanc.webp\",\"width\":800,\"height\":800,\"caption\":\"Boite \u00e0 poule carton blanc \u00e0 fen\u00eatre 130 x 90 x 130 mm N\u00b00 par 25\"},{\"@type\":\"BreadcrumbList\",\"@id\":\"https:\/\/www.csj-emballages.com\/en\/produit\/25-white-cardboard-window-boxes-130-x-90-x-130-mm-n0-2\/#breadcrumb\",\"itemListElement\":[{\"@type\":\"ListItem\",\"position\":1,\"name\":\"Accueil\",\"item\":\"https:\/\/www.csj-emballages.com\/en\/food-packaging-universe\/\"},{\"@type\":\"ListItem\",\"position\":2,\"name\":\"Shop\",\"item\":\"https:\/\/www.csj-emballages.com\/shop\/\"},{\"@type\":\"ListItem\",\"position\":3,\"name\":\"White cardboard hen box with window 130 x 90 x 130 mm N\u00b00 per 25\"}]},{\"@type\":\"WebSite\",\"@id\":\"https:\/\/www.csj-emballages.com\/en\/#website\",\"url\":\"https:\/\/www.csj-emballages.com\/en\/\",\"name\":\"CSJ Emballages\",\"description\":\"\",\"publisher\":{\"@id\":\"https:\/\/www.csj-emballages.com\/en\/#organization\"},\"potentialAction\":[{\"@type\":\"SearchAction\",\"target\":{\"@type\":\"EntryPoint\",\"urlTemplate\":\"https:\/\/www.csj-emballages.com\/en\/?s={search_term_string}\"},\"query-input\":{\"@type\":\"PropertyValueSpecification\",\"valueRequired\":true,\"valueName\":\"search_term_string\"}}],\"inLanguage\":\"en-US\"},{\"@type\":\"Organization\",\"@id\":\"https:\/\/www.csj-emballages.com\/en\/#Organization\/\",\"name\":\"CSJ Emballages\",\"url\":\"https:\/\/www.csj-emballages.com\/en\/\",\"logo\":{\"@type\":\"ImageObject\",\"inLanguage\":\"en-US\",\"@id\":\"https:\/\/www.csj-emballages.com\/en\/#\/schema\/logo\/image\/\",\"url\":\"https:\/\/www.csj-emballages.com\/wp-content\/uploads\/2023\/10\/logo_csj.webp\",\"contentUrl\":\"https:\/\/www.csj-emballages.com\/wp-content\/uploads\/2023\/10\/logo_csj.webp\",\"width\":250,\"height\":95,\"caption\":\"CSJ Emballages\"},\"image\":{\"@id\":\"https:\/\/www.csj-emballages.com\/en\/#\/schema\/logo\/image\/\"},\"sameAs\":[\"https:\/\/www.facebook.com\/csjemballages\"],\"address\":{\"@type\":\"PostalAddress\",\"streetAddress\":\"ZI La Lechere\",\"addressLocality\":\"Patornay\",\"postalCode\":\"39130\",\"addressCountry\":\"FR\"},\"contactPoint\":[{\"@type\":\"ContactPoint\",\"contactType\":\"Service client\",\"telephone\":\"0384254272\",\"email\":\"contact@csj-emballages.com\"}]}]}<\/script>\n<!-- \/ Yoast SEO Premium plugin. -->","yoast_head_json":{"title":"White cardboard hen box with window 130 x 90 x 130 mm, 25 pcs.","description":"White cardboard hen box with window (130 x 90 x 130 mm). Practical, resistant and recyclable, ideal for the safe transport of your chocolate hens.","robots":{"index":"index","follow":"follow","max-snippet":"max-snippet:-1","max-image-preview":"max-image-preview:large","max-video-preview":"max-video-preview:-1"},"canonical":"https:\/\/www.csj-emballages.com\/en\/produit\/25-white-cardboard-window-boxes-130-x-90-x-130-mm-n0-2\/","og_locale":"en_US","og_type":"article","og_title":"White cardboard hen box with window 130 x 90 x 130 mm N\u00b00 per 25","og_description":"White cardboard hen box with window (130 x 90 x 130 mm). Practical, resistant and recyclable, ideal for the safe transport of your chocolate hens.","og_url":"https:\/\/www.csj-emballages.com\/en\/produit\/25-white-cardboard-window-boxes-130-x-90-x-130-mm-n0-2\/","og_site_name":"CSJ Emballages","article_publisher":"https:\/\/www.facebook.com\/csjemballages","article_modified_time":"2026-03-17T01:11:52+00:00","og_image":[{"width":800,"height":800,"url":"https:\/\/www.csj-emballages.com\/wp-content\/uploads\/2024\/03\/Boite-poule-13-x-9-x-13-blanc.webp","type":"image\/webp"}],"twitter_card":"summary_large_image","twitter_misc":{"Est. reading time":"1 minute"},"schema":{"@context":"https:\/\/schema.org","@graph":[{"@type":"WebPage","@id":"https:\/\/www.csj-emballages.com\/en\/produit\/25-white-cardboard-window-boxes-130-x-90-x-130-mm-n0-2\/","url":"https:\/\/www.csj-emballages.com\/en\/produit\/25-white-cardboard-window-boxes-130-x-90-x-130-mm-n0-2\/","name":"White cardboard hen box with window 130 x 90 x 130 mm, 25 pcs.","isPartOf":{"@id":"https:\/\/www.csj-emballages.com\/en\/#website"},"primaryImageOfPage":{"@id":"https:\/\/www.csj-emballages.com\/en\/produit\/25-white-cardboard-window-boxes-130-x-90-x-130-mm-n0-2\/#primaryimage"},"image":{"@id":"https:\/\/www.csj-emballages.com\/en\/produit\/25-white-cardboard-window-boxes-130-x-90-x-130-mm-n0-2\/#primaryimage"},"thumbnailUrl":"https:\/\/www.csj-emballages.com\/wp-content\/uploads\/2024\/03\/Boite-poule-13-x-9-x-13-blanc.webp","datePublished":"2024-03-01T15:56:05+00:00","dateModified":"2026-03-17T01:11:52+00:00","description":"White cardboard hen box with window (130 x 90 x 130 mm). Practical, resistant and recyclable, ideal for the safe transport of your chocolate hens.","breadcrumb":{"@id":"https:\/\/www.csj-emballages.com\/en\/produit\/25-white-cardboard-window-boxes-130-x-90-x-130-mm-n0-2\/#breadcrumb"},"inLanguage":"en-US","potentialAction":[{"@type":"ReadAction","target":["https:\/\/www.csj-emballages.com\/en\/produit\/25-white-cardboard-window-boxes-130-x-90-x-130-mm-n0-2\/"]}]},{"@type":"ImageObject","inLanguage":"en-US","@id":"https:\/\/www.csj-emballages.com\/en\/produit\/25-white-cardboard-window-boxes-130-x-90-x-130-mm-n0-2\/#primaryimage","url":"https:\/\/www.csj-emballages.com\/wp-content\/uploads\/2024\/03\/Boite-poule-13-x-9-x-13-blanc.webp","contentUrl":"https:\/\/www.csj-emballages.com\/wp-content\/uploads\/2024\/03\/Boite-poule-13-x-9-x-13-blanc.webp","width":800,"height":800,"caption":"Boite \u00e0 poule carton blanc \u00e0 fen\u00eatre 130 x 90 x 130 mm N\u00b00 par 25"},{"@type":"BreadcrumbList","@id":"https:\/\/www.csj-emballages.com\/en\/produit\/25-white-cardboard-window-boxes-130-x-90-x-130-mm-n0-2\/#breadcrumb","itemListElement":[{"@type":"ListItem","position":1,"name":"Accueil","item":"https:\/\/www.csj-emballages.com\/en\/food-packaging-universe\/"},{"@type":"ListItem","position":2,"name":"Shop","item":"https:\/\/www.csj-emballages.com\/shop\/"},{"@type":"ListItem","position":3,"name":"White cardboard hen box with window 130 x 90 x 130 mm N\u00b00 per 25"}]},{"@type":"WebSite","@id":"https:\/\/www.csj-emballages.com\/en\/#website","url":"https:\/\/www.csj-emballages.com\/en\/","name":"CSJ Emballages","description":"","publisher":{"@id":"https:\/\/www.csj-emballages.com\/en\/#organization"},"potentialAction":[{"@type":"SearchAction","target":{"@type":"EntryPoint","urlTemplate":"https:\/\/www.csj-emballages.com\/en\/?s={search_term_string}"},"query-input":{"@type":"PropertyValueSpecification","valueRequired":true,"valueName":"search_term_string"}}],"inLanguage":"en-US"},{"@type":"Organization","@id":"https:\/\/www.csj-emballages.com\/en\/#Organization\/","name":"CSJ Emballages","url":"https:\/\/www.csj-emballages.com\/en\/","logo":{"@type":"ImageObject","inLanguage":"en-US","@id":"https:\/\/www.csj-emballages.com\/en\/#\/schema\/logo\/image\/","url":"https:\/\/www.csj-emballages.com\/wp-content\/uploads\/2023\/10\/logo_csj.webp","contentUrl":"https:\/\/www.csj-emballages.com\/wp-content\/uploads\/2023\/10\/logo_csj.webp","width":250,"height":95,"caption":"CSJ Emballages"},"image":{"@id":"https:\/\/www.csj-emballages.com\/en\/#\/schema\/logo\/image\/"},"sameAs":["https:\/\/www.facebook.com\/csjemballages"],"address":{"@type":"PostalAddress","streetAddress":"ZI La Lechere","addressLocality":"Patornay","postalCode":"39130","addressCountry":"FR"},"contactPoint":[{"@type":"ContactPoint","contactType":"Service client","telephone":"0384254272","email":"contact@csj-emballages.com"}]}]}},"df_price":18.06,"df_sale_price":18.06,"df_regular_price":21.24,"df_image_link":"https:\/\/www.csj-emballages.com\/wp-content\/uploads\/2024\/03\/Boite-poule-13-x-9-x-13-blanc-300x300.webp","tiered_pricing_type":"fixed","tiered_pricing_fixed_rules":[],"tiered_pricing_percentage_rules":[],"tiered_pricing_minimum":1,"tiered_pricing_roles_data":[],"_links":{"self":[{"href":"https:\/\/www.csj-emballages.com\/en\/wp-json\/wp\/v2\/product\/19950","targetHints":{"allow":["GET"]}}],"collection":[{"href":"https:\/\/www.csj-emballages.com\/en\/wp-json\/wp\/v2\/product"}],"about":[{"href":"https:\/\/www.csj-emballages.com\/en\/wp-json\/wp\/v2\/types\/product"}],"wp:featuredmedia":[{"embeddable":true,"href":"https:\/\/www.csj-emballages.com\/en\/wp-json\/wp\/v2\/media\/224921"}],"wp:attachment":[{"href":"https:\/\/www.csj-emballages.com\/en\/wp-json\/wp\/v2\/media?parent=19950"}],"wp:term":[{"taxonomy":"product_brand","embeddable":true,"href":"https:\/\/www.csj-emballages.com\/en\/wp-json\/wp\/v2\/product_brand?post=19950"},{"taxonomy":"product_cat","embeddable":true,"href":"https:\/\/www.csj-emballages.com\/en\/wp-json\/wp\/v2\/product_cat?post=19950"},{"taxonomy":"product_tag","embeddable":true,"href":"https:\/\/www.csj-emballages.com\/en\/wp-json\/wp\/v2\/product_tag?post=19950"}],"curies":[{"name":"wp","href":"https:\/\/api.w.org\/{rel}","templated":true}]}}