{"id":19857,"date":"2024-03-01T16:56:07","date_gmt":"2024-03-01T15:56:07","guid":{"rendered":"https:\/\/u15jnbdpoq.preview.infomaniak.website\/produit\/100-pizza-boxes-26-x-26-x-4-cm\/"},"modified":"2026-03-24T02:11:35","modified_gmt":"2026-03-24T01:11:35","slug":"100-pizza-boxes-26-x-26-x-4-cm","status":"publish","type":"product","link":"https:\/\/www.csj-emballages.com\/en\/produit\/100-pizza-boxes-26-x-26-x-4-cm\/","title":{"rendered":"Pizza box 26 x 26 x 4 cm per 100"},"content":{"rendered":"<h2>Pizza box<\/h2>\n<hr>\n<h3>Description of our pizza box 26 x 26 x 4 cm per 100<\/h3>\n<p><!--more--><\/p>\n<p data-start=\"213\" data-end=\"569\">If you&#8217;re looking for a reliable, sturdy <strong>pizza box<\/strong> that&#8217;s fun to use every day, this <strong data-start=\"306\" data-end=\"330\">26 x 26 x 4 cm box<\/strong> is just what you need. It&#8217;s the perfect size for an <g id=\"gid_2\">individual pizza<\/g> or a <g id=\"gid_3\">small pizza to share<\/g>, and best of all, it fits perfectly in your hand. Nothing gets squashed, nothing warps, even when the pizza&#8217;s just come out of the oven.  <\/p>\n<p data-start=\"571\" data-end=\"976\">Made from rigid <strong>cardboard<\/strong>, it withstands heat very well. As a result, your pizza stays firmly in place, doesn&#8217;t soften and arrives at the customer&#8217;s door with a consistently crisp base. Thanks to its simple closing system, you can wrap in a matter of seconds, without struggling with a temperamental flap or a cardboard box that tears. It&#8217;s smooth, fast, efficient&#8230; in short, perfect for rush jobs.   <\/p>\n<p data-start=\"978\" data-end=\"1305\">And that&#8217;s not all. Because the cardboard is microfluted, it limits condensation. So no soggy pizza or pizza that loses its texture. When your customers open the box, they&#8217;ll find a pizza that&#8217;s still warm and appetizing, with all its good smells. This improves the experience, and has a direct impact on satisfaction.    <\/p>\n<p data-start=\"1536\" data-end=\"1725\">Whether you&#8217;re a pizzeria, snack bar, food truck or restaurant with takeaway service, this <strong>pack of 100 boxes<\/strong> lets you manage your orders without stress, while maintaining consistent quality.<\/p>\n<p><!--more--><\/p>\n<h4><strong>Advantages :<\/strong><\/h4>\n<ul>\n<li data-start=\"1753\" data-end=\"1801\">Solid cardboard keeps pizza crisp.<\/li>\n<li data-start=\"1804\" data-end=\"1845\">Ideal size for individual pizzas.<\/li>\n<li data-start=\"1848\" data-end=\"1878\">Quick, convenient closure.<\/li>\n<li data-start=\"1881\" data-end=\"1929\">This pizza box resists heat and limits condensation.<\/li>\n<li data-start=\"1932\" data-end=\"1956\">Easy to customize.<\/li>\n<li data-start=\"1959\" data-end=\"2012\"><strong>Batch of 100<\/strong>: perfect for pros and very cost-effective.<\/li>\n<\/ul>\n<p>&nbsp;<\/p>\n<p><!--more--><\/p>\n<h4>Other information :<\/h4>\n<ul>\n<li><strong>Packaging<\/strong>: Pack of 100<\/li>\n<li><strong>Dimensions<\/strong>: 26 x 26 x 4 cm<\/li>\n<li><strong>Material<\/strong>: Cardboard<\/li>\n<\/ul>\n<p>&nbsp;<\/p>\n<p><!--more--><\/p>\n<p>Find here our pizza tripod : <span style=\"color: #d12727;\"><a style=\"color: #d12727;\" href=\"https:\/\/www.csj-emballages.com\/pt-pt\/produit\/200-tripes-de-plastico-para-pizza-37-mm\/\">PP<\/a><\/span><\/p>\n<p>&nbsp;<\/p>\n<p><!--more--><\/p>\n<p>This pizza box is available in different sizes: <span style=\"color: #d12727;\"><a style=\"color: #d12727;\" href=\"https:\/\/www.csj-emballages.com\/pt-pt\/produit\/100-caixas-de-pizza-29-x-29-x-4-cm-2\/\">29 x 29 x 4 cm<\/a> <\/span>\/ <span style=\"color: #d12727;\"><a style=\"color: #d12727;\" href=\"https:\/\/www.csj-emballages.com\/produit\/100-boites-a-pizza-31-x-31-x-4-cm\/\">31 x 31 x 4 cm<\/a><\/span> \/ <span style=\"color: #d12727;\"><a style=\"color: #d12727;\" href=\"https:\/\/www.csj-emballages.com\/produit\/100-boites-a-pizza-33-x-33-x-4-cm\/\">33 x 33 x 4 cm<\/a><\/span> \/ <span style=\"color: #d12727;\"><a style=\"color: #d12727;\" href=\"https:\/\/www.csj-emballages.com\/produit\/100-boites-a-pizza-40-x-40-x-4-cm\/\">40 x 40 x 4 cm<\/a><\/span><\/p>\n<p>&nbsp;<\/p>\n<p><!--more--><\/p>\n<p><a href=\"https:\/\/www.csj-emballages.com\/en\/categorie-produit\/food-packaging\/catering\/boxes-trays-pouches-cones\/pizza-boxes\/\">See the rest of our range of pizza boxes<\/a><\/p>\n","protected":false},"excerpt":{"rendered":"<p>Pizza box Description of our pizza box 26 x 26 x 4 cm per 100<\/p>\n","protected":false},"featured_media":8034,"template":"","meta":{"_acf_changed":false},"product_brand":[],"product_cat":[1133,1130,2235],"product_tag":[],"class_list":{"0":"post-19857","1":"product","2":"type-product","3":"status-publish","4":"has-post-thumbnail","6":"product_cat-food-packaging","7":"product_cat-catering","8":"product_cat-pizza-boxes","10":"first","11":"instock","12":"taxable","13":"shipping-taxable","14":"purchasable","15":"product-type-simple"},"acf":[],"yoast_head":"<!-- This site is optimized with the Yoast SEO Premium plugin v26.6 (Yoast SEO v26.6) - https:\/\/yoast.com\/wordpress\/plugins\/seo\/ -->\n<title>Pizza Box 26 x 26 x 4 cm per 100<\/title>\n<meta name=\"description\" content=\"Pizza box 26 x 26 x 4 cm per 100. Sturdy, practical and designed to keep pizza hot and crisp. Ideal for pizzerias and takeaways.\" \/>\n<meta name=\"robots\" content=\"index, follow, max-snippet:-1, max-image-preview:large, max-video-preview:-1\" \/>\n<link rel=\"canonical\" href=\"https:\/\/www.csj-emballages.com\/en\/produit\/100-pizza-boxes-26-x-26-x-4-cm\/\" \/>\n<meta property=\"og:locale\" content=\"en_US\" \/>\n<meta property=\"og:type\" content=\"article\" \/>\n<meta property=\"og:title\" content=\"Pizza box 26 x 26 x 4 cm per 100\" \/>\n<meta property=\"og:description\" content=\"Pizza box 26 x 26 x 4 cm per 100. Sturdy, practical and designed to keep pizza hot and crisp. Ideal for pizzerias and takeaways.\" \/>\n<meta property=\"og:url\" content=\"https:\/\/www.csj-emballages.com\/en\/produit\/100-pizza-boxes-26-x-26-x-4-cm\/\" \/>\n<meta property=\"og:site_name\" content=\"CSJ Emballages\" \/>\n<meta property=\"article:publisher\" content=\"https:\/\/www.facebook.com\/csjemballages\" \/>\n<meta property=\"article:modified_time\" content=\"2026-03-24T01:11:35+00:00\" \/>\n<meta property=\"og:image\" content=\"https:\/\/www.csj-emballages.com\/wp-content\/uploads\/2024\/03\/boite-pizza-carre-carton-qualite-pas-cher-discount-csj-emballages-zoom-3-jpg.webp\" \/>\n\t<meta property=\"og:image:width\" content=\"800\" \/>\n\t<meta property=\"og:image:height\" content=\"800\" \/>\n\t<meta property=\"og:image:type\" content=\"image\/jpeg\" \/>\n<meta name=\"twitter:card\" content=\"summary_large_image\" \/>\n<meta name=\"twitter:label1\" content=\"Est. reading time\" \/>\n\t<meta name=\"twitter:data1\" content=\"2 minutes\" \/>\n<script type=\"application\/ld+json\" class=\"yoast-schema-graph\">{\"@context\":\"https:\/\/schema.org\",\"@graph\":[{\"@type\":\"WebPage\",\"@id\":\"https:\/\/www.csj-emballages.com\/en\/produit\/100-pizza-boxes-26-x-26-x-4-cm\/\",\"url\":\"https:\/\/www.csj-emballages.com\/en\/produit\/100-pizza-boxes-26-x-26-x-4-cm\/\",\"name\":\"Pizza Box 26 x 26 x 4 cm per 100\",\"isPartOf\":{\"@id\":\"https:\/\/www.csj-emballages.com\/en\/#website\"},\"primaryImageOfPage\":{\"@id\":\"https:\/\/www.csj-emballages.com\/en\/produit\/100-pizza-boxes-26-x-26-x-4-cm\/#primaryimage\"},\"image\":{\"@id\":\"https:\/\/www.csj-emballages.com\/en\/produit\/100-pizza-boxes-26-x-26-x-4-cm\/#primaryimage\"},\"thumbnailUrl\":\"https:\/\/www.csj-emballages.com\/wp-content\/uploads\/2024\/03\/boite-pizza-carre-carton-qualite-pas-cher-discount-csj-emballages-zoom-3-jpg.webp\",\"datePublished\":\"2024-03-01T15:56:07+00:00\",\"dateModified\":\"2026-03-24T01:11:35+00:00\",\"description\":\"Pizza box 26 x 26 x 4 cm per 100. Sturdy, practical and designed to keep pizza hot and crisp. Ideal for pizzerias and takeaways.\",\"breadcrumb\":{\"@id\":\"https:\/\/www.csj-emballages.com\/en\/produit\/100-pizza-boxes-26-x-26-x-4-cm\/#breadcrumb\"},\"inLanguage\":\"en-US\",\"potentialAction\":[{\"@type\":\"ReadAction\",\"target\":[\"https:\/\/www.csj-emballages.com\/en\/produit\/100-pizza-boxes-26-x-26-x-4-cm\/\"]}]},{\"@type\":\"ImageObject\",\"inLanguage\":\"en-US\",\"@id\":\"https:\/\/www.csj-emballages.com\/en\/produit\/100-pizza-boxes-26-x-26-x-4-cm\/#primaryimage\",\"url\":\"https:\/\/www.csj-emballages.com\/wp-content\/uploads\/2024\/03\/boite-pizza-carre-carton-qualite-pas-cher-discount-csj-emballages-zoom-3-jpg.webp\",\"contentUrl\":\"https:\/\/www.csj-emballages.com\/wp-content\/uploads\/2024\/03\/boite-pizza-carre-carton-qualite-pas-cher-discount-csj-emballages-zoom-3-jpg.webp\",\"width\":800,\"height\":800,\"caption\":\"Bo\u00eete \u00e0 pizza 26 x 26 x 4 cm par 100. Solide, pratique et pens\u00e9e pour garder la pizza chaude et croustillante. Id\u00e9ale pour pizzerias et vente \u00e0 emporter.\"},{\"@type\":\"BreadcrumbList\",\"@id\":\"https:\/\/www.csj-emballages.com\/en\/produit\/100-pizza-boxes-26-x-26-x-4-cm\/#breadcrumb\",\"itemListElement\":[{\"@type\":\"ListItem\",\"position\":1,\"name\":\"Accueil\",\"item\":\"https:\/\/www.csj-emballages.com\/en\/food-packaging-universe\/\"},{\"@type\":\"ListItem\",\"position\":2,\"name\":\"Shop\",\"item\":\"https:\/\/www.csj-emballages.com\/shop\/\"},{\"@type\":\"ListItem\",\"position\":3,\"name\":\"Pizza box 26 x 26 x 4 cm per 100\"}]},{\"@type\":\"WebSite\",\"@id\":\"https:\/\/www.csj-emballages.com\/en\/#website\",\"url\":\"https:\/\/www.csj-emballages.com\/en\/\",\"name\":\"CSJ Emballages\",\"description\":\"\",\"publisher\":{\"@id\":\"https:\/\/www.csj-emballages.com\/en\/#organization\"},\"potentialAction\":[{\"@type\":\"SearchAction\",\"target\":{\"@type\":\"EntryPoint\",\"urlTemplate\":\"https:\/\/www.csj-emballages.com\/en\/?s={search_term_string}\"},\"query-input\":{\"@type\":\"PropertyValueSpecification\",\"valueRequired\":true,\"valueName\":\"search_term_string\"}}],\"inLanguage\":\"en-US\"},{\"@type\":\"Organization\",\"@id\":\"https:\/\/www.csj-emballages.com\/en\/#Organization\/\",\"name\":\"CSJ Emballages\",\"url\":\"https:\/\/www.csj-emballages.com\/en\/\",\"logo\":{\"@type\":\"ImageObject\",\"inLanguage\":\"en-US\",\"@id\":\"https:\/\/www.csj-emballages.com\/en\/#\/schema\/logo\/image\/\",\"url\":\"https:\/\/www.csj-emballages.com\/wp-content\/uploads\/2023\/10\/logo_csj.webp\",\"contentUrl\":\"https:\/\/www.csj-emballages.com\/wp-content\/uploads\/2023\/10\/logo_csj.webp\",\"width\":250,\"height\":95,\"caption\":\"CSJ Emballages\"},\"image\":{\"@id\":\"https:\/\/www.csj-emballages.com\/en\/#\/schema\/logo\/image\/\"},\"sameAs\":[\"https:\/\/www.facebook.com\/csjemballages\"],\"address\":{\"@type\":\"PostalAddress\",\"streetAddress\":\"ZI La Lechere\",\"addressLocality\":\"Patornay\",\"postalCode\":\"39130\",\"addressCountry\":\"FR\"},\"contactPoint\":[{\"@type\":\"ContactPoint\",\"contactType\":\"Service client\",\"telephone\":\"0384254272\",\"email\":\"contact@csj-emballages.com\"}]}]}<\/script>\n<!-- \/ Yoast SEO Premium plugin. -->","yoast_head_json":{"title":"Pizza Box 26 x 26 x 4 cm per 100","description":"Pizza box 26 x 26 x 4 cm per 100. Sturdy, practical and designed to keep pizza hot and crisp. Ideal for pizzerias and takeaways.","robots":{"index":"index","follow":"follow","max-snippet":"max-snippet:-1","max-image-preview":"max-image-preview:large","max-video-preview":"max-video-preview:-1"},"canonical":"https:\/\/www.csj-emballages.com\/en\/produit\/100-pizza-boxes-26-x-26-x-4-cm\/","og_locale":"en_US","og_type":"article","og_title":"Pizza box 26 x 26 x 4 cm per 100","og_description":"Pizza box 26 x 26 x 4 cm per 100. Sturdy, practical and designed to keep pizza hot and crisp. Ideal for pizzerias and takeaways.","og_url":"https:\/\/www.csj-emballages.com\/en\/produit\/100-pizza-boxes-26-x-26-x-4-cm\/","og_site_name":"CSJ Emballages","article_publisher":"https:\/\/www.facebook.com\/csjemballages","article_modified_time":"2026-03-24T01:11:35+00:00","og_image":[{"width":800,"height":800,"url":"https:\/\/www.csj-emballages.com\/wp-content\/uploads\/2024\/03\/boite-pizza-carre-carton-qualite-pas-cher-discount-csj-emballages-zoom-3-jpg.webp","type":"image\/jpeg"}],"twitter_card":"summary_large_image","twitter_misc":{"Est. reading time":"2 minutes"},"schema":{"@context":"https:\/\/schema.org","@graph":[{"@type":"WebPage","@id":"https:\/\/www.csj-emballages.com\/en\/produit\/100-pizza-boxes-26-x-26-x-4-cm\/","url":"https:\/\/www.csj-emballages.com\/en\/produit\/100-pizza-boxes-26-x-26-x-4-cm\/","name":"Pizza Box 26 x 26 x 4 cm per 100","isPartOf":{"@id":"https:\/\/www.csj-emballages.com\/en\/#website"},"primaryImageOfPage":{"@id":"https:\/\/www.csj-emballages.com\/en\/produit\/100-pizza-boxes-26-x-26-x-4-cm\/#primaryimage"},"image":{"@id":"https:\/\/www.csj-emballages.com\/en\/produit\/100-pizza-boxes-26-x-26-x-4-cm\/#primaryimage"},"thumbnailUrl":"https:\/\/www.csj-emballages.com\/wp-content\/uploads\/2024\/03\/boite-pizza-carre-carton-qualite-pas-cher-discount-csj-emballages-zoom-3-jpg.webp","datePublished":"2024-03-01T15:56:07+00:00","dateModified":"2026-03-24T01:11:35+00:00","description":"Pizza box 26 x 26 x 4 cm per 100. Sturdy, practical and designed to keep pizza hot and crisp. Ideal for pizzerias and takeaways.","breadcrumb":{"@id":"https:\/\/www.csj-emballages.com\/en\/produit\/100-pizza-boxes-26-x-26-x-4-cm\/#breadcrumb"},"inLanguage":"en-US","potentialAction":[{"@type":"ReadAction","target":["https:\/\/www.csj-emballages.com\/en\/produit\/100-pizza-boxes-26-x-26-x-4-cm\/"]}]},{"@type":"ImageObject","inLanguage":"en-US","@id":"https:\/\/www.csj-emballages.com\/en\/produit\/100-pizza-boxes-26-x-26-x-4-cm\/#primaryimage","url":"https:\/\/www.csj-emballages.com\/wp-content\/uploads\/2024\/03\/boite-pizza-carre-carton-qualite-pas-cher-discount-csj-emballages-zoom-3-jpg.webp","contentUrl":"https:\/\/www.csj-emballages.com\/wp-content\/uploads\/2024\/03\/boite-pizza-carre-carton-qualite-pas-cher-discount-csj-emballages-zoom-3-jpg.webp","width":800,"height":800,"caption":"Bo\u00eete \u00e0 pizza 26 x 26 x 4 cm par 100. Solide, pratique et pens\u00e9e pour garder la pizza chaude et croustillante. Id\u00e9ale pour pizzerias et vente \u00e0 emporter."},{"@type":"BreadcrumbList","@id":"https:\/\/www.csj-emballages.com\/en\/produit\/100-pizza-boxes-26-x-26-x-4-cm\/#breadcrumb","itemListElement":[{"@type":"ListItem","position":1,"name":"Accueil","item":"https:\/\/www.csj-emballages.com\/en\/food-packaging-universe\/"},{"@type":"ListItem","position":2,"name":"Shop","item":"https:\/\/www.csj-emballages.com\/shop\/"},{"@type":"ListItem","position":3,"name":"Pizza box 26 x 26 x 4 cm per 100"}]},{"@type":"WebSite","@id":"https:\/\/www.csj-emballages.com\/en\/#website","url":"https:\/\/www.csj-emballages.com\/en\/","name":"CSJ Emballages","description":"","publisher":{"@id":"https:\/\/www.csj-emballages.com\/en\/#organization"},"potentialAction":[{"@type":"SearchAction","target":{"@type":"EntryPoint","urlTemplate":"https:\/\/www.csj-emballages.com\/en\/?s={search_term_string}"},"query-input":{"@type":"PropertyValueSpecification","valueRequired":true,"valueName":"search_term_string"}}],"inLanguage":"en-US"},{"@type":"Organization","@id":"https:\/\/www.csj-emballages.com\/en\/#Organization\/","name":"CSJ Emballages","url":"https:\/\/www.csj-emballages.com\/en\/","logo":{"@type":"ImageObject","inLanguage":"en-US","@id":"https:\/\/www.csj-emballages.com\/en\/#\/schema\/logo\/image\/","url":"https:\/\/www.csj-emballages.com\/wp-content\/uploads\/2023\/10\/logo_csj.webp","contentUrl":"https:\/\/www.csj-emballages.com\/wp-content\/uploads\/2023\/10\/logo_csj.webp","width":250,"height":95,"caption":"CSJ Emballages"},"image":{"@id":"https:\/\/www.csj-emballages.com\/en\/#\/schema\/logo\/image\/"},"sameAs":["https:\/\/www.facebook.com\/csjemballages"],"address":{"@type":"PostalAddress","streetAddress":"ZI La Lechere","addressLocality":"Patornay","postalCode":"39130","addressCountry":"FR"},"contactPoint":[{"@type":"ContactPoint","contactType":"Service client","telephone":"0384254272","email":"contact@csj-emballages.com"}]}]}},"df_price":22.73,"df_sale_price":"","df_regular_price":22.73,"df_image_link":"https:\/\/www.csj-emballages.com\/wp-content\/uploads\/2024\/03\/boite-pizza-carre-carton-qualite-pas-cher-discount-csj-emballages-zoom-3-300x300.webp","tiered_pricing_type":"fixed","tiered_pricing_fixed_rules":[],"tiered_pricing_percentage_rules":[],"tiered_pricing_minimum":1,"tiered_pricing_roles_data":[],"_links":{"self":[{"href":"https:\/\/www.csj-emballages.com\/en\/wp-json\/wp\/v2\/product\/19857","targetHints":{"allow":["GET"]}}],"collection":[{"href":"https:\/\/www.csj-emballages.com\/en\/wp-json\/wp\/v2\/product"}],"about":[{"href":"https:\/\/www.csj-emballages.com\/en\/wp-json\/wp\/v2\/types\/product"}],"wp:featuredmedia":[{"embeddable":true,"href":"https:\/\/www.csj-emballages.com\/en\/wp-json\/wp\/v2\/media\/8034"}],"wp:attachment":[{"href":"https:\/\/www.csj-emballages.com\/en\/wp-json\/wp\/v2\/media?parent=19857"}],"wp:term":[{"taxonomy":"product_brand","embeddable":true,"href":"https:\/\/www.csj-emballages.com\/en\/wp-json\/wp\/v2\/product_brand?post=19857"},{"taxonomy":"product_cat","embeddable":true,"href":"https:\/\/www.csj-emballages.com\/en\/wp-json\/wp\/v2\/product_cat?post=19857"},{"taxonomy":"product_tag","embeddable":true,"href":"https:\/\/www.csj-emballages.com\/en\/wp-json\/wp\/v2\/product_tag?post=19857"}],"curies":[{"name":"wp","href":"https:\/\/api.w.org\/{rel}","templated":true}]}}