{"id":18122,"date":"2024-03-01T16:59:41","date_gmt":"2024-03-01T15:59:41","guid":{"rendered":"https:\/\/u15jnbdpoq.preview.infomaniak.website\/produit\/coriander-grain-1-kg\/"},"modified":"2026-05-02T02:10:19","modified_gmt":"2026-05-02T00:10:19","slug":"coriander-grain-1-kg","status":"publish","type":"product","link":"https:\/\/www.csj-emballages.com\/en\/produit\/coriander-grain-1-kg\/","title":{"rendered":"Coriander seeds 1kg"},"content":{"rendered":"<h2 class=\"p1\">Coriander Seeds<\/h2>\n<hr>\n<h3>Description of our 1kg Coriander Seeds<\/h3>\n<p><!--more--><\/p>\n<p data-start=\"172\" data-end=\"523\">Les <strong data-start=\"176\" data-end=\"199\">grains de coriandre<\/strong> sont ces <strong>petites graines<\/strong> qui font toute la diff\u00e9rence en cuisine. \u00c0 peine \u00e9cras\u00e9s ou toast\u00e9s, ils lib\u00e8rent des notes fra\u00eeches, l\u00e9g\u00e8rement citronn\u00e9es et subtilement \u00e9pic\u00e9es. Ce format <strong data-start=\"383\" data-end=\"391\">1 kg<\/strong> s\u2019adresse aussi bien aux professionnels qu\u2019aux passionn\u00e9s de cuisine qui aiment travailler les saveurs \u00e0 la source, sans compromis.  <\/p>\n<p data-start=\"525\" data-end=\"851\">Unlike <strong>ground coriander<\/strong>, the whole seed retains its full aromatic richness. You can therefore use it as you wish: whole in a broth, crushed to enhance a marinade, or ground at the last minute to flavor a dish. This way, you maintain total control over the intensity and freshness of the aromas.  <\/p>\n<p data-start=\"853\" data-end=\"1285\">Widely used in world cuisines, <strong>coriander seeds<\/strong> easily find their place in Indian, Oriental, Asian, and Mediterranean dishes. They perfectly complement meats, fish, roasted vegetables, sauces, and even some charcuterie or canning preparations. Furthermore, they pair very well with <strong>cumin, pepper, or ginger<\/strong>, making them an essential staple spice.  <\/p>\n<p data-start=\"1287\" data-end=\"1557\">Thanks to its <strong data-start=\"1318\" data-end=\"1333\">1 kg bag<\/strong> packaging, you have a generous stock, ideal for regular use. It is a practical and economical solution for restaurants, caterers, artisans, or culinary workshops seeking consistency and quality daily. <\/p>\n<p data-start=\"1559\" data-end=\"1730\">In summary, these <strong>coriander seeds<\/strong> bring an authentic and refined touch to your recipes, while giving you the freedom to work with the spice as you prefer.<\/p>\n<p>&nbsp;<\/p>\n<p><!--more--><\/p>\n<h4>Advantages :<\/h4>\n<ul>\n<li data-start=\"791\" data-end=\"853\">Sweet flavor with citrus and spice notes.<\/li>\n<li data-start=\"791\" data-end=\"853\">Perfect for curries, meats, fish, and pastries.<\/li>\n<li data-start=\"791\" data-end=\"853\">Ideal for digestive and wellness herbal teas.<\/li>\n<li data-start=\"791\" data-end=\"853\">Suitable for professionals and cooking enthusiasts.<\/li>\n<li data-start=\"791\" data-end=\"853\">No additives or preservatives.<\/li>\n<\/ul>\n<p>&nbsp;<\/p>\n<p><!--more--><\/p>\n<h4>Other information :<\/h4>\n<ul>\n<li><strong>Packaging<\/strong>: 1kg pack<\/li>\n<li><strong>Format<\/strong>: Grains<\/li>\n<\/ul>\n<p>&nbsp;<\/p>\n<p><!--more--><\/p>\n<p><a href=\"https:\/\/www.csj-emballages.com\/en\/categorie-produit\/food-en\/spices\/simple-spices\/\">See the rest of our range of simple spices  <\/a><\/p>\n","protected":false},"excerpt":{"rendered":"<p>Coriander Seeds Description of our 1kg Coriander Seeds<\/p>\n","protected":false},"featured_media":261417,"template":"","meta":{"_acf_changed":false},"product_brand":[],"product_cat":[1153,1435,1437],"product_tag":[],"class_list":{"0":"post-18122","1":"product","2":"type-product","3":"status-publish","4":"has-post-thumbnail","6":"product_cat-food-en","7":"product_cat-spices","8":"product_cat-simple-spices","10":"first","11":"instock","12":"taxable","13":"shipping-taxable","14":"purchasable","15":"product-type-simple"},"acf":[],"yoast_head":"<!-- This site is optimized with the Yoast SEO Premium plugin v26.6 (Yoast SEO v26.6) - https:\/\/yoast.com\/wordpress\/plugins\/seo\/ -->\n<title>Coriander Seeds 1kg<\/title>\n<meta name=\"description\" content=\"Discover our 1kg coriander seeds, a versatile spice with sweet and citrus notes. Ideal for seasoning your dishes, marinades, and infusions.\" \/>\n<meta name=\"robots\" content=\"index, follow, max-snippet:-1, max-image-preview:large, max-video-preview:-1\" \/>\n<link rel=\"canonical\" href=\"https:\/\/www.csj-emballages.com\/en\/produit\/coriander-grain-1-kg\/\" \/>\n<meta property=\"og:locale\" content=\"en_US\" \/>\n<meta property=\"og:type\" content=\"article\" \/>\n<meta property=\"og:title\" content=\"Coriander seeds 1kg\" \/>\n<meta property=\"og:description\" content=\"Discover our 1kg coriander seeds, a versatile spice with sweet and citrus notes. Ideal for seasoning your dishes, marinades, and infusions.\" \/>\n<meta property=\"og:url\" content=\"https:\/\/www.csj-emballages.com\/en\/produit\/coriander-grain-1-kg\/\" \/>\n<meta property=\"og:site_name\" content=\"CSJ Emballages\" \/>\n<meta property=\"article:publisher\" content=\"https:\/\/www.facebook.com\/csjemballages\" \/>\n<meta property=\"article:modified_time\" content=\"2026-05-02T00:10:19+00:00\" \/>\n<meta property=\"og:image\" content=\"https:\/\/www.csj-emballages.com\/wp-content\/uploads\/2024\/03\/Grains-de-coriandre.webp\" \/>\n\t<meta property=\"og:image:width\" content=\"799\" \/>\n\t<meta property=\"og:image:height\" content=\"800\" \/>\n\t<meta property=\"og:image:type\" content=\"image\/webp\" \/>\n<meta name=\"twitter:card\" content=\"summary_large_image\" \/>\n<meta name=\"twitter:label1\" content=\"Est. reading time\" \/>\n\t<meta name=\"twitter:data1\" content=\"1 minute\" \/>\n<script type=\"application\/ld+json\" class=\"yoast-schema-graph\">{\"@context\":\"https:\/\/schema.org\",\"@graph\":[{\"@type\":\"WebPage\",\"@id\":\"https:\/\/www.csj-emballages.com\/en\/produit\/coriander-grain-1-kg\/\",\"url\":\"https:\/\/www.csj-emballages.com\/en\/produit\/coriander-grain-1-kg\/\",\"name\":\"Coriander Seeds 1kg\",\"isPartOf\":{\"@id\":\"https:\/\/www.csj-emballages.com\/en\/#website\"},\"primaryImageOfPage\":{\"@id\":\"https:\/\/www.csj-emballages.com\/en\/produit\/coriander-grain-1-kg\/#primaryimage\"},\"image\":{\"@id\":\"https:\/\/www.csj-emballages.com\/en\/produit\/coriander-grain-1-kg\/#primaryimage\"},\"thumbnailUrl\":\"https:\/\/www.csj-emballages.com\/wp-content\/uploads\/2024\/03\/Grains-de-coriandre.webp\",\"datePublished\":\"2024-03-01T15:59:41+00:00\",\"dateModified\":\"2026-05-02T00:10:19+00:00\",\"description\":\"Discover our 1kg coriander seeds, a versatile spice with sweet and citrus notes. Ideal for seasoning your dishes, marinades, and infusions.\",\"breadcrumb\":{\"@id\":\"https:\/\/www.csj-emballages.com\/en\/produit\/coriander-grain-1-kg\/#breadcrumb\"},\"inLanguage\":\"en-US\",\"potentialAction\":[{\"@type\":\"ReadAction\",\"target\":[\"https:\/\/www.csj-emballages.com\/en\/produit\/coriander-grain-1-kg\/\"]}]},{\"@type\":\"ImageObject\",\"inLanguage\":\"en-US\",\"@id\":\"https:\/\/www.csj-emballages.com\/en\/produit\/coriander-grain-1-kg\/#primaryimage\",\"url\":\"https:\/\/www.csj-emballages.com\/wp-content\/uploads\/2024\/03\/Grains-de-coriandre.webp\",\"contentUrl\":\"https:\/\/www.csj-emballages.com\/wp-content\/uploads\/2024\/03\/Grains-de-coriandre.webp\",\"width\":799,\"height\":800,\"caption\":\"Grains de coriandre 1kg\"},{\"@type\":\"BreadcrumbList\",\"@id\":\"https:\/\/www.csj-emballages.com\/en\/produit\/coriander-grain-1-kg\/#breadcrumb\",\"itemListElement\":[{\"@type\":\"ListItem\",\"position\":1,\"name\":\"Accueil\",\"item\":\"https:\/\/www.csj-emballages.com\/en\/food-packaging-universe\/\"},{\"@type\":\"ListItem\",\"position\":2,\"name\":\"Shop\",\"item\":\"https:\/\/www.csj-emballages.com\/shop\/\"},{\"@type\":\"ListItem\",\"position\":3,\"name\":\"Coriander seeds 1kg\"}]},{\"@type\":\"WebSite\",\"@id\":\"https:\/\/www.csj-emballages.com\/en\/#website\",\"url\":\"https:\/\/www.csj-emballages.com\/en\/\",\"name\":\"CSJ Emballages\",\"description\":\"\",\"publisher\":{\"@id\":\"https:\/\/www.csj-emballages.com\/en\/#organization\"},\"potentialAction\":[{\"@type\":\"SearchAction\",\"target\":{\"@type\":\"EntryPoint\",\"urlTemplate\":\"https:\/\/www.csj-emballages.com\/en\/?s={search_term_string}\"},\"query-input\":{\"@type\":\"PropertyValueSpecification\",\"valueRequired\":true,\"valueName\":\"search_term_string\"}}],\"inLanguage\":\"en-US\"},{\"@type\":\"Organization\",\"@id\":\"https:\/\/www.csj-emballages.com\/en\/#Organization\/\",\"name\":\"CSJ Emballages\",\"url\":\"https:\/\/www.csj-emballages.com\/en\/\",\"logo\":{\"@type\":\"ImageObject\",\"inLanguage\":\"en-US\",\"@id\":\"https:\/\/www.csj-emballages.com\/en\/#\/schema\/logo\/image\/\",\"url\":\"https:\/\/www.csj-emballages.com\/wp-content\/uploads\/2023\/10\/logo_csj.webp\",\"contentUrl\":\"https:\/\/www.csj-emballages.com\/wp-content\/uploads\/2023\/10\/logo_csj.webp\",\"width\":250,\"height\":95,\"caption\":\"CSJ Emballages\"},\"image\":{\"@id\":\"https:\/\/www.csj-emballages.com\/en\/#\/schema\/logo\/image\/\"},\"sameAs\":[\"https:\/\/www.facebook.com\/csjemballages\"],\"address\":{\"@type\":\"PostalAddress\",\"streetAddress\":\"ZI La Lechere\",\"addressLocality\":\"Patornay\",\"postalCode\":\"39130\",\"addressCountry\":\"FR\"},\"contactPoint\":[{\"@type\":\"ContactPoint\",\"contactType\":\"Service client\",\"telephone\":\"0384254272\",\"email\":\"contact@csj-emballages.com\"}]}]}<\/script>\n<!-- \/ Yoast SEO Premium plugin. -->","yoast_head_json":{"title":"Coriander Seeds 1kg","description":"Discover our 1kg coriander seeds, a versatile spice with sweet and citrus notes. Ideal for seasoning your dishes, marinades, and infusions.","robots":{"index":"index","follow":"follow","max-snippet":"max-snippet:-1","max-image-preview":"max-image-preview:large","max-video-preview":"max-video-preview:-1"},"canonical":"https:\/\/www.csj-emballages.com\/en\/produit\/coriander-grain-1-kg\/","og_locale":"en_US","og_type":"article","og_title":"Coriander seeds 1kg","og_description":"Discover our 1kg coriander seeds, a versatile spice with sweet and citrus notes. Ideal for seasoning your dishes, marinades, and infusions.","og_url":"https:\/\/www.csj-emballages.com\/en\/produit\/coriander-grain-1-kg\/","og_site_name":"CSJ Emballages","article_publisher":"https:\/\/www.facebook.com\/csjemballages","article_modified_time":"2026-05-02T00:10:19+00:00","og_image":[{"width":799,"height":800,"url":"https:\/\/www.csj-emballages.com\/wp-content\/uploads\/2024\/03\/Grains-de-coriandre.webp","type":"image\/webp"}],"twitter_card":"summary_large_image","twitter_misc":{"Est. reading time":"1 minute"},"schema":{"@context":"https:\/\/schema.org","@graph":[{"@type":"WebPage","@id":"https:\/\/www.csj-emballages.com\/en\/produit\/coriander-grain-1-kg\/","url":"https:\/\/www.csj-emballages.com\/en\/produit\/coriander-grain-1-kg\/","name":"Coriander Seeds 1kg","isPartOf":{"@id":"https:\/\/www.csj-emballages.com\/en\/#website"},"primaryImageOfPage":{"@id":"https:\/\/www.csj-emballages.com\/en\/produit\/coriander-grain-1-kg\/#primaryimage"},"image":{"@id":"https:\/\/www.csj-emballages.com\/en\/produit\/coriander-grain-1-kg\/#primaryimage"},"thumbnailUrl":"https:\/\/www.csj-emballages.com\/wp-content\/uploads\/2024\/03\/Grains-de-coriandre.webp","datePublished":"2024-03-01T15:59:41+00:00","dateModified":"2026-05-02T00:10:19+00:00","description":"Discover our 1kg coriander seeds, a versatile spice with sweet and citrus notes. Ideal for seasoning your dishes, marinades, and infusions.","breadcrumb":{"@id":"https:\/\/www.csj-emballages.com\/en\/produit\/coriander-grain-1-kg\/#breadcrumb"},"inLanguage":"en-US","potentialAction":[{"@type":"ReadAction","target":["https:\/\/www.csj-emballages.com\/en\/produit\/coriander-grain-1-kg\/"]}]},{"@type":"ImageObject","inLanguage":"en-US","@id":"https:\/\/www.csj-emballages.com\/en\/produit\/coriander-grain-1-kg\/#primaryimage","url":"https:\/\/www.csj-emballages.com\/wp-content\/uploads\/2024\/03\/Grains-de-coriandre.webp","contentUrl":"https:\/\/www.csj-emballages.com\/wp-content\/uploads\/2024\/03\/Grains-de-coriandre.webp","width":799,"height":800,"caption":"Grains de coriandre 1kg"},{"@type":"BreadcrumbList","@id":"https:\/\/www.csj-emballages.com\/en\/produit\/coriander-grain-1-kg\/#breadcrumb","itemListElement":[{"@type":"ListItem","position":1,"name":"Accueil","item":"https:\/\/www.csj-emballages.com\/en\/food-packaging-universe\/"},{"@type":"ListItem","position":2,"name":"Shop","item":"https:\/\/www.csj-emballages.com\/shop\/"},{"@type":"ListItem","position":3,"name":"Coriander seeds 1kg"}]},{"@type":"WebSite","@id":"https:\/\/www.csj-emballages.com\/en\/#website","url":"https:\/\/www.csj-emballages.com\/en\/","name":"CSJ Emballages","description":"","publisher":{"@id":"https:\/\/www.csj-emballages.com\/en\/#organization"},"potentialAction":[{"@type":"SearchAction","target":{"@type":"EntryPoint","urlTemplate":"https:\/\/www.csj-emballages.com\/en\/?s={search_term_string}"},"query-input":{"@type":"PropertyValueSpecification","valueRequired":true,"valueName":"search_term_string"}}],"inLanguage":"en-US"},{"@type":"Organization","@id":"https:\/\/www.csj-emballages.com\/en\/#Organization\/","name":"CSJ Emballages","url":"https:\/\/www.csj-emballages.com\/en\/","logo":{"@type":"ImageObject","inLanguage":"en-US","@id":"https:\/\/www.csj-emballages.com\/en\/#\/schema\/logo\/image\/","url":"https:\/\/www.csj-emballages.com\/wp-content\/uploads\/2023\/10\/logo_csj.webp","contentUrl":"https:\/\/www.csj-emballages.com\/wp-content\/uploads\/2023\/10\/logo_csj.webp","width":250,"height":95,"caption":"CSJ Emballages"},"image":{"@id":"https:\/\/www.csj-emballages.com\/en\/#\/schema\/logo\/image\/"},"sameAs":["https:\/\/www.facebook.com\/csjemballages"],"address":{"@type":"PostalAddress","streetAddress":"ZI La Lechere","addressLocality":"Patornay","postalCode":"39130","addressCountry":"FR"},"contactPoint":[{"@type":"ContactPoint","contactType":"Service client","telephone":"0384254272","email":"contact@csj-emballages.com"}]}]}},"df_price":6.72,"df_sale_price":"","df_regular_price":6.72,"df_image_link":"https:\/\/www.csj-emballages.com\/wp-content\/uploads\/2024\/03\/Grains-de-coriandre-300x300.webp","tiered_pricing_type":"fixed","tiered_pricing_fixed_rules":[],"tiered_pricing_percentage_rules":[],"tiered_pricing_minimum":1,"tiered_pricing_roles_data":[],"_links":{"self":[{"href":"https:\/\/www.csj-emballages.com\/en\/wp-json\/wp\/v2\/product\/18122","targetHints":{"allow":["GET"]}}],"collection":[{"href":"https:\/\/www.csj-emballages.com\/en\/wp-json\/wp\/v2\/product"}],"about":[{"href":"https:\/\/www.csj-emballages.com\/en\/wp-json\/wp\/v2\/types\/product"}],"wp:featuredmedia":[{"embeddable":true,"href":"https:\/\/www.csj-emballages.com\/en\/wp-json\/wp\/v2\/media\/261417"}],"wp:attachment":[{"href":"https:\/\/www.csj-emballages.com\/en\/wp-json\/wp\/v2\/media?parent=18122"}],"wp:term":[{"taxonomy":"product_brand","embeddable":true,"href":"https:\/\/www.csj-emballages.com\/en\/wp-json\/wp\/v2\/product_brand?post=18122"},{"taxonomy":"product_cat","embeddable":true,"href":"https:\/\/www.csj-emballages.com\/en\/wp-json\/wp\/v2\/product_cat?post=18122"},{"taxonomy":"product_tag","embeddable":true,"href":"https:\/\/www.csj-emballages.com\/en\/wp-json\/wp\/v2\/product_tag?post=18122"}],"curies":[{"name":"wp","href":"https:\/\/api.w.org\/{rel}","templated":true}]}}