{"id":126150,"date":"2024-09-06T02:18:16","date_gmt":"2024-09-06T00:18:16","guid":{"rendered":"https:\/\/www.csj-emballages.com\/?post_type=product&#038;p=126150"},"modified":"2026-03-12T16:11:32","modified_gmt":"2026-03-12T15:11:32","slug":"25-fairytale-christmas-log-boxes-30-x-11-x-10-cm","status":"publish","type":"product","link":"https:\/\/www.csj-emballages.com\/en\/produit\/25-fairytale-christmas-log-boxes-30-x-11-x-10-cm\/","title":{"rendered":"Fairytale Christmas&#8221; log box 30 x 11 x 10 cm, pack of 25"},"content":{"rendered":"<div style=\"font-family: Roboto, sans-serif;\">\n<div style=\"font-family: Roboto, sans-serif;\">\n<div style=\"font-family: Roboto, sans-serif;\">\n<div style=\"font-family: Roboto, sans-serif;\">\n<div style=\"font-family: Roboto, sans-serif;\">\n<div style=\"font-family: Roboto, sans-serif;\">\n<div style=\"font-family: Roboto, sans-serif;\">\n<div style=\"font-family: Roboto, sans-serif;\">\n<div style=\"font-family: Roboto, sans-serif;\">\n<div style=\"font-family: Roboto, sans-serif;\">\n<div style=\"font-family: Roboto, sans-serif;\">\n<div style=\"font-family: Roboto, sans-serif;\">\n<div style=\"font-family: Roboto, sans-serif;\">\n<div class=\"flex flex-grow flex-col max-w-full\">\n<div class=\"min-h-[20px] text-message flex flex-col items-start whitespace-pre-wrap break-words [.text-message+&amp;]:mt-5 juice:w-full juice:items-end overflow-x-auto gap-2\" dir=\"auto\" data-message-author-role=\"assistant\" data-message-id=\"2034782e-88f9-44ef-b4dc-07dd7bf0115f\">\n<div class=\"flex w-full flex-col gap-1 juice:empty:hidden juice:first:pt-[3px]\">\n<div class=\"markdown prose w-full break-words dark:prose-invert light\">\n<div style=\"font-family: Roboto, sans-serif;\">\n<div style=\"font-family: Roboto, sans-serif;\">\n<div style=\"font-family: Roboto, sans-serif;\">\n<div style=\"font-family: Roboto, sans-serif;\">\n<div style=\"font-family: Roboto, sans-serif;\">\n<div style=\"font-family: Roboto, sans-serif;\">\n<h2>Log box<\/h2>\n<div style=\"font-family: Roboto, sans-serif;\">\n<div style=\"font-family: Roboto, sans-serif;\">\n<div style=\"font-family: Roboto, sans-serif;\">\n<div style=\"text-align: center;\">\n<div style=\"font-family: Roboto, sans-serif;\">\n<div style=\"font-family: Roboto, sans-serif;\">\n<div style=\"font-family: Roboto, sans-serif;\">\n<div style=\"font-family: Roboto, sans-serif;\">\n<div style=\"font-family: Roboto, sans-serif;\">\n<div style=\"font-family: Roboto, sans-serif; text-align: left;\">\n<hr>\n<h3 style=\"text-align: left;\">Description of our &#8220;No\u00ebl F\u00e9\u00e9rique&#8221; log box 30x11x10 cm<!--more--><\/h3>\n<\/div>\n<\/div>\n<\/div>\n<\/div>\n<\/div>\n<\/div>\n<\/div>\n<\/div>\n<\/div>\n<\/div>\n<\/div>\n<\/div>\n<\/div>\n<\/div>\n<\/div>\n<\/div>\n<\/div>\n<\/div>\n<\/div>\n<\/div>\n<\/div>\n<\/div>\n<\/div>\n<\/div>\n<\/div>\n<\/div>\n<\/div>\n<\/div>\n<\/div>\n<\/div>\n<\/div>\n<\/div>\n<\/div>\n<p>The <strong>&#8220;No\u00ebl F\u00e9\u00e9rique<\/strong> &#8221; <strong>log box<\/strong> <strong> 30 x 11 x 10 cm<\/strong> in packs of <strong>25<\/strong> is the ideal product for celebrating the festive season with elegance and practicality. Its size is perfectly suited to accommodate generous, gourmet Yule logs, guaranteeing safe, trouble-free transport. Designed to meet the expectations of pastry professionals, this <strong>box<\/strong> combines sturdiness and aesthetics.  <\/p>\n<p>It&#8217;s a must-have, made from quality materials that ensure impeccable presentation of your desserts. Its sturdy structure maintains the shape of the log, even on the longest journeys. Whether you&#8217;re a pastry chef, caterer or chef, the <strong>&#8220;No\u00ebl F\u00e9\u00e9rique<\/strong> &#8221; <strong>log box<\/strong> protects your creations while enhancing them with its elegant design.  <\/p>\n<p>&nbsp;<\/p>\n<p><!--more--><\/p>\n<h4>Why use our log boxes?<\/h4>\n<p>Its soft color, enhanced by festive illustrations, immediately inspires the Christmas spirit. It creates a visually appealing effect, transforming the simple <strong>buche box<\/strong> into a real table decoration. Presentation is an essential asset in seducing customers; this <strong>box<\/strong> fully meets this requirement. It makes every dessert a unique moment, while maintaining excellent value for money.   <\/p>\n<p>In addition to its festive design, it&#8217;s easy to assemble, offering significant time savings for professionals during the festive season. It also features a hermetic closure. In addition to protecting desserts from impact, the <strong>bo\u00eete buche<\/strong> also ensures excellent hygiene.  <\/p>\n<p>The <strong>&#8220;No\u00ebl F\u00e9\u00e9rique<\/strong> &#8221; lot of 25 <strong>boxes<\/strong> is perfect for anticipating the high demand during the festive period. So you can prepare your orders without worrying about stock. These <strong>boxes<\/strong> are practical for large-scale production, yet elegant, which is essential for reinforcing your brand&#8217;s quality image.  <\/p>\n<p>&nbsp;<\/p>\n<p><!--more--><\/p>\n<div style=\"font-family: Roboto, sans-serif;\">\n<div style=\"font-family: Roboto, sans-serif;\">\n<div style=\"font-family: Roboto, sans-serif;\">\n<div style=\"font-family: Roboto, sans-serif;\">\n<div style=\"font-family: Roboto, sans-serif;\">\n<div style=\"font-family: Roboto, sans-serif;\">\n<div style=\"font-family: Roboto, sans-serif;\">\n<div style=\"font-family: Roboto, sans-serif;\">\n<div style=\"font-family: Roboto, sans-serif;\">\n<div style=\"font-family: Roboto, sans-serif;\">\n<div style=\"font-family: Roboto, sans-serif;\">\n<div style=\"font-family: Roboto, sans-serif;\">\n<div style=\"font-family: Roboto, sans-serif;\">\n<div class=\"flex flex-grow flex-col max-w-full\">\n<div class=\"min-h-[20px] text-message flex flex-col items-start whitespace-pre-wrap break-words [.text-message+&amp;]:mt-5 juice:w-full juice:items-end overflow-x-auto gap-2\" dir=\"auto\" data-message-author-role=\"assistant\" data-message-id=\"2034782e-88f9-44ef-b4dc-07dd7bf0115f\">\n<div class=\"flex w-full flex-col gap-1 juice:empty:hidden juice:first:pt-[3px]\">\n<div class=\"markdown prose w-full break-words dark:prose-invert light\">\n<div style=\"font-family: Roboto, sans-serif;\">\n<div style=\"font-family: Roboto, sans-serif;\">\n<div style=\"font-family: Roboto, sans-serif;\">\n<div style=\"font-family: Roboto, sans-serif;\">\n<div style=\"font-family: Roboto, sans-serif;\">\n<div style=\"font-family: Roboto, sans-serif;\">\n<p>Finally, this <strong>box<\/strong> adapts easily to different types of log: chocolate, fruit, mousse or sponge cake. It allows for a refined presentation while still being spacious enough for generous fillings. With its meticulous design, practical format and festive aesthetic, this product is a must-have for the festive season.  <\/p>\n<p>Choose the <strong>&#8220;No\u00ebl F\u00e9\u00e9rique&#8221;<\/strong> <strong>log box<\/strong> to enhance your creations and satisfy your customers in search of elegance and practicality.<\/p>\n<p>&nbsp;<\/p>\n<p><!--more--><\/p>\n<h4 style=\"text-align: left;\"><strong>The advantages of our <\/strong>&#8220;No\u00ebl <strong>F\u00e9\u00e9rique<\/strong>&#8221; log box 30x11x10 cm <strong>:<\/strong><\/h4>\n<ul style=\"text-align: left;\">\n<li><strong>Suitable dimensions<\/strong>: <strong>30 x 11 x 10 cm<\/strong>, ideal for a standard-sized log.<\/li>\n<li><strong>Festive design<\/strong>: With its Christmas-inspired aesthetic, this <strong>tin<\/strong> adds a touch of magic to your desserts.<\/li>\n<li><strong>Optimum protection<\/strong>: The <strong>box<\/strong> features a secure closure, effectively protecting your log during transport or storage.<\/li>\n<li><strong>Practicality<\/strong>: Its design makes for easy handling and neat presentation.<\/li>\n<\/ul>\n<\/div>\n<\/div>\n<\/div>\n<\/div>\n<\/div>\n<\/div>\n<\/div>\n<\/div>\n<\/div>\n<\/div>\n<\/div>\n<\/div>\n<p>&nbsp;<\/p>\n<\/div>\n<\/div>\n<\/div>\n<\/div>\n<\/div>\n<\/div>\n<\/div>\n<\/div>\n<\/div>\n<\/div>\n<\/div>\n<p><!--more--><\/p>\n<h4>Further information on this product:<\/h4>\n<ul style=\"font-family: Roboto, sans-serif;\">\n<li><strong>Packaging<\/strong>: Pack of 25<\/li>\n<li><span style=\"font-weight: bold;\">Dimensions<\/span>: 30 x 11 x 10 cm (L x W x H)<\/li>\n<\/ul>\n<p>&nbsp;<\/p>\n<p style=\"text-align: left;\"><!--more--><\/p>\n<p><a href=\"https:\/\/www.csj-emballages.com\/en\/categorie-produit\/food-packaging\/bakery\/boxes-and-cases\/log-boxes\/\">See the rest of our &#8216;No\u00ebl F\u00e9\u00e9rique&#8217; log boxes range<\/a><\/p>\n<p>&nbsp;<\/p>\n","protected":false},"excerpt":{"rendered":"<p>Log box Description of our &#8220;No\u00ebl F\u00e9\u00e9rique&#8221; log box 30x11x10 cm<\/p>\n","protected":false},"featured_media":187349,"template":"","meta":{"_acf_changed":false},"product_brand":[],"product_cat":[1133,1160,4011,2092,7782],"product_tag":[],"class_list":{"0":"post-126150","1":"product","2":"type-product","3":"status-publish","4":"has-post-thumbnail","6":"product_cat-food-packaging","7":"product_cat-bakery","8":"product_cat-boxes-and-cases","9":"product_cat-log-boxes","10":"product_cat-christmas-fairy-log-box","12":"first","13":"instock","14":"taxable","15":"shipping-taxable","16":"purchasable","17":"product-type-simple"},"acf":[],"yoast_head":"<!-- This site is optimized with the Yoast SEO Premium plugin v26.6 (Yoast SEO v26.6) - https:\/\/yoast.com\/wordpress\/plugins\/seo\/ -->\n<title>Boite a buche 30x11x10 cm - &#039;No\u00ebl F\u00e9\u00e9rique&#039; model<\/title>\n<meta name=\"description\" content=\"The &quot;No\u00ebl f\u00e9\u00e9rique&quot; log box 30 x 11 x 10 cm offers a festive design and optimum protection. Ideal for enhancing your Christmas desserts with elegance.\" \/>\n<meta name=\"robots\" content=\"index, follow, max-snippet:-1, max-image-preview:large, max-video-preview:-1\" \/>\n<link rel=\"canonical\" href=\"https:\/\/www.csj-emballages.com\/en\/produit\/25-fairytale-christmas-log-boxes-30-x-11-x-10-cm\/\" \/>\n<meta property=\"og:locale\" content=\"en_US\" \/>\n<meta property=\"og:type\" content=\"article\" \/>\n<meta property=\"og:title\" content=\"Boite a buche 30x11x10 cm - &#039;No\u00ebl F\u00e9\u00e9rique&#039; model\" \/>\n<meta property=\"og:description\" content=\"The &quot;No\u00ebl f\u00e9\u00e9rique&quot; log box 30 x 11 x 10 cm offers a festive design and optimum protection. Ideal for enhancing your Christmas desserts with elegance.\" \/>\n<meta property=\"og:url\" content=\"https:\/\/www.csj-emballages.com\/en\/produit\/25-fairytale-christmas-log-boxes-30-x-11-x-10-cm\/\" \/>\n<meta property=\"og:site_name\" content=\"CSJ Emballages\" \/>\n<meta property=\"article:publisher\" content=\"https:\/\/www.facebook.com\/csjemballages\" \/>\n<meta property=\"article:modified_time\" content=\"2026-03-12T15:11:32+00:00\" \/>\n<meta property=\"og:image\" content=\"https:\/\/www.csj-emballages.com\/wp-content\/uploads\/2024\/09\/e-amande-4-1-4-300x300.png\" \/>\n<meta name=\"twitter:card\" content=\"summary_large_image\" \/>\n<meta name=\"twitter:title\" content=\"Boite a buche 30x11x10 cm - &#039;No\u00ebl F\u00e9\u00e9rique&#039; model\" \/>\n<meta name=\"twitter:description\" content=\"The &quot;No\u00ebl f\u00e9\u00e9rique&quot; log box 30 x 11 x 10 cm offers a festive design and optimum protection. Ideal for enhancing your Christmas desserts with elegance.\" \/>\n<meta name=\"twitter:image\" content=\"https:\/\/www.csj-emballages.com\/wp-content\/uploads\/2024\/09\/e-amande-4-1-4-1024x1024.png\" \/>\n<meta name=\"twitter:label1\" content=\"Est. reading time\" \/>\n\t<meta name=\"twitter:data1\" content=\"2 minutes\" \/>\n<script type=\"application\/ld+json\" class=\"yoast-schema-graph\">{\"@context\":\"https:\/\/schema.org\",\"@graph\":[{\"@type\":\"WebPage\",\"@id\":\"https:\/\/www.csj-emballages.com\/en\/produit\/25-fairytale-christmas-log-boxes-30-x-11-x-10-cm\/\",\"url\":\"https:\/\/www.csj-emballages.com\/en\/produit\/25-fairytale-christmas-log-boxes-30-x-11-x-10-cm\/\",\"name\":\"Boite a buche 30x11x10 cm - 'No\u00ebl F\u00e9\u00e9rique' model\",\"isPartOf\":{\"@id\":\"https:\/\/www.csj-emballages.com\/en\/#website\"},\"primaryImageOfPage\":{\"@id\":\"https:\/\/www.csj-emballages.com\/en\/produit\/25-fairytale-christmas-log-boxes-30-x-11-x-10-cm\/#primaryimage\"},\"image\":{\"@id\":\"https:\/\/www.csj-emballages.com\/en\/produit\/25-fairytale-christmas-log-boxes-30-x-11-x-10-cm\/#primaryimage\"},\"thumbnailUrl\":\"https:\/\/www.csj-emballages.com\/wp-content\/uploads\/2024\/09\/Buche-1-png-e1732692086559.webp\",\"datePublished\":\"2024-09-06T00:18:16+00:00\",\"dateModified\":\"2026-03-12T15:11:32+00:00\",\"description\":\"The \\\"No\u00ebl f\u00e9\u00e9rique\\\" log box 30 x 11 x 10 cm offers a festive design and optimum protection. Ideal for enhancing your Christmas desserts with elegance.\",\"breadcrumb\":{\"@id\":\"https:\/\/www.csj-emballages.com\/en\/produit\/25-fairytale-christmas-log-boxes-30-x-11-x-10-cm\/#breadcrumb\"},\"inLanguage\":\"en-US\",\"potentialAction\":[{\"@type\":\"ReadAction\",\"target\":[\"https:\/\/www.csj-emballages.com\/en\/produit\/25-fairytale-christmas-log-boxes-30-x-11-x-10-cm\/\"]}]},{\"@type\":\"ImageObject\",\"inLanguage\":\"en-US\",\"@id\":\"https:\/\/www.csj-emballages.com\/en\/produit\/25-fairytale-christmas-log-boxes-30-x-11-x-10-cm\/#primaryimage\",\"url\":\"https:\/\/www.csj-emballages.com\/wp-content\/uploads\/2024\/09\/Buche-1-png-e1732692086559.webp\",\"contentUrl\":\"https:\/\/www.csj-emballages.com\/wp-content\/uploads\/2024\/09\/Buche-1-png-e1732692086559.webp\",\"width\":1563,\"height\":1563,\"caption\":\"boite a buche\"},{\"@type\":\"BreadcrumbList\",\"@id\":\"https:\/\/www.csj-emballages.com\/en\/produit\/25-fairytale-christmas-log-boxes-30-x-11-x-10-cm\/#breadcrumb\",\"itemListElement\":[{\"@type\":\"ListItem\",\"position\":1,\"name\":\"Accueil\",\"item\":\"https:\/\/www.csj-emballages.com\/en\/food-packaging-universe\/\"},{\"@type\":\"ListItem\",\"position\":2,\"name\":\"Shop\",\"item\":\"https:\/\/www.csj-emballages.com\/shop\/\"},{\"@type\":\"ListItem\",\"position\":3,\"name\":\"Fairytale Christmas\u00a0\u00bb log box 30 x 11 x 10 cm, pack of 25\"}]},{\"@type\":\"WebSite\",\"@id\":\"https:\/\/www.csj-emballages.com\/en\/#website\",\"url\":\"https:\/\/www.csj-emballages.com\/en\/\",\"name\":\"CSJ Emballages\",\"description\":\"\",\"publisher\":{\"@id\":\"https:\/\/www.csj-emballages.com\/en\/#organization\"},\"potentialAction\":[{\"@type\":\"SearchAction\",\"target\":{\"@type\":\"EntryPoint\",\"urlTemplate\":\"https:\/\/www.csj-emballages.com\/en\/?s={search_term_string}\"},\"query-input\":{\"@type\":\"PropertyValueSpecification\",\"valueRequired\":true,\"valueName\":\"search_term_string\"}}],\"inLanguage\":\"en-US\"},{\"@type\":\"Organization\",\"@id\":\"https:\/\/www.csj-emballages.com\/en\/#Organization\/\",\"name\":\"CSJ Emballages\",\"url\":\"https:\/\/www.csj-emballages.com\/en\/\",\"logo\":{\"@type\":\"ImageObject\",\"inLanguage\":\"en-US\",\"@id\":\"https:\/\/www.csj-emballages.com\/en\/#\/schema\/logo\/image\/\",\"url\":\"https:\/\/www.csj-emballages.com\/wp-content\/uploads\/2023\/10\/logo_csj.webp\",\"contentUrl\":\"https:\/\/www.csj-emballages.com\/wp-content\/uploads\/2023\/10\/logo_csj.webp\",\"width\":250,\"height\":95,\"caption\":\"CSJ Emballages\"},\"image\":{\"@id\":\"https:\/\/www.csj-emballages.com\/en\/#\/schema\/logo\/image\/\"},\"sameAs\":[\"https:\/\/www.facebook.com\/csjemballages\"],\"address\":{\"@type\":\"PostalAddress\",\"streetAddress\":\"ZI La Lechere\",\"addressLocality\":\"Patornay\",\"postalCode\":\"39130\",\"addressCountry\":\"FR\"},\"contactPoint\":[{\"@type\":\"ContactPoint\",\"contactType\":\"Service client\",\"telephone\":\"0384254272\",\"email\":\"contact@csj-emballages.com\"}]}]}<\/script>\n<!-- \/ Yoast SEO Premium plugin. -->","yoast_head_json":{"title":"Boite a buche 30x11x10 cm - 'No\u00ebl F\u00e9\u00e9rique' model","description":"The \"No\u00ebl f\u00e9\u00e9rique\" log box 30 x 11 x 10 cm offers a festive design and optimum protection. Ideal for enhancing your Christmas desserts with elegance.","robots":{"index":"index","follow":"follow","max-snippet":"max-snippet:-1","max-image-preview":"max-image-preview:large","max-video-preview":"max-video-preview:-1"},"canonical":"https:\/\/www.csj-emballages.com\/en\/produit\/25-fairytale-christmas-log-boxes-30-x-11-x-10-cm\/","og_locale":"en_US","og_type":"article","og_title":"Boite a buche 30x11x10 cm - 'No\u00ebl F\u00e9\u00e9rique' model","og_description":"The \"No\u00ebl f\u00e9\u00e9rique\" log box 30 x 11 x 10 cm offers a festive design and optimum protection. Ideal for enhancing your Christmas desserts with elegance.","og_url":"https:\/\/www.csj-emballages.com\/en\/produit\/25-fairytale-christmas-log-boxes-30-x-11-x-10-cm\/","og_site_name":"CSJ Emballages","article_publisher":"https:\/\/www.facebook.com\/csjemballages","article_modified_time":"2026-03-12T15:11:32+00:00","og_image":[{"url":"https:\/\/www.csj-emballages.com\/wp-content\/uploads\/2024\/09\/e-amande-4-1-4-300x300.png","type":"","width":"","height":""}],"twitter_card":"summary_large_image","twitter_title":"Boite a buche 30x11x10 cm - 'No\u00ebl F\u00e9\u00e9rique' model","twitter_description":"The \"No\u00ebl f\u00e9\u00e9rique\" log box 30 x 11 x 10 cm offers a festive design and optimum protection. Ideal for enhancing your Christmas desserts with elegance.","twitter_image":"https:\/\/www.csj-emballages.com\/wp-content\/uploads\/2024\/09\/e-amande-4-1-4-1024x1024.png","twitter_misc":{"Est. reading time":"2 minutes"},"schema":{"@context":"https:\/\/schema.org","@graph":[{"@type":"WebPage","@id":"https:\/\/www.csj-emballages.com\/en\/produit\/25-fairytale-christmas-log-boxes-30-x-11-x-10-cm\/","url":"https:\/\/www.csj-emballages.com\/en\/produit\/25-fairytale-christmas-log-boxes-30-x-11-x-10-cm\/","name":"Boite a buche 30x11x10 cm - 'No\u00ebl F\u00e9\u00e9rique' model","isPartOf":{"@id":"https:\/\/www.csj-emballages.com\/en\/#website"},"primaryImageOfPage":{"@id":"https:\/\/www.csj-emballages.com\/en\/produit\/25-fairytale-christmas-log-boxes-30-x-11-x-10-cm\/#primaryimage"},"image":{"@id":"https:\/\/www.csj-emballages.com\/en\/produit\/25-fairytale-christmas-log-boxes-30-x-11-x-10-cm\/#primaryimage"},"thumbnailUrl":"https:\/\/www.csj-emballages.com\/wp-content\/uploads\/2024\/09\/Buche-1-png-e1732692086559.webp","datePublished":"2024-09-06T00:18:16+00:00","dateModified":"2026-03-12T15:11:32+00:00","description":"The \"No\u00ebl f\u00e9\u00e9rique\" log box 30 x 11 x 10 cm offers a festive design and optimum protection. Ideal for enhancing your Christmas desserts with elegance.","breadcrumb":{"@id":"https:\/\/www.csj-emballages.com\/en\/produit\/25-fairytale-christmas-log-boxes-30-x-11-x-10-cm\/#breadcrumb"},"inLanguage":"en-US","potentialAction":[{"@type":"ReadAction","target":["https:\/\/www.csj-emballages.com\/en\/produit\/25-fairytale-christmas-log-boxes-30-x-11-x-10-cm\/"]}]},{"@type":"ImageObject","inLanguage":"en-US","@id":"https:\/\/www.csj-emballages.com\/en\/produit\/25-fairytale-christmas-log-boxes-30-x-11-x-10-cm\/#primaryimage","url":"https:\/\/www.csj-emballages.com\/wp-content\/uploads\/2024\/09\/Buche-1-png-e1732692086559.webp","contentUrl":"https:\/\/www.csj-emballages.com\/wp-content\/uploads\/2024\/09\/Buche-1-png-e1732692086559.webp","width":1563,"height":1563,"caption":"boite a buche"},{"@type":"BreadcrumbList","@id":"https:\/\/www.csj-emballages.com\/en\/produit\/25-fairytale-christmas-log-boxes-30-x-11-x-10-cm\/#breadcrumb","itemListElement":[{"@type":"ListItem","position":1,"name":"Accueil","item":"https:\/\/www.csj-emballages.com\/en\/food-packaging-universe\/"},{"@type":"ListItem","position":2,"name":"Shop","item":"https:\/\/www.csj-emballages.com\/shop\/"},{"@type":"ListItem","position":3,"name":"Fairytale Christmas\u00a0\u00bb log box 30 x 11 x 10 cm, pack of 25"}]},{"@type":"WebSite","@id":"https:\/\/www.csj-emballages.com\/en\/#website","url":"https:\/\/www.csj-emballages.com\/en\/","name":"CSJ Emballages","description":"","publisher":{"@id":"https:\/\/www.csj-emballages.com\/en\/#organization"},"potentialAction":[{"@type":"SearchAction","target":{"@type":"EntryPoint","urlTemplate":"https:\/\/www.csj-emballages.com\/en\/?s={search_term_string}"},"query-input":{"@type":"PropertyValueSpecification","valueRequired":true,"valueName":"search_term_string"}}],"inLanguage":"en-US"},{"@type":"Organization","@id":"https:\/\/www.csj-emballages.com\/en\/#Organization\/","name":"CSJ Emballages","url":"https:\/\/www.csj-emballages.com\/en\/","logo":{"@type":"ImageObject","inLanguage":"en-US","@id":"https:\/\/www.csj-emballages.com\/en\/#\/schema\/logo\/image\/","url":"https:\/\/www.csj-emballages.com\/wp-content\/uploads\/2023\/10\/logo_csj.webp","contentUrl":"https:\/\/www.csj-emballages.com\/wp-content\/uploads\/2023\/10\/logo_csj.webp","width":250,"height":95,"caption":"CSJ Emballages"},"image":{"@id":"https:\/\/www.csj-emballages.com\/en\/#\/schema\/logo\/image\/"},"sameAs":["https:\/\/www.facebook.com\/csjemballages"],"address":{"@type":"PostalAddress","streetAddress":"ZI La Lechere","addressLocality":"Patornay","postalCode":"39130","addressCountry":"FR"},"contactPoint":[{"@type":"ContactPoint","contactType":"Service client","telephone":"0384254272","email":"contact@csj-emballages.com"}]}]}},"df_price":16.38,"df_sale_price":"","df_regular_price":16.38,"df_image_link":"https:\/\/www.csj-emballages.com\/wp-content\/uploads\/2024\/09\/Buche-1-300x300.webp","tiered_pricing_type":"fixed","tiered_pricing_fixed_rules":[],"tiered_pricing_percentage_rules":[],"tiered_pricing_minimum":1,"tiered_pricing_roles_data":[],"_links":{"self":[{"href":"https:\/\/www.csj-emballages.com\/en\/wp-json\/wp\/v2\/product\/126150","targetHints":{"allow":["GET"]}}],"collection":[{"href":"https:\/\/www.csj-emballages.com\/en\/wp-json\/wp\/v2\/product"}],"about":[{"href":"https:\/\/www.csj-emballages.com\/en\/wp-json\/wp\/v2\/types\/product"}],"wp:featuredmedia":[{"embeddable":true,"href":"https:\/\/www.csj-emballages.com\/en\/wp-json\/wp\/v2\/media\/187349"}],"wp:attachment":[{"href":"https:\/\/www.csj-emballages.com\/en\/wp-json\/wp\/v2\/media?parent=126150"}],"wp:term":[{"taxonomy":"product_brand","embeddable":true,"href":"https:\/\/www.csj-emballages.com\/en\/wp-json\/wp\/v2\/product_brand?post=126150"},{"taxonomy":"product_cat","embeddable":true,"href":"https:\/\/www.csj-emballages.com\/en\/wp-json\/wp\/v2\/product_cat?post=126150"},{"taxonomy":"product_tag","embeddable":true,"href":"https:\/\/www.csj-emballages.com\/en\/wp-json\/wp\/v2\/product_tag?post=126150"}],"curies":[{"name":"wp","href":"https:\/\/api.w.org\/{rel}","templated":true}]}}