{"id":126145,"date":"2024-09-06T02:18:14","date_gmt":"2024-09-06T00:18:14","guid":{"rendered":"https:\/\/www.csj-emballages.com\/?post_type=product&#038;p=126145"},"modified":"2026-03-12T16:11:30","modified_gmt":"2026-03-12T15:11:30","slug":"25-fairytale-christmas-log-boxes-25-x-11-x-10-cm","status":"publish","type":"product","link":"https:\/\/www.csj-emballages.com\/en\/produit\/25-fairytale-christmas-log-boxes-25-x-11-x-10-cm\/","title":{"rendered":"Fairytale Christmas log box 25 x 11 x 10 cm, pack of 25"},"content":{"rendered":"<div style=\"font-family: Roboto, sans-serif;\">\n<div style=\"font-family: Roboto, sans-serif;\">\n<div style=\"font-family: Roboto, sans-serif;\">\n<div style=\"font-family: Roboto, sans-serif;\">\n<div style=\"font-family: Roboto, sans-serif;\">\n<div style=\"font-family: Roboto, sans-serif;\">\n<div style=\"font-family: Roboto, sans-serif;\">\n<div style=\"font-family: Roboto, sans-serif;\">\n<div style=\"font-family: Roboto, sans-serif;\">\n<div style=\"font-family: Roboto, sans-serif;\">\n<div style=\"font-family: Roboto, sans-serif;\">\n<div style=\"font-family: Roboto, sans-serif;\">\n<div style=\"font-family: Roboto, sans-serif;\">\n<div class=\"flex flex-grow flex-col max-w-full\">\n<div class=\"min-h-[20px] text-message flex flex-col items-start whitespace-pre-wrap break-words [.text-message+&amp;]:mt-5 juice:w-full juice:items-end overflow-x-auto gap-2\" dir=\"auto\" data-message-author-role=\"assistant\" data-message-id=\"2034782e-88f9-44ef-b4dc-07dd7bf0115f\">\n<div class=\"flex w-full flex-col gap-1 juice:empty:hidden juice:first:pt-[3px]\">\n<div class=\"markdown prose w-full break-words dark:prose-invert light\">\n<div style=\"font-family: Roboto, sans-serif;\">\n<div style=\"font-family: Roboto, sans-serif;\">\n<div style=\"font-family: Roboto, sans-serif;\">\n<div style=\"font-family: Roboto, sans-serif;\">\n<div style=\"font-family: Roboto, sans-serif;\">\n<div style=\"font-family: Roboto, sans-serif;\">\n<h2>Log box<\/h2>\n<div style=\"font-family: Roboto, sans-serif;\">\n<div style=\"font-family: Roboto, sans-serif;\">\n<div style=\"font-family: Roboto, sans-serif;\">\n<div style=\"text-align: center;\">\n<div style=\"font-family: Roboto, sans-serif;\">\n<div style=\"font-family: Roboto, sans-serif;\">\n<div style=\"font-family: Roboto, sans-serif;\">\n<div style=\"font-family: Roboto, sans-serif;\">\n<div style=\"font-family: Roboto, sans-serif;\">\n<div style=\"font-family: Roboto, sans-serif; text-align: left;\">\n<hr>\n<h3 style=\"text-align: left;\">Description of our &#8220;No\u00ebl F\u00e9\u00e9rique&#8221; log box 25x11x10 cm<!--more--><\/h3>\n<\/div>\n<\/div>\n<\/div>\n<\/div>\n<\/div>\n<\/div>\n<\/div>\n<\/div>\n<\/div>\n<\/div>\n<\/div>\n<\/div>\n<\/div>\n<\/div>\n<\/div>\n<\/div>\n<\/div>\n<\/div>\n<\/div>\n<\/div>\n<\/div>\n<\/div>\n<\/div>\n<\/div>\n<\/div>\n<\/div>\n<\/div>\n<\/div>\n<\/div>\n<\/div>\n<\/div>\n<\/div>\n<\/div>\n<p>Dive into the festive spirit with the &#8220;No\u00ebl f\u00e9\u00e9rique&#8221; <strong>buche box<\/strong>. A product specially designed to enhance your end-of-year desserts. Measuring <strong>25 x 11 x 10 cm<\/strong>, this <strong>box<\/strong> combines practicality and aesthetics for a refined presentation of your Yule logs. Let yourself be seduced by its elegant design, which captures the magical essence of the festive season. Whether you&#8217;re a professional pastry chef or a passionate amateur, this <strong>boite a buche<\/strong> is the essential accessory for showcasing your gourmet creations.    <\/p>\n<p>Firstly, its format is ideal for accommodating a small <strong>buche<\/strong>, ensuring impeccable presentation while protecting the delicacy of your dessert. Thanks to its dimensions, this <strong>box<\/strong> offers the perfect space to keep your pastry intact, whether for delivery or as a gift. What&#8217;s more, its exterior evokes the enchantment of Christmas, with festive motifs that will delight young and old alike. Every detail of this <strong>buche box<\/strong> has been thought out to bring a touch of magic to your festive season.   <\/p>\n<p>&nbsp;<\/p>\n<p><!--more--><\/p>\n<h4>Why use our log boxes?<\/h4>\n<p>In addition to its captivating aesthetics, the<strong>&#8220;No\u00ebl F\u00e9\u00e9rique<\/strong>&#8221; <strong>buche box<\/strong> is designed for practical use. Its secure closure ensures your dessert is well protected. What&#8217;s more, the materials used are resistant and durable, offering perfect stability even during transport. Whether for presentation on the table or as a gift for friends and family, this <strong>box<\/strong> is the perfect way to show off your desserts.   <\/p>\n<p>By opting for this <strong>box<\/strong>, you&#8217;re also choosing to contribute to the preservation of the environment, while enjoying a superior quality product. This blend of functionality, durability and elegance makes it a must-have for the festive season. <\/p>\n<p>&nbsp;<\/p>\n<p><!--more--><\/p>\n<div style=\"font-family: Roboto, sans-serif;\">\n<div style=\"font-family: Roboto, sans-serif;\">\n<div style=\"font-family: Roboto, sans-serif;\">\n<div style=\"font-family: Roboto, sans-serif;\">\n<div style=\"font-family: Roboto, sans-serif;\">\n<div style=\"font-family: Roboto, sans-serif;\">\n<div style=\"font-family: Roboto, sans-serif;\">\n<div style=\"font-family: Roboto, sans-serif;\">\n<div style=\"font-family: Roboto, sans-serif;\">\n<div style=\"font-family: Roboto, sans-serif;\">\n<div style=\"font-family: Roboto, sans-serif;\">\n<div style=\"font-family: Roboto, sans-serif;\">\n<div style=\"font-family: Roboto, sans-serif;\">\n<div class=\"flex flex-grow flex-col max-w-full\">\n<div class=\"min-h-[20px] text-message flex flex-col items-start whitespace-pre-wrap break-words [.text-message+&amp;]:mt-5 juice:w-full juice:items-end overflow-x-auto gap-2\" dir=\"auto\" data-message-author-role=\"assistant\" data-message-id=\"2034782e-88f9-44ef-b4dc-07dd7bf0115f\">\n<div class=\"flex w-full flex-col gap-1 juice:empty:hidden juice:first:pt-[3px]\">\n<div class=\"markdown prose w-full break-words dark:prose-invert light\">\n<div style=\"font-family: Roboto, sans-serif;\">\n<div style=\"font-family: Roboto, sans-serif;\">\n<div style=\"font-family: Roboto, sans-serif;\">\n<div style=\"font-family: Roboto, sans-serif;\">\n<div style=\"font-family: Roboto, sans-serif;\">\n<div style=\"font-family: Roboto, sans-serif;\">\n<p>In short, the<strong>&#8220;No\u00ebl F\u00e9\u00e9rique<\/strong>&#8221; <strong>log box<\/strong> is much more than just packaging. It&#8217;s a real showcase for your Yule logs. Available in a range of sizes, it&#8217;s designed to meet a variety of needs. Give your Christmas desserts a setting to match their flavor by opting for this <strong>log box.<\/strong> A product that will seduce all lovers of sweets and elegance.   <\/p>\n<p>&nbsp;<\/p>\n<p><!--more--><\/p>\n<h4 style=\"text-align: left;\"><strong>The advantages of our <\/strong>&#8220;No\u00ebl F\u00e9\u00e9rique&#8221; log box 25x11x10 cm <strong>:<\/strong><\/h4>\n<ul style=\"text-align: left;\">\n<li><strong>Suitable dimensions<\/strong>: <strong>25 x 11 x 10 cm<\/strong>, ideal for small logs.<\/li>\n<li><strong>Festive design<\/strong>: With its Christmas-inspired aesthetic, this <strong>tin<\/strong> adds a touch of magic to your desserts.<\/li>\n<li><strong>Optimum protection<\/strong>: The <strong>box<\/strong> features a secure closure, effectively protecting your log during transport or storage.<\/li>\n<li><strong>Practicality<\/strong>: Its design makes for easy handling and neat presentation.<\/li>\n<\/ul>\n<\/div>\n<\/div>\n<\/div>\n<\/div>\n<\/div>\n<\/div>\n<\/div>\n<\/div>\n<\/div>\n<\/div>\n<\/div>\n<\/div>\n<p>&nbsp;<\/p>\n<\/div>\n<\/div>\n<\/div>\n<\/div>\n<\/div>\n<\/div>\n<\/div>\n<\/div>\n<\/div>\n<\/div>\n<\/div>\n<p><!--more--><\/p>\n<h4>Further information on this product:<\/h4>\n<ul style=\"font-family: Roboto, sans-serif;\">\n<li><strong>Packaging<\/strong>: Pack of 25<\/li>\n<li><span style=\"font-weight: bold;\">Dimensions<\/span>: 25 x 11 x 10 cm (L x W x H)<\/li>\n<\/ul>\n<p>&nbsp;<\/p>\n<p style=\"text-align: left;\"><!--more--><\/p>\n<p><a href=\"https:\/\/www.csj-emballages.com\/en\/categorie-produit\/food-packaging\/bakery\/boxes-and-cases\/log-boxes\/\">See the rest of our &#8216;No\u00ebl F\u00e9\u00e9rique&#8217; log boxes range<\/a><\/p>\n<p>&nbsp;<\/p>\n","protected":false},"excerpt":{"rendered":"<p>Log box Description of our &#8220;No\u00ebl F\u00e9\u00e9rique&#8221; log box 25x11x10 cm<\/p>\n","protected":false},"featured_media":187349,"template":"","meta":{"_acf_changed":false},"product_brand":[],"product_cat":[1133,1160,4011,2092,7782],"product_tag":[],"class_list":{"0":"post-126145","1":"product","2":"type-product","3":"status-publish","4":"has-post-thumbnail","6":"product_cat-food-packaging","7":"product_cat-bakery","8":"product_cat-boxes-and-cases","9":"product_cat-log-boxes","10":"product_cat-christmas-fairy-log-box","12":"first","13":"instock","14":"taxable","15":"shipping-taxable","16":"purchasable","17":"product-type-simple"},"acf":[],"yoast_head":"<!-- This site is optimized with the Yoast SEO Premium plugin v26.6 (Yoast SEO v26.6) - https:\/\/yoast.com\/wordpress\/plugins\/seo\/ -->\n<title>Box 25x11x10 cm - &#039;Fairy Christmas&#039; model<\/title>\n<meta name=\"description\" content=\"The &quot;No\u00ebl f\u00e9\u00e9rique&quot; log box 25 x 11 x 10 cm offers a festive design and optimum protection. Ideal for enhancing your Christmas desserts with elegance.\" \/>\n<meta name=\"robots\" content=\"index, follow, max-snippet:-1, max-image-preview:large, max-video-preview:-1\" \/>\n<link rel=\"canonical\" href=\"https:\/\/www.csj-emballages.com\/en\/produit\/25-fairytale-christmas-log-boxes-25-x-11-x-10-cm\/\" \/>\n<meta property=\"og:locale\" content=\"en_US\" \/>\n<meta property=\"og:type\" content=\"article\" \/>\n<meta property=\"og:title\" content=\"Box 25x11x10 cm - &#039;Fairy Christmas&#039; model\" \/>\n<meta property=\"og:description\" content=\"The &quot;No\u00ebl f\u00e9\u00e9rique&quot; log box 25 x 11 x 10 cm offers a festive design and optimum protection. Ideal for enhancing your Christmas desserts with elegance.\" \/>\n<meta property=\"og:url\" content=\"https:\/\/www.csj-emballages.com\/en\/produit\/25-fairytale-christmas-log-boxes-25-x-11-x-10-cm\/\" \/>\n<meta property=\"og:site_name\" content=\"CSJ Emballages\" \/>\n<meta property=\"article:publisher\" content=\"https:\/\/www.facebook.com\/csjemballages\" \/>\n<meta property=\"article:modified_time\" content=\"2026-03-12T15:11:30+00:00\" \/>\n<meta property=\"og:image\" content=\"https:\/\/www.csj-emballages.com\/wp-content\/uploads\/2024\/09\/e-amande-4-1-3-300x300.png\" \/>\n<meta name=\"twitter:card\" content=\"summary_large_image\" \/>\n<meta name=\"twitter:title\" content=\"Box 25x11x10 cm - &#039;Fairy Christmas&#039; model\" \/>\n<meta name=\"twitter:description\" content=\"The &quot;No\u00ebl f\u00e9\u00e9rique&quot; log box 25 x 11 x 10 cm offers a festive design and optimum protection. Ideal for enhancing your Christmas desserts with elegance.\" \/>\n<meta name=\"twitter:image\" content=\"https:\/\/www.csj-emballages.com\/wp-content\/uploads\/2024\/09\/e-amande-4-1-3-1024x1024.png\" \/>\n<meta name=\"twitter:label1\" content=\"Est. reading time\" \/>\n\t<meta name=\"twitter:data1\" content=\"2 minutes\" \/>\n<script type=\"application\/ld+json\" class=\"yoast-schema-graph\">{\"@context\":\"https:\/\/schema.org\",\"@graph\":[{\"@type\":\"WebPage\",\"@id\":\"https:\/\/www.csj-emballages.com\/en\/produit\/25-fairytale-christmas-log-boxes-25-x-11-x-10-cm\/\",\"url\":\"https:\/\/www.csj-emballages.com\/en\/produit\/25-fairytale-christmas-log-boxes-25-x-11-x-10-cm\/\",\"name\":\"Box 25x11x10 cm - 'Fairy Christmas' model\",\"isPartOf\":{\"@id\":\"https:\/\/www.csj-emballages.com\/en\/#website\"},\"primaryImageOfPage\":{\"@id\":\"https:\/\/www.csj-emballages.com\/en\/produit\/25-fairytale-christmas-log-boxes-25-x-11-x-10-cm\/#primaryimage\"},\"image\":{\"@id\":\"https:\/\/www.csj-emballages.com\/en\/produit\/25-fairytale-christmas-log-boxes-25-x-11-x-10-cm\/#primaryimage\"},\"thumbnailUrl\":\"https:\/\/www.csj-emballages.com\/wp-content\/uploads\/2024\/09\/Buche-1-png-e1732692086559.webp\",\"datePublished\":\"2024-09-06T00:18:14+00:00\",\"dateModified\":\"2026-03-12T15:11:30+00:00\",\"description\":\"The \\\"No\u00ebl f\u00e9\u00e9rique\\\" log box 25 x 11 x 10 cm offers a festive design and optimum protection. Ideal for enhancing your Christmas desserts with elegance.\",\"breadcrumb\":{\"@id\":\"https:\/\/www.csj-emballages.com\/en\/produit\/25-fairytale-christmas-log-boxes-25-x-11-x-10-cm\/#breadcrumb\"},\"inLanguage\":\"en-US\",\"potentialAction\":[{\"@type\":\"ReadAction\",\"target\":[\"https:\/\/www.csj-emballages.com\/en\/produit\/25-fairytale-christmas-log-boxes-25-x-11-x-10-cm\/\"]}]},{\"@type\":\"ImageObject\",\"inLanguage\":\"en-US\",\"@id\":\"https:\/\/www.csj-emballages.com\/en\/produit\/25-fairytale-christmas-log-boxes-25-x-11-x-10-cm\/#primaryimage\",\"url\":\"https:\/\/www.csj-emballages.com\/wp-content\/uploads\/2024\/09\/Buche-1-png-e1732692086559.webp\",\"contentUrl\":\"https:\/\/www.csj-emballages.com\/wp-content\/uploads\/2024\/09\/Buche-1-png-e1732692086559.webp\",\"width\":1563,\"height\":1563,\"caption\":\"boite a buche\"},{\"@type\":\"BreadcrumbList\",\"@id\":\"https:\/\/www.csj-emballages.com\/en\/produit\/25-fairytale-christmas-log-boxes-25-x-11-x-10-cm\/#breadcrumb\",\"itemListElement\":[{\"@type\":\"ListItem\",\"position\":1,\"name\":\"Accueil\",\"item\":\"https:\/\/www.csj-emballages.com\/en\/food-packaging-universe\/\"},{\"@type\":\"ListItem\",\"position\":2,\"name\":\"Shop\",\"item\":\"https:\/\/www.csj-emballages.com\/shop\/\"},{\"@type\":\"ListItem\",\"position\":3,\"name\":\"Fairytale Christmas log box 25 x 11 x 10 cm, pack of 25\"}]},{\"@type\":\"WebSite\",\"@id\":\"https:\/\/www.csj-emballages.com\/en\/#website\",\"url\":\"https:\/\/www.csj-emballages.com\/en\/\",\"name\":\"CSJ Emballages\",\"description\":\"\",\"publisher\":{\"@id\":\"https:\/\/www.csj-emballages.com\/en\/#organization\"},\"potentialAction\":[{\"@type\":\"SearchAction\",\"target\":{\"@type\":\"EntryPoint\",\"urlTemplate\":\"https:\/\/www.csj-emballages.com\/en\/?s={search_term_string}\"},\"query-input\":{\"@type\":\"PropertyValueSpecification\",\"valueRequired\":true,\"valueName\":\"search_term_string\"}}],\"inLanguage\":\"en-US\"},{\"@type\":\"Organization\",\"@id\":\"https:\/\/www.csj-emballages.com\/en\/#Organization\/\",\"name\":\"CSJ Emballages\",\"url\":\"https:\/\/www.csj-emballages.com\/en\/\",\"logo\":{\"@type\":\"ImageObject\",\"inLanguage\":\"en-US\",\"@id\":\"https:\/\/www.csj-emballages.com\/en\/#\/schema\/logo\/image\/\",\"url\":\"https:\/\/www.csj-emballages.com\/wp-content\/uploads\/2023\/10\/logo_csj.webp\",\"contentUrl\":\"https:\/\/www.csj-emballages.com\/wp-content\/uploads\/2023\/10\/logo_csj.webp\",\"width\":250,\"height\":95,\"caption\":\"CSJ Emballages\"},\"image\":{\"@id\":\"https:\/\/www.csj-emballages.com\/en\/#\/schema\/logo\/image\/\"},\"sameAs\":[\"https:\/\/www.facebook.com\/csjemballages\"],\"address\":{\"@type\":\"PostalAddress\",\"streetAddress\":\"ZI La Lechere\",\"addressLocality\":\"Patornay\",\"postalCode\":\"39130\",\"addressCountry\":\"FR\"},\"contactPoint\":[{\"@type\":\"ContactPoint\",\"contactType\":\"Service client\",\"telephone\":\"0384254272\",\"email\":\"contact@csj-emballages.com\"}]}]}<\/script>\n<!-- \/ Yoast SEO Premium plugin. -->","yoast_head_json":{"title":"Box 25x11x10 cm - 'Fairy Christmas' model","description":"The \"No\u00ebl f\u00e9\u00e9rique\" log box 25 x 11 x 10 cm offers a festive design and optimum protection. Ideal for enhancing your Christmas desserts with elegance.","robots":{"index":"index","follow":"follow","max-snippet":"max-snippet:-1","max-image-preview":"max-image-preview:large","max-video-preview":"max-video-preview:-1"},"canonical":"https:\/\/www.csj-emballages.com\/en\/produit\/25-fairytale-christmas-log-boxes-25-x-11-x-10-cm\/","og_locale":"en_US","og_type":"article","og_title":"Box 25x11x10 cm - 'Fairy Christmas' model","og_description":"The \"No\u00ebl f\u00e9\u00e9rique\" log box 25 x 11 x 10 cm offers a festive design and optimum protection. Ideal for enhancing your Christmas desserts with elegance.","og_url":"https:\/\/www.csj-emballages.com\/en\/produit\/25-fairytale-christmas-log-boxes-25-x-11-x-10-cm\/","og_site_name":"CSJ Emballages","article_publisher":"https:\/\/www.facebook.com\/csjemballages","article_modified_time":"2026-03-12T15:11:30+00:00","og_image":[{"url":"https:\/\/www.csj-emballages.com\/wp-content\/uploads\/2024\/09\/e-amande-4-1-3-300x300.png","type":"","width":"","height":""}],"twitter_card":"summary_large_image","twitter_title":"Box 25x11x10 cm - 'Fairy Christmas' model","twitter_description":"The \"No\u00ebl f\u00e9\u00e9rique\" log box 25 x 11 x 10 cm offers a festive design and optimum protection. Ideal for enhancing your Christmas desserts with elegance.","twitter_image":"https:\/\/www.csj-emballages.com\/wp-content\/uploads\/2024\/09\/e-amande-4-1-3-1024x1024.png","twitter_misc":{"Est. reading time":"2 minutes"},"schema":{"@context":"https:\/\/schema.org","@graph":[{"@type":"WebPage","@id":"https:\/\/www.csj-emballages.com\/en\/produit\/25-fairytale-christmas-log-boxes-25-x-11-x-10-cm\/","url":"https:\/\/www.csj-emballages.com\/en\/produit\/25-fairytale-christmas-log-boxes-25-x-11-x-10-cm\/","name":"Box 25x11x10 cm - 'Fairy Christmas' model","isPartOf":{"@id":"https:\/\/www.csj-emballages.com\/en\/#website"},"primaryImageOfPage":{"@id":"https:\/\/www.csj-emballages.com\/en\/produit\/25-fairytale-christmas-log-boxes-25-x-11-x-10-cm\/#primaryimage"},"image":{"@id":"https:\/\/www.csj-emballages.com\/en\/produit\/25-fairytale-christmas-log-boxes-25-x-11-x-10-cm\/#primaryimage"},"thumbnailUrl":"https:\/\/www.csj-emballages.com\/wp-content\/uploads\/2024\/09\/Buche-1-png-e1732692086559.webp","datePublished":"2024-09-06T00:18:14+00:00","dateModified":"2026-03-12T15:11:30+00:00","description":"The \"No\u00ebl f\u00e9\u00e9rique\" log box 25 x 11 x 10 cm offers a festive design and optimum protection. Ideal for enhancing your Christmas desserts with elegance.","breadcrumb":{"@id":"https:\/\/www.csj-emballages.com\/en\/produit\/25-fairytale-christmas-log-boxes-25-x-11-x-10-cm\/#breadcrumb"},"inLanguage":"en-US","potentialAction":[{"@type":"ReadAction","target":["https:\/\/www.csj-emballages.com\/en\/produit\/25-fairytale-christmas-log-boxes-25-x-11-x-10-cm\/"]}]},{"@type":"ImageObject","inLanguage":"en-US","@id":"https:\/\/www.csj-emballages.com\/en\/produit\/25-fairytale-christmas-log-boxes-25-x-11-x-10-cm\/#primaryimage","url":"https:\/\/www.csj-emballages.com\/wp-content\/uploads\/2024\/09\/Buche-1-png-e1732692086559.webp","contentUrl":"https:\/\/www.csj-emballages.com\/wp-content\/uploads\/2024\/09\/Buche-1-png-e1732692086559.webp","width":1563,"height":1563,"caption":"boite a buche"},{"@type":"BreadcrumbList","@id":"https:\/\/www.csj-emballages.com\/en\/produit\/25-fairytale-christmas-log-boxes-25-x-11-x-10-cm\/#breadcrumb","itemListElement":[{"@type":"ListItem","position":1,"name":"Accueil","item":"https:\/\/www.csj-emballages.com\/en\/food-packaging-universe\/"},{"@type":"ListItem","position":2,"name":"Shop","item":"https:\/\/www.csj-emballages.com\/shop\/"},{"@type":"ListItem","position":3,"name":"Fairytale Christmas log box 25 x 11 x 10 cm, pack of 25"}]},{"@type":"WebSite","@id":"https:\/\/www.csj-emballages.com\/en\/#website","url":"https:\/\/www.csj-emballages.com\/en\/","name":"CSJ Emballages","description":"","publisher":{"@id":"https:\/\/www.csj-emballages.com\/en\/#organization"},"potentialAction":[{"@type":"SearchAction","target":{"@type":"EntryPoint","urlTemplate":"https:\/\/www.csj-emballages.com\/en\/?s={search_term_string}"},"query-input":{"@type":"PropertyValueSpecification","valueRequired":true,"valueName":"search_term_string"}}],"inLanguage":"en-US"},{"@type":"Organization","@id":"https:\/\/www.csj-emballages.com\/en\/#Organization\/","name":"CSJ Emballages","url":"https:\/\/www.csj-emballages.com\/en\/","logo":{"@type":"ImageObject","inLanguage":"en-US","@id":"https:\/\/www.csj-emballages.com\/en\/#\/schema\/logo\/image\/","url":"https:\/\/www.csj-emballages.com\/wp-content\/uploads\/2023\/10\/logo_csj.webp","contentUrl":"https:\/\/www.csj-emballages.com\/wp-content\/uploads\/2023\/10\/logo_csj.webp","width":250,"height":95,"caption":"CSJ Emballages"},"image":{"@id":"https:\/\/www.csj-emballages.com\/en\/#\/schema\/logo\/image\/"},"sameAs":["https:\/\/www.facebook.com\/csjemballages"],"address":{"@type":"PostalAddress","streetAddress":"ZI La Lechere","addressLocality":"Patornay","postalCode":"39130","addressCountry":"FR"},"contactPoint":[{"@type":"ContactPoint","contactType":"Service client","telephone":"0384254272","email":"contact@csj-emballages.com"}]}]}},"df_price":15.05,"df_sale_price":"","df_regular_price":15.05,"df_image_link":"https:\/\/www.csj-emballages.com\/wp-content\/uploads\/2024\/09\/Buche-1-300x300.webp","tiered_pricing_type":"fixed","tiered_pricing_fixed_rules":[],"tiered_pricing_percentage_rules":[],"tiered_pricing_minimum":1,"tiered_pricing_roles_data":[],"_links":{"self":[{"href":"https:\/\/www.csj-emballages.com\/en\/wp-json\/wp\/v2\/product\/126145","targetHints":{"allow":["GET"]}}],"collection":[{"href":"https:\/\/www.csj-emballages.com\/en\/wp-json\/wp\/v2\/product"}],"about":[{"href":"https:\/\/www.csj-emballages.com\/en\/wp-json\/wp\/v2\/types\/product"}],"wp:featuredmedia":[{"embeddable":true,"href":"https:\/\/www.csj-emballages.com\/en\/wp-json\/wp\/v2\/media\/187349"}],"wp:attachment":[{"href":"https:\/\/www.csj-emballages.com\/en\/wp-json\/wp\/v2\/media?parent=126145"}],"wp:term":[{"taxonomy":"product_brand","embeddable":true,"href":"https:\/\/www.csj-emballages.com\/en\/wp-json\/wp\/v2\/product_brand?post=126145"},{"taxonomy":"product_cat","embeddable":true,"href":"https:\/\/www.csj-emballages.com\/en\/wp-json\/wp\/v2\/product_cat?post=126145"},{"taxonomy":"product_tag","embeddable":true,"href":"https:\/\/www.csj-emballages.com\/en\/wp-json\/wp\/v2\/product_tag?post=126145"}],"curies":[{"name":"wp","href":"https:\/\/api.w.org\/{rel}","templated":true}]}}