{"id":126017,"date":"2024-08-01T02:18:48","date_gmt":"2024-08-01T00:18:48","guid":{"rendered":"https:\/\/www.csj-emballages.com\/produit\/120-2-compartment-hinged-boxes-for-pastries-36-x-18-x-15-cm\/"},"modified":"2026-03-12T16:27:38","modified_gmt":"2026-03-12T15:27:38","slug":"120-2-compartment-hinged-boxes-for-pastries-36-x-18-x-15-cm","status":"publish","type":"product","link":"https:\/\/www.csj-emballages.com\/en\/produit\/120-2-compartment-hinged-boxes-for-pastries-36-x-18-x-15-cm\/","title":{"rendered":"2-compartment pastry box crystal pastries 36 x 18 x 15 cm per 120"},"content":{"rendered":"<h2>2-compartment pastry box<\/h2>\n<hr>\n<h3>Description of bo\u00eete p\u00e2tissi\u00e8re 2 compartiments viennoiseries cristal 36 x 18 x 15 cm par 120<\/h3>\n<p><!--more--><\/p>\n<div>\n<p>The <strong>2-compartment crystal pastry box 36 x 18 x 15 cm per 120<\/strong> is the perfect option for artisan bakers, pastry chefs and caterers wishing to present their work attractively while guaranteeing risk-free transport. Made from <strong>transparent plastic<\/strong>, this box allows optimum visibility of its contents, enabling customers to immediately assess the freshness and gourmet appeal of the products. With its two separate sections, the box can be used to store different kinds of viennoiseries, pastries or mini desserts, without any risk of confusion between flavors or presentations. Its generous dimensions of <strong>36 x 18 x 15 cm<\/strong> make it spacious enough to hold a variety of products, meeting the requirements of professionals in the take-away and buffet sectors.   <\/p>\n<\/div>\n<p>Similarly, with its ample dimensions of <strong>36 x 18 x 15 cm<\/strong>, this item offers considerable space, ideal for holding a multitude of items to meet the requirements of takeaway, buffet or event professionals.<\/p>\n<p>Batching of <strong>120<\/strong> ensures adequate inventory to cope with peaks in activity. This sturdy, well-designed <strong>box<\/strong> also offers a practical solution for stacking and storage. <\/p>\n<p>Whether you need croissants, pains au chocolat, brioches or individual desserts, this <strong>crystal box<\/strong> enhances your products while ensuring a neat, professional presentation.<\/p>\n<p><!--more--><\/p>\n<h4>Advantages :<\/h4>\n<ul>\n<li><strong data-start=\"1661\" data-end=\"1680\">2 compartments<\/strong> to separate products without damaging them.<\/li>\n<li>Spacious format for varied assortments.<\/li>\n<li><strong data-start=\"1782\" data-end=\"1806\">Thanks to its crystal-clear transparency, <\/strong>it enhances pastries.<\/li>\n<li><strong data-start=\"1842\" data-end=\"1863\">Pack of 120 tins<\/strong> for professional use.<\/li>\n<li>Sturdy and stackable for easy transport and storage.<\/li>\n<\/ul>\n<p>&nbsp;<\/p>\n<p><!--more--><\/p>\n<div>\n<div>\n<h4>Other information :<\/h4>\n<ul>\n<li><strong>Packaging<\/strong>: Box of 120<\/li>\n<li><strong>Dimensions<\/strong>: 36 x 18 x 15 cm (L x W x H in cm)<\/li>\n<li><strong>Capacity<\/strong>: 2 compartments<\/li>\n<li><strong>Material<\/strong>: PET<\/li>\n<\/ul>\n<div><\/div>\n<\/div>\n<\/div>\n<p><!--more--><\/p>\n<p><a href=\"\/?product_cat=boite-charniere-pour-patisseries\">See the rest of our range of hinged pastry boxes<\/a><\/p>\n","protected":false},"excerpt":{"rendered":"<p>2-compartment pastry box Description of bo\u00eete p\u00e2tissi\u00e8re 2 compartiments viennoiseries cristal 36 x 18 x 15 cm par 120<\/p>\n","protected":false},"featured_media":242375,"template":"","meta":{"_acf_changed":false},"product_brand":[],"product_cat":[1133,1160,4011,1263,6569,1255],"product_tag":[],"class_list":{"0":"post-126017","1":"product","2":"type-product","3":"status-publish","4":"has-post-thumbnail","6":"product_cat-food-packaging","7":"product_cat-bakery","8":"product_cat-boxes-and-cases","9":"product_cat-pastry-boxes","10":"product_cat-hinged-pastry-box","11":"product_cat-destocking-promotion","13":"first","14":"instock","15":"sale","16":"taxable","17":"shipping-taxable","18":"purchasable","19":"product-type-simple"},"acf":[],"yoast_head":"<!-- This site is optimized with the Yoast SEO Premium plugin v26.6 (Yoast SEO v26.6) - https:\/\/yoast.com\/wordpress\/plugins\/seo\/ -->\n<title>Box 2 Compartments Viennoiseries 36 x 18 x 15 cm<\/title>\n<meta name=\"description\" content=\"2-compartment crystal pastry box 36 x 18 x 15 cm per 120: ideal for presenting and transporting your pastries with care.\" \/>\n<meta name=\"robots\" content=\"index, follow, max-snippet:-1, max-image-preview:large, max-video-preview:-1\" \/>\n<link rel=\"canonical\" href=\"https:\/\/www.csj-emballages.com\/en\/produit\/120-2-compartment-hinged-boxes-for-pastries-36-x-18-x-15-cm\/\" \/>\n<meta property=\"og:locale\" content=\"en_US\" \/>\n<meta property=\"og:type\" content=\"article\" \/>\n<meta property=\"og:title\" content=\"2-compartment pastry box crystal pastries 36 x 18 x 15 cm per 120\" \/>\n<meta property=\"og:description\" content=\"2-compartment crystal pastry box 36 x 18 x 15 cm per 120: ideal for presenting and transporting your pastries with care.\" \/>\n<meta property=\"og:url\" content=\"https:\/\/www.csj-emballages.com\/en\/produit\/120-2-compartment-hinged-boxes-for-pastries-36-x-18-x-15-cm\/\" \/>\n<meta property=\"og:site_name\" content=\"CSJ Emballages\" \/>\n<meta property=\"article:publisher\" content=\"https:\/\/www.facebook.com\/csjemballages\" \/>\n<meta property=\"article:modified_time\" content=\"2026-03-12T15:27:38+00:00\" \/>\n<meta property=\"og:image\" content=\"https:\/\/www.csj-emballages.com\/wp-content\/uploads\/2024\/08\/ITV210.webp\" \/>\n\t<meta property=\"og:image:width\" content=\"800\" \/>\n\t<meta property=\"og:image:height\" content=\"800\" \/>\n\t<meta property=\"og:image:type\" content=\"image\/webp\" \/>\n<meta name=\"twitter:card\" content=\"summary_large_image\" \/>\n<meta name=\"twitter:label1\" content=\"Est. reading time\" \/>\n\t<meta name=\"twitter:data1\" content=\"1 minute\" \/>\n<script type=\"application\/ld+json\" class=\"yoast-schema-graph\">{\"@context\":\"https:\/\/schema.org\",\"@graph\":[{\"@type\":\"WebPage\",\"@id\":\"https:\/\/www.csj-emballages.com\/en\/produit\/120-2-compartment-hinged-boxes-for-pastries-36-x-18-x-15-cm\/\",\"url\":\"https:\/\/www.csj-emballages.com\/en\/produit\/120-2-compartment-hinged-boxes-for-pastries-36-x-18-x-15-cm\/\",\"name\":\"Box 2 Compartments Viennoiseries 36 x 18 x 15 cm\",\"isPartOf\":{\"@id\":\"https:\/\/www.csj-emballages.com\/en\/#website\"},\"primaryImageOfPage\":{\"@id\":\"https:\/\/www.csj-emballages.com\/en\/produit\/120-2-compartment-hinged-boxes-for-pastries-36-x-18-x-15-cm\/#primaryimage\"},\"image\":{\"@id\":\"https:\/\/www.csj-emballages.com\/en\/produit\/120-2-compartment-hinged-boxes-for-pastries-36-x-18-x-15-cm\/#primaryimage\"},\"thumbnailUrl\":\"https:\/\/www.csj-emballages.com\/wp-content\/uploads\/2024\/08\/ITV210.webp\",\"datePublished\":\"2024-08-01T00:18:48+00:00\",\"dateModified\":\"2026-03-12T15:27:38+00:00\",\"description\":\"2-compartment crystal pastry box 36 x 18 x 15 cm per 120: ideal for presenting and transporting your pastries with care.\",\"breadcrumb\":{\"@id\":\"https:\/\/www.csj-emballages.com\/en\/produit\/120-2-compartment-hinged-boxes-for-pastries-36-x-18-x-15-cm\/#breadcrumb\"},\"inLanguage\":\"en-US\",\"potentialAction\":[{\"@type\":\"ReadAction\",\"target\":[\"https:\/\/www.csj-emballages.com\/en\/produit\/120-2-compartment-hinged-boxes-for-pastries-36-x-18-x-15-cm\/\"]}]},{\"@type\":\"ImageObject\",\"inLanguage\":\"en-US\",\"@id\":\"https:\/\/www.csj-emballages.com\/en\/produit\/120-2-compartment-hinged-boxes-for-pastries-36-x-18-x-15-cm\/#primaryimage\",\"url\":\"https:\/\/www.csj-emballages.com\/wp-content\/uploads\/2024\/08\/ITV210.webp\",\"contentUrl\":\"https:\/\/www.csj-emballages.com\/wp-content\/uploads\/2024\/08\/ITV210.webp\",\"width\":800,\"height\":800,\"caption\":\"Boite p\u00e2tissi\u00e8re 2 compartiments\"},{\"@type\":\"BreadcrumbList\",\"@id\":\"https:\/\/www.csj-emballages.com\/en\/produit\/120-2-compartment-hinged-boxes-for-pastries-36-x-18-x-15-cm\/#breadcrumb\",\"itemListElement\":[{\"@type\":\"ListItem\",\"position\":1,\"name\":\"Accueil\",\"item\":\"https:\/\/www.csj-emballages.com\/en\/food-packaging-universe\/\"},{\"@type\":\"ListItem\",\"position\":2,\"name\":\"Shop\",\"item\":\"https:\/\/www.csj-emballages.com\/shop\/\"},{\"@type\":\"ListItem\",\"position\":3,\"name\":\"2-compartment pastry box crystal pastries 36 x 18 x 15 cm per 120\"}]},{\"@type\":\"WebSite\",\"@id\":\"https:\/\/www.csj-emballages.com\/en\/#website\",\"url\":\"https:\/\/www.csj-emballages.com\/en\/\",\"name\":\"CSJ Emballages\",\"description\":\"\",\"publisher\":{\"@id\":\"https:\/\/www.csj-emballages.com\/en\/#organization\"},\"potentialAction\":[{\"@type\":\"SearchAction\",\"target\":{\"@type\":\"EntryPoint\",\"urlTemplate\":\"https:\/\/www.csj-emballages.com\/en\/?s={search_term_string}\"},\"query-input\":{\"@type\":\"PropertyValueSpecification\",\"valueRequired\":true,\"valueName\":\"search_term_string\"}}],\"inLanguage\":\"en-US\"},{\"@type\":\"Organization\",\"@id\":\"https:\/\/www.csj-emballages.com\/en\/#Organization\/\",\"name\":\"CSJ Emballages\",\"url\":\"https:\/\/www.csj-emballages.com\/en\/\",\"logo\":{\"@type\":\"ImageObject\",\"inLanguage\":\"en-US\",\"@id\":\"https:\/\/www.csj-emballages.com\/en\/#\/schema\/logo\/image\/\",\"url\":\"https:\/\/www.csj-emballages.com\/wp-content\/uploads\/2023\/10\/logo_csj.webp\",\"contentUrl\":\"https:\/\/www.csj-emballages.com\/wp-content\/uploads\/2023\/10\/logo_csj.webp\",\"width\":250,\"height\":95,\"caption\":\"CSJ Emballages\"},\"image\":{\"@id\":\"https:\/\/www.csj-emballages.com\/en\/#\/schema\/logo\/image\/\"},\"sameAs\":[\"https:\/\/www.facebook.com\/csjemballages\"],\"address\":{\"@type\":\"PostalAddress\",\"streetAddress\":\"ZI La Lechere\",\"addressLocality\":\"Patornay\",\"postalCode\":\"39130\",\"addressCountry\":\"FR\"},\"contactPoint\":[{\"@type\":\"ContactPoint\",\"contactType\":\"Service client\",\"telephone\":\"0384254272\",\"email\":\"contact@csj-emballages.com\"}]}]}<\/script>\n<!-- \/ Yoast SEO Premium plugin. -->","yoast_head_json":{"title":"Box 2 Compartments Viennoiseries 36 x 18 x 15 cm","description":"2-compartment crystal pastry box 36 x 18 x 15 cm per 120: ideal for presenting and transporting your pastries with care.","robots":{"index":"index","follow":"follow","max-snippet":"max-snippet:-1","max-image-preview":"max-image-preview:large","max-video-preview":"max-video-preview:-1"},"canonical":"https:\/\/www.csj-emballages.com\/en\/produit\/120-2-compartment-hinged-boxes-for-pastries-36-x-18-x-15-cm\/","og_locale":"en_US","og_type":"article","og_title":"2-compartment pastry box crystal pastries 36 x 18 x 15 cm per 120","og_description":"2-compartment crystal pastry box 36 x 18 x 15 cm per 120: ideal for presenting and transporting your pastries with care.","og_url":"https:\/\/www.csj-emballages.com\/en\/produit\/120-2-compartment-hinged-boxes-for-pastries-36-x-18-x-15-cm\/","og_site_name":"CSJ Emballages","article_publisher":"https:\/\/www.facebook.com\/csjemballages","article_modified_time":"2026-03-12T15:27:38+00:00","og_image":[{"width":800,"height":800,"url":"https:\/\/www.csj-emballages.com\/wp-content\/uploads\/2024\/08\/ITV210.webp","type":"image\/webp"}],"twitter_card":"summary_large_image","twitter_misc":{"Est. reading time":"1 minute"},"schema":{"@context":"https:\/\/schema.org","@graph":[{"@type":"WebPage","@id":"https:\/\/www.csj-emballages.com\/en\/produit\/120-2-compartment-hinged-boxes-for-pastries-36-x-18-x-15-cm\/","url":"https:\/\/www.csj-emballages.com\/en\/produit\/120-2-compartment-hinged-boxes-for-pastries-36-x-18-x-15-cm\/","name":"Box 2 Compartments Viennoiseries 36 x 18 x 15 cm","isPartOf":{"@id":"https:\/\/www.csj-emballages.com\/en\/#website"},"primaryImageOfPage":{"@id":"https:\/\/www.csj-emballages.com\/en\/produit\/120-2-compartment-hinged-boxes-for-pastries-36-x-18-x-15-cm\/#primaryimage"},"image":{"@id":"https:\/\/www.csj-emballages.com\/en\/produit\/120-2-compartment-hinged-boxes-for-pastries-36-x-18-x-15-cm\/#primaryimage"},"thumbnailUrl":"https:\/\/www.csj-emballages.com\/wp-content\/uploads\/2024\/08\/ITV210.webp","datePublished":"2024-08-01T00:18:48+00:00","dateModified":"2026-03-12T15:27:38+00:00","description":"2-compartment crystal pastry box 36 x 18 x 15 cm per 120: ideal for presenting and transporting your pastries with care.","breadcrumb":{"@id":"https:\/\/www.csj-emballages.com\/en\/produit\/120-2-compartment-hinged-boxes-for-pastries-36-x-18-x-15-cm\/#breadcrumb"},"inLanguage":"en-US","potentialAction":[{"@type":"ReadAction","target":["https:\/\/www.csj-emballages.com\/en\/produit\/120-2-compartment-hinged-boxes-for-pastries-36-x-18-x-15-cm\/"]}]},{"@type":"ImageObject","inLanguage":"en-US","@id":"https:\/\/www.csj-emballages.com\/en\/produit\/120-2-compartment-hinged-boxes-for-pastries-36-x-18-x-15-cm\/#primaryimage","url":"https:\/\/www.csj-emballages.com\/wp-content\/uploads\/2024\/08\/ITV210.webp","contentUrl":"https:\/\/www.csj-emballages.com\/wp-content\/uploads\/2024\/08\/ITV210.webp","width":800,"height":800,"caption":"Boite p\u00e2tissi\u00e8re 2 compartiments"},{"@type":"BreadcrumbList","@id":"https:\/\/www.csj-emballages.com\/en\/produit\/120-2-compartment-hinged-boxes-for-pastries-36-x-18-x-15-cm\/#breadcrumb","itemListElement":[{"@type":"ListItem","position":1,"name":"Accueil","item":"https:\/\/www.csj-emballages.com\/en\/food-packaging-universe\/"},{"@type":"ListItem","position":2,"name":"Shop","item":"https:\/\/www.csj-emballages.com\/shop\/"},{"@type":"ListItem","position":3,"name":"2-compartment pastry box crystal pastries 36 x 18 x 15 cm per 120"}]},{"@type":"WebSite","@id":"https:\/\/www.csj-emballages.com\/en\/#website","url":"https:\/\/www.csj-emballages.com\/en\/","name":"CSJ Emballages","description":"","publisher":{"@id":"https:\/\/www.csj-emballages.com\/en\/#organization"},"potentialAction":[{"@type":"SearchAction","target":{"@type":"EntryPoint","urlTemplate":"https:\/\/www.csj-emballages.com\/en\/?s={search_term_string}"},"query-input":{"@type":"PropertyValueSpecification","valueRequired":true,"valueName":"search_term_string"}}],"inLanguage":"en-US"},{"@type":"Organization","@id":"https:\/\/www.csj-emballages.com\/en\/#Organization\/","name":"CSJ Emballages","url":"https:\/\/www.csj-emballages.com\/en\/","logo":{"@type":"ImageObject","inLanguage":"en-US","@id":"https:\/\/www.csj-emballages.com\/en\/#\/schema\/logo\/image\/","url":"https:\/\/www.csj-emballages.com\/wp-content\/uploads\/2023\/10\/logo_csj.webp","contentUrl":"https:\/\/www.csj-emballages.com\/wp-content\/uploads\/2023\/10\/logo_csj.webp","width":250,"height":95,"caption":"CSJ Emballages"},"image":{"@id":"https:\/\/www.csj-emballages.com\/en\/#\/schema\/logo\/image\/"},"sameAs":["https:\/\/www.facebook.com\/csjemballages"],"address":{"@type":"PostalAddress","streetAddress":"ZI La Lechere","addressLocality":"Patornay","postalCode":"39130","addressCountry":"FR"},"contactPoint":[{"@type":"ContactPoint","contactType":"Service client","telephone":"0384254272","email":"contact@csj-emballages.com"}]}]}},"df_price":48,"df_sale_price":48,"df_regular_price":60,"df_image_link":"https:\/\/www.csj-emballages.com\/wp-content\/uploads\/2024\/08\/ITV210-300x300.webp","tiered_pricing_type":"fixed","tiered_pricing_fixed_rules":[],"tiered_pricing_percentage_rules":[],"tiered_pricing_minimum":1,"tiered_pricing_roles_data":[],"_links":{"self":[{"href":"https:\/\/www.csj-emballages.com\/en\/wp-json\/wp\/v2\/product\/126017","targetHints":{"allow":["GET"]}}],"collection":[{"href":"https:\/\/www.csj-emballages.com\/en\/wp-json\/wp\/v2\/product"}],"about":[{"href":"https:\/\/www.csj-emballages.com\/en\/wp-json\/wp\/v2\/types\/product"}],"wp:featuredmedia":[{"embeddable":true,"href":"https:\/\/www.csj-emballages.com\/en\/wp-json\/wp\/v2\/media\/242375"}],"wp:attachment":[{"href":"https:\/\/www.csj-emballages.com\/en\/wp-json\/wp\/v2\/media?parent=126017"}],"wp:term":[{"taxonomy":"product_brand","embeddable":true,"href":"https:\/\/www.csj-emballages.com\/en\/wp-json\/wp\/v2\/product_brand?post=126017"},{"taxonomy":"product_cat","embeddable":true,"href":"https:\/\/www.csj-emballages.com\/en\/wp-json\/wp\/v2\/product_cat?post=126017"},{"taxonomy":"product_tag","embeddable":true,"href":"https:\/\/www.csj-emballages.com\/en\/wp-json\/wp\/v2\/product_tag?post=126017"}],"curies":[{"name":"wp","href":"https:\/\/api.w.org\/{rel}","templated":true}]}}