{"id":16454,"date":"2024-01-16T08:49:45","date_gmt":"2024-01-16T07:49:45","guid":{"rendered":"https:\/\/u15jnbdpoq.preview.infomaniak.website\/terms-of-use\/"},"modified":"2024-06-03T18:57:57","modified_gmt":"2024-06-03T16:57:57","slug":"terms-of-use","status":"publish","type":"page","link":"https:\/\/www.csj-emballages.com\/en\/terms-of-use\/","title":{"rendered":"Terms of use"},"content":{"rendered":"\t\t<div data-elementor-type=\"wp-page\" data-elementor-id=\"16454\" class=\"elementor elementor-16454 elementor-177\" data-elementor-post-type=\"page\">\n\t\t\t\t<div class=\"elementor-element elementor-element-e748b2f e-flex e-con-boxed e-con e-parent\" data-id=\"e748b2f\" data-element_type=\"container\">\n\t\t\t\t\t<div class=\"e-con-inner\">\n\t\t\t\t<div class=\"elementor-element elementor-element-3ca3200 elementor-widget elementor-widget-text-editor\" data-id=\"3ca3200\" data-element_type=\"widget\" data-widget_type=\"text-editor.default\">\n\t\t\t\t<div class=\"elementor-widget-container\">\n\t\t\t\t\t\t\t\t\t<div>In accordance with article 6 of French law no. 2004-575 of June 21, 2004 on confidence in the digital economy, we inform users of the https:\/\/csj-emballages.com website of the identity of the website publisher and host:<\/div>\n<div> <\/div>\n<div>Site editor: <strong>C.S.J Emballages<\/strong><\/div>\n<div>Status: SASU Soci\u00e9t\u00e9 par actions simplifi\u00e9e \u00e0 associ\u00e9 unique (simplified joint-stock company with a single shareholder)<\/div>\n<div>Head office: ZI LA LECHERE 39130 PATORNAY.<br \/>Tel: 03 84 25 42 72<\/div>\n<div>Publication manager: Mino Christian<\/div>\n<div> <\/div>\n<div>Host : Infomaniak<\/div>\n<div>Registered office: Rue Eug\u00e8ne-Marziano 25, 1227 Geneva, Switzerland<\/div>\n\t\t\t\t\t\t\t\t<\/div>\n\t\t\t\t<\/div>\n\t\t\t\t\t<\/div>\n\t\t\t\t<\/div>\n\t\t\t\t<\/div>\n\t\t","protected":false},"excerpt":{"rendered":"<p>In accordance with article 6 of French law no. 2004-575 of June 21, 2004 on confidence in the digital economy, we inform users of the https:\/\/csj-emballages.com website of the identity of the website publisher and host: Site editor: C.S.J Emballages Status: SASU Soci\u00e9t\u00e9 par actions simplifi\u00e9e \u00e0 associ\u00e9 unique (simplified joint-stock company with a single [&hellip;]<\/p>\n","protected":false},"author":1,"featured_media":0,"parent":0,"menu_order":11,"comment_status":"closed","ping_status":"closed","template":"","meta":{"_acf_changed":false,"footnotes":""},"categories":[],"tags":[],"class_list":["post-16454","page","type-page","status-publish","hentry"],"acf":[],"yoast_head":"<!-- This site is optimized with the Yoast SEO Premium plugin v26.6 (Yoast SEO v26.6) - https:\/\/yoast.com\/wordpress\/plugins\/seo\/ -->\n<title>Terms of use - CSJ Emballages<\/title>\n<meta name=\"robots\" content=\"index, follow, max-snippet:-1, max-image-preview:large, max-video-preview:-1\" \/>\n<link rel=\"canonical\" href=\"https:\/\/www.csj-emballages.com\/en\/terms-of-use\/\" \/>\n<meta property=\"og:locale\" content=\"en_US\" \/>\n<meta property=\"og:type\" content=\"article\" \/>\n<meta property=\"og:title\" content=\"Terms of use\" \/>\n<meta property=\"og:description\" content=\"In accordance with article 6 of French law no. 2004-575 of June 21, 2004 on confidence in the digital economy, we inform users of the https:\/\/csj-emballages.com website of the identity of the website publisher and host: Site editor: C.S.J Emballages Status: SASU Soci\u00e9t\u00e9 par actions simplifi\u00e9e \u00e0 associ\u00e9 unique (simplified joint-stock company with a single [&hellip;]\" \/>\n<meta property=\"og:url\" content=\"https:\/\/www.csj-emballages.com\/en\/terms-of-use\/\" \/>\n<meta property=\"og:site_name\" content=\"CSJ Emballages\" \/>\n<meta property=\"article:publisher\" content=\"https:\/\/www.facebook.com\/csjemballages\" \/>\n<meta property=\"article:modified_time\" content=\"2024-06-03T16:57:57+00:00\" \/>\n<meta name=\"twitter:card\" content=\"summary_large_image\" \/>\n<script type=\"application\/ld+json\" class=\"yoast-schema-graph\">{\"@context\":\"https:\/\/schema.org\",\"@graph\":[{\"@type\":\"WebPage\",\"@id\":\"https:\/\/www.csj-emballages.com\/en\/terms-of-use\/\",\"url\":\"https:\/\/www.csj-emballages.com\/en\/terms-of-use\/\",\"name\":\"Terms of use - CSJ Emballages\",\"isPartOf\":{\"@id\":\"https:\/\/www.csj-emballages.com\/en\/#website\"},\"datePublished\":\"2024-01-16T07:49:45+00:00\",\"dateModified\":\"2024-06-03T16:57:57+00:00\",\"breadcrumb\":{\"@id\":\"https:\/\/www.csj-emballages.com\/en\/terms-of-use\/#breadcrumb\"},\"inLanguage\":\"en-US\",\"potentialAction\":[{\"@type\":\"ReadAction\",\"target\":[\"https:\/\/www.csj-emballages.com\/en\/terms-of-use\/\"]}]},{\"@type\":\"BreadcrumbList\",\"@id\":\"https:\/\/www.csj-emballages.com\/en\/terms-of-use\/#breadcrumb\",\"itemListElement\":[{\"@type\":\"ListItem\",\"position\":1,\"name\":\"Accueil\",\"item\":\"https:\/\/www.csj-emballages.com\/en\/food-packaging-universe\/\"},{\"@type\":\"ListItem\",\"position\":2,\"name\":\"Terms of use\"}]},{\"@type\":\"WebSite\",\"@id\":\"https:\/\/www.csj-emballages.com\/en\/#website\",\"url\":\"https:\/\/www.csj-emballages.com\/en\/\",\"name\":\"CSJ Emballages\",\"description\":\"\",\"publisher\":{\"@id\":\"https:\/\/www.csj-emballages.com\/en\/#organization\"},\"potentialAction\":[{\"@type\":\"SearchAction\",\"target\":{\"@type\":\"EntryPoint\",\"urlTemplate\":\"https:\/\/www.csj-emballages.com\/en\/?s={search_term_string}\"},\"query-input\":{\"@type\":\"PropertyValueSpecification\",\"valueRequired\":true,\"valueName\":\"search_term_string\"}}],\"inLanguage\":\"en-US\"},{\"@type\":\"Organization\",\"@id\":\"https:\/\/www.csj-emballages.com\/en\/#Organization\/\",\"name\":\"CSJ Emballages\",\"url\":\"https:\/\/www.csj-emballages.com\/en\/\",\"logo\":{\"@type\":\"ImageObject\",\"inLanguage\":\"en-US\",\"@id\":\"https:\/\/www.csj-emballages.com\/en\/#\/schema\/logo\/image\/\",\"url\":\"https:\/\/www.csj-emballages.com\/wp-content\/uploads\/2023\/10\/logo_csj.webp\",\"contentUrl\":\"https:\/\/www.csj-emballages.com\/wp-content\/uploads\/2023\/10\/logo_csj.webp\",\"width\":250,\"height\":95,\"caption\":\"CSJ Emballages\"},\"image\":{\"@id\":\"https:\/\/www.csj-emballages.com\/en\/#\/schema\/logo\/image\/\"},\"sameAs\":[\"https:\/\/www.facebook.com\/csjemballages\"],\"address\":{\"@type\":\"PostalAddress\",\"streetAddress\":\"ZI La Lechere\",\"addressLocality\":\"Patornay\",\"postalCode\":\"39130\",\"addressCountry\":\"FR\"},\"contactPoint\":[{\"@type\":\"ContactPoint\",\"contactType\":\"Service client\",\"telephone\":\"0384254272\",\"email\":\"contact@csj-emballages.com\"}]}]}<\/script>\n<!-- \/ Yoast SEO Premium plugin. -->","yoast_head_json":{"title":"Terms of use - CSJ Emballages","robots":{"index":"index","follow":"follow","max-snippet":"max-snippet:-1","max-image-preview":"max-image-preview:large","max-video-preview":"max-video-preview:-1"},"canonical":"https:\/\/www.csj-emballages.com\/en\/terms-of-use\/","og_locale":"en_US","og_type":"article","og_title":"Terms of use","og_description":"In accordance with article 6 of French law no. 2004-575 of June 21, 2004 on confidence in the digital economy, we inform users of the https:\/\/csj-emballages.com website of the identity of the website publisher and host: Site editor: C.S.J Emballages Status: SASU Soci\u00e9t\u00e9 par actions simplifi\u00e9e \u00e0 associ\u00e9 unique (simplified joint-stock company with a single [&hellip;]","og_url":"https:\/\/www.csj-emballages.com\/en\/terms-of-use\/","og_site_name":"CSJ Emballages","article_publisher":"https:\/\/www.facebook.com\/csjemballages","article_modified_time":"2024-06-03T16:57:57+00:00","twitter_card":"summary_large_image","schema":{"@context":"https:\/\/schema.org","@graph":[{"@type":"WebPage","@id":"https:\/\/www.csj-emballages.com\/en\/terms-of-use\/","url":"https:\/\/www.csj-emballages.com\/en\/terms-of-use\/","name":"Terms of use - CSJ Emballages","isPartOf":{"@id":"https:\/\/www.csj-emballages.com\/en\/#website"},"datePublished":"2024-01-16T07:49:45+00:00","dateModified":"2024-06-03T16:57:57+00:00","breadcrumb":{"@id":"https:\/\/www.csj-emballages.com\/en\/terms-of-use\/#breadcrumb"},"inLanguage":"en-US","potentialAction":[{"@type":"ReadAction","target":["https:\/\/www.csj-emballages.com\/en\/terms-of-use\/"]}]},{"@type":"BreadcrumbList","@id":"https:\/\/www.csj-emballages.com\/en\/terms-of-use\/#breadcrumb","itemListElement":[{"@type":"ListItem","position":1,"name":"Accueil","item":"https:\/\/www.csj-emballages.com\/en\/food-packaging-universe\/"},{"@type":"ListItem","position":2,"name":"Terms of use"}]},{"@type":"WebSite","@id":"https:\/\/www.csj-emballages.com\/en\/#website","url":"https:\/\/www.csj-emballages.com\/en\/","name":"CSJ Emballages","description":"","publisher":{"@id":"https:\/\/www.csj-emballages.com\/en\/#organization"},"potentialAction":[{"@type":"SearchAction","target":{"@type":"EntryPoint","urlTemplate":"https:\/\/www.csj-emballages.com\/en\/?s={search_term_string}"},"query-input":{"@type":"PropertyValueSpecification","valueRequired":true,"valueName":"search_term_string"}}],"inLanguage":"en-US"},{"@type":"Organization","@id":"https:\/\/www.csj-emballages.com\/en\/#Organization\/","name":"CSJ Emballages","url":"https:\/\/www.csj-emballages.com\/en\/","logo":{"@type":"ImageObject","inLanguage":"en-US","@id":"https:\/\/www.csj-emballages.com\/en\/#\/schema\/logo\/image\/","url":"https:\/\/www.csj-emballages.com\/wp-content\/uploads\/2023\/10\/logo_csj.webp","contentUrl":"https:\/\/www.csj-emballages.com\/wp-content\/uploads\/2023\/10\/logo_csj.webp","width":250,"height":95,"caption":"CSJ Emballages"},"image":{"@id":"https:\/\/www.csj-emballages.com\/en\/#\/schema\/logo\/image\/"},"sameAs":["https:\/\/www.facebook.com\/csjemballages"],"address":{"@type":"PostalAddress","streetAddress":"ZI La Lechere","addressLocality":"Patornay","postalCode":"39130","addressCountry":"FR"},"contactPoint":[{"@type":"ContactPoint","contactType":"Service client","telephone":"0384254272","email":"contact@csj-emballages.com"}]}]}},"_links":{"self":[{"href":"https:\/\/www.csj-emballages.com\/en\/wp-json\/wp\/v2\/pages\/16454","targetHints":{"allow":["GET"]}}],"collection":[{"href":"https:\/\/www.csj-emballages.com\/en\/wp-json\/wp\/v2\/pages"}],"about":[{"href":"https:\/\/www.csj-emballages.com\/en\/wp-json\/wp\/v2\/types\/page"}],"author":[{"embeddable":true,"href":"https:\/\/www.csj-emballages.com\/en\/wp-json\/wp\/v2\/users\/1"}],"replies":[{"embeddable":true,"href":"https:\/\/www.csj-emballages.com\/en\/wp-json\/wp\/v2\/comments?post=16454"}],"version-history":[{"count":1,"href":"https:\/\/www.csj-emballages.com\/en\/wp-json\/wp\/v2\/pages\/16454\/revisions"}],"predecessor-version":[{"id":16455,"href":"https:\/\/www.csj-emballages.com\/en\/wp-json\/wp\/v2\/pages\/16454\/revisions\/16455"}],"wp:attachment":[{"href":"https:\/\/www.csj-emballages.com\/en\/wp-json\/wp\/v2\/media?parent=16454"}],"wp:term":[{"taxonomy":"category","embeddable":true,"href":"https:\/\/www.csj-emballages.com\/en\/wp-json\/wp\/v2\/categories?post=16454"},{"taxonomy":"post_tag","embeddable":true,"href":"https:\/\/www.csj-emballages.com\/en\/wp-json\/wp\/v2\/tags?post=16454"}],"curies":[{"name":"wp","href":"https:\/\/api.w.org\/{rel}","templated":true}]}}