{"id":29426,"date":"2024-03-01T16:54:57","date_gmt":"2024-03-01T15:54:57","guid":{"rendered":"https:\/\/www.csj-emballages.com\/produit\/250-1000-ml-schalen-fuer-pommes-frites-und-wurstwaren\/"},"modified":"2026-04-30T02:12:17","modified_gmt":"2026-04-30T00:12:17","slug":"250-1000-ml-schalen-fuer-pommes-frites-und-wurstwaren","status":"publish","type":"product","link":"https:\/\/www.csj-emballages.com\/de\/produit\/250-1000-ml-schalen-fuer-pommes-frites-und-wurstwaren\/","title":{"rendered":"Schale Pommes frites Plastik 1000 ml pro 250"},"content":{"rendered":"<h2>Schale Pommes frites<\/h2>\n<hr>\n<h3>Entdecken Sie unsere Schale Pommes frites aus Kunststoff 1000 ml pro 250<\/h3>\n<p><!--more--><\/p>\n<p data-start=\"208\" data-end=\"512\">Wenn Sie Pommes frites, Tapas oder kleine Snacks servieren, wird Ihnen diese <strong>1000-ml-Pommes-frites-Schale<\/strong> das Leben leichter machen. Sie ist praktisch, leicht und vor allem sehr einfach zu verwenden. Sie wurde f\u00fcr Profis entwickelt, die schnell, gut und ohne Kopfzerbrechen servieren m\u00fcssen. Zun\u00e4chst einmal ist die Gr\u00f6\u00dfe von <strong>1000<\/strong><strong> ml<\/strong> wirklich ideal: nicht zu klein und nicht zu gro\u00df. Sie erm\u00f6glicht es, eine sch\u00f6ne, gro\u00dfz\u00fcgige Portion anzubieten, die dem Kunden Freude bereitet. Und da sie durchsichtig ist, kommen Ihre goldbraunen Pommes frites oder Ihre Beilagen sofort zur Geltung. Man wei\u00df ja, dass die Optik enorm z\u00e4hlt, vor allem beim Verkauf zum Mitnehmen.     <\/p>\n<p data-start=\"860\" data-end=\"1150\">Diese <strong data-start=\"901\" data-end=\"924\">Plastikschale<\/strong> vertr\u00e4gt hei\u00dfe und leicht fettige Speisen sehr gut. Keine Verformung, kein Auslaufrisiko: Sie bleibt fest an ihrem Platz, auch wenn ein Service nach dem anderen kommt. Das ist beruhigend f\u00fcr Sie und komfortabel f\u00fcr Ihre Kunden.  <\/p>\n<p data-start=\"1152\" data-end=\"1460\">Ebenso wird sie zu <strong>250 St\u00fcck<\/strong> verkauft, was perfekt ist, um Lieferengp\u00e4sse zu vermeiden. Sie f\u00fcllen Ihren Vorrat auf und sind beruhigt. Au\u00dferdem lassen sich die Schalen sehr gut stapeln, was Platz in Ihrem Vorbereitungsbereich schafft.  <\/p>\n<p data-start=\"1462\" data-end=\"1651\">Au\u00dferdem eignet sich diese <strong data-start=\"1482\" data-end=\"1502\">Pommes-Schale<\/strong> f\u00fcr alle Arten von Einrichtungen: Foodtruck, Restaurant, Imbiss, Sommergrill, Veranstaltung&#8230; Sie l\u00e4sst sich \u00fcberall m\u00fchelos integrieren.<\/p>\n<p data-start=\"1653\" data-end=\"1926\">Letztendlich ist es ein einfaches, aber wirksames Produkt. Eine <strong>Pommes frites-Schale<\/strong>, die Ihre Gerichte aufwertet und Ihre Organisation reibungsloser macht. Kurzum, ein unverzichtbares Alltagsprodukt f\u00fcr alle, die einen schnellen, sauberen und angenehmen Service anbieten m\u00f6chten.  <\/p>\n<p data-start=\"1610\" data-end=\"1809\"><!--more--><\/p>\n<h4 data-start=\"1610\" data-end=\"1809\">Vorteile :<\/h4>\n<ul>\n<li data-start=\"2118\" data-end=\"2171\"><strong>1000<\/strong><strong> ml<\/strong> Fassungsverm\u00f6gen perfekt f\u00fcr eine Portion Pommes frites.<\/li>\n<li data-start=\"2174\" data-end=\"2218\">Transparent f\u00fcr eine sch\u00f6ne Hervorhebung.<\/li>\n<li data-start=\"2221\" data-end=\"2258\">Einmalige Verwendung: hygienisch und schnell.<\/li>\n<li data-start=\"2261\" data-end=\"2293\">Leicht und gut stapelbar.<\/li>\n<li data-start=\"2296\" data-end=\"2348\">Verpackung zu <strong>250<\/strong> St\u00fcck f\u00fcr eine optimierte Verwaltung.<\/li>\n<\/ul>\n<p>&nbsp;<\/p>\n<p><!--more--><\/p>\n<h4>Weitere Informationen :<\/h4>\n<ul>\n<li><strong>Verpackung<\/strong>: Packung mit 250<\/li>\n<li><strong>Abmessungen<\/strong>: 189 x 144 x 54 mm (L x B x H)<\/li>\n<li><strong>Material<\/strong>: Polystyrol PS<\/li>\n<li><strong>Volumen<\/strong>: 1000 ml<\/li>\n<li><strong>Temperatur<\/strong>: -5\u00b0C\/+80\u00b0C<\/li>\n<li><strong>Farbe<\/strong>: Transparent<\/li>\n<\/ul>\n<p>&nbsp;<\/p>\n<p><!--more--><\/p>\n<p>Dieser quadratische Kuchenhalter in Wei\u00df \/ Schwarz ist in verschiedenen Gr\u00f6\u00dfen erh\u00e4ltlich : <span style=\"color: #d12727;\"><a style=\"color: #d12727;\" href=\"https:\/\/www.csj-emballages.com\/es\/produit\/bandeja-de-plastico-para-virutas-125-ml-por-500\/\">125 ml<\/a><\/span> \/ <span style=\"color: #d12727;\"><a style=\"color: #d12727;\" href=\"https:\/\/www.csj-emballages.com\/es\/produit\/bandeja-de-plastico-para-virutas-250-ml-por-500\/\">250 ml<\/a><\/span> \/ <span style=\"color: #d12727;\"><a style=\"color: #d12727;\" href=\"https:\/\/www.csj-emballages.com\/es\/produit\/bandeja-de-plastico-para-patatas-fritas-375ml-a-250\/\">375 ml<\/a><\/span> \/ <span style=\"color: #d12727;\"><a style=\"color: #d12727;\" href=\"https:\/\/www.csj-emballages.com\/es\/produit\/bandeja-de-plastico-para-virutas-500-ml-por-250\/\">500 ml<\/a> <\/span>\/ <span style=\"color: #d12727;\"><a style=\"color: #d12727;\" href=\"https:\/\/www.csj-emballages.com\/es\/produit\/bandeja-de-plastico-para-virutas-750-ml-por-250\/\">700 ml<\/a> <\/span>\/ <span style=\"color: #d12727;\"><a style=\"color: #d12727;\" href=\"https:\/\/www.csj-emballages.com\/es\/produit\/bandeja-de-plastico-para-patatas-fritas-y-salchichas-1500-ml-por-250\/\">1500 ml<\/a><\/span><\/p>\n<p>&nbsp;<\/p>\n<p><!--more--><\/p>\n<p><a href=\"\/?product_cat=barquette-frites-plastique\">Sehen Sie sich den Rest unseres Sortiments an Pommes frites-Schalen aus Plastik an<\/a><\/p>\n","protected":false},"excerpt":{"rendered":"<p>Schale Pommes frites Entdecken Sie unsere Schale Pommes frites aus Kunststoff 1000 ml pro 250<\/p>\n","protected":false},"featured_media":159036,"template":"","meta":{"_acf_changed":false},"product_brand":[],"product_cat":[1137,1134,3974,3960,3944,1474],"product_tag":[],"class_list":{"0":"post-29426","1":"product","2":"type-product","3":"status-publish","4":"has-post-thumbnail","6":"product_cat-lebensmittelverpackungen","7":"product_cat-restauration-de","8":"product_cat-dosen-schalen-beutel-konen","9":"product_cat-plastikschalen","10":"product_cat-pommes-frites-schalen-aus-kunststoff-caissipack","11":"product_cat-schalen-kartons","13":"first","14":"instock","15":"taxable","16":"shipping-taxable","17":"purchasable","18":"product-type-simple"},"acf":[],"yoast_head":"<!-- This site is optimized with the Yoast SEO Premium plugin v26.6 (Yoast SEO v26.6) - https:\/\/yoast.com\/wordpress\/plugins\/seo\/ -->\n<title>Schale Pommes Frites Plastik 1000 ml pro 250<\/title>\n<meta name=\"description\" content=\"Plastikschale Pommes frites 1000 ml pro 250: widerstandsf\u00e4hig, praktisch und perfekt f\u00fcr den Verkauf zum Mitnehmen. Ideal f\u00fcr Portionen von Pommes frites und Snacks.\" \/>\n<meta name=\"robots\" content=\"index, follow, max-snippet:-1, max-image-preview:large, max-video-preview:-1\" \/>\n<link rel=\"canonical\" href=\"https:\/\/www.csj-emballages.com\/de\/produit\/250-1000-ml-schalen-fuer-pommes-frites-und-wurstwaren\/\" \/>\n<meta property=\"og:locale\" content=\"de_DE\" \/>\n<meta property=\"og:type\" content=\"article\" \/>\n<meta property=\"og:title\" content=\"Schale Pommes frites Plastik 1000 ml pro 250\" \/>\n<meta property=\"og:description\" content=\"Plastikschale Pommes frites 1000 ml pro 250: widerstandsf\u00e4hig, praktisch und perfekt f\u00fcr den Verkauf zum Mitnehmen. Ideal f\u00fcr Portionen von Pommes frites und Snacks.\" \/>\n<meta property=\"og:url\" content=\"https:\/\/www.csj-emballages.com\/de\/produit\/250-1000-ml-schalen-fuer-pommes-frites-und-wurstwaren\/\" \/>\n<meta property=\"og:site_name\" content=\"CSJ Emballages\" \/>\n<meta property=\"article:publisher\" content=\"https:\/\/www.facebook.com\/csjemballages\" \/>\n<meta property=\"article:modified_time\" content=\"2026-04-30T00:12:17+00:00\" \/>\n<meta property=\"og:image\" content=\"https:\/\/www.csj-emballages.com\/wp-content\/uploads\/2024\/03\/produit-5.png\" \/>\n\t<meta property=\"og:image:width\" content=\"300\" \/>\n\t<meta property=\"og:image:height\" content=\"300\" \/>\n\t<meta property=\"og:image:type\" content=\"image\/png\" \/>\n<meta name=\"twitter:card\" content=\"summary_large_image\" \/>\n<meta name=\"twitter:label1\" content=\"Gesch\u00e4tzte Lesezeit\" \/>\n\t<meta name=\"twitter:data1\" content=\"2 Minuten\" \/>\n<script type=\"application\/ld+json\" class=\"yoast-schema-graph\">{\"@context\":\"https:\/\/schema.org\",\"@graph\":[{\"@type\":\"WebPage\",\"@id\":\"https:\/\/www.csj-emballages.com\/de\/produit\/250-1000-ml-schalen-fuer-pommes-frites-und-wurstwaren\/\",\"url\":\"https:\/\/www.csj-emballages.com\/de\/produit\/250-1000-ml-schalen-fuer-pommes-frites-und-wurstwaren\/\",\"name\":\"Schale Pommes Frites Plastik 1000 ml pro 250\",\"isPartOf\":{\"@id\":\"https:\/\/www.csj-emballages.com\/de\/#website\"},\"primaryImageOfPage\":{\"@id\":\"https:\/\/www.csj-emballages.com\/de\/produit\/250-1000-ml-schalen-fuer-pommes-frites-und-wurstwaren\/#primaryimage\"},\"image\":{\"@id\":\"https:\/\/www.csj-emballages.com\/de\/produit\/250-1000-ml-schalen-fuer-pommes-frites-und-wurstwaren\/#primaryimage\"},\"thumbnailUrl\":\"https:\/\/www.csj-emballages.com\/wp-content\/uploads\/2024\/03\/produit-5.png\",\"datePublished\":\"2024-03-01T15:54:57+00:00\",\"dateModified\":\"2026-04-30T00:12:17+00:00\",\"description\":\"Plastikschale Pommes frites 1000 ml pro 250: widerstandsf\u00e4hig, praktisch und perfekt f\u00fcr den Verkauf zum Mitnehmen. Ideal f\u00fcr Portionen von Pommes frites und Snacks.\",\"breadcrumb\":{\"@id\":\"https:\/\/www.csj-emballages.com\/de\/produit\/250-1000-ml-schalen-fuer-pommes-frites-und-wurstwaren\/#breadcrumb\"},\"inLanguage\":\"de\",\"potentialAction\":[{\"@type\":\"ReadAction\",\"target\":[\"https:\/\/www.csj-emballages.com\/de\/produit\/250-1000-ml-schalen-fuer-pommes-frites-und-wurstwaren\/\"]}]},{\"@type\":\"ImageObject\",\"inLanguage\":\"de\",\"@id\":\"https:\/\/www.csj-emballages.com\/de\/produit\/250-1000-ml-schalen-fuer-pommes-frites-und-wurstwaren\/#primaryimage\",\"url\":\"https:\/\/www.csj-emballages.com\/wp-content\/uploads\/2024\/03\/produit-5.png\",\"contentUrl\":\"https:\/\/www.csj-emballages.com\/wp-content\/uploads\/2024\/03\/produit-5.png\",\"width\":300,\"height\":300,\"caption\":\"barquette plastique\"},{\"@type\":\"BreadcrumbList\",\"@id\":\"https:\/\/www.csj-emballages.com\/de\/produit\/250-1000-ml-schalen-fuer-pommes-frites-und-wurstwaren\/#breadcrumb\",\"itemListElement\":[{\"@type\":\"ListItem\",\"position\":1,\"name\":\"Accueil\",\"item\":\"https:\/\/www.csj-emballages.com\/de\/universum-lebensmittelverpackungen\/\"},{\"@type\":\"ListItem\",\"position\":2,\"name\":\"Shop\",\"item\":\"https:\/\/www.csj-emballages.com\/shop\/\"},{\"@type\":\"ListItem\",\"position\":3,\"name\":\"Schale Pommes frites Plastik 1000 ml pro 250\"}]},{\"@type\":\"WebSite\",\"@id\":\"https:\/\/www.csj-emballages.com\/de\/#website\",\"url\":\"https:\/\/www.csj-emballages.com\/de\/\",\"name\":\"CSJ Emballages\",\"description\":\"\",\"publisher\":{\"@id\":\"https:\/\/www.csj-emballages.com\/de\/#organization\"},\"potentialAction\":[{\"@type\":\"SearchAction\",\"target\":{\"@type\":\"EntryPoint\",\"urlTemplate\":\"https:\/\/www.csj-emballages.com\/de\/?s={search_term_string}\"},\"query-input\":{\"@type\":\"PropertyValueSpecification\",\"valueRequired\":true,\"valueName\":\"search_term_string\"}}],\"inLanguage\":\"de\"},{\"@type\":\"Organization\",\"@id\":\"https:\/\/www.csj-emballages.com\/de\/#Organization\/\",\"name\":\"CSJ Emballages\",\"url\":\"https:\/\/www.csj-emballages.com\/de\/\",\"logo\":{\"@type\":\"ImageObject\",\"inLanguage\":\"de\",\"@id\":\"https:\/\/www.csj-emballages.com\/de\/#\/schema\/logo\/image\/\",\"url\":\"https:\/\/www.csj-emballages.com\/wp-content\/uploads\/2023\/10\/logo_csj.webp\",\"contentUrl\":\"https:\/\/www.csj-emballages.com\/wp-content\/uploads\/2023\/10\/logo_csj.webp\",\"width\":250,\"height\":95,\"caption\":\"CSJ Emballages\"},\"image\":{\"@id\":\"https:\/\/www.csj-emballages.com\/de\/#\/schema\/logo\/image\/\"},\"sameAs\":[\"https:\/\/www.facebook.com\/csjemballages\"],\"address\":{\"@type\":\"PostalAddress\",\"streetAddress\":\"ZI La Lechere\",\"addressLocality\":\"Patornay\",\"postalCode\":\"39130\",\"addressCountry\":\"FR\"},\"contactPoint\":[{\"@type\":\"ContactPoint\",\"contactType\":\"Service client\",\"telephone\":\"0384254272\",\"email\":\"contact@csj-emballages.com\"}]}]}<\/script>\n<!-- \/ Yoast SEO Premium plugin. -->","yoast_head_json":{"title":"Schale Pommes Frites Plastik 1000 ml pro 250","description":"Plastikschale Pommes frites 1000 ml pro 250: widerstandsf\u00e4hig, praktisch und perfekt f\u00fcr den Verkauf zum Mitnehmen. Ideal f\u00fcr Portionen von Pommes frites und Snacks.","robots":{"index":"index","follow":"follow","max-snippet":"max-snippet:-1","max-image-preview":"max-image-preview:large","max-video-preview":"max-video-preview:-1"},"canonical":"https:\/\/www.csj-emballages.com\/de\/produit\/250-1000-ml-schalen-fuer-pommes-frites-und-wurstwaren\/","og_locale":"de_DE","og_type":"article","og_title":"Schale Pommes frites Plastik 1000 ml pro 250","og_description":"Plastikschale Pommes frites 1000 ml pro 250: widerstandsf\u00e4hig, praktisch und perfekt f\u00fcr den Verkauf zum Mitnehmen. Ideal f\u00fcr Portionen von Pommes frites und Snacks.","og_url":"https:\/\/www.csj-emballages.com\/de\/produit\/250-1000-ml-schalen-fuer-pommes-frites-und-wurstwaren\/","og_site_name":"CSJ Emballages","article_publisher":"https:\/\/www.facebook.com\/csjemballages","article_modified_time":"2026-04-30T00:12:17+00:00","og_image":[{"width":300,"height":300,"url":"https:\/\/www.csj-emballages.com\/wp-content\/uploads\/2024\/03\/produit-5.png","type":"image\/png"}],"twitter_card":"summary_large_image","twitter_misc":{"Gesch\u00e4tzte Lesezeit":"2 Minuten"},"schema":{"@context":"https:\/\/schema.org","@graph":[{"@type":"WebPage","@id":"https:\/\/www.csj-emballages.com\/de\/produit\/250-1000-ml-schalen-fuer-pommes-frites-und-wurstwaren\/","url":"https:\/\/www.csj-emballages.com\/de\/produit\/250-1000-ml-schalen-fuer-pommes-frites-und-wurstwaren\/","name":"Schale Pommes Frites Plastik 1000 ml pro 250","isPartOf":{"@id":"https:\/\/www.csj-emballages.com\/de\/#website"},"primaryImageOfPage":{"@id":"https:\/\/www.csj-emballages.com\/de\/produit\/250-1000-ml-schalen-fuer-pommes-frites-und-wurstwaren\/#primaryimage"},"image":{"@id":"https:\/\/www.csj-emballages.com\/de\/produit\/250-1000-ml-schalen-fuer-pommes-frites-und-wurstwaren\/#primaryimage"},"thumbnailUrl":"https:\/\/www.csj-emballages.com\/wp-content\/uploads\/2024\/03\/produit-5.png","datePublished":"2024-03-01T15:54:57+00:00","dateModified":"2026-04-30T00:12:17+00:00","description":"Plastikschale Pommes frites 1000 ml pro 250: widerstandsf\u00e4hig, praktisch und perfekt f\u00fcr den Verkauf zum Mitnehmen. Ideal f\u00fcr Portionen von Pommes frites und Snacks.","breadcrumb":{"@id":"https:\/\/www.csj-emballages.com\/de\/produit\/250-1000-ml-schalen-fuer-pommes-frites-und-wurstwaren\/#breadcrumb"},"inLanguage":"de","potentialAction":[{"@type":"ReadAction","target":["https:\/\/www.csj-emballages.com\/de\/produit\/250-1000-ml-schalen-fuer-pommes-frites-und-wurstwaren\/"]}]},{"@type":"ImageObject","inLanguage":"de","@id":"https:\/\/www.csj-emballages.com\/de\/produit\/250-1000-ml-schalen-fuer-pommes-frites-und-wurstwaren\/#primaryimage","url":"https:\/\/www.csj-emballages.com\/wp-content\/uploads\/2024\/03\/produit-5.png","contentUrl":"https:\/\/www.csj-emballages.com\/wp-content\/uploads\/2024\/03\/produit-5.png","width":300,"height":300,"caption":"barquette plastique"},{"@type":"BreadcrumbList","@id":"https:\/\/www.csj-emballages.com\/de\/produit\/250-1000-ml-schalen-fuer-pommes-frites-und-wurstwaren\/#breadcrumb","itemListElement":[{"@type":"ListItem","position":1,"name":"Accueil","item":"https:\/\/www.csj-emballages.com\/de\/universum-lebensmittelverpackungen\/"},{"@type":"ListItem","position":2,"name":"Shop","item":"https:\/\/www.csj-emballages.com\/shop\/"},{"@type":"ListItem","position":3,"name":"Schale Pommes frites Plastik 1000 ml pro 250"}]},{"@type":"WebSite","@id":"https:\/\/www.csj-emballages.com\/de\/#website","url":"https:\/\/www.csj-emballages.com\/de\/","name":"CSJ Emballages","description":"","publisher":{"@id":"https:\/\/www.csj-emballages.com\/de\/#organization"},"potentialAction":[{"@type":"SearchAction","target":{"@type":"EntryPoint","urlTemplate":"https:\/\/www.csj-emballages.com\/de\/?s={search_term_string}"},"query-input":{"@type":"PropertyValueSpecification","valueRequired":true,"valueName":"search_term_string"}}],"inLanguage":"de"},{"@type":"Organization","@id":"https:\/\/www.csj-emballages.com\/de\/#Organization\/","name":"CSJ Emballages","url":"https:\/\/www.csj-emballages.com\/de\/","logo":{"@type":"ImageObject","inLanguage":"de","@id":"https:\/\/www.csj-emballages.com\/de\/#\/schema\/logo\/image\/","url":"https:\/\/www.csj-emballages.com\/wp-content\/uploads\/2023\/10\/logo_csj.webp","contentUrl":"https:\/\/www.csj-emballages.com\/wp-content\/uploads\/2023\/10\/logo_csj.webp","width":250,"height":95,"caption":"CSJ Emballages"},"image":{"@id":"https:\/\/www.csj-emballages.com\/de\/#\/schema\/logo\/image\/"},"sameAs":["https:\/\/www.facebook.com\/csjemballages"],"address":{"@type":"PostalAddress","streetAddress":"ZI La Lechere","addressLocality":"Patornay","postalCode":"39130","addressCountry":"FR"},"contactPoint":[{"@type":"ContactPoint","contactType":"Service client","telephone":"0384254272","email":"contact@csj-emballages.com"}]}]}},"df_price":28.4,"df_sale_price":"","df_regular_price":28.4,"df_image_link":"https:\/\/www.csj-emballages.com\/wp-content\/uploads\/2024\/03\/produit-5.png","tiered_pricing_type":"fixed","tiered_pricing_fixed_rules":[],"tiered_pricing_percentage_rules":[],"tiered_pricing_minimum":1,"tiered_pricing_roles_data":[],"_links":{"self":[{"href":"https:\/\/www.csj-emballages.com\/de\/wp-json\/wp\/v2\/product\/29426","targetHints":{"allow":["GET"]}}],"collection":[{"href":"https:\/\/www.csj-emballages.com\/de\/wp-json\/wp\/v2\/product"}],"about":[{"href":"https:\/\/www.csj-emballages.com\/de\/wp-json\/wp\/v2\/types\/product"}],"wp:featuredmedia":[{"embeddable":true,"href":"https:\/\/www.csj-emballages.com\/de\/wp-json\/wp\/v2\/media\/159036"}],"wp:attachment":[{"href":"https:\/\/www.csj-emballages.com\/de\/wp-json\/wp\/v2\/media?parent=29426"}],"wp:term":[{"taxonomy":"product_brand","embeddable":true,"href":"https:\/\/www.csj-emballages.com\/de\/wp-json\/wp\/v2\/product_brand?post=29426"},{"taxonomy":"product_cat","embeddable":true,"href":"https:\/\/www.csj-emballages.com\/de\/wp-json\/wp\/v2\/product_cat?post=29426"},{"taxonomy":"product_tag","embeddable":true,"href":"https:\/\/www.csj-emballages.com\/de\/wp-json\/wp\/v2\/product_tag?post=29426"}],"curies":[{"name":"wp","href":"https:\/\/api.w.org\/{rel}","templated":true}]}}