{"id":29412,"date":"2024-03-01T16:54:51","date_gmt":"2024-03-01T15:54:51","guid":{"rendered":"https:\/\/www.csj-emballages.com\/produit\/100-deckel-fuer-verschliessbare-schalen-fuer-bo1150-und-bo1500\/"},"modified":"2026-03-31T02:13:00","modified_gmt":"2026-03-31T00:13:00","slug":"100-deckel-fuer-verschliessbare-schalen-fuer-bo1150-und-bo1500","status":"publish","type":"product","link":"https:\/\/www.csj-emballages.com\/de\/produit\/100-deckel-fuer-verschliessbare-schalen-fuer-bo1150-und-bo1500\/","title":{"rendered":"Deckel f\u00fcr verschlie\u00dfbare Schale f\u00fcr BO1150 pro 100"},"content":{"rendered":"<h2>Aluminiumschalen-Deckel<\/h2>\n<hr>\n<h3>Beschreibung von Deckel f\u00fcr Deckelschale BO1150 pro 100<\/h3>\n<p><!--more--><\/p>\n<p data-start=\"31\" data-end=\"344\">Optimieren Sie die Lagerung und den Transport Ihrer Speisen mit diesen <strong>Deckeln f\u00fcr <span style=\"color: #000000;\">Aluminiumschalen<\/span><\/strong><span style=\"color: #d12727;\"><strong data-start=\"95\" data-end=\"142\"> <span style=\"color: #000000;\">siegelbar<\/span> <a style=\"color: #d12727;\" href=\"https:\/\/www.csj-emballages.com\/es\/produit\/100-bandejas-de-aluminio-desechables-con-tapa-separada-1170ml\/\">BO1150<\/a><\/strong><\/span>. Entwickelt f\u00fcr die Verwendung mit <strong>Aluminiumschalen<\/strong> (Art.-Nr. <span style=\"color: #d12727;\"><a style=\"color: #d12727;\" href=\"https:\/\/www.csj-emballages.com\/es\/produit\/100-bandejas-de-aluminio-desechables-con-tapa-separada-1170ml\/\">BO1150<\/a><\/span>, separat erh\u00e4ltlich), erm\u00f6glichen sie einen <strong data-start=\"265\" data-end=\"290\">perfekten Verschluss<\/strong>, um optimalen Schutz der Lebensmittel zu gew\u00e4hrleisten.<\/p>\n<p data-start=\"346\" data-end=\"675\">Dank ihrer pr\u00e4zisen Passform gew\u00e4hrleisten diese <strong>Deckel<\/strong> einen luftdichten Verschluss, wodurch das Risiko von Leckagen minimiert und die Frische Ihrer Zubereitungen erhalten bleibt. Sie sind ideal f\u00fcr Caterer, Gastronomen und Privatpersonen und gew\u00e4hrleisten eine sichere Verpackung f\u00fcr Speisen zum Mitnehmen oder Lieferungen.<\/p>\n<h3 data-start=\"951\" data-end=\"979\"><\/h3>\n<p><!--more--><\/p>\n<p><strong>Ihre Vorteile :<\/strong><\/p>\n<ul>\n<li data-start=\"1174\" data-end=\"1257\"><strong data-start=\"1176\" data-end=\"1197\">Sicherer Verschluss<\/strong>: Sorgt f\u00fcr einen luftdichten Verschluss, um ein Auslaufen zu verhindern.<\/li>\n<li data-start=\"1258\" data-end=\"1338\"><strong data-start=\"1260\" data-end=\"1285\">Optimale Aufbewahrung<\/strong>: Sch\u00fctzt die Frische und Qualit\u00e4t von Lebensmitteln.<\/li>\n<li data-start=\"1339\" data-end=\"1413\"><strong data-start=\"1341\" data-end=\"1367\">Perfekte Kompatibilit\u00e4t<\/strong>: Geeignet f\u00fcr BO1150-Schalen aus Aluminium.<\/li>\n<li data-start=\"1494\" data-end=\"1596\" data-is-last-node=\"\"><strong data-start=\"1496\" data-end=\"1541\">Ideal f\u00fcr Berufst\u00e4tige und Privatpersonen<\/strong>: Praktische L\u00f6sung f\u00fcr den Transport und die Lieferung.<\/li>\n<\/ul>\n<p>&nbsp;<\/p>\n<p><!--more--><\/p>\n<h4>Weitere Informationen :<\/h4>\n<ul>\n<li><strong>Verpackung<\/strong>: Packung mit 100 St\u00fcck<\/li>\n<li><strong>Ma\u00dfe<\/strong>: 263 x 160 mm<\/li>\n<li><strong>Material<\/strong>: Karton<\/li>\n<\/ul>\n<p>&nbsp;<\/p>\n<p><!--more--><\/p>\n<p>Hier finden Sie die Aluminiumschale, die mit diesem Deckel kompatibel ist : <span style=\"color: #d12727;\"><a style=\"color: #d12727;\" href=\"https:\/\/www.csj-emballages.com\/es\/produit\/100-bandejas-de-aluminio-desechables-con-tapa-separada-1170ml\/\">BO1150<\/a><\/span><\/p>\n<p>&nbsp;<\/p>\n<p><!--more--><\/p>\n<p><a href=\"https:\/\/www.csj-emballages.com\/de\/categorie-produit\/lebensmittelverpackungen\/metzgerei-und-feinkostgeschaft\/schalen-dosen-und-glaser\/aluminiumschalen-schalen-formen-tabletts-becher-auflaufformen-tortenschalen\/verschliesbare-schalen\/\">Sehen Sie sich den Rest unseres Sortiments an verschlie\u00dfbaren Aluminiumschalen an.<\/a><\/p>\n","protected":false},"excerpt":{"rendered":"<p>Aluminiumschalen-Deckel Beschreibung von Deckel f\u00fcr Deckelschale BO1150 pro 100<\/p>\n","protected":false},"featured_media":227954,"template":"","meta":{"_acf_changed":false},"product_brand":[],"product_cat":[1137,1170,1997,2174],"product_tag":[],"class_list":{"0":"post-29412","1":"product","2":"type-product","3":"status-publish","4":"has-post-thumbnail","6":"product_cat-lebensmittelverpackungen","7":"product_cat-metzgerei-und-feinkostgeschaft","8":"product_cat-aluminiumschalen-schalen-formen-tabletts-becher-auflaufformen-tortenschalen","9":"product_cat-verschliesbare-schalen","11":"first","12":"instock","13":"taxable","14":"shipping-taxable","15":"purchasable","16":"product-type-simple"},"acf":[],"yoast_head":"<!-- This site is optimized with the Yoast SEO Premium plugin v26.6 (Yoast SEO v26.6) - https:\/\/yoast.com\/wordpress\/plugins\/seo\/ -->\n<title>Deckel Schale Aluminium BO1150<\/title>\n<meta name=\"description\" content=\"Siegelbare Aluminiumschalen-Deckel BO1150. Sorgen f\u00fcr einen luftdichten Verschluss, um Ihre Speisen zu sch\u00fctzen und zu konservieren. Schalen separat erh\u00e4ltlich.\" \/>\n<meta name=\"robots\" content=\"index, follow, max-snippet:-1, max-image-preview:large, max-video-preview:-1\" \/>\n<link rel=\"canonical\" href=\"https:\/\/www.csj-emballages.com\/de\/produit\/100-deckel-fuer-verschliessbare-schalen-fuer-bo1150-und-bo1500\/\" \/>\n<meta property=\"og:locale\" content=\"de_DE\" \/>\n<meta property=\"og:type\" content=\"article\" \/>\n<meta property=\"og:title\" content=\"Deckel f\u00fcr verschlie\u00dfbare Schale f\u00fcr BO1150 pro 100\" \/>\n<meta property=\"og:description\" content=\"Siegelbare Aluminiumschalen-Deckel BO1150. Sorgen f\u00fcr einen luftdichten Verschluss, um Ihre Speisen zu sch\u00fctzen und zu konservieren. Schalen separat erh\u00e4ltlich.\" \/>\n<meta property=\"og:url\" content=\"https:\/\/www.csj-emballages.com\/de\/produit\/100-deckel-fuer-verschliessbare-schalen-fuer-bo1150-und-bo1500\/\" \/>\n<meta property=\"og:site_name\" content=\"CSJ Emballages\" \/>\n<meta property=\"article:publisher\" content=\"https:\/\/www.facebook.com\/csjemballages\" \/>\n<meta property=\"article:modified_time\" content=\"2026-03-31T00:13:00+00:00\" \/>\n<meta property=\"og:image\" content=\"https:\/\/www.csj-emballages.com\/wp-content\/uploads\/2024\/03\/COUVERCLE-CARTON-_-ALUMINIUM-REF.CO-POUR-BARQUETTE-OPERCULABLE.webp\" \/>\n\t<meta property=\"og:image:width\" content=\"800\" \/>\n\t<meta property=\"og:image:height\" content=\"800\" \/>\n\t<meta property=\"og:image:type\" content=\"image\/webp\" \/>\n<meta name=\"twitter:card\" content=\"summary_large_image\" \/>\n<meta name=\"twitter:label1\" content=\"Gesch\u00e4tzte Lesezeit\" \/>\n\t<meta name=\"twitter:data1\" content=\"1\u00a0Minute\" \/>\n<script type=\"application\/ld+json\" class=\"yoast-schema-graph\">{\"@context\":\"https:\/\/schema.org\",\"@graph\":[{\"@type\":\"WebPage\",\"@id\":\"https:\/\/www.csj-emballages.com\/de\/produit\/100-deckel-fuer-verschliessbare-schalen-fuer-bo1150-und-bo1500\/\",\"url\":\"https:\/\/www.csj-emballages.com\/de\/produit\/100-deckel-fuer-verschliessbare-schalen-fuer-bo1150-und-bo1500\/\",\"name\":\"Deckel Schale Aluminium BO1150\",\"isPartOf\":{\"@id\":\"https:\/\/www.csj-emballages.com\/de\/#website\"},\"primaryImageOfPage\":{\"@id\":\"https:\/\/www.csj-emballages.com\/de\/produit\/100-deckel-fuer-verschliessbare-schalen-fuer-bo1150-und-bo1500\/#primaryimage\"},\"image\":{\"@id\":\"https:\/\/www.csj-emballages.com\/de\/produit\/100-deckel-fuer-verschliessbare-schalen-fuer-bo1150-und-bo1500\/#primaryimage\"},\"thumbnailUrl\":\"https:\/\/www.csj-emballages.com\/wp-content\/uploads\/2024\/03\/COUVERCLE-CARTON-_-ALUMINIUM-REF.CO-POUR-BARQUETTE-OPERCULABLE.webp\",\"datePublished\":\"2024-03-01T15:54:51+00:00\",\"dateModified\":\"2026-03-31T00:13:00+00:00\",\"description\":\"Siegelbare Aluminiumschalen-Deckel BO1150. Sorgen f\u00fcr einen luftdichten Verschluss, um Ihre Speisen zu sch\u00fctzen und zu konservieren. Schalen separat erh\u00e4ltlich.\",\"breadcrumb\":{\"@id\":\"https:\/\/www.csj-emballages.com\/de\/produit\/100-deckel-fuer-verschliessbare-schalen-fuer-bo1150-und-bo1500\/#breadcrumb\"},\"inLanguage\":\"de\",\"potentialAction\":[{\"@type\":\"ReadAction\",\"target\":[\"https:\/\/www.csj-emballages.com\/de\/produit\/100-deckel-fuer-verschliessbare-schalen-fuer-bo1150-und-bo1500\/\"]}]},{\"@type\":\"ImageObject\",\"inLanguage\":\"de\",\"@id\":\"https:\/\/www.csj-emballages.com\/de\/produit\/100-deckel-fuer-verschliessbare-schalen-fuer-bo1150-und-bo1500\/#primaryimage\",\"url\":\"https:\/\/www.csj-emballages.com\/wp-content\/uploads\/2024\/03\/COUVERCLE-CARTON-_-ALUMINIUM-REF.CO-POUR-BARQUETTE-OPERCULABLE.webp\",\"contentUrl\":\"https:\/\/www.csj-emballages.com\/wp-content\/uploads\/2024\/03\/COUVERCLE-CARTON-_-ALUMINIUM-REF.CO-POUR-BARQUETTE-OPERCULABLE.webp\",\"width\":800,\"height\":800,\"caption\":\"Couvercle barquette aluminium\"},{\"@type\":\"BreadcrumbList\",\"@id\":\"https:\/\/www.csj-emballages.com\/de\/produit\/100-deckel-fuer-verschliessbare-schalen-fuer-bo1150-und-bo1500\/#breadcrumb\",\"itemListElement\":[{\"@type\":\"ListItem\",\"position\":1,\"name\":\"Accueil\",\"item\":\"https:\/\/www.csj-emballages.com\/de\/universum-lebensmittelverpackungen\/\"},{\"@type\":\"ListItem\",\"position\":2,\"name\":\"Shop\",\"item\":\"https:\/\/www.csj-emballages.com\/shop\/\"},{\"@type\":\"ListItem\",\"position\":3,\"name\":\"Deckel f\u00fcr verschlie\u00dfbare Schale f\u00fcr BO1150 pro 100\"}]},{\"@type\":\"WebSite\",\"@id\":\"https:\/\/www.csj-emballages.com\/de\/#website\",\"url\":\"https:\/\/www.csj-emballages.com\/de\/\",\"name\":\"CSJ Emballages\",\"description\":\"\",\"publisher\":{\"@id\":\"https:\/\/www.csj-emballages.com\/de\/#organization\"},\"potentialAction\":[{\"@type\":\"SearchAction\",\"target\":{\"@type\":\"EntryPoint\",\"urlTemplate\":\"https:\/\/www.csj-emballages.com\/de\/?s={search_term_string}\"},\"query-input\":{\"@type\":\"PropertyValueSpecification\",\"valueRequired\":true,\"valueName\":\"search_term_string\"}}],\"inLanguage\":\"de\"},{\"@type\":\"Organization\",\"@id\":\"https:\/\/www.csj-emballages.com\/de\/#Organization\/\",\"name\":\"CSJ Emballages\",\"url\":\"https:\/\/www.csj-emballages.com\/de\/\",\"logo\":{\"@type\":\"ImageObject\",\"inLanguage\":\"de\",\"@id\":\"https:\/\/www.csj-emballages.com\/de\/#\/schema\/logo\/image\/\",\"url\":\"https:\/\/www.csj-emballages.com\/wp-content\/uploads\/2023\/10\/logo_csj.webp\",\"contentUrl\":\"https:\/\/www.csj-emballages.com\/wp-content\/uploads\/2023\/10\/logo_csj.webp\",\"width\":250,\"height\":95,\"caption\":\"CSJ Emballages\"},\"image\":{\"@id\":\"https:\/\/www.csj-emballages.com\/de\/#\/schema\/logo\/image\/\"},\"sameAs\":[\"https:\/\/www.facebook.com\/csjemballages\"],\"address\":{\"@type\":\"PostalAddress\",\"streetAddress\":\"ZI La Lechere\",\"addressLocality\":\"Patornay\",\"postalCode\":\"39130\",\"addressCountry\":\"FR\"},\"contactPoint\":[{\"@type\":\"ContactPoint\",\"contactType\":\"Service client\",\"telephone\":\"0384254272\",\"email\":\"contact@csj-emballages.com\"}]}]}<\/script>\n<!-- \/ Yoast SEO Premium plugin. -->","yoast_head_json":{"title":"Deckel Schale Aluminium BO1150","description":"Siegelbare Aluminiumschalen-Deckel BO1150. Sorgen f\u00fcr einen luftdichten Verschluss, um Ihre Speisen zu sch\u00fctzen und zu konservieren. Schalen separat erh\u00e4ltlich.","robots":{"index":"index","follow":"follow","max-snippet":"max-snippet:-1","max-image-preview":"max-image-preview:large","max-video-preview":"max-video-preview:-1"},"canonical":"https:\/\/www.csj-emballages.com\/de\/produit\/100-deckel-fuer-verschliessbare-schalen-fuer-bo1150-und-bo1500\/","og_locale":"de_DE","og_type":"article","og_title":"Deckel f\u00fcr verschlie\u00dfbare Schale f\u00fcr BO1150 pro 100","og_description":"Siegelbare Aluminiumschalen-Deckel BO1150. Sorgen f\u00fcr einen luftdichten Verschluss, um Ihre Speisen zu sch\u00fctzen und zu konservieren. Schalen separat erh\u00e4ltlich.","og_url":"https:\/\/www.csj-emballages.com\/de\/produit\/100-deckel-fuer-verschliessbare-schalen-fuer-bo1150-und-bo1500\/","og_site_name":"CSJ Emballages","article_publisher":"https:\/\/www.facebook.com\/csjemballages","article_modified_time":"2026-03-31T00:13:00+00:00","og_image":[{"width":800,"height":800,"url":"https:\/\/www.csj-emballages.com\/wp-content\/uploads\/2024\/03\/COUVERCLE-CARTON-_-ALUMINIUM-REF.CO-POUR-BARQUETTE-OPERCULABLE.webp","type":"image\/webp"}],"twitter_card":"summary_large_image","twitter_misc":{"Gesch\u00e4tzte Lesezeit":"1\u00a0Minute"},"schema":{"@context":"https:\/\/schema.org","@graph":[{"@type":"WebPage","@id":"https:\/\/www.csj-emballages.com\/de\/produit\/100-deckel-fuer-verschliessbare-schalen-fuer-bo1150-und-bo1500\/","url":"https:\/\/www.csj-emballages.com\/de\/produit\/100-deckel-fuer-verschliessbare-schalen-fuer-bo1150-und-bo1500\/","name":"Deckel Schale Aluminium BO1150","isPartOf":{"@id":"https:\/\/www.csj-emballages.com\/de\/#website"},"primaryImageOfPage":{"@id":"https:\/\/www.csj-emballages.com\/de\/produit\/100-deckel-fuer-verschliessbare-schalen-fuer-bo1150-und-bo1500\/#primaryimage"},"image":{"@id":"https:\/\/www.csj-emballages.com\/de\/produit\/100-deckel-fuer-verschliessbare-schalen-fuer-bo1150-und-bo1500\/#primaryimage"},"thumbnailUrl":"https:\/\/www.csj-emballages.com\/wp-content\/uploads\/2024\/03\/COUVERCLE-CARTON-_-ALUMINIUM-REF.CO-POUR-BARQUETTE-OPERCULABLE.webp","datePublished":"2024-03-01T15:54:51+00:00","dateModified":"2026-03-31T00:13:00+00:00","description":"Siegelbare Aluminiumschalen-Deckel BO1150. Sorgen f\u00fcr einen luftdichten Verschluss, um Ihre Speisen zu sch\u00fctzen und zu konservieren. Schalen separat erh\u00e4ltlich.","breadcrumb":{"@id":"https:\/\/www.csj-emballages.com\/de\/produit\/100-deckel-fuer-verschliessbare-schalen-fuer-bo1150-und-bo1500\/#breadcrumb"},"inLanguage":"de","potentialAction":[{"@type":"ReadAction","target":["https:\/\/www.csj-emballages.com\/de\/produit\/100-deckel-fuer-verschliessbare-schalen-fuer-bo1150-und-bo1500\/"]}]},{"@type":"ImageObject","inLanguage":"de","@id":"https:\/\/www.csj-emballages.com\/de\/produit\/100-deckel-fuer-verschliessbare-schalen-fuer-bo1150-und-bo1500\/#primaryimage","url":"https:\/\/www.csj-emballages.com\/wp-content\/uploads\/2024\/03\/COUVERCLE-CARTON-_-ALUMINIUM-REF.CO-POUR-BARQUETTE-OPERCULABLE.webp","contentUrl":"https:\/\/www.csj-emballages.com\/wp-content\/uploads\/2024\/03\/COUVERCLE-CARTON-_-ALUMINIUM-REF.CO-POUR-BARQUETTE-OPERCULABLE.webp","width":800,"height":800,"caption":"Couvercle barquette aluminium"},{"@type":"BreadcrumbList","@id":"https:\/\/www.csj-emballages.com\/de\/produit\/100-deckel-fuer-verschliessbare-schalen-fuer-bo1150-und-bo1500\/#breadcrumb","itemListElement":[{"@type":"ListItem","position":1,"name":"Accueil","item":"https:\/\/www.csj-emballages.com\/de\/universum-lebensmittelverpackungen\/"},{"@type":"ListItem","position":2,"name":"Shop","item":"https:\/\/www.csj-emballages.com\/shop\/"},{"@type":"ListItem","position":3,"name":"Deckel f\u00fcr verschlie\u00dfbare Schale f\u00fcr BO1150 pro 100"}]},{"@type":"WebSite","@id":"https:\/\/www.csj-emballages.com\/de\/#website","url":"https:\/\/www.csj-emballages.com\/de\/","name":"CSJ Emballages","description":"","publisher":{"@id":"https:\/\/www.csj-emballages.com\/de\/#organization"},"potentialAction":[{"@type":"SearchAction","target":{"@type":"EntryPoint","urlTemplate":"https:\/\/www.csj-emballages.com\/de\/?s={search_term_string}"},"query-input":{"@type":"PropertyValueSpecification","valueRequired":true,"valueName":"search_term_string"}}],"inLanguage":"de"},{"@type":"Organization","@id":"https:\/\/www.csj-emballages.com\/de\/#Organization\/","name":"CSJ Emballages","url":"https:\/\/www.csj-emballages.com\/de\/","logo":{"@type":"ImageObject","inLanguage":"de","@id":"https:\/\/www.csj-emballages.com\/de\/#\/schema\/logo\/image\/","url":"https:\/\/www.csj-emballages.com\/wp-content\/uploads\/2023\/10\/logo_csj.webp","contentUrl":"https:\/\/www.csj-emballages.com\/wp-content\/uploads\/2023\/10\/logo_csj.webp","width":250,"height":95,"caption":"CSJ Emballages"},"image":{"@id":"https:\/\/www.csj-emballages.com\/de\/#\/schema\/logo\/image\/"},"sameAs":["https:\/\/www.facebook.com\/csjemballages"],"address":{"@type":"PostalAddress","streetAddress":"ZI La Lechere","addressLocality":"Patornay","postalCode":"39130","addressCountry":"FR"},"contactPoint":[{"@type":"ContactPoint","contactType":"Service client","telephone":"0384254272","email":"contact@csj-emballages.com"}]}]}},"df_price":11.35,"df_sale_price":"","df_regular_price":11.35,"df_image_link":"https:\/\/www.csj-emballages.com\/wp-content\/uploads\/2024\/03\/COUVERCLE-CARTON-_-ALUMINIUM-REF.CO-POUR-BARQUETTE-OPERCULABLE-300x300.webp","tiered_pricing_type":"fixed","tiered_pricing_fixed_rules":[],"tiered_pricing_percentage_rules":[],"tiered_pricing_minimum":1,"tiered_pricing_roles_data":[],"_links":{"self":[{"href":"https:\/\/www.csj-emballages.com\/de\/wp-json\/wp\/v2\/product\/29412","targetHints":{"allow":["GET"]}}],"collection":[{"href":"https:\/\/www.csj-emballages.com\/de\/wp-json\/wp\/v2\/product"}],"about":[{"href":"https:\/\/www.csj-emballages.com\/de\/wp-json\/wp\/v2\/types\/product"}],"wp:featuredmedia":[{"embeddable":true,"href":"https:\/\/www.csj-emballages.com\/de\/wp-json\/wp\/v2\/media\/227954"}],"wp:attachment":[{"href":"https:\/\/www.csj-emballages.com\/de\/wp-json\/wp\/v2\/media?parent=29412"}],"wp:term":[{"taxonomy":"product_brand","embeddable":true,"href":"https:\/\/www.csj-emballages.com\/de\/wp-json\/wp\/v2\/product_brand?post=29412"},{"taxonomy":"product_cat","embeddable":true,"href":"https:\/\/www.csj-emballages.com\/de\/wp-json\/wp\/v2\/product_cat?post=29412"},{"taxonomy":"product_tag","embeddable":true,"href":"https:\/\/www.csj-emballages.com\/de\/wp-json\/wp\/v2\/product_tag?post=29412"}],"curies":[{"name":"wp","href":"https:\/\/api.w.org\/{rel}","templated":true}]}}