{"id":29306,"date":"2024-06-20T15:34:36","date_gmt":"2024-06-20T13:34:36","guid":{"rendered":"https:\/\/www.csj-emballages.com\/produit\/25-popcornglaeser-1380-ml-2\/"},"modified":"2026-03-21T02:14:02","modified_gmt":"2026-03-21T01:14:02","slug":"25-popcornglaeser-1380-ml-2","status":"publish","type":"product","link":"https:\/\/www.csj-emballages.com\/de\/produit\/25-popcornglaeser-1380-ml-2\/","title":{"rendered":"Popcornbecher 1380 ml pro 25"},"content":{"rendered":"<div class=\"flex flex-grow flex-col max-w-full\">\n<div class=\"min-h-[20px] text-message flex flex-col items-start whitespace-pre-wrap break-words [.text-message+&amp;]:mt-5 juice:w-full juice:items-end overflow-x-auto gap-2\" dir=\"auto\" data-message-author-role=\"assistant\" data-message-id=\"4b7216c5-b9d0-46bf-8edf-2f0c4d2c9597\">\n<div class=\"flex w-full flex-col gap-1 juice:empty:hidden juice:first:pt-[3px]\">\n<div class=\"markdown prose w-full break-words dark:prose-invert light\">\n<h2>Popcorntopf<\/h2>\n<div style=\"box-sizing: inherit; font-family: Roboto, sans-serif;\">\n<div style=\"box-sizing: inherit; font-family: Roboto, sans-serif;\">\n<div style=\"box-sizing: inherit; font-family: Roboto, sans-serif;\">\n<div style=\"box-sizing: inherit; font-family: Roboto, sans-serif;\">\n<div style=\"box-sizing: inherit; font-family: Roboto, sans-serif;\">\n<div style=\"box-sizing: inherit; font-family: Roboto, sans-serif;\">\n<hr>\n<h3>Beschreibung von unserem Popcorntopf 1380 ml pro 25<\/h3>\n<p><!--more--><\/p>\n<p data-start=\"220\" data-end=\"662\">M\u00f6chten Sie Ihren Kunden eine echte &#8222;Kino&#8220;-Atmosph\u00e4re bringen? Dann ist dieser <strong data-start=\"301\" data-end=\"312\">1380 ml<\/strong> <strong>Popcornbecher<\/strong> genau das Richtige f\u00fcr Sie. Mit seinem <strong>ultra-dynamischen gelben<\/strong> Design und den <strong>Popcorn-Motiven<\/strong> im Retro-Poster-Stil versetzt er einen schon vor dem ersten Bissen direkt in die richtige Stimmung. F\u00fcllen Sie ihn einfach auf und das Erlebnis beginnt: Man denkt an dunkle Kinos\u00e4le, gute Laune, Filme mit Freunden&#8230; kurzum, er schafft sofort einen kleinen Genussmoment.   <\/p>\n<p data-start=\"664\" data-end=\"1102\">Dank seines gro\u00dfen Fassungsverm\u00f6gens nimmt er eine gro\u00dfz\u00fcgige Portion auf, ohne dass die Gefahr des \u00dcberlaufens besteht. Er ist ideal f\u00fcr Kinos, Freizeitparks, Themenabende, Firmenveranstaltungen oder sogar Imbisse, die ein Produkt anbieten m\u00f6chten, das Spa\u00df macht und leicht zu servieren ist. Ebenso verhindert seine Steifigkeit, dass er sich in zwei etwas zu enthusiastischen H\u00e4nden verformt. Man kann es also halten, herumreichen, sch\u00fctteln &#8230; ohne dass es seine Form verliert.   <\/p>\n<p data-start=\"1104\" data-end=\"1338\">Der Becher <strong>bleibt leicht<\/strong>, liegt gut in der Hand und ist vor allem sauber: Keine Popcornsplitter mehr, die \u00fcberall herumliegen. Sie servieren schnell, sauber und Ihre Kunden profitieren von einem Beh\u00e4lter, der Lust auf mehr Knabbereien macht. <\/p>\n<p data-start=\"1340\" data-end=\"1620\">Da es <strong data-start=\"1359\" data-end=\"1376\">im 25er-Pack<\/strong> verkauft wird, haben Sie genau die richtige Menge, um einen neuen Stand zu testen, eine Veranstaltung zu organisieren oder Ihren Bestand zu erg\u00e4nzen, ohne Ihre Vorr\u00e4te zu \u00fcberlasten. Es ist das clevere Format f\u00fcr alle, die ein Feinschmeckerprodukt anbieten wollen, ohne sich zu komplizieren. <\/p>\n<p data-start=\"1622\" data-end=\"1804\">Zusammenfassend l\u00e4sst sich sagen, dass der <strong>Popcorntopf<\/strong> nicht nur ein Beh\u00e4lter ist: Er ist Teil der Atmosph\u00e4re. Er ist ein Blickfang, wertet Ihr Angebot auf und verleiht jedem Service eine festliche Note. <\/p>\n<p data-start=\"1622\" data-end=\"1804\">\n<\/div>\n<\/div>\n<p data-start=\"1622\" data-end=\"1804\"><!--more--><\/p>\n<div style=\"box-sizing: inherit; font-family: Roboto, sans-serif;\">\n<div style=\"box-sizing: inherit; font-family: Roboto, sans-serif;\">\n<h4>Vorteile :<\/h4>\n<ul>\n<li data-start=\"1832\" data-end=\"1881\"><strong>Retro-Stil<\/strong> und helle Farben sehr attraktiv.<\/li>\n<li data-start=\"1884\" data-end=\"1913\">Gro\u00dfes Fassungsverm\u00f6gen von <strong>1380 ml.<\/strong><\/li>\n<li data-start=\"1916\" data-end=\"1952\">Starker Topf, der bequem zu halten ist.<\/li>\n<li data-start=\"1955\" data-end=\"2000\">Perfekt f\u00fcr Veranstaltungen, Kinos und Snacks.<\/li>\n<li data-start=\"2003\" data-end=\"2029\">Praktische Packung mit<strong> 25 St\u00fcck<\/strong>.<\/li>\n<\/ul>\n<p>&nbsp;<\/p>\n<p><!--more--><\/p>\n<\/div>\n<h4>Weitere Informationen :<\/h4>\n<ul>\n<li><strong>Verpackung<\/strong>: Packung mit 25 St\u00fcck<\/li>\n<li><strong>Ma\u00dfe<\/strong>: \u00d812,4 <span class=\"measures-light\">x 17cm <\/span><\/li>\n<li><strong>Volumen<\/strong>: 1380 ml<\/li>\n<li><strong>Gewicht<\/strong>: 230 + 20 PE g\/m\u00b2<\/li>\n<li><strong>Material<\/strong>: Karton<\/li>\n<li><strong>Verwendungstemperatur<\/strong>: -15\u00baC \/ +85\u00baC<\/li>\n<\/ul>\n<p>&nbsp;<\/p>\n<p><!--more--><\/p>\n<\/div>\n<\/div>\n<p>Hier finden Sie unsere Becher Buckets, Popcorn und H\u00e4hnchen : <span style=\"color: #d12727;\"><a style=\"color: #d12727;\" href=\"https:\/\/www.csj-emballages.com\/es\/produit\/50-cubos-de-carton-desechables-cubos-alas-de-pollo-250-litros\/\">BUCK85<\/a><\/span> \/ <span style=\"color: #d12727;\"><a style=\"color: #d12727;\" href=\"https:\/\/www.csj-emballages.com\/es\/produit\/50-cubos-de-carton-desechables-seaux-alas-de-pollo-450-litros\/\">BUCK150<\/a><\/span><\/p>\n<div style=\"box-sizing: inherit; font-family: Roboto, sans-serif;\">\n<div style=\"box-sizing: inherit; font-family: Roboto, sans-serif;\">\n<p>&nbsp;<\/p>\n<div style=\"box-sizing: inherit; font-family: Roboto, sans-serif;\">\n<p><!--more--><\/p>\n<p><a href=\"https:\/\/www.csj-emballages.com\/de\/categorie-produit\/lebensmittelverpackungen\/restauration-de\/dosen-schalen-beutel-konen\/kegel-und-topfe-fur-pasta-wraps-corn\/\">Sehen Sie sich den Rest unseres Sortiments an Pasta-, Wrap- und Corn-Kegeln und -T\u00f6pfen an.<\/a><\/p>\n<\/div>\n<\/div>\n<\/div>\n<\/div>\n<\/div>\n<\/div>\n<\/div>\n<\/div>\n<\/div>\n<\/div>\n","protected":false},"excerpt":{"rendered":"<p>Popcorntopf Beschreibung von unserem Popcorntopf 1380 ml pro 25<\/p>\n","protected":false},"featured_media":256642,"template":"","meta":{"_acf_changed":false},"product_brand":[],"product_cat":[1137,1134,3974,2393,2394],"product_tag":[],"class_list":{"0":"post-29306","1":"product","2":"type-product","3":"status-publish","4":"has-post-thumbnail","6":"product_cat-lebensmittelverpackungen","7":"product_cat-restauration-de","8":"product_cat-dosen-schalen-beutel-konen","9":"product_cat-kegel-und-topfe-fur-pasta-wraps-corn","10":"product_cat-popcorntopfe","12":"first","13":"instock","14":"taxable","15":"shipping-taxable","16":"purchasable","17":"product-type-simple"},"acf":[],"yoast_head":"<!-- This site is optimized with the Yoast SEO Premium plugin v26.6 (Yoast SEO v26.6) - https:\/\/yoast.com\/wordpress\/plugins\/seo\/ -->\n<title>Pop Corn-Topf - 1380 ml<\/title>\n<meta name=\"description\" content=\"Popcorntopf in 1380 ml! Ma\u00dfe: 120 x 90 mm! Entscheiden Sie sich jetzt f\u00fcr die Popcornt\u00f6pfe in der 25er Packung!\" \/>\n<meta name=\"robots\" content=\"index, follow, max-snippet:-1, max-image-preview:large, max-video-preview:-1\" \/>\n<link rel=\"canonical\" href=\"https:\/\/www.csj-emballages.com\/de\/produit\/25-popcornglaeser-1380-ml-2\/\" \/>\n<meta property=\"og:locale\" content=\"de_DE\" \/>\n<meta property=\"og:type\" content=\"article\" \/>\n<meta property=\"og:title\" content=\"Popcornbecher 1380 ml pro 25\" \/>\n<meta property=\"og:description\" content=\"Popcorntopf in 1380 ml! Ma\u00dfe: 120 x 90 mm! Entscheiden Sie sich jetzt f\u00fcr die Popcornt\u00f6pfe in der 25er Packung!\" \/>\n<meta property=\"og:url\" content=\"https:\/\/www.csj-emballages.com\/de\/produit\/25-popcornglaeser-1380-ml-2\/\" \/>\n<meta property=\"og:site_name\" content=\"CSJ Emballages\" \/>\n<meta property=\"article:publisher\" content=\"https:\/\/www.facebook.com\/csjemballages\" \/>\n<meta property=\"article:modified_time\" content=\"2026-03-21T01:14:02+00:00\" \/>\n<meta property=\"og:image\" content=\"https:\/\/www.csj-emballages.com\/wp-content\/uploads\/2024\/06\/POPCORN1.webp\" \/>\n\t<meta property=\"og:image:width\" content=\"800\" \/>\n\t<meta property=\"og:image:height\" content=\"800\" \/>\n\t<meta property=\"og:image:type\" content=\"image\/webp\" \/>\n<meta name=\"twitter:card\" content=\"summary_large_image\" \/>\n<meta name=\"twitter:label1\" content=\"Gesch\u00e4tzte Lesezeit\" \/>\n\t<meta name=\"twitter:data1\" content=\"2 Minuten\" \/>\n<script type=\"application\/ld+json\" class=\"yoast-schema-graph\">{\"@context\":\"https:\/\/schema.org\",\"@graph\":[{\"@type\":\"WebPage\",\"@id\":\"https:\/\/www.csj-emballages.com\/de\/produit\/25-popcornglaeser-1380-ml-2\/\",\"url\":\"https:\/\/www.csj-emballages.com\/de\/produit\/25-popcornglaeser-1380-ml-2\/\",\"name\":\"Pop Corn-Topf - 1380 ml\",\"isPartOf\":{\"@id\":\"https:\/\/www.csj-emballages.com\/de\/#website\"},\"primaryImageOfPage\":{\"@id\":\"https:\/\/www.csj-emballages.com\/de\/produit\/25-popcornglaeser-1380-ml-2\/#primaryimage\"},\"image\":{\"@id\":\"https:\/\/www.csj-emballages.com\/de\/produit\/25-popcornglaeser-1380-ml-2\/#primaryimage\"},\"thumbnailUrl\":\"https:\/\/www.csj-emballages.com\/wp-content\/uploads\/2024\/06\/POPCORN1.webp\",\"datePublished\":\"2024-06-20T13:34:36+00:00\",\"dateModified\":\"2026-03-21T01:14:02+00:00\",\"description\":\"Popcorntopf in 1380 ml! Ma\u00dfe: 120 x 90 mm! Entscheiden Sie sich jetzt f\u00fcr die Popcornt\u00f6pfe in der 25er Packung!\",\"breadcrumb\":{\"@id\":\"https:\/\/www.csj-emballages.com\/de\/produit\/25-popcornglaeser-1380-ml-2\/#breadcrumb\"},\"inLanguage\":\"de\",\"potentialAction\":[{\"@type\":\"ReadAction\",\"target\":[\"https:\/\/www.csj-emballages.com\/de\/produit\/25-popcornglaeser-1380-ml-2\/\"]}]},{\"@type\":\"ImageObject\",\"inLanguage\":\"de\",\"@id\":\"https:\/\/www.csj-emballages.com\/de\/produit\/25-popcornglaeser-1380-ml-2\/#primaryimage\",\"url\":\"https:\/\/www.csj-emballages.com\/wp-content\/uploads\/2024\/06\/POPCORN1.webp\",\"contentUrl\":\"https:\/\/www.csj-emballages.com\/wp-content\/uploads\/2024\/06\/POPCORN1.webp\",\"width\":800,\"height\":800,\"caption\":\"Pot pop corn\"},{\"@type\":\"BreadcrumbList\",\"@id\":\"https:\/\/www.csj-emballages.com\/de\/produit\/25-popcornglaeser-1380-ml-2\/#breadcrumb\",\"itemListElement\":[{\"@type\":\"ListItem\",\"position\":1,\"name\":\"Accueil\",\"item\":\"https:\/\/www.csj-emballages.com\/de\/universum-lebensmittelverpackungen\/\"},{\"@type\":\"ListItem\",\"position\":2,\"name\":\"Shop\",\"item\":\"https:\/\/www.csj-emballages.com\/shop\/\"},{\"@type\":\"ListItem\",\"position\":3,\"name\":\"Popcornbecher 1380 ml pro 25\"}]},{\"@type\":\"WebSite\",\"@id\":\"https:\/\/www.csj-emballages.com\/de\/#website\",\"url\":\"https:\/\/www.csj-emballages.com\/de\/\",\"name\":\"CSJ Emballages\",\"description\":\"\",\"publisher\":{\"@id\":\"https:\/\/www.csj-emballages.com\/de\/#organization\"},\"potentialAction\":[{\"@type\":\"SearchAction\",\"target\":{\"@type\":\"EntryPoint\",\"urlTemplate\":\"https:\/\/www.csj-emballages.com\/de\/?s={search_term_string}\"},\"query-input\":{\"@type\":\"PropertyValueSpecification\",\"valueRequired\":true,\"valueName\":\"search_term_string\"}}],\"inLanguage\":\"de\"},{\"@type\":\"Organization\",\"@id\":\"https:\/\/www.csj-emballages.com\/de\/#Organization\/\",\"name\":\"CSJ Emballages\",\"url\":\"https:\/\/www.csj-emballages.com\/de\/\",\"logo\":{\"@type\":\"ImageObject\",\"inLanguage\":\"de\",\"@id\":\"https:\/\/www.csj-emballages.com\/de\/#\/schema\/logo\/image\/\",\"url\":\"https:\/\/www.csj-emballages.com\/wp-content\/uploads\/2023\/10\/logo_csj.webp\",\"contentUrl\":\"https:\/\/www.csj-emballages.com\/wp-content\/uploads\/2023\/10\/logo_csj.webp\",\"width\":250,\"height\":95,\"caption\":\"CSJ Emballages\"},\"image\":{\"@id\":\"https:\/\/www.csj-emballages.com\/de\/#\/schema\/logo\/image\/\"},\"sameAs\":[\"https:\/\/www.facebook.com\/csjemballages\"],\"address\":{\"@type\":\"PostalAddress\",\"streetAddress\":\"ZI La Lechere\",\"addressLocality\":\"Patornay\",\"postalCode\":\"39130\",\"addressCountry\":\"FR\"},\"contactPoint\":[{\"@type\":\"ContactPoint\",\"contactType\":\"Service client\",\"telephone\":\"0384254272\",\"email\":\"contact@csj-emballages.com\"}]}]}<\/script>\n<!-- \/ Yoast SEO Premium plugin. -->","yoast_head_json":{"title":"Pop Corn-Topf - 1380 ml","description":"Popcorntopf in 1380 ml! Ma\u00dfe: 120 x 90 mm! Entscheiden Sie sich jetzt f\u00fcr die Popcornt\u00f6pfe in der 25er Packung!","robots":{"index":"index","follow":"follow","max-snippet":"max-snippet:-1","max-image-preview":"max-image-preview:large","max-video-preview":"max-video-preview:-1"},"canonical":"https:\/\/www.csj-emballages.com\/de\/produit\/25-popcornglaeser-1380-ml-2\/","og_locale":"de_DE","og_type":"article","og_title":"Popcornbecher 1380 ml pro 25","og_description":"Popcorntopf in 1380 ml! Ma\u00dfe: 120 x 90 mm! Entscheiden Sie sich jetzt f\u00fcr die Popcornt\u00f6pfe in der 25er Packung!","og_url":"https:\/\/www.csj-emballages.com\/de\/produit\/25-popcornglaeser-1380-ml-2\/","og_site_name":"CSJ Emballages","article_publisher":"https:\/\/www.facebook.com\/csjemballages","article_modified_time":"2026-03-21T01:14:02+00:00","og_image":[{"width":800,"height":800,"url":"https:\/\/www.csj-emballages.com\/wp-content\/uploads\/2024\/06\/POPCORN1.webp","type":"image\/webp"}],"twitter_card":"summary_large_image","twitter_misc":{"Gesch\u00e4tzte Lesezeit":"2 Minuten"},"schema":{"@context":"https:\/\/schema.org","@graph":[{"@type":"WebPage","@id":"https:\/\/www.csj-emballages.com\/de\/produit\/25-popcornglaeser-1380-ml-2\/","url":"https:\/\/www.csj-emballages.com\/de\/produit\/25-popcornglaeser-1380-ml-2\/","name":"Pop Corn-Topf - 1380 ml","isPartOf":{"@id":"https:\/\/www.csj-emballages.com\/de\/#website"},"primaryImageOfPage":{"@id":"https:\/\/www.csj-emballages.com\/de\/produit\/25-popcornglaeser-1380-ml-2\/#primaryimage"},"image":{"@id":"https:\/\/www.csj-emballages.com\/de\/produit\/25-popcornglaeser-1380-ml-2\/#primaryimage"},"thumbnailUrl":"https:\/\/www.csj-emballages.com\/wp-content\/uploads\/2024\/06\/POPCORN1.webp","datePublished":"2024-06-20T13:34:36+00:00","dateModified":"2026-03-21T01:14:02+00:00","description":"Popcorntopf in 1380 ml! Ma\u00dfe: 120 x 90 mm! Entscheiden Sie sich jetzt f\u00fcr die Popcornt\u00f6pfe in der 25er Packung!","breadcrumb":{"@id":"https:\/\/www.csj-emballages.com\/de\/produit\/25-popcornglaeser-1380-ml-2\/#breadcrumb"},"inLanguage":"de","potentialAction":[{"@type":"ReadAction","target":["https:\/\/www.csj-emballages.com\/de\/produit\/25-popcornglaeser-1380-ml-2\/"]}]},{"@type":"ImageObject","inLanguage":"de","@id":"https:\/\/www.csj-emballages.com\/de\/produit\/25-popcornglaeser-1380-ml-2\/#primaryimage","url":"https:\/\/www.csj-emballages.com\/wp-content\/uploads\/2024\/06\/POPCORN1.webp","contentUrl":"https:\/\/www.csj-emballages.com\/wp-content\/uploads\/2024\/06\/POPCORN1.webp","width":800,"height":800,"caption":"Pot pop corn"},{"@type":"BreadcrumbList","@id":"https:\/\/www.csj-emballages.com\/de\/produit\/25-popcornglaeser-1380-ml-2\/#breadcrumb","itemListElement":[{"@type":"ListItem","position":1,"name":"Accueil","item":"https:\/\/www.csj-emballages.com\/de\/universum-lebensmittelverpackungen\/"},{"@type":"ListItem","position":2,"name":"Shop","item":"https:\/\/www.csj-emballages.com\/shop\/"},{"@type":"ListItem","position":3,"name":"Popcornbecher 1380 ml pro 25"}]},{"@type":"WebSite","@id":"https:\/\/www.csj-emballages.com\/de\/#website","url":"https:\/\/www.csj-emballages.com\/de\/","name":"CSJ Emballages","description":"","publisher":{"@id":"https:\/\/www.csj-emballages.com\/de\/#organization"},"potentialAction":[{"@type":"SearchAction","target":{"@type":"EntryPoint","urlTemplate":"https:\/\/www.csj-emballages.com\/de\/?s={search_term_string}"},"query-input":{"@type":"PropertyValueSpecification","valueRequired":true,"valueName":"search_term_string"}}],"inLanguage":"de"},{"@type":"Organization","@id":"https:\/\/www.csj-emballages.com\/de\/#Organization\/","name":"CSJ Emballages","url":"https:\/\/www.csj-emballages.com\/de\/","logo":{"@type":"ImageObject","inLanguage":"de","@id":"https:\/\/www.csj-emballages.com\/de\/#\/schema\/logo\/image\/","url":"https:\/\/www.csj-emballages.com\/wp-content\/uploads\/2023\/10\/logo_csj.webp","contentUrl":"https:\/\/www.csj-emballages.com\/wp-content\/uploads\/2023\/10\/logo_csj.webp","width":250,"height":95,"caption":"CSJ Emballages"},"image":{"@id":"https:\/\/www.csj-emballages.com\/de\/#\/schema\/logo\/image\/"},"sameAs":["https:\/\/www.facebook.com\/csjemballages"],"address":{"@type":"PostalAddress","streetAddress":"ZI La Lechere","addressLocality":"Patornay","postalCode":"39130","addressCountry":"FR"},"contactPoint":[{"@type":"ContactPoint","contactType":"Service client","telephone":"0384254272","email":"contact@csj-emballages.com"}]}]}},"df_price":6.23,"df_sale_price":"","df_regular_price":6.23,"df_image_link":"https:\/\/www.csj-emballages.com\/wp-content\/uploads\/2024\/06\/POPCORN1-300x300.webp","tiered_pricing_type":"fixed","tiered_pricing_fixed_rules":[],"tiered_pricing_percentage_rules":[],"tiered_pricing_minimum":1,"tiered_pricing_roles_data":[],"_links":{"self":[{"href":"https:\/\/www.csj-emballages.com\/de\/wp-json\/wp\/v2\/product\/29306","targetHints":{"allow":["GET"]}}],"collection":[{"href":"https:\/\/www.csj-emballages.com\/de\/wp-json\/wp\/v2\/product"}],"about":[{"href":"https:\/\/www.csj-emballages.com\/de\/wp-json\/wp\/v2\/types\/product"}],"wp:featuredmedia":[{"embeddable":true,"href":"https:\/\/www.csj-emballages.com\/de\/wp-json\/wp\/v2\/media\/256642"}],"wp:attachment":[{"href":"https:\/\/www.csj-emballages.com\/de\/wp-json\/wp\/v2\/media?parent=29306"}],"wp:term":[{"taxonomy":"product_brand","embeddable":true,"href":"https:\/\/www.csj-emballages.com\/de\/wp-json\/wp\/v2\/product_brand?post=29306"},{"taxonomy":"product_cat","embeddable":true,"href":"https:\/\/www.csj-emballages.com\/de\/wp-json\/wp\/v2\/product_cat?post=29306"},{"taxonomy":"product_tag","embeddable":true,"href":"https:\/\/www.csj-emballages.com\/de\/wp-json\/wp\/v2\/product_tag?post=29306"}],"curies":[{"name":"wp","href":"https:\/\/api.w.org\/{rel}","templated":true}]}}