{"id":29303,"date":"2024-06-20T15:38:48","date_gmt":"2024-06-20T13:38:48","guid":{"rendered":"https:\/\/www.csj-emballages.com\/?post_type=product&#038;p=29303"},"modified":"2026-04-03T02:21:07","modified_gmt":"2026-04-03T00:21:07","slug":"200-biobasierte-grune-grabenbrotbeutel-16-x-5-5-x-35-cm","status":"publish","type":"product","link":"https:\/\/www.csj-emballages.com\/de\/produit\/200-biobasierte-grune-grabenbrotbeutel-16-x-5-5-x-35-cm\/","title":{"rendered":"Biobasierte gr\u00fcne Brottasche geschnitten 16 + 10 x 35 cm pro 200"},"content":{"rendered":"<h2>Brotbeutel<\/h2>\n<hr>\n<h3>Beschreibung von unserem biobasierten gr\u00fcnen Brotschneidebeutel 16 + 10 x 35 cm pro 200<\/h3>\n<p><!--more--><\/p>\n<p data-start=\"270\" data-end=\"632\">Die <strong data-start=\"273\" data-end=\"330\">gr\u00fcne biobasierte Brottasche 16 + 10 x 35 cm<\/strong> ist eine ideale L\u00f6sung f\u00fcr B\u00e4cker, Handwerker oder Einzelh\u00e4ndler, die Zweckm\u00e4\u00dfigkeit, \u00c4sthetik und \u00f6kologisches Engagement miteinander verbinden m\u00f6chten. Diese <strong>Tasche<\/strong> wurde speziell f\u00fcr die Verpackung von <strong>geschnittenem Brot<\/strong> entwickelt und vereint dank ihrer <strong>biobasierten<\/strong> Zusammensetzung Funktionalit\u00e4t und Umweltfreundlichkeit. Seine <strong>nat\u00fcrliche gr\u00fcne Farbe<\/strong> verleiht ihm einen <strong data-start=\"672\" data-end=\"693\">handwerklichen Touch<\/strong>, der Ihre Produkte schon auf den ersten Blick aufwertet. Der <strong>Beutel<\/strong> wird aus nachwachsenden Rohstoffen hergestellt, um den CO2-Fu\u00dfabdruck zu verringern und gleichzeitig eine ausgezeichnete Haltbarkeit zu gew\u00e4hrleisten.   <\/p>\n<p data-start=\"925\" data-end=\"1240\">Dank seiner <strong>gro\u00dfz\u00fcgigen Abmessungen von 16 cm Breite<\/strong>, <strong>10 cm Seitenfalten auf jeder Seite<\/strong> und einer <strong>L\u00e4nge von 35 cm<\/strong> passt er sich problemlos an <strong>geschnittenes Brot<\/strong> in verschiedenen Formaten an. Seine glatte und feste Textur erm\u00f6glicht ein schnelles Eint\u00fcten und h\u00e4lt das Brot sicher, ohne Angst vor Rissen oder Feuchtigkeit zu haben. <\/p>\n<p data-start=\"1242\" data-end=\"1454\">Die <strong>Tasche<\/strong> wird in Packungen zu <strong data-start=\"1259\" data-end=\"1273\">200 St\u00fcck<\/strong> verkauft und ist somit perfekt auf die Bed\u00fcrfnisse von B\u00e4ckereien und Take-aways abgestimmt.<\/p>\n<p data-start=\"1456\" data-end=\"1648\">Alles in allem ist es eine verantwortungsvolle Alternative zu herk\u00f6mmlichen Taschen und ideal f\u00fcr alle, die eine nat\u00fcrliche und effektive Verpackung anbieten m\u00f6chten.<\/p>\n<p><!--more--><\/p>\n<h4><strong>Seine Vorteile :<\/strong><\/h4>\n<ul>\n<li><strong data-start=\"1875\" data-end=\"1889\">Biobasierte<\/strong> <strong>Herstellung<\/strong>: umweltfreundlich.<\/li>\n<li>Nat\u00fcrliche <strong>gr\u00fcne<\/strong> F\u00e4rbung f\u00fcr ein authentisches Erscheinungsbild.<\/li>\n<li>Ideale Gr\u00f6\u00dfe f\u00fcr geschnittenes Brot<\/li>\n<li>Diese <strong>Brottasche<\/strong> ist robust und widerstandsf\u00e4hig gegen Feuchtigkeit und Manipulation.<\/li>\n<li><strong>Verkauft in<\/strong> <strong>200 Einheiten<\/strong>: perfekt f\u00fcr den professionellen Einsatz.<\/li>\n<\/ul>\n<p>&nbsp;<\/p>\n<p><!--more--><\/p>\n<h4>Weitere Informationen :<\/h4>\n<ul>\n<li><strong>Verpackung<\/strong>: Packung mit 200 St\u00fcck<\/li>\n<li><strong>Ma\u00dfe<\/strong>: 16 + 10 x 35 cm<\/li>\n<li><b>Material <\/b>: Biobasierter Kunststoff<\/li>\n<li><strong>Farbe<\/strong>: Gr\u00fcn<\/li>\n<\/ul>\n<p>&nbsp;<\/p>\n<p><!--more--><\/p>\n<p>Hier finden Sie unsere Brott\u00fcten f\u00fcr geschnittenes Brot, die in verschiedenen Gr\u00f6\u00dfen erh\u00e4ltlich sind: <span style=\"color: #d12727;\"><a style=\"color: #d12727;\" href=\"https:\/\/www.csj-emballages.com\/de\/produit\/biobasierter-brotbeutel-geschnitten-gelb-12-x-5-5-x-35-cm-pro-200\/\">12 x 5 + 5 x 35 cm<\/a><\/span> \/ <span style=\"color: #d12727;\"><a style=\"color: #d12727;\" href=\"https:\/\/www.csj-emballages.com\/produit\/250-sacs-a-pain-tranchee-marron-biosource-12-x-5-5-x-45-cm\/\">12 x 5 + 5 x 45 cm<\/a><\/span> \/ <span style=\"color: #d12727;\"><a style=\"color: #d12727;\" href=\"https:\/\/www.csj-emballages.com\/produit\/250-sacs-a-pain-tranchee-rouge-biosource-16-x-5-5-x-60-cm\/\">16 x 5 + 5 x 60 cm<\/a> <\/span>\/ <span style=\"color: #d12727;\"><a style=\"color: #d12727;\" href=\"https:\/\/www.csj-emballages.com\/produit\/250-sacs-a-pain-tranchee-beige-biosource-23-x-4-4-x-40-cm\/\">23 x 4 + 4 x 40 cm<\/a> \/ <a style=\"color: #d12727;\" href=\"https:\/\/www.csj-emballages.com\/de\/produit\/250-biobasierte-rote-grabenbrotbeutel-16-x-5-5-x-60-cm\/\">16 x 5 + 5 x 60 cm<\/a><\/span><\/p>\n<p>&nbsp;<\/p>\n<p><!--more--><\/p>\n<p><a href=\"https:\/\/www.csj-emballages.com\/de\/categorie-produit\/lebensmittelverpackungen\/bio-sortiment\/bio-beutel-de\/\">Sehen Sie sich den Rest unseres Sortiments an Biobeuteln an<\/a><\/p>\n","protected":false},"excerpt":{"rendered":"<p>Brotbeutel Beschreibung von unserem biobasierten gr\u00fcnen Brotschneidebeutel 16 + 10 x 35 cm pro 200<\/p>\n","protected":false},"featured_media":97640,"template":"","meta":{"_acf_changed":false},"product_brand":[],"product_cat":[1137,1171,3967,1661,1668,1146,6702],"product_tag":[],"class_list":{"0":"post-29303","1":"product","2":"type-product","3":"status-publish","4":"has-post-thumbnail","6":"product_cat-lebensmittelverpackungen","7":"product_cat-backerei-und-konditorei","8":"product_cat-sacke-beutel-und-papier","9":"product_cat-sacheries-de","10":"product_cat-beutel-mit-geschnittenem-brot","11":"product_cat-bio-sortiment","12":"product_cat-bio-beutel-de","14":"first","15":"instock","16":"taxable","17":"shipping-taxable","18":"purchasable","19":"product-type-simple"},"acf":[],"yoast_head":"<!-- This site is optimized with the Yoast SEO Premium plugin v26.6 (Yoast SEO v26.6) - https:\/\/yoast.com\/wordpress\/plugins\/seo\/ -->\n<title>Brotbeutel geschnitten Gr\u00fcn Biobasiert 16 + 10 x 35 cm pro 200<\/title>\n<meta name=\"description\" content=\"Gr\u00fcner biobasierter Brotschneidebeutel 16 + 10 x 35 cm - Packung mit 200 St\u00fcck. Praktisch, umweltfreundlich und robust: ideal f\u00fcr verantwortungsbewusste B\u00e4cker und Handwerker.\" \/>\n<meta name=\"robots\" content=\"index, follow, max-snippet:-1, max-image-preview:large, max-video-preview:-1\" \/>\n<link rel=\"canonical\" href=\"https:\/\/www.csj-emballages.com\/de\/produit\/200-biobasierte-grune-grabenbrotbeutel-16-x-5-5-x-35-cm\/\" \/>\n<meta property=\"og:locale\" content=\"de_DE\" \/>\n<meta property=\"og:type\" content=\"article\" \/>\n<meta property=\"og:title\" content=\"Biobasierte gr\u00fcne Brottasche geschnitten 16 + 10 x 35 cm pro 200\" \/>\n<meta property=\"og:description\" content=\"Gr\u00fcner biobasierter Brotschneidebeutel 16 + 10 x 35 cm - Packung mit 200 St\u00fcck. Praktisch, umweltfreundlich und robust: ideal f\u00fcr verantwortungsbewusste B\u00e4cker und Handwerker.\" \/>\n<meta property=\"og:url\" content=\"https:\/\/www.csj-emballages.com\/de\/produit\/200-biobasierte-grune-grabenbrotbeutel-16-x-5-5-x-35-cm\/\" \/>\n<meta property=\"og:site_name\" content=\"CSJ Emballages\" \/>\n<meta property=\"article:publisher\" content=\"https:\/\/www.facebook.com\/csjemballages\" \/>\n<meta property=\"article:modified_time\" content=\"2026-04-03T00:21:07+00:00\" \/>\n<meta property=\"og:image\" content=\"https:\/\/www.csj-emballages.com\/wp-content\/uploads\/2024\/06\/200-sacs-a-pain-tranche-imprimes-vert-jpg-e1726735724277.webp\" \/>\n\t<meta property=\"og:image:width\" content=\"458\" \/>\n\t<meta property=\"og:image:height\" content=\"458\" \/>\n\t<meta property=\"og:image:type\" content=\"image\/jpeg\" \/>\n<meta name=\"twitter:card\" content=\"summary_large_image\" \/>\n<meta name=\"twitter:label1\" content=\"Gesch\u00e4tzte Lesezeit\" \/>\n\t<meta name=\"twitter:data1\" content=\"2 Minuten\" \/>\n<script type=\"application\/ld+json\" class=\"yoast-schema-graph\">{\"@context\":\"https:\/\/schema.org\",\"@graph\":[{\"@type\":\"WebPage\",\"@id\":\"https:\/\/www.csj-emballages.com\/de\/produit\/200-biobasierte-grune-grabenbrotbeutel-16-x-5-5-x-35-cm\/\",\"url\":\"https:\/\/www.csj-emballages.com\/de\/produit\/200-biobasierte-grune-grabenbrotbeutel-16-x-5-5-x-35-cm\/\",\"name\":\"Brotbeutel geschnitten Gr\u00fcn Biobasiert 16 + 10 x 35 cm pro 200\",\"isPartOf\":{\"@id\":\"https:\/\/www.csj-emballages.com\/de\/#website\"},\"primaryImageOfPage\":{\"@id\":\"https:\/\/www.csj-emballages.com\/de\/produit\/200-biobasierte-grune-grabenbrotbeutel-16-x-5-5-x-35-cm\/#primaryimage\"},\"image\":{\"@id\":\"https:\/\/www.csj-emballages.com\/de\/produit\/200-biobasierte-grune-grabenbrotbeutel-16-x-5-5-x-35-cm\/#primaryimage\"},\"thumbnailUrl\":\"https:\/\/www.csj-emballages.com\/wp-content\/uploads\/2024\/06\/200-sacs-a-pain-tranche-imprimes-vert-jpg-e1726735724277.webp\",\"datePublished\":\"2024-06-20T13:38:48+00:00\",\"dateModified\":\"2026-04-03T00:21:07+00:00\",\"description\":\"Gr\u00fcner biobasierter Brotschneidebeutel 16 + 10 x 35 cm - Packung mit 200 St\u00fcck. Praktisch, umweltfreundlich und robust: ideal f\u00fcr verantwortungsbewusste B\u00e4cker und Handwerker.\",\"breadcrumb\":{\"@id\":\"https:\/\/www.csj-emballages.com\/de\/produit\/200-biobasierte-grune-grabenbrotbeutel-16-x-5-5-x-35-cm\/#breadcrumb\"},\"inLanguage\":\"de\",\"potentialAction\":[{\"@type\":\"ReadAction\",\"target\":[\"https:\/\/www.csj-emballages.com\/de\/produit\/200-biobasierte-grune-grabenbrotbeutel-16-x-5-5-x-35-cm\/\"]}]},{\"@type\":\"ImageObject\",\"inLanguage\":\"de\",\"@id\":\"https:\/\/www.csj-emballages.com\/de\/produit\/200-biobasierte-grune-grabenbrotbeutel-16-x-5-5-x-35-cm\/#primaryimage\",\"url\":\"https:\/\/www.csj-emballages.com\/wp-content\/uploads\/2024\/06\/200-sacs-a-pain-tranche-imprimes-vert-jpg-e1726735724277.webp\",\"contentUrl\":\"https:\/\/www.csj-emballages.com\/wp-content\/uploads\/2024\/06\/200-sacs-a-pain-tranche-imprimes-vert-jpg-e1726735724277.webp\",\"width\":458,\"height\":458,\"caption\":\"Sacs pain tranch\u00e9 biosourc\u00e9s 16+10x35cm\"},{\"@type\":\"BreadcrumbList\",\"@id\":\"https:\/\/www.csj-emballages.com\/de\/produit\/200-biobasierte-grune-grabenbrotbeutel-16-x-5-5-x-35-cm\/#breadcrumb\",\"itemListElement\":[{\"@type\":\"ListItem\",\"position\":1,\"name\":\"Accueil\",\"item\":\"https:\/\/www.csj-emballages.com\/de\/universum-lebensmittelverpackungen\/\"},{\"@type\":\"ListItem\",\"position\":2,\"name\":\"Shop\",\"item\":\"https:\/\/www.csj-emballages.com\/shop\/\"},{\"@type\":\"ListItem\",\"position\":3,\"name\":\"Biobasierte gr\u00fcne Brottasche geschnitten 16 + 10 x 35 cm pro 200\"}]},{\"@type\":\"WebSite\",\"@id\":\"https:\/\/www.csj-emballages.com\/de\/#website\",\"url\":\"https:\/\/www.csj-emballages.com\/de\/\",\"name\":\"CSJ Emballages\",\"description\":\"\",\"publisher\":{\"@id\":\"https:\/\/www.csj-emballages.com\/de\/#organization\"},\"potentialAction\":[{\"@type\":\"SearchAction\",\"target\":{\"@type\":\"EntryPoint\",\"urlTemplate\":\"https:\/\/www.csj-emballages.com\/de\/?s={search_term_string}\"},\"query-input\":{\"@type\":\"PropertyValueSpecification\",\"valueRequired\":true,\"valueName\":\"search_term_string\"}}],\"inLanguage\":\"de\"},{\"@type\":\"Organization\",\"@id\":\"https:\/\/www.csj-emballages.com\/de\/#Organization\/\",\"name\":\"CSJ Emballages\",\"url\":\"https:\/\/www.csj-emballages.com\/de\/\",\"logo\":{\"@type\":\"ImageObject\",\"inLanguage\":\"de\",\"@id\":\"https:\/\/www.csj-emballages.com\/de\/#\/schema\/logo\/image\/\",\"url\":\"https:\/\/www.csj-emballages.com\/wp-content\/uploads\/2023\/10\/logo_csj.webp\",\"contentUrl\":\"https:\/\/www.csj-emballages.com\/wp-content\/uploads\/2023\/10\/logo_csj.webp\",\"width\":250,\"height\":95,\"caption\":\"CSJ Emballages\"},\"image\":{\"@id\":\"https:\/\/www.csj-emballages.com\/de\/#\/schema\/logo\/image\/\"},\"sameAs\":[\"https:\/\/www.facebook.com\/csjemballages\"],\"address\":{\"@type\":\"PostalAddress\",\"streetAddress\":\"ZI La Lechere\",\"addressLocality\":\"Patornay\",\"postalCode\":\"39130\",\"addressCountry\":\"FR\"},\"contactPoint\":[{\"@type\":\"ContactPoint\",\"contactType\":\"Service client\",\"telephone\":\"0384254272\",\"email\":\"contact@csj-emballages.com\"}]}]}<\/script>\n<!-- \/ Yoast SEO Premium plugin. -->","yoast_head_json":{"title":"Brotbeutel geschnitten Gr\u00fcn Biobasiert 16 + 10 x 35 cm pro 200","description":"Gr\u00fcner biobasierter Brotschneidebeutel 16 + 10 x 35 cm - Packung mit 200 St\u00fcck. Praktisch, umweltfreundlich und robust: ideal f\u00fcr verantwortungsbewusste B\u00e4cker und Handwerker.","robots":{"index":"index","follow":"follow","max-snippet":"max-snippet:-1","max-image-preview":"max-image-preview:large","max-video-preview":"max-video-preview:-1"},"canonical":"https:\/\/www.csj-emballages.com\/de\/produit\/200-biobasierte-grune-grabenbrotbeutel-16-x-5-5-x-35-cm\/","og_locale":"de_DE","og_type":"article","og_title":"Biobasierte gr\u00fcne Brottasche geschnitten 16 + 10 x 35 cm pro 200","og_description":"Gr\u00fcner biobasierter Brotschneidebeutel 16 + 10 x 35 cm - Packung mit 200 St\u00fcck. Praktisch, umweltfreundlich und robust: ideal f\u00fcr verantwortungsbewusste B\u00e4cker und Handwerker.","og_url":"https:\/\/www.csj-emballages.com\/de\/produit\/200-biobasierte-grune-grabenbrotbeutel-16-x-5-5-x-35-cm\/","og_site_name":"CSJ Emballages","article_publisher":"https:\/\/www.facebook.com\/csjemballages","article_modified_time":"2026-04-03T00:21:07+00:00","og_image":[{"width":458,"height":458,"url":"https:\/\/www.csj-emballages.com\/wp-content\/uploads\/2024\/06\/200-sacs-a-pain-tranche-imprimes-vert-jpg-e1726735724277.webp","type":"image\/jpeg"}],"twitter_card":"summary_large_image","twitter_misc":{"Gesch\u00e4tzte Lesezeit":"2 Minuten"},"schema":{"@context":"https:\/\/schema.org","@graph":[{"@type":"WebPage","@id":"https:\/\/www.csj-emballages.com\/de\/produit\/200-biobasierte-grune-grabenbrotbeutel-16-x-5-5-x-35-cm\/","url":"https:\/\/www.csj-emballages.com\/de\/produit\/200-biobasierte-grune-grabenbrotbeutel-16-x-5-5-x-35-cm\/","name":"Brotbeutel geschnitten Gr\u00fcn Biobasiert 16 + 10 x 35 cm pro 200","isPartOf":{"@id":"https:\/\/www.csj-emballages.com\/de\/#website"},"primaryImageOfPage":{"@id":"https:\/\/www.csj-emballages.com\/de\/produit\/200-biobasierte-grune-grabenbrotbeutel-16-x-5-5-x-35-cm\/#primaryimage"},"image":{"@id":"https:\/\/www.csj-emballages.com\/de\/produit\/200-biobasierte-grune-grabenbrotbeutel-16-x-5-5-x-35-cm\/#primaryimage"},"thumbnailUrl":"https:\/\/www.csj-emballages.com\/wp-content\/uploads\/2024\/06\/200-sacs-a-pain-tranche-imprimes-vert-jpg-e1726735724277.webp","datePublished":"2024-06-20T13:38:48+00:00","dateModified":"2026-04-03T00:21:07+00:00","description":"Gr\u00fcner biobasierter Brotschneidebeutel 16 + 10 x 35 cm - Packung mit 200 St\u00fcck. Praktisch, umweltfreundlich und robust: ideal f\u00fcr verantwortungsbewusste B\u00e4cker und Handwerker.","breadcrumb":{"@id":"https:\/\/www.csj-emballages.com\/de\/produit\/200-biobasierte-grune-grabenbrotbeutel-16-x-5-5-x-35-cm\/#breadcrumb"},"inLanguage":"de","potentialAction":[{"@type":"ReadAction","target":["https:\/\/www.csj-emballages.com\/de\/produit\/200-biobasierte-grune-grabenbrotbeutel-16-x-5-5-x-35-cm\/"]}]},{"@type":"ImageObject","inLanguage":"de","@id":"https:\/\/www.csj-emballages.com\/de\/produit\/200-biobasierte-grune-grabenbrotbeutel-16-x-5-5-x-35-cm\/#primaryimage","url":"https:\/\/www.csj-emballages.com\/wp-content\/uploads\/2024\/06\/200-sacs-a-pain-tranche-imprimes-vert-jpg-e1726735724277.webp","contentUrl":"https:\/\/www.csj-emballages.com\/wp-content\/uploads\/2024\/06\/200-sacs-a-pain-tranche-imprimes-vert-jpg-e1726735724277.webp","width":458,"height":458,"caption":"Sacs pain tranch\u00e9 biosourc\u00e9s 16+10x35cm"},{"@type":"BreadcrumbList","@id":"https:\/\/www.csj-emballages.com\/de\/produit\/200-biobasierte-grune-grabenbrotbeutel-16-x-5-5-x-35-cm\/#breadcrumb","itemListElement":[{"@type":"ListItem","position":1,"name":"Accueil","item":"https:\/\/www.csj-emballages.com\/de\/universum-lebensmittelverpackungen\/"},{"@type":"ListItem","position":2,"name":"Shop","item":"https:\/\/www.csj-emballages.com\/shop\/"},{"@type":"ListItem","position":3,"name":"Biobasierte gr\u00fcne Brottasche geschnitten 16 + 10 x 35 cm pro 200"}]},{"@type":"WebSite","@id":"https:\/\/www.csj-emballages.com\/de\/#website","url":"https:\/\/www.csj-emballages.com\/de\/","name":"CSJ Emballages","description":"","publisher":{"@id":"https:\/\/www.csj-emballages.com\/de\/#organization"},"potentialAction":[{"@type":"SearchAction","target":{"@type":"EntryPoint","urlTemplate":"https:\/\/www.csj-emballages.com\/de\/?s={search_term_string}"},"query-input":{"@type":"PropertyValueSpecification","valueRequired":true,"valueName":"search_term_string"}}],"inLanguage":"de"},{"@type":"Organization","@id":"https:\/\/www.csj-emballages.com\/de\/#Organization\/","name":"CSJ Emballages","url":"https:\/\/www.csj-emballages.com\/de\/","logo":{"@type":"ImageObject","inLanguage":"de","@id":"https:\/\/www.csj-emballages.com\/de\/#\/schema\/logo\/image\/","url":"https:\/\/www.csj-emballages.com\/wp-content\/uploads\/2023\/10\/logo_csj.webp","contentUrl":"https:\/\/www.csj-emballages.com\/wp-content\/uploads\/2023\/10\/logo_csj.webp","width":250,"height":95,"caption":"CSJ Emballages"},"image":{"@id":"https:\/\/www.csj-emballages.com\/de\/#\/schema\/logo\/image\/"},"sameAs":["https:\/\/www.facebook.com\/csjemballages"],"address":{"@type":"PostalAddress","streetAddress":"ZI La Lechere","addressLocality":"Patornay","postalCode":"39130","addressCountry":"FR"},"contactPoint":[{"@type":"ContactPoint","contactType":"Service client","telephone":"0384254272","email":"contact@csj-emballages.com"}]}]}},"df_price":8.26,"df_sale_price":"","df_regular_price":8.26,"df_image_link":"https:\/\/www.csj-emballages.com\/wp-content\/uploads\/2024\/06\/200-sacs-a-pain-tranche-imprimes-vert-300x300.webp","tiered_pricing_type":"fixed","tiered_pricing_fixed_rules":[],"tiered_pricing_percentage_rules":[],"tiered_pricing_minimum":1,"tiered_pricing_roles_data":[],"_links":{"self":[{"href":"https:\/\/www.csj-emballages.com\/de\/wp-json\/wp\/v2\/product\/29303","targetHints":{"allow":["GET"]}}],"collection":[{"href":"https:\/\/www.csj-emballages.com\/de\/wp-json\/wp\/v2\/product"}],"about":[{"href":"https:\/\/www.csj-emballages.com\/de\/wp-json\/wp\/v2\/types\/product"}],"wp:featuredmedia":[{"embeddable":true,"href":"https:\/\/www.csj-emballages.com\/de\/wp-json\/wp\/v2\/media\/97640"}],"wp:attachment":[{"href":"https:\/\/www.csj-emballages.com\/de\/wp-json\/wp\/v2\/media?parent=29303"}],"wp:term":[{"taxonomy":"product_brand","embeddable":true,"href":"https:\/\/www.csj-emballages.com\/de\/wp-json\/wp\/v2\/product_brand?post=29303"},{"taxonomy":"product_cat","embeddable":true,"href":"https:\/\/www.csj-emballages.com\/de\/wp-json\/wp\/v2\/product_cat?post=29303"},{"taxonomy":"product_tag","embeddable":true,"href":"https:\/\/www.csj-emballages.com\/de\/wp-json\/wp\/v2\/product_tag?post=29303"}],"curies":[{"name":"wp","href":"https:\/\/api.w.org\/{rel}","templated":true}]}}