{"id":29298,"date":"2024-06-20T15:26:55","date_gmt":"2024-06-20T13:26:55","guid":{"rendered":"https:\/\/www.csj-emballages.com\/produit\/alu-thermo-rolle-unbedruckt-92g-35-cm-breit-10-kg\/"},"modified":"2026-03-26T02:13:40","modified_gmt":"2026-03-26T01:13:40","slug":"alu-thermo-rolle-unbedruckt-92g-35-cm-breit-10-kg","status":"publish","type":"product","link":"https:\/\/www.csj-emballages.com\/de\/produit\/alu-thermo-rolle-unbedruckt-92g-35-cm-breit-10-kg\/","title":{"rendered":"Hei\u00dfsiegelbare Aluminiumrolle ohne Aufdruck 92g 35 cm breit 10 kg"},"content":{"rendered":"<h2><strong>Hei\u00dfsiegelbare Alu-Rolle ohne Aufdruck 92g &#8211; 10kg<\/strong><\/h2>\n<div style=\"font-family: Roboto, sans-serif\">\n<div style=\"font-family: Roboto, sans-serif\">\n<div style=\"font-family: Roboto, sans-serif\">\n<div style=\"font-family: Roboto, sans-serif\">\n<div style=\"font-family: Roboto, sans-serif\">\n<div style=\"font-family: Roboto, sans-serif\">\n<hr>\n<h3>Beschreibung des Produkts<\/h3>\n<div class=\"flex flex-grow flex-col max-w-full\">\n<div class=\"min-h-[20px] text-message flex flex-col items-start whitespace-pre-wrap break-words [.text-message+&amp;]:mt-5 juice:w-full juice:items-end overflow-x-auto gap-2\" dir=\"auto\" data-message-author-role=\"assistant\" data-message-id=\"1f0c3cb2-e885-433d-b1c5-b4dc35f163e4\">\n<div class=\"flex w-full flex-col gap-1 juice:empty:hidden juice:first:pt-[3px]\">\n<div class=\"markdown prose w-full break-words dark:prose-invert light\">\n<p>Die unbedruckte Aluminium-Hei\u00dfsiegelrolle 10kg ist ideal zum Verpacken von K\u00e4se und garantiert eine optimale Haltbarkeit. Au\u00dferdem bewahrt er durch seine Anti-Sauerstoff-Barriere die Frische und das Aroma des K\u00e4ses. Diese Rolle bietet eine perfekte Abdichtung gegen Feuchtigkeit und verl\u00e4ngert so die Lebensdauer des Produkts. Er eignet sich f\u00fcr verschiedene K\u00e4sesorten, von milden bis zu reifen K\u00e4sesorten.<\/p>\n<p>Die unbedruckte 10 kg Aluminium-Hei\u00dfsiegelrolle ist f\u00fcr eine einfache Handhabung konzipiert und ideal f\u00fcr Hei\u00dfsiegelmaschinen. Dank seiner optimalen Kompatibilit\u00e4t erm\u00f6glicht es eine schnelle und effiziente Anwendung und vereinfacht so den Verpackungsprozess. Und schlie\u00dflich ist diese Rolle mit einem Fl\u00e4chengewicht von 92 g\/m2 besonders f\u00fcr die Verpackung und Aufbewahrung von K\u00e4se geeignet, wodurch Frische und Schutz gew\u00e4hrleistet werden.<\/p>\n<div class=\"group\/conversation-turn relative flex w-full min-w-0 flex-col agent-turn\">\n<div class=\"flex-col gap-1 md:gap-3\">\n<div class=\"flex flex-grow flex-col max-w-full\">\n<div class=\"min-h-[20px] text-message flex flex-col items-start whitespace-pre-wrap break-words [.text-message+&amp;]:mt-5 juice:w-full juice:items-end overflow-x-auto gap-2\" dir=\"auto\" data-message-author-role=\"assistant\" data-message-id=\"31cbdc1b-add2-4b03-8a61-e709407a54e5\">\n<div class=\"flex w-full flex-col gap-1 juice:empty:hidden juice:first:pt-[3px]\">\n<div class=\"markdown prose w-full break-words dark:prose-invert light\">\n<p><strong>Seine Vorteile :<\/strong><\/p>\n<\/div>\n<\/div>\n<\/div>\n<\/div>\n<\/div>\n<\/div>\n<\/div>\n<\/div>\n<\/div>\n<\/div>\n<ul>\n<li><strong>Individuell gestaltbar<\/strong>: Verleihen Sie Ihren Verpackungen eine einzigartige Note mit Personalisierungsoptionen wie dem Aufdruck Ihres Logos, speziellen Mustern&#8230; Perfekt, um das Image Ihrer Marke zu st\u00e4rken.<\/li>\n<li><strong>Vielseitigkeit<\/strong>: Diese Rolle eignet sich f\u00fcr eine Vielzahl von Formungen, von den weichsten bis zu den feinsten.<\/li>\n<\/ul>\n<p><strong>Weitere Informationen :<\/strong><\/p>\n<ul>\n<li>Hei\u00dfsiegelbar: Ja<\/li>\n<li>Papier mit Aluminiumkomplex + LDPE-Beschichtung<\/li>\n<li>Hygienische, luftdichte Verpackung und ausgezeichnete mechanische Festigkeit<\/li>\n<\/ul>\n<p>&nbsp;<\/p>\n<p><!--more--><\/p>\n<p><a href=\"https:\/\/www.csj-emballages.com\/de\/categorie-produit\/lebensmittelverpackungen\/metzgerei-und-feinkostgeschaft\/lebensmittelpapier\/aluminiumkomplexiertes-papier\/\">Sehen Sie sich den Rest unseres Sortiments an Aluminiumfolie an.<\/a><\/p>\n<\/div>\n<\/div>\n<\/div>\n<\/div>\n<\/div>\n<\/div>\n","protected":false},"excerpt":{"rendered":"<p>Hei\u00dfsiegelbare Alu-Rolle ohne Aufdruck 92g &#8211; 10kg Beschreibung des Produkts Die unbedruckte Aluminium-Hei\u00dfsiegelrolle 10kg ist ideal zum Verpacken von K\u00e4se und garantiert eine optimale Haltbarkeit. Au\u00dferdem bewahrt er durch seine Anti-Sauerstoff-Barriere die Frische und das Aroma des K\u00e4ses. Diese Rolle bietet eine perfekte Abdichtung gegen Feuchtigkeit und verl\u00e4ngert so die Lebensdauer des Produkts. Er eignet [&hellip;]<\/p>\n","protected":false},"featured_media":224953,"template":"","meta":{"_acf_changed":false},"product_brand":[],"product_cat":[1137,1170,2571,5685],"product_tag":[],"class_list":{"0":"post-29298","1":"product","2":"type-product","3":"status-publish","4":"has-post-thumbnail","6":"product_cat-lebensmittelverpackungen","7":"product_cat-metzgerei-und-feinkostgeschaft","8":"product_cat-lebensmittelpapier","9":"product_cat-aluminiumkomplexiertes-papier","11":"first","12":"instock","13":"taxable","14":"shipping-taxable","15":"purchasable","16":"product-type-simple"},"acf":[],"yoast_head":"<!-- This site is optimized with the Yoast SEO Premium plugin v26.6 (Yoast SEO v26.6) - https:\/\/yoast.com\/wordpress\/plugins\/seo\/ -->\n<title>Hei\u00dfsiegelbare Aluminiumrolle ohne Aufdruck 92g\/m2 10kg<\/title>\n<meta name=\"description\" content=\"Hei\u00dfsiegelbare Aluminiumrolle ohne Aufdruck! Abmessung: 350 mm! Entscheiden Sie sich f\u00fcr eine Rolle Papier mit hoher Festigkeit und Qualit\u00e4t, zu einem g\u00fcnstigen Preis.\" \/>\n<meta name=\"robots\" content=\"index, follow, max-snippet:-1, max-image-preview:large, max-video-preview:-1\" \/>\n<link rel=\"canonical\" href=\"https:\/\/www.csj-emballages.com\/de\/produit\/alu-thermo-rolle-unbedruckt-92g-35-cm-breit-10-kg\/\" \/>\n<meta property=\"og:locale\" content=\"de_DE\" \/>\n<meta property=\"og:type\" content=\"article\" \/>\n<meta property=\"og:title\" content=\"Hei\u00dfsiegelbare Aluminiumrolle ohne Aufdruck 92g 35 cm breit 10 kg\" \/>\n<meta property=\"og:description\" content=\"Hei\u00dfsiegelbare Aluminiumrolle ohne Aufdruck! Abmessung: 350 mm! Entscheiden Sie sich f\u00fcr eine Rolle Papier mit hoher Festigkeit und Qualit\u00e4t, zu einem g\u00fcnstigen Preis.\" \/>\n<meta property=\"og:url\" content=\"https:\/\/www.csj-emballages.com\/de\/produit\/alu-thermo-rolle-unbedruckt-92g-35-cm-breit-10-kg\/\" \/>\n<meta property=\"og:site_name\" content=\"CSJ Emballages\" \/>\n<meta property=\"article:publisher\" content=\"https:\/\/www.facebook.com\/csjemballages\" \/>\n<meta property=\"article:modified_time\" content=\"2026-03-26T01:13:40+00:00\" \/>\n<meta property=\"og:image\" content=\"https:\/\/www.csj-emballages.com\/wp-content\/uploads\/2024\/06\/papier-thermoscellable-aluminium-1.webp\" \/>\n\t<meta property=\"og:image:width\" content=\"800\" \/>\n\t<meta property=\"og:image:height\" content=\"800\" \/>\n\t<meta property=\"og:image:type\" content=\"image\/jpeg\" \/>\n<meta name=\"twitter:card\" content=\"summary_large_image\" \/>\n<meta name=\"twitter:label1\" content=\"Gesch\u00e4tzte Lesezeit\" \/>\n\t<meta name=\"twitter:data1\" content=\"1\u00a0Minute\" \/>\n<script type=\"application\/ld+json\" class=\"yoast-schema-graph\">{\"@context\":\"https:\/\/schema.org\",\"@graph\":[{\"@type\":\"WebPage\",\"@id\":\"https:\/\/www.csj-emballages.com\/de\/produit\/alu-thermo-rolle-unbedruckt-92g-35-cm-breit-10-kg\/\",\"url\":\"https:\/\/www.csj-emballages.com\/de\/produit\/alu-thermo-rolle-unbedruckt-92g-35-cm-breit-10-kg\/\",\"name\":\"Hei\u00dfsiegelbare Aluminiumrolle ohne Aufdruck 92g\/m2 10kg\",\"isPartOf\":{\"@id\":\"https:\/\/www.csj-emballages.com\/de\/#website\"},\"primaryImageOfPage\":{\"@id\":\"https:\/\/www.csj-emballages.com\/de\/produit\/alu-thermo-rolle-unbedruckt-92g-35-cm-breit-10-kg\/#primaryimage\"},\"image\":{\"@id\":\"https:\/\/www.csj-emballages.com\/de\/produit\/alu-thermo-rolle-unbedruckt-92g-35-cm-breit-10-kg\/#primaryimage\"},\"thumbnailUrl\":\"https:\/\/www.csj-emballages.com\/wp-content\/uploads\/2024\/06\/papier-thermoscellable-aluminium-1.webp\",\"datePublished\":\"2024-06-20T13:26:55+00:00\",\"dateModified\":\"2026-03-26T01:13:40+00:00\",\"description\":\"Hei\u00dfsiegelbare Aluminiumrolle ohne Aufdruck! Abmessung: 350 mm! Entscheiden Sie sich f\u00fcr eine Rolle Papier mit hoher Festigkeit und Qualit\u00e4t, zu einem g\u00fcnstigen Preis.\",\"breadcrumb\":{\"@id\":\"https:\/\/www.csj-emballages.com\/de\/produit\/alu-thermo-rolle-unbedruckt-92g-35-cm-breit-10-kg\/#breadcrumb\"},\"inLanguage\":\"de\",\"potentialAction\":[{\"@type\":\"ReadAction\",\"target\":[\"https:\/\/www.csj-emballages.com\/de\/produit\/alu-thermo-rolle-unbedruckt-92g-35-cm-breit-10-kg\/\"]}]},{\"@type\":\"ImageObject\",\"inLanguage\":\"de\",\"@id\":\"https:\/\/www.csj-emballages.com\/de\/produit\/alu-thermo-rolle-unbedruckt-92g-35-cm-breit-10-kg\/#primaryimage\",\"url\":\"https:\/\/www.csj-emballages.com\/wp-content\/uploads\/2024\/06\/papier-thermoscellable-aluminium-1.webp\",\"contentUrl\":\"https:\/\/www.csj-emballages.com\/wp-content\/uploads\/2024\/06\/papier-thermoscellable-aluminium-1.webp\",\"width\":800,\"height\":800,\"caption\":\"Rouleau thermoscellable aluminium sans impression 92g 35 cm de laize 10 kg\"},{\"@type\":\"BreadcrumbList\",\"@id\":\"https:\/\/www.csj-emballages.com\/de\/produit\/alu-thermo-rolle-unbedruckt-92g-35-cm-breit-10-kg\/#breadcrumb\",\"itemListElement\":[{\"@type\":\"ListItem\",\"position\":1,\"name\":\"Accueil\",\"item\":\"https:\/\/www.csj-emballages.com\/de\/universum-lebensmittelverpackungen\/\"},{\"@type\":\"ListItem\",\"position\":2,\"name\":\"Shop\",\"item\":\"https:\/\/www.csj-emballages.com\/shop\/\"},{\"@type\":\"ListItem\",\"position\":3,\"name\":\"Hei\u00dfsiegelbare Aluminiumrolle ohne Aufdruck 92g 35 cm breit 10 kg\"}]},{\"@type\":\"WebSite\",\"@id\":\"https:\/\/www.csj-emballages.com\/de\/#website\",\"url\":\"https:\/\/www.csj-emballages.com\/de\/\",\"name\":\"CSJ Emballages\",\"description\":\"\",\"publisher\":{\"@id\":\"https:\/\/www.csj-emballages.com\/de\/#organization\"},\"potentialAction\":[{\"@type\":\"SearchAction\",\"target\":{\"@type\":\"EntryPoint\",\"urlTemplate\":\"https:\/\/www.csj-emballages.com\/de\/?s={search_term_string}\"},\"query-input\":{\"@type\":\"PropertyValueSpecification\",\"valueRequired\":true,\"valueName\":\"search_term_string\"}}],\"inLanguage\":\"de\"},{\"@type\":\"Organization\",\"@id\":\"https:\/\/www.csj-emballages.com\/de\/#Organization\/\",\"name\":\"CSJ Emballages\",\"url\":\"https:\/\/www.csj-emballages.com\/de\/\",\"logo\":{\"@type\":\"ImageObject\",\"inLanguage\":\"de\",\"@id\":\"https:\/\/www.csj-emballages.com\/de\/#\/schema\/logo\/image\/\",\"url\":\"https:\/\/www.csj-emballages.com\/wp-content\/uploads\/2023\/10\/logo_csj.webp\",\"contentUrl\":\"https:\/\/www.csj-emballages.com\/wp-content\/uploads\/2023\/10\/logo_csj.webp\",\"width\":250,\"height\":95,\"caption\":\"CSJ Emballages\"},\"image\":{\"@id\":\"https:\/\/www.csj-emballages.com\/de\/#\/schema\/logo\/image\/\"},\"sameAs\":[\"https:\/\/www.facebook.com\/csjemballages\"],\"address\":{\"@type\":\"PostalAddress\",\"streetAddress\":\"ZI La Lechere\",\"addressLocality\":\"Patornay\",\"postalCode\":\"39130\",\"addressCountry\":\"FR\"},\"contactPoint\":[{\"@type\":\"ContactPoint\",\"contactType\":\"Service client\",\"telephone\":\"0384254272\",\"email\":\"contact@csj-emballages.com\"}]}]}<\/script>\n<!-- \/ Yoast SEO Premium plugin. -->","yoast_head_json":{"title":"Hei\u00dfsiegelbare Aluminiumrolle ohne Aufdruck 92g\/m2 10kg","description":"Hei\u00dfsiegelbare Aluminiumrolle ohne Aufdruck! Abmessung: 350 mm! Entscheiden Sie sich f\u00fcr eine Rolle Papier mit hoher Festigkeit und Qualit\u00e4t, zu einem g\u00fcnstigen Preis.","robots":{"index":"index","follow":"follow","max-snippet":"max-snippet:-1","max-image-preview":"max-image-preview:large","max-video-preview":"max-video-preview:-1"},"canonical":"https:\/\/www.csj-emballages.com\/de\/produit\/alu-thermo-rolle-unbedruckt-92g-35-cm-breit-10-kg\/","og_locale":"de_DE","og_type":"article","og_title":"Hei\u00dfsiegelbare Aluminiumrolle ohne Aufdruck 92g 35 cm breit 10 kg","og_description":"Hei\u00dfsiegelbare Aluminiumrolle ohne Aufdruck! Abmessung: 350 mm! Entscheiden Sie sich f\u00fcr eine Rolle Papier mit hoher Festigkeit und Qualit\u00e4t, zu einem g\u00fcnstigen Preis.","og_url":"https:\/\/www.csj-emballages.com\/de\/produit\/alu-thermo-rolle-unbedruckt-92g-35-cm-breit-10-kg\/","og_site_name":"CSJ Emballages","article_publisher":"https:\/\/www.facebook.com\/csjemballages","article_modified_time":"2026-03-26T01:13:40+00:00","og_image":[{"width":800,"height":800,"url":"https:\/\/www.csj-emballages.com\/wp-content\/uploads\/2024\/06\/papier-thermoscellable-aluminium-1.webp","type":"image\/jpeg"}],"twitter_card":"summary_large_image","twitter_misc":{"Gesch\u00e4tzte Lesezeit":"1\u00a0Minute"},"schema":{"@context":"https:\/\/schema.org","@graph":[{"@type":"WebPage","@id":"https:\/\/www.csj-emballages.com\/de\/produit\/alu-thermo-rolle-unbedruckt-92g-35-cm-breit-10-kg\/","url":"https:\/\/www.csj-emballages.com\/de\/produit\/alu-thermo-rolle-unbedruckt-92g-35-cm-breit-10-kg\/","name":"Hei\u00dfsiegelbare Aluminiumrolle ohne Aufdruck 92g\/m2 10kg","isPartOf":{"@id":"https:\/\/www.csj-emballages.com\/de\/#website"},"primaryImageOfPage":{"@id":"https:\/\/www.csj-emballages.com\/de\/produit\/alu-thermo-rolle-unbedruckt-92g-35-cm-breit-10-kg\/#primaryimage"},"image":{"@id":"https:\/\/www.csj-emballages.com\/de\/produit\/alu-thermo-rolle-unbedruckt-92g-35-cm-breit-10-kg\/#primaryimage"},"thumbnailUrl":"https:\/\/www.csj-emballages.com\/wp-content\/uploads\/2024\/06\/papier-thermoscellable-aluminium-1.webp","datePublished":"2024-06-20T13:26:55+00:00","dateModified":"2026-03-26T01:13:40+00:00","description":"Hei\u00dfsiegelbare Aluminiumrolle ohne Aufdruck! Abmessung: 350 mm! Entscheiden Sie sich f\u00fcr eine Rolle Papier mit hoher Festigkeit und Qualit\u00e4t, zu einem g\u00fcnstigen Preis.","breadcrumb":{"@id":"https:\/\/www.csj-emballages.com\/de\/produit\/alu-thermo-rolle-unbedruckt-92g-35-cm-breit-10-kg\/#breadcrumb"},"inLanguage":"de","potentialAction":[{"@type":"ReadAction","target":["https:\/\/www.csj-emballages.com\/de\/produit\/alu-thermo-rolle-unbedruckt-92g-35-cm-breit-10-kg\/"]}]},{"@type":"ImageObject","inLanguage":"de","@id":"https:\/\/www.csj-emballages.com\/de\/produit\/alu-thermo-rolle-unbedruckt-92g-35-cm-breit-10-kg\/#primaryimage","url":"https:\/\/www.csj-emballages.com\/wp-content\/uploads\/2024\/06\/papier-thermoscellable-aluminium-1.webp","contentUrl":"https:\/\/www.csj-emballages.com\/wp-content\/uploads\/2024\/06\/papier-thermoscellable-aluminium-1.webp","width":800,"height":800,"caption":"Rouleau thermoscellable aluminium sans impression 92g 35 cm de laize 10 kg"},{"@type":"BreadcrumbList","@id":"https:\/\/www.csj-emballages.com\/de\/produit\/alu-thermo-rolle-unbedruckt-92g-35-cm-breit-10-kg\/#breadcrumb","itemListElement":[{"@type":"ListItem","position":1,"name":"Accueil","item":"https:\/\/www.csj-emballages.com\/de\/universum-lebensmittelverpackungen\/"},{"@type":"ListItem","position":2,"name":"Shop","item":"https:\/\/www.csj-emballages.com\/shop\/"},{"@type":"ListItem","position":3,"name":"Hei\u00dfsiegelbare Aluminiumrolle ohne Aufdruck 92g 35 cm breit 10 kg"}]},{"@type":"WebSite","@id":"https:\/\/www.csj-emballages.com\/de\/#website","url":"https:\/\/www.csj-emballages.com\/de\/","name":"CSJ Emballages","description":"","publisher":{"@id":"https:\/\/www.csj-emballages.com\/de\/#organization"},"potentialAction":[{"@type":"SearchAction","target":{"@type":"EntryPoint","urlTemplate":"https:\/\/www.csj-emballages.com\/de\/?s={search_term_string}"},"query-input":{"@type":"PropertyValueSpecification","valueRequired":true,"valueName":"search_term_string"}}],"inLanguage":"de"},{"@type":"Organization","@id":"https:\/\/www.csj-emballages.com\/de\/#Organization\/","name":"CSJ Emballages","url":"https:\/\/www.csj-emballages.com\/de\/","logo":{"@type":"ImageObject","inLanguage":"de","@id":"https:\/\/www.csj-emballages.com\/de\/#\/schema\/logo\/image\/","url":"https:\/\/www.csj-emballages.com\/wp-content\/uploads\/2023\/10\/logo_csj.webp","contentUrl":"https:\/\/www.csj-emballages.com\/wp-content\/uploads\/2023\/10\/logo_csj.webp","width":250,"height":95,"caption":"CSJ Emballages"},"image":{"@id":"https:\/\/www.csj-emballages.com\/de\/#\/schema\/logo\/image\/"},"sameAs":["https:\/\/www.facebook.com\/csjemballages"],"address":{"@type":"PostalAddress","streetAddress":"ZI La Lechere","addressLocality":"Patornay","postalCode":"39130","addressCountry":"FR"},"contactPoint":[{"@type":"ContactPoint","contactType":"Service client","telephone":"0384254272","email":"contact@csj-emballages.com"}]}]}},"df_price":99.04,"df_sale_price":"","df_regular_price":99.04,"df_image_link":"https:\/\/www.csj-emballages.com\/wp-content\/uploads\/2024\/06\/papier-thermoscellable-aluminium-1-300x300.webp","tiered_pricing_type":"fixed","tiered_pricing_fixed_rules":[],"tiered_pricing_percentage_rules":[],"tiered_pricing_minimum":1,"tiered_pricing_roles_data":[],"_links":{"self":[{"href":"https:\/\/www.csj-emballages.com\/de\/wp-json\/wp\/v2\/product\/29298","targetHints":{"allow":["GET"]}}],"collection":[{"href":"https:\/\/www.csj-emballages.com\/de\/wp-json\/wp\/v2\/product"}],"about":[{"href":"https:\/\/www.csj-emballages.com\/de\/wp-json\/wp\/v2\/types\/product"}],"wp:featuredmedia":[{"embeddable":true,"href":"https:\/\/www.csj-emballages.com\/de\/wp-json\/wp\/v2\/media\/224953"}],"wp:attachment":[{"href":"https:\/\/www.csj-emballages.com\/de\/wp-json\/wp\/v2\/media?parent=29298"}],"wp:term":[{"taxonomy":"product_brand","embeddable":true,"href":"https:\/\/www.csj-emballages.com\/de\/wp-json\/wp\/v2\/product_brand?post=29298"},{"taxonomy":"product_cat","embeddable":true,"href":"https:\/\/www.csj-emballages.com\/de\/wp-json\/wp\/v2\/product_cat?post=29298"},{"taxonomy":"product_tag","embeddable":true,"href":"https:\/\/www.csj-emballages.com\/de\/wp-json\/wp\/v2\/product_tag?post=29298"}],"curies":[{"name":"wp","href":"https:\/\/api.w.org\/{rel}","templated":true}]}}