{"id":29296,"date":"2024-06-20T15:30:38","date_gmt":"2024-06-20T13:30:38","guid":{"rendered":"https:\/\/www.csj-emballages.com\/produit\/50-kartonschachteln-225-x-180-x-90-mm\/"},"modified":"2026-04-17T02:14:04","modified_gmt":"2026-04-17T00:14:04","slug":"50-kartonschachteln-225-x-180-x-90-mm","status":"publish","type":"product","link":"https:\/\/www.csj-emballages.com\/de\/produit\/50-kartonschachteln-225-x-180-x-90-mm\/","title":{"rendered":"Essensbox aus Karton 225 x 180 x 90 mm pro 50"},"content":{"rendered":"<div style=\"font-family: Roboto, sans-serif;\">\n<div style=\"font-family: Roboto, sans-serif;\">\n<div style=\"font-family: Roboto, sans-serif;\">\n<div style=\"font-family: Roboto, sans-serif;\">\n<div style=\"font-family: Roboto, sans-serif;\">\n<div style=\"font-family: Roboto, sans-serif;\">\n<h2>Essensbox aus Karton<\/h2>\n<div style=\"text-align: center;\">\n<hr>\n<h3 style=\"text-align: left;\">Beschreibung unserer Essensbox aus Karton 225 x 180 x 90 mm pro 50 St\u00fcck<!--more--><\/h3>\n<p style=\"text-align: left;\" data-start=\"161\" data-end=\"583\">Die <strong data-start=\"164\" data-end=\"207\">Pappschachtel 225 x 180 x 90 mm<\/strong> wurde entwickelt, um das Servieren von Gerichten zum Mitnehmen zu vereinfachen und gleichzeitig eine saubere und professionelle Pr\u00e4sentation zu bieten. Dank ihres gro\u00dfz\u00fcgigen Formats bietet sie Platz f\u00fcr <strong>komplette Mahlzeiten<\/strong> wie <strong>gemischte Salate<\/strong>, <strong>Pasta<\/strong>, <strong>warme Gerichte<\/strong> oder sogar <strong>Desserts<\/strong>. Ebenso sorgt der <strong>dicke Karton<\/strong> f\u00fcr einen guten Halt, so dass es w\u00e4hrend des Transports nicht zu Verformungen kommt.  <\/p>\n<p style=\"text-align: left;\" data-start=\"585\" data-end=\"937\">Auf der einen Seite erm\u00f6glicht sein <strong>integriertes Verschlusssystem<\/strong> eine schnelle Sicherung der Zubereitung. Andererseits l\u00e4sst dir ihre glatte Oberfl\u00e4che die M\u00f6glichkeit, ein <g id=\"gid_1\">Etikett<\/g>, ein <g id=\"gid_2\">Logo<\/g> oder andere n\u00fctzliche Informationen hinzuzuf\u00fcgen, um die Bestellung zu <g id=\"gid_3\">personalisieren<\/g>. So wird diese <strong data-start=\"164\" data-end=\"207\">Essensbox<\/strong> nicht nur praktisch, sondern auch zu einer visuellen Unterst\u00fctzung, die dein Gesch\u00e4ft aufwertet.  <\/p>\n<p style=\"text-align: left;\" data-start=\"939\" data-end=\"1321\">Da sie aus Karton hergestellt wird, ist sie eine verantwortungsvollere Alternative zu herk\u00f6mmlichen Plastikverpackungen. Sie eignet sich f\u00fcr Foodtrucks, Schnellrestaurants, Caterer, Imbisse oder Gesch\u00e4fte, die Gerichte zum Mitnehmen anbieten. Au\u00dferdem h\u00e4lt sie <strong>hei\u00dfen oder kalten Speisen<\/strong> stand, sodass du sie im Alltag vielseitig einsetzen kannst.  <\/p>\n<p style=\"text-align: left;\" data-start=\"1323\" data-end=\"1579\">Zusammenfassend l\u00e4sst sich sagen, dass diese <strong data-start=\"164\" data-end=\"207\">Lunchbox<\/strong> <strong data-start=\"1359\" data-end=\"1371\">Stabilit\u00e4t<\/strong>, <strong data-start=\"1373\" data-end=\"1386\">Zweckm\u00e4\u00dfigkeit<\/strong> und <strong data-start=\"1390\" data-end=\"1404\">\u00c4sthetik<\/strong> vereint, dabei aber leicht zu lagern und einfach zu handhaben ist. Sie erf\u00fcllt die Bed\u00fcrfnisse von Gesch\u00e4ftsleuten, die eine zuverl\u00e4ssige und ansprechende Verpackung suchen, die sie ihren Kunden pr\u00e4sentieren k\u00f6nnen. <\/p>\n<p style=\"text-align: left;\" data-start=\"1323\" data-end=\"1579\">\n<p style=\"text-align: left;\"><!--more--><\/p>\n<p style=\"text-align: left;\"><strong>Vorteile :<\/strong><\/p>\n<ul>\n<li style=\"text-align: left;\" data-start=\"1608\" data-end=\"1646\">Ideales Format f\u00fcr <strong>komplette Men\u00fcs<\/strong>.<\/li>\n<li style=\"text-align: left;\" data-start=\"1649\" data-end=\"1694\"><strong>Stabiler Karton<\/strong>, der auch hei\u00dfen Speisen standh\u00e4lt.<\/li>\n<li style=\"text-align: left;\" data-start=\"1697\" data-end=\"1744\"><strong>Integrierter Verschluss<\/strong> f\u00fcr einen sicheren Transport.<\/li>\n<li style=\"text-align: left;\" data-start=\"1747\" data-end=\"1801\">Individuell gestaltbare Oberfl\u00e4che (Etiketten, Logo, Vermerke).<\/li>\n<li style=\"text-align: left;\" data-start=\"1804\" data-end=\"1847\">Verantwortungsvollere Alternative zu Plastik.<\/li>\n<li style=\"text-align: left;\" data-start=\"1850\" data-end=\"1908\">Praktisch f\u00fcr alle Arten von Take-away-Essen.<\/li>\n<\/ul>\n<\/div>\n<p>&nbsp;<\/p>\n<p><!--more--><\/p>\n<h4>Weitere Informationen :<\/h4>\n<ul>\n<li><strong>Verpackung<\/strong>: Packung mit 50 St\u00fcck<\/li>\n<li><strong>Ma\u00dfe<\/strong>: 225 x 180 x 90 mm<\/li>\n<li><strong>Material<\/strong>: Karton<\/li>\n<li><strong>Art des Deckels<\/strong>: Scharnierdeckel<\/li>\n<\/ul>\n<p>&nbsp;<\/p>\n<p><!--more--><\/p>\n<p>Das Produkt ist in verschiedenen Gr\u00f6\u00dfen erh\u00e4ltlich:  <span style=\"color: #d12727;\"><a style=\"color: #d12727;\" href=\"https:\/\/www.csj-emballages.com\/es\/produit\/100-cajas-dobles-desechables-para-hamburguesas-120-x-130-x-70-mm\/\">HP1K<\/a><\/span> \/ <span style=\"color: #d12727;\"><a style=\"color: #d12727;\" href=\"https:\/\/www.csj-emballages.com\/es\/produit\/100-cajas-de-chips-desechables-175-x-120-x-70-mm\/\">HP2K<\/a><\/span> \/ <span style=\"color: #d12727;\"><a style=\"color: #d12727;\" href=\"https:\/\/www.csj-emballages.com\/es\/produit\/100-cajas-de-carton-kraft-para-tacos-240-x-137-x-70-mm\/\">HP3K<\/a><\/span> \/ <g id=\"gid_6\"><g id=\"gid_7\">HP5K<\/g><\/g> \/ <span style=\"color: #d12727;\"><a style=\"color: #d12727;\" href=\"https:\/\/www.csj-emballages.com\/produit\/boite-carton-burger-jetable-carton-150-x-150-x-70-mm\/\">HP6K<\/a><\/span> \/ <g id=\"gid_10\"><g id=\"gid_11\">HP6KH<\/g><\/g> \/ <span style=\"color: #d12727;\"><a style=\"color: #d12727;\" href=\"https:\/\/www.csj-emballages.com\/produit\/50-boite-carton-burgers-jetables-carton-150-x-150-x-70-mm\/\">HP6KGE<\/a><\/span> \/        <span style=\"color: #d12727;\"><a style=\"color: #d12727;\" href=\"https:\/\/www.csj-emballages.com\/produit\/50-boites-doubles-burgers-xl-jetables-carton-170-x-170-x-80-mm\/\">HP6KXL<\/a> <span style=\"color: #000000;\">\/<\/span> <a style=\"color: #d12727;\" href=\"https:\/\/www.csj-emballages.com\/produit\/50-boite-carton-hot-dog-carton-kraft-23-2-x-9-x-6-3-cm-restauration-snack-emporter\/\">HP8K<\/a><\/span><\/p>\n<p>&nbsp;<\/p>\n<p><!--more--><\/p>\n<p><a href=\"https:\/\/www.csj-emballages.com\/de\/categorie-produit\/lebensmittelverpackungen\/restauration-de\/dosen-schalen-beutel-konen\/schalen-kartons\/kartonschachteln-fur-mahlzeiten\/\">Sehen Sie sich den Rest unseres Angebots an Burgerdosen an.<\/a><\/p>\n<\/div>\n<\/div>\n<\/div>\n<\/div>\n<\/div>\n<\/div>\n","protected":false},"excerpt":{"rendered":"<p>Essensbox aus Karton Beschreibung unserer Essensbox aus Karton 225 x 180 x 90 mm pro 50 St\u00fcck<\/p>\n","protected":false},"featured_media":224569,"template":"","meta":{"_acf_changed":false},"product_brand":[],"product_cat":[1137,1134,3974,1474,2792],"product_tag":[],"class_list":{"0":"post-29296","1":"product","2":"type-product","3":"status-publish","4":"has-post-thumbnail","6":"product_cat-lebensmittelverpackungen","7":"product_cat-restauration-de","8":"product_cat-dosen-schalen-beutel-konen","9":"product_cat-schalen-kartons","10":"product_cat-kartonschachteln-fur-mahlzeiten","12":"first","13":"instock","14":"taxable","15":"shipping-taxable","16":"purchasable","17":"product-type-simple"},"acf":[],"yoast_head":"<!-- This site is optimized with the Yoast SEO Premium plugin v26.6 (Yoast SEO v26.6) - https:\/\/yoast.com\/wordpress\/plugins\/seo\/ -->\n<title>Box Essen Karton 225 x 180 x 90 mm pro 50<\/title>\n<meta name=\"description\" content=\"Entdecken Sie unsere Essensbox aus Karton 225 x 180 x 90 mm: Sie ist widerstandsf\u00e4hig, praktisch und umweltfreundlich und eignet sich perfekt f\u00fcr den Transport Ihrer Mahlzeiten und Snacks.\" \/>\n<meta name=\"robots\" content=\"index, follow, max-snippet:-1, max-image-preview:large, max-video-preview:-1\" \/>\n<link rel=\"canonical\" href=\"https:\/\/www.csj-emballages.com\/de\/produit\/50-kartonschachteln-225-x-180-x-90-mm\/\" \/>\n<meta property=\"og:locale\" content=\"de_DE\" \/>\n<meta property=\"og:type\" content=\"article\" \/>\n<meta property=\"og:title\" content=\"Essensbox aus Karton 225 x 180 x 90 mm pro 50\" \/>\n<meta property=\"og:description\" content=\"Entdecken Sie unsere Essensbox aus Karton 225 x 180 x 90 mm: Sie ist widerstandsf\u00e4hig, praktisch und umweltfreundlich und eignet sich perfekt f\u00fcr den Transport Ihrer Mahlzeiten und Snacks.\" \/>\n<meta property=\"og:url\" content=\"https:\/\/www.csj-emballages.com\/de\/produit\/50-kartonschachteln-225-x-180-x-90-mm\/\" \/>\n<meta property=\"og:site_name\" content=\"CSJ Emballages\" \/>\n<meta property=\"article:publisher\" content=\"https:\/\/www.facebook.com\/csjemballages\" \/>\n<meta property=\"article:modified_time\" content=\"2026-04-17T00:14:04+00:00\" \/>\n<meta property=\"og:image\" content=\"https:\/\/www.csj-emballages.com\/wp-content\/uploads\/2024\/06\/HP4K.webp\" \/>\n\t<meta property=\"og:image:width\" content=\"800\" \/>\n\t<meta property=\"og:image:height\" content=\"800\" \/>\n\t<meta property=\"og:image:type\" content=\"image\/webp\" \/>\n<meta name=\"twitter:card\" content=\"summary_large_image\" \/>\n<meta name=\"twitter:label1\" content=\"Gesch\u00e4tzte Lesezeit\" \/>\n\t<meta name=\"twitter:data1\" content=\"2 Minuten\" \/>\n<script type=\"application\/ld+json\" class=\"yoast-schema-graph\">{\"@context\":\"https:\/\/schema.org\",\"@graph\":[{\"@type\":\"WebPage\",\"@id\":\"https:\/\/www.csj-emballages.com\/de\/produit\/50-kartonschachteln-225-x-180-x-90-mm\/\",\"url\":\"https:\/\/www.csj-emballages.com\/de\/produit\/50-kartonschachteln-225-x-180-x-90-mm\/\",\"name\":\"Box Essen Karton 225 x 180 x 90 mm pro 50\",\"isPartOf\":{\"@id\":\"https:\/\/www.csj-emballages.com\/de\/#website\"},\"primaryImageOfPage\":{\"@id\":\"https:\/\/www.csj-emballages.com\/de\/produit\/50-kartonschachteln-225-x-180-x-90-mm\/#primaryimage\"},\"image\":{\"@id\":\"https:\/\/www.csj-emballages.com\/de\/produit\/50-kartonschachteln-225-x-180-x-90-mm\/#primaryimage\"},\"thumbnailUrl\":\"https:\/\/www.csj-emballages.com\/wp-content\/uploads\/2024\/06\/HP4K.webp\",\"datePublished\":\"2024-06-20T13:30:38+00:00\",\"dateModified\":\"2026-04-17T00:14:04+00:00\",\"description\":\"Entdecken Sie unsere Essensbox aus Karton 225 x 180 x 90 mm: Sie ist widerstandsf\u00e4hig, praktisch und umweltfreundlich und eignet sich perfekt f\u00fcr den Transport Ihrer Mahlzeiten und Snacks.\",\"breadcrumb\":{\"@id\":\"https:\/\/www.csj-emballages.com\/de\/produit\/50-kartonschachteln-225-x-180-x-90-mm\/#breadcrumb\"},\"inLanguage\":\"de\",\"potentialAction\":[{\"@type\":\"ReadAction\",\"target\":[\"https:\/\/www.csj-emballages.com\/de\/produit\/50-kartonschachteln-225-x-180-x-90-mm\/\"]}]},{\"@type\":\"ImageObject\",\"inLanguage\":\"de\",\"@id\":\"https:\/\/www.csj-emballages.com\/de\/produit\/50-kartonschachteln-225-x-180-x-90-mm\/#primaryimage\",\"url\":\"https:\/\/www.csj-emballages.com\/wp-content\/uploads\/2024\/06\/HP4K.webp\",\"contentUrl\":\"https:\/\/www.csj-emballages.com\/wp-content\/uploads\/2024\/06\/HP4K.webp\",\"width\":800,\"height\":800,\"caption\":\"Boite repas carton\"},{\"@type\":\"BreadcrumbList\",\"@id\":\"https:\/\/www.csj-emballages.com\/de\/produit\/50-kartonschachteln-225-x-180-x-90-mm\/#breadcrumb\",\"itemListElement\":[{\"@type\":\"ListItem\",\"position\":1,\"name\":\"Accueil\",\"item\":\"https:\/\/www.csj-emballages.com\/de\/universum-lebensmittelverpackungen\/\"},{\"@type\":\"ListItem\",\"position\":2,\"name\":\"Shop\",\"item\":\"https:\/\/www.csj-emballages.com\/shop\/\"},{\"@type\":\"ListItem\",\"position\":3,\"name\":\"Essensbox aus Karton 225 x 180 x 90 mm pro 50\"}]},{\"@type\":\"WebSite\",\"@id\":\"https:\/\/www.csj-emballages.com\/de\/#website\",\"url\":\"https:\/\/www.csj-emballages.com\/de\/\",\"name\":\"CSJ Emballages\",\"description\":\"\",\"publisher\":{\"@id\":\"https:\/\/www.csj-emballages.com\/de\/#organization\"},\"potentialAction\":[{\"@type\":\"SearchAction\",\"target\":{\"@type\":\"EntryPoint\",\"urlTemplate\":\"https:\/\/www.csj-emballages.com\/de\/?s={search_term_string}\"},\"query-input\":{\"@type\":\"PropertyValueSpecification\",\"valueRequired\":true,\"valueName\":\"search_term_string\"}}],\"inLanguage\":\"de\"},{\"@type\":\"Organization\",\"@id\":\"https:\/\/www.csj-emballages.com\/de\/#Organization\/\",\"name\":\"CSJ Emballages\",\"url\":\"https:\/\/www.csj-emballages.com\/de\/\",\"logo\":{\"@type\":\"ImageObject\",\"inLanguage\":\"de\",\"@id\":\"https:\/\/www.csj-emballages.com\/de\/#\/schema\/logo\/image\/\",\"url\":\"https:\/\/www.csj-emballages.com\/wp-content\/uploads\/2023\/10\/logo_csj.webp\",\"contentUrl\":\"https:\/\/www.csj-emballages.com\/wp-content\/uploads\/2023\/10\/logo_csj.webp\",\"width\":250,\"height\":95,\"caption\":\"CSJ Emballages\"},\"image\":{\"@id\":\"https:\/\/www.csj-emballages.com\/de\/#\/schema\/logo\/image\/\"},\"sameAs\":[\"https:\/\/www.facebook.com\/csjemballages\"],\"address\":{\"@type\":\"PostalAddress\",\"streetAddress\":\"ZI La Lechere\",\"addressLocality\":\"Patornay\",\"postalCode\":\"39130\",\"addressCountry\":\"FR\"},\"contactPoint\":[{\"@type\":\"ContactPoint\",\"contactType\":\"Service client\",\"telephone\":\"0384254272\",\"email\":\"contact@csj-emballages.com\"}]}]}<\/script>\n<!-- \/ Yoast SEO Premium plugin. -->","yoast_head_json":{"title":"Box Essen Karton 225 x 180 x 90 mm pro 50","description":"Entdecken Sie unsere Essensbox aus Karton 225 x 180 x 90 mm: Sie ist widerstandsf\u00e4hig, praktisch und umweltfreundlich und eignet sich perfekt f\u00fcr den Transport Ihrer Mahlzeiten und Snacks.","robots":{"index":"index","follow":"follow","max-snippet":"max-snippet:-1","max-image-preview":"max-image-preview:large","max-video-preview":"max-video-preview:-1"},"canonical":"https:\/\/www.csj-emballages.com\/de\/produit\/50-kartonschachteln-225-x-180-x-90-mm\/","og_locale":"de_DE","og_type":"article","og_title":"Essensbox aus Karton 225 x 180 x 90 mm pro 50","og_description":"Entdecken Sie unsere Essensbox aus Karton 225 x 180 x 90 mm: Sie ist widerstandsf\u00e4hig, praktisch und umweltfreundlich und eignet sich perfekt f\u00fcr den Transport Ihrer Mahlzeiten und Snacks.","og_url":"https:\/\/www.csj-emballages.com\/de\/produit\/50-kartonschachteln-225-x-180-x-90-mm\/","og_site_name":"CSJ Emballages","article_publisher":"https:\/\/www.facebook.com\/csjemballages","article_modified_time":"2026-04-17T00:14:04+00:00","og_image":[{"width":800,"height":800,"url":"https:\/\/www.csj-emballages.com\/wp-content\/uploads\/2024\/06\/HP4K.webp","type":"image\/webp"}],"twitter_card":"summary_large_image","twitter_misc":{"Gesch\u00e4tzte Lesezeit":"2 Minuten"},"schema":{"@context":"https:\/\/schema.org","@graph":[{"@type":"WebPage","@id":"https:\/\/www.csj-emballages.com\/de\/produit\/50-kartonschachteln-225-x-180-x-90-mm\/","url":"https:\/\/www.csj-emballages.com\/de\/produit\/50-kartonschachteln-225-x-180-x-90-mm\/","name":"Box Essen Karton 225 x 180 x 90 mm pro 50","isPartOf":{"@id":"https:\/\/www.csj-emballages.com\/de\/#website"},"primaryImageOfPage":{"@id":"https:\/\/www.csj-emballages.com\/de\/produit\/50-kartonschachteln-225-x-180-x-90-mm\/#primaryimage"},"image":{"@id":"https:\/\/www.csj-emballages.com\/de\/produit\/50-kartonschachteln-225-x-180-x-90-mm\/#primaryimage"},"thumbnailUrl":"https:\/\/www.csj-emballages.com\/wp-content\/uploads\/2024\/06\/HP4K.webp","datePublished":"2024-06-20T13:30:38+00:00","dateModified":"2026-04-17T00:14:04+00:00","description":"Entdecken Sie unsere Essensbox aus Karton 225 x 180 x 90 mm: Sie ist widerstandsf\u00e4hig, praktisch und umweltfreundlich und eignet sich perfekt f\u00fcr den Transport Ihrer Mahlzeiten und Snacks.","breadcrumb":{"@id":"https:\/\/www.csj-emballages.com\/de\/produit\/50-kartonschachteln-225-x-180-x-90-mm\/#breadcrumb"},"inLanguage":"de","potentialAction":[{"@type":"ReadAction","target":["https:\/\/www.csj-emballages.com\/de\/produit\/50-kartonschachteln-225-x-180-x-90-mm\/"]}]},{"@type":"ImageObject","inLanguage":"de","@id":"https:\/\/www.csj-emballages.com\/de\/produit\/50-kartonschachteln-225-x-180-x-90-mm\/#primaryimage","url":"https:\/\/www.csj-emballages.com\/wp-content\/uploads\/2024\/06\/HP4K.webp","contentUrl":"https:\/\/www.csj-emballages.com\/wp-content\/uploads\/2024\/06\/HP4K.webp","width":800,"height":800,"caption":"Boite repas carton"},{"@type":"BreadcrumbList","@id":"https:\/\/www.csj-emballages.com\/de\/produit\/50-kartonschachteln-225-x-180-x-90-mm\/#breadcrumb","itemListElement":[{"@type":"ListItem","position":1,"name":"Accueil","item":"https:\/\/www.csj-emballages.com\/de\/universum-lebensmittelverpackungen\/"},{"@type":"ListItem","position":2,"name":"Shop","item":"https:\/\/www.csj-emballages.com\/shop\/"},{"@type":"ListItem","position":3,"name":"Essensbox aus Karton 225 x 180 x 90 mm pro 50"}]},{"@type":"WebSite","@id":"https:\/\/www.csj-emballages.com\/de\/#website","url":"https:\/\/www.csj-emballages.com\/de\/","name":"CSJ Emballages","description":"","publisher":{"@id":"https:\/\/www.csj-emballages.com\/de\/#organization"},"potentialAction":[{"@type":"SearchAction","target":{"@type":"EntryPoint","urlTemplate":"https:\/\/www.csj-emballages.com\/de\/?s={search_term_string}"},"query-input":{"@type":"PropertyValueSpecification","valueRequired":true,"valueName":"search_term_string"}}],"inLanguage":"de"},{"@type":"Organization","@id":"https:\/\/www.csj-emballages.com\/de\/#Organization\/","name":"CSJ Emballages","url":"https:\/\/www.csj-emballages.com\/de\/","logo":{"@type":"ImageObject","inLanguage":"de","@id":"https:\/\/www.csj-emballages.com\/de\/#\/schema\/logo\/image\/","url":"https:\/\/www.csj-emballages.com\/wp-content\/uploads\/2023\/10\/logo_csj.webp","contentUrl":"https:\/\/www.csj-emballages.com\/wp-content\/uploads\/2023\/10\/logo_csj.webp","width":250,"height":95,"caption":"CSJ Emballages"},"image":{"@id":"https:\/\/www.csj-emballages.com\/de\/#\/schema\/logo\/image\/"},"sameAs":["https:\/\/www.facebook.com\/csjemballages"],"address":{"@type":"PostalAddress","streetAddress":"ZI La Lechere","addressLocality":"Patornay","postalCode":"39130","addressCountry":"FR"},"contactPoint":[{"@type":"ContactPoint","contactType":"Service client","telephone":"0384254272","email":"contact@csj-emballages.com"}]}]}},"df_price":14.47,"df_sale_price":"","df_regular_price":14.47,"df_image_link":"https:\/\/www.csj-emballages.com\/wp-content\/uploads\/2024\/06\/HP4K-300x300.webp","tiered_pricing_type":"fixed","tiered_pricing_fixed_rules":[],"tiered_pricing_percentage_rules":[],"tiered_pricing_minimum":1,"tiered_pricing_roles_data":[],"_links":{"self":[{"href":"https:\/\/www.csj-emballages.com\/de\/wp-json\/wp\/v2\/product\/29296","targetHints":{"allow":["GET"]}}],"collection":[{"href":"https:\/\/www.csj-emballages.com\/de\/wp-json\/wp\/v2\/product"}],"about":[{"href":"https:\/\/www.csj-emballages.com\/de\/wp-json\/wp\/v2\/types\/product"}],"wp:featuredmedia":[{"embeddable":true,"href":"https:\/\/www.csj-emballages.com\/de\/wp-json\/wp\/v2\/media\/224569"}],"wp:attachment":[{"href":"https:\/\/www.csj-emballages.com\/de\/wp-json\/wp\/v2\/media?parent=29296"}],"wp:term":[{"taxonomy":"product_brand","embeddable":true,"href":"https:\/\/www.csj-emballages.com\/de\/wp-json\/wp\/v2\/product_brand?post=29296"},{"taxonomy":"product_cat","embeddable":true,"href":"https:\/\/www.csj-emballages.com\/de\/wp-json\/wp\/v2\/product_cat?post=29296"},{"taxonomy":"product_tag","embeddable":true,"href":"https:\/\/www.csj-emballages.com\/de\/wp-json\/wp\/v2\/product_tag?post=29296"}],"curies":[{"name":"wp","href":"https:\/\/api.w.org\/{rel}","templated":true}]}}