{"id":29287,"date":"2024-06-20T15:25:43","date_gmt":"2024-06-20T13:25:43","guid":{"rendered":"https:\/\/www.csj-emballages.com\/produit\/50-papptueten-mit-saucenplatz-205-x-265-mm\/"},"modified":"2026-05-05T02:13:42","modified_gmt":"2026-05-05T00:13:42","slug":"50-papptueten-mit-saucenplatz-205-x-265-mm","status":"publish","type":"product","link":"https:\/\/www.csj-emballages.com\/de\/produit\/50-papptueten-mit-saucenplatz-205-x-265-mm\/","title":{"rendered":"Frittierte T\u00fcte aus Karton mit Sauce 205 x 265 mm pro 50 St\u00fcck"},"content":{"rendered":"<h2>Cornet frite<\/h2>\n<div style=\"box-sizing: inherit; font-family: Roboto, sans-serif;\">\n<div style=\"box-sizing: inherit; font-family: Roboto, sans-serif;\">\n<div style=\"box-sizing: inherit; font-family: Roboto, sans-serif;\">\n<div style=\"box-sizing: inherit; font-family: Roboto, sans-serif;\">\n<div style=\"box-sizing: inherit; font-family: Roboto, sans-serif;\">\n<div style=\"box-sizing: inherit; font-family: Roboto, sans-serif;\">\n<hr>\n<h3>Beschreibung von Papp-Frittiert\u00fcte mit Sauce 205 x 265 mm pro 50 St\u00fcck<\/h3>\n<p><!--more--><\/p>\n<p data-start=\"232\" data-end=\"689\">Diese <strong>Pommes<\/strong> <strong>frites-T\u00fcte<\/strong> aus <strong>Karton<\/strong> hat es in sich: Sie ist einfach, pfiffig und so gestaltet, dass das Servieren noch mehr Spa\u00df macht. Mit ihrem Format von <strong data-start=\"370\" data-end=\"386\">205 x 265 mm<\/strong> bietet sie genug Platz f\u00fcr eine sch\u00f6ne <strong>Portion Pommes frites<\/strong>, ohne dass sie \u00fcberlaufen oder zu schnell weich werden. Was aber wirklich den Unterschied macht, ist sein <strong data-start=\"556\" data-end=\"594\">integriertes Fach f\u00fcr die So\u00dfe<\/strong>. Kein separater Topf oder gef\u00e4hrliches Balancieren mehr: Alles ist direkt griffbereit.   <\/p>\n<p data-start=\"691\" data-end=\"1093\">Dank des <strong>festen<\/strong>, <strong>kraftfarbenen<\/strong> <strong>Kartons<\/strong> bleibt die <strong>T\u00fcte<\/strong> auch bei voller F\u00fcllung gut in Form. Es erw\u00e4rmt sich nicht zwischen den Fingern, bleibt bequem zu halten und verleiht Ihrem Service eine nat\u00fcrliche und moderne Note. Ob Sie Pommes frites in einem Foodtruck, auf einem Markt, in einem Imbiss oder bei Veranstaltungen anbieten, dieser Beh\u00e4lter verleiht einen echten professionellen Touch und ist gleichzeitig sehr praktisch.  <\/p>\n<p data-start=\"1095\" data-end=\"1440\">Ebenso erm\u00f6glicht die Tatsache, dass es sich um einen Einwegartikel handelt, der dennoch robust ist, ein schnelles und sauberes Servieren. Die G\u00e4ste lieben es, ihre Pommes frites mit einer Hand zu genie\u00dfen, w\u00e4hrend die So\u00dfe direkt integriert ist. Das vermeidet Flecken, versch\u00fcttete So\u00dfen und unn\u00f6tige Handgriffe. Es ist nur ein kleines Detail, aber es ver\u00e4ndert das Erlebnis wirklich.   <\/p>\n<p data-start=\"1442\" data-end=\"1658\">Er wird <strong data-start=\"1448\" data-end=\"1465\">in einem Set von 50 St\u00fcck<\/strong> verkauft und erm\u00f6glicht Ihnen einen reibungslosen Service, ohne dass Sie sich mit Lagerbest\u00e4nden \u00fcberlasten. Ideal f\u00fcr mobile Dienstleister, saisonale Gastronomen oder um ein neues Format ohne Einschr\u00e4nkungen zu testen. <\/p>\n<p data-start=\"1660\" data-end=\"1790\">Kurz gesagt, diese Pommes <strong>frites-T\u00fcte<\/strong> ist nicht nur eine Verpackung: Sie ist eine clevere, saubere und benutzerfreundliche L\u00f6sung, um Pommes frites mit Stil zu servieren.<\/p>\n<p data-start=\"1660\" data-end=\"1790\">\n<\/div>\n<p><!--more--><\/p>\n<p><strong>Vorteile :<\/strong><\/p>\n<div style=\"box-sizing: inherit; font-family: Roboto, sans-serif;\">\n<ul>\n<li data-start=\"1818\" data-end=\"1861\">Praktisches integriertes <strong>So\u00dfenfach<\/strong>.<\/li>\n<li data-start=\"1864\" data-end=\"1909\">Steifer <strong>Kraftkarton<\/strong>, der bequem zu halten ist.<\/li>\n<li data-start=\"1912\" data-end=\"1954\">Ideales Format f\u00fcr eine gro\u00dfz\u00fcgige Portion.<\/li>\n<li data-start=\"1957\" data-end=\"1985\">Nat\u00fcrliches und modernes Design.<\/li>\n<li data-start=\"1988\" data-end=\"2031\"><strong>Lot von 50<\/strong> perfekt f\u00fcr den regelm\u00e4\u00dfigen Dienst.<\/li>\n<\/ul>\n<p>&nbsp;<\/p>\n<\/div>\n<\/div>\n<p><!--more--><\/p>\n<div style=\"box-sizing: inherit; font-family: Roboto, sans-serif;\">\n<div style=\"box-sizing: inherit; font-family: Roboto, sans-serif;\">\n<h4>Weitere Informationen :<\/h4>\n<ul>\n<li><strong>Verpackung<\/strong>: Packung mit 50 St\u00fcck<\/li>\n<li><strong>Ma\u00dfe<\/strong>: 205 x 265 mm<\/li>\n<li><strong>Material<\/strong>: Karton<\/li>\n<\/ul>\n<p>&nbsp;<\/p>\n<\/div>\n<\/div>\n<\/div>\n<\/div>\n<\/div>\n<\/div>\n<p><!--more--><\/p>\n<p>Dieses Pommes frites-H\u00f6rnchen ist auch in einer kleineren Gr\u00f6\u00dfe erh\u00e4ltlich : <span style=\"color: #d12727;\"><a style=\"color: #d12727;\" href=\"https:\/\/www.csj-emballages.com\/produit\/cornets-en-carton-avec-emplacement-sauce\/\">CORN1<\/a><\/span><\/p>\n<p>&nbsp;<\/p>\n<p><!--more--><\/p>\n<p><a href=\"https:\/\/www.csj-emballages.com\/de\/categorie-produit\/lebensmittelverpackungen\/restauration-de\/dosen-schalen-beutel-konen\/kegel-und-topfe-fur-pasta-wraps-corn\/\">Sehen Sie sich den Rest unseres Sortiments an Pasta-, Wrap- und Corn-Kegeln und -T\u00f6pfen an.<\/a><\/p>\n","protected":false},"excerpt":{"rendered":"<p>Cornet frite Beschreibung von Papp-Frittiert\u00fcte mit Sauce 205 x 265 mm pro 50 St\u00fcck<\/p>\n","protected":false},"featured_media":256653,"template":"","meta":{"_acf_changed":false},"product_brand":[],"product_cat":[1137,1134,3974,2393,1475],"product_tag":[],"class_list":{"0":"post-29287","1":"product","2":"type-product","3":"status-publish","4":"has-post-thumbnail","6":"product_cat-lebensmittelverpackungen","7":"product_cat-restauration-de","8":"product_cat-dosen-schalen-beutel-konen","9":"product_cat-kegel-und-topfe-fur-pasta-wraps-corn","10":"product_cat-frittierkegel","12":"first","13":"instock","14":"taxable","15":"shipping-taxable","16":"purchasable","17":"product-type-simple"},"acf":[],"yoast_head":"<!-- This site is optimized with the Yoast SEO Premium plugin v26.6 (Yoast SEO v26.6) - https:\/\/yoast.com\/wordpress\/plugins\/seo\/ -->\n<title>Cornet Frite Karton mit So\u00dfenplatz 205 x 265 mm<\/title>\n<meta name=\"description\" content=\"Frittiertes Papph\u00f6rnchen mit So\u00dfenplatz! Abmessungen: 205 x 265 mm! Wir bieten Ihnen eine Packung mit 50 T\u00fcten f\u00fcr Ihre Pommes Frites, Churros, etc. an.\" \/>\n<meta name=\"robots\" content=\"index, follow, max-snippet:-1, max-image-preview:large, max-video-preview:-1\" \/>\n<link rel=\"canonical\" href=\"https:\/\/www.csj-emballages.com\/de\/produit\/50-papptueten-mit-saucenplatz-205-x-265-mm\/\" \/>\n<meta property=\"og:locale\" content=\"de_DE\" \/>\n<meta property=\"og:type\" content=\"article\" \/>\n<meta property=\"og:title\" content=\"Frittierte T\u00fcte aus Karton mit Sauce 205 x 265 mm pro 50 St\u00fcck\" \/>\n<meta property=\"og:description\" content=\"Frittiertes Papph\u00f6rnchen mit So\u00dfenplatz! Abmessungen: 205 x 265 mm! Wir bieten Ihnen eine Packung mit 50 T\u00fcten f\u00fcr Ihre Pommes Frites, Churros, etc. an.\" \/>\n<meta property=\"og:url\" content=\"https:\/\/www.csj-emballages.com\/de\/produit\/50-papptueten-mit-saucenplatz-205-x-265-mm\/\" \/>\n<meta property=\"og:site_name\" content=\"CSJ Emballages\" \/>\n<meta property=\"article:publisher\" content=\"https:\/\/www.facebook.com\/csjemballages\" \/>\n<meta property=\"article:modified_time\" content=\"2026-05-05T00:13:42+00:00\" \/>\n<meta property=\"og:image\" content=\"https:\/\/www.csj-emballages.com\/wp-content\/uploads\/2024\/06\/CORN2.webp\" \/>\n\t<meta property=\"og:image:width\" content=\"800\" \/>\n\t<meta property=\"og:image:height\" content=\"800\" \/>\n\t<meta property=\"og:image:type\" content=\"image\/webp\" \/>\n<meta name=\"twitter:card\" content=\"summary_large_image\" \/>\n<meta name=\"twitter:label1\" content=\"Gesch\u00e4tzte Lesezeit\" \/>\n\t<meta name=\"twitter:data1\" content=\"2 Minuten\" \/>\n<script type=\"application\/ld+json\" class=\"yoast-schema-graph\">{\"@context\":\"https:\/\/schema.org\",\"@graph\":[{\"@type\":\"WebPage\",\"@id\":\"https:\/\/www.csj-emballages.com\/de\/produit\/50-papptueten-mit-saucenplatz-205-x-265-mm\/\",\"url\":\"https:\/\/www.csj-emballages.com\/de\/produit\/50-papptueten-mit-saucenplatz-205-x-265-mm\/\",\"name\":\"Cornet Frite Karton mit So\u00dfenplatz 205 x 265 mm\",\"isPartOf\":{\"@id\":\"https:\/\/www.csj-emballages.com\/de\/#website\"},\"primaryImageOfPage\":{\"@id\":\"https:\/\/www.csj-emballages.com\/de\/produit\/50-papptueten-mit-saucenplatz-205-x-265-mm\/#primaryimage\"},\"image\":{\"@id\":\"https:\/\/www.csj-emballages.com\/de\/produit\/50-papptueten-mit-saucenplatz-205-x-265-mm\/#primaryimage\"},\"thumbnailUrl\":\"https:\/\/www.csj-emballages.com\/wp-content\/uploads\/2024\/06\/CORN2.webp\",\"datePublished\":\"2024-06-20T13:25:43+00:00\",\"dateModified\":\"2026-05-05T00:13:42+00:00\",\"description\":\"Frittiertes Papph\u00f6rnchen mit So\u00dfenplatz! Abmessungen: 205 x 265 mm! Wir bieten Ihnen eine Packung mit 50 T\u00fcten f\u00fcr Ihre Pommes Frites, Churros, etc. an.\",\"breadcrumb\":{\"@id\":\"https:\/\/www.csj-emballages.com\/de\/produit\/50-papptueten-mit-saucenplatz-205-x-265-mm\/#breadcrumb\"},\"inLanguage\":\"de\",\"potentialAction\":[{\"@type\":\"ReadAction\",\"target\":[\"https:\/\/www.csj-emballages.com\/de\/produit\/50-papptueten-mit-saucenplatz-205-x-265-mm\/\"]}]},{\"@type\":\"ImageObject\",\"inLanguage\":\"de\",\"@id\":\"https:\/\/www.csj-emballages.com\/de\/produit\/50-papptueten-mit-saucenplatz-205-x-265-mm\/#primaryimage\",\"url\":\"https:\/\/www.csj-emballages.com\/wp-content\/uploads\/2024\/06\/CORN2.webp\",\"contentUrl\":\"https:\/\/www.csj-emballages.com\/wp-content\/uploads\/2024\/06\/CORN2.webp\",\"width\":800,\"height\":800,\"caption\":\"Cornet frite\"},{\"@type\":\"BreadcrumbList\",\"@id\":\"https:\/\/www.csj-emballages.com\/de\/produit\/50-papptueten-mit-saucenplatz-205-x-265-mm\/#breadcrumb\",\"itemListElement\":[{\"@type\":\"ListItem\",\"position\":1,\"name\":\"Accueil\",\"item\":\"https:\/\/www.csj-emballages.com\/de\/universum-lebensmittelverpackungen\/\"},{\"@type\":\"ListItem\",\"position\":2,\"name\":\"Shop\",\"item\":\"https:\/\/www.csj-emballages.com\/shop\/\"},{\"@type\":\"ListItem\",\"position\":3,\"name\":\"Frittierte T\u00fcte aus Karton mit Sauce 205 x 265 mm pro 50 St\u00fcck\"}]},{\"@type\":\"WebSite\",\"@id\":\"https:\/\/www.csj-emballages.com\/de\/#website\",\"url\":\"https:\/\/www.csj-emballages.com\/de\/\",\"name\":\"CSJ Emballages\",\"description\":\"\",\"publisher\":{\"@id\":\"https:\/\/www.csj-emballages.com\/de\/#organization\"},\"potentialAction\":[{\"@type\":\"SearchAction\",\"target\":{\"@type\":\"EntryPoint\",\"urlTemplate\":\"https:\/\/www.csj-emballages.com\/de\/?s={search_term_string}\"},\"query-input\":{\"@type\":\"PropertyValueSpecification\",\"valueRequired\":true,\"valueName\":\"search_term_string\"}}],\"inLanguage\":\"de\"},{\"@type\":\"Organization\",\"@id\":\"https:\/\/www.csj-emballages.com\/de\/#Organization\/\",\"name\":\"CSJ Emballages\",\"url\":\"https:\/\/www.csj-emballages.com\/de\/\",\"logo\":{\"@type\":\"ImageObject\",\"inLanguage\":\"de\",\"@id\":\"https:\/\/www.csj-emballages.com\/de\/#\/schema\/logo\/image\/\",\"url\":\"https:\/\/www.csj-emballages.com\/wp-content\/uploads\/2023\/10\/logo_csj.webp\",\"contentUrl\":\"https:\/\/www.csj-emballages.com\/wp-content\/uploads\/2023\/10\/logo_csj.webp\",\"width\":250,\"height\":95,\"caption\":\"CSJ Emballages\"},\"image\":{\"@id\":\"https:\/\/www.csj-emballages.com\/de\/#\/schema\/logo\/image\/\"},\"sameAs\":[\"https:\/\/www.facebook.com\/csjemballages\"],\"address\":{\"@type\":\"PostalAddress\",\"streetAddress\":\"ZI La Lechere\",\"addressLocality\":\"Patornay\",\"postalCode\":\"39130\",\"addressCountry\":\"FR\"},\"contactPoint\":[{\"@type\":\"ContactPoint\",\"contactType\":\"Service client\",\"telephone\":\"0384254272\",\"email\":\"contact@csj-emballages.com\"}]}]}<\/script>\n<!-- \/ Yoast SEO Premium plugin. -->","yoast_head_json":{"title":"Cornet Frite Karton mit So\u00dfenplatz 205 x 265 mm","description":"Frittiertes Papph\u00f6rnchen mit So\u00dfenplatz! Abmessungen: 205 x 265 mm! Wir bieten Ihnen eine Packung mit 50 T\u00fcten f\u00fcr Ihre Pommes Frites, Churros, etc. an.","robots":{"index":"index","follow":"follow","max-snippet":"max-snippet:-1","max-image-preview":"max-image-preview:large","max-video-preview":"max-video-preview:-1"},"canonical":"https:\/\/www.csj-emballages.com\/de\/produit\/50-papptueten-mit-saucenplatz-205-x-265-mm\/","og_locale":"de_DE","og_type":"article","og_title":"Frittierte T\u00fcte aus Karton mit Sauce 205 x 265 mm pro 50 St\u00fcck","og_description":"Frittiertes Papph\u00f6rnchen mit So\u00dfenplatz! Abmessungen: 205 x 265 mm! Wir bieten Ihnen eine Packung mit 50 T\u00fcten f\u00fcr Ihre Pommes Frites, Churros, etc. an.","og_url":"https:\/\/www.csj-emballages.com\/de\/produit\/50-papptueten-mit-saucenplatz-205-x-265-mm\/","og_site_name":"CSJ Emballages","article_publisher":"https:\/\/www.facebook.com\/csjemballages","article_modified_time":"2026-05-05T00:13:42+00:00","og_image":[{"width":800,"height":800,"url":"https:\/\/www.csj-emballages.com\/wp-content\/uploads\/2024\/06\/CORN2.webp","type":"image\/webp"}],"twitter_card":"summary_large_image","twitter_misc":{"Gesch\u00e4tzte Lesezeit":"2 Minuten"},"schema":{"@context":"https:\/\/schema.org","@graph":[{"@type":"WebPage","@id":"https:\/\/www.csj-emballages.com\/de\/produit\/50-papptueten-mit-saucenplatz-205-x-265-mm\/","url":"https:\/\/www.csj-emballages.com\/de\/produit\/50-papptueten-mit-saucenplatz-205-x-265-mm\/","name":"Cornet Frite Karton mit So\u00dfenplatz 205 x 265 mm","isPartOf":{"@id":"https:\/\/www.csj-emballages.com\/de\/#website"},"primaryImageOfPage":{"@id":"https:\/\/www.csj-emballages.com\/de\/produit\/50-papptueten-mit-saucenplatz-205-x-265-mm\/#primaryimage"},"image":{"@id":"https:\/\/www.csj-emballages.com\/de\/produit\/50-papptueten-mit-saucenplatz-205-x-265-mm\/#primaryimage"},"thumbnailUrl":"https:\/\/www.csj-emballages.com\/wp-content\/uploads\/2024\/06\/CORN2.webp","datePublished":"2024-06-20T13:25:43+00:00","dateModified":"2026-05-05T00:13:42+00:00","description":"Frittiertes Papph\u00f6rnchen mit So\u00dfenplatz! Abmessungen: 205 x 265 mm! Wir bieten Ihnen eine Packung mit 50 T\u00fcten f\u00fcr Ihre Pommes Frites, Churros, etc. an.","breadcrumb":{"@id":"https:\/\/www.csj-emballages.com\/de\/produit\/50-papptueten-mit-saucenplatz-205-x-265-mm\/#breadcrumb"},"inLanguage":"de","potentialAction":[{"@type":"ReadAction","target":["https:\/\/www.csj-emballages.com\/de\/produit\/50-papptueten-mit-saucenplatz-205-x-265-mm\/"]}]},{"@type":"ImageObject","inLanguage":"de","@id":"https:\/\/www.csj-emballages.com\/de\/produit\/50-papptueten-mit-saucenplatz-205-x-265-mm\/#primaryimage","url":"https:\/\/www.csj-emballages.com\/wp-content\/uploads\/2024\/06\/CORN2.webp","contentUrl":"https:\/\/www.csj-emballages.com\/wp-content\/uploads\/2024\/06\/CORN2.webp","width":800,"height":800,"caption":"Cornet frite"},{"@type":"BreadcrumbList","@id":"https:\/\/www.csj-emballages.com\/de\/produit\/50-papptueten-mit-saucenplatz-205-x-265-mm\/#breadcrumb","itemListElement":[{"@type":"ListItem","position":1,"name":"Accueil","item":"https:\/\/www.csj-emballages.com\/de\/universum-lebensmittelverpackungen\/"},{"@type":"ListItem","position":2,"name":"Shop","item":"https:\/\/www.csj-emballages.com\/shop\/"},{"@type":"ListItem","position":3,"name":"Frittierte T\u00fcte aus Karton mit Sauce 205 x 265 mm pro 50 St\u00fcck"}]},{"@type":"WebSite","@id":"https:\/\/www.csj-emballages.com\/de\/#website","url":"https:\/\/www.csj-emballages.com\/de\/","name":"CSJ Emballages","description":"","publisher":{"@id":"https:\/\/www.csj-emballages.com\/de\/#organization"},"potentialAction":[{"@type":"SearchAction","target":{"@type":"EntryPoint","urlTemplate":"https:\/\/www.csj-emballages.com\/de\/?s={search_term_string}"},"query-input":{"@type":"PropertyValueSpecification","valueRequired":true,"valueName":"search_term_string"}}],"inLanguage":"de"},{"@type":"Organization","@id":"https:\/\/www.csj-emballages.com\/de\/#Organization\/","name":"CSJ Emballages","url":"https:\/\/www.csj-emballages.com\/de\/","logo":{"@type":"ImageObject","inLanguage":"de","@id":"https:\/\/www.csj-emballages.com\/de\/#\/schema\/logo\/image\/","url":"https:\/\/www.csj-emballages.com\/wp-content\/uploads\/2023\/10\/logo_csj.webp","contentUrl":"https:\/\/www.csj-emballages.com\/wp-content\/uploads\/2023\/10\/logo_csj.webp","width":250,"height":95,"caption":"CSJ Emballages"},"image":{"@id":"https:\/\/www.csj-emballages.com\/de\/#\/schema\/logo\/image\/"},"sameAs":["https:\/\/www.facebook.com\/csjemballages"],"address":{"@type":"PostalAddress","streetAddress":"ZI La Lechere","addressLocality":"Patornay","postalCode":"39130","addressCountry":"FR"},"contactPoint":[{"@type":"ContactPoint","contactType":"Service client","telephone":"0384254272","email":"contact@csj-emballages.com"}]}]}},"df_price":4.85,"df_sale_price":"","df_regular_price":4.85,"df_image_link":"https:\/\/www.csj-emballages.com\/wp-content\/uploads\/2024\/06\/CORN2-300x300.webp","tiered_pricing_type":"fixed","tiered_pricing_fixed_rules":[],"tiered_pricing_percentage_rules":[],"tiered_pricing_minimum":1,"tiered_pricing_roles_data":[],"_links":{"self":[{"href":"https:\/\/www.csj-emballages.com\/de\/wp-json\/wp\/v2\/product\/29287","targetHints":{"allow":["GET"]}}],"collection":[{"href":"https:\/\/www.csj-emballages.com\/de\/wp-json\/wp\/v2\/product"}],"about":[{"href":"https:\/\/www.csj-emballages.com\/de\/wp-json\/wp\/v2\/types\/product"}],"wp:featuredmedia":[{"embeddable":true,"href":"https:\/\/www.csj-emballages.com\/de\/wp-json\/wp\/v2\/media\/256653"}],"wp:attachment":[{"href":"https:\/\/www.csj-emballages.com\/de\/wp-json\/wp\/v2\/media?parent=29287"}],"wp:term":[{"taxonomy":"product_brand","embeddable":true,"href":"https:\/\/www.csj-emballages.com\/de\/wp-json\/wp\/v2\/product_brand?post=29287"},{"taxonomy":"product_cat","embeddable":true,"href":"https:\/\/www.csj-emballages.com\/de\/wp-json\/wp\/v2\/product_cat?post=29287"},{"taxonomy":"product_tag","embeddable":true,"href":"https:\/\/www.csj-emballages.com\/de\/wp-json\/wp\/v2\/product_tag?post=29287"}],"curies":[{"name":"wp","href":"https:\/\/api.w.org\/{rel}","templated":true}]}}