{"id":29281,"date":"2024-06-20T15:19:08","date_gmt":"2024-06-20T13:19:08","guid":{"rendered":"https:\/\/www.csj-emballages.com\/?post_type=product&#038;p=29281"},"modified":"2026-03-12T16:09:48","modified_gmt":"2026-03-12T15:09:48","slug":"100-ruhrstabchen-holz-18-cm","status":"publish","type":"product","link":"https:\/\/www.csj-emballages.com\/de\/produit\/100-ruhrstabchen-holz-18-cm\/","title":{"rendered":"Sch\u00fcttler Holz 16 cm pro 100"},"content":{"rendered":"<h2 class=\"p1\">R\u00fchrer Holz<\/h2>\n<hr>\n<h3>Beschreibung von unserem R\u00fchrst\u00e4bchen Holz 16 cm pro 100<\/h3>\n<p><!--more--><\/p>\n<p data-start=\"231\" data-end=\"592\">Hier ist das einfache, aber unverzichtbare Accessoire, das bei einer Kaffeepause den Unterschied ausmacht: der<strong data-start=\"331\" data-end=\"358\">16 cm lange Holzr\u00fchrer<\/strong>. Mit seiner <g id=\"gid_1\">schlanken Form<\/g> und dem kleinen <g id=\"gid_2\">runden Paddel<\/g> erm\u00f6glicht er es, ein Hei\u00dfgetr\u00e4nk mit wenigen Handgriffen zu mischen, ohne dass es zu Spritzern oder unerw\u00fcnschtem Geschmack kommt. Man benutzt ihn, man vergisst ihn, aber er tr\u00e4gt eindeutig zu einem angenehmeren Erlebnis bei.  <\/p>\n<p data-start=\"594\" data-end=\"970\">Seine <strong>L\u00e4nge von 16 cm<\/strong> ist ideal f\u00fcr mittlere und gro\u00dfe Becher: Er erreicht leicht den Boden, so dass man nicht hektisch drehen muss, um den Zucker zu schmelzen. Das verwendete <strong>Holz<\/strong> ist <strong>glatt<\/strong>, splitterfrei, liegt angenehm in der Hand und ist vor allem v\u00f6llig geschmacksneutral. Ob f\u00fcr einen starken Kaffee, einen Cappuccino oder ein Schokoladengetr\u00e4nk, er erf\u00fcllt seine Aufgabe ohne Fehl und Tadel.  <\/p>\n<p data-start=\"972\" data-end=\"1284\">Da er vollst\u00e4ndig aus <strong>Holz<\/strong> besteht, bietet er eine nat\u00fcrliche Alternative zu Plastikr\u00fchrern. Sie gewinnen an Einfachheit und verleihen Ihrem Kaffeeservice gleichzeitig ein verantwortungsvolleres Image. Es ist ein kleines Detail, aber Ihre Kunden werden es bemerken, besonders in B\u00fcros, Caf\u00e9s, Food Trucks oder Veranstaltungsr\u00e4umen.  <\/p>\n<p data-start=\"1286\" data-end=\"1581\">Die <strong data-start=\"1296\" data-end=\"1310\">100-St\u00fcck-Packung<\/strong> erm\u00f6glicht es Ihnen, Ihren Vorrat ohne Kopfschmerzen zu verwalten. Sie sind immer griffbereit, um jeden Becher zu begleiten, den Sie servieren. Sie m\u00fcssen nicht gez\u00e4hlt, sortiert oder abgewischt werden, sondern sind sauber, hygienisch und k\u00f6nnen nach Gebrauch weggeworfen werden.  <\/p>\n<p data-start=\"1583\" data-end=\"1716\">Kurz gesagt: Es ist das unauff\u00e4llige, aber wesentliche Werkzeug, das Ihren Getr\u00e4nkeservice deutlich verbessert &#8211; m\u00fchelos und mit einem nat\u00fcrlichen Touch.<\/p>\n<p data-start=\"100\" data-end=\"556\"><!--more--><\/p>\n<h4 data-start=\"100\" data-end=\"556\">Vorteile :<\/h4>\n<ul>\n<li data-start=\"1744\" data-end=\"1796\"><strong>Glattes<\/strong><strong>Holz<\/strong>, geschmacksneutral und angenehm zu verwenden.<\/li>\n<li data-start=\"1799\" data-end=\"1867\"><strong>L\u00e4nge 16 cm<\/strong> perfekt f\u00fcr mittelgro\u00dfe und gro\u00dfe Becher.<\/li>\n<li data-start=\"1870\" data-end=\"1908\">Umweltfreundliche Alternative zu Plastik.<\/li>\n<li data-start=\"1911\" data-end=\"1940\">Praktische Packung mit <strong>100 St\u00fcck<\/strong>.<\/li>\n<li data-start=\"1943\" data-end=\"1996\">Ideal f\u00fcr Caf\u00e9s, B\u00fcros, Food Trucks und Veranstaltungen.<\/li>\n<\/ul>\n<p>&nbsp;<\/p>\n<p><!--more--><\/p>\n<h4 data-start=\"558\" data-end=\"575\">Weitere Informationen :<\/h4>\n<ul>\n<li><strong>Verpackung<\/strong>: Packung mit 100 St\u00fcck<\/li>\n<li><strong>L\u00e4nge<\/strong>: 16 cm<\/li>\n<li><strong>Durchmesser des runden Kopfes<\/strong>: 2,8 cm<\/li>\n<li><strong>Material<\/strong>: Holz<\/li>\n<li><strong>Farbe<\/strong>: Natural<\/li>\n<\/ul>\n<p>&nbsp;<\/p>\n<p><!--more--><\/p>\n<p>Finden Sie auch unsere Holzfliesen 100 mm pro 1000 St\u00fcck: <span style=\"color: #d12727;\"><a style=\"color: #d12727;\" href=\"https:\/\/www.csj-emballages.com\/es\/produit\/1000-espatulas-de-madera-100-mm\/\"><span style=\"color: #d12727;\">SPAT<\/span><\/a><\/span><\/p>\n<p>&nbsp;<\/p>\n<p><!--more--><\/p>\n<p><a href=\"https:\/\/www.csj-emballages.com\/de\/categorie-produit\/lebensmittelverpackungen\/restauration-de\/becher-glaser-eimer-flaschen\/zubehor-de\/\">Sehen Sie sich den Rest unseres Sortiments an Becherzubeh\u00f6r an<\/a><\/p>\n","protected":false},"excerpt":{"rendered":"<p>R\u00fchrer Holz Beschreibung von unserem R\u00fchrst\u00e4bchen Holz 16 cm pro 100<\/p>\n","protected":false},"featured_media":236204,"template":"","meta":{"_acf_changed":false},"product_brand":[],"product_cat":[1137,1134,1469,3542],"product_tag":[],"class_list":{"0":"post-29281","1":"product","2":"type-product","3":"status-publish","4":"has-post-thumbnail","6":"product_cat-lebensmittelverpackungen","7":"product_cat-restauration-de","8":"product_cat-becher-glaser-eimer-flaschen","9":"product_cat-zubehor-de","11":"first","12":"instock","13":"taxable","14":"shipping-taxable","15":"purchasable","16":"product-type-simple"},"acf":[],"yoast_head":"<!-- This site is optimized with the Yoast SEO Premium plugin v26.6 (Yoast SEO v26.6) - https:\/\/yoast.com\/wordpress\/plugins\/seo\/ -->\n<title>Sch\u00fcttler Holz 16 cm pro 100<\/title>\n<meta name=\"description\" content=\"R\u00fchrst\u00e4bchen aus Holz 16 cm, nat\u00fcrlich und praktisch, verkauft in 100 St\u00fcck. Perfekt zum Mixen von Kaffee und anderen Hei\u00dfgetr\u00e4nken. Umweltfreundliche Alternative und angenehm zu verwenden.\" \/>\n<meta name=\"robots\" content=\"index, follow, max-snippet:-1, max-image-preview:large, max-video-preview:-1\" \/>\n<link rel=\"canonical\" href=\"https:\/\/www.csj-emballages.com\/de\/produit\/100-ruhrstabchen-holz-18-cm\/\" \/>\n<meta property=\"og:locale\" content=\"de_DE\" \/>\n<meta property=\"og:type\" content=\"article\" \/>\n<meta property=\"og:title\" content=\"Sch\u00fcttler Holz 16 cm pro 100\" \/>\n<meta property=\"og:description\" content=\"R\u00fchrst\u00e4bchen aus Holz 16 cm, nat\u00fcrlich und praktisch, verkauft in 100 St\u00fcck. Perfekt zum Mixen von Kaffee und anderen Hei\u00dfgetr\u00e4nken. Umweltfreundliche Alternative und angenehm zu verwenden.\" \/>\n<meta property=\"og:url\" content=\"https:\/\/www.csj-emballages.com\/de\/produit\/100-ruhrstabchen-holz-18-cm\/\" \/>\n<meta property=\"og:site_name\" content=\"CSJ Emballages\" \/>\n<meta property=\"article:publisher\" content=\"https:\/\/www.facebook.com\/csjemballages\" \/>\n<meta property=\"article:modified_time\" content=\"2026-03-12T15:09:48+00:00\" \/>\n<meta property=\"og:image\" content=\"https:\/\/www.csj-emballages.com\/wp-content\/uploads\/2024\/06\/AGITBOIS.webp\" \/>\n\t<meta property=\"og:image:width\" content=\"800\" \/>\n\t<meta property=\"og:image:height\" content=\"800\" \/>\n\t<meta property=\"og:image:type\" content=\"image\/png\" \/>\n<meta name=\"twitter:card\" content=\"summary_large_image\" \/>\n<meta name=\"twitter:label1\" content=\"Gesch\u00e4tzte Lesezeit\" \/>\n\t<meta name=\"twitter:data1\" content=\"2 Minuten\" \/>\n<script type=\"application\/ld+json\" class=\"yoast-schema-graph\">{\"@context\":\"https:\/\/schema.org\",\"@graph\":[{\"@type\":\"WebPage\",\"@id\":\"https:\/\/www.csj-emballages.com\/de\/produit\/100-ruhrstabchen-holz-18-cm\/\",\"url\":\"https:\/\/www.csj-emballages.com\/de\/produit\/100-ruhrstabchen-holz-18-cm\/\",\"name\":\"Sch\u00fcttler Holz 16 cm pro 100\",\"isPartOf\":{\"@id\":\"https:\/\/www.csj-emballages.com\/de\/#website\"},\"primaryImageOfPage\":{\"@id\":\"https:\/\/www.csj-emballages.com\/de\/produit\/100-ruhrstabchen-holz-18-cm\/#primaryimage\"},\"image\":{\"@id\":\"https:\/\/www.csj-emballages.com\/de\/produit\/100-ruhrstabchen-holz-18-cm\/#primaryimage\"},\"thumbnailUrl\":\"https:\/\/www.csj-emballages.com\/wp-content\/uploads\/2024\/06\/AGITBOIS.webp\",\"datePublished\":\"2024-06-20T13:19:08+00:00\",\"dateModified\":\"2026-03-12T15:09:48+00:00\",\"description\":\"R\u00fchrst\u00e4bchen aus Holz 16 cm, nat\u00fcrlich und praktisch, verkauft in 100 St\u00fcck. Perfekt zum Mixen von Kaffee und anderen Hei\u00dfgetr\u00e4nken. Umweltfreundliche Alternative und angenehm zu verwenden.\",\"breadcrumb\":{\"@id\":\"https:\/\/www.csj-emballages.com\/de\/produit\/100-ruhrstabchen-holz-18-cm\/#breadcrumb\"},\"inLanguage\":\"de\",\"potentialAction\":[{\"@type\":\"ReadAction\",\"target\":[\"https:\/\/www.csj-emballages.com\/de\/produit\/100-ruhrstabchen-holz-18-cm\/\"]}]},{\"@type\":\"ImageObject\",\"inLanguage\":\"de\",\"@id\":\"https:\/\/www.csj-emballages.com\/de\/produit\/100-ruhrstabchen-holz-18-cm\/#primaryimage\",\"url\":\"https:\/\/www.csj-emballages.com\/wp-content\/uploads\/2024\/06\/AGITBOIS.webp\",\"contentUrl\":\"https:\/\/www.csj-emballages.com\/wp-content\/uploads\/2024\/06\/AGITBOIS.webp\",\"width\":800,\"height\":800,\"caption\":\"Agitateur bois\"},{\"@type\":\"BreadcrumbList\",\"@id\":\"https:\/\/www.csj-emballages.com\/de\/produit\/100-ruhrstabchen-holz-18-cm\/#breadcrumb\",\"itemListElement\":[{\"@type\":\"ListItem\",\"position\":1,\"name\":\"Accueil\",\"item\":\"https:\/\/www.csj-emballages.com\/de\/universum-lebensmittelverpackungen\/\"},{\"@type\":\"ListItem\",\"position\":2,\"name\":\"Shop\",\"item\":\"https:\/\/www.csj-emballages.com\/shop\/\"},{\"@type\":\"ListItem\",\"position\":3,\"name\":\"Sch\u00fcttler Holz 16 cm pro 100\"}]},{\"@type\":\"WebSite\",\"@id\":\"https:\/\/www.csj-emballages.com\/de\/#website\",\"url\":\"https:\/\/www.csj-emballages.com\/de\/\",\"name\":\"CSJ Emballages\",\"description\":\"\",\"publisher\":{\"@id\":\"https:\/\/www.csj-emballages.com\/de\/#organization\"},\"potentialAction\":[{\"@type\":\"SearchAction\",\"target\":{\"@type\":\"EntryPoint\",\"urlTemplate\":\"https:\/\/www.csj-emballages.com\/de\/?s={search_term_string}\"},\"query-input\":{\"@type\":\"PropertyValueSpecification\",\"valueRequired\":true,\"valueName\":\"search_term_string\"}}],\"inLanguage\":\"de\"},{\"@type\":\"Organization\",\"@id\":\"https:\/\/www.csj-emballages.com\/de\/#Organization\/\",\"name\":\"CSJ Emballages\",\"url\":\"https:\/\/www.csj-emballages.com\/de\/\",\"logo\":{\"@type\":\"ImageObject\",\"inLanguage\":\"de\",\"@id\":\"https:\/\/www.csj-emballages.com\/de\/#\/schema\/logo\/image\/\",\"url\":\"https:\/\/www.csj-emballages.com\/wp-content\/uploads\/2023\/10\/logo_csj.webp\",\"contentUrl\":\"https:\/\/www.csj-emballages.com\/wp-content\/uploads\/2023\/10\/logo_csj.webp\",\"width\":250,\"height\":95,\"caption\":\"CSJ Emballages\"},\"image\":{\"@id\":\"https:\/\/www.csj-emballages.com\/de\/#\/schema\/logo\/image\/\"},\"sameAs\":[\"https:\/\/www.facebook.com\/csjemballages\"],\"address\":{\"@type\":\"PostalAddress\",\"streetAddress\":\"ZI La Lechere\",\"addressLocality\":\"Patornay\",\"postalCode\":\"39130\",\"addressCountry\":\"FR\"},\"contactPoint\":[{\"@type\":\"ContactPoint\",\"contactType\":\"Service client\",\"telephone\":\"0384254272\",\"email\":\"contact@csj-emballages.com\"}]}]}<\/script>\n<!-- \/ Yoast SEO Premium plugin. -->","yoast_head_json":{"title":"Sch\u00fcttler Holz 16 cm pro 100","description":"R\u00fchrst\u00e4bchen aus Holz 16 cm, nat\u00fcrlich und praktisch, verkauft in 100 St\u00fcck. Perfekt zum Mixen von Kaffee und anderen Hei\u00dfgetr\u00e4nken. Umweltfreundliche Alternative und angenehm zu verwenden.","robots":{"index":"index","follow":"follow","max-snippet":"max-snippet:-1","max-image-preview":"max-image-preview:large","max-video-preview":"max-video-preview:-1"},"canonical":"https:\/\/www.csj-emballages.com\/de\/produit\/100-ruhrstabchen-holz-18-cm\/","og_locale":"de_DE","og_type":"article","og_title":"Sch\u00fcttler Holz 16 cm pro 100","og_description":"R\u00fchrst\u00e4bchen aus Holz 16 cm, nat\u00fcrlich und praktisch, verkauft in 100 St\u00fcck. Perfekt zum Mixen von Kaffee und anderen Hei\u00dfgetr\u00e4nken. Umweltfreundliche Alternative und angenehm zu verwenden.","og_url":"https:\/\/www.csj-emballages.com\/de\/produit\/100-ruhrstabchen-holz-18-cm\/","og_site_name":"CSJ Emballages","article_publisher":"https:\/\/www.facebook.com\/csjemballages","article_modified_time":"2026-03-12T15:09:48+00:00","og_image":[{"width":800,"height":800,"url":"https:\/\/www.csj-emballages.com\/wp-content\/uploads\/2024\/06\/AGITBOIS.webp","type":"image\/png"}],"twitter_card":"summary_large_image","twitter_misc":{"Gesch\u00e4tzte Lesezeit":"2 Minuten"},"schema":{"@context":"https:\/\/schema.org","@graph":[{"@type":"WebPage","@id":"https:\/\/www.csj-emballages.com\/de\/produit\/100-ruhrstabchen-holz-18-cm\/","url":"https:\/\/www.csj-emballages.com\/de\/produit\/100-ruhrstabchen-holz-18-cm\/","name":"Sch\u00fcttler Holz 16 cm pro 100","isPartOf":{"@id":"https:\/\/www.csj-emballages.com\/de\/#website"},"primaryImageOfPage":{"@id":"https:\/\/www.csj-emballages.com\/de\/produit\/100-ruhrstabchen-holz-18-cm\/#primaryimage"},"image":{"@id":"https:\/\/www.csj-emballages.com\/de\/produit\/100-ruhrstabchen-holz-18-cm\/#primaryimage"},"thumbnailUrl":"https:\/\/www.csj-emballages.com\/wp-content\/uploads\/2024\/06\/AGITBOIS.webp","datePublished":"2024-06-20T13:19:08+00:00","dateModified":"2026-03-12T15:09:48+00:00","description":"R\u00fchrst\u00e4bchen aus Holz 16 cm, nat\u00fcrlich und praktisch, verkauft in 100 St\u00fcck. Perfekt zum Mixen von Kaffee und anderen Hei\u00dfgetr\u00e4nken. Umweltfreundliche Alternative und angenehm zu verwenden.","breadcrumb":{"@id":"https:\/\/www.csj-emballages.com\/de\/produit\/100-ruhrstabchen-holz-18-cm\/#breadcrumb"},"inLanguage":"de","potentialAction":[{"@type":"ReadAction","target":["https:\/\/www.csj-emballages.com\/de\/produit\/100-ruhrstabchen-holz-18-cm\/"]}]},{"@type":"ImageObject","inLanguage":"de","@id":"https:\/\/www.csj-emballages.com\/de\/produit\/100-ruhrstabchen-holz-18-cm\/#primaryimage","url":"https:\/\/www.csj-emballages.com\/wp-content\/uploads\/2024\/06\/AGITBOIS.webp","contentUrl":"https:\/\/www.csj-emballages.com\/wp-content\/uploads\/2024\/06\/AGITBOIS.webp","width":800,"height":800,"caption":"Agitateur bois"},{"@type":"BreadcrumbList","@id":"https:\/\/www.csj-emballages.com\/de\/produit\/100-ruhrstabchen-holz-18-cm\/#breadcrumb","itemListElement":[{"@type":"ListItem","position":1,"name":"Accueil","item":"https:\/\/www.csj-emballages.com\/de\/universum-lebensmittelverpackungen\/"},{"@type":"ListItem","position":2,"name":"Shop","item":"https:\/\/www.csj-emballages.com\/shop\/"},{"@type":"ListItem","position":3,"name":"Sch\u00fcttler Holz 16 cm pro 100"}]},{"@type":"WebSite","@id":"https:\/\/www.csj-emballages.com\/de\/#website","url":"https:\/\/www.csj-emballages.com\/de\/","name":"CSJ Emballages","description":"","publisher":{"@id":"https:\/\/www.csj-emballages.com\/de\/#organization"},"potentialAction":[{"@type":"SearchAction","target":{"@type":"EntryPoint","urlTemplate":"https:\/\/www.csj-emballages.com\/de\/?s={search_term_string}"},"query-input":{"@type":"PropertyValueSpecification","valueRequired":true,"valueName":"search_term_string"}}],"inLanguage":"de"},{"@type":"Organization","@id":"https:\/\/www.csj-emballages.com\/de\/#Organization\/","name":"CSJ Emballages","url":"https:\/\/www.csj-emballages.com\/de\/","logo":{"@type":"ImageObject","inLanguage":"de","@id":"https:\/\/www.csj-emballages.com\/de\/#\/schema\/logo\/image\/","url":"https:\/\/www.csj-emballages.com\/wp-content\/uploads\/2023\/10\/logo_csj.webp","contentUrl":"https:\/\/www.csj-emballages.com\/wp-content\/uploads\/2023\/10\/logo_csj.webp","width":250,"height":95,"caption":"CSJ Emballages"},"image":{"@id":"https:\/\/www.csj-emballages.com\/de\/#\/schema\/logo\/image\/"},"sameAs":["https:\/\/www.facebook.com\/csjemballages"],"address":{"@type":"PostalAddress","streetAddress":"ZI La Lechere","addressLocality":"Patornay","postalCode":"39130","addressCountry":"FR"},"contactPoint":[{"@type":"ContactPoint","contactType":"Service client","telephone":"0384254272","email":"contact@csj-emballages.com"}]}]}},"df_price":4.32,"df_sale_price":"","df_regular_price":4.32,"df_image_link":"https:\/\/www.csj-emballages.com\/wp-content\/uploads\/2024\/06\/AGITBOIS-300x300.webp","tiered_pricing_type":"fixed","tiered_pricing_fixed_rules":[],"tiered_pricing_percentage_rules":[],"tiered_pricing_minimum":1,"tiered_pricing_roles_data":[],"_links":{"self":[{"href":"https:\/\/www.csj-emballages.com\/de\/wp-json\/wp\/v2\/product\/29281","targetHints":{"allow":["GET"]}}],"collection":[{"href":"https:\/\/www.csj-emballages.com\/de\/wp-json\/wp\/v2\/product"}],"about":[{"href":"https:\/\/www.csj-emballages.com\/de\/wp-json\/wp\/v2\/types\/product"}],"wp:featuredmedia":[{"embeddable":true,"href":"https:\/\/www.csj-emballages.com\/de\/wp-json\/wp\/v2\/media\/236204"}],"wp:attachment":[{"href":"https:\/\/www.csj-emballages.com\/de\/wp-json\/wp\/v2\/media?parent=29281"}],"wp:term":[{"taxonomy":"product_brand","embeddable":true,"href":"https:\/\/www.csj-emballages.com\/de\/wp-json\/wp\/v2\/product_brand?post=29281"},{"taxonomy":"product_cat","embeddable":true,"href":"https:\/\/www.csj-emballages.com\/de\/wp-json\/wp\/v2\/product_cat?post=29281"},{"taxonomy":"product_tag","embeddable":true,"href":"https:\/\/www.csj-emballages.com\/de\/wp-json\/wp\/v2\/product_tag?post=29281"}],"curies":[{"name":"wp","href":"https:\/\/api.w.org\/{rel}","templated":true}]}}