{"id":29264,"date":"2024-06-20T11:25:52","date_gmt":"2024-06-20T09:25:52","guid":{"rendered":"https:\/\/www.csj-emballages.com\/produit\/400-frischhaltedosen-mit-scharnierdeckel-aus-kunststoff-375-ml-2\/"},"modified":"2025-03-27T00:20:34","modified_gmt":"2025-03-26T23:20:34","slug":"400-frischhaltedosen-mit-scharnierdeckel-aus-kunststoff-375-ml-2","status":"publish","type":"product","link":"https:\/\/www.csj-emballages.com\/de\/produit\/400-frischhaltedosen-mit-scharnierdeckel-aus-kunststoff-375-ml-2\/","title":{"rendered":"400 Frischhaltedosen mit Scharnierdeckel aus Kunststoff 375 ml"},"content":{"rendered":"<h2>Plastikbox<\/h2>\n<hr>\n<h3>Beschreibung unserer Frischhaltedose aus Kunststoff mit Scharnierdeckel 375 ml pro 400 St\u00fcck<\/h3>\n<p><!--more--><\/p>\n<p data-start=\"111\" data-end=\"530\">Diese <strong>375 ml fassende Frischhaltedose aus Kunststoff<\/strong> mit <strong data-start=\"170\" data-end=\"193\">Scharnierdeckel<\/strong> ist ideal f\u00fcr die Lagerung und den Transport von Lebensmitteln. Sie <strong data-start=\"253\" data-end=\"281\">ist widerstandsf\u00e4hig und luftdicht<\/strong> und garantiert eine optimale Aufbewahrung von kalten Speisen. Sie wurde f\u00fcr Gastronomiebetriebe, Caterer und Privatpersonen entwickelt und bietet eine praktische und zuverl\u00e4ssige L\u00f6sung f\u00fcr die Verpackung von Mahlzeiten zum Mitnehmen. <\/p>\n<p data-start=\"108\" data-end=\"487\"><!--more--><\/p>\n<h4>Ihre Vorteile :<\/h4>\n<ul>\n<li data-start=\"552\" data-end=\"625\"><strong data-start=\"554\" data-end=\"585\">Integrierter Scharnierdeckel<\/strong>: sicherer Verschluss und wiederverwendbar.<\/li>\n<li data-start=\"713\" data-end=\"792\"><strong data-start=\"715\" data-end=\"735\">Robustes Material<\/strong>: sto\u00dffest und best\u00e4ndig gegen kalte Temperaturen.<\/li>\n<li data-start=\"793\" data-end=\"878\"><strong data-start=\"795\" data-end=\"818\">Optimale Abdichtung<\/strong>: verhindert das Auslaufen und h\u00e4lt Lebensmittel frisch.<\/li>\n<li data-start=\"879\" data-end=\"947\"><strong data-start=\"881\" data-end=\"908\">Kalte Verwendung<\/strong>: F\u00fcr kalte Speisen geeignet.<\/li>\n<\/ul>\n<p>&nbsp;<\/p>\n<p><!--more--><\/p>\n<h4>Weitere Informationen :<\/h4>\n<ul>\n<li><strong>Verpackung<\/strong>: Karton mit 400 St\u00fcck<\/li>\n<li><strong>Ma\u00dfe<\/strong>: 138 x 114 x 40 mm<\/li>\n<li><strong>Inhalt<\/strong>: 375 ml<\/li>\n<li><strong>Material<\/strong>: PET-Kunststoff<\/li>\n<li><b>Verwendungstemperatur <\/b>: -40\u00b0C \/ +60\u00b0C<\/li>\n<li><strong>Art des Deckels<\/strong>: Scharnier \/ eingezogen<\/li>\n<\/ul>\n<p>&nbsp;<\/p>\n<p><!--more--><\/p>\n<p><span style=\"color: #d12727;\"><a style=\"color: #d12727;\" href=\"https:\/\/www.csj-emballages.com\/pt-pt\/produit\/lata-de-frescura-com-tampa-de-plastico-articulada-2000-ml-por-200\/\">Hier finden Sie diese Packung in 2000 ml  <\/a><\/span><\/p>\n<p>&nbsp;<\/p>\n<p><!--more--><\/p>\n<p><a href=\"https:\/\/www.csj-emballages.com\/de\/categorie-produit\/lebensmittelverpackungen\/lagerbestande-promotion\/\">Sehen Sie sich den Rest unseres Angebots an.<\/a><\/p>\n","protected":false},"excerpt":{"rendered":"<p>Plastikbox Beschreibung unserer Frischhaltedose aus Kunststoff mit Scharnierdeckel 375 ml pro 400 St\u00fcck<\/p>\n","protected":false},"featured_media":227257,"template":"","meta":{"_acf_changed":false},"product_brand":[],"product_cat":[1137,1170,2277,1513,2846,1265],"product_tag":[],"class_list":{"0":"post-29264","1":"product","2":"type-product","3":"status-publish","4":"has-post-thumbnail","6":"product_cat-lebensmittelverpackungen","7":"product_cat-metzgerei-und-feinkostgeschaft","8":"product_cat-schalen-dosen-und-glaser","9":"product_cat-schalen-dosen-glaser-fur-lebensmittel","10":"product_cat-frische-schalen","11":"product_cat-lagerbestande-promotion","13":"first","14":"instock","15":"sale","16":"taxable","17":"shipping-taxable","18":"purchasable","19":"product-type-simple"},"acf":[],"yoast_head":"<!-- This site is optimized with the Yoast SEO Premium plugin v26.6 (Yoast SEO v26.6) - https:\/\/yoast.com\/wordpress\/plugins\/seo\/ -->\n<title>Frischhaltedose aus Plastik mit Scharnierdeckel 375 ml pro 400 St\u00fcck<\/title>\n<meta name=\"description\" content=\"Frischhaltedose aus Kunststoff375 ml mit Scharnierdeckel (Packung zu 400) Ideal f\u00fcr die sichere Aufbewahrung und den Transport von Speisen.\" \/>\n<meta name=\"robots\" content=\"index, follow, max-snippet:-1, max-image-preview:large, max-video-preview:-1\" \/>\n<link rel=\"canonical\" href=\"https:\/\/www.csj-emballages.com\/de\/produit\/400-frischhaltedosen-mit-scharnierdeckel-aus-kunststoff-375-ml-2\/\" \/>\n<meta property=\"og:locale\" content=\"de_DE\" \/>\n<meta property=\"og:type\" content=\"article\" \/>\n<meta property=\"og:title\" content=\"400 Frischhaltedosen mit Scharnierdeckel aus Kunststoff 375 ml\" \/>\n<meta property=\"og:description\" content=\"Frischhaltedose aus Kunststoff375 ml mit Scharnierdeckel (Packung zu 400) Ideal f\u00fcr die sichere Aufbewahrung und den Transport von Speisen.\" \/>\n<meta property=\"og:url\" content=\"https:\/\/www.csj-emballages.com\/de\/produit\/400-frischhaltedosen-mit-scharnierdeckel-aus-kunststoff-375-ml-2\/\" \/>\n<meta property=\"og:site_name\" content=\"CSJ Emballages\" \/>\n<meta property=\"article:publisher\" content=\"https:\/\/www.facebook.com\/csjemballages\" \/>\n<meta property=\"article:modified_time\" content=\"2025-03-26T23:20:34+00:00\" \/>\n<meta property=\"og:image\" content=\"https:\/\/www.csj-emballages.com\/wp-content\/uploads\/2025\/03\/boite-fraicheur.webp\" \/>\n\t<meta property=\"og:image:width\" content=\"800\" \/>\n\t<meta property=\"og:image:height\" content=\"800\" \/>\n\t<meta property=\"og:image:type\" content=\"image\/webp\" \/>\n<meta name=\"twitter:card\" content=\"summary_large_image\" \/>\n<meta name=\"twitter:label1\" content=\"Gesch\u00e4tzte Lesezeit\" \/>\n\t<meta name=\"twitter:data1\" content=\"1\u00a0Minute\" \/>\n<script type=\"application\/ld+json\" class=\"yoast-schema-graph\">{\"@context\":\"https:\/\/schema.org\",\"@graph\":[{\"@type\":\"WebPage\",\"@id\":\"https:\/\/www.csj-emballages.com\/de\/produit\/400-frischhaltedosen-mit-scharnierdeckel-aus-kunststoff-375-ml-2\/\",\"url\":\"https:\/\/www.csj-emballages.com\/de\/produit\/400-frischhaltedosen-mit-scharnierdeckel-aus-kunststoff-375-ml-2\/\",\"name\":\"Frischhaltedose aus Plastik mit Scharnierdeckel 375 ml pro 400 St\u00fcck\",\"isPartOf\":{\"@id\":\"https:\/\/www.csj-emballages.com\/de\/#website\"},\"primaryImageOfPage\":{\"@id\":\"https:\/\/www.csj-emballages.com\/de\/produit\/400-frischhaltedosen-mit-scharnierdeckel-aus-kunststoff-375-ml-2\/#primaryimage\"},\"image\":{\"@id\":\"https:\/\/www.csj-emballages.com\/de\/produit\/400-frischhaltedosen-mit-scharnierdeckel-aus-kunststoff-375-ml-2\/#primaryimage\"},\"thumbnailUrl\":\"https:\/\/www.csj-emballages.com\/wp-content\/uploads\/2025\/03\/boite-fraicheur.webp\",\"datePublished\":\"2024-06-20T09:25:52+00:00\",\"dateModified\":\"2025-03-26T23:20:34+00:00\",\"description\":\"Frischhaltedose aus Kunststoff375 ml mit Scharnierdeckel (Packung zu 400) Ideal f\u00fcr die sichere Aufbewahrung und den Transport von Speisen.\",\"breadcrumb\":{\"@id\":\"https:\/\/www.csj-emballages.com\/de\/produit\/400-frischhaltedosen-mit-scharnierdeckel-aus-kunststoff-375-ml-2\/#breadcrumb\"},\"inLanguage\":\"de\",\"potentialAction\":[{\"@type\":\"ReadAction\",\"target\":[\"https:\/\/www.csj-emballages.com\/de\/produit\/400-frischhaltedosen-mit-scharnierdeckel-aus-kunststoff-375-ml-2\/\"]}]},{\"@type\":\"ImageObject\",\"inLanguage\":\"de\",\"@id\":\"https:\/\/www.csj-emballages.com\/de\/produit\/400-frischhaltedosen-mit-scharnierdeckel-aus-kunststoff-375-ml-2\/#primaryimage\",\"url\":\"https:\/\/www.csj-emballages.com\/wp-content\/uploads\/2025\/03\/boite-fraicheur.webp\",\"contentUrl\":\"https:\/\/www.csj-emballages.com\/wp-content\/uploads\/2025\/03\/boite-fraicheur.webp\",\"width\":800,\"height\":800,\"caption\":\"Boite fra\u00eecheur\"},{\"@type\":\"BreadcrumbList\",\"@id\":\"https:\/\/www.csj-emballages.com\/de\/produit\/400-frischhaltedosen-mit-scharnierdeckel-aus-kunststoff-375-ml-2\/#breadcrumb\",\"itemListElement\":[{\"@type\":\"ListItem\",\"position\":1,\"name\":\"Accueil\",\"item\":\"https:\/\/www.csj-emballages.com\/de\/universum-lebensmittelverpackungen\/\"},{\"@type\":\"ListItem\",\"position\":2,\"name\":\"Shop\",\"item\":\"https:\/\/www.csj-emballages.com\/shop\/\"},{\"@type\":\"ListItem\",\"position\":3,\"name\":\"400 Frischhaltedosen mit Scharnierdeckel aus Kunststoff 375 ml\"}]},{\"@type\":\"WebSite\",\"@id\":\"https:\/\/www.csj-emballages.com\/de\/#website\",\"url\":\"https:\/\/www.csj-emballages.com\/de\/\",\"name\":\"CSJ Emballages\",\"description\":\"\",\"publisher\":{\"@id\":\"https:\/\/www.csj-emballages.com\/de\/#organization\"},\"potentialAction\":[{\"@type\":\"SearchAction\",\"target\":{\"@type\":\"EntryPoint\",\"urlTemplate\":\"https:\/\/www.csj-emballages.com\/de\/?s={search_term_string}\"},\"query-input\":{\"@type\":\"PropertyValueSpecification\",\"valueRequired\":true,\"valueName\":\"search_term_string\"}}],\"inLanguage\":\"de\"},{\"@type\":\"Organization\",\"@id\":\"https:\/\/www.csj-emballages.com\/de\/#Organization\/\",\"name\":\"CSJ Emballages\",\"url\":\"https:\/\/www.csj-emballages.com\/de\/\",\"logo\":{\"@type\":\"ImageObject\",\"inLanguage\":\"de\",\"@id\":\"https:\/\/www.csj-emballages.com\/de\/#\/schema\/logo\/image\/\",\"url\":\"https:\/\/www.csj-emballages.com\/wp-content\/uploads\/2023\/10\/logo_csj.webp\",\"contentUrl\":\"https:\/\/www.csj-emballages.com\/wp-content\/uploads\/2023\/10\/logo_csj.webp\",\"width\":250,\"height\":95,\"caption\":\"CSJ Emballages\"},\"image\":{\"@id\":\"https:\/\/www.csj-emballages.com\/de\/#\/schema\/logo\/image\/\"},\"sameAs\":[\"https:\/\/www.facebook.com\/csjemballages\"],\"address\":{\"@type\":\"PostalAddress\",\"streetAddress\":\"ZI La Lechere\",\"addressLocality\":\"Patornay\",\"postalCode\":\"39130\",\"addressCountry\":\"FR\"},\"contactPoint\":[{\"@type\":\"ContactPoint\",\"contactType\":\"Service client\",\"telephone\":\"0384254272\",\"email\":\"contact@csj-emballages.com\"}]}]}<\/script>\n<!-- \/ Yoast SEO Premium plugin. -->","yoast_head_json":{"title":"Frischhaltedose aus Plastik mit Scharnierdeckel 375 ml pro 400 St\u00fcck","description":"Frischhaltedose aus Kunststoff375 ml mit Scharnierdeckel (Packung zu 400) Ideal f\u00fcr die sichere Aufbewahrung und den Transport von Speisen.","robots":{"index":"index","follow":"follow","max-snippet":"max-snippet:-1","max-image-preview":"max-image-preview:large","max-video-preview":"max-video-preview:-1"},"canonical":"https:\/\/www.csj-emballages.com\/de\/produit\/400-frischhaltedosen-mit-scharnierdeckel-aus-kunststoff-375-ml-2\/","og_locale":"de_DE","og_type":"article","og_title":"400 Frischhaltedosen mit Scharnierdeckel aus Kunststoff 375 ml","og_description":"Frischhaltedose aus Kunststoff375 ml mit Scharnierdeckel (Packung zu 400) Ideal f\u00fcr die sichere Aufbewahrung und den Transport von Speisen.","og_url":"https:\/\/www.csj-emballages.com\/de\/produit\/400-frischhaltedosen-mit-scharnierdeckel-aus-kunststoff-375-ml-2\/","og_site_name":"CSJ Emballages","article_publisher":"https:\/\/www.facebook.com\/csjemballages","article_modified_time":"2025-03-26T23:20:34+00:00","og_image":[{"width":800,"height":800,"url":"https:\/\/www.csj-emballages.com\/wp-content\/uploads\/2025\/03\/boite-fraicheur.webp","type":"image\/webp"}],"twitter_card":"summary_large_image","twitter_misc":{"Gesch\u00e4tzte Lesezeit":"1\u00a0Minute"},"schema":{"@context":"https:\/\/schema.org","@graph":[{"@type":"WebPage","@id":"https:\/\/www.csj-emballages.com\/de\/produit\/400-frischhaltedosen-mit-scharnierdeckel-aus-kunststoff-375-ml-2\/","url":"https:\/\/www.csj-emballages.com\/de\/produit\/400-frischhaltedosen-mit-scharnierdeckel-aus-kunststoff-375-ml-2\/","name":"Frischhaltedose aus Plastik mit Scharnierdeckel 375 ml pro 400 St\u00fcck","isPartOf":{"@id":"https:\/\/www.csj-emballages.com\/de\/#website"},"primaryImageOfPage":{"@id":"https:\/\/www.csj-emballages.com\/de\/produit\/400-frischhaltedosen-mit-scharnierdeckel-aus-kunststoff-375-ml-2\/#primaryimage"},"image":{"@id":"https:\/\/www.csj-emballages.com\/de\/produit\/400-frischhaltedosen-mit-scharnierdeckel-aus-kunststoff-375-ml-2\/#primaryimage"},"thumbnailUrl":"https:\/\/www.csj-emballages.com\/wp-content\/uploads\/2025\/03\/boite-fraicheur.webp","datePublished":"2024-06-20T09:25:52+00:00","dateModified":"2025-03-26T23:20:34+00:00","description":"Frischhaltedose aus Kunststoff375 ml mit Scharnierdeckel (Packung zu 400) Ideal f\u00fcr die sichere Aufbewahrung und den Transport von Speisen.","breadcrumb":{"@id":"https:\/\/www.csj-emballages.com\/de\/produit\/400-frischhaltedosen-mit-scharnierdeckel-aus-kunststoff-375-ml-2\/#breadcrumb"},"inLanguage":"de","potentialAction":[{"@type":"ReadAction","target":["https:\/\/www.csj-emballages.com\/de\/produit\/400-frischhaltedosen-mit-scharnierdeckel-aus-kunststoff-375-ml-2\/"]}]},{"@type":"ImageObject","inLanguage":"de","@id":"https:\/\/www.csj-emballages.com\/de\/produit\/400-frischhaltedosen-mit-scharnierdeckel-aus-kunststoff-375-ml-2\/#primaryimage","url":"https:\/\/www.csj-emballages.com\/wp-content\/uploads\/2025\/03\/boite-fraicheur.webp","contentUrl":"https:\/\/www.csj-emballages.com\/wp-content\/uploads\/2025\/03\/boite-fraicheur.webp","width":800,"height":800,"caption":"Boite fra\u00eecheur"},{"@type":"BreadcrumbList","@id":"https:\/\/www.csj-emballages.com\/de\/produit\/400-frischhaltedosen-mit-scharnierdeckel-aus-kunststoff-375-ml-2\/#breadcrumb","itemListElement":[{"@type":"ListItem","position":1,"name":"Accueil","item":"https:\/\/www.csj-emballages.com\/de\/universum-lebensmittelverpackungen\/"},{"@type":"ListItem","position":2,"name":"Shop","item":"https:\/\/www.csj-emballages.com\/shop\/"},{"@type":"ListItem","position":3,"name":"400 Frischhaltedosen mit Scharnierdeckel aus Kunststoff 375 ml"}]},{"@type":"WebSite","@id":"https:\/\/www.csj-emballages.com\/de\/#website","url":"https:\/\/www.csj-emballages.com\/de\/","name":"CSJ Emballages","description":"","publisher":{"@id":"https:\/\/www.csj-emballages.com\/de\/#organization"},"potentialAction":[{"@type":"SearchAction","target":{"@type":"EntryPoint","urlTemplate":"https:\/\/www.csj-emballages.com\/de\/?s={search_term_string}"},"query-input":{"@type":"PropertyValueSpecification","valueRequired":true,"valueName":"search_term_string"}}],"inLanguage":"de"},{"@type":"Organization","@id":"https:\/\/www.csj-emballages.com\/de\/#Organization\/","name":"CSJ Emballages","url":"https:\/\/www.csj-emballages.com\/de\/","logo":{"@type":"ImageObject","inLanguage":"de","@id":"https:\/\/www.csj-emballages.com\/de\/#\/schema\/logo\/image\/","url":"https:\/\/www.csj-emballages.com\/wp-content\/uploads\/2023\/10\/logo_csj.webp","contentUrl":"https:\/\/www.csj-emballages.com\/wp-content\/uploads\/2023\/10\/logo_csj.webp","width":250,"height":95,"caption":"CSJ Emballages"},"image":{"@id":"https:\/\/www.csj-emballages.com\/de\/#\/schema\/logo\/image\/"},"sameAs":["https:\/\/www.facebook.com\/csjemballages"],"address":{"@type":"PostalAddress","streetAddress":"ZI La Lechere","addressLocality":"Patornay","postalCode":"39130","addressCountry":"FR"},"contactPoint":[{"@type":"ContactPoint","contactType":"Service client","telephone":"0384254272","email":"contact@csj-emballages.com"}]}]}},"df_price":47.82,"df_sale_price":47.82,"df_regular_price":56.26,"df_image_link":"https:\/\/www.csj-emballages.com\/wp-content\/uploads\/2025\/03\/boite-fraicheur-300x300.webp","tiered_pricing_type":"fixed","tiered_pricing_fixed_rules":[],"tiered_pricing_percentage_rules":[],"tiered_pricing_minimum":1,"tiered_pricing_roles_data":[],"_links":{"self":[{"href":"https:\/\/www.csj-emballages.com\/de\/wp-json\/wp\/v2\/product\/29264","targetHints":{"allow":["GET"]}}],"collection":[{"href":"https:\/\/www.csj-emballages.com\/de\/wp-json\/wp\/v2\/product"}],"about":[{"href":"https:\/\/www.csj-emballages.com\/de\/wp-json\/wp\/v2\/types\/product"}],"wp:featuredmedia":[{"embeddable":true,"href":"https:\/\/www.csj-emballages.com\/de\/wp-json\/wp\/v2\/media\/227257"}],"wp:attachment":[{"href":"https:\/\/www.csj-emballages.com\/de\/wp-json\/wp\/v2\/media?parent=29264"}],"wp:term":[{"taxonomy":"product_brand","embeddable":true,"href":"https:\/\/www.csj-emballages.com\/de\/wp-json\/wp\/v2\/product_brand?post=29264"},{"taxonomy":"product_cat","embeddable":true,"href":"https:\/\/www.csj-emballages.com\/de\/wp-json\/wp\/v2\/product_cat?post=29264"},{"taxonomy":"product_tag","embeddable":true,"href":"https:\/\/www.csj-emballages.com\/de\/wp-json\/wp\/v2\/product_tag?post=29264"}],"curies":[{"name":"wp","href":"https:\/\/api.w.org\/{rel}","templated":true}]}}