{"id":29259,"date":"2024-06-20T15:14:33","date_gmt":"2024-06-20T13:14:33","guid":{"rendered":"https:\/\/www.csj-emballages.com\/?post_type=product&#038;p=29259"},"modified":"2026-04-14T02:10:16","modified_gmt":"2026-04-14T00:10:16","slug":"handseifengel-eco-label-5-liter","status":"publish","type":"product","link":"https:\/\/www.csj-emballages.com\/de\/produit\/handseifengel-eco-label-5-liter\/","title":{"rendered":"Handseifengel Eco-Label 5 Liter"},"content":{"rendered":"<h2 class=\"ai-optimize-34\">Handseifengel<\/h2>\n<hr>\n<h3 class=\"ai-optimize-34\">Beschreibung unseres Handseifengels Eco-Label 5 Liter<\/h3>\n<p><!--more--><\/p>\n<p class=\"ai-optimize-35 ai-optimize-introduction\">Entdecken Sie unsere <strong>Gel-Handseife mit dem Umweltzeichen<\/strong> im <strong>5L-Format<\/strong>, die f\u00fcr den umweltfreundlichen t\u00e4glichen Gebrauch entwickelt wurde. Zun\u00e4chst einmal verbindet diese <strong>Fl\u00fcssigseife<\/strong> Wirksamkeit und Sanftheit und ist ideal f\u00fcr die ganze Familie. Denn ihre nat\u00fcrliche Formel reinigt gr\u00fcndlich und bewahrt gleichzeitig das Gleichgewicht Ihrer Haut. Da sie keine k\u00fcnstlichen Farb- und Duftstoffe enth\u00e4lt, ist sie auch f\u00fcr die empfindlichste Haut geeignet.   <\/p>\n<p class=\"ai-optimize-36\">Mit seiner sparsamen <strong>5-Liter-Gr\u00f6\u00dfe<\/strong> ist es perfekt f\u00fcr den l\u00e4ngeren Gebrauch geeignet und reduziert Plastikm\u00fcll. Mit unserem <strong>Handseifengel<\/strong> mit dem <strong>Umweltzeichen<\/strong> k\u00f6nnen Sie Ihre <strong>H\u00e4nde<\/strong> hygienisch sauber halten und gleichzeitig den Planeten schonen. Die milde Seife hinterl\u00e4sst Ihre H\u00e4nde sauber und duftend, ohne die Wasserqualit\u00e4t zu beeintr\u00e4chtigen. Die innovative Formel erm\u00f6glicht ein einfaches und schnelles Absp\u00fclen, sodass Sie bei der t\u00e4glichen Arbeit Zeit sparen. Wenn Sie sich f\u00fcr unser <strong>Handseifengel mit dem Eco-Label<\/strong> entscheiden, entscheiden Sie sich f\u00fcr eine nachhaltige L\u00f6sung, die die Natur respektiert.    <\/p>\n<p class=\"ai-optimize-37\">Vereinfachen Sie Ihre Handwaschroutine und achten Sie gleichzeitig auf die Umwelt. Unser Handseifengel in 5L ist die ideale L\u00f6sung f\u00fcr eine nat\u00fcrliche und verantwortungsvolle Hygiene. <\/p>\n<p>&nbsp;<\/p>\n<p><!--more--><\/p>\n<p class=\"ai-optimize-38\">Dann tun Sie mit diesem umweltfreundlichen und effektiven Produkt etwas f\u00fcr unseren Planeten.<\/p>\n<p>&nbsp;<\/p>\n<p><!--more--><\/p>\n<p class=\"ai-optimize-39\"><strong>Ihre Vorteile :<\/strong><\/p>\n<ul>\n<li class=\"ai-optimize-40\"><strong>Umweltfreundlich<\/strong>: Die Formel ist mit dem Umweltzeichen zertifiziert und reduziert die Umweltbelastung.<\/li>\n<li class=\"ai-optimize-41\"><strong>Wirtschaftlich<\/strong>: 5L-Format mit langer Nutzungsdauer, ideal f\u00fcr Familien oder \u00f6ffentliche Einrichtungen.<\/li>\n<li class=\"ai-optimize-42\"><strong>Ideal f\u00fcr \u00f6ffentliche Bereiche<\/strong>: Ideal f\u00fcr Schulen, B\u00fcros und andere Bereiche, in denen h\u00e4ufige Hygiene erforderlich ist.<\/li>\n<\/ul>\n<p>&nbsp;<\/p>\n<p><!--more--><\/p>\n<h4 class=\"ai-optimize-44\">Weitere Informationen :<\/h4>\n<ul>\n<li class=\"ai-optimize-45\"><strong>Verpackung<\/strong>: Einzeln<\/li>\n<li class=\"ai-optimize-46\"><strong>Verwendung<\/strong>: Handseife<\/li>\n<li class=\"ai-optimize-47\"><strong>Volumen<\/strong>: 5 Liter<\/li>\n<\/ul>\n<h5><\/h5>\n<p><!--more--><\/p>\n<p class=\"ai-optimize-48\">Entdecken Sie auch unsere 900 ml Hand- und Pferdeseifenkartusche : <span style=\"color: #d12727;\"><a style=\"color: #d12727;\" href=\"https:\/\/www.csj-emballages.com\/de\/produit\/900-ml-seifenkartusche-spender-03ds080001\/\">03HAIRBODY<\/a><\/span><\/p>\n<p>&nbsp;<\/p>\n<p><!--more--><\/p>\n<p class=\"ai-optimize-43\"><a href=\"https:\/\/www.csj-emballages.com\/de\/categorie-produit\/lebensmittelverpackungen\/bio-sortiment\/bio-produkte-de\/\">Sehen Sie sich hier den Rest unseres Sortiments an biologischen Reinigungsmitteln an<\/a><\/p>\n","protected":false},"excerpt":{"rendered":"<p>Handseifengel Beschreibung unseres Handseifengels Eco-Label 5 Liter<\/p>\n","protected":false},"featured_media":235472,"template":"","meta":{"_acf_changed":false},"product_brand":[],"product_cat":[1137,1146,6983,1218,1219,1407,1351,1352],"product_tag":[],"class_list":{"0":"post-29259","1":"product","2":"type-product","3":"status-publish","4":"has-post-thumbnail","6":"product_cat-lebensmittelverpackungen","7":"product_cat-bio-sortiment","8":"product_cat-bio-produkte-de","9":"product_cat-hygiene-und-pflege","10":"product_cat-pflegeprodukte","11":"product_cat-okologisches-sortiment","12":"product_cat-korperhygiene","13":"product_cat-handseife","14":"product_shipping_class-verboten-in-staffeln","16":"first","17":"instock","18":"taxable","19":"shipping-taxable","20":"purchasable","21":"product-type-simple"},"acf":[],"yoast_head":"<!-- This site is optimized with the Yoast SEO Premium plugin v26.6 (Yoast SEO v26.6) - https:\/\/yoast.com\/wordpress\/plugins\/seo\/ -->\n<title>Handseifengel 5L \u00d6ko-Label \/ CSJ Verpackungen<\/title>\n<meta name=\"description\" content=\"Entdecken Sie das Handseifengel 5L mit dem \u00d6ko-Label, das umweltfreundlich und sanft zu empfindlicher Haut ist. Genie\u00dfen Sie eine dauerhafte und makellose Hygiene!\" \/>\n<meta name=\"robots\" content=\"index, follow, max-snippet:-1, max-image-preview:large, max-video-preview:-1\" \/>\n<link rel=\"canonical\" href=\"https:\/\/www.csj-emballages.com\/de\/produit\/handseifengel-eco-label-5-liter\/\" \/>\n<meta property=\"og:locale\" content=\"de_DE\" \/>\n<meta property=\"og:type\" content=\"article\" \/>\n<meta property=\"og:title\" content=\"Handseifengel Eco-Label 5 Liter\" \/>\n<meta property=\"og:description\" content=\"Entdecken Sie das Handseifengel 5L mit dem \u00d6ko-Label, das umweltfreundlich und sanft zu empfindlicher Haut ist. Genie\u00dfen Sie eine dauerhafte und makellose Hygiene!\" \/>\n<meta property=\"og:url\" content=\"https:\/\/www.csj-emballages.com\/de\/produit\/handseifengel-eco-label-5-liter\/\" \/>\n<meta property=\"og:site_name\" content=\"CSJ Emballages\" \/>\n<meta property=\"article:publisher\" content=\"https:\/\/www.facebook.com\/csjemballages\" \/>\n<meta property=\"article:modified_time\" content=\"2026-04-14T00:10:16+00:00\" \/>\n<meta property=\"og:image\" content=\"https:\/\/www.csj-emballages.com\/wp-content\/uploads\/2024\/06\/00705.webp\" \/>\n\t<meta property=\"og:image:width\" content=\"800\" \/>\n\t<meta property=\"og:image:height\" content=\"800\" \/>\n\t<meta property=\"og:image:type\" content=\"image\/webp\" \/>\n<meta name=\"twitter:card\" content=\"summary_large_image\" \/>\n<meta name=\"twitter:label1\" content=\"Gesch\u00e4tzte Lesezeit\" \/>\n\t<meta name=\"twitter:data1\" content=\"2 Minuten\" \/>\n<script type=\"application\/ld+json\" class=\"yoast-schema-graph\">{\"@context\":\"https:\/\/schema.org\",\"@graph\":[{\"@type\":\"WebPage\",\"@id\":\"https:\/\/www.csj-emballages.com\/de\/produit\/handseifengel-eco-label-5-liter\/\",\"url\":\"https:\/\/www.csj-emballages.com\/de\/produit\/handseifengel-eco-label-5-liter\/\",\"name\":\"Handseifengel 5L \u00d6ko-Label \/ CSJ Verpackungen\",\"isPartOf\":{\"@id\":\"https:\/\/www.csj-emballages.com\/de\/#website\"},\"primaryImageOfPage\":{\"@id\":\"https:\/\/www.csj-emballages.com\/de\/produit\/handseifengel-eco-label-5-liter\/#primaryimage\"},\"image\":{\"@id\":\"https:\/\/www.csj-emballages.com\/de\/produit\/handseifengel-eco-label-5-liter\/#primaryimage\"},\"thumbnailUrl\":\"https:\/\/www.csj-emballages.com\/wp-content\/uploads\/2024\/06\/00705.webp\",\"datePublished\":\"2024-06-20T13:14:33+00:00\",\"dateModified\":\"2026-04-14T00:10:16+00:00\",\"description\":\"Entdecken Sie das Handseifengel 5L mit dem \u00d6ko-Label, das umweltfreundlich und sanft zu empfindlicher Haut ist. Genie\u00dfen Sie eine dauerhafte und makellose Hygiene!\",\"breadcrumb\":{\"@id\":\"https:\/\/www.csj-emballages.com\/de\/produit\/handseifengel-eco-label-5-liter\/#breadcrumb\"},\"inLanguage\":\"de\",\"potentialAction\":[{\"@type\":\"ReadAction\",\"target\":[\"https:\/\/www.csj-emballages.com\/de\/produit\/handseifengel-eco-label-5-liter\/\"]}]},{\"@type\":\"ImageObject\",\"inLanguage\":\"de\",\"@id\":\"https:\/\/www.csj-emballages.com\/de\/produit\/handseifengel-eco-label-5-liter\/#primaryimage\",\"url\":\"https:\/\/www.csj-emballages.com\/wp-content\/uploads\/2024\/06\/00705.webp\",\"contentUrl\":\"https:\/\/www.csj-emballages.com\/wp-content\/uploads\/2024\/06\/00705.webp\",\"width\":800,\"height\":800,\"caption\":\"Gel savon main\"},{\"@type\":\"BreadcrumbList\",\"@id\":\"https:\/\/www.csj-emballages.com\/de\/produit\/handseifengel-eco-label-5-liter\/#breadcrumb\",\"itemListElement\":[{\"@type\":\"ListItem\",\"position\":1,\"name\":\"Accueil\",\"item\":\"https:\/\/www.csj-emballages.com\/de\/universum-lebensmittelverpackungen\/\"},{\"@type\":\"ListItem\",\"position\":2,\"name\":\"Shop\",\"item\":\"https:\/\/www.csj-emballages.com\/shop\/\"},{\"@type\":\"ListItem\",\"position\":3,\"name\":\"Handseifengel Eco-Label 5 Liter\"}]},{\"@type\":\"WebSite\",\"@id\":\"https:\/\/www.csj-emballages.com\/de\/#website\",\"url\":\"https:\/\/www.csj-emballages.com\/de\/\",\"name\":\"CSJ Emballages\",\"description\":\"\",\"publisher\":{\"@id\":\"https:\/\/www.csj-emballages.com\/de\/#organization\"},\"potentialAction\":[{\"@type\":\"SearchAction\",\"target\":{\"@type\":\"EntryPoint\",\"urlTemplate\":\"https:\/\/www.csj-emballages.com\/de\/?s={search_term_string}\"},\"query-input\":{\"@type\":\"PropertyValueSpecification\",\"valueRequired\":true,\"valueName\":\"search_term_string\"}}],\"inLanguage\":\"de\"},{\"@type\":\"Organization\",\"@id\":\"https:\/\/www.csj-emballages.com\/de\/#Organization\/\",\"name\":\"CSJ Emballages\",\"url\":\"https:\/\/www.csj-emballages.com\/de\/\",\"logo\":{\"@type\":\"ImageObject\",\"inLanguage\":\"de\",\"@id\":\"https:\/\/www.csj-emballages.com\/de\/#\/schema\/logo\/image\/\",\"url\":\"https:\/\/www.csj-emballages.com\/wp-content\/uploads\/2023\/10\/logo_csj.webp\",\"contentUrl\":\"https:\/\/www.csj-emballages.com\/wp-content\/uploads\/2023\/10\/logo_csj.webp\",\"width\":250,\"height\":95,\"caption\":\"CSJ Emballages\"},\"image\":{\"@id\":\"https:\/\/www.csj-emballages.com\/de\/#\/schema\/logo\/image\/\"},\"sameAs\":[\"https:\/\/www.facebook.com\/csjemballages\"],\"address\":{\"@type\":\"PostalAddress\",\"streetAddress\":\"ZI La Lechere\",\"addressLocality\":\"Patornay\",\"postalCode\":\"39130\",\"addressCountry\":\"FR\"},\"contactPoint\":[{\"@type\":\"ContactPoint\",\"contactType\":\"Service client\",\"telephone\":\"0384254272\",\"email\":\"contact@csj-emballages.com\"}]}]}<\/script>\n<!-- \/ Yoast SEO Premium plugin. -->","yoast_head_json":{"title":"Handseifengel 5L \u00d6ko-Label \/ CSJ Verpackungen","description":"Entdecken Sie das Handseifengel 5L mit dem \u00d6ko-Label, das umweltfreundlich und sanft zu empfindlicher Haut ist. Genie\u00dfen Sie eine dauerhafte und makellose Hygiene!","robots":{"index":"index","follow":"follow","max-snippet":"max-snippet:-1","max-image-preview":"max-image-preview:large","max-video-preview":"max-video-preview:-1"},"canonical":"https:\/\/www.csj-emballages.com\/de\/produit\/handseifengel-eco-label-5-liter\/","og_locale":"de_DE","og_type":"article","og_title":"Handseifengel Eco-Label 5 Liter","og_description":"Entdecken Sie das Handseifengel 5L mit dem \u00d6ko-Label, das umweltfreundlich und sanft zu empfindlicher Haut ist. Genie\u00dfen Sie eine dauerhafte und makellose Hygiene!","og_url":"https:\/\/www.csj-emballages.com\/de\/produit\/handseifengel-eco-label-5-liter\/","og_site_name":"CSJ Emballages","article_publisher":"https:\/\/www.facebook.com\/csjemballages","article_modified_time":"2026-04-14T00:10:16+00:00","og_image":[{"width":800,"height":800,"url":"https:\/\/www.csj-emballages.com\/wp-content\/uploads\/2024\/06\/00705.webp","type":"image\/webp"}],"twitter_card":"summary_large_image","twitter_misc":{"Gesch\u00e4tzte Lesezeit":"2 Minuten"},"schema":{"@context":"https:\/\/schema.org","@graph":[{"@type":"WebPage","@id":"https:\/\/www.csj-emballages.com\/de\/produit\/handseifengel-eco-label-5-liter\/","url":"https:\/\/www.csj-emballages.com\/de\/produit\/handseifengel-eco-label-5-liter\/","name":"Handseifengel 5L \u00d6ko-Label \/ CSJ Verpackungen","isPartOf":{"@id":"https:\/\/www.csj-emballages.com\/de\/#website"},"primaryImageOfPage":{"@id":"https:\/\/www.csj-emballages.com\/de\/produit\/handseifengel-eco-label-5-liter\/#primaryimage"},"image":{"@id":"https:\/\/www.csj-emballages.com\/de\/produit\/handseifengel-eco-label-5-liter\/#primaryimage"},"thumbnailUrl":"https:\/\/www.csj-emballages.com\/wp-content\/uploads\/2024\/06\/00705.webp","datePublished":"2024-06-20T13:14:33+00:00","dateModified":"2026-04-14T00:10:16+00:00","description":"Entdecken Sie das Handseifengel 5L mit dem \u00d6ko-Label, das umweltfreundlich und sanft zu empfindlicher Haut ist. Genie\u00dfen Sie eine dauerhafte und makellose Hygiene!","breadcrumb":{"@id":"https:\/\/www.csj-emballages.com\/de\/produit\/handseifengel-eco-label-5-liter\/#breadcrumb"},"inLanguage":"de","potentialAction":[{"@type":"ReadAction","target":["https:\/\/www.csj-emballages.com\/de\/produit\/handseifengel-eco-label-5-liter\/"]}]},{"@type":"ImageObject","inLanguage":"de","@id":"https:\/\/www.csj-emballages.com\/de\/produit\/handseifengel-eco-label-5-liter\/#primaryimage","url":"https:\/\/www.csj-emballages.com\/wp-content\/uploads\/2024\/06\/00705.webp","contentUrl":"https:\/\/www.csj-emballages.com\/wp-content\/uploads\/2024\/06\/00705.webp","width":800,"height":800,"caption":"Gel savon main"},{"@type":"BreadcrumbList","@id":"https:\/\/www.csj-emballages.com\/de\/produit\/handseifengel-eco-label-5-liter\/#breadcrumb","itemListElement":[{"@type":"ListItem","position":1,"name":"Accueil","item":"https:\/\/www.csj-emballages.com\/de\/universum-lebensmittelverpackungen\/"},{"@type":"ListItem","position":2,"name":"Shop","item":"https:\/\/www.csj-emballages.com\/shop\/"},{"@type":"ListItem","position":3,"name":"Handseifengel Eco-Label 5 Liter"}]},{"@type":"WebSite","@id":"https:\/\/www.csj-emballages.com\/de\/#website","url":"https:\/\/www.csj-emballages.com\/de\/","name":"CSJ Emballages","description":"","publisher":{"@id":"https:\/\/www.csj-emballages.com\/de\/#organization"},"potentialAction":[{"@type":"SearchAction","target":{"@type":"EntryPoint","urlTemplate":"https:\/\/www.csj-emballages.com\/de\/?s={search_term_string}"},"query-input":{"@type":"PropertyValueSpecification","valueRequired":true,"valueName":"search_term_string"}}],"inLanguage":"de"},{"@type":"Organization","@id":"https:\/\/www.csj-emballages.com\/de\/#Organization\/","name":"CSJ Emballages","url":"https:\/\/www.csj-emballages.com\/de\/","logo":{"@type":"ImageObject","inLanguage":"de","@id":"https:\/\/www.csj-emballages.com\/de\/#\/schema\/logo\/image\/","url":"https:\/\/www.csj-emballages.com\/wp-content\/uploads\/2023\/10\/logo_csj.webp","contentUrl":"https:\/\/www.csj-emballages.com\/wp-content\/uploads\/2023\/10\/logo_csj.webp","width":250,"height":95,"caption":"CSJ Emballages"},"image":{"@id":"https:\/\/www.csj-emballages.com\/de\/#\/schema\/logo\/image\/"},"sameAs":["https:\/\/www.facebook.com\/csjemballages"],"address":{"@type":"PostalAddress","streetAddress":"ZI La Lechere","addressLocality":"Patornay","postalCode":"39130","addressCountry":"FR"},"contactPoint":[{"@type":"ContactPoint","contactType":"Service client","telephone":"0384254272","email":"contact@csj-emballages.com"}]}]}},"df_price":12.96,"df_sale_price":"","df_regular_price":12.96,"df_image_link":"https:\/\/www.csj-emballages.com\/wp-content\/uploads\/2024\/06\/00705-300x300.webp","tiered_pricing_type":"fixed","tiered_pricing_fixed_rules":[],"tiered_pricing_percentage_rules":[],"tiered_pricing_minimum":1,"tiered_pricing_roles_data":[],"_links":{"self":[{"href":"https:\/\/www.csj-emballages.com\/de\/wp-json\/wp\/v2\/product\/29259","targetHints":{"allow":["GET"]}}],"collection":[{"href":"https:\/\/www.csj-emballages.com\/de\/wp-json\/wp\/v2\/product"}],"about":[{"href":"https:\/\/www.csj-emballages.com\/de\/wp-json\/wp\/v2\/types\/product"}],"wp:featuredmedia":[{"embeddable":true,"href":"https:\/\/www.csj-emballages.com\/de\/wp-json\/wp\/v2\/media\/235472"}],"wp:attachment":[{"href":"https:\/\/www.csj-emballages.com\/de\/wp-json\/wp\/v2\/media?parent=29259"}],"wp:term":[{"taxonomy":"product_brand","embeddable":true,"href":"https:\/\/www.csj-emballages.com\/de\/wp-json\/wp\/v2\/product_brand?post=29259"},{"taxonomy":"product_cat","embeddable":true,"href":"https:\/\/www.csj-emballages.com\/de\/wp-json\/wp\/v2\/product_cat?post=29259"},{"taxonomy":"product_tag","embeddable":true,"href":"https:\/\/www.csj-emballages.com\/de\/wp-json\/wp\/v2\/product_tag?post=29259"}],"curies":[{"name":"wp","href":"https:\/\/api.w.org\/{rel}","templated":true}]}}