{"id":29253,"date":"2024-07-04T15:53:44","date_gmt":"2024-07-04T13:53:44","guid":{"rendered":"https:\/\/www.csj-emballages.com\/?post_type=product&#038;p=29253"},"modified":"2026-04-29T02:15:20","modified_gmt":"2026-04-29T00:15:20","slug":"100-einweg-doppelburgerboxen-aus-karton-120-x-130-x-70-mm","status":"publish","type":"product","link":"https:\/\/www.csj-emballages.com\/de\/produit\/100-einweg-doppelburgerboxen-aus-karton-120-x-130-x-70-mm\/","title":{"rendered":"Burgerbox aus Karton 120 x 130 x 70 mm pro 100"},"content":{"rendered":"<h2>Burger-Box<\/h2>\n<div style=\"text-align: center;\">\n<hr>\n<h3 style=\"text-align: left;\">Beschreibung Burgerbox Karton 120 x 130 x 70 mm pro 100<\/h3>\n<p style=\"text-align: left;\"><!--more--><\/p>\n<p style=\"text-align: left;\" data-start=\"211\" data-end=\"685\">Wenn Sie Ihren Kunden eine Verpackung anbieten m\u00f6chten, die perfekt f\u00fcr ihre Burger geeignet ist, ist die <strong data-start=\"323\" data-end=\"367\">Burgerschachtel aus Karton mit den Ma\u00dfen 120 x 130 x 70 mm<\/strong> genau das Richtige f\u00fcr Sie. Wenn Sie sie anfassen, f\u00e4llt sofort ihre Steifigkeit auf und ihr Format, das ideal ist, um einen Burger sicher an Ort und Stelle zu halten. Dank ihrer Standardma\u00dfe sch\u00fctzt sie Ihre Kreationen, ohne sie zu zerdr\u00fccken, und sorgt so f\u00fcr eine einwandfreie Pr\u00e4sentation beim \u00d6ffnen.  <\/p>\n<p style=\"text-align: left;\" data-start=\"687\" data-end=\"1097\">Au\u00dferdem ist diese <strong data-start=\"323\" data-end=\"367\">Burgerdose<\/strong> sehr einfach zu verwenden. Sie ist bereits zusammengebaut, sodass Sie nur noch Ihren Burger hineinlegen und die Schachtel verschlie\u00dfen m\u00fcssen. Die <strong>dicke Pappe<\/strong> bietet eine hohe Festigkeit. Egal, ob Ihr Burger hei\u00df ist, mit geschmolzenem K\u00e4se bedeckt oder mit So\u00dfen serviert wird, die Box h\u00e4lt Feuchtigkeit und Hitze gut aus und verhindert gleichzeitig, dass etwas ausl\u00e4uft.   <\/p>\n<p style=\"text-align: left;\" data-start=\"1099\" data-end=\"1479\">Au\u00dferdem eignet sich diese <strong data-start=\"323\" data-end=\"367\">Burgerschachtel aus Karton<\/strong> sowohl f\u00fcr den Verkauf zum Mitnehmen als auch f\u00fcr die Lieferung. Sie h\u00e4lt Ihren Burger w\u00e4hrend des Transports stabil und erm\u00f6glicht es Ihren Kunden, ein Produkt zu genie\u00dfen, das auch nach der Lieferung noch gut pr\u00e4sentiert ist. Ihr schlichter und nat\u00fcrlicher Stil passt zu allen Restaurant-Stilen, egal ob Sie traditionelle Burger, Gourmet-Burger oder auch vegetarische Burger anbieten.  <\/p>\n<p style=\"text-align: left;\" data-start=\"1481\" data-end=\"1717\">Wenn Sie sich f\u00fcr dieses Set von <strong data-start=\"1506\" data-end=\"1520\">100 Dosen<\/strong> entscheiden, sichern Sie sich einen praktischen Vorrat, der f\u00fcr Ihren t\u00e4glichen Bedarf ausreicht. So k\u00f6nnen Sie Zeiten mit hoher Auslastung voraussehen und vermeiden, dass es w\u00e4hrend des Dienstes zu Engp\u00e4ssen kommt. <\/p>\n<p style=\"text-align: left;\" data-start=\"1719\" data-end=\"1933\">Zusammenfassend l\u00e4sst sich sagen, dass diese <strong data-start=\"323\" data-end=\"367\">Burgerbox<\/strong> ein hervorragendes Gleichgewicht zwischen Zweckm\u00e4\u00dfigkeit, Robustheit und Benutzerkomfort bietet. Sie erm\u00f6glicht es Ihnen, Ihre Burger in einer zuverl\u00e4ssigen, sauberen und f\u00fcr Ihre Kunden angenehmen Verpackung zu servieren. <\/p>\n<p style=\"text-align: left;\" data-start=\"1719\" data-end=\"1933\">\n<p style=\"text-align: left;\"><!--more--><\/p>\n<p style=\"text-align: left;\"><strong>Vorteile :<\/strong><\/p>\n<ul>\n<li style=\"text-align: left;\" data-start=\"1962\" data-end=\"2024\">Perfekte Gr\u00f6\u00dfe, um einen Burger zu halten, ohne ihn zu zerdr\u00fccken.<\/li>\n<li style=\"text-align: left;\" data-start=\"2027\" data-end=\"2068\">Steifer, hitzebest\u00e4ndiger <strong>Karton<\/strong>.<\/li>\n<li style=\"text-align: left;\" data-start=\"2071\" data-end=\"2099\">Einfach und schnell zu schlie\u00dfen.<\/li>\n<li style=\"text-align: left;\" data-start=\"2102\" data-end=\"2151\">Ideal f\u00fcr den Verkauf zum Mitnehmen und f\u00fcr die Lieferung.<\/li>\n<li style=\"text-align: left;\" data-start=\"2154\" data-end=\"2188\">Professioneller und vielseitiger Look.<\/li>\n<li style=\"text-align: left;\" data-start=\"2191\" data-end=\"2228\"><strong>100er-Pack<\/strong>: preiswert und praktisch.<\/li>\n<\/ul>\n<\/div>\n<p>&nbsp;<\/p>\n<p><!--more--><\/p>\n<h4>Weitere Informationen :<\/h4>\n<ul>\n<li><strong>Verpackung<\/strong>: Packung mit 100 St\u00fcck<\/li>\n<li><strong>Ma\u00dfe<\/strong>: 120 x 130 x 70 mm<\/li>\n<li><strong>Material<\/strong>: Karton<\/li>\n<li><strong>Art des Deckels<\/strong>: Scharnierdeckel<\/li>\n<\/ul>\n<p>&nbsp;<\/p>\n<p><!--more--><\/p>\n<p>Das Produkt ist in verschiedenen Gr\u00f6\u00dfen erh\u00e4ltlich:  <span style=\"color: #d12727;\"><a style=\"color: #d12727;\" href=\"https:\/\/www.csj-emballages.com\/produit\/100-boite-carton-frites-repas-restauration-emporter-175-x-120-x-70-mm\/\">HP2K<\/a><\/span> \/ <span style=\"color: #d12727;\"><a style=\"color: #d12727;\" href=\"https:\/\/www.csj-emballages.com\/produit\/100-boite-carton-repas-tacos-carton-kraft-240-x-137-x-70-mm-restauration-snack-emporter\/\">HP3K<\/a><\/span> \/ <span style=\"color: #d12727;\"><a style=\"color: #d12727;\" href=\"https:\/\/www.csj-emballages.com\/es\/produit\/50-cajas-de-carton-225-x-180-x-90-mm\/\">HP4K<\/a><\/span> \/ <span style=\"color: #d12727;\"><a style=\"color: #d12727;\" href=\"https:\/\/www.csj-emballages.com\/produit\/100-boite-carton-a-panini-208-x-70-x-75-mm-restauration-snack-hot-dog-emporter\/\">HP5K<\/a><\/span> \/ <span style=\"color: #d12727;\"><a style=\"color: #d12727;\" href=\"https:\/\/www.csj-emballages.com\/produit\/boite-carton-burger-jetable-carton-150-x-150-x-70-mm\/\">HP6K<\/a><\/span> \/ <span style=\"color: #d12727;\"><a style=\"color: #d12727;\" href=\"https:\/\/www.csj-emballages.com\/es\/produit\/caja-de-carton-para-hamburguesas-165-x-150-x-110-mm-por-100\/\">HP6KH<\/a><\/span> \/ <span style=\"color: #d12727;\"><a style=\"color: #d12727;\" href=\"https:\/\/www.csj-emballages.com\/produit\/50-boite-carton-burgers-jetables-carton-150-x-150-x-70-mm\/\">HP6KGE<\/a><\/span> \/        <span style=\"color: #d12727;\"><a style=\"color: #d12727;\" href=\"https:\/\/www.csj-emballages.com\/produit\/50-boites-doubles-burgers-xl-jetables-carton-170-x-170-x-80-mm\/\">HP6KXL<\/a><\/span><\/p>\n<p>&nbsp;<\/p>\n<p><!--more--><\/p>\n<p><a href=\"https:\/\/www.csj-emballages.com\/de\/categorie-produit\/lebensmittelverpackungen\/restauration-de\/dosen-schalen-beutel-konen\/schalen-kartons\/kartonschachteln-fur-mahlzeiten\/\">Sehen Sie sich den Rest unseres Angebots an Burgerdosen an.<\/a><\/p>\n<div style=\"text-align: center;\"><\/div>\n","protected":false},"excerpt":{"rendered":"<p>Burger-Box Beschreibung Burgerbox Karton 120 x 130 x 70 mm pro 100<\/p>\n","protected":false},"featured_media":224552,"template":"","meta":{"_acf_changed":false},"product_brand":[],"product_cat":[1137,1134,3974,1474,2792],"product_tag":[],"class_list":{"0":"post-29253","1":"product","2":"type-product","3":"status-publish","4":"has-post-thumbnail","6":"product_cat-lebensmittelverpackungen","7":"product_cat-restauration-de","8":"product_cat-dosen-schalen-beutel-konen","9":"product_cat-schalen-kartons","10":"product_cat-kartonschachteln-fur-mahlzeiten","12":"first","13":"instock","14":"taxable","15":"shipping-taxable","16":"purchasable","17":"product-type-simple"},"acf":[],"yoast_head":"<!-- This site is optimized with the Yoast SEO Premium plugin v26.6 (Yoast SEO v26.6) - https:\/\/yoast.com\/wordpress\/plugins\/seo\/ -->\n<title>Burger Box Karton 120 x 130 x 70 mm pro 100<\/title>\n<meta name=\"description\" content=\"Entscheiden Sie sich f\u00fcr unsere praktische und umweltfreundliche Burgerbox aus Karton, die eine gute Aufbewahrung und Pr\u00e4sentation Ihrer Mahlzeiten zum Mitnehmen garantiert.\" \/>\n<meta name=\"robots\" content=\"index, follow, max-snippet:-1, max-image-preview:large, max-video-preview:-1\" \/>\n<link rel=\"canonical\" href=\"https:\/\/www.csj-emballages.com\/de\/produit\/100-einweg-doppelburgerboxen-aus-karton-120-x-130-x-70-mm\/\" \/>\n<meta property=\"og:locale\" content=\"de_DE\" \/>\n<meta property=\"og:type\" content=\"article\" \/>\n<meta property=\"og:title\" content=\"Burgerbox aus Karton 120 x 130 x 70 mm pro 100\" \/>\n<meta property=\"og:description\" content=\"Entscheiden Sie sich f\u00fcr unsere praktische und umweltfreundliche Burgerbox aus Karton, die eine gute Aufbewahrung und Pr\u00e4sentation Ihrer Mahlzeiten zum Mitnehmen garantiert.\" \/>\n<meta property=\"og:url\" content=\"https:\/\/www.csj-emballages.com\/de\/produit\/100-einweg-doppelburgerboxen-aus-karton-120-x-130-x-70-mm\/\" \/>\n<meta property=\"og:site_name\" content=\"CSJ Emballages\" \/>\n<meta property=\"article:publisher\" content=\"https:\/\/www.facebook.com\/csjemballages\" \/>\n<meta property=\"article:modified_time\" content=\"2026-04-29T00:15:20+00:00\" \/>\n<meta property=\"og:image\" content=\"https:\/\/www.csj-emballages.com\/wp-content\/uploads\/2024\/07\/HP1K-1.webp\" \/>\n\t<meta property=\"og:image:width\" content=\"800\" \/>\n\t<meta property=\"og:image:height\" content=\"799\" \/>\n\t<meta property=\"og:image:type\" content=\"image\/webp\" \/>\n<meta name=\"twitter:card\" content=\"summary_large_image\" \/>\n<meta name=\"twitter:label1\" content=\"Gesch\u00e4tzte Lesezeit\" \/>\n\t<meta name=\"twitter:data1\" content=\"1\u00a0Minute\" \/>\n<script type=\"application\/ld+json\" class=\"yoast-schema-graph\">{\"@context\":\"https:\/\/schema.org\",\"@graph\":[{\"@type\":\"WebPage\",\"@id\":\"https:\/\/www.csj-emballages.com\/de\/produit\/100-einweg-doppelburgerboxen-aus-karton-120-x-130-x-70-mm\/\",\"url\":\"https:\/\/www.csj-emballages.com\/de\/produit\/100-einweg-doppelburgerboxen-aus-karton-120-x-130-x-70-mm\/\",\"name\":\"Burger Box Karton 120 x 130 x 70 mm pro 100\",\"isPartOf\":{\"@id\":\"https:\/\/www.csj-emballages.com\/de\/#website\"},\"primaryImageOfPage\":{\"@id\":\"https:\/\/www.csj-emballages.com\/de\/produit\/100-einweg-doppelburgerboxen-aus-karton-120-x-130-x-70-mm\/#primaryimage\"},\"image\":{\"@id\":\"https:\/\/www.csj-emballages.com\/de\/produit\/100-einweg-doppelburgerboxen-aus-karton-120-x-130-x-70-mm\/#primaryimage\"},\"thumbnailUrl\":\"https:\/\/www.csj-emballages.com\/wp-content\/uploads\/2024\/07\/HP1K-1.webp\",\"datePublished\":\"2024-07-04T13:53:44+00:00\",\"dateModified\":\"2026-04-29T00:15:20+00:00\",\"description\":\"Entscheiden Sie sich f\u00fcr unsere praktische und umweltfreundliche Burgerbox aus Karton, die eine gute Aufbewahrung und Pr\u00e4sentation Ihrer Mahlzeiten zum Mitnehmen garantiert.\",\"breadcrumb\":{\"@id\":\"https:\/\/www.csj-emballages.com\/de\/produit\/100-einweg-doppelburgerboxen-aus-karton-120-x-130-x-70-mm\/#breadcrumb\"},\"inLanguage\":\"de\",\"potentialAction\":[{\"@type\":\"ReadAction\",\"target\":[\"https:\/\/www.csj-emballages.com\/de\/produit\/100-einweg-doppelburgerboxen-aus-karton-120-x-130-x-70-mm\/\"]}]},{\"@type\":\"ImageObject\",\"inLanguage\":\"de\",\"@id\":\"https:\/\/www.csj-emballages.com\/de\/produit\/100-einweg-doppelburgerboxen-aus-karton-120-x-130-x-70-mm\/#primaryimage\",\"url\":\"https:\/\/www.csj-emballages.com\/wp-content\/uploads\/2024\/07\/HP1K-1.webp\",\"contentUrl\":\"https:\/\/www.csj-emballages.com\/wp-content\/uploads\/2024\/07\/HP1K-1.webp\",\"width\":800,\"height\":799,\"caption\":\"Boite burger\"},{\"@type\":\"BreadcrumbList\",\"@id\":\"https:\/\/www.csj-emballages.com\/de\/produit\/100-einweg-doppelburgerboxen-aus-karton-120-x-130-x-70-mm\/#breadcrumb\",\"itemListElement\":[{\"@type\":\"ListItem\",\"position\":1,\"name\":\"Accueil\",\"item\":\"https:\/\/www.csj-emballages.com\/de\/universum-lebensmittelverpackungen\/\"},{\"@type\":\"ListItem\",\"position\":2,\"name\":\"Shop\",\"item\":\"https:\/\/www.csj-emballages.com\/shop\/\"},{\"@type\":\"ListItem\",\"position\":3,\"name\":\"Burgerbox aus Karton 120 x 130 x 70 mm pro 100\"}]},{\"@type\":\"WebSite\",\"@id\":\"https:\/\/www.csj-emballages.com\/de\/#website\",\"url\":\"https:\/\/www.csj-emballages.com\/de\/\",\"name\":\"CSJ Emballages\",\"description\":\"\",\"publisher\":{\"@id\":\"https:\/\/www.csj-emballages.com\/de\/#organization\"},\"potentialAction\":[{\"@type\":\"SearchAction\",\"target\":{\"@type\":\"EntryPoint\",\"urlTemplate\":\"https:\/\/www.csj-emballages.com\/de\/?s={search_term_string}\"},\"query-input\":{\"@type\":\"PropertyValueSpecification\",\"valueRequired\":true,\"valueName\":\"search_term_string\"}}],\"inLanguage\":\"de\"},{\"@type\":\"Organization\",\"@id\":\"https:\/\/www.csj-emballages.com\/de\/#Organization\/\",\"name\":\"CSJ Emballages\",\"url\":\"https:\/\/www.csj-emballages.com\/de\/\",\"logo\":{\"@type\":\"ImageObject\",\"inLanguage\":\"de\",\"@id\":\"https:\/\/www.csj-emballages.com\/de\/#\/schema\/logo\/image\/\",\"url\":\"https:\/\/www.csj-emballages.com\/wp-content\/uploads\/2023\/10\/logo_csj.webp\",\"contentUrl\":\"https:\/\/www.csj-emballages.com\/wp-content\/uploads\/2023\/10\/logo_csj.webp\",\"width\":250,\"height\":95,\"caption\":\"CSJ Emballages\"},\"image\":{\"@id\":\"https:\/\/www.csj-emballages.com\/de\/#\/schema\/logo\/image\/\"},\"sameAs\":[\"https:\/\/www.facebook.com\/csjemballages\"],\"address\":{\"@type\":\"PostalAddress\",\"streetAddress\":\"ZI La Lechere\",\"addressLocality\":\"Patornay\",\"postalCode\":\"39130\",\"addressCountry\":\"FR\"},\"contactPoint\":[{\"@type\":\"ContactPoint\",\"contactType\":\"Service client\",\"telephone\":\"0384254272\",\"email\":\"contact@csj-emballages.com\"}]}]}<\/script>\n<!-- \/ Yoast SEO Premium plugin. -->","yoast_head_json":{"title":"Burger Box Karton 120 x 130 x 70 mm pro 100","description":"Entscheiden Sie sich f\u00fcr unsere praktische und umweltfreundliche Burgerbox aus Karton, die eine gute Aufbewahrung und Pr\u00e4sentation Ihrer Mahlzeiten zum Mitnehmen garantiert.","robots":{"index":"index","follow":"follow","max-snippet":"max-snippet:-1","max-image-preview":"max-image-preview:large","max-video-preview":"max-video-preview:-1"},"canonical":"https:\/\/www.csj-emballages.com\/de\/produit\/100-einweg-doppelburgerboxen-aus-karton-120-x-130-x-70-mm\/","og_locale":"de_DE","og_type":"article","og_title":"Burgerbox aus Karton 120 x 130 x 70 mm pro 100","og_description":"Entscheiden Sie sich f\u00fcr unsere praktische und umweltfreundliche Burgerbox aus Karton, die eine gute Aufbewahrung und Pr\u00e4sentation Ihrer Mahlzeiten zum Mitnehmen garantiert.","og_url":"https:\/\/www.csj-emballages.com\/de\/produit\/100-einweg-doppelburgerboxen-aus-karton-120-x-130-x-70-mm\/","og_site_name":"CSJ Emballages","article_publisher":"https:\/\/www.facebook.com\/csjemballages","article_modified_time":"2026-04-29T00:15:20+00:00","og_image":[{"width":800,"height":799,"url":"https:\/\/www.csj-emballages.com\/wp-content\/uploads\/2024\/07\/HP1K-1.webp","type":"image\/webp"}],"twitter_card":"summary_large_image","twitter_misc":{"Gesch\u00e4tzte Lesezeit":"1\u00a0Minute"},"schema":{"@context":"https:\/\/schema.org","@graph":[{"@type":"WebPage","@id":"https:\/\/www.csj-emballages.com\/de\/produit\/100-einweg-doppelburgerboxen-aus-karton-120-x-130-x-70-mm\/","url":"https:\/\/www.csj-emballages.com\/de\/produit\/100-einweg-doppelburgerboxen-aus-karton-120-x-130-x-70-mm\/","name":"Burger Box Karton 120 x 130 x 70 mm pro 100","isPartOf":{"@id":"https:\/\/www.csj-emballages.com\/de\/#website"},"primaryImageOfPage":{"@id":"https:\/\/www.csj-emballages.com\/de\/produit\/100-einweg-doppelburgerboxen-aus-karton-120-x-130-x-70-mm\/#primaryimage"},"image":{"@id":"https:\/\/www.csj-emballages.com\/de\/produit\/100-einweg-doppelburgerboxen-aus-karton-120-x-130-x-70-mm\/#primaryimage"},"thumbnailUrl":"https:\/\/www.csj-emballages.com\/wp-content\/uploads\/2024\/07\/HP1K-1.webp","datePublished":"2024-07-04T13:53:44+00:00","dateModified":"2026-04-29T00:15:20+00:00","description":"Entscheiden Sie sich f\u00fcr unsere praktische und umweltfreundliche Burgerbox aus Karton, die eine gute Aufbewahrung und Pr\u00e4sentation Ihrer Mahlzeiten zum Mitnehmen garantiert.","breadcrumb":{"@id":"https:\/\/www.csj-emballages.com\/de\/produit\/100-einweg-doppelburgerboxen-aus-karton-120-x-130-x-70-mm\/#breadcrumb"},"inLanguage":"de","potentialAction":[{"@type":"ReadAction","target":["https:\/\/www.csj-emballages.com\/de\/produit\/100-einweg-doppelburgerboxen-aus-karton-120-x-130-x-70-mm\/"]}]},{"@type":"ImageObject","inLanguage":"de","@id":"https:\/\/www.csj-emballages.com\/de\/produit\/100-einweg-doppelburgerboxen-aus-karton-120-x-130-x-70-mm\/#primaryimage","url":"https:\/\/www.csj-emballages.com\/wp-content\/uploads\/2024\/07\/HP1K-1.webp","contentUrl":"https:\/\/www.csj-emballages.com\/wp-content\/uploads\/2024\/07\/HP1K-1.webp","width":800,"height":799,"caption":"Boite burger"},{"@type":"BreadcrumbList","@id":"https:\/\/www.csj-emballages.com\/de\/produit\/100-einweg-doppelburgerboxen-aus-karton-120-x-130-x-70-mm\/#breadcrumb","itemListElement":[{"@type":"ListItem","position":1,"name":"Accueil","item":"https:\/\/www.csj-emballages.com\/de\/universum-lebensmittelverpackungen\/"},{"@type":"ListItem","position":2,"name":"Shop","item":"https:\/\/www.csj-emballages.com\/shop\/"},{"@type":"ListItem","position":3,"name":"Burgerbox aus Karton 120 x 130 x 70 mm pro 100"}]},{"@type":"WebSite","@id":"https:\/\/www.csj-emballages.com\/de\/#website","url":"https:\/\/www.csj-emballages.com\/de\/","name":"CSJ Emballages","description":"","publisher":{"@id":"https:\/\/www.csj-emballages.com\/de\/#organization"},"potentialAction":[{"@type":"SearchAction","target":{"@type":"EntryPoint","urlTemplate":"https:\/\/www.csj-emballages.com\/de\/?s={search_term_string}"},"query-input":{"@type":"PropertyValueSpecification","valueRequired":true,"valueName":"search_term_string"}}],"inLanguage":"de"},{"@type":"Organization","@id":"https:\/\/www.csj-emballages.com\/de\/#Organization\/","name":"CSJ Emballages","url":"https:\/\/www.csj-emballages.com\/de\/","logo":{"@type":"ImageObject","inLanguage":"de","@id":"https:\/\/www.csj-emballages.com\/de\/#\/schema\/logo\/image\/","url":"https:\/\/www.csj-emballages.com\/wp-content\/uploads\/2023\/10\/logo_csj.webp","contentUrl":"https:\/\/www.csj-emballages.com\/wp-content\/uploads\/2023\/10\/logo_csj.webp","width":250,"height":95,"caption":"CSJ Emballages"},"image":{"@id":"https:\/\/www.csj-emballages.com\/de\/#\/schema\/logo\/image\/"},"sameAs":["https:\/\/www.facebook.com\/csjemballages"],"address":{"@type":"PostalAddress","streetAddress":"ZI La Lechere","addressLocality":"Patornay","postalCode":"39130","addressCountry":"FR"},"contactPoint":[{"@type":"ContactPoint","contactType":"Service client","telephone":"0384254272","email":"contact@csj-emballages.com"}]}]}},"df_price":16.64,"df_sale_price":"","df_regular_price":16.64,"df_image_link":"https:\/\/www.csj-emballages.com\/wp-content\/uploads\/2024\/07\/HP1K-1-300x300.webp","tiered_pricing_type":"fixed","tiered_pricing_fixed_rules":[],"tiered_pricing_percentage_rules":[],"tiered_pricing_minimum":1,"tiered_pricing_roles_data":[],"_links":{"self":[{"href":"https:\/\/www.csj-emballages.com\/de\/wp-json\/wp\/v2\/product\/29253","targetHints":{"allow":["GET"]}}],"collection":[{"href":"https:\/\/www.csj-emballages.com\/de\/wp-json\/wp\/v2\/product"}],"about":[{"href":"https:\/\/www.csj-emballages.com\/de\/wp-json\/wp\/v2\/types\/product"}],"wp:featuredmedia":[{"embeddable":true,"href":"https:\/\/www.csj-emballages.com\/de\/wp-json\/wp\/v2\/media\/224552"}],"wp:attachment":[{"href":"https:\/\/www.csj-emballages.com\/de\/wp-json\/wp\/v2\/media?parent=29253"}],"wp:term":[{"taxonomy":"product_brand","embeddable":true,"href":"https:\/\/www.csj-emballages.com\/de\/wp-json\/wp\/v2\/product_brand?post=29253"},{"taxonomy":"product_cat","embeddable":true,"href":"https:\/\/www.csj-emballages.com\/de\/wp-json\/wp\/v2\/product_cat?post=29253"},{"taxonomy":"product_tag","embeddable":true,"href":"https:\/\/www.csj-emballages.com\/de\/wp-json\/wp\/v2\/product_tag?post=29253"}],"curies":[{"name":"wp","href":"https:\/\/api.w.org\/{rel}","templated":true}]}}