{"id":29252,"date":"2024-07-04T15:56:29","date_gmt":"2024-07-04T13:56:29","guid":{"rendered":"https:\/\/www.csj-emballages.com\/?post_type=product&#038;p=29252"},"modified":"2026-03-20T02:14:18","modified_gmt":"2026-03-20T01:14:18","slug":"25-mahlzeitentabletts-zum-mitnehmen-6-festliche-facher","status":"publish","type":"product","link":"https:\/\/www.csj-emballages.com\/de\/produit\/25-mahlzeitentabletts-zum-mitnehmen-6-festliche-facher\/","title":{"rendered":"Mahlzeitentablett zum Mitnehmen 6 F\u00e4cher festlich pro 25"},"content":{"rendered":"<h2>Mahlzeitentablett<\/h2>\n<div style=\"box-sizing: inherit; font-family: Roboto, sans-serif;\">\n<div style=\"box-sizing: inherit; font-family: Roboto, sans-serif;\">\n<div style=\"box-sizing: inherit; font-family: Roboto, sans-serif;\">\n<div style=\"box-sizing: inherit; font-family: Roboto, sans-serif;\">\n<div style=\"box-sizing: inherit; font-family: Roboto, sans-serif;\">\n<div style=\"box-sizing: inherit; font-family: Roboto, sans-serif;\">\n<hr>\n<h3>Beschreibung unseres Tabletts f\u00fcr Mahlzeiten zum Mitnehmen 6 F\u00e4cher festlich pro 25<\/h3>\n<p><!--more--><\/p>\n<p data-start=\"177\" data-end=\"529\">Das Anbieten einer praktischen und eleganten Mahlzeit war noch nie so einfach mit dem <strong data-start=\"249\" data-end=\"307\">festlichen 6-F\u00e4cher-Mahlzeitentablett zum Mitnehmen von 25.<\/strong> Dieses <strong>Tablett<\/strong> wurde speziell f\u00fcr <strong data-start=\"337\" data-end=\"350\">Caterer<\/strong>, <strong data-start=\"352\" data-end=\"369\">Restaurantbesitzer<\/strong> und Veranstaltungsorganisatoren entwickelt und ist der ideale Verb\u00fcndete, um Ihre Speisen ordentlich zu pr\u00e4sentieren und gleichzeitig Komfort und Hygiene f\u00fcr die G\u00e4ste zu gew\u00e4hrleisten. Dank der <strong data-start=\"543\" data-end=\"562\">6 F\u00e4cher<\/strong> k\u00f6nnen Sie Vorspeise, Hauptgericht, Beilage, K\u00e4se, Dessert und sogar Brot oder Sauce problemlos organisieren, ohne dass sich die Geschm\u00e4cker vermischen.  <\/p>\n<p data-start=\"889\" data-end=\"1184\">Dieses robuste und f\u00fcr den Transport konzipierte <strong data-start=\"938\" data-end=\"966\">Tablett f\u00fcr Mahlzeiten zum Mitnehmen<\/strong> bietet einen praktischen Service und wertet gleichzeitig Ihre kulinarischen Zubereitungen auf. Es ist besonders beliebt f\u00fcr gelieferte Mahlzeiten oder Veranstaltungen, die eine einfache, aber professionelle Logistik erfordern. <\/p>\n<p data-start=\"1186\" data-end=\"1472\">Dieses Set ist <strong data-start=\"1198\" data-end=\"1215\">zu 25 St\u00fcck<\/strong> verpackt und eignet sich ideal f\u00fcr die Verwaltung gro\u00dfer Mengen an Servicepersonal und bietet gleichzeitig eine zuverl\u00e4ssige und kosteng\u00fcnstige L\u00f6sung. Sie sind nicht nur praktisch, sondern tragen auch dazu bei, die Pr\u00e4sentation Ihrer Speisen zu verbessern und ein angenehmes Kundenerlebnis zu bieten. <\/p>\n<p data-start=\"1474\" data-end=\"1690\">Egal, ob Sie als Gesch\u00e4ftsmann Ihren Service optimieren oder als Privatperson eine Veranstaltung ohne Hektik organisieren m\u00f6chten, dieses <strong>Essenstablett mit 6 F\u00e4chern<\/strong> ist der perfekte Kompromiss zwischen <strong data-start=\"1648\" data-end=\"1687\">\u00c4sthetik, Praktikabilit\u00e4t und Widerstandsf\u00e4higkeit<\/strong>.<\/p>\n<p>&nbsp;<\/p>\n<\/div>\n<\/div>\n<\/div>\n<\/div>\n<\/div>\n<\/div>\n<p><!--more--><\/p>\n<h4>Vorteile :<\/h4>\n<ul>\n<li>6 F\u00e4cher f\u00fcr eine sorgf\u00e4ltige und ausgewogene Pr\u00e4sentation<\/li>\n<li>Festliches Design, das Ihre Gerichte aufwertet.<\/li>\n<li>Praktisch und robust f\u00fcr den Transport und die Lieferung.<\/li>\n<li>Verpackt zu 25 St\u00fcck f\u00fcr eine einfache und kosteng\u00fcnstige Verwaltung.<\/li>\n<li>Sowohl f\u00fcr Berufst\u00e4tige als auch f\u00fcr Privatpersonen geeignet<\/li>\n<\/ul>\n<p>&nbsp;<\/p>\n<p><!--more--><\/p>\n<h4>Weitere Informationen :<\/h4>\n<ul>\n<li><strong>Verpackung<\/strong>: Packung mit 25 St\u00fcck<\/li>\n<li><strong>Ma\u00dfe<\/strong>: 370 x 275 x 70 mm<\/li>\n<li><strong>Material<\/strong>: Polystyrol<\/li>\n<li><strong>Farbe<\/strong>: Wei\u00df<\/li>\n<li><strong>Nutzungstemperatur <\/strong>: Minimum \/ Maximum -5\u00b0C bis + 80\u00b0C<\/li>\n<\/ul>\n<p>&nbsp;<\/p>\n<p><!--more--><\/p>\n<p>Hier finden Sie unsere verschiedenen festlichen Tabletts mit unterschiedlichen F\u00e4chern: <span style=\"color: #d12727;\"><a style=\"color: #d12727;\" href=\"https:\/\/www.csj-emballages.com\/produit\/50-plateaux-repas-a-emporter-4-compartiments-festifs\/\">4 F\u00e4cher<\/a><\/span> \/ <span style=\"color: #d12727;\"><a style=\"color: #d12727;\" href=\"https:\/\/www.csj-emballages.com\/produit\/50-plateaux-repas-a-emporter-5-compartiments-festifs\/\">5 F\u00e4cher<\/a><\/span><\/p>\n<p>&nbsp;<\/p>\n<p><!--more--><\/p>\n<p><a href=\"https:\/\/www.csj-emballages.com\/de\/categorie-produit\/lebensmittelverpackungen\/metzgerei-und-feinkostgeschaft\/tabletts\/mahlzeitentabletts\/plastiktabletts-fur-mahlzeiten\/\">Sehen Sie sich hier den Rest unseres Sortiments an Essenstabletts an<\/a><\/p>\n","protected":false},"excerpt":{"rendered":"<p>Mahlzeitentablett Beschreibung unseres Tabletts f\u00fcr Mahlzeiten zum Mitnehmen 6 F\u00e4cher festlich pro 25<\/p>\n","protected":false},"featured_media":240979,"template":"","meta":{"_acf_changed":false},"product_brand":[],"product_cat":[1137,1170,1344,1345,1346,6713,1134,1347,1349,1350],"product_tag":[],"class_list":{"0":"post-29252","1":"product","2":"type-product","3":"status-publish","4":"has-post-thumbnail","6":"product_cat-lebensmittelverpackungen","7":"product_cat-metzgerei-und-feinkostgeschaft","8":"product_cat-tabletts","9":"product_cat-mahlzeitentabletts","10":"product_cat-plastiktabletts-fur-mahlzeiten","11":"product_cat-festliche-tabletts","12":"product_cat-restauration-de","13":"product_cat-tabletts-de","14":"product_cat-einweg-mahlzeitentabletts","15":"product_cat-plastiktabletts-fur-mahlzeiten-de","17":"first","18":"instock","19":"taxable","20":"shipping-taxable","21":"purchasable","22":"product-type-simple"},"acf":[],"yoast_head":"<!-- This site is optimized with the Yoast SEO Premium plugin v26.6 (Yoast SEO v26.6) - https:\/\/yoast.com\/wordpress\/plugins\/seo\/ -->\n<title>Tablett &quot;Essen zum Mitnehmen&quot; 6 F\u00e4cher Festlich pro 25<\/title>\n<meta name=\"description\" content=\"Entdecken Sie das festliche 6-F\u00e4cher-Mahlzeitentablett zum Mitnehmen von 25: praktisch, elegant und ideal f\u00fcr Ihre Veranstaltungen und gelieferten Mahlzeiten.\" \/>\n<meta name=\"robots\" content=\"index, follow, max-snippet:-1, max-image-preview:large, max-video-preview:-1\" \/>\n<link rel=\"canonical\" href=\"https:\/\/www.csj-emballages.com\/de\/produit\/25-mahlzeitentabletts-zum-mitnehmen-6-festliche-facher\/\" \/>\n<meta property=\"og:locale\" content=\"de_DE\" \/>\n<meta property=\"og:type\" content=\"article\" \/>\n<meta property=\"og:title\" content=\"Mahlzeitentablett zum Mitnehmen 6 F\u00e4cher festlich pro 25\" \/>\n<meta property=\"og:description\" content=\"Entdecken Sie das festliche 6-F\u00e4cher-Mahlzeitentablett zum Mitnehmen von 25: praktisch, elegant und ideal f\u00fcr Ihre Veranstaltungen und gelieferten Mahlzeiten.\" \/>\n<meta property=\"og:url\" content=\"https:\/\/www.csj-emballages.com\/de\/produit\/25-mahlzeitentabletts-zum-mitnehmen-6-festliche-facher\/\" \/>\n<meta property=\"og:site_name\" content=\"CSJ Emballages\" \/>\n<meta property=\"article:publisher\" content=\"https:\/\/www.facebook.com\/csjemballages\" \/>\n<meta property=\"article:modified_time\" content=\"2026-03-20T01:14:18+00:00\" \/>\n<meta property=\"og:image\" content=\"https:\/\/www.csj-emballages.com\/wp-content\/uploads\/2024\/07\/PL6CFESTIF-1.webp\" \/>\n\t<meta property=\"og:image:width\" content=\"800\" \/>\n\t<meta property=\"og:image:height\" content=\"800\" \/>\n\t<meta property=\"og:image:type\" content=\"image\/webp\" \/>\n<meta name=\"twitter:card\" content=\"summary_large_image\" \/>\n<meta name=\"twitter:label1\" content=\"Gesch\u00e4tzte Lesezeit\" \/>\n\t<meta name=\"twitter:data1\" content=\"2 Minuten\" \/>\n<script type=\"application\/ld+json\" class=\"yoast-schema-graph\">{\"@context\":\"https:\/\/schema.org\",\"@graph\":[{\"@type\":\"WebPage\",\"@id\":\"https:\/\/www.csj-emballages.com\/de\/produit\/25-mahlzeitentabletts-zum-mitnehmen-6-festliche-facher\/\",\"url\":\"https:\/\/www.csj-emballages.com\/de\/produit\/25-mahlzeitentabletts-zum-mitnehmen-6-festliche-facher\/\",\"name\":\"Tablett \\\"Essen zum Mitnehmen\\\" 6 F\u00e4cher Festlich pro 25\",\"isPartOf\":{\"@id\":\"https:\/\/www.csj-emballages.com\/de\/#website\"},\"primaryImageOfPage\":{\"@id\":\"https:\/\/www.csj-emballages.com\/de\/produit\/25-mahlzeitentabletts-zum-mitnehmen-6-festliche-facher\/#primaryimage\"},\"image\":{\"@id\":\"https:\/\/www.csj-emballages.com\/de\/produit\/25-mahlzeitentabletts-zum-mitnehmen-6-festliche-facher\/#primaryimage\"},\"thumbnailUrl\":\"https:\/\/www.csj-emballages.com\/wp-content\/uploads\/2024\/07\/PL6CFESTIF-1.webp\",\"datePublished\":\"2024-07-04T13:56:29+00:00\",\"dateModified\":\"2026-03-20T01:14:18+00:00\",\"description\":\"Entdecken Sie das festliche 6-F\u00e4cher-Mahlzeitentablett zum Mitnehmen von 25: praktisch, elegant und ideal f\u00fcr Ihre Veranstaltungen und gelieferten Mahlzeiten.\",\"breadcrumb\":{\"@id\":\"https:\/\/www.csj-emballages.com\/de\/produit\/25-mahlzeitentabletts-zum-mitnehmen-6-festliche-facher\/#breadcrumb\"},\"inLanguage\":\"de\",\"potentialAction\":[{\"@type\":\"ReadAction\",\"target\":[\"https:\/\/www.csj-emballages.com\/de\/produit\/25-mahlzeitentabletts-zum-mitnehmen-6-festliche-facher\/\"]}]},{\"@type\":\"ImageObject\",\"inLanguage\":\"de\",\"@id\":\"https:\/\/www.csj-emballages.com\/de\/produit\/25-mahlzeitentabletts-zum-mitnehmen-6-festliche-facher\/#primaryimage\",\"url\":\"https:\/\/www.csj-emballages.com\/wp-content\/uploads\/2024\/07\/PL6CFESTIF-1.webp\",\"contentUrl\":\"https:\/\/www.csj-emballages.com\/wp-content\/uploads\/2024\/07\/PL6CFESTIF-1.webp\",\"width\":800,\"height\":800,\"caption\":\"Plateau repas\"},{\"@type\":\"BreadcrumbList\",\"@id\":\"https:\/\/www.csj-emballages.com\/de\/produit\/25-mahlzeitentabletts-zum-mitnehmen-6-festliche-facher\/#breadcrumb\",\"itemListElement\":[{\"@type\":\"ListItem\",\"position\":1,\"name\":\"Accueil\",\"item\":\"https:\/\/www.csj-emballages.com\/de\/universum-lebensmittelverpackungen\/\"},{\"@type\":\"ListItem\",\"position\":2,\"name\":\"Shop\",\"item\":\"https:\/\/www.csj-emballages.com\/shop\/\"},{\"@type\":\"ListItem\",\"position\":3,\"name\":\"Mahlzeitentablett zum Mitnehmen 6 F\u00e4cher festlich pro 25\"}]},{\"@type\":\"WebSite\",\"@id\":\"https:\/\/www.csj-emballages.com\/de\/#website\",\"url\":\"https:\/\/www.csj-emballages.com\/de\/\",\"name\":\"CSJ Emballages\",\"description\":\"\",\"publisher\":{\"@id\":\"https:\/\/www.csj-emballages.com\/de\/#organization\"},\"potentialAction\":[{\"@type\":\"SearchAction\",\"target\":{\"@type\":\"EntryPoint\",\"urlTemplate\":\"https:\/\/www.csj-emballages.com\/de\/?s={search_term_string}\"},\"query-input\":{\"@type\":\"PropertyValueSpecification\",\"valueRequired\":true,\"valueName\":\"search_term_string\"}}],\"inLanguage\":\"de\"},{\"@type\":\"Organization\",\"@id\":\"https:\/\/www.csj-emballages.com\/de\/#Organization\/\",\"name\":\"CSJ Emballages\",\"url\":\"https:\/\/www.csj-emballages.com\/de\/\",\"logo\":{\"@type\":\"ImageObject\",\"inLanguage\":\"de\",\"@id\":\"https:\/\/www.csj-emballages.com\/de\/#\/schema\/logo\/image\/\",\"url\":\"https:\/\/www.csj-emballages.com\/wp-content\/uploads\/2023\/10\/logo_csj.webp\",\"contentUrl\":\"https:\/\/www.csj-emballages.com\/wp-content\/uploads\/2023\/10\/logo_csj.webp\",\"width\":250,\"height\":95,\"caption\":\"CSJ Emballages\"},\"image\":{\"@id\":\"https:\/\/www.csj-emballages.com\/de\/#\/schema\/logo\/image\/\"},\"sameAs\":[\"https:\/\/www.facebook.com\/csjemballages\"],\"address\":{\"@type\":\"PostalAddress\",\"streetAddress\":\"ZI La Lechere\",\"addressLocality\":\"Patornay\",\"postalCode\":\"39130\",\"addressCountry\":\"FR\"},\"contactPoint\":[{\"@type\":\"ContactPoint\",\"contactType\":\"Service client\",\"telephone\":\"0384254272\",\"email\":\"contact@csj-emballages.com\"}]}]}<\/script>\n<!-- \/ Yoast SEO Premium plugin. -->","yoast_head_json":{"title":"Tablett \"Essen zum Mitnehmen\" 6 F\u00e4cher Festlich pro 25","description":"Entdecken Sie das festliche 6-F\u00e4cher-Mahlzeitentablett zum Mitnehmen von 25: praktisch, elegant und ideal f\u00fcr Ihre Veranstaltungen und gelieferten Mahlzeiten.","robots":{"index":"index","follow":"follow","max-snippet":"max-snippet:-1","max-image-preview":"max-image-preview:large","max-video-preview":"max-video-preview:-1"},"canonical":"https:\/\/www.csj-emballages.com\/de\/produit\/25-mahlzeitentabletts-zum-mitnehmen-6-festliche-facher\/","og_locale":"de_DE","og_type":"article","og_title":"Mahlzeitentablett zum Mitnehmen 6 F\u00e4cher festlich pro 25","og_description":"Entdecken Sie das festliche 6-F\u00e4cher-Mahlzeitentablett zum Mitnehmen von 25: praktisch, elegant und ideal f\u00fcr Ihre Veranstaltungen und gelieferten Mahlzeiten.","og_url":"https:\/\/www.csj-emballages.com\/de\/produit\/25-mahlzeitentabletts-zum-mitnehmen-6-festliche-facher\/","og_site_name":"CSJ Emballages","article_publisher":"https:\/\/www.facebook.com\/csjemballages","article_modified_time":"2026-03-20T01:14:18+00:00","og_image":[{"width":800,"height":800,"url":"https:\/\/www.csj-emballages.com\/wp-content\/uploads\/2024\/07\/PL6CFESTIF-1.webp","type":"image\/webp"}],"twitter_card":"summary_large_image","twitter_misc":{"Gesch\u00e4tzte Lesezeit":"2 Minuten"},"schema":{"@context":"https:\/\/schema.org","@graph":[{"@type":"WebPage","@id":"https:\/\/www.csj-emballages.com\/de\/produit\/25-mahlzeitentabletts-zum-mitnehmen-6-festliche-facher\/","url":"https:\/\/www.csj-emballages.com\/de\/produit\/25-mahlzeitentabletts-zum-mitnehmen-6-festliche-facher\/","name":"Tablett \"Essen zum Mitnehmen\" 6 F\u00e4cher Festlich pro 25","isPartOf":{"@id":"https:\/\/www.csj-emballages.com\/de\/#website"},"primaryImageOfPage":{"@id":"https:\/\/www.csj-emballages.com\/de\/produit\/25-mahlzeitentabletts-zum-mitnehmen-6-festliche-facher\/#primaryimage"},"image":{"@id":"https:\/\/www.csj-emballages.com\/de\/produit\/25-mahlzeitentabletts-zum-mitnehmen-6-festliche-facher\/#primaryimage"},"thumbnailUrl":"https:\/\/www.csj-emballages.com\/wp-content\/uploads\/2024\/07\/PL6CFESTIF-1.webp","datePublished":"2024-07-04T13:56:29+00:00","dateModified":"2026-03-20T01:14:18+00:00","description":"Entdecken Sie das festliche 6-F\u00e4cher-Mahlzeitentablett zum Mitnehmen von 25: praktisch, elegant und ideal f\u00fcr Ihre Veranstaltungen und gelieferten Mahlzeiten.","breadcrumb":{"@id":"https:\/\/www.csj-emballages.com\/de\/produit\/25-mahlzeitentabletts-zum-mitnehmen-6-festliche-facher\/#breadcrumb"},"inLanguage":"de","potentialAction":[{"@type":"ReadAction","target":["https:\/\/www.csj-emballages.com\/de\/produit\/25-mahlzeitentabletts-zum-mitnehmen-6-festliche-facher\/"]}]},{"@type":"ImageObject","inLanguage":"de","@id":"https:\/\/www.csj-emballages.com\/de\/produit\/25-mahlzeitentabletts-zum-mitnehmen-6-festliche-facher\/#primaryimage","url":"https:\/\/www.csj-emballages.com\/wp-content\/uploads\/2024\/07\/PL6CFESTIF-1.webp","contentUrl":"https:\/\/www.csj-emballages.com\/wp-content\/uploads\/2024\/07\/PL6CFESTIF-1.webp","width":800,"height":800,"caption":"Plateau repas"},{"@type":"BreadcrumbList","@id":"https:\/\/www.csj-emballages.com\/de\/produit\/25-mahlzeitentabletts-zum-mitnehmen-6-festliche-facher\/#breadcrumb","itemListElement":[{"@type":"ListItem","position":1,"name":"Accueil","item":"https:\/\/www.csj-emballages.com\/de\/universum-lebensmittelverpackungen\/"},{"@type":"ListItem","position":2,"name":"Shop","item":"https:\/\/www.csj-emballages.com\/shop\/"},{"@type":"ListItem","position":3,"name":"Mahlzeitentablett zum Mitnehmen 6 F\u00e4cher festlich pro 25"}]},{"@type":"WebSite","@id":"https:\/\/www.csj-emballages.com\/de\/#website","url":"https:\/\/www.csj-emballages.com\/de\/","name":"CSJ Emballages","description":"","publisher":{"@id":"https:\/\/www.csj-emballages.com\/de\/#organization"},"potentialAction":[{"@type":"SearchAction","target":{"@type":"EntryPoint","urlTemplate":"https:\/\/www.csj-emballages.com\/de\/?s={search_term_string}"},"query-input":{"@type":"PropertyValueSpecification","valueRequired":true,"valueName":"search_term_string"}}],"inLanguage":"de"},{"@type":"Organization","@id":"https:\/\/www.csj-emballages.com\/de\/#Organization\/","name":"CSJ Emballages","url":"https:\/\/www.csj-emballages.com\/de\/","logo":{"@type":"ImageObject","inLanguage":"de","@id":"https:\/\/www.csj-emballages.com\/de\/#\/schema\/logo\/image\/","url":"https:\/\/www.csj-emballages.com\/wp-content\/uploads\/2023\/10\/logo_csj.webp","contentUrl":"https:\/\/www.csj-emballages.com\/wp-content\/uploads\/2023\/10\/logo_csj.webp","width":250,"height":95,"caption":"CSJ Emballages"},"image":{"@id":"https:\/\/www.csj-emballages.com\/de\/#\/schema\/logo\/image\/"},"sameAs":["https:\/\/www.facebook.com\/csjemballages"],"address":{"@type":"PostalAddress","streetAddress":"ZI La Lechere","addressLocality":"Patornay","postalCode":"39130","addressCountry":"FR"},"contactPoint":[{"@type":"ContactPoint","contactType":"Service client","telephone":"0384254272","email":"contact@csj-emballages.com"}]}]}},"df_price":22.22,"df_sale_price":"","df_regular_price":22.22,"df_image_link":"https:\/\/www.csj-emballages.com\/wp-content\/uploads\/2024\/07\/PL6CFESTIF-1-300x300.webp","tiered_pricing_type":"fixed","tiered_pricing_fixed_rules":[],"tiered_pricing_percentage_rules":[],"tiered_pricing_minimum":1,"tiered_pricing_roles_data":[],"_links":{"self":[{"href":"https:\/\/www.csj-emballages.com\/de\/wp-json\/wp\/v2\/product\/29252","targetHints":{"allow":["GET"]}}],"collection":[{"href":"https:\/\/www.csj-emballages.com\/de\/wp-json\/wp\/v2\/product"}],"about":[{"href":"https:\/\/www.csj-emballages.com\/de\/wp-json\/wp\/v2\/types\/product"}],"wp:featuredmedia":[{"embeddable":true,"href":"https:\/\/www.csj-emballages.com\/de\/wp-json\/wp\/v2\/media\/240979"}],"wp:attachment":[{"href":"https:\/\/www.csj-emballages.com\/de\/wp-json\/wp\/v2\/media?parent=29252"}],"wp:term":[{"taxonomy":"product_brand","embeddable":true,"href":"https:\/\/www.csj-emballages.com\/de\/wp-json\/wp\/v2\/product_brand?post=29252"},{"taxonomy":"product_cat","embeddable":true,"href":"https:\/\/www.csj-emballages.com\/de\/wp-json\/wp\/v2\/product_cat?post=29252"},{"taxonomy":"product_tag","embeddable":true,"href":"https:\/\/www.csj-emballages.com\/de\/wp-json\/wp\/v2\/product_tag?post=29252"}],"curies":[{"name":"wp","href":"https:\/\/api.w.org\/{rel}","templated":true}]}}