{"id":278707,"date":"2026-04-15T14:18:16","date_gmt":"2026-04-15T12:18:16","guid":{"rendered":"https:\/\/www.csj-emballages.com\/produit\/huehnerbeutel-mit-reissverschluss-31-x-25-15-cm-pro-500\/"},"modified":"2026-04-28T02:19:22","modified_gmt":"2026-04-28T00:19:22","slug":"huehnerbeutel-mit-reissverschluss-31-x-25-15-cm-pro-500","status":"publish","type":"product","link":"https:\/\/www.csj-emballages.com\/de\/produit\/huehnerbeutel-mit-reissverschluss-31-x-25-15-cm-pro-500\/","title":{"rendered":"H\u00fchnerbeutel mit Rei\u00dfverschluss 31 x 25 + 15 cm pro 500"},"content":{"rendered":"<h2 data-start=\"76\" data-end=\"138\">Tasche Huhn<\/h2>\n<hr>\n<h3 data-start=\"140\" data-end=\"376\">Entdecken Sie unseren H\u00e4hnchenbeutel mit Zip-Verschluss 31 x 25 + 15 cm im 500er-Pack<\/h3>\n<p><!--more--><\/p>\n<p data-start=\"129\" data-end=\"322\">Dieser <strong>H\u00e4hnchenbeutel mit Zip-Verschluss<\/strong> ist eindeutig das kleine Detail, das den entscheidenden Unterschied macht, wenn Sie Brath\u00e4hnchen verkaufen. Robust, praktisch und durchdacht erm\u00f6glicht er den Transport eines <strong>hei\u00dfen H\u00e4hnchens<\/strong> ohne Komplikationen. <\/p>\n<p data-start=\"324\" data-end=\"515\">Mit seinem <strong>Zip-Verschluss<\/strong> sind schlecht verschlossene Beutel oder auslaufende Fl\u00fcssigkeit pass\u00e9. Alles bleibt sauber im Inneren, selbst wenn das H\u00e4hnchen direkt aus dem Grill noch richtig hei\u00df ist. Sein Format ist ideal: Sie k\u00f6nnen ein ganzes H\u00e4hnchen m\u00fchelos hineingleiten lassen, und es bleibt gut fixiert. Der <strong>integrierte Griff<\/strong> erm\u00f6glicht Ihren Kunden ein komfortables Handling \u2013 einfach und effektiv.   <\/p>\n<p data-start=\"712\" data-end=\"914\">Das kleine Extra? Sein Design mit <strong>Flammeneffekt und transparentem Fenster<\/strong>. Das setzt das H\u00e4hnchen perfekt in Szene. Ideal, um Ihr Produkt aufzuwerten.   <\/p>\n<p data-start=\"916\" data-end=\"1019\">Im <strong>500er-Pack<\/strong> verkauft, ist dies die praktische L\u00f6sung f\u00fcr entspanntes Arbeiten im Alltag.<\/p>\n<p data-start=\"916\" data-end=\"1019\">\n<p data-start=\"916\" data-end=\"1019\"><!--more--><\/p>\n<h4 data-start=\"916\" data-end=\"1019\">Vorteile :<\/h4>\n<ul>\n<li data-section-id=\"1jpzp69\" data-start=\"107\" data-end=\"185\"><strong>Praktischer Zip-Verschluss<\/strong>: verhindert Auslaufen und h\u00e4lt das H\u00e4hnchen sch\u00f6n warm<\/li>\n<li data-section-id=\"ysk4cy\" data-start=\"186\" data-end=\"257\">Ideales Format von<strong> 31 x 25 + 15 cm<\/strong>, perfekt f\u00fcr ein ganzes Brath\u00e4hnchen<\/li>\n<li data-section-id=\"12dtb25\" data-start=\"258\" data-end=\"324\">Das transparente Fenster setzt das Produkt in Szene und macht Appetit<\/li>\n<li data-section-id=\"bzs4yk\" data-start=\"325\" data-end=\"387\">Attraktives Design mit Flammen: verst\u00e4rkt das appetitliche Image<\/li>\n<li data-section-id=\"1fodg99\" data-start=\"388\" data-end=\"442\"><strong>Integrierter Griff<\/strong>: einfacher Transport f\u00fcr den Kunden<\/li>\n<li data-section-id=\"1skxp5w\" data-start=\"443\" data-end=\"483\">Robuster und hitzebest\u00e4ndiger Beutel<\/li>\n<li data-section-id=\"1q9eix2\" data-start=\"484\" data-end=\"544\">Geeignet f\u00fcr den Au\u00dfer-Haus-Verkauf (Grillh\u00e4hnchen, Catering&#8230;)<\/li>\n<\/ul>\n<p>&nbsp;<\/p>\n<p><!--more--><\/p>\n<h4>Weitere Informationen :<\/h4>\n<ul>\n<li><strong>Verpackung<\/strong>: Karton mit 500 St\u00fcck<\/li>\n<li><strong>Abmessungen<\/strong>: 31 x 25 + 15 cm<\/li>\n<li><strong>Farbe<\/strong>: Schwarz<\/li>\n<\/ul>\n<p data-start=\"916\" data-end=\"1019\">\n<p data-start=\"916\" data-end=\"1019\"><!--more--><\/p>\n<p data-start=\"916\" data-end=\"1019\"><a href=\"https:\/\/www.csj-emballages.com\/de\/categorie-produit\/lebensmittelverpackungen\/metzgerei-und-feinkostgeschaft\/sacke-und-beutel\/sacke-mit-huhnern\/\">Sehen Sie sich den Rest unseres Sortiments an H\u00fchnerbeuteln an.<\/a><\/p>\n","protected":false},"excerpt":{"rendered":"<p>Tasche Huhn Entdecken Sie unseren H\u00e4hnchenbeutel mit Zip-Verschluss 31 x 25 + 15 cm im 500er-Pack<\/p>\n","protected":false},"featured_media":278695,"template":"","meta":{"_acf_changed":false},"product_brand":[],"product_cat":[1137,1170,3962,3316],"product_tag":[],"class_list":{"0":"post-278707","1":"product","2":"type-product","3":"status-publish","4":"has-post-thumbnail","6":"product_cat-lebensmittelverpackungen","7":"product_cat-metzgerei-und-feinkostgeschaft","8":"product_cat-sacke-und-beutel","9":"product_cat-sacke-mit-huhnern","11":"first","12":"instock","13":"taxable","14":"shipping-taxable","15":"purchasable","16":"product-type-simple"},"acf":[],"yoast_head":"<!-- This site is optimized with the Yoast SEO Premium plugin v26.6 (Yoast SEO v26.6) - https:\/\/yoast.com\/wordpress\/plugins\/seo\/ -->\n<title>Tasche Huhn mit Rei\u00dfverschluss 31 x 25 + 15 cm pro 500<\/title>\n<meta name=\"description\" content=\"H\u00e4hnchenbeutel mit Zip-Verschluss 31 x 25 + 15 cm. Robust, praktisch und dicht, ideal f\u00fcr Brath\u00e4hnchen zum Mitnehmen. Los von 500.\" \/>\n<meta name=\"robots\" content=\"index, follow, max-snippet:-1, max-image-preview:large, max-video-preview:-1\" \/>\n<link rel=\"canonical\" href=\"https:\/\/www.csj-emballages.com\/de\/produit\/huehnerbeutel-mit-reissverschluss-31-x-25-15-cm-pro-500\/\" \/>\n<meta property=\"og:locale\" content=\"de_DE\" \/>\n<meta property=\"og:type\" content=\"article\" \/>\n<meta property=\"og:title\" content=\"H\u00fchnerbeutel mit Rei\u00dfverschluss 31 x 25 + 15 cm pro 500\" \/>\n<meta property=\"og:description\" content=\"H\u00e4hnchenbeutel mit Zip-Verschluss 31 x 25 + 15 cm. Robust, praktisch und dicht, ideal f\u00fcr Brath\u00e4hnchen zum Mitnehmen. Los von 500.\" \/>\n<meta property=\"og:url\" content=\"https:\/\/www.csj-emballages.com\/de\/produit\/huehnerbeutel-mit-reissverschluss-31-x-25-15-cm-pro-500\/\" \/>\n<meta property=\"og:site_name\" content=\"CSJ Emballages\" \/>\n<meta property=\"article:publisher\" content=\"https:\/\/www.facebook.com\/csjemballages\" \/>\n<meta property=\"article:modified_time\" content=\"2026-04-28T00:19:22+00:00\" \/>\n<meta property=\"og:image\" content=\"https:\/\/www.csj-emballages.com\/wp-content\/uploads\/2026\/04\/SPP1.webp\" \/>\n\t<meta property=\"og:image:width\" content=\"800\" \/>\n\t<meta property=\"og:image:height\" content=\"800\" \/>\n\t<meta property=\"og:image:type\" content=\"image\/webp\" \/>\n<meta name=\"twitter:card\" content=\"summary_large_image\" \/>\n<meta name=\"twitter:label1\" content=\"Gesch\u00e4tzte Lesezeit\" \/>\n\t<meta name=\"twitter:data1\" content=\"1\u00a0Minute\" \/>\n<script type=\"application\/ld+json\" class=\"yoast-schema-graph\">{\"@context\":\"https:\/\/schema.org\",\"@graph\":[{\"@type\":\"WebPage\",\"@id\":\"https:\/\/www.csj-emballages.com\/de\/produit\/huehnerbeutel-mit-reissverschluss-31-x-25-15-cm-pro-500\/\",\"url\":\"https:\/\/www.csj-emballages.com\/de\/produit\/huehnerbeutel-mit-reissverschluss-31-x-25-15-cm-pro-500\/\",\"name\":\"Tasche Huhn mit Rei\u00dfverschluss 31 x 25 + 15 cm pro 500\",\"isPartOf\":{\"@id\":\"https:\/\/www.csj-emballages.com\/de\/#website\"},\"primaryImageOfPage\":{\"@id\":\"https:\/\/www.csj-emballages.com\/de\/produit\/huehnerbeutel-mit-reissverschluss-31-x-25-15-cm-pro-500\/#primaryimage\"},\"image\":{\"@id\":\"https:\/\/www.csj-emballages.com\/de\/produit\/huehnerbeutel-mit-reissverschluss-31-x-25-15-cm-pro-500\/#primaryimage\"},\"thumbnailUrl\":\"https:\/\/www.csj-emballages.com\/wp-content\/uploads\/2026\/04\/SPP1.webp\",\"datePublished\":\"2026-04-15T12:18:16+00:00\",\"dateModified\":\"2026-04-28T00:19:22+00:00\",\"description\":\"H\u00e4hnchenbeutel mit Zip-Verschluss 31 x 25 + 15 cm. Robust, praktisch und dicht, ideal f\u00fcr Brath\u00e4hnchen zum Mitnehmen. Los von 500.\",\"breadcrumb\":{\"@id\":\"https:\/\/www.csj-emballages.com\/de\/produit\/huehnerbeutel-mit-reissverschluss-31-x-25-15-cm-pro-500\/#breadcrumb\"},\"inLanguage\":\"de\",\"potentialAction\":[{\"@type\":\"ReadAction\",\"target\":[\"https:\/\/www.csj-emballages.com\/de\/produit\/huehnerbeutel-mit-reissverschluss-31-x-25-15-cm-pro-500\/\"]}]},{\"@type\":\"ImageObject\",\"inLanguage\":\"de\",\"@id\":\"https:\/\/www.csj-emballages.com\/de\/produit\/huehnerbeutel-mit-reissverschluss-31-x-25-15-cm-pro-500\/#primaryimage\",\"url\":\"https:\/\/www.csj-emballages.com\/wp-content\/uploads\/2026\/04\/SPP1.webp\",\"contentUrl\":\"https:\/\/www.csj-emballages.com\/wp-content\/uploads\/2026\/04\/SPP1.webp\",\"width\":800,\"height\":800,\"caption\":\"Sac poulet\"},{\"@type\":\"BreadcrumbList\",\"@id\":\"https:\/\/www.csj-emballages.com\/de\/produit\/huehnerbeutel-mit-reissverschluss-31-x-25-15-cm-pro-500\/#breadcrumb\",\"itemListElement\":[{\"@type\":\"ListItem\",\"position\":1,\"name\":\"Accueil\",\"item\":\"https:\/\/www.csj-emballages.com\/de\/universum-lebensmittelverpackungen\/\"},{\"@type\":\"ListItem\",\"position\":2,\"name\":\"Shop\",\"item\":\"https:\/\/www.csj-emballages.com\/shop\/\"},{\"@type\":\"ListItem\",\"position\":3,\"name\":\"H\u00fchnerbeutel mit Rei\u00dfverschluss 31 x 25 + 15 cm pro 500\"}]},{\"@type\":\"WebSite\",\"@id\":\"https:\/\/www.csj-emballages.com\/de\/#website\",\"url\":\"https:\/\/www.csj-emballages.com\/de\/\",\"name\":\"CSJ Emballages\",\"description\":\"\",\"publisher\":{\"@id\":\"https:\/\/www.csj-emballages.com\/de\/#organization\"},\"potentialAction\":[{\"@type\":\"SearchAction\",\"target\":{\"@type\":\"EntryPoint\",\"urlTemplate\":\"https:\/\/www.csj-emballages.com\/de\/?s={search_term_string}\"},\"query-input\":{\"@type\":\"PropertyValueSpecification\",\"valueRequired\":true,\"valueName\":\"search_term_string\"}}],\"inLanguage\":\"de\"},{\"@type\":\"Organization\",\"@id\":\"https:\/\/www.csj-emballages.com\/de\/#Organization\/\",\"name\":\"CSJ Emballages\",\"url\":\"https:\/\/www.csj-emballages.com\/de\/\",\"logo\":{\"@type\":\"ImageObject\",\"inLanguage\":\"de\",\"@id\":\"https:\/\/www.csj-emballages.com\/de\/#\/schema\/logo\/image\/\",\"url\":\"https:\/\/www.csj-emballages.com\/wp-content\/uploads\/2023\/10\/logo_csj.webp\",\"contentUrl\":\"https:\/\/www.csj-emballages.com\/wp-content\/uploads\/2023\/10\/logo_csj.webp\",\"width\":250,\"height\":95,\"caption\":\"CSJ Emballages\"},\"image\":{\"@id\":\"https:\/\/www.csj-emballages.com\/de\/#\/schema\/logo\/image\/\"},\"sameAs\":[\"https:\/\/www.facebook.com\/csjemballages\"],\"address\":{\"@type\":\"PostalAddress\",\"streetAddress\":\"ZI La Lechere\",\"addressLocality\":\"Patornay\",\"postalCode\":\"39130\",\"addressCountry\":\"FR\"},\"contactPoint\":[{\"@type\":\"ContactPoint\",\"contactType\":\"Service client\",\"telephone\":\"0384254272\",\"email\":\"contact@csj-emballages.com\"}]}]}<\/script>\n<!-- \/ Yoast SEO Premium plugin. -->","yoast_head_json":{"title":"Tasche Huhn mit Rei\u00dfverschluss 31 x 25 + 15 cm pro 500","description":"H\u00e4hnchenbeutel mit Zip-Verschluss 31 x 25 + 15 cm. Robust, praktisch und dicht, ideal f\u00fcr Brath\u00e4hnchen zum Mitnehmen. Los von 500.","robots":{"index":"index","follow":"follow","max-snippet":"max-snippet:-1","max-image-preview":"max-image-preview:large","max-video-preview":"max-video-preview:-1"},"canonical":"https:\/\/www.csj-emballages.com\/de\/produit\/huehnerbeutel-mit-reissverschluss-31-x-25-15-cm-pro-500\/","og_locale":"de_DE","og_type":"article","og_title":"H\u00fchnerbeutel mit Rei\u00dfverschluss 31 x 25 + 15 cm pro 500","og_description":"H\u00e4hnchenbeutel mit Zip-Verschluss 31 x 25 + 15 cm. Robust, praktisch und dicht, ideal f\u00fcr Brath\u00e4hnchen zum Mitnehmen. Los von 500.","og_url":"https:\/\/www.csj-emballages.com\/de\/produit\/huehnerbeutel-mit-reissverschluss-31-x-25-15-cm-pro-500\/","og_site_name":"CSJ Emballages","article_publisher":"https:\/\/www.facebook.com\/csjemballages","article_modified_time":"2026-04-28T00:19:22+00:00","og_image":[{"width":800,"height":800,"url":"https:\/\/www.csj-emballages.com\/wp-content\/uploads\/2026\/04\/SPP1.webp","type":"image\/webp"}],"twitter_card":"summary_large_image","twitter_misc":{"Gesch\u00e4tzte Lesezeit":"1\u00a0Minute"},"schema":{"@context":"https:\/\/schema.org","@graph":[{"@type":"WebPage","@id":"https:\/\/www.csj-emballages.com\/de\/produit\/huehnerbeutel-mit-reissverschluss-31-x-25-15-cm-pro-500\/","url":"https:\/\/www.csj-emballages.com\/de\/produit\/huehnerbeutel-mit-reissverschluss-31-x-25-15-cm-pro-500\/","name":"Tasche Huhn mit Rei\u00dfverschluss 31 x 25 + 15 cm pro 500","isPartOf":{"@id":"https:\/\/www.csj-emballages.com\/de\/#website"},"primaryImageOfPage":{"@id":"https:\/\/www.csj-emballages.com\/de\/produit\/huehnerbeutel-mit-reissverschluss-31-x-25-15-cm-pro-500\/#primaryimage"},"image":{"@id":"https:\/\/www.csj-emballages.com\/de\/produit\/huehnerbeutel-mit-reissverschluss-31-x-25-15-cm-pro-500\/#primaryimage"},"thumbnailUrl":"https:\/\/www.csj-emballages.com\/wp-content\/uploads\/2026\/04\/SPP1.webp","datePublished":"2026-04-15T12:18:16+00:00","dateModified":"2026-04-28T00:19:22+00:00","description":"H\u00e4hnchenbeutel mit Zip-Verschluss 31 x 25 + 15 cm. Robust, praktisch und dicht, ideal f\u00fcr Brath\u00e4hnchen zum Mitnehmen. Los von 500.","breadcrumb":{"@id":"https:\/\/www.csj-emballages.com\/de\/produit\/huehnerbeutel-mit-reissverschluss-31-x-25-15-cm-pro-500\/#breadcrumb"},"inLanguage":"de","potentialAction":[{"@type":"ReadAction","target":["https:\/\/www.csj-emballages.com\/de\/produit\/huehnerbeutel-mit-reissverschluss-31-x-25-15-cm-pro-500\/"]}]},{"@type":"ImageObject","inLanguage":"de","@id":"https:\/\/www.csj-emballages.com\/de\/produit\/huehnerbeutel-mit-reissverschluss-31-x-25-15-cm-pro-500\/#primaryimage","url":"https:\/\/www.csj-emballages.com\/wp-content\/uploads\/2026\/04\/SPP1.webp","contentUrl":"https:\/\/www.csj-emballages.com\/wp-content\/uploads\/2026\/04\/SPP1.webp","width":800,"height":800,"caption":"Sac poulet"},{"@type":"BreadcrumbList","@id":"https:\/\/www.csj-emballages.com\/de\/produit\/huehnerbeutel-mit-reissverschluss-31-x-25-15-cm-pro-500\/#breadcrumb","itemListElement":[{"@type":"ListItem","position":1,"name":"Accueil","item":"https:\/\/www.csj-emballages.com\/de\/universum-lebensmittelverpackungen\/"},{"@type":"ListItem","position":2,"name":"Shop","item":"https:\/\/www.csj-emballages.com\/shop\/"},{"@type":"ListItem","position":3,"name":"H\u00fchnerbeutel mit Rei\u00dfverschluss 31 x 25 + 15 cm pro 500"}]},{"@type":"WebSite","@id":"https:\/\/www.csj-emballages.com\/de\/#website","url":"https:\/\/www.csj-emballages.com\/de\/","name":"CSJ Emballages","description":"","publisher":{"@id":"https:\/\/www.csj-emballages.com\/de\/#organization"},"potentialAction":[{"@type":"SearchAction","target":{"@type":"EntryPoint","urlTemplate":"https:\/\/www.csj-emballages.com\/de\/?s={search_term_string}"},"query-input":{"@type":"PropertyValueSpecification","valueRequired":true,"valueName":"search_term_string"}}],"inLanguage":"de"},{"@type":"Organization","@id":"https:\/\/www.csj-emballages.com\/de\/#Organization\/","name":"CSJ Emballages","url":"https:\/\/www.csj-emballages.com\/de\/","logo":{"@type":"ImageObject","inLanguage":"de","@id":"https:\/\/www.csj-emballages.com\/de\/#\/schema\/logo\/image\/","url":"https:\/\/www.csj-emballages.com\/wp-content\/uploads\/2023\/10\/logo_csj.webp","contentUrl":"https:\/\/www.csj-emballages.com\/wp-content\/uploads\/2023\/10\/logo_csj.webp","width":250,"height":95,"caption":"CSJ Emballages"},"image":{"@id":"https:\/\/www.csj-emballages.com\/de\/#\/schema\/logo\/image\/"},"sameAs":["https:\/\/www.facebook.com\/csjemballages"],"address":{"@type":"PostalAddress","streetAddress":"ZI La Lechere","addressLocality":"Patornay","postalCode":"39130","addressCountry":"FR"},"contactPoint":[{"@type":"ContactPoint","contactType":"Service client","telephone":"0384254272","email":"contact@csj-emballages.com"}]}]}},"df_price":116.56,"df_sale_price":"","df_regular_price":116.56,"df_image_link":"https:\/\/www.csj-emballages.com\/wp-content\/uploads\/2026\/04\/SPP1-300x300.webp","tiered_pricing_type":"fixed","tiered_pricing_fixed_rules":[],"tiered_pricing_percentage_rules":[],"tiered_pricing_minimum":1,"tiered_pricing_roles_data":[],"_links":{"self":[{"href":"https:\/\/www.csj-emballages.com\/de\/wp-json\/wp\/v2\/product\/278707","targetHints":{"allow":["GET"]}}],"collection":[{"href":"https:\/\/www.csj-emballages.com\/de\/wp-json\/wp\/v2\/product"}],"about":[{"href":"https:\/\/www.csj-emballages.com\/de\/wp-json\/wp\/v2\/types\/product"}],"wp:featuredmedia":[{"embeddable":true,"href":"https:\/\/www.csj-emballages.com\/de\/wp-json\/wp\/v2\/media\/278695"}],"wp:attachment":[{"href":"https:\/\/www.csj-emballages.com\/de\/wp-json\/wp\/v2\/media?parent=278707"}],"wp:term":[{"taxonomy":"product_brand","embeddable":true,"href":"https:\/\/www.csj-emballages.com\/de\/wp-json\/wp\/v2\/product_brand?post=278707"},{"taxonomy":"product_cat","embeddable":true,"href":"https:\/\/www.csj-emballages.com\/de\/wp-json\/wp\/v2\/product_cat?post=278707"},{"taxonomy":"product_tag","embeddable":true,"href":"https:\/\/www.csj-emballages.com\/de\/wp-json\/wp\/v2\/product_tag?post=278707"}],"curies":[{"name":"wp","href":"https:\/\/api.w.org\/{rel}","templated":true}]}}