{"id":278322,"date":"2026-04-03T17:18:19","date_gmt":"2026-04-03T15:18:19","guid":{"rendered":"https:\/\/www.csj-emballages.com\/produit\/catering-box-rechteckig-karton-weiss-35-x-26-x-6-cm-25er-pack\/"},"modified":"2026-04-28T15:06:53","modified_gmt":"2026-04-28T13:06:53","slug":"catering-box-rechteckig-karton-weiss-35-x-26-x-6-cm-25er-pack","status":"publish","type":"product","link":"https:\/\/www.csj-emballages.com\/de\/produit\/catering-box-rechteckig-karton-weiss-35-x-26-x-6-cm-25er-pack\/","title":{"rendered":"Catering-Box rechteckig Karton wei\u00df 35 x 26 x 6 cm 25er-Pack"},"content":{"rendered":"<h2>Traiteurbox<\/h2>\n<hr>\n<h3>Entdecken Sie unsere rechteckige Catering-Box aus wei\u00dfem Karton 35 x 26 x 6 cm im 25er-Pack<\/h3>\n<p><!--more--><\/p>\n<p data-start=\"0\" data-end=\"282\">Wenn die Pr\u00e4sentation genauso wichtig ist wie der Geschmack, wird diese <strong>rechteckige Catering-Box aus wei\u00dfem Karton<\/strong> schnell unverzichtbar. Mit ihrem gro\u00dfz\u00fcgigen Format von <strong>35 x 26 x 6 cm<\/strong> eignet sie sich perfekt f\u00fcr <strong>zubereitete Speisen, kalte Buffets, Geb\u00e4ck oder herzhafte Sortimente<\/strong> mit Eleganz. <\/p>\n<p data-start=\"284\" data-end=\"530\">Ihre <strong>wei\u00dfe Farbe<\/strong> verleiht eine saubere, professionelle und gepflegte Note, ideal um Ihre Zubereitungen hervorzuheben, ohne zu \u00fcbertreiben. Sie passt sich allen Anl\u00e4ssen an: Veranstaltungen, Au\u00dfer-Haus-Verkauf, Catering-Dienstleistungen oder festliche Mahlzeiten. <\/p>\n<p data-start=\"532\" data-end=\"840\" data-is-last-node=\"\" data-is-only-node=\"\">Stabil und zuverl\u00e4ssig sch\u00fctzt sie Ihre Kreationen effektiv und erleichtert gleichzeitig den Transport. Ein echter Alltagshelfer f\u00fcr Profis. Im <strong>25er-Pack<\/strong> verkauft, begleitet sie Sie zuverl\u00e4ssig bei Ihren Dienstleistungen, auch bei den arbeitsreichsten.  <\/p>\n<p data-start=\"552\" data-end=\"860\" data-is-last-node=\"\" data-is-only-node=\"\"><!--more--><\/p>\n<h4 data-start=\"552\" data-end=\"860\">Vorteile :<\/h4>\n<ul>\n<li data-section-id=\"17oxedn\" data-start=\"65\" data-end=\"162\">Ideal f\u00fcr Speisen, Buffets, Men\u00fctabletts oder gro\u00dfe Geb\u00e4ckst\u00fccke<\/li>\n<li data-section-id=\"drgyuy\" data-start=\"163\" data-end=\"259\">Das <strong>Wei\u00df<\/strong> vermittelt ein sauberes, professionelles und aufwertendes Image<\/li>\n<li data-section-id=\"o8vhv0\" data-start=\"260\" data-end=\"337\">Stabiler Karton, der Ihre Zubereitungen effektiv sch\u00fctzt<\/li>\n<li data-section-id=\"1079d6v\" data-start=\"338\" data-end=\"419\">Ihre Speisen bleiben gut an Ort und Stelle, auch unterwegs<\/li>\n<li data-section-id=\"tg3hhc\" data-start=\"420\" data-end=\"512\">Perfekt f\u00fcr Caterer, Veranstaltungen, Au\u00dfer-Haus-Verkauf oder Privatpersonen<\/li>\n<li data-section-id=\"1w9v83h\" data-start=\"513\" data-end=\"590\"> Einfacher Aufbau f\u00fcr Zeitersparnis im Alltag<\/li>\n<\/ul>\n<p>&nbsp;<\/p>\n<p data-start=\"552\" data-end=\"860\" data-is-last-node=\"\" data-is-only-node=\"\"><!--more--><\/p>\n<h4 data-start=\"552\" data-end=\"860\">Weitere Informationen:<\/h4>\n<ul>\n<li><strong>Verpackung<\/strong>: Packung mit 25 St\u00fcck<\/li>\n<li><strong>Abmessungen<\/strong>: 35 x 26 x 6 cm<\/li>\n<li><strong>Farbe<\/strong>: Wei\u00df<\/li>\n<li><strong>Material<\/strong>: Karton<\/li>\n<\/ul>\n<p>&nbsp;<\/p>\n<p><!--more--><\/p>\n<p><a href=\"https:\/\/www.csj-emballages.com\/de\/categorie-produit\/lebensmittelverpackungen\/backerei-und-konditorei\/schachteln-und-etuis\/fensterkasten\/\">Entdecken Sie unser weiteres Sortiment an Sichtfensterboxen<\/a><\/p>\n","protected":false},"excerpt":{"rendered":"<p>Traiteurbox Entdecken Sie unsere rechteckige Catering-Box aus wei\u00dfem Karton 35 x 26 x 6 cm im 25er-Pack<\/p>\n","protected":false},"featured_media":233041,"template":"","meta":{"_acf_changed":false},"product_brand":[],"product_cat":[1137,1170,2277,1169,1171,3964,1256,3119,1265],"product_tag":[],"class_list":{"0":"post-278322","1":"product","2":"type-product","3":"status-publish","4":"has-post-thumbnail","6":"product_cat-lebensmittelverpackungen","7":"product_cat-metzgerei-und-feinkostgeschaft","8":"product_cat-schalen-dosen-und-glaser","9":"product_cat-catering-lunchboxen","10":"product_cat-backerei-und-konditorei","11":"product_cat-schachteln-und-etuis","12":"product_cat-gebackschachteln","13":"product_cat-gebackschachteln-de","14":"product_cat-lagerbestande-promotion","16":"first","17":"instock","18":"sale","19":"taxable","20":"shipping-taxable","21":"purchasable","22":"product-type-simple"},"acf":[],"yoast_head":"<!-- This site is optimized with the Yoast SEO Premium plugin v26.6 (Yoast SEO v26.6) - https:\/\/yoast.com\/wordpress\/plugins\/seo\/ -->\n<title>Catering-Box Rechteckig Karton Wei\u00df 35 x 26 x 6 cm 25er-Pack<\/title>\n<meta name=\"description\" content=\"Wei\u00dfe rechteckige Catering-Box 35 x 26 x 6 cm, ideal zum Transport und zur Pr\u00e4sentation von Speisen und Buffets. Stabil, praktisch und im 25er-Pack erh\u00e4ltlich.\" \/>\n<meta name=\"robots\" content=\"index, follow, max-snippet:-1, max-image-preview:large, max-video-preview:-1\" \/>\n<link rel=\"canonical\" href=\"https:\/\/www.csj-emballages.com\/de\/produit\/catering-box-rechteckig-karton-weiss-35-x-26-x-6-cm-25er-pack\/\" \/>\n<meta property=\"og:locale\" content=\"de_DE\" \/>\n<meta property=\"og:type\" content=\"article\" \/>\n<meta property=\"og:title\" content=\"Catering-Box rechteckig Karton wei\u00df 35 x 26 x 6 cm 25er-Pack\" \/>\n<meta property=\"og:description\" content=\"Wei\u00dfe rechteckige Catering-Box 35 x 26 x 6 cm, ideal zum Transport und zur Pr\u00e4sentation von Speisen und Buffets. Stabil, praktisch und im 25er-Pack erh\u00e4ltlich.\" \/>\n<meta property=\"og:url\" content=\"https:\/\/www.csj-emballages.com\/de\/produit\/catering-box-rechteckig-karton-weiss-35-x-26-x-6-cm-25er-pack\/\" \/>\n<meta property=\"og:site_name\" content=\"CSJ Emballages\" \/>\n<meta property=\"article:publisher\" content=\"https:\/\/www.facebook.com\/csjemballages\" \/>\n<meta property=\"article:modified_time\" content=\"2026-04-28T13:06:53+00:00\" \/>\n<meta property=\"og:image\" content=\"https:\/\/www.csj-emballages.com\/wp-content\/uploads\/2025\/03\/Boite-traiteur.webp\" \/>\n\t<meta property=\"og:image:width\" content=\"800\" \/>\n\t<meta property=\"og:image:height\" content=\"800\" \/>\n\t<meta property=\"og:image:type\" content=\"image\/webp\" \/>\n<meta name=\"twitter:card\" content=\"summary_large_image\" \/>\n<meta name=\"twitter:label1\" content=\"Gesch\u00e4tzte Lesezeit\" \/>\n\t<meta name=\"twitter:data1\" content=\"1\u00a0Minute\" \/>\n<script type=\"application\/ld+json\" class=\"yoast-schema-graph\">{\"@context\":\"https:\/\/schema.org\",\"@graph\":[{\"@type\":\"WebPage\",\"@id\":\"https:\/\/www.csj-emballages.com\/de\/produit\/catering-box-rechteckig-karton-weiss-35-x-26-x-6-cm-25er-pack\/\",\"url\":\"https:\/\/www.csj-emballages.com\/de\/produit\/catering-box-rechteckig-karton-weiss-35-x-26-x-6-cm-25er-pack\/\",\"name\":\"Catering-Box Rechteckig Karton Wei\u00df 35 x 26 x 6 cm 25er-Pack\",\"isPartOf\":{\"@id\":\"https:\/\/www.csj-emballages.com\/de\/#website\"},\"primaryImageOfPage\":{\"@id\":\"https:\/\/www.csj-emballages.com\/de\/produit\/catering-box-rechteckig-karton-weiss-35-x-26-x-6-cm-25er-pack\/#primaryimage\"},\"image\":{\"@id\":\"https:\/\/www.csj-emballages.com\/de\/produit\/catering-box-rechteckig-karton-weiss-35-x-26-x-6-cm-25er-pack\/#primaryimage\"},\"thumbnailUrl\":\"https:\/\/www.csj-emballages.com\/wp-content\/uploads\/2025\/03\/Boite-traiteur.webp\",\"datePublished\":\"2026-04-03T15:18:19+00:00\",\"dateModified\":\"2026-04-28T13:06:53+00:00\",\"description\":\"Wei\u00dfe rechteckige Catering-Box 35 x 26 x 6 cm, ideal zum Transport und zur Pr\u00e4sentation von Speisen und Buffets. Stabil, praktisch und im 25er-Pack erh\u00e4ltlich.\",\"breadcrumb\":{\"@id\":\"https:\/\/www.csj-emballages.com\/de\/produit\/catering-box-rechteckig-karton-weiss-35-x-26-x-6-cm-25er-pack\/#breadcrumb\"},\"inLanguage\":\"de\",\"potentialAction\":[{\"@type\":\"ReadAction\",\"target\":[\"https:\/\/www.csj-emballages.com\/de\/produit\/catering-box-rechteckig-karton-weiss-35-x-26-x-6-cm-25er-pack\/\"]}]},{\"@type\":\"ImageObject\",\"inLanguage\":\"de\",\"@id\":\"https:\/\/www.csj-emballages.com\/de\/produit\/catering-box-rechteckig-karton-weiss-35-x-26-x-6-cm-25er-pack\/#primaryimage\",\"url\":\"https:\/\/www.csj-emballages.com\/wp-content\/uploads\/2025\/03\/Boite-traiteur.webp\",\"contentUrl\":\"https:\/\/www.csj-emballages.com\/wp-content\/uploads\/2025\/03\/Boite-traiteur.webp\",\"width\":800,\"height\":800,\"caption\":\"boite traiteur\"},{\"@type\":\"BreadcrumbList\",\"@id\":\"https:\/\/www.csj-emballages.com\/de\/produit\/catering-box-rechteckig-karton-weiss-35-x-26-x-6-cm-25er-pack\/#breadcrumb\",\"itemListElement\":[{\"@type\":\"ListItem\",\"position\":1,\"name\":\"Accueil\",\"item\":\"https:\/\/www.csj-emballages.com\/de\/universum-lebensmittelverpackungen\/\"},{\"@type\":\"ListItem\",\"position\":2,\"name\":\"Shop\",\"item\":\"https:\/\/www.csj-emballages.com\/shop\/\"},{\"@type\":\"ListItem\",\"position\":3,\"name\":\"Catering-Box rechteckig Karton wei\u00df 35 x 26 x 6 cm 25er-Pack\"}]},{\"@type\":\"WebSite\",\"@id\":\"https:\/\/www.csj-emballages.com\/de\/#website\",\"url\":\"https:\/\/www.csj-emballages.com\/de\/\",\"name\":\"CSJ Emballages\",\"description\":\"\",\"publisher\":{\"@id\":\"https:\/\/www.csj-emballages.com\/de\/#organization\"},\"potentialAction\":[{\"@type\":\"SearchAction\",\"target\":{\"@type\":\"EntryPoint\",\"urlTemplate\":\"https:\/\/www.csj-emballages.com\/de\/?s={search_term_string}\"},\"query-input\":{\"@type\":\"PropertyValueSpecification\",\"valueRequired\":true,\"valueName\":\"search_term_string\"}}],\"inLanguage\":\"de\"},{\"@type\":\"Organization\",\"@id\":\"https:\/\/www.csj-emballages.com\/de\/#Organization\/\",\"name\":\"CSJ Emballages\",\"url\":\"https:\/\/www.csj-emballages.com\/de\/\",\"logo\":{\"@type\":\"ImageObject\",\"inLanguage\":\"de\",\"@id\":\"https:\/\/www.csj-emballages.com\/de\/#\/schema\/logo\/image\/\",\"url\":\"https:\/\/www.csj-emballages.com\/wp-content\/uploads\/2023\/10\/logo_csj.webp\",\"contentUrl\":\"https:\/\/www.csj-emballages.com\/wp-content\/uploads\/2023\/10\/logo_csj.webp\",\"width\":250,\"height\":95,\"caption\":\"CSJ Emballages\"},\"image\":{\"@id\":\"https:\/\/www.csj-emballages.com\/de\/#\/schema\/logo\/image\/\"},\"sameAs\":[\"https:\/\/www.facebook.com\/csjemballages\"],\"address\":{\"@type\":\"PostalAddress\",\"streetAddress\":\"ZI La Lechere\",\"addressLocality\":\"Patornay\",\"postalCode\":\"39130\",\"addressCountry\":\"FR\"},\"contactPoint\":[{\"@type\":\"ContactPoint\",\"contactType\":\"Service client\",\"telephone\":\"0384254272\",\"email\":\"contact@csj-emballages.com\"}]}]}<\/script>\n<!-- \/ Yoast SEO Premium plugin. -->","yoast_head_json":{"title":"Catering-Box Rechteckig Karton Wei\u00df 35 x 26 x 6 cm 25er-Pack","description":"Wei\u00dfe rechteckige Catering-Box 35 x 26 x 6 cm, ideal zum Transport und zur Pr\u00e4sentation von Speisen und Buffets. Stabil, praktisch und im 25er-Pack erh\u00e4ltlich.","robots":{"index":"index","follow":"follow","max-snippet":"max-snippet:-1","max-image-preview":"max-image-preview:large","max-video-preview":"max-video-preview:-1"},"canonical":"https:\/\/www.csj-emballages.com\/de\/produit\/catering-box-rechteckig-karton-weiss-35-x-26-x-6-cm-25er-pack\/","og_locale":"de_DE","og_type":"article","og_title":"Catering-Box rechteckig Karton wei\u00df 35 x 26 x 6 cm 25er-Pack","og_description":"Wei\u00dfe rechteckige Catering-Box 35 x 26 x 6 cm, ideal zum Transport und zur Pr\u00e4sentation von Speisen und Buffets. Stabil, praktisch und im 25er-Pack erh\u00e4ltlich.","og_url":"https:\/\/www.csj-emballages.com\/de\/produit\/catering-box-rechteckig-karton-weiss-35-x-26-x-6-cm-25er-pack\/","og_site_name":"CSJ Emballages","article_publisher":"https:\/\/www.facebook.com\/csjemballages","article_modified_time":"2026-04-28T13:06:53+00:00","og_image":[{"width":800,"height":800,"url":"https:\/\/www.csj-emballages.com\/wp-content\/uploads\/2025\/03\/Boite-traiteur.webp","type":"image\/webp"}],"twitter_card":"summary_large_image","twitter_misc":{"Gesch\u00e4tzte Lesezeit":"1\u00a0Minute"},"schema":{"@context":"https:\/\/schema.org","@graph":[{"@type":"WebPage","@id":"https:\/\/www.csj-emballages.com\/de\/produit\/catering-box-rechteckig-karton-weiss-35-x-26-x-6-cm-25er-pack\/","url":"https:\/\/www.csj-emballages.com\/de\/produit\/catering-box-rechteckig-karton-weiss-35-x-26-x-6-cm-25er-pack\/","name":"Catering-Box Rechteckig Karton Wei\u00df 35 x 26 x 6 cm 25er-Pack","isPartOf":{"@id":"https:\/\/www.csj-emballages.com\/de\/#website"},"primaryImageOfPage":{"@id":"https:\/\/www.csj-emballages.com\/de\/produit\/catering-box-rechteckig-karton-weiss-35-x-26-x-6-cm-25er-pack\/#primaryimage"},"image":{"@id":"https:\/\/www.csj-emballages.com\/de\/produit\/catering-box-rechteckig-karton-weiss-35-x-26-x-6-cm-25er-pack\/#primaryimage"},"thumbnailUrl":"https:\/\/www.csj-emballages.com\/wp-content\/uploads\/2025\/03\/Boite-traiteur.webp","datePublished":"2026-04-03T15:18:19+00:00","dateModified":"2026-04-28T13:06:53+00:00","description":"Wei\u00dfe rechteckige Catering-Box 35 x 26 x 6 cm, ideal zum Transport und zur Pr\u00e4sentation von Speisen und Buffets. Stabil, praktisch und im 25er-Pack erh\u00e4ltlich.","breadcrumb":{"@id":"https:\/\/www.csj-emballages.com\/de\/produit\/catering-box-rechteckig-karton-weiss-35-x-26-x-6-cm-25er-pack\/#breadcrumb"},"inLanguage":"de","potentialAction":[{"@type":"ReadAction","target":["https:\/\/www.csj-emballages.com\/de\/produit\/catering-box-rechteckig-karton-weiss-35-x-26-x-6-cm-25er-pack\/"]}]},{"@type":"ImageObject","inLanguage":"de","@id":"https:\/\/www.csj-emballages.com\/de\/produit\/catering-box-rechteckig-karton-weiss-35-x-26-x-6-cm-25er-pack\/#primaryimage","url":"https:\/\/www.csj-emballages.com\/wp-content\/uploads\/2025\/03\/Boite-traiteur.webp","contentUrl":"https:\/\/www.csj-emballages.com\/wp-content\/uploads\/2025\/03\/Boite-traiteur.webp","width":800,"height":800,"caption":"boite traiteur"},{"@type":"BreadcrumbList","@id":"https:\/\/www.csj-emballages.com\/de\/produit\/catering-box-rechteckig-karton-weiss-35-x-26-x-6-cm-25er-pack\/#breadcrumb","itemListElement":[{"@type":"ListItem","position":1,"name":"Accueil","item":"https:\/\/www.csj-emballages.com\/de\/universum-lebensmittelverpackungen\/"},{"@type":"ListItem","position":2,"name":"Shop","item":"https:\/\/www.csj-emballages.com\/shop\/"},{"@type":"ListItem","position":3,"name":"Catering-Box rechteckig Karton wei\u00df 35 x 26 x 6 cm 25er-Pack"}]},{"@type":"WebSite","@id":"https:\/\/www.csj-emballages.com\/de\/#website","url":"https:\/\/www.csj-emballages.com\/de\/","name":"CSJ Emballages","description":"","publisher":{"@id":"https:\/\/www.csj-emballages.com\/de\/#organization"},"potentialAction":[{"@type":"SearchAction","target":{"@type":"EntryPoint","urlTemplate":"https:\/\/www.csj-emballages.com\/de\/?s={search_term_string}"},"query-input":{"@type":"PropertyValueSpecification","valueRequired":true,"valueName":"search_term_string"}}],"inLanguage":"de"},{"@type":"Organization","@id":"https:\/\/www.csj-emballages.com\/de\/#Organization\/","name":"CSJ Emballages","url":"https:\/\/www.csj-emballages.com\/de\/","logo":{"@type":"ImageObject","inLanguage":"de","@id":"https:\/\/www.csj-emballages.com\/de\/#\/schema\/logo\/image\/","url":"https:\/\/www.csj-emballages.com\/wp-content\/uploads\/2023\/10\/logo_csj.webp","contentUrl":"https:\/\/www.csj-emballages.com\/wp-content\/uploads\/2023\/10\/logo_csj.webp","width":250,"height":95,"caption":"CSJ Emballages"},"image":{"@id":"https:\/\/www.csj-emballages.com\/de\/#\/schema\/logo\/image\/"},"sameAs":["https:\/\/www.facebook.com\/csjemballages"],"address":{"@type":"PostalAddress","streetAddress":"ZI La Lechere","addressLocality":"Patornay","postalCode":"39130","addressCountry":"FR"},"contactPoint":[{"@type":"ContactPoint","contactType":"Service client","telephone":"0384254272","email":"contact@csj-emballages.com"}]}]}},"df_price":13.93,"df_sale_price":13.93,"df_regular_price":14.66,"df_image_link":"https:\/\/www.csj-emballages.com\/wp-content\/uploads\/2025\/03\/Boite-traiteur-300x300.webp","tiered_pricing_type":"fixed","tiered_pricing_fixed_rules":[],"tiered_pricing_percentage_rules":[],"tiered_pricing_minimum":1,"tiered_pricing_roles_data":[],"_links":{"self":[{"href":"https:\/\/www.csj-emballages.com\/de\/wp-json\/wp\/v2\/product\/278322","targetHints":{"allow":["GET"]}}],"collection":[{"href":"https:\/\/www.csj-emballages.com\/de\/wp-json\/wp\/v2\/product"}],"about":[{"href":"https:\/\/www.csj-emballages.com\/de\/wp-json\/wp\/v2\/types\/product"}],"wp:featuredmedia":[{"embeddable":true,"href":"https:\/\/www.csj-emballages.com\/de\/wp-json\/wp\/v2\/media\/233041"}],"wp:attachment":[{"href":"https:\/\/www.csj-emballages.com\/de\/wp-json\/wp\/v2\/media?parent=278322"}],"wp:term":[{"taxonomy":"product_brand","embeddable":true,"href":"https:\/\/www.csj-emballages.com\/de\/wp-json\/wp\/v2\/product_brand?post=278322"},{"taxonomy":"product_cat","embeddable":true,"href":"https:\/\/www.csj-emballages.com\/de\/wp-json\/wp\/v2\/product_cat?post=278322"},{"taxonomy":"product_tag","embeddable":true,"href":"https:\/\/www.csj-emballages.com\/de\/wp-json\/wp\/v2\/product_tag?post=278322"}],"curies":[{"name":"wp","href":"https:\/\/api.w.org\/{rel}","templated":true}]}}