{"id":278317,"date":"2026-04-03T17:18:22","date_gmt":"2026-04-03T15:18:22","guid":{"rendered":"https:\/\/www.csj-emballages.com\/produit\/kartonbox-mit-fenster-17-x-10-x-5-cm-50-stueck\/"},"modified":"2026-04-24T02:12:52","modified_gmt":"2026-04-24T00:12:52","slug":"kartonbox-mit-fenster-17-x-10-x-5-cm-50-stueck","status":"publish","type":"product","link":"https:\/\/www.csj-emballages.com\/de\/produit\/kartonbox-mit-fenster-17-x-10-x-5-cm-50-stueck\/","title":{"rendered":"Kartonbox mit Fenster 17 x 10 x 5 cm, 50 St\u00fcck"},"content":{"rendered":"<h2>Kartonbox mit Fenster<\/h2>\n<hr>\n<h3>Entdecken Sie unsere wei\u00dfe Patisserie-Box mit Griff 17 x 10 x 5 cm, 50 St\u00fcck<\/h3>\n<p><!--more--><\/p>\n<p data-start=\"0\" data-end=\"298\">Weil man auch mit den Augen isst, ist diese <strong>Kraft-Kartonbox mit Fenster<\/strong> perfekt, um Ihre sch\u00f6nen Kreationen schon auf den ersten Blick zu pr\u00e4sentieren. Sein kleines Plus? Eine gro\u00dfe <strong>transparente \u00d6ffnung<\/strong>, die Ihre Patisserien sichtbar macht, ohne die Box \u00fcberhaupt zu \u00f6ffnen \u2026 ideal, um im Handumdrehen Lust zu machen.  <\/p>\n<p data-start=\"300\" data-end=\"550\">Mit ihrem <strong>Format 17 x 10 x 5 cm<\/strong> bietet sie problemlos Platz f\u00fcr <strong>Einzelkuchen, gro\u00dfz\u00fcgige St\u00fccke oder kleine Leckereien<\/strong> zum <strong>Mitnehmen<\/strong>. Der Kraftkarton verleiht eine nat\u00fcrliche, warme Note \u2013 perfekt, um ein handwerkliches und authentisches Image zu unterstreichen. <\/p>\n<p data-start=\"552\" data-end=\"860\" data-is-last-node=\"\" data-is-only-node=\"\">Im Alltag praktisch: Sie sch\u00fctzt Ihre Produkte zuverl\u00e4ssig und bleibt dabei einfach zu handhaben. Ob f\u00fcr den Au\u00dfer-Haus-Verkauf, die Auslage oder als Genussgeschenk \u2013 sie macht immer Eindruck. Und mit dem <strong>50er-Pack<\/strong> sind Sie bestens ger\u00fcstet, um das Tempo zu halten \u2013 ohne Kompromisse zwischen Stil und Praktikabilit\u00e4t.  <\/p>\n<p data-start=\"552\" data-end=\"860\" data-is-last-node=\"\" data-is-only-node=\"\"><!--more--><\/p>\n<h4 data-start=\"552\" data-end=\"860\">Vorteile :<\/h4>\n<ul>\n<li data-section-id=\"1abkbml\" data-start=\"53\" data-end=\"162\">Das transparente Fenster setzt Ihre Produkte in Szene, ohne die Box zu \u00f6ffnen<\/li>\n<li data-section-id=\"1l65enp\" data-start=\"163\" data-end=\"260\">Kraft unterstreicht ein handwerkliches, authentisches und gepflegtes Image<\/li>\n<li data-section-id=\"18m3j81\" data-start=\"261\" data-end=\"358\">Perfekt f\u00fcr Patisserien, Kuchenst\u00fccke, Snacks oder S\u00fc\u00dfigkeiten zum Mitnehmen<\/li>\n<li data-section-id=\"1bugrsq\" data-start=\"359\" data-end=\"459\">Stabile Konstruktion, die Ihre Produkte beim Transport sicher an Ort und Stelle h\u00e4lt<\/li>\n<li data-section-id=\"o7faa3\" data-start=\"460\" data-end=\"552\">Einfach aufzubauen und zu handhaben \u2013 Zeitersparnis bei der Vorbereitung<\/li>\n<li data-section-id=\"110awgb\" data-start=\"553\" data-end=\"658\">Geeignet f\u00fcr B\u00e4ckereien, Konditoreien, Caterer oder auch f\u00fcr Genussgeschenke<\/li>\n<\/ul>\n<p data-start=\"552\" data-end=\"860\" data-is-last-node=\"\" data-is-only-node=\"\"><!--more--><\/p>\n<h4 data-start=\"552\" data-end=\"860\">Weitere Informationen:<\/h4>\n<ul>\n<li><strong>Verpackung<\/strong>: Packung mit 50 St\u00fcck<\/li>\n<li><strong>Ma\u00dfe<\/strong>: 17 x 10 x 5 cm<\/li>\n<li><strong>Farbe<\/strong>: Kraft<\/li>\n<li><strong>Material<\/strong>: Karton \/ PET<\/li>\n<\/ul>\n<p>&nbsp;<\/p>\n<p><!--more--><\/p>\n<p>Diese Kraft-Fensterbox ist in einer gr\u00f6\u00dferen Gr\u00f6\u00dfe erh\u00e4ltlich: <span style=\"color: #d12727;\"><a style=\"color: #d12727;\" href=\"https:\/\/www.csj-emballages.com\/es\/produit\/caja-de-carton-con-ventana-17-x-10-x-9-cm-pack-de-50\/\">17 x 10 x 9 cm<\/a><\/span><\/p>\n<p>&nbsp;<\/p>\n<p><!--more--><\/p>\n<p><a href=\"https:\/\/www.csj-emballages.com\/de\/categorie-produit\/lebensmittelverpackungen\/backerei-und-konditorei\/schachteln-und-etuis\/fensterkasten\/\">Entdecken Sie unser weiteres Sortiment an Sichtfensterboxen<\/a><\/p>\n","protected":false},"excerpt":{"rendered":"<p>Kartonbox mit Fenster Entdecken Sie unsere wei\u00dfe Patisserie-Box mit Griff 17 x 10 x 5 cm, 50 St\u00fcck<\/p>\n","protected":false},"featured_media":278309,"template":"","meta":{"_acf_changed":false},"product_brand":[],"product_cat":[1137,1171,3964,1172,1265],"product_tag":[],"class_list":{"0":"post-278317","1":"product","2":"type-product","3":"status-publish","4":"has-post-thumbnail","6":"product_cat-lebensmittelverpackungen","7":"product_cat-backerei-und-konditorei","8":"product_cat-schachteln-und-etuis","9":"product_cat-fensterkasten","10":"product_cat-lagerbestande-promotion","12":"first","13":"instock","14":"sale","15":"taxable","16":"shipping-taxable","17":"purchasable","18":"product-type-simple"},"acf":[],"yoast_head":"<!-- This site is optimized with the Yoast SEO Premium plugin v26.6 (Yoast SEO v26.6) - https:\/\/yoast.com\/wordpress\/plugins\/seo\/ -->\n<title>Kartonbox mit Fenster 17 x 10 x 5 cm, 50 St\u00fcck<\/title>\n<meta name=\"description\" content=\"Kraftkartonbox mit Fenster 17 x 10 x 5 cm, ideal zum Aufwerten und Transportieren Ihrer Patisserien. Praktisch, elegant und im 50er-Pack erh\u00e4ltlich.\" \/>\n<meta name=\"robots\" content=\"index, follow, max-snippet:-1, max-image-preview:large, max-video-preview:-1\" \/>\n<link rel=\"canonical\" href=\"https:\/\/www.csj-emballages.com\/de\/produit\/kartonbox-mit-fenster-17-x-10-x-5-cm-50-stueck\/\" \/>\n<meta property=\"og:locale\" content=\"de_DE\" \/>\n<meta property=\"og:type\" content=\"article\" \/>\n<meta property=\"og:title\" content=\"Kartonbox mit Fenster 17 x 10 x 5 cm, 50 St\u00fcck\" \/>\n<meta property=\"og:description\" content=\"Kraftkartonbox mit Fenster 17 x 10 x 5 cm, ideal zum Aufwerten und Transportieren Ihrer Patisserien. Praktisch, elegant und im 50er-Pack erh\u00e4ltlich.\" \/>\n<meta property=\"og:url\" content=\"https:\/\/www.csj-emballages.com\/de\/produit\/kartonbox-mit-fenster-17-x-10-x-5-cm-50-stueck\/\" \/>\n<meta property=\"og:site_name\" content=\"CSJ Emballages\" \/>\n<meta property=\"article:publisher\" content=\"https:\/\/www.facebook.com\/csjemballages\" \/>\n<meta property=\"article:modified_time\" content=\"2026-04-24T00:12:52+00:00\" \/>\n<meta property=\"og:image\" content=\"https:\/\/www.csj-emballages.com\/wp-content\/uploads\/2026\/04\/BTPF17105.webp\" \/>\n\t<meta property=\"og:image:width\" content=\"800\" \/>\n\t<meta property=\"og:image:height\" content=\"799\" \/>\n\t<meta property=\"og:image:type\" content=\"image\/webp\" \/>\n<meta name=\"twitter:card\" content=\"summary_large_image\" \/>\n<meta name=\"twitter:label1\" content=\"Gesch\u00e4tzte Lesezeit\" \/>\n\t<meta name=\"twitter:data1\" content=\"1\u00a0Minute\" \/>\n<script type=\"application\/ld+json\" class=\"yoast-schema-graph\">{\"@context\":\"https:\/\/schema.org\",\"@graph\":[{\"@type\":\"WebPage\",\"@id\":\"https:\/\/www.csj-emballages.com\/de\/produit\/kartonbox-mit-fenster-17-x-10-x-5-cm-50-stueck\/\",\"url\":\"https:\/\/www.csj-emballages.com\/de\/produit\/kartonbox-mit-fenster-17-x-10-x-5-cm-50-stueck\/\",\"name\":\"Kartonbox mit Fenster 17 x 10 x 5 cm, 50 St\u00fcck\",\"isPartOf\":{\"@id\":\"https:\/\/www.csj-emballages.com\/de\/#website\"},\"primaryImageOfPage\":{\"@id\":\"https:\/\/www.csj-emballages.com\/de\/produit\/kartonbox-mit-fenster-17-x-10-x-5-cm-50-stueck\/#primaryimage\"},\"image\":{\"@id\":\"https:\/\/www.csj-emballages.com\/de\/produit\/kartonbox-mit-fenster-17-x-10-x-5-cm-50-stueck\/#primaryimage\"},\"thumbnailUrl\":\"https:\/\/www.csj-emballages.com\/wp-content\/uploads\/2026\/04\/BTPF17105.webp\",\"datePublished\":\"2026-04-03T15:18:22+00:00\",\"dateModified\":\"2026-04-24T00:12:52+00:00\",\"description\":\"Kraftkartonbox mit Fenster 17 x 10 x 5 cm, ideal zum Aufwerten und Transportieren Ihrer Patisserien. Praktisch, elegant und im 50er-Pack erh\u00e4ltlich.\",\"breadcrumb\":{\"@id\":\"https:\/\/www.csj-emballages.com\/de\/produit\/kartonbox-mit-fenster-17-x-10-x-5-cm-50-stueck\/#breadcrumb\"},\"inLanguage\":\"de\",\"potentialAction\":[{\"@type\":\"ReadAction\",\"target\":[\"https:\/\/www.csj-emballages.com\/de\/produit\/kartonbox-mit-fenster-17-x-10-x-5-cm-50-stueck\/\"]}]},{\"@type\":\"ImageObject\",\"inLanguage\":\"de\",\"@id\":\"https:\/\/www.csj-emballages.com\/de\/produit\/kartonbox-mit-fenster-17-x-10-x-5-cm-50-stueck\/#primaryimage\",\"url\":\"https:\/\/www.csj-emballages.com\/wp-content\/uploads\/2026\/04\/BTPF17105.webp\",\"contentUrl\":\"https:\/\/www.csj-emballages.com\/wp-content\/uploads\/2026\/04\/BTPF17105.webp\",\"width\":800,\"height\":799,\"caption\":\"Boite carton fen\u00eatre\"},{\"@type\":\"BreadcrumbList\",\"@id\":\"https:\/\/www.csj-emballages.com\/de\/produit\/kartonbox-mit-fenster-17-x-10-x-5-cm-50-stueck\/#breadcrumb\",\"itemListElement\":[{\"@type\":\"ListItem\",\"position\":1,\"name\":\"Accueil\",\"item\":\"https:\/\/www.csj-emballages.com\/de\/universum-lebensmittelverpackungen\/\"},{\"@type\":\"ListItem\",\"position\":2,\"name\":\"Shop\",\"item\":\"https:\/\/www.csj-emballages.com\/shop\/\"},{\"@type\":\"ListItem\",\"position\":3,\"name\":\"Kartonbox mit Fenster 17 x 10 x 5 cm, 50 St\u00fcck\"}]},{\"@type\":\"WebSite\",\"@id\":\"https:\/\/www.csj-emballages.com\/de\/#website\",\"url\":\"https:\/\/www.csj-emballages.com\/de\/\",\"name\":\"CSJ Emballages\",\"description\":\"\",\"publisher\":{\"@id\":\"https:\/\/www.csj-emballages.com\/de\/#organization\"},\"potentialAction\":[{\"@type\":\"SearchAction\",\"target\":{\"@type\":\"EntryPoint\",\"urlTemplate\":\"https:\/\/www.csj-emballages.com\/de\/?s={search_term_string}\"},\"query-input\":{\"@type\":\"PropertyValueSpecification\",\"valueRequired\":true,\"valueName\":\"search_term_string\"}}],\"inLanguage\":\"de\"},{\"@type\":\"Organization\",\"@id\":\"https:\/\/www.csj-emballages.com\/de\/#Organization\/\",\"name\":\"CSJ Emballages\",\"url\":\"https:\/\/www.csj-emballages.com\/de\/\",\"logo\":{\"@type\":\"ImageObject\",\"inLanguage\":\"de\",\"@id\":\"https:\/\/www.csj-emballages.com\/de\/#\/schema\/logo\/image\/\",\"url\":\"https:\/\/www.csj-emballages.com\/wp-content\/uploads\/2023\/10\/logo_csj.webp\",\"contentUrl\":\"https:\/\/www.csj-emballages.com\/wp-content\/uploads\/2023\/10\/logo_csj.webp\",\"width\":250,\"height\":95,\"caption\":\"CSJ Emballages\"},\"image\":{\"@id\":\"https:\/\/www.csj-emballages.com\/de\/#\/schema\/logo\/image\/\"},\"sameAs\":[\"https:\/\/www.facebook.com\/csjemballages\"],\"address\":{\"@type\":\"PostalAddress\",\"streetAddress\":\"ZI La Lechere\",\"addressLocality\":\"Patornay\",\"postalCode\":\"39130\",\"addressCountry\":\"FR\"},\"contactPoint\":[{\"@type\":\"ContactPoint\",\"contactType\":\"Service client\",\"telephone\":\"0384254272\",\"email\":\"contact@csj-emballages.com\"}]}]}<\/script>\n<!-- \/ Yoast SEO Premium plugin. -->","yoast_head_json":{"title":"Kartonbox mit Fenster 17 x 10 x 5 cm, 50 St\u00fcck","description":"Kraftkartonbox mit Fenster 17 x 10 x 5 cm, ideal zum Aufwerten und Transportieren Ihrer Patisserien. Praktisch, elegant und im 50er-Pack erh\u00e4ltlich.","robots":{"index":"index","follow":"follow","max-snippet":"max-snippet:-1","max-image-preview":"max-image-preview:large","max-video-preview":"max-video-preview:-1"},"canonical":"https:\/\/www.csj-emballages.com\/de\/produit\/kartonbox-mit-fenster-17-x-10-x-5-cm-50-stueck\/","og_locale":"de_DE","og_type":"article","og_title":"Kartonbox mit Fenster 17 x 10 x 5 cm, 50 St\u00fcck","og_description":"Kraftkartonbox mit Fenster 17 x 10 x 5 cm, ideal zum Aufwerten und Transportieren Ihrer Patisserien. Praktisch, elegant und im 50er-Pack erh\u00e4ltlich.","og_url":"https:\/\/www.csj-emballages.com\/de\/produit\/kartonbox-mit-fenster-17-x-10-x-5-cm-50-stueck\/","og_site_name":"CSJ Emballages","article_publisher":"https:\/\/www.facebook.com\/csjemballages","article_modified_time":"2026-04-24T00:12:52+00:00","og_image":[{"width":800,"height":799,"url":"https:\/\/www.csj-emballages.com\/wp-content\/uploads\/2026\/04\/BTPF17105.webp","type":"image\/webp"}],"twitter_card":"summary_large_image","twitter_misc":{"Gesch\u00e4tzte Lesezeit":"1\u00a0Minute"},"schema":{"@context":"https:\/\/schema.org","@graph":[{"@type":"WebPage","@id":"https:\/\/www.csj-emballages.com\/de\/produit\/kartonbox-mit-fenster-17-x-10-x-5-cm-50-stueck\/","url":"https:\/\/www.csj-emballages.com\/de\/produit\/kartonbox-mit-fenster-17-x-10-x-5-cm-50-stueck\/","name":"Kartonbox mit Fenster 17 x 10 x 5 cm, 50 St\u00fcck","isPartOf":{"@id":"https:\/\/www.csj-emballages.com\/de\/#website"},"primaryImageOfPage":{"@id":"https:\/\/www.csj-emballages.com\/de\/produit\/kartonbox-mit-fenster-17-x-10-x-5-cm-50-stueck\/#primaryimage"},"image":{"@id":"https:\/\/www.csj-emballages.com\/de\/produit\/kartonbox-mit-fenster-17-x-10-x-5-cm-50-stueck\/#primaryimage"},"thumbnailUrl":"https:\/\/www.csj-emballages.com\/wp-content\/uploads\/2026\/04\/BTPF17105.webp","datePublished":"2026-04-03T15:18:22+00:00","dateModified":"2026-04-24T00:12:52+00:00","description":"Kraftkartonbox mit Fenster 17 x 10 x 5 cm, ideal zum Aufwerten und Transportieren Ihrer Patisserien. Praktisch, elegant und im 50er-Pack erh\u00e4ltlich.","breadcrumb":{"@id":"https:\/\/www.csj-emballages.com\/de\/produit\/kartonbox-mit-fenster-17-x-10-x-5-cm-50-stueck\/#breadcrumb"},"inLanguage":"de","potentialAction":[{"@type":"ReadAction","target":["https:\/\/www.csj-emballages.com\/de\/produit\/kartonbox-mit-fenster-17-x-10-x-5-cm-50-stueck\/"]}]},{"@type":"ImageObject","inLanguage":"de","@id":"https:\/\/www.csj-emballages.com\/de\/produit\/kartonbox-mit-fenster-17-x-10-x-5-cm-50-stueck\/#primaryimage","url":"https:\/\/www.csj-emballages.com\/wp-content\/uploads\/2026\/04\/BTPF17105.webp","contentUrl":"https:\/\/www.csj-emballages.com\/wp-content\/uploads\/2026\/04\/BTPF17105.webp","width":800,"height":799,"caption":"Boite carton fen\u00eatre"},{"@type":"BreadcrumbList","@id":"https:\/\/www.csj-emballages.com\/de\/produit\/kartonbox-mit-fenster-17-x-10-x-5-cm-50-stueck\/#breadcrumb","itemListElement":[{"@type":"ListItem","position":1,"name":"Accueil","item":"https:\/\/www.csj-emballages.com\/de\/universum-lebensmittelverpackungen\/"},{"@type":"ListItem","position":2,"name":"Shop","item":"https:\/\/www.csj-emballages.com\/shop\/"},{"@type":"ListItem","position":3,"name":"Kartonbox mit Fenster 17 x 10 x 5 cm, 50 St\u00fcck"}]},{"@type":"WebSite","@id":"https:\/\/www.csj-emballages.com\/de\/#website","url":"https:\/\/www.csj-emballages.com\/de\/","name":"CSJ Emballages","description":"","publisher":{"@id":"https:\/\/www.csj-emballages.com\/de\/#organization"},"potentialAction":[{"@type":"SearchAction","target":{"@type":"EntryPoint","urlTemplate":"https:\/\/www.csj-emballages.com\/de\/?s={search_term_string}"},"query-input":{"@type":"PropertyValueSpecification","valueRequired":true,"valueName":"search_term_string"}}],"inLanguage":"de"},{"@type":"Organization","@id":"https:\/\/www.csj-emballages.com\/de\/#Organization\/","name":"CSJ Emballages","url":"https:\/\/www.csj-emballages.com\/de\/","logo":{"@type":"ImageObject","inLanguage":"de","@id":"https:\/\/www.csj-emballages.com\/de\/#\/schema\/logo\/image\/","url":"https:\/\/www.csj-emballages.com\/wp-content\/uploads\/2023\/10\/logo_csj.webp","contentUrl":"https:\/\/www.csj-emballages.com\/wp-content\/uploads\/2023\/10\/logo_csj.webp","width":250,"height":95,"caption":"CSJ Emballages"},"image":{"@id":"https:\/\/www.csj-emballages.com\/de\/#\/schema\/logo\/image\/"},"sameAs":["https:\/\/www.facebook.com\/csjemballages"],"address":{"@type":"PostalAddress","streetAddress":"ZI La Lechere","addressLocality":"Patornay","postalCode":"39130","addressCountry":"FR"},"contactPoint":[{"@type":"ContactPoint","contactType":"Service client","telephone":"0384254272","email":"contact@csj-emballages.com"}]}]}},"df_price":23.83,"df_sale_price":23.83,"df_regular_price":29.78,"df_image_link":"https:\/\/www.csj-emballages.com\/wp-content\/uploads\/2026\/04\/BTPF17105-300x300.webp","tiered_pricing_type":"fixed","tiered_pricing_fixed_rules":[],"tiered_pricing_percentage_rules":[],"tiered_pricing_minimum":1,"tiered_pricing_roles_data":[],"_links":{"self":[{"href":"https:\/\/www.csj-emballages.com\/de\/wp-json\/wp\/v2\/product\/278317","targetHints":{"allow":["GET"]}}],"collection":[{"href":"https:\/\/www.csj-emballages.com\/de\/wp-json\/wp\/v2\/product"}],"about":[{"href":"https:\/\/www.csj-emballages.com\/de\/wp-json\/wp\/v2\/types\/product"}],"wp:featuredmedia":[{"embeddable":true,"href":"https:\/\/www.csj-emballages.com\/de\/wp-json\/wp\/v2\/media\/278309"}],"wp:attachment":[{"href":"https:\/\/www.csj-emballages.com\/de\/wp-json\/wp\/v2\/media?parent=278317"}],"wp:term":[{"taxonomy":"product_brand","embeddable":true,"href":"https:\/\/www.csj-emballages.com\/de\/wp-json\/wp\/v2\/product_brand?post=278317"},{"taxonomy":"product_cat","embeddable":true,"href":"https:\/\/www.csj-emballages.com\/de\/wp-json\/wp\/v2\/product_cat?post=278317"},{"taxonomy":"product_tag","embeddable":true,"href":"https:\/\/www.csj-emballages.com\/de\/wp-json\/wp\/v2\/product_tag?post=278317"}],"curies":[{"name":"wp","href":"https:\/\/api.w.org\/{rel}","templated":true}]}}