{"id":278265,"date":"2026-04-14T17:18:16","date_gmt":"2026-04-14T15:18:16","guid":{"rendered":"https:\/\/www.csj-emballages.com\/produit\/weisse-gebaeckschachtel-mit-griff-18-x-18-x-6-cm-50-stueck\/"},"modified":"2026-04-24T02:13:29","modified_gmt":"2026-04-24T00:13:29","slug":"weisse-gebaeckschachtel-mit-griff-18-x-18-x-6-cm-50-stueck","status":"publish","type":"product","link":"https:\/\/www.csj-emballages.com\/de\/produit\/weisse-gebaeckschachtel-mit-griff-18-x-18-x-6-cm-50-stueck\/","title":{"rendered":"Wei\u00dfe Geb\u00e4ckschachtel mit Griff 18 x 18 x 6 cm, 50 St\u00fcck"},"content":{"rendered":"<h2>Patisserie-Kiste wei\u00df<\/h2>\n<hr>\n<h3>Entdecken Sie unsere wei\u00dfe Geb\u00e4ckschachtel mit Griff 18 x 18 x 6 cm, 50 St\u00fcck<\/h3>\n<p><!--more--><\/p>\n<div class=\"\" data-turn-id-container=\"request-WEB:38788aa2-bd12-43cd-b22e-58c3372d7c58-0\" data-is-intersecting=\"true\">\n<section class=\"text-token-text-primary w-full focus:outline-none [--shadow-height:45px] has-data-writing-block:pointer-events-none has-data-writing-block:-mt-(--shadow-height) has-data-writing-block:pt-(--shadow-height) [&amp;:has([data-writing-block])&gt;*]:pointer-events-auto R6Vx5W_threadScrollVars scroll-mb-[calc(var(--scroll-root-safe-area-inset-bottom,0px)+var(--thread-response-height))] scroll-mt-[calc(var(--header-height)+min(200px,max(70px,20svh)))]\" dir=\"auto\" data-turn-id=\"request-WEB:38788aa2-bd12-43cd-b22e-58c3372d7c58-0\" data-testid=\"conversation-turn-2\" data-scroll-anchor=\"false\" data-turn=\"assistant\">\n<div class=\"text-base my-auto mx-auto pb-10 [--thread-content-margin:var(--thread-content-margin-xs,calc(var(--spacing)*4))] @w-sm\/main:[--thread-content-margin:var(--thread-content-margin-sm,calc(var(--spacing)*6))] @w-lg\/main:[--thread-content-margin:var(--thread-content-margin-lg,calc(var(--spacing)*16))] px-(--thread-content-margin)\">\n<div class=\"[--thread-content-max-width:40rem] @w-lg\/main:[--thread-content-max-width:48rem] mx-auto max-w-(--thread-content-max-width) flex-1 group\/turn-messages focus-visible:outline-hidden relative flex w-full min-w-0 flex-col agent-turn\">\n<div class=\"flex max-w-full flex-col gap-4 grow\">\n<div class=\"min-h-8 text-message relative flex w-full flex-col items-end gap-2 text-start break-words whitespace-normal outline-none keyboard-focused:focus-ring [.text-message+&amp;]:mt-1\" dir=\"auto\" tabindex=\"0\" data-message-author-role=\"assistant\" data-message-id=\"f7431239-1816-42f2-869c-134ceebf6952\" data-message-model-slug=\"gpt-5-3\" data-turn-start-message=\"true\">\n<div class=\"flex w-full flex-col gap-1 empty:hidden\">\n<div class=\"markdown prose dark:prose-invert w-full wrap-break-word dark markdown-new-styling\">\n<p data-start=\"0\" data-end=\"290\">Bieten Sie Ihren Backkreationen mit dieser ebenso eleganten wie praktischen <strong>wei\u00dfen Schachtel mit Griff<\/strong> den Rahmen, den sie verdienen. Mit ihren idealen Ma\u00dfen von <strong>18 x 18 x 6 cm<\/strong> eignet sie sich perfekt f\u00fcr Kuchen, Desserts oder s\u00fc\u00dfe Sortimente und gew\u00e4hrleistet gleichzeitig einen sicheren Transport. <\/p>\n<p data-start=\"292\" data-end=\"549\">Ihr schlichtes Design setzt Ihre Kreationen in Szene, ohne vom Wesentlichen abzulenken: dem Genuss f\u00fcr Augen und Gaumen. Der <strong>integrierte Griff<\/strong> erleichtert die Handhabung und sorgt f\u00fcr eine moderne Note \u2013 ideal f\u00fcr den Au\u00dfer-Haus-Verkauf oder kulinarische Geschenke. <\/p>\n<p data-start=\"551\" data-end=\"754\" data-is-last-node=\"\" data-is-only-node=\"\">Diese im <strong>50er-Pack<\/strong> verkaufte <strong>Geb\u00e4ckschachtel<\/strong> ist die perfekte L\u00f6sung f\u00fcr anspruchsvolle Profis sowie Backbegeisterte, die Praktikabilit\u00e4t, \u00c4sthetik und Effizienz im Alltag vereinen m\u00f6chten.<\/p>\n<\/div>\n<\/div>\n<\/div>\n<\/div>\n<div class=\"z-0 flex min-h-[46px] justify-start\"><\/div>\n<div class=\"mt-3 w-full empty:hidden\">\n<div class=\"text-center\"><\/div>\n<\/div>\n<\/div>\n<\/div>\n<\/section>\n<\/div>\n<p><!--more--><\/p>\n<h4>Vorteile :<\/h4>\n<ul>\n<li data-section-id=\"4d92n0\" data-start=\"66\" data-end=\"197\">Dank des integrierten Griffs lassen sich Ihre Backwaren m\u00fchelos und stabil transportieren.<\/li>\n<li data-section-id=\"d26i5u\" data-start=\"198\" data-end=\"347\">Die schlichte <strong>wei\u00dfe Farbe<\/strong> bringt Ihre Kreationen zur Geltung und passt zu jedem Anlass (Laden, Event, Geschenk).<\/li>\n<li data-section-id=\"1t119w8\" data-start=\"348\" data-end=\"475\">Die Ma\u00dfe <strong>18 x 18 x 6 cm<\/strong> sind ideal f\u00fcr Kuchen, Desserts oder s\u00fc\u00dfe Sortimente.<\/li>\n<li data-section-id=\"1rqpff5\" data-start=\"476\" data-end=\"559\">Gebrauchsfertig, erfordert keine komplexe Montage.<\/li>\n<li data-section-id=\"7i520m\" data-start=\"560\" data-end=\"658\">Eignet sich sowohl f\u00fcr Profi-Konditoren als auch f\u00fcr Privatpersonen.<\/li>\n<\/ul>\n<p>&nbsp;<\/p>\n<p><!--more--><\/p>\n<h4>Weitere Informationen :<\/h4>\n<ul>\n<li><strong>Verpackung<\/strong>: Packung mit 50 St\u00fcck<\/li>\n<li><strong>Ma\u00dfe<\/strong>: 18 x 18 x 6 cm<\/li>\n<li><strong>Farbe<\/strong>: Wei\u00df<\/li>\n<li><strong>Material<\/strong>: Karton<\/li>\n<\/ul>\n<p>&nbsp;<\/p>\n<p><!--more--><\/p>\n<p><a href=\"https:\/\/www.csj-emballages.com\/de\/categorie-produit\/lebensmittelverpackungen\/backerei-und-konditorei\/kisten-de\/gebackkisten-mit-griffen\/weise-gebackkisten\/\">Entdecken Sie den Rest unseres Sortiments an wei\u00dfen Geb\u00e4ckschachteln<\/a><\/p>\n<p>&nbsp;<\/p>\n","protected":false},"excerpt":{"rendered":"<p>Patisserie-Kiste wei\u00df Entdecken Sie unsere wei\u00dfe Geb\u00e4ckschachtel mit Griff 18 x 18 x 6 cm, 50 St\u00fcck<\/p>\n","protected":false},"featured_media":278251,"template":"","meta":{"_acf_changed":false},"product_brand":[],"product_cat":[1137,1171,3965,1243,2481],"product_tag":[],"class_list":{"0":"post-278265","1":"product","2":"type-product","3":"status-publish","4":"has-post-thumbnail","6":"product_cat-lebensmittelverpackungen","7":"product_cat-backerei-und-konditorei","8":"product_cat-kisten-de","9":"product_cat-gebackkisten-mit-griffen","10":"product_cat-weise-gebackkisten","12":"first","13":"instock","14":"taxable","15":"shipping-taxable","16":"purchasable","17":"product-type-simple"},"acf":[],"yoast_head":"<!-- This site is optimized with the Yoast SEO Premium plugin v26.6 (Yoast SEO v26.6) - https:\/\/yoast.com\/wordpress\/plugins\/seo\/ -->\n<title>Wei\u00dfe Geb\u00e4ckschachtel mit Griff 18 x 18 x 6 cm, 50 St\u00fcck<\/title>\n<meta name=\"description\" content=\"Wei\u00dfe Geb\u00e4ckschachtel mit Griff 18 x 18 x 6 cm, ideal zum Transportieren und Pr\u00e4sentieren Ihrer Kuchen. Praktisch, elegant und im 50er-Pack erh\u00e4ltlich.\" \/>\n<meta name=\"robots\" content=\"index, follow, max-snippet:-1, max-image-preview:large, max-video-preview:-1\" \/>\n<link rel=\"canonical\" href=\"https:\/\/www.csj-emballages.com\/de\/produit\/weisse-gebaeckschachtel-mit-griff-18-x-18-x-6-cm-50-stueck\/\" \/>\n<meta property=\"og:locale\" content=\"de_DE\" \/>\n<meta property=\"og:type\" content=\"article\" \/>\n<meta property=\"og:title\" content=\"Wei\u00dfe Geb\u00e4ckschachtel mit Griff 18 x 18 x 6 cm, 50 St\u00fcck\" \/>\n<meta property=\"og:description\" content=\"Wei\u00dfe Geb\u00e4ckschachtel mit Griff 18 x 18 x 6 cm, ideal zum Transportieren und Pr\u00e4sentieren Ihrer Kuchen. Praktisch, elegant und im 50er-Pack erh\u00e4ltlich.\" \/>\n<meta property=\"og:url\" content=\"https:\/\/www.csj-emballages.com\/de\/produit\/weisse-gebaeckschachtel-mit-griff-18-x-18-x-6-cm-50-stueck\/\" \/>\n<meta property=\"og:site_name\" content=\"CSJ Emballages\" \/>\n<meta property=\"article:publisher\" content=\"https:\/\/www.facebook.com\/csjemballages\" \/>\n<meta property=\"article:modified_time\" content=\"2026-04-24T00:13:29+00:00\" \/>\n<meta property=\"og:image\" content=\"https:\/\/www.csj-emballages.com\/wp-content\/uploads\/2026\/04\/CPP1818.webp\" \/>\n\t<meta property=\"og:image:width\" content=\"799\" \/>\n\t<meta property=\"og:image:height\" content=\"800\" \/>\n\t<meta property=\"og:image:type\" content=\"image\/webp\" \/>\n<meta name=\"twitter:card\" content=\"summary_large_image\" \/>\n<meta name=\"twitter:label1\" content=\"Gesch\u00e4tzte Lesezeit\" \/>\n\t<meta name=\"twitter:data1\" content=\"1\u00a0Minute\" \/>\n<script type=\"application\/ld+json\" class=\"yoast-schema-graph\">{\"@context\":\"https:\/\/schema.org\",\"@graph\":[{\"@type\":\"WebPage\",\"@id\":\"https:\/\/www.csj-emballages.com\/de\/produit\/weisse-gebaeckschachtel-mit-griff-18-x-18-x-6-cm-50-stueck\/\",\"url\":\"https:\/\/www.csj-emballages.com\/de\/produit\/weisse-gebaeckschachtel-mit-griff-18-x-18-x-6-cm-50-stueck\/\",\"name\":\"Wei\u00dfe Geb\u00e4ckschachtel mit Griff 18 x 18 x 6 cm, 50 St\u00fcck\",\"isPartOf\":{\"@id\":\"https:\/\/www.csj-emballages.com\/de\/#website\"},\"primaryImageOfPage\":{\"@id\":\"https:\/\/www.csj-emballages.com\/de\/produit\/weisse-gebaeckschachtel-mit-griff-18-x-18-x-6-cm-50-stueck\/#primaryimage\"},\"image\":{\"@id\":\"https:\/\/www.csj-emballages.com\/de\/produit\/weisse-gebaeckschachtel-mit-griff-18-x-18-x-6-cm-50-stueck\/#primaryimage\"},\"thumbnailUrl\":\"https:\/\/www.csj-emballages.com\/wp-content\/uploads\/2026\/04\/CPP1818.webp\",\"datePublished\":\"2026-04-14T15:18:16+00:00\",\"dateModified\":\"2026-04-24T00:13:29+00:00\",\"description\":\"Wei\u00dfe Geb\u00e4ckschachtel mit Griff 18 x 18 x 6 cm, ideal zum Transportieren und Pr\u00e4sentieren Ihrer Kuchen. Praktisch, elegant und im 50er-Pack erh\u00e4ltlich.\",\"breadcrumb\":{\"@id\":\"https:\/\/www.csj-emballages.com\/de\/produit\/weisse-gebaeckschachtel-mit-griff-18-x-18-x-6-cm-50-stueck\/#breadcrumb\"},\"inLanguage\":\"de\",\"potentialAction\":[{\"@type\":\"ReadAction\",\"target\":[\"https:\/\/www.csj-emballages.com\/de\/produit\/weisse-gebaeckschachtel-mit-griff-18-x-18-x-6-cm-50-stueck\/\"]}]},{\"@type\":\"ImageObject\",\"inLanguage\":\"de\",\"@id\":\"https:\/\/www.csj-emballages.com\/de\/produit\/weisse-gebaeckschachtel-mit-griff-18-x-18-x-6-cm-50-stueck\/#primaryimage\",\"url\":\"https:\/\/www.csj-emballages.com\/wp-content\/uploads\/2026\/04\/CPP1818.webp\",\"contentUrl\":\"https:\/\/www.csj-emballages.com\/wp-content\/uploads\/2026\/04\/CPP1818.webp\",\"width\":799,\"height\":800,\"caption\":\"Caissette p\u00e2tissi\u00e8re blanche\"},{\"@type\":\"BreadcrumbList\",\"@id\":\"https:\/\/www.csj-emballages.com\/de\/produit\/weisse-gebaeckschachtel-mit-griff-18-x-18-x-6-cm-50-stueck\/#breadcrumb\",\"itemListElement\":[{\"@type\":\"ListItem\",\"position\":1,\"name\":\"Accueil\",\"item\":\"https:\/\/www.csj-emballages.com\/de\/universum-lebensmittelverpackungen\/\"},{\"@type\":\"ListItem\",\"position\":2,\"name\":\"Shop\",\"item\":\"https:\/\/www.csj-emballages.com\/shop\/\"},{\"@type\":\"ListItem\",\"position\":3,\"name\":\"Wei\u00dfe Geb\u00e4ckschachtel mit Griff 18 x 18 x 6 cm, 50 St\u00fcck\"}]},{\"@type\":\"WebSite\",\"@id\":\"https:\/\/www.csj-emballages.com\/de\/#website\",\"url\":\"https:\/\/www.csj-emballages.com\/de\/\",\"name\":\"CSJ Emballages\",\"description\":\"\",\"publisher\":{\"@id\":\"https:\/\/www.csj-emballages.com\/de\/#organization\"},\"potentialAction\":[{\"@type\":\"SearchAction\",\"target\":{\"@type\":\"EntryPoint\",\"urlTemplate\":\"https:\/\/www.csj-emballages.com\/de\/?s={search_term_string}\"},\"query-input\":{\"@type\":\"PropertyValueSpecification\",\"valueRequired\":true,\"valueName\":\"search_term_string\"}}],\"inLanguage\":\"de\"},{\"@type\":\"Organization\",\"@id\":\"https:\/\/www.csj-emballages.com\/de\/#Organization\/\",\"name\":\"CSJ Emballages\",\"url\":\"https:\/\/www.csj-emballages.com\/de\/\",\"logo\":{\"@type\":\"ImageObject\",\"inLanguage\":\"de\",\"@id\":\"https:\/\/www.csj-emballages.com\/de\/#\/schema\/logo\/image\/\",\"url\":\"https:\/\/www.csj-emballages.com\/wp-content\/uploads\/2023\/10\/logo_csj.webp\",\"contentUrl\":\"https:\/\/www.csj-emballages.com\/wp-content\/uploads\/2023\/10\/logo_csj.webp\",\"width\":250,\"height\":95,\"caption\":\"CSJ Emballages\"},\"image\":{\"@id\":\"https:\/\/www.csj-emballages.com\/de\/#\/schema\/logo\/image\/\"},\"sameAs\":[\"https:\/\/www.facebook.com\/csjemballages\"],\"address\":{\"@type\":\"PostalAddress\",\"streetAddress\":\"ZI La Lechere\",\"addressLocality\":\"Patornay\",\"postalCode\":\"39130\",\"addressCountry\":\"FR\"},\"contactPoint\":[{\"@type\":\"ContactPoint\",\"contactType\":\"Service client\",\"telephone\":\"0384254272\",\"email\":\"contact@csj-emballages.com\"}]}]}<\/script>\n<!-- \/ Yoast SEO Premium plugin. -->","yoast_head_json":{"title":"Wei\u00dfe Geb\u00e4ckschachtel mit Griff 18 x 18 x 6 cm, 50 St\u00fcck","description":"Wei\u00dfe Geb\u00e4ckschachtel mit Griff 18 x 18 x 6 cm, ideal zum Transportieren und Pr\u00e4sentieren Ihrer Kuchen. Praktisch, elegant und im 50er-Pack erh\u00e4ltlich.","robots":{"index":"index","follow":"follow","max-snippet":"max-snippet:-1","max-image-preview":"max-image-preview:large","max-video-preview":"max-video-preview:-1"},"canonical":"https:\/\/www.csj-emballages.com\/de\/produit\/weisse-gebaeckschachtel-mit-griff-18-x-18-x-6-cm-50-stueck\/","og_locale":"de_DE","og_type":"article","og_title":"Wei\u00dfe Geb\u00e4ckschachtel mit Griff 18 x 18 x 6 cm, 50 St\u00fcck","og_description":"Wei\u00dfe Geb\u00e4ckschachtel mit Griff 18 x 18 x 6 cm, ideal zum Transportieren und Pr\u00e4sentieren Ihrer Kuchen. Praktisch, elegant und im 50er-Pack erh\u00e4ltlich.","og_url":"https:\/\/www.csj-emballages.com\/de\/produit\/weisse-gebaeckschachtel-mit-griff-18-x-18-x-6-cm-50-stueck\/","og_site_name":"CSJ Emballages","article_publisher":"https:\/\/www.facebook.com\/csjemballages","article_modified_time":"2026-04-24T00:13:29+00:00","og_image":[{"width":799,"height":800,"url":"https:\/\/www.csj-emballages.com\/wp-content\/uploads\/2026\/04\/CPP1818.webp","type":"image\/webp"}],"twitter_card":"summary_large_image","twitter_misc":{"Gesch\u00e4tzte Lesezeit":"1\u00a0Minute"},"schema":{"@context":"https:\/\/schema.org","@graph":[{"@type":"WebPage","@id":"https:\/\/www.csj-emballages.com\/de\/produit\/weisse-gebaeckschachtel-mit-griff-18-x-18-x-6-cm-50-stueck\/","url":"https:\/\/www.csj-emballages.com\/de\/produit\/weisse-gebaeckschachtel-mit-griff-18-x-18-x-6-cm-50-stueck\/","name":"Wei\u00dfe Geb\u00e4ckschachtel mit Griff 18 x 18 x 6 cm, 50 St\u00fcck","isPartOf":{"@id":"https:\/\/www.csj-emballages.com\/de\/#website"},"primaryImageOfPage":{"@id":"https:\/\/www.csj-emballages.com\/de\/produit\/weisse-gebaeckschachtel-mit-griff-18-x-18-x-6-cm-50-stueck\/#primaryimage"},"image":{"@id":"https:\/\/www.csj-emballages.com\/de\/produit\/weisse-gebaeckschachtel-mit-griff-18-x-18-x-6-cm-50-stueck\/#primaryimage"},"thumbnailUrl":"https:\/\/www.csj-emballages.com\/wp-content\/uploads\/2026\/04\/CPP1818.webp","datePublished":"2026-04-14T15:18:16+00:00","dateModified":"2026-04-24T00:13:29+00:00","description":"Wei\u00dfe Geb\u00e4ckschachtel mit Griff 18 x 18 x 6 cm, ideal zum Transportieren und Pr\u00e4sentieren Ihrer Kuchen. Praktisch, elegant und im 50er-Pack erh\u00e4ltlich.","breadcrumb":{"@id":"https:\/\/www.csj-emballages.com\/de\/produit\/weisse-gebaeckschachtel-mit-griff-18-x-18-x-6-cm-50-stueck\/#breadcrumb"},"inLanguage":"de","potentialAction":[{"@type":"ReadAction","target":["https:\/\/www.csj-emballages.com\/de\/produit\/weisse-gebaeckschachtel-mit-griff-18-x-18-x-6-cm-50-stueck\/"]}]},{"@type":"ImageObject","inLanguage":"de","@id":"https:\/\/www.csj-emballages.com\/de\/produit\/weisse-gebaeckschachtel-mit-griff-18-x-18-x-6-cm-50-stueck\/#primaryimage","url":"https:\/\/www.csj-emballages.com\/wp-content\/uploads\/2026\/04\/CPP1818.webp","contentUrl":"https:\/\/www.csj-emballages.com\/wp-content\/uploads\/2026\/04\/CPP1818.webp","width":799,"height":800,"caption":"Caissette p\u00e2tissi\u00e8re blanche"},{"@type":"BreadcrumbList","@id":"https:\/\/www.csj-emballages.com\/de\/produit\/weisse-gebaeckschachtel-mit-griff-18-x-18-x-6-cm-50-stueck\/#breadcrumb","itemListElement":[{"@type":"ListItem","position":1,"name":"Accueil","item":"https:\/\/www.csj-emballages.com\/de\/universum-lebensmittelverpackungen\/"},{"@type":"ListItem","position":2,"name":"Shop","item":"https:\/\/www.csj-emballages.com\/shop\/"},{"@type":"ListItem","position":3,"name":"Wei\u00dfe Geb\u00e4ckschachtel mit Griff 18 x 18 x 6 cm, 50 St\u00fcck"}]},{"@type":"WebSite","@id":"https:\/\/www.csj-emballages.com\/de\/#website","url":"https:\/\/www.csj-emballages.com\/de\/","name":"CSJ Emballages","description":"","publisher":{"@id":"https:\/\/www.csj-emballages.com\/de\/#organization"},"potentialAction":[{"@type":"SearchAction","target":{"@type":"EntryPoint","urlTemplate":"https:\/\/www.csj-emballages.com\/de\/?s={search_term_string}"},"query-input":{"@type":"PropertyValueSpecification","valueRequired":true,"valueName":"search_term_string"}}],"inLanguage":"de"},{"@type":"Organization","@id":"https:\/\/www.csj-emballages.com\/de\/#Organization\/","name":"CSJ Emballages","url":"https:\/\/www.csj-emballages.com\/de\/","logo":{"@type":"ImageObject","inLanguage":"de","@id":"https:\/\/www.csj-emballages.com\/de\/#\/schema\/logo\/image\/","url":"https:\/\/www.csj-emballages.com\/wp-content\/uploads\/2023\/10\/logo_csj.webp","contentUrl":"https:\/\/www.csj-emballages.com\/wp-content\/uploads\/2023\/10\/logo_csj.webp","width":250,"height":95,"caption":"CSJ Emballages"},"image":{"@id":"https:\/\/www.csj-emballages.com\/de\/#\/schema\/logo\/image\/"},"sameAs":["https:\/\/www.facebook.com\/csjemballages"],"address":{"@type":"PostalAddress","streetAddress":"ZI La Lechere","addressLocality":"Patornay","postalCode":"39130","addressCountry":"FR"},"contactPoint":[{"@type":"ContactPoint","contactType":"Service client","telephone":"0384254272","email":"contact@csj-emballages.com"}]}]}},"df_price":14.7,"df_sale_price":"","df_regular_price":14.7,"df_image_link":"https:\/\/www.csj-emballages.com\/wp-content\/uploads\/2026\/04\/CPP1818-300x300.webp","tiered_pricing_type":"fixed","tiered_pricing_fixed_rules":[],"tiered_pricing_percentage_rules":[],"tiered_pricing_minimum":1,"tiered_pricing_roles_data":[],"_links":{"self":[{"href":"https:\/\/www.csj-emballages.com\/de\/wp-json\/wp\/v2\/product\/278265","targetHints":{"allow":["GET"]}}],"collection":[{"href":"https:\/\/www.csj-emballages.com\/de\/wp-json\/wp\/v2\/product"}],"about":[{"href":"https:\/\/www.csj-emballages.com\/de\/wp-json\/wp\/v2\/types\/product"}],"wp:featuredmedia":[{"embeddable":true,"href":"https:\/\/www.csj-emballages.com\/de\/wp-json\/wp\/v2\/media\/278251"}],"wp:attachment":[{"href":"https:\/\/www.csj-emballages.com\/de\/wp-json\/wp\/v2\/media?parent=278265"}],"wp:term":[{"taxonomy":"product_brand","embeddable":true,"href":"https:\/\/www.csj-emballages.com\/de\/wp-json\/wp\/v2\/product_brand?post=278265"},{"taxonomy":"product_cat","embeddable":true,"href":"https:\/\/www.csj-emballages.com\/de\/wp-json\/wp\/v2\/product_cat?post=278265"},{"taxonomy":"product_tag","embeddable":true,"href":"https:\/\/www.csj-emballages.com\/de\/wp-json\/wp\/v2\/product_tag?post=278265"}],"curies":[{"name":"wp","href":"https:\/\/api.w.org\/{rel}","templated":true}]}}