{"id":277788,"date":"2026-03-31T15:18:22","date_gmt":"2026-03-31T13:18:22","guid":{"rendered":"https:\/\/www.csj-emballages.com\/produit\/pommesschale-karton-126-x-95-mm-pro-1000\/"},"modified":"2026-04-18T02:13:34","modified_gmt":"2026-04-18T00:13:34","slug":"pommesschale-karton-126-x-95-mm-pro-1000","status":"publish","type":"product","link":"https:\/\/www.csj-emballages.com\/de\/produit\/pommesschale-karton-126-x-95-mm-pro-1000\/","title":{"rendered":"Pommesschale Karton 126 x 95 mm pro 1000"},"content":{"rendered":"<div class=\"elementor-element elementor-element-6621759 e-no-lazyload e-flex e-con-boxed e-con e-parent e-lazyloaded\" data-id=\"6621759\" data-element_type=\"container\">\n<div class=\"e-con-inner\">\n<div class=\"elementor-element elementor-element-4756e65 e-con-full e-flex e-con e-child\" data-id=\"4756e65\" data-element_type=\"container\">\n<div class=\"elementor-element elementor-element-a25940d elementor-widget elementor-widget-woocommerce-product-data-tabs\" data-id=\"a25940d\" data-element_type=\"widget\" data-widget_type=\"woocommerce-product-data-tabs.default\">\n<div class=\"elementor-widget-container\">\n<div class=\"woocommerce-tabs wc-tabs-wrapper\">\n<div id=\"tab-description\" class=\"woocommerce-Tabs-panel woocommerce-Tabs-panel--description panel entry-content wc-tab\" role=\"tabpanel\" aria-labelledby=\"tab-title-description\">\n<h2>Pommes-Frites-Schale aus Karton<\/h2>\n<hr>\n<h3>Entdecken Sie unsere Pommesschale Karton 126 x 95 mm pro 1000<\/h3>\n<p><!--more--><\/p>\n<p data-start=\"128\" data-end=\"354\">Entscheiden Sie sich f\u00fcr eine praktische, wirtschaftliche und umweltfreundliche Verpackungsl\u00f6sung mit dieser <strong>Pommesschale Karton 126 x 95 mm<\/strong>, ideal f\u00fcr Profis in der Schnellgastronomie, Food Trucks, Snacks oder Events.<\/p>\n<p data-start=\"356\" data-end=\"700\">Hergestellt aus robustem Kraftkarton, garantiert sie hervorragenden Halt bei hei\u00dfen und fettigen Speisen wie <strong>Pommes Frites, Nuggets, Zwiebelringen oder Tapas<\/strong>. Ihre fettabweisende Behandlung bewahrt die Qualit\u00e4t Ihrer Zubereitungen und verhindert gleichzeitig Leckagen oder Flecken, was ein sauberes und professionelles Kundenerlebnis gew\u00e4hrleistet. <\/p>\n<p data-start=\"702\" data-end=\"917\">Mit ihren Ma\u00dfen von <strong>126 x 95 mm<\/strong> ist sie perfekt f\u00fcr Einzelportionen geeignet. Ihre ergonomische Form erleichtert das Handling und den Verzehr zum Mitnehmen \u2013 ein echter Vorteil f\u00fcr den Snack-Verkauf. <\/p>\n<p data-start=\"919\" data-end=\"1083\">Dieses Set von <strong data-start=\"929\" data-end=\"948\">1000 Schalen<\/strong> ist ideal f\u00fcr Betriebe mit hohem Volumen, da es Ihnen erm\u00f6glicht, Ihre Kosten zu optimieren und gleichzeitig eine konstante Versorgung zu gew\u00e4hrleisten.<\/p>\n<div id=\"more-243312\"><\/div>\n<p><!--more--><\/p>\n<h4 data-start=\"919\" data-end=\"1083\">Vorteile :<\/h4>\n<ul>\n<li data-section-id=\"1gpwhnm\" data-start=\"1107\" data-end=\"1147\">Robuster und umweltfreundlicher Kraftkarton<\/li>\n<li data-section-id=\"nohe4h\" data-start=\"1148\" data-end=\"1186\">Fettabweisende Anti-Leck-Behandlung<\/li>\n<li data-section-id=\"1jaunlr\" data-start=\"1187\" data-end=\"1231\">Ideal f\u00fcr Pommes Frites, Snacks und Street Food<\/li>\n<li data-section-id=\"1njudw2\" data-start=\"1232\" data-end=\"1281\">Praktisches Format 180 ml (Einzelportion)<\/li>\n<li data-section-id=\"2rjbc3\" data-start=\"1282\" data-end=\"1315\">Perfekt f\u00fcr den Au\u00dfer-Haus-Verkauf<\/li>\n<li data-section-id=\"ecx8v6\" data-start=\"1316\" data-end=\"1349\">Wirtschaftliche Packung mit 1000 St\u00fcck<\/li>\n<\/ul>\n<p>&nbsp;<\/p>\n<p><!--more--><\/p>\n<h4>Weitere Informationen :<\/h4>\n<ul>\n<li><strong>Verpackung<\/strong>: Karton mit 1000 St\u00fcck<\/li>\n<li><strong>Innenma\u00dfe<\/strong>: 86 x 51 mm<\/li>\n<li><strong>Au\u00dfenma\u00dfe<\/strong>: 126 x 95 mm<\/li>\n<li><strong>H\u00f6he<\/strong>: 38 mm<\/li>\n<li><strong>Volumen<\/strong>: 180 ml<\/li>\n<li><strong>Farbe<\/strong>: Braun<\/li>\n<li><strong>Material<\/strong>: Karton<\/li>\n<\/ul>\n<p>&nbsp;<\/p>\n<p><!--more--><\/p>\n<p>Diese Pommes-Frites-Schale ist in verschiedenen Gr\u00f6\u00dfen erh\u00e4ltlich: 400 ml \/ 1000 ml<\/p>\n<p>&nbsp;<\/p>\n<p><!--more--><\/p>\n<p><a href=\"https:\/\/www.csj-emballages.com\/de\/categorie-produit\/lebensmittelverpackungen\/restauration-de\/dosen-schalen-beutel-konen\/schalen-kartons\/pommes-frites-schalen-aus-karton\/\">Sehen Sie sich den Rest unseres Sortiments an Pommesschalen aus Karton an<\/a><\/p>\n<\/div>\n<\/div>\n<\/div>\n<\/div>\n<\/div>\n<\/div>\n<\/div>\n","protected":false},"excerpt":{"rendered":"<p>Pommes-Frites-Schale aus Karton Entdecken Sie unsere Pommesschale Karton 126 x 95 mm pro 1000<\/p>\n","protected":false},"featured_media":277779,"template":"","meta":{"_acf_changed":false},"product_brand":[],"product_cat":[1137,1134,3974,1474,3945,1265],"product_tag":[],"class_list":{"0":"post-277788","1":"product","2":"type-product","3":"status-publish","4":"has-post-thumbnail","6":"product_cat-lebensmittelverpackungen","7":"product_cat-restauration-de","8":"product_cat-dosen-schalen-beutel-konen","9":"product_cat-schalen-kartons","10":"product_cat-pommes-frites-schalen-aus-karton","11":"product_cat-lagerbestande-promotion","13":"first","14":"instock","15":"sale","16":"taxable","17":"shipping-taxable","18":"purchasable","19":"product-type-simple"},"acf":[],"yoast_head":"<!-- This site is optimized with the Yoast SEO Premium plugin v26.6 (Yoast SEO v26.6) - https:\/\/yoast.com\/wordpress\/plugins\/seo\/ -->\n<title>Pommesschale Karton 126 x 95 mm pro 1000<\/title>\n<meta name=\"description\" content=\"Pommesschale Karton 180 ml fettdicht, ideal f\u00fcr Snacks und Take-away. Wirtschaftliches 1000er-Set, robust und umweltfreundlich.\" \/>\n<meta name=\"robots\" content=\"index, follow, max-snippet:-1, max-image-preview:large, max-video-preview:-1\" \/>\n<link rel=\"canonical\" href=\"https:\/\/www.csj-emballages.com\/de\/produit\/pommesschale-karton-126-x-95-mm-pro-1000\/\" \/>\n<meta property=\"og:locale\" content=\"de_DE\" \/>\n<meta property=\"og:type\" content=\"article\" \/>\n<meta property=\"og:title\" content=\"Pommesschale Karton 126 x 95 mm pro 1000\" \/>\n<meta property=\"og:description\" content=\"Pommesschale Karton 180 ml fettdicht, ideal f\u00fcr Snacks und Take-away. Wirtschaftliches 1000er-Set, robust und umweltfreundlich.\" \/>\n<meta property=\"og:url\" content=\"https:\/\/www.csj-emballages.com\/de\/produit\/pommesschale-karton-126-x-95-mm-pro-1000\/\" \/>\n<meta property=\"og:site_name\" content=\"CSJ Emballages\" \/>\n<meta property=\"article:publisher\" content=\"https:\/\/www.facebook.com\/csjemballages\" \/>\n<meta property=\"article:modified_time\" content=\"2026-04-18T00:13:34+00:00\" \/>\n<meta property=\"og:image\" content=\"https:\/\/www.csj-emballages.com\/wp-content\/uploads\/2026\/03\/CH180CARTAL.webp\" \/>\n\t<meta property=\"og:image:width\" content=\"800\" \/>\n\t<meta property=\"og:image:height\" content=\"800\" \/>\n\t<meta property=\"og:image:type\" content=\"image\/webp\" \/>\n<meta name=\"twitter:card\" content=\"summary_large_image\" \/>\n<meta name=\"twitter:label1\" content=\"Gesch\u00e4tzte Lesezeit\" \/>\n\t<meta name=\"twitter:data1\" content=\"1\u00a0Minute\" \/>\n<script type=\"application\/ld+json\" class=\"yoast-schema-graph\">{\"@context\":\"https:\/\/schema.org\",\"@graph\":[{\"@type\":\"WebPage\",\"@id\":\"https:\/\/www.csj-emballages.com\/de\/produit\/pommesschale-karton-126-x-95-mm-pro-1000\/\",\"url\":\"https:\/\/www.csj-emballages.com\/de\/produit\/pommesschale-karton-126-x-95-mm-pro-1000\/\",\"name\":\"Pommesschale Karton 126 x 95 mm pro 1000\",\"isPartOf\":{\"@id\":\"https:\/\/www.csj-emballages.com\/de\/#website\"},\"primaryImageOfPage\":{\"@id\":\"https:\/\/www.csj-emballages.com\/de\/produit\/pommesschale-karton-126-x-95-mm-pro-1000\/#primaryimage\"},\"image\":{\"@id\":\"https:\/\/www.csj-emballages.com\/de\/produit\/pommesschale-karton-126-x-95-mm-pro-1000\/#primaryimage\"},\"thumbnailUrl\":\"https:\/\/www.csj-emballages.com\/wp-content\/uploads\/2026\/03\/CH180CARTAL.webp\",\"datePublished\":\"2026-03-31T13:18:22+00:00\",\"dateModified\":\"2026-04-18T00:13:34+00:00\",\"description\":\"Pommesschale Karton 180 ml fettdicht, ideal f\u00fcr Snacks und Take-away. Wirtschaftliches 1000er-Set, robust und umweltfreundlich.\",\"breadcrumb\":{\"@id\":\"https:\/\/www.csj-emballages.com\/de\/produit\/pommesschale-karton-126-x-95-mm-pro-1000\/#breadcrumb\"},\"inLanguage\":\"de\",\"potentialAction\":[{\"@type\":\"ReadAction\",\"target\":[\"https:\/\/www.csj-emballages.com\/de\/produit\/pommesschale-karton-126-x-95-mm-pro-1000\/\"]}]},{\"@type\":\"ImageObject\",\"inLanguage\":\"de\",\"@id\":\"https:\/\/www.csj-emballages.com\/de\/produit\/pommesschale-karton-126-x-95-mm-pro-1000\/#primaryimage\",\"url\":\"https:\/\/www.csj-emballages.com\/wp-content\/uploads\/2026\/03\/CH180CARTAL.webp\",\"contentUrl\":\"https:\/\/www.csj-emballages.com\/wp-content\/uploads\/2026\/03\/CH180CARTAL.webp\",\"width\":800,\"height\":800,\"caption\":\"Barquette frite\"},{\"@type\":\"BreadcrumbList\",\"@id\":\"https:\/\/www.csj-emballages.com\/de\/produit\/pommesschale-karton-126-x-95-mm-pro-1000\/#breadcrumb\",\"itemListElement\":[{\"@type\":\"ListItem\",\"position\":1,\"name\":\"Accueil\",\"item\":\"https:\/\/www.csj-emballages.com\/de\/universum-lebensmittelverpackungen\/\"},{\"@type\":\"ListItem\",\"position\":2,\"name\":\"Shop\",\"item\":\"https:\/\/www.csj-emballages.com\/shop\/\"},{\"@type\":\"ListItem\",\"position\":3,\"name\":\"Pommesschale Karton 126 x 95 mm pro 1000\"}]},{\"@type\":\"WebSite\",\"@id\":\"https:\/\/www.csj-emballages.com\/de\/#website\",\"url\":\"https:\/\/www.csj-emballages.com\/de\/\",\"name\":\"CSJ Emballages\",\"description\":\"\",\"publisher\":{\"@id\":\"https:\/\/www.csj-emballages.com\/de\/#organization\"},\"potentialAction\":[{\"@type\":\"SearchAction\",\"target\":{\"@type\":\"EntryPoint\",\"urlTemplate\":\"https:\/\/www.csj-emballages.com\/de\/?s={search_term_string}\"},\"query-input\":{\"@type\":\"PropertyValueSpecification\",\"valueRequired\":true,\"valueName\":\"search_term_string\"}}],\"inLanguage\":\"de\"},{\"@type\":\"Organization\",\"@id\":\"https:\/\/www.csj-emballages.com\/de\/#Organization\/\",\"name\":\"CSJ Emballages\",\"url\":\"https:\/\/www.csj-emballages.com\/de\/\",\"logo\":{\"@type\":\"ImageObject\",\"inLanguage\":\"de\",\"@id\":\"https:\/\/www.csj-emballages.com\/de\/#\/schema\/logo\/image\/\",\"url\":\"https:\/\/www.csj-emballages.com\/wp-content\/uploads\/2023\/10\/logo_csj.webp\",\"contentUrl\":\"https:\/\/www.csj-emballages.com\/wp-content\/uploads\/2023\/10\/logo_csj.webp\",\"width\":250,\"height\":95,\"caption\":\"CSJ Emballages\"},\"image\":{\"@id\":\"https:\/\/www.csj-emballages.com\/de\/#\/schema\/logo\/image\/\"},\"sameAs\":[\"https:\/\/www.facebook.com\/csjemballages\"],\"address\":{\"@type\":\"PostalAddress\",\"streetAddress\":\"ZI La Lechere\",\"addressLocality\":\"Patornay\",\"postalCode\":\"39130\",\"addressCountry\":\"FR\"},\"contactPoint\":[{\"@type\":\"ContactPoint\",\"contactType\":\"Service client\",\"telephone\":\"0384254272\",\"email\":\"contact@csj-emballages.com\"}]}]}<\/script>\n<!-- \/ Yoast SEO Premium plugin. -->","yoast_head_json":{"title":"Pommesschale Karton 126 x 95 mm pro 1000","description":"Pommesschale Karton 180 ml fettdicht, ideal f\u00fcr Snacks und Take-away. Wirtschaftliches 1000er-Set, robust und umweltfreundlich.","robots":{"index":"index","follow":"follow","max-snippet":"max-snippet:-1","max-image-preview":"max-image-preview:large","max-video-preview":"max-video-preview:-1"},"canonical":"https:\/\/www.csj-emballages.com\/de\/produit\/pommesschale-karton-126-x-95-mm-pro-1000\/","og_locale":"de_DE","og_type":"article","og_title":"Pommesschale Karton 126 x 95 mm pro 1000","og_description":"Pommesschale Karton 180 ml fettdicht, ideal f\u00fcr Snacks und Take-away. Wirtschaftliches 1000er-Set, robust und umweltfreundlich.","og_url":"https:\/\/www.csj-emballages.com\/de\/produit\/pommesschale-karton-126-x-95-mm-pro-1000\/","og_site_name":"CSJ Emballages","article_publisher":"https:\/\/www.facebook.com\/csjemballages","article_modified_time":"2026-04-18T00:13:34+00:00","og_image":[{"width":800,"height":800,"url":"https:\/\/www.csj-emballages.com\/wp-content\/uploads\/2026\/03\/CH180CARTAL.webp","type":"image\/webp"}],"twitter_card":"summary_large_image","twitter_misc":{"Gesch\u00e4tzte Lesezeit":"1\u00a0Minute"},"schema":{"@context":"https:\/\/schema.org","@graph":[{"@type":"WebPage","@id":"https:\/\/www.csj-emballages.com\/de\/produit\/pommesschale-karton-126-x-95-mm-pro-1000\/","url":"https:\/\/www.csj-emballages.com\/de\/produit\/pommesschale-karton-126-x-95-mm-pro-1000\/","name":"Pommesschale Karton 126 x 95 mm pro 1000","isPartOf":{"@id":"https:\/\/www.csj-emballages.com\/de\/#website"},"primaryImageOfPage":{"@id":"https:\/\/www.csj-emballages.com\/de\/produit\/pommesschale-karton-126-x-95-mm-pro-1000\/#primaryimage"},"image":{"@id":"https:\/\/www.csj-emballages.com\/de\/produit\/pommesschale-karton-126-x-95-mm-pro-1000\/#primaryimage"},"thumbnailUrl":"https:\/\/www.csj-emballages.com\/wp-content\/uploads\/2026\/03\/CH180CARTAL.webp","datePublished":"2026-03-31T13:18:22+00:00","dateModified":"2026-04-18T00:13:34+00:00","description":"Pommesschale Karton 180 ml fettdicht, ideal f\u00fcr Snacks und Take-away. Wirtschaftliches 1000er-Set, robust und umweltfreundlich.","breadcrumb":{"@id":"https:\/\/www.csj-emballages.com\/de\/produit\/pommesschale-karton-126-x-95-mm-pro-1000\/#breadcrumb"},"inLanguage":"de","potentialAction":[{"@type":"ReadAction","target":["https:\/\/www.csj-emballages.com\/de\/produit\/pommesschale-karton-126-x-95-mm-pro-1000\/"]}]},{"@type":"ImageObject","inLanguage":"de","@id":"https:\/\/www.csj-emballages.com\/de\/produit\/pommesschale-karton-126-x-95-mm-pro-1000\/#primaryimage","url":"https:\/\/www.csj-emballages.com\/wp-content\/uploads\/2026\/03\/CH180CARTAL.webp","contentUrl":"https:\/\/www.csj-emballages.com\/wp-content\/uploads\/2026\/03\/CH180CARTAL.webp","width":800,"height":800,"caption":"Barquette frite"},{"@type":"BreadcrumbList","@id":"https:\/\/www.csj-emballages.com\/de\/produit\/pommesschale-karton-126-x-95-mm-pro-1000\/#breadcrumb","itemListElement":[{"@type":"ListItem","position":1,"name":"Accueil","item":"https:\/\/www.csj-emballages.com\/de\/universum-lebensmittelverpackungen\/"},{"@type":"ListItem","position":2,"name":"Shop","item":"https:\/\/www.csj-emballages.com\/shop\/"},{"@type":"ListItem","position":3,"name":"Pommesschale Karton 126 x 95 mm pro 1000"}]},{"@type":"WebSite","@id":"https:\/\/www.csj-emballages.com\/de\/#website","url":"https:\/\/www.csj-emballages.com\/de\/","name":"CSJ Emballages","description":"","publisher":{"@id":"https:\/\/www.csj-emballages.com\/de\/#organization"},"potentialAction":[{"@type":"SearchAction","target":{"@type":"EntryPoint","urlTemplate":"https:\/\/www.csj-emballages.com\/de\/?s={search_term_string}"},"query-input":{"@type":"PropertyValueSpecification","valueRequired":true,"valueName":"search_term_string"}}],"inLanguage":"de"},{"@type":"Organization","@id":"https:\/\/www.csj-emballages.com\/de\/#Organization\/","name":"CSJ Emballages","url":"https:\/\/www.csj-emballages.com\/de\/","logo":{"@type":"ImageObject","inLanguage":"de","@id":"https:\/\/www.csj-emballages.com\/de\/#\/schema\/logo\/image\/","url":"https:\/\/www.csj-emballages.com\/wp-content\/uploads\/2023\/10\/logo_csj.webp","contentUrl":"https:\/\/www.csj-emballages.com\/wp-content\/uploads\/2023\/10\/logo_csj.webp","width":250,"height":95,"caption":"CSJ Emballages"},"image":{"@id":"https:\/\/www.csj-emballages.com\/de\/#\/schema\/logo\/image\/"},"sameAs":["https:\/\/www.facebook.com\/csjemballages"],"address":{"@type":"PostalAddress","streetAddress":"ZI La Lechere","addressLocality":"Patornay","postalCode":"39130","addressCountry":"FR"},"contactPoint":[{"@type":"ContactPoint","contactType":"Service client","telephone":"0384254272","email":"contact@csj-emballages.com"}]}]}},"df_price":47.38,"df_sale_price":47.38,"df_regular_price":59.22,"df_image_link":"https:\/\/www.csj-emballages.com\/wp-content\/uploads\/2026\/03\/CH180CARTAL-300x300.webp","tiered_pricing_type":"fixed","tiered_pricing_fixed_rules":[],"tiered_pricing_percentage_rules":[],"tiered_pricing_minimum":1,"tiered_pricing_roles_data":[],"_links":{"self":[{"href":"https:\/\/www.csj-emballages.com\/de\/wp-json\/wp\/v2\/product\/277788","targetHints":{"allow":["GET"]}}],"collection":[{"href":"https:\/\/www.csj-emballages.com\/de\/wp-json\/wp\/v2\/product"}],"about":[{"href":"https:\/\/www.csj-emballages.com\/de\/wp-json\/wp\/v2\/types\/product"}],"wp:featuredmedia":[{"embeddable":true,"href":"https:\/\/www.csj-emballages.com\/de\/wp-json\/wp\/v2\/media\/277779"}],"wp:attachment":[{"href":"https:\/\/www.csj-emballages.com\/de\/wp-json\/wp\/v2\/media?parent=277788"}],"wp:term":[{"taxonomy":"product_brand","embeddable":true,"href":"https:\/\/www.csj-emballages.com\/de\/wp-json\/wp\/v2\/product_brand?post=277788"},{"taxonomy":"product_cat","embeddable":true,"href":"https:\/\/www.csj-emballages.com\/de\/wp-json\/wp\/v2\/product_cat?post=277788"},{"taxonomy":"product_tag","embeddable":true,"href":"https:\/\/www.csj-emballages.com\/de\/wp-json\/wp\/v2\/product_tag?post=277788"}],"curies":[{"name":"wp","href":"https:\/\/api.w.org\/{rel}","templated":true}]}}