{"id":277739,"date":"2026-03-02T13:55:54","date_gmt":"2026-03-02T12:55:54","guid":{"rendered":"https:\/\/www.csj-emballages.com\/produit\/griff-fuer-fensterabzieher-25-35-45-cm\/"},"modified":"2026-04-18T02:12:11","modified_gmt":"2026-04-18T00:12:11","slug":"griff-fuer-fensterabzieher-25-35-45-cm","status":"publish","type":"product","link":"https:\/\/www.csj-emballages.com\/de\/produit\/griff-fuer-fensterabzieher-25-35-45-cm\/","title":{"rendered":"Griff f\u00fcr Fensterabzieher 25\/35\/45 cm"},"content":{"rendered":"<h2>Griff f\u00fcr Fensterabzieher<\/h2>\n<hr>\n<h3>Griff f\u00fcr Fensterabzieher 25\/35\/45 cm<\/h3>\n<p><!--more--><\/p>\n<div class=\"text-base my-auto mx-auto [--thread-content-margin:var(--thread-content-margin-xs,calc(var(--spacing)*4))] @w-sm\/main:[--thread-content-margin:var(--thread-content-margin-sm,calc(var(--spacing)*6))] @w-lg\/main:[--thread-content-margin:var(--thread-content-margin-lg,calc(var(--spacing)*16))] px-(--thread-content-margin)\">\n<div class=\"[--thread-content-max-width:40rem] @w-lg\/main:[--thread-content-max-width:48rem] mx-auto max-w-(--thread-content-max-width) flex-1 group\/turn-messages focus-visible:outline-hidden relative flex w-full min-w-0 flex-col agent-turn\">\n<div class=\"flex max-w-full flex-col gap-4 grow\">\n<div class=\"min-h-8 text-message relative flex w-full flex-col items-end gap-2 text-start break-words whitespace-normal outline-none keyboard-focused:focus-ring [.text-message+&amp;]:mt-1\" dir=\"auto\" data-message-author-role=\"assistant\" data-message-id=\"0512494d-57f5-4aae-bf80-5f9aef045bbb\" data-message-model-slug=\"gpt-5-3\">\n<div class=\"flex w-full flex-col gap-1 empty:hidden\">\n<div class=\"markdown prose dark:prose-invert w-full wrap-break-word dark markdown-new-styling\">\n<p data-start=\"108\" data-end=\"347\">Einfach, effizient und angenehm in der Handhabung \u2013 dieser <strong>Griff f\u00fcr Fensterabzieher<\/strong> ist ideal f\u00fcr die m\u00fchelose Reinigung Ihrer Fenster. Der Metallkopf sorgt f\u00fcr einen sicheren Halt der Schiene und ein sauberes, streifenfreies Ergebnis ab dem ersten Wisch. <\/p>\n<p data-start=\"349\" data-end=\"542\">Der leicht geriffelte <strong>Griff<\/strong> liegt gut in der Hand und rutscht selbst bei N\u00e4sse nicht ab. Er bietet sofortigen Komfort, egal ob bei gelegentlichem oder regelm\u00e4\u00dfigem Gebrauch. <\/p>\n<p data-start=\"544\" data-end=\"668\">Kompatibel mit unseren <strong>Edelstahlschienen<\/strong> in <strong>25, 35 oder 45<\/strong> <strong>cm<\/strong> passt er sich jeder Situation an: kleine Fenster, gro\u00dfe Glasfronten oder Schaufenster.<\/p>\n<p data-start=\"670\" data-end=\"749\" data-is-last-node=\"\" data-is-only-node=\"\">Ein einfaches, robustes und effizientes Werkzeug, das im Alltag perfekt \u00fcberzeugt.<\/p>\n<\/div>\n<\/div>\n<\/div>\n<\/div>\n<\/div>\n<\/div>\n<div class=\"z-0 flex min-h-[46px] justify-start\"><\/div>\n<p><!--more--><\/p>\n<h4>Vorteile :<\/h4>\n<ul>\n<li data-section-id=\"86aqlc\" data-start=\"134\" data-end=\"191\">Komfortable Handhabung dank ergonomischem Griff<\/li>\n<li data-section-id=\"1sicqxy\" data-start=\"192\" data-end=\"242\">Rutschfeste Beschichtung, selbst in feuchter Umgebung<\/li>\n<li data-section-id=\"1ns09jp\" data-start=\"243\" data-end=\"293\">Robuste Struktur mit widerstandsf\u00e4higem Metallkopf<\/li>\n<li data-section-id=\"wsdlgm\" data-start=\"294\" data-end=\"350\">Kompatibel mit verschiedenen Breiten (25, 35, 45 cm)<\/li>\n<li data-section-id=\"1wgm5at\" data-start=\"351\" data-end=\"403\">Ideal f\u00fcr den professionellen oder privaten Gebrauch<\/li>\n<\/ul>\n<p>&nbsp;<\/p>\n<p><!--more--><\/p>\n<h4>Weitere Informationen :<\/h4>\n<ul>\n<li><strong>Verpackung<\/strong>: Einzeln<\/li>\n<li><strong>Material<\/strong>: Edelstahl<\/li>\n<li><strong>L\u00e4nge<\/strong>: 13 cm<\/li>\n<\/ul>\n<p>&nbsp;<\/p>\n<p><!--more--><\/p>\n<p>Hier finden Sie alle Gr\u00f6\u00dfen unserer Edelstahlschienen: <span style=\"color: #d12727;\"><a style=\"color: #d12727;\" href=\"https:\/\/www.csj-emballages.com\/it\/produit\/barretta-inox-guarnizione-vetro-25-cm\/\">25 cm<\/a> <span style=\"color: #000000;\">\/<\/span><\/span> <span style=\"color: #d12727;\"><a style=\"color: #d12727;\" href=\"https:\/\/www.csj-emballages.com\/it\/produit\/barretta-inox-guarnizione-vetro-35-cm\/\">35 cm<\/a><\/span> \/ <span style=\"color: #d12727;\"><a style=\"color: #d12727;\" href=\"https:\/\/www.csj-emballages.com\/it\/produit\/barra-in-acciaio-inox-gomma-tergivetro-45-cm\/\">45 cm<\/a><\/span><\/p>\n<p>&nbsp;<\/p>\n<p><!--more--><\/p>\n<p><a href=\"https:\/\/www.csj-emballages.com\/de\/categorie-produit\/hygiene-und-pflege\/bursten-und-besen\/raclette-de\/\">Entdecken Sie unser restliches Sortiment an Abziehern<\/a><\/p>\n<p>&nbsp;<\/p>\n","protected":false},"excerpt":{"rendered":"<p>Griff f\u00fcr Fensterabzieher Griff f\u00fcr Fensterabzieher 25\/35\/45 cm<\/p>\n","protected":false},"featured_media":277732,"template":"","meta":{"_acf_changed":false},"product_brand":[],"product_cat":[1218,1449,1837],"product_tag":[],"class_list":{"0":"post-277739","1":"product","2":"type-product","3":"status-publish","4":"has-post-thumbnail","6":"product_cat-hygiene-und-pflege","7":"product_cat-bursten-und-besen","8":"product_cat-raclette-de","10":"first","11":"instock","12":"taxable","13":"shipping-taxable","14":"purchasable","15":"product-type-simple"},"acf":[],"yoast_head":"<!-- This site is optimized with the Yoast SEO Premium plugin v26.6 (Yoast SEO v26.6) - https:\/\/yoast.com\/wordpress\/plugins\/seo\/ -->\n<title>Griff f\u00fcr Fensterabzieher 25\/35\/45 cm<\/title>\n<meta name=\"description\" content=\"Robuster und ergonomischer Griff f\u00fcr Fensterabzieher, ideal f\u00fcr eine effiziente und streifenfreie Reinigung. Kompatibel mit Schienen in 25, 35 oder 45 cm.\" \/>\n<meta name=\"robots\" content=\"index, follow, max-snippet:-1, max-image-preview:large, max-video-preview:-1\" \/>\n<link rel=\"canonical\" href=\"https:\/\/www.csj-emballages.com\/de\/produit\/griff-fuer-fensterabzieher-25-35-45-cm\/\" \/>\n<meta property=\"og:locale\" content=\"de_DE\" \/>\n<meta property=\"og:type\" content=\"article\" \/>\n<meta property=\"og:title\" content=\"Griff f\u00fcr Fensterabzieher 25\/35\/45 cm\" \/>\n<meta property=\"og:description\" content=\"Robuster und ergonomischer Griff f\u00fcr Fensterabzieher, ideal f\u00fcr eine effiziente und streifenfreie Reinigung. Kompatibel mit Schienen in 25, 35 oder 45 cm.\" \/>\n<meta property=\"og:url\" content=\"https:\/\/www.csj-emballages.com\/de\/produit\/griff-fuer-fensterabzieher-25-35-45-cm\/\" \/>\n<meta property=\"og:site_name\" content=\"CSJ Emballages\" \/>\n<meta property=\"article:publisher\" content=\"https:\/\/www.facebook.com\/csjemballages\" \/>\n<meta property=\"article:modified_time\" content=\"2026-04-18T00:12:11+00:00\" \/>\n<meta property=\"og:image\" content=\"https:\/\/www.csj-emballages.com\/wp-content\/uploads\/2026\/03\/8524.webp\" \/>\n\t<meta property=\"og:image:width\" content=\"800\" \/>\n\t<meta property=\"og:image:height\" content=\"800\" \/>\n\t<meta property=\"og:image:type\" content=\"image\/webp\" \/>\n<meta name=\"twitter:card\" content=\"summary_large_image\" \/>\n<meta name=\"twitter:label1\" content=\"Gesch\u00e4tzte Lesezeit\" \/>\n\t<meta name=\"twitter:data1\" content=\"1\u00a0Minute\" \/>\n<script type=\"application\/ld+json\" class=\"yoast-schema-graph\">{\"@context\":\"https:\/\/schema.org\",\"@graph\":[{\"@type\":\"WebPage\",\"@id\":\"https:\/\/www.csj-emballages.com\/de\/produit\/griff-fuer-fensterabzieher-25-35-45-cm\/\",\"url\":\"https:\/\/www.csj-emballages.com\/de\/produit\/griff-fuer-fensterabzieher-25-35-45-cm\/\",\"name\":\"Griff f\u00fcr Fensterabzieher 25\/35\/45 cm\",\"isPartOf\":{\"@id\":\"https:\/\/www.csj-emballages.com\/de\/#website\"},\"primaryImageOfPage\":{\"@id\":\"https:\/\/www.csj-emballages.com\/de\/produit\/griff-fuer-fensterabzieher-25-35-45-cm\/#primaryimage\"},\"image\":{\"@id\":\"https:\/\/www.csj-emballages.com\/de\/produit\/griff-fuer-fensterabzieher-25-35-45-cm\/#primaryimage\"},\"thumbnailUrl\":\"https:\/\/www.csj-emballages.com\/wp-content\/uploads\/2026\/03\/8524.webp\",\"datePublished\":\"2026-03-02T12:55:54+00:00\",\"dateModified\":\"2026-04-18T00:12:11+00:00\",\"description\":\"Robuster und ergonomischer Griff f\u00fcr Fensterabzieher, ideal f\u00fcr eine effiziente und streifenfreie Reinigung. Kompatibel mit Schienen in 25, 35 oder 45 cm.\",\"breadcrumb\":{\"@id\":\"https:\/\/www.csj-emballages.com\/de\/produit\/griff-fuer-fensterabzieher-25-35-45-cm\/#breadcrumb\"},\"inLanguage\":\"de\",\"potentialAction\":[{\"@type\":\"ReadAction\",\"target\":[\"https:\/\/www.csj-emballages.com\/de\/produit\/griff-fuer-fensterabzieher-25-35-45-cm\/\"]}]},{\"@type\":\"ImageObject\",\"inLanguage\":\"de\",\"@id\":\"https:\/\/www.csj-emballages.com\/de\/produit\/griff-fuer-fensterabzieher-25-35-45-cm\/#primaryimage\",\"url\":\"https:\/\/www.csj-emballages.com\/wp-content\/uploads\/2026\/03\/8524.webp\",\"contentUrl\":\"https:\/\/www.csj-emballages.com\/wp-content\/uploads\/2026\/03\/8524.webp\",\"width\":800,\"height\":800,\"caption\":\"Poign\u00e9e pour raclette vitre\"},{\"@type\":\"BreadcrumbList\",\"@id\":\"https:\/\/www.csj-emballages.com\/de\/produit\/griff-fuer-fensterabzieher-25-35-45-cm\/#breadcrumb\",\"itemListElement\":[{\"@type\":\"ListItem\",\"position\":1,\"name\":\"Accueil\",\"item\":\"https:\/\/www.csj-emballages.com\/de\/universum-lebensmittelverpackungen\/\"},{\"@type\":\"ListItem\",\"position\":2,\"name\":\"Shop\",\"item\":\"https:\/\/www.csj-emballages.com\/shop\/\"},{\"@type\":\"ListItem\",\"position\":3,\"name\":\"Griff f\u00fcr Fensterabzieher 25\/35\/45 cm\"}]},{\"@type\":\"WebSite\",\"@id\":\"https:\/\/www.csj-emballages.com\/de\/#website\",\"url\":\"https:\/\/www.csj-emballages.com\/de\/\",\"name\":\"CSJ Emballages\",\"description\":\"\",\"publisher\":{\"@id\":\"https:\/\/www.csj-emballages.com\/de\/#organization\"},\"potentialAction\":[{\"@type\":\"SearchAction\",\"target\":{\"@type\":\"EntryPoint\",\"urlTemplate\":\"https:\/\/www.csj-emballages.com\/de\/?s={search_term_string}\"},\"query-input\":{\"@type\":\"PropertyValueSpecification\",\"valueRequired\":true,\"valueName\":\"search_term_string\"}}],\"inLanguage\":\"de\"},{\"@type\":\"Organization\",\"@id\":\"https:\/\/www.csj-emballages.com\/de\/#Organization\/\",\"name\":\"CSJ Emballages\",\"url\":\"https:\/\/www.csj-emballages.com\/de\/\",\"logo\":{\"@type\":\"ImageObject\",\"inLanguage\":\"de\",\"@id\":\"https:\/\/www.csj-emballages.com\/de\/#\/schema\/logo\/image\/\",\"url\":\"https:\/\/www.csj-emballages.com\/wp-content\/uploads\/2023\/10\/logo_csj.webp\",\"contentUrl\":\"https:\/\/www.csj-emballages.com\/wp-content\/uploads\/2023\/10\/logo_csj.webp\",\"width\":250,\"height\":95,\"caption\":\"CSJ Emballages\"},\"image\":{\"@id\":\"https:\/\/www.csj-emballages.com\/de\/#\/schema\/logo\/image\/\"},\"sameAs\":[\"https:\/\/www.facebook.com\/csjemballages\"],\"address\":{\"@type\":\"PostalAddress\",\"streetAddress\":\"ZI La Lechere\",\"addressLocality\":\"Patornay\",\"postalCode\":\"39130\",\"addressCountry\":\"FR\"},\"contactPoint\":[{\"@type\":\"ContactPoint\",\"contactType\":\"Service client\",\"telephone\":\"0384254272\",\"email\":\"contact@csj-emballages.com\"}]}]}<\/script>\n<!-- \/ Yoast SEO Premium plugin. -->","yoast_head_json":{"title":"Griff f\u00fcr Fensterabzieher 25\/35\/45 cm","description":"Robuster und ergonomischer Griff f\u00fcr Fensterabzieher, ideal f\u00fcr eine effiziente und streifenfreie Reinigung. Kompatibel mit Schienen in 25, 35 oder 45 cm.","robots":{"index":"index","follow":"follow","max-snippet":"max-snippet:-1","max-image-preview":"max-image-preview:large","max-video-preview":"max-video-preview:-1"},"canonical":"https:\/\/www.csj-emballages.com\/de\/produit\/griff-fuer-fensterabzieher-25-35-45-cm\/","og_locale":"de_DE","og_type":"article","og_title":"Griff f\u00fcr Fensterabzieher 25\/35\/45 cm","og_description":"Robuster und ergonomischer Griff f\u00fcr Fensterabzieher, ideal f\u00fcr eine effiziente und streifenfreie Reinigung. Kompatibel mit Schienen in 25, 35 oder 45 cm.","og_url":"https:\/\/www.csj-emballages.com\/de\/produit\/griff-fuer-fensterabzieher-25-35-45-cm\/","og_site_name":"CSJ Emballages","article_publisher":"https:\/\/www.facebook.com\/csjemballages","article_modified_time":"2026-04-18T00:12:11+00:00","og_image":[{"width":800,"height":800,"url":"https:\/\/www.csj-emballages.com\/wp-content\/uploads\/2026\/03\/8524.webp","type":"image\/webp"}],"twitter_card":"summary_large_image","twitter_misc":{"Gesch\u00e4tzte Lesezeit":"1\u00a0Minute"},"schema":{"@context":"https:\/\/schema.org","@graph":[{"@type":"WebPage","@id":"https:\/\/www.csj-emballages.com\/de\/produit\/griff-fuer-fensterabzieher-25-35-45-cm\/","url":"https:\/\/www.csj-emballages.com\/de\/produit\/griff-fuer-fensterabzieher-25-35-45-cm\/","name":"Griff f\u00fcr Fensterabzieher 25\/35\/45 cm","isPartOf":{"@id":"https:\/\/www.csj-emballages.com\/de\/#website"},"primaryImageOfPage":{"@id":"https:\/\/www.csj-emballages.com\/de\/produit\/griff-fuer-fensterabzieher-25-35-45-cm\/#primaryimage"},"image":{"@id":"https:\/\/www.csj-emballages.com\/de\/produit\/griff-fuer-fensterabzieher-25-35-45-cm\/#primaryimage"},"thumbnailUrl":"https:\/\/www.csj-emballages.com\/wp-content\/uploads\/2026\/03\/8524.webp","datePublished":"2026-03-02T12:55:54+00:00","dateModified":"2026-04-18T00:12:11+00:00","description":"Robuster und ergonomischer Griff f\u00fcr Fensterabzieher, ideal f\u00fcr eine effiziente und streifenfreie Reinigung. Kompatibel mit Schienen in 25, 35 oder 45 cm.","breadcrumb":{"@id":"https:\/\/www.csj-emballages.com\/de\/produit\/griff-fuer-fensterabzieher-25-35-45-cm\/#breadcrumb"},"inLanguage":"de","potentialAction":[{"@type":"ReadAction","target":["https:\/\/www.csj-emballages.com\/de\/produit\/griff-fuer-fensterabzieher-25-35-45-cm\/"]}]},{"@type":"ImageObject","inLanguage":"de","@id":"https:\/\/www.csj-emballages.com\/de\/produit\/griff-fuer-fensterabzieher-25-35-45-cm\/#primaryimage","url":"https:\/\/www.csj-emballages.com\/wp-content\/uploads\/2026\/03\/8524.webp","contentUrl":"https:\/\/www.csj-emballages.com\/wp-content\/uploads\/2026\/03\/8524.webp","width":800,"height":800,"caption":"Poign\u00e9e pour raclette vitre"},{"@type":"BreadcrumbList","@id":"https:\/\/www.csj-emballages.com\/de\/produit\/griff-fuer-fensterabzieher-25-35-45-cm\/#breadcrumb","itemListElement":[{"@type":"ListItem","position":1,"name":"Accueil","item":"https:\/\/www.csj-emballages.com\/de\/universum-lebensmittelverpackungen\/"},{"@type":"ListItem","position":2,"name":"Shop","item":"https:\/\/www.csj-emballages.com\/shop\/"},{"@type":"ListItem","position":3,"name":"Griff f\u00fcr Fensterabzieher 25\/35\/45 cm"}]},{"@type":"WebSite","@id":"https:\/\/www.csj-emballages.com\/de\/#website","url":"https:\/\/www.csj-emballages.com\/de\/","name":"CSJ Emballages","description":"","publisher":{"@id":"https:\/\/www.csj-emballages.com\/de\/#organization"},"potentialAction":[{"@type":"SearchAction","target":{"@type":"EntryPoint","urlTemplate":"https:\/\/www.csj-emballages.com\/de\/?s={search_term_string}"},"query-input":{"@type":"PropertyValueSpecification","valueRequired":true,"valueName":"search_term_string"}}],"inLanguage":"de"},{"@type":"Organization","@id":"https:\/\/www.csj-emballages.com\/de\/#Organization\/","name":"CSJ Emballages","url":"https:\/\/www.csj-emballages.com\/de\/","logo":{"@type":"ImageObject","inLanguage":"de","@id":"https:\/\/www.csj-emballages.com\/de\/#\/schema\/logo\/image\/","url":"https:\/\/www.csj-emballages.com\/wp-content\/uploads\/2023\/10\/logo_csj.webp","contentUrl":"https:\/\/www.csj-emballages.com\/wp-content\/uploads\/2023\/10\/logo_csj.webp","width":250,"height":95,"caption":"CSJ Emballages"},"image":{"@id":"https:\/\/www.csj-emballages.com\/de\/#\/schema\/logo\/image\/"},"sameAs":["https:\/\/www.facebook.com\/csjemballages"],"address":{"@type":"PostalAddress","streetAddress":"ZI La Lechere","addressLocality":"Patornay","postalCode":"39130","addressCountry":"FR"},"contactPoint":[{"@type":"ContactPoint","contactType":"Service client","telephone":"0384254272","email":"contact@csj-emballages.com"}]}]}},"df_price":4.88,"df_sale_price":"","df_regular_price":4.88,"df_image_link":"https:\/\/www.csj-emballages.com\/wp-content\/uploads\/2026\/03\/8524-300x300.webp","tiered_pricing_type":"fixed","tiered_pricing_fixed_rules":[],"tiered_pricing_percentage_rules":[],"tiered_pricing_minimum":1,"tiered_pricing_roles_data":[],"_links":{"self":[{"href":"https:\/\/www.csj-emballages.com\/de\/wp-json\/wp\/v2\/product\/277739","targetHints":{"allow":["GET"]}}],"collection":[{"href":"https:\/\/www.csj-emballages.com\/de\/wp-json\/wp\/v2\/product"}],"about":[{"href":"https:\/\/www.csj-emballages.com\/de\/wp-json\/wp\/v2\/types\/product"}],"wp:featuredmedia":[{"embeddable":true,"href":"https:\/\/www.csj-emballages.com\/de\/wp-json\/wp\/v2\/media\/277732"}],"wp:attachment":[{"href":"https:\/\/www.csj-emballages.com\/de\/wp-json\/wp\/v2\/media?parent=277739"}],"wp:term":[{"taxonomy":"product_brand","embeddable":true,"href":"https:\/\/www.csj-emballages.com\/de\/wp-json\/wp\/v2\/product_brand?post=277739"},{"taxonomy":"product_cat","embeddable":true,"href":"https:\/\/www.csj-emballages.com\/de\/wp-json\/wp\/v2\/product_cat?post=277739"},{"taxonomy":"product_tag","embeddable":true,"href":"https:\/\/www.csj-emballages.com\/de\/wp-json\/wp\/v2\/product_tag?post=277739"}],"curies":[{"name":"wp","href":"https:\/\/api.w.org\/{rel}","templated":true}]}}