{"id":277569,"date":"2025-12-03T15:18:24","date_gmt":"2025-12-03T14:18:24","guid":{"rendered":"https:\/\/www.csj-emballages.com\/produit\/kartonkorb-schwarz-350-x-260-x-70-mm\/"},"modified":"2026-04-18T02:10:53","modified_gmt":"2026-04-18T00:10:53","slug":"kartonkorb-schwarz-350-x-260-x-70-mm","status":"publish","type":"product","link":"https:\/\/www.csj-emballages.com\/de\/produit\/kartonkorb-schwarz-350-x-260-x-70-mm\/","title":{"rendered":"Kartonkorb schwarz 350 x 260 x 70 mm"},"content":{"rendered":"<h2>Kartonkorb schwarz<\/h2>\n<hr>\n<h3>Kartonkorb schwarz 350 x 260 x 70 mm<\/h3>\n<p><!--more--><\/p>\n<div class=\"elementor-element elementor-element-6621759 e-no-lazyload e-flex e-con-boxed e-con e-parent e-lazyloaded\" data-id=\"6621759\" data-element_type=\"container\">\n<div class=\"e-con-inner\">\n<div class=\"elementor-element elementor-element-4756e65 e-con-full e-flex e-con e-child\" data-id=\"4756e65\" data-element_type=\"container\">\n<div class=\"elementor-element elementor-element-a25940d elementor-widget elementor-widget-woocommerce-product-data-tabs\" data-id=\"a25940d\" data-element_type=\"widget\" data-widget_type=\"woocommerce-product-data-tabs.default\">\n<div class=\"elementor-widget-container\">\n<div class=\"woocommerce-tabs wc-tabs-wrapper\">\n<div id=\"tab-description\" class=\"woocommerce-Tabs-panel woocommerce-Tabs-panel--description panel entry-content wc-tab\" role=\"tabpanel\" aria-labelledby=\"tab-title-description\">\n<p data-start=\"261\" data-end=\"615\">Dieser <strong>schwarze Korb aus Karton<\/strong> verleiht allem, was Sie pr\u00e4sentieren, sofort eine schicke Note. Mit seinem schlichten und modernen Look hebt er seinen Inhalt nat\u00fcrlich hervor, egal ob es sich um Feinschmeckerprodukte, Geschenksets oder sogar lose Ware handelt. Ihre <strong>schwarze<\/strong>, leicht <strong>satinierte<\/strong> <strong>Farbe<\/strong> vermittelt m\u00fchelos einen echten Eindruck von Qualit\u00e4t.  <\/p>\n<p data-start=\"617\" data-end=\"983\">Dank seines Formats von <strong>350 x 260 x 70 mm<\/strong> bietet er ausreichend Platz, ohne sperrig zu sein. Sie k\u00f6nnen darin Obst, Brot, Schokolade, lokale Produkte oder auch originellere Arrangements nach Ihren W\u00fcnschen anordnen. Sie ist leicht anpassbar, was sie zu einem <strong>vielseitigen Tr\u00e4ger<\/strong> f\u00fcr Boutiquen, Handwerker und Gastronomen macht.<\/p>\n<p data-start=\"985\" data-end=\"1290\">Dank der <strong>seitlichen Griffmulden<\/strong> l\u00e4sst er sich problemlos transportieren. Man kann sie mit einer Hand greifen, sie bleibt stabil und verformt sich nicht. Durch die Verwendung von <strong>dicker Pappe<\/strong> hat sie einen guten Halt, was sich sowohl f\u00fcr Schaufensterpr\u00e4sentationen als auch f\u00fcr Geschenkk\u00f6rbe, die verschenkt werden sollen, eignet.  <\/p>\n<p data-start=\"1292\" data-end=\"1621\">Dieser <strong>schwarze Korb<\/strong> ist nicht nur praktisch, sondern spielt auch eine wichtige \u00e4sthetische Rolle: Er strukturiert die Pr\u00e4sentation und sorgt f\u00fcr eine sch\u00f6ne visuelle Koh\u00e4renz, besonders wenn Sie nat\u00fcrliche oder minimalistische Stimmungen bevorzugen. F\u00fcgen Sie einfach etwas <a href=\"https:\/\/www.csj-emballages.com\/de\/categorie-produit\/lebensmittelverpackungen\/boutique-und-geschaft\/zubehor-und-ausstattung-de\/krauselung\/\">F\u00fcllmaterial<\/a> und einige Produkte hinzu, und das Ensemble nimmt in wenigen Sekunden Gestalt an. <\/p>\n<p data-start=\"1623\" data-end=\"1811\">Zusammenfassend l\u00e4sst sich sagen, dass dieser <strong>schwarze Korb<\/strong> nicht nur ein Beh\u00e4lter ist: Er ist ein inszenierendes Element, das Ihre Produkte aufwertet und gleichzeitig die Organisation Ihrer St\u00e4nde und Kreationen erleichtert.<\/p>\n<p data-start=\"1623\" data-end=\"1811\">\n<p><!--more--><\/p>\n<h4 data-start=\"1623\" data-end=\"1811\">Vorteile :<\/h4>\n<ul>\n<li data-start=\"1839\" data-end=\"1872\">Modernes, elegantes <strong>schwarzes Design<\/strong>.<\/li>\n<li data-start=\"1875\" data-end=\"1933\">Vielseitiges Format f\u00fcr Pr\u00e4sentationen und Geschenkk\u00f6rbe.<\/li>\n<li data-start=\"1936\" data-end=\"1982\"><strong>Integrierte Griffe<\/strong> f\u00fcr einen einfachen Transport.<\/li>\n<li data-start=\"1985\" data-end=\"2019\">Robuster Karton mit sch\u00f6nem Halt.<\/li>\n<li data-start=\"2022\" data-end=\"2085\">Ideal f\u00fcr Gesch\u00e4fte, Handwerker, Feinkostl\u00e4den und Veranstaltungen.<\/li>\n<\/ul>\n<p>&nbsp;<\/p>\n<p><!--more--><\/p>\n<h4>Weitere Informationen :<\/h4>\n<ul>\n<li><strong>Verpackung<\/strong>: Einzeln<\/li>\n<li><strong>Abmessungen<\/strong>: 350 x 260 x 70 mm<\/li>\n<li><strong>Farbe<\/strong>: Schwarz<\/li>\n<li><strong>Material<\/strong>: Karton<\/li>\n<\/ul>\n<p>&nbsp;<\/p>\n<p><!--more--><\/p>\n<p>Dieser schwarze Kartonkorb ist in einer kleineren Gr\u00f6\u00dfe erh\u00e4ltlich: <a href=\"https:\/\/www.csj-emballages.com\/es\/produit\/cesta-de-carton-negro-220-x-160-x-50-mm\/\">220 x 160 x 50 mm<\/a><\/p>\n<p>&nbsp;<\/p>\n<p><!--more--><\/p>\n<p><a href=\"https:\/\/www.csj-emballages.com\/de\/categorie-produit\/lebensmittelverpackungen\/boutique-und-geschaft\/zubehor-und-ausstattung-de\/weidenkorb\/\">Sehen Sie sich den Rest unseres Sortiments an K\u00f6rben an<\/a><\/p>\n<\/div>\n<\/div>\n<\/div>\n<\/div>\n<\/div>\n<\/div>\n<\/div>\n","protected":false},"excerpt":{"rendered":"<p>Kartonkorb schwarz Kartonkorb schwarz 350 x 260 x 70 mm<\/p>\n","protected":false},"featured_media":277556,"template":"","meta":{"_acf_changed":false},"product_brand":[],"product_cat":[1137,1487,3970,3058],"product_tag":[],"class_list":{"0":"post-277569","1":"product","2":"type-product","3":"status-publish","4":"has-post-thumbnail","6":"product_cat-lebensmittelverpackungen","7":"product_cat-boutique-und-geschaft","8":"product_cat-zubehor-und-ausstattung-de","9":"product_cat-weidenkorb","11":"first","12":"instock","13":"taxable","14":"shipping-taxable","15":"purchasable","16":"product-type-simple"},"acf":[],"yoast_head":"<!-- This site is optimized with the Yoast SEO Premium plugin v26.6 (Yoast SEO v26.6) - https:\/\/yoast.com\/wordpress\/plugins\/seo\/ -->\n<title>Kartonkorb Schwarz 350 x 260 x 70 mm<\/title>\n<meta name=\"description\" content=\"Kartonkorb schwarz 350 x 260 x 70 mm: elegant, stabil und leicht zu transportieren. Perfekt f\u00fcr Geschenkk\u00f6rbe, Schaufenster und ansprechende Pr\u00e4sentationen.\" \/>\n<meta name=\"robots\" content=\"index, follow, max-snippet:-1, max-image-preview:large, max-video-preview:-1\" \/>\n<link rel=\"canonical\" href=\"https:\/\/www.csj-emballages.com\/de\/produit\/kartonkorb-schwarz-350-x-260-x-70-mm\/\" \/>\n<meta property=\"og:locale\" content=\"de_DE\" \/>\n<meta property=\"og:type\" content=\"article\" \/>\n<meta property=\"og:title\" content=\"Kartonkorb schwarz 350 x 260 x 70 mm\" \/>\n<meta property=\"og:description\" content=\"Kartonkorb schwarz 350 x 260 x 70 mm: elegant, stabil und leicht zu transportieren. Perfekt f\u00fcr Geschenkk\u00f6rbe, Schaufenster und ansprechende Pr\u00e4sentationen.\" \/>\n<meta property=\"og:url\" content=\"https:\/\/www.csj-emballages.com\/de\/produit\/kartonkorb-schwarz-350-x-260-x-70-mm\/\" \/>\n<meta property=\"og:site_name\" content=\"CSJ Emballages\" \/>\n<meta property=\"article:publisher\" content=\"https:\/\/www.facebook.com\/csjemballages\" \/>\n<meta property=\"article:modified_time\" content=\"2026-04-18T00:10:53+00:00\" \/>\n<meta property=\"og:image\" content=\"https:\/\/www.csj-emballages.com\/wp-content\/uploads\/2025\/12\/117163S-1.webp\" \/>\n\t<meta property=\"og:image:width\" content=\"800\" \/>\n\t<meta property=\"og:image:height\" content=\"800\" \/>\n\t<meta property=\"og:image:type\" content=\"image\/webp\" \/>\n<meta name=\"twitter:card\" content=\"summary_large_image\" \/>\n<meta name=\"twitter:label1\" content=\"Gesch\u00e4tzte Lesezeit\" \/>\n\t<meta name=\"twitter:data1\" content=\"2 Minuten\" \/>\n<script type=\"application\/ld+json\" class=\"yoast-schema-graph\">{\"@context\":\"https:\/\/schema.org\",\"@graph\":[{\"@type\":\"WebPage\",\"@id\":\"https:\/\/www.csj-emballages.com\/de\/produit\/kartonkorb-schwarz-350-x-260-x-70-mm\/\",\"url\":\"https:\/\/www.csj-emballages.com\/de\/produit\/kartonkorb-schwarz-350-x-260-x-70-mm\/\",\"name\":\"Kartonkorb Schwarz 350 x 260 x 70 mm\",\"isPartOf\":{\"@id\":\"https:\/\/www.csj-emballages.com\/de\/#website\"},\"primaryImageOfPage\":{\"@id\":\"https:\/\/www.csj-emballages.com\/de\/produit\/kartonkorb-schwarz-350-x-260-x-70-mm\/#primaryimage\"},\"image\":{\"@id\":\"https:\/\/www.csj-emballages.com\/de\/produit\/kartonkorb-schwarz-350-x-260-x-70-mm\/#primaryimage\"},\"thumbnailUrl\":\"https:\/\/www.csj-emballages.com\/wp-content\/uploads\/2025\/12\/117163S-1.webp\",\"datePublished\":\"2025-12-03T14:18:24+00:00\",\"dateModified\":\"2026-04-18T00:10:53+00:00\",\"description\":\"Kartonkorb schwarz 350 x 260 x 70 mm: elegant, stabil und leicht zu transportieren. Perfekt f\u00fcr Geschenkk\u00f6rbe, Schaufenster und ansprechende Pr\u00e4sentationen.\",\"breadcrumb\":{\"@id\":\"https:\/\/www.csj-emballages.com\/de\/produit\/kartonkorb-schwarz-350-x-260-x-70-mm\/#breadcrumb\"},\"inLanguage\":\"de\",\"potentialAction\":[{\"@type\":\"ReadAction\",\"target\":[\"https:\/\/www.csj-emballages.com\/de\/produit\/kartonkorb-schwarz-350-x-260-x-70-mm\/\"]}]},{\"@type\":\"ImageObject\",\"inLanguage\":\"de\",\"@id\":\"https:\/\/www.csj-emballages.com\/de\/produit\/kartonkorb-schwarz-350-x-260-x-70-mm\/#primaryimage\",\"url\":\"https:\/\/www.csj-emballages.com\/wp-content\/uploads\/2025\/12\/117163S-1.webp\",\"contentUrl\":\"https:\/\/www.csj-emballages.com\/wp-content\/uploads\/2025\/12\/117163S-1.webp\",\"width\":800,\"height\":800,\"caption\":\"117164S\"},{\"@type\":\"BreadcrumbList\",\"@id\":\"https:\/\/www.csj-emballages.com\/de\/produit\/kartonkorb-schwarz-350-x-260-x-70-mm\/#breadcrumb\",\"itemListElement\":[{\"@type\":\"ListItem\",\"position\":1,\"name\":\"Accueil\",\"item\":\"https:\/\/www.csj-emballages.com\/de\/universum-lebensmittelverpackungen\/\"},{\"@type\":\"ListItem\",\"position\":2,\"name\":\"Shop\",\"item\":\"https:\/\/www.csj-emballages.com\/shop\/\"},{\"@type\":\"ListItem\",\"position\":3,\"name\":\"Kartonkorb schwarz 350 x 260 x 70 mm\"}]},{\"@type\":\"WebSite\",\"@id\":\"https:\/\/www.csj-emballages.com\/de\/#website\",\"url\":\"https:\/\/www.csj-emballages.com\/de\/\",\"name\":\"CSJ Emballages\",\"description\":\"\",\"publisher\":{\"@id\":\"https:\/\/www.csj-emballages.com\/de\/#organization\"},\"potentialAction\":[{\"@type\":\"SearchAction\",\"target\":{\"@type\":\"EntryPoint\",\"urlTemplate\":\"https:\/\/www.csj-emballages.com\/de\/?s={search_term_string}\"},\"query-input\":{\"@type\":\"PropertyValueSpecification\",\"valueRequired\":true,\"valueName\":\"search_term_string\"}}],\"inLanguage\":\"de\"},{\"@type\":\"Organization\",\"@id\":\"https:\/\/www.csj-emballages.com\/de\/#Organization\/\",\"name\":\"CSJ Emballages\",\"url\":\"https:\/\/www.csj-emballages.com\/de\/\",\"logo\":{\"@type\":\"ImageObject\",\"inLanguage\":\"de\",\"@id\":\"https:\/\/www.csj-emballages.com\/de\/#\/schema\/logo\/image\/\",\"url\":\"https:\/\/www.csj-emballages.com\/wp-content\/uploads\/2023\/10\/logo_csj.webp\",\"contentUrl\":\"https:\/\/www.csj-emballages.com\/wp-content\/uploads\/2023\/10\/logo_csj.webp\",\"width\":250,\"height\":95,\"caption\":\"CSJ Emballages\"},\"image\":{\"@id\":\"https:\/\/www.csj-emballages.com\/de\/#\/schema\/logo\/image\/\"},\"sameAs\":[\"https:\/\/www.facebook.com\/csjemballages\"],\"address\":{\"@type\":\"PostalAddress\",\"streetAddress\":\"ZI La Lechere\",\"addressLocality\":\"Patornay\",\"postalCode\":\"39130\",\"addressCountry\":\"FR\"},\"contactPoint\":[{\"@type\":\"ContactPoint\",\"contactType\":\"Service client\",\"telephone\":\"0384254272\",\"email\":\"contact@csj-emballages.com\"}]}]}<\/script>\n<!-- \/ Yoast SEO Premium plugin. -->","yoast_head_json":{"title":"Kartonkorb Schwarz 350 x 260 x 70 mm","description":"Kartonkorb schwarz 350 x 260 x 70 mm: elegant, stabil und leicht zu transportieren. Perfekt f\u00fcr Geschenkk\u00f6rbe, Schaufenster und ansprechende Pr\u00e4sentationen.","robots":{"index":"index","follow":"follow","max-snippet":"max-snippet:-1","max-image-preview":"max-image-preview:large","max-video-preview":"max-video-preview:-1"},"canonical":"https:\/\/www.csj-emballages.com\/de\/produit\/kartonkorb-schwarz-350-x-260-x-70-mm\/","og_locale":"de_DE","og_type":"article","og_title":"Kartonkorb schwarz 350 x 260 x 70 mm","og_description":"Kartonkorb schwarz 350 x 260 x 70 mm: elegant, stabil und leicht zu transportieren. Perfekt f\u00fcr Geschenkk\u00f6rbe, Schaufenster und ansprechende Pr\u00e4sentationen.","og_url":"https:\/\/www.csj-emballages.com\/de\/produit\/kartonkorb-schwarz-350-x-260-x-70-mm\/","og_site_name":"CSJ Emballages","article_publisher":"https:\/\/www.facebook.com\/csjemballages","article_modified_time":"2026-04-18T00:10:53+00:00","og_image":[{"width":800,"height":800,"url":"https:\/\/www.csj-emballages.com\/wp-content\/uploads\/2025\/12\/117163S-1.webp","type":"image\/webp"}],"twitter_card":"summary_large_image","twitter_misc":{"Gesch\u00e4tzte Lesezeit":"2 Minuten"},"schema":{"@context":"https:\/\/schema.org","@graph":[{"@type":"WebPage","@id":"https:\/\/www.csj-emballages.com\/de\/produit\/kartonkorb-schwarz-350-x-260-x-70-mm\/","url":"https:\/\/www.csj-emballages.com\/de\/produit\/kartonkorb-schwarz-350-x-260-x-70-mm\/","name":"Kartonkorb Schwarz 350 x 260 x 70 mm","isPartOf":{"@id":"https:\/\/www.csj-emballages.com\/de\/#website"},"primaryImageOfPage":{"@id":"https:\/\/www.csj-emballages.com\/de\/produit\/kartonkorb-schwarz-350-x-260-x-70-mm\/#primaryimage"},"image":{"@id":"https:\/\/www.csj-emballages.com\/de\/produit\/kartonkorb-schwarz-350-x-260-x-70-mm\/#primaryimage"},"thumbnailUrl":"https:\/\/www.csj-emballages.com\/wp-content\/uploads\/2025\/12\/117163S-1.webp","datePublished":"2025-12-03T14:18:24+00:00","dateModified":"2026-04-18T00:10:53+00:00","description":"Kartonkorb schwarz 350 x 260 x 70 mm: elegant, stabil und leicht zu transportieren. Perfekt f\u00fcr Geschenkk\u00f6rbe, Schaufenster und ansprechende Pr\u00e4sentationen.","breadcrumb":{"@id":"https:\/\/www.csj-emballages.com\/de\/produit\/kartonkorb-schwarz-350-x-260-x-70-mm\/#breadcrumb"},"inLanguage":"de","potentialAction":[{"@type":"ReadAction","target":["https:\/\/www.csj-emballages.com\/de\/produit\/kartonkorb-schwarz-350-x-260-x-70-mm\/"]}]},{"@type":"ImageObject","inLanguage":"de","@id":"https:\/\/www.csj-emballages.com\/de\/produit\/kartonkorb-schwarz-350-x-260-x-70-mm\/#primaryimage","url":"https:\/\/www.csj-emballages.com\/wp-content\/uploads\/2025\/12\/117163S-1.webp","contentUrl":"https:\/\/www.csj-emballages.com\/wp-content\/uploads\/2025\/12\/117163S-1.webp","width":800,"height":800,"caption":"117164S"},{"@type":"BreadcrumbList","@id":"https:\/\/www.csj-emballages.com\/de\/produit\/kartonkorb-schwarz-350-x-260-x-70-mm\/#breadcrumb","itemListElement":[{"@type":"ListItem","position":1,"name":"Accueil","item":"https:\/\/www.csj-emballages.com\/de\/universum-lebensmittelverpackungen\/"},{"@type":"ListItem","position":2,"name":"Shop","item":"https:\/\/www.csj-emballages.com\/shop\/"},{"@type":"ListItem","position":3,"name":"Kartonkorb schwarz 350 x 260 x 70 mm"}]},{"@type":"WebSite","@id":"https:\/\/www.csj-emballages.com\/de\/#website","url":"https:\/\/www.csj-emballages.com\/de\/","name":"CSJ Emballages","description":"","publisher":{"@id":"https:\/\/www.csj-emballages.com\/de\/#organization"},"potentialAction":[{"@type":"SearchAction","target":{"@type":"EntryPoint","urlTemplate":"https:\/\/www.csj-emballages.com\/de\/?s={search_term_string}"},"query-input":{"@type":"PropertyValueSpecification","valueRequired":true,"valueName":"search_term_string"}}],"inLanguage":"de"},{"@type":"Organization","@id":"https:\/\/www.csj-emballages.com\/de\/#Organization\/","name":"CSJ Emballages","url":"https:\/\/www.csj-emballages.com\/de\/","logo":{"@type":"ImageObject","inLanguage":"de","@id":"https:\/\/www.csj-emballages.com\/de\/#\/schema\/logo\/image\/","url":"https:\/\/www.csj-emballages.com\/wp-content\/uploads\/2023\/10\/logo_csj.webp","contentUrl":"https:\/\/www.csj-emballages.com\/wp-content\/uploads\/2023\/10\/logo_csj.webp","width":250,"height":95,"caption":"CSJ Emballages"},"image":{"@id":"https:\/\/www.csj-emballages.com\/de\/#\/schema\/logo\/image\/"},"sameAs":["https:\/\/www.facebook.com\/csjemballages"],"address":{"@type":"PostalAddress","streetAddress":"ZI La Lechere","addressLocality":"Patornay","postalCode":"39130","addressCountry":"FR"},"contactPoint":[{"@type":"ContactPoint","contactType":"Service client","telephone":"0384254272","email":"contact@csj-emballages.com"}]}]}},"df_price":2.18,"df_sale_price":"","df_regular_price":2.18,"df_image_link":"https:\/\/www.csj-emballages.com\/wp-content\/uploads\/2025\/12\/117163S-1-300x300.webp","tiered_pricing_type":"fixed","tiered_pricing_fixed_rules":[],"tiered_pricing_percentage_rules":[],"tiered_pricing_minimum":1,"tiered_pricing_roles_data":[],"_links":{"self":[{"href":"https:\/\/www.csj-emballages.com\/de\/wp-json\/wp\/v2\/product\/277569","targetHints":{"allow":["GET"]}}],"collection":[{"href":"https:\/\/www.csj-emballages.com\/de\/wp-json\/wp\/v2\/product"}],"about":[{"href":"https:\/\/www.csj-emballages.com\/de\/wp-json\/wp\/v2\/types\/product"}],"wp:featuredmedia":[{"embeddable":true,"href":"https:\/\/www.csj-emballages.com\/de\/wp-json\/wp\/v2\/media\/277556"}],"wp:attachment":[{"href":"https:\/\/www.csj-emballages.com\/de\/wp-json\/wp\/v2\/media?parent=277569"}],"wp:term":[{"taxonomy":"product_brand","embeddable":true,"href":"https:\/\/www.csj-emballages.com\/de\/wp-json\/wp\/v2\/product_brand?post=277569"},{"taxonomy":"product_cat","embeddable":true,"href":"https:\/\/www.csj-emballages.com\/de\/wp-json\/wp\/v2\/product_cat?post=277569"},{"taxonomy":"product_tag","embeddable":true,"href":"https:\/\/www.csj-emballages.com\/de\/wp-json\/wp\/v2\/product_tag?post=277569"}],"curies":[{"name":"wp","href":"https:\/\/api.w.org\/{rel}","templated":true}]}}