{"id":277564,"date":"2025-09-15T09:51:59","date_gmt":"2025-09-15T07:51:59","guid":{"rendered":"https:\/\/www.csj-emballages.com\/produit\/runde-tortenunterlage-gold-schwarz-mit-lasche-o10-cm-200-stueck\/"},"modified":"2025-09-15T09:51:59","modified_gmt":"2025-09-15T07:51:59","slug":"runde-tortenunterlage-gold-schwarz-mit-lasche-o10-cm-200-stueck","status":"publish","type":"product","link":"https:\/\/www.csj-emballages.com\/de\/produit\/runde-tortenunterlage-gold-schwarz-mit-lasche-o10-cm-200-stueck\/","title":{"rendered":"Runde Tortenunterlage Gold\/Schwarz mit Lasche \u00d810 cm, 200 St\u00fcck"},"content":{"rendered":"<h2>Runde Sohle<\/h2>\n<div style=\"text-align: center;\">\n<hr>\n<h3 style=\"text-align: left;\">Beschreibung unserer runden Tortenunterlage mit Lasche Gold\/Schwarz \u00d810 cm, 200 St\u00fcck<\/h3>\n<p style=\"text-align: left;\"><!--more--><\/p>\n<p style=\"text-align: left;\" data-start=\"163\" data-end=\"627\">Verleihen Sie all Ihren Pr\u00e4sentationen einen Hauch Eleganz \u2013 mit der <strong data-start=\"232\" data-end=\"275\">runden Tortenunterlage mit Lasche Gold\/Schwarz \u00d810 cm<\/strong>. Ideal, um Ihre <strong data-start=\"302\" data-end=\"317\">Mignardises<\/strong>, <strong data-start=\"319\" data-end=\"337\">kleinen Kuchen<\/strong>, <strong data-start=\"339\" data-end=\"352\">Pralinen<\/strong> oder <strong data-start=\"356\" data-end=\"386\">s\u00fc\u00dfen und herzhaften H\u00e4ppchen<\/strong> perfekt zu pr\u00e4sentieren: Diese <strong>runde Tortenunterlage<\/strong> vereint \u00c4sthetik und Praktikabilit\u00e4t. Mit einem Durchmesser von <strong>10 cm<\/strong> ist sie die perfekte Basis f\u00fcr Einzelkreationen und bietet zugleich hervorragende Stabilit\u00e4t sowie eine einfache Handhabung dank der <strong data-start=\"604\" data-end=\"626\">integrierten Lasche<\/strong>.  <\/p>\n<p style=\"text-align: left;\" data-start=\"629\" data-end=\"986\">Auf der einen Seite setzt die <strong data-start=\"644\" data-end=\"671\">tiefschwarze Beschichtung<\/strong> Ihre Kreationen schlicht und edel in Szene. Auf der anderen sorgt die <strong data-start=\"749\" data-end=\"763\">goldene R\u00fcckseite<\/strong> f\u00fcr eine schicke, festliche Note auf Buffets, in Vitrinen oder bei Events. So w\u00e4hlen Sie die Seite, die am besten zu Ihrer Pr\u00e4sentation passt \u2013 ein echter Vorteil f\u00fcr anspruchsvolle Konditoren und Caterer.  <\/p>\n<p style=\"text-align: left;\" data-start=\"988\" data-end=\"1361\">Die aus <strong data-start=\"1010\" data-end=\"1050\">lebensmittelechtem Hartkarton<\/strong> hergestellte Einlage ist <strong data-start=\"1080\" data-end=\"1090\">stabil<\/strong>, <strong data-start=\"1092\" data-end=\"1119\">feuchtigkeitsbest\u00e4ndig<\/strong> und <strong data-start=\"1123\" data-end=\"1137\">recycelbar<\/strong>. Sie sorgt f\u00fcr einen perfekten Halt, selbst bei cremigen oder leicht feuchten Zubereitungen. Dank der <strong data-start=\"1243\" data-end=\"1276\">glatten, fettabweisenden Oberfl\u00e4che<\/strong> bleiben Ihre Desserts bis zum Verzehr makellos, ohne \u00dcbertragungen oder Flecken.  <\/p>\n<p style=\"text-align: left;\" data-start=\"1363\" data-end=\"1763\">Mit der <strong data-start=\"1381\" data-end=\"1424\">runden Tortenunterlage mit Lasche Gold\/Schwarz \u00d810 cm<\/strong> entscheiden Sie sich f\u00fcr ein Profi-Produkt, das Ihre Kreationen aufwertet und Ihren Alltag erleichtert. Ob f\u00fcr eine <strong data-start=\"1560\" data-end=\"1585\">handwerkliche Patisserie<\/strong>, ein <strong data-start=\"1590\" data-end=\"1615\">Event-Catering<\/strong> oder eine <strong data-start=\"1624\" data-end=\"1647\">moderne B\u00e4ckerei<\/strong> \u2013 diese Unterlage ist das Detail, das den Unterschied macht: zwischen einer sch\u00f6nen Pr\u00e4sentation und einer unvergesslichen Pr\u00e4sentation. <\/p>\n<p style=\"text-align: left;\"><!--more--><\/p>\n<p style=\"text-align: left;\"><strong>Vorteile :<\/strong><\/p>\n<ul>\n<li style=\"text-align: left;\" data-start=\"1805\" data-end=\"1863\">Doppelseitig <strong data-start=\"1817\" data-end=\"1830\">Gold \/ Schwarz<\/strong> f\u00fcr verschiedene Pr\u00e4sentationen.<\/li>\n<li style=\"text-align: left;\" data-start=\"1866\" data-end=\"1923\"><strong data-start=\"1866\" data-end=\"1885\">Praktisches Format<\/strong> \u00d810 cm, ideal f\u00fcr Mini-S\u00fc\u00dfigkeiten.<\/li>\n<li style=\"text-align: left;\" data-start=\"1926\" data-end=\"1980\"><strong data-start=\"1926\" data-end=\"1948\">Integrierte Zunge<\/strong> f\u00fcr einen leichten Griff.<\/li>\n<li style=\"text-align: left;\" data-start=\"1983\" data-end=\"2044\"><strong data-start=\"1983\" data-end=\"2000\">Fester<\/strong>, <strong data-start=\"2004\" data-end=\"2020\">fettabweisender<\/strong> <strong data-start=\"1983\" data-end=\"2000\">Karton<\/strong> f\u00fcr mehr Sauberkeit.<\/li>\n<li style=\"text-align: left;\" data-start=\"2047\" data-end=\"2097\"><strong data-start=\"2047\" data-end=\"2061\">Recycelbar<\/strong> und umweltfreundlich.<\/li>\n<li style=\"text-align: left;\" data-start=\"2100\" data-end=\"2167\">Verleiht Ihren Desserts eine <strong data-start=\"2112\" data-end=\"2150\">elegante und professionelle Note<\/strong>.<\/li>\n<\/ul>\n<\/div>\n<p>&nbsp;<\/p>\n<p><!--more--><\/p>\n<h4>Weitere Informationen :<\/h4>\n<ul>\n<li><strong>Verpackung<\/strong>: Packung mit 200 St\u00fcck<\/li>\n<li><strong>Durchmesser<\/strong>: 10 cm<\/li>\n<li><strong>Form<\/strong>: Rund<\/li>\n<li><strong>Material<\/strong>: Karton<\/li>\n<li><strong>Farbe<\/strong>: Gold \/ Schwarz<\/li>\n<\/ul>\n<p>&nbsp;<\/p>\n<p><!--more--><\/p>\n<p>Diese runde Tortenunterlage mit Lasche ist in verschiedenen Gr\u00f6\u00dfen erh\u00e4ltlich: <span style=\"color: #d12727;\"><a style=\"color: #d12727;\" href=\"https:\/\/www.csj-emballages.com\/es\/produit\/suela-redonda-con-lengueta-dorada-negra-o4-cm-por-200\/\">\u00d84 cm<\/a><\/span> \/ <span style=\"color: #d12727;\"><a style=\"color: #d12727;\" href=\"https:\/\/www.csj-emballages.com\/es\/produit\/suela-redonda-con-lengueta-dorada-negra-o5-cm-por-200\/\">\u00d85 cm<\/a><\/span> \/ <span style=\"color: #d12727;\"><a style=\"color: #d12727;\" href=\"https:\/\/www.csj-emballages.com\/es\/produit\/suela-redonda-con-lengueta-dorada-negra-o6-cm-por-200\/\">\u00d86 cm<\/a><\/span> \/ <span style=\"color: #d12727;\"><a style=\"color: #d12727;\" href=\"https:\/\/www.csj-emballages.com\/es\/produit\/suela-redonda-con-lengueta-dorada-negra-o7-cm-por-200\/\">\u00d87 cm<\/a><\/span> \/ <span style=\"color: #d12727;\"><a style=\"color: #d12727;\" href=\"https:\/\/www.csj-emballages.com\/es\/produit\/200-suelas-redondas-doradas-negras-con-lenguetas-o-8-cm\/\">\u00d88 cm<\/a><\/span> \/ <span style=\"color: #d12727;\"><a style=\"color: #d12727;\" href=\"https:\/\/www.csj-emballages.com\/es\/produit\/suela-redonda-con-lengueta-dorada-negra-o9-cm-por-200\/\">\u00d89 cm<\/a><\/span><\/p>\n<p>&nbsp;<\/p>\n<p><!--more--><\/p>\n<p><a href=\"https:\/\/www.csj-emballages.com\/de\/categorie-produit\/lebensmittelverpackungen\/backerei-und-konditorei\/kuchensohlenhalter\/einlegesohlen-mit-laschen\/\">Sehen Sie sich den Rest unseres Sortiments an Zungensohlen an<\/a><\/p>\n","protected":false},"excerpt":{"rendered":"<p>Runde Sohle Beschreibung unserer runden Tortenunterlage mit Lasche Gold\/Schwarz \u00d810 cm, 200 St\u00fcck<\/p>\n","protected":false},"featured_media":277548,"template":"","meta":{"_acf_changed":false},"product_brand":[],"product_cat":[1137,1171,1925,3273],"product_tag":[],"class_list":{"0":"post-277564","1":"product","2":"type-product","3":"status-publish","4":"has-post-thumbnail","6":"product_cat-lebensmittelverpackungen","7":"product_cat-backerei-und-konditorei","8":"product_cat-kuchensohlenhalter","9":"product_cat-einlegesohlen-mit-laschen","11":"first","12":"instock","13":"taxable","14":"shipping-taxable","15":"purchasable","16":"product-type-simple"},"acf":[],"yoast_head":"<!-- This site is optimized with the Yoast SEO Premium plugin v26.6 (Yoast SEO v26.6) - https:\/\/yoast.com\/wordpress\/plugins\/seo\/ -->\n<title>Runde Tortenunterlage Gold\/Schwarz mit Lasche \u00d810 cm, 200 St\u00fcck<\/title>\n<meta name=\"description\" content=\"Elegant und praktisch: Die runde Tortenunterlage mit Lasche Gold\/Schwarz \u00d810 cm setzt Ihre Mignardises stilvoll in Szene. Perfekt f\u00fcr Konditoren und Caterer.\" \/>\n<meta name=\"robots\" content=\"index, follow, max-snippet:-1, max-image-preview:large, max-video-preview:-1\" \/>\n<link rel=\"canonical\" href=\"https:\/\/www.csj-emballages.com\/de\/produit\/runde-tortenunterlage-gold-schwarz-mit-lasche-o10-cm-200-stueck\/\" \/>\n<meta property=\"og:locale\" content=\"de_DE\" \/>\n<meta property=\"og:type\" content=\"article\" \/>\n<meta property=\"og:title\" content=\"Runde Tortenunterlage Gold\/Schwarz mit Lasche \u00d810 cm, 200 St\u00fcck\" \/>\n<meta property=\"og:description\" content=\"Elegant und praktisch: Die runde Tortenunterlage mit Lasche Gold\/Schwarz \u00d810 cm setzt Ihre Mignardises stilvoll in Szene. Perfekt f\u00fcr Konditoren und Caterer.\" \/>\n<meta property=\"og:url\" content=\"https:\/\/www.csj-emballages.com\/de\/produit\/runde-tortenunterlage-gold-schwarz-mit-lasche-o10-cm-200-stueck\/\" \/>\n<meta property=\"og:site_name\" content=\"CSJ Emballages\" \/>\n<meta property=\"article:publisher\" content=\"https:\/\/www.facebook.com\/csjemballages\" \/>\n<meta property=\"og:image\" content=\"https:\/\/www.csj-emballages.com\/wp-content\/uploads\/2025\/09\/RONF10LANG.webp\" \/>\n\t<meta property=\"og:image:width\" content=\"800\" \/>\n\t<meta property=\"og:image:height\" content=\"800\" \/>\n\t<meta property=\"og:image:type\" content=\"image\/webp\" \/>\n<meta name=\"twitter:card\" content=\"summary_large_image\" \/>\n<meta name=\"twitter:label1\" content=\"Gesch\u00e4tzte Lesezeit\" \/>\n\t<meta name=\"twitter:data1\" content=\"2 Minuten\" \/>\n<script type=\"application\/ld+json\" class=\"yoast-schema-graph\">{\"@context\":\"https:\/\/schema.org\",\"@graph\":[{\"@type\":\"WebPage\",\"@id\":\"https:\/\/www.csj-emballages.com\/de\/produit\/runde-tortenunterlage-gold-schwarz-mit-lasche-o10-cm-200-stueck\/\",\"url\":\"https:\/\/www.csj-emballages.com\/de\/produit\/runde-tortenunterlage-gold-schwarz-mit-lasche-o10-cm-200-stueck\/\",\"name\":\"Runde Tortenunterlage Gold\/Schwarz mit Lasche \u00d810 cm, 200 St\u00fcck\",\"isPartOf\":{\"@id\":\"https:\/\/www.csj-emballages.com\/de\/#website\"},\"primaryImageOfPage\":{\"@id\":\"https:\/\/www.csj-emballages.com\/de\/produit\/runde-tortenunterlage-gold-schwarz-mit-lasche-o10-cm-200-stueck\/#primaryimage\"},\"image\":{\"@id\":\"https:\/\/www.csj-emballages.com\/de\/produit\/runde-tortenunterlage-gold-schwarz-mit-lasche-o10-cm-200-stueck\/#primaryimage\"},\"thumbnailUrl\":\"https:\/\/www.csj-emballages.com\/wp-content\/uploads\/2025\/09\/RONF10LANG.webp\",\"datePublished\":\"2025-09-15T07:51:59+00:00\",\"description\":\"Elegant und praktisch: Die runde Tortenunterlage mit Lasche Gold\/Schwarz \u00d810 cm setzt Ihre Mignardises stilvoll in Szene. Perfekt f\u00fcr Konditoren und Caterer.\",\"breadcrumb\":{\"@id\":\"https:\/\/www.csj-emballages.com\/de\/produit\/runde-tortenunterlage-gold-schwarz-mit-lasche-o10-cm-200-stueck\/#breadcrumb\"},\"inLanguage\":\"de\",\"potentialAction\":[{\"@type\":\"ReadAction\",\"target\":[\"https:\/\/www.csj-emballages.com\/de\/produit\/runde-tortenunterlage-gold-schwarz-mit-lasche-o10-cm-200-stueck\/\"]}]},{\"@type\":\"ImageObject\",\"inLanguage\":\"de\",\"@id\":\"https:\/\/www.csj-emballages.com\/de\/produit\/runde-tortenunterlage-gold-schwarz-mit-lasche-o10-cm-200-stueck\/#primaryimage\",\"url\":\"https:\/\/www.csj-emballages.com\/wp-content\/uploads\/2025\/09\/RONF10LANG.webp\",\"contentUrl\":\"https:\/\/www.csj-emballages.com\/wp-content\/uploads\/2025\/09\/RONF10LANG.webp\",\"width\":800,\"height\":800,\"caption\":\"Semelle ronde or \/ noir\"},{\"@type\":\"BreadcrumbList\",\"@id\":\"https:\/\/www.csj-emballages.com\/de\/produit\/runde-tortenunterlage-gold-schwarz-mit-lasche-o10-cm-200-stueck\/#breadcrumb\",\"itemListElement\":[{\"@type\":\"ListItem\",\"position\":1,\"name\":\"Accueil\",\"item\":\"https:\/\/www.csj-emballages.com\/de\/universum-lebensmittelverpackungen\/\"},{\"@type\":\"ListItem\",\"position\":2,\"name\":\"Shop\",\"item\":\"https:\/\/www.csj-emballages.com\/shop\/\"},{\"@type\":\"ListItem\",\"position\":3,\"name\":\"Runde Tortenunterlage Gold\/Schwarz mit Lasche \u00d810 cm, 200 St\u00fcck\"}]},{\"@type\":\"WebSite\",\"@id\":\"https:\/\/www.csj-emballages.com\/de\/#website\",\"url\":\"https:\/\/www.csj-emballages.com\/de\/\",\"name\":\"CSJ Emballages\",\"description\":\"\",\"publisher\":{\"@id\":\"https:\/\/www.csj-emballages.com\/de\/#organization\"},\"potentialAction\":[{\"@type\":\"SearchAction\",\"target\":{\"@type\":\"EntryPoint\",\"urlTemplate\":\"https:\/\/www.csj-emballages.com\/de\/?s={search_term_string}\"},\"query-input\":{\"@type\":\"PropertyValueSpecification\",\"valueRequired\":true,\"valueName\":\"search_term_string\"}}],\"inLanguage\":\"de\"},{\"@type\":\"Organization\",\"@id\":\"https:\/\/www.csj-emballages.com\/de\/#Organization\/\",\"name\":\"CSJ Emballages\",\"url\":\"https:\/\/www.csj-emballages.com\/de\/\",\"logo\":{\"@type\":\"ImageObject\",\"inLanguage\":\"de\",\"@id\":\"https:\/\/www.csj-emballages.com\/de\/#\/schema\/logo\/image\/\",\"url\":\"https:\/\/www.csj-emballages.com\/wp-content\/uploads\/2023\/10\/logo_csj.webp\",\"contentUrl\":\"https:\/\/www.csj-emballages.com\/wp-content\/uploads\/2023\/10\/logo_csj.webp\",\"width\":250,\"height\":95,\"caption\":\"CSJ Emballages\"},\"image\":{\"@id\":\"https:\/\/www.csj-emballages.com\/de\/#\/schema\/logo\/image\/\"},\"sameAs\":[\"https:\/\/www.facebook.com\/csjemballages\"],\"address\":{\"@type\":\"PostalAddress\",\"streetAddress\":\"ZI La Lechere\",\"addressLocality\":\"Patornay\",\"postalCode\":\"39130\",\"addressCountry\":\"FR\"},\"contactPoint\":[{\"@type\":\"ContactPoint\",\"contactType\":\"Service client\",\"telephone\":\"0384254272\",\"email\":\"contact@csj-emballages.com\"}]}]}<\/script>\n<!-- \/ Yoast SEO Premium plugin. -->","yoast_head_json":{"title":"Runde Tortenunterlage Gold\/Schwarz mit Lasche \u00d810 cm, 200 St\u00fcck","description":"Elegant und praktisch: Die runde Tortenunterlage mit Lasche Gold\/Schwarz \u00d810 cm setzt Ihre Mignardises stilvoll in Szene. Perfekt f\u00fcr Konditoren und Caterer.","robots":{"index":"index","follow":"follow","max-snippet":"max-snippet:-1","max-image-preview":"max-image-preview:large","max-video-preview":"max-video-preview:-1"},"canonical":"https:\/\/www.csj-emballages.com\/de\/produit\/runde-tortenunterlage-gold-schwarz-mit-lasche-o10-cm-200-stueck\/","og_locale":"de_DE","og_type":"article","og_title":"Runde Tortenunterlage Gold\/Schwarz mit Lasche \u00d810 cm, 200 St\u00fcck","og_description":"Elegant und praktisch: Die runde Tortenunterlage mit Lasche Gold\/Schwarz \u00d810 cm setzt Ihre Mignardises stilvoll in Szene. Perfekt f\u00fcr Konditoren und Caterer.","og_url":"https:\/\/www.csj-emballages.com\/de\/produit\/runde-tortenunterlage-gold-schwarz-mit-lasche-o10-cm-200-stueck\/","og_site_name":"CSJ Emballages","article_publisher":"https:\/\/www.facebook.com\/csjemballages","og_image":[{"width":800,"height":800,"url":"https:\/\/www.csj-emballages.com\/wp-content\/uploads\/2025\/09\/RONF10LANG.webp","type":"image\/webp"}],"twitter_card":"summary_large_image","twitter_misc":{"Gesch\u00e4tzte Lesezeit":"2 Minuten"},"schema":{"@context":"https:\/\/schema.org","@graph":[{"@type":"WebPage","@id":"https:\/\/www.csj-emballages.com\/de\/produit\/runde-tortenunterlage-gold-schwarz-mit-lasche-o10-cm-200-stueck\/","url":"https:\/\/www.csj-emballages.com\/de\/produit\/runde-tortenunterlage-gold-schwarz-mit-lasche-o10-cm-200-stueck\/","name":"Runde Tortenunterlage Gold\/Schwarz mit Lasche \u00d810 cm, 200 St\u00fcck","isPartOf":{"@id":"https:\/\/www.csj-emballages.com\/de\/#website"},"primaryImageOfPage":{"@id":"https:\/\/www.csj-emballages.com\/de\/produit\/runde-tortenunterlage-gold-schwarz-mit-lasche-o10-cm-200-stueck\/#primaryimage"},"image":{"@id":"https:\/\/www.csj-emballages.com\/de\/produit\/runde-tortenunterlage-gold-schwarz-mit-lasche-o10-cm-200-stueck\/#primaryimage"},"thumbnailUrl":"https:\/\/www.csj-emballages.com\/wp-content\/uploads\/2025\/09\/RONF10LANG.webp","datePublished":"2025-09-15T07:51:59+00:00","description":"Elegant und praktisch: Die runde Tortenunterlage mit Lasche Gold\/Schwarz \u00d810 cm setzt Ihre Mignardises stilvoll in Szene. Perfekt f\u00fcr Konditoren und Caterer.","breadcrumb":{"@id":"https:\/\/www.csj-emballages.com\/de\/produit\/runde-tortenunterlage-gold-schwarz-mit-lasche-o10-cm-200-stueck\/#breadcrumb"},"inLanguage":"de","potentialAction":[{"@type":"ReadAction","target":["https:\/\/www.csj-emballages.com\/de\/produit\/runde-tortenunterlage-gold-schwarz-mit-lasche-o10-cm-200-stueck\/"]}]},{"@type":"ImageObject","inLanguage":"de","@id":"https:\/\/www.csj-emballages.com\/de\/produit\/runde-tortenunterlage-gold-schwarz-mit-lasche-o10-cm-200-stueck\/#primaryimage","url":"https:\/\/www.csj-emballages.com\/wp-content\/uploads\/2025\/09\/RONF10LANG.webp","contentUrl":"https:\/\/www.csj-emballages.com\/wp-content\/uploads\/2025\/09\/RONF10LANG.webp","width":800,"height":800,"caption":"Semelle ronde or \/ noir"},{"@type":"BreadcrumbList","@id":"https:\/\/www.csj-emballages.com\/de\/produit\/runde-tortenunterlage-gold-schwarz-mit-lasche-o10-cm-200-stueck\/#breadcrumb","itemListElement":[{"@type":"ListItem","position":1,"name":"Accueil","item":"https:\/\/www.csj-emballages.com\/de\/universum-lebensmittelverpackungen\/"},{"@type":"ListItem","position":2,"name":"Shop","item":"https:\/\/www.csj-emballages.com\/shop\/"},{"@type":"ListItem","position":3,"name":"Runde Tortenunterlage Gold\/Schwarz mit Lasche \u00d810 cm, 200 St\u00fcck"}]},{"@type":"WebSite","@id":"https:\/\/www.csj-emballages.com\/de\/#website","url":"https:\/\/www.csj-emballages.com\/de\/","name":"CSJ Emballages","description":"","publisher":{"@id":"https:\/\/www.csj-emballages.com\/de\/#organization"},"potentialAction":[{"@type":"SearchAction","target":{"@type":"EntryPoint","urlTemplate":"https:\/\/www.csj-emballages.com\/de\/?s={search_term_string}"},"query-input":{"@type":"PropertyValueSpecification","valueRequired":true,"valueName":"search_term_string"}}],"inLanguage":"de"},{"@type":"Organization","@id":"https:\/\/www.csj-emballages.com\/de\/#Organization\/","name":"CSJ Emballages","url":"https:\/\/www.csj-emballages.com\/de\/","logo":{"@type":"ImageObject","inLanguage":"de","@id":"https:\/\/www.csj-emballages.com\/de\/#\/schema\/logo\/image\/","url":"https:\/\/www.csj-emballages.com\/wp-content\/uploads\/2023\/10\/logo_csj.webp","contentUrl":"https:\/\/www.csj-emballages.com\/wp-content\/uploads\/2023\/10\/logo_csj.webp","width":250,"height":95,"caption":"CSJ Emballages"},"image":{"@id":"https:\/\/www.csj-emballages.com\/de\/#\/schema\/logo\/image\/"},"sameAs":["https:\/\/www.facebook.com\/csjemballages"],"address":{"@type":"PostalAddress","streetAddress":"ZI La Lechere","addressLocality":"Patornay","postalCode":"39130","addressCountry":"FR"},"contactPoint":[{"@type":"ContactPoint","contactType":"Service client","telephone":"0384254272","email":"contact@csj-emballages.com"}]}]}},"df_price":16.66,"df_sale_price":"","df_regular_price":16.66,"df_image_link":"https:\/\/www.csj-emballages.com\/wp-content\/uploads\/2025\/09\/RONF10LANG-300x300.webp","tiered_pricing_type":"fixed","tiered_pricing_fixed_rules":[],"tiered_pricing_percentage_rules":[],"tiered_pricing_minimum":1,"tiered_pricing_roles_data":[],"_links":{"self":[{"href":"https:\/\/www.csj-emballages.com\/de\/wp-json\/wp\/v2\/product\/277564","targetHints":{"allow":["GET"]}}],"collection":[{"href":"https:\/\/www.csj-emballages.com\/de\/wp-json\/wp\/v2\/product"}],"about":[{"href":"https:\/\/www.csj-emballages.com\/de\/wp-json\/wp\/v2\/types\/product"}],"wp:featuredmedia":[{"embeddable":true,"href":"https:\/\/www.csj-emballages.com\/de\/wp-json\/wp\/v2\/media\/277548"}],"wp:attachment":[{"href":"https:\/\/www.csj-emballages.com\/de\/wp-json\/wp\/v2\/media?parent=277564"}],"wp:term":[{"taxonomy":"product_brand","embeddable":true,"href":"https:\/\/www.csj-emballages.com\/de\/wp-json\/wp\/v2\/product_brand?post=277564"},{"taxonomy":"product_cat","embeddable":true,"href":"https:\/\/www.csj-emballages.com\/de\/wp-json\/wp\/v2\/product_cat?post=277564"},{"taxonomy":"product_tag","embeddable":true,"href":"https:\/\/www.csj-emballages.com\/de\/wp-json\/wp\/v2\/product_tag?post=277564"}],"curies":[{"name":"wp","href":"https:\/\/api.w.org\/{rel}","templated":true}]}}