{"id":277319,"date":"2025-09-15T09:49:58","date_gmt":"2025-09-15T07:49:58","guid":{"rendered":"https:\/\/www.csj-emballages.com\/produit\/biologisch-abbaubares-rundtablett-32-cm-50er-pack\/"},"modified":"2026-04-15T02:11:03","modified_gmt":"2026-04-15T00:11:03","slug":"biologisch-abbaubares-rundtablett-32-cm-50er-pack","status":"publish","type":"product","link":"https:\/\/www.csj-emballages.com\/de\/produit\/biologisch-abbaubares-rundtablett-32-cm-50er-pack\/","title":{"rendered":"Biologisch abbaubares Rundtablett 32 cm, 50er-Pack"},"content":{"rendered":"<h2>Rundtablett<\/h2>\n<hr>\n<h3>Biologisch abbaubares Rundtablett 32 cm, 50er-Pack<\/h3>\n<p><!--more--><\/p>\n<p data-start=\"73\" data-end=\"372\">Dieses <strong>biologisch abbaubare Rundtablett von 32 cm<\/strong> ist die ideale L\u00f6sung, um Ihre Speisen unkompliziert zu servieren und gleichzeitig die Umwelt zu schonen. Es ist leicht und zugleich widerstandsf\u00e4hig und eignet sich perfekt f\u00fcr eine <strong>reich belegte Pizza<\/strong>, eine <strong>Aperitif-Auswahl<\/strong> oder ein <strong>Gourmet-Buffet<\/strong>. <\/p>\n<p data-start=\"374\" data-end=\"635\">Sein <strong>gro\u00dfes Format<\/strong> erm\u00f6glicht eine einfache Pr\u00e4sentation Ihrer Gerichte ohne Kompromisse beim Komfort. Ob in der Systemgastronomie, bei Veranstaltungen oder im Au\u00dfer-Haus-Verkauf \u2013 es garantiert Stabilit\u00e4t und einfache Handhabung, selbst bei hei\u00dfen Speisen. <\/p>\n<p data-start=\"674\" data-end=\"896\">Sich f\u00fcr dieses <strong>Tablett<\/strong> zu entscheiden bedeutet, eine verantwortungsbewusstere Alternative zu Kunststoff zu w\u00e4hlen. Es erm\u00f6glicht Ihnen einen praktischen Service, der den aktuellen \u00f6kologischen Erwartungen entspricht, ohne Ihre Gewohnheiten \u00e4ndern zu m\u00fcssen. <\/p>\n<p data-start=\"674\" data-end=\"896\"><!--more--><\/p>\n<h4 data-start=\"674\" data-end=\"896\">Vorteile :<\/h4>\n<ul>\n<li data-section-id=\"1fv3rzm\" data-start=\"936\" data-end=\"1012\">Eine umweltfreundlichere L\u00f6sung<\/li>\n<li data-section-id=\"jcc7bb\" data-start=\"1013\" data-end=\"1093\"><strong data-start=\"1018\" data-end=\"1040\">Gro\u00dfformat 32 cm<\/strong>: perfekt f\u00fcr Pizzen, Platten zum Teilen oder Buffets<\/li>\n<li data-section-id=\"dwoonj\" data-start=\"1094\" data-end=\"1165\">Gute Stabilit\u00e4t auch bei hei\u00dfen Speisen<\/li>\n<li data-section-id=\"jizm5y\" data-start=\"1166\" data-end=\"1239\">Geeignet f\u00fcr Pizzen, Tapas, H\u00e4ppchen, Desserts<\/li>\n<li data-section-id=\"1lpnt7c\" data-start=\"1240\" data-end=\"1309\"><strong data-start=\"1245\" data-end=\"1258\">50er-Pack<\/strong>: praktisch f\u00fcr Profis und Veranstaltungen<\/li>\n<li data-section-id=\"1vftznh\" data-start=\"1310\" data-end=\"1366\">Leicht und angenehm in der Hand<\/li>\n<\/ul>\n<p>&nbsp;<\/p>\n<p><!--more--><\/p>\n<h4>Weitere Informationen :<\/h4>\n<ul>\n<li><strong>Verpackung<\/strong>: Packung mit 50 St\u00fcck<\/li>\n<li><strong>Durchmesser<\/strong>: 32 cm<\/li>\n<li><strong>H\u00f6he<\/strong>: 8 mm<\/li>\n<li><strong>Farbe<\/strong>: Wei\u00df<\/li>\n<li><strong>Material<\/strong>: Bagasse<\/li>\n<\/ul>\n<p>&nbsp;<\/p>\n<p><!--more--><\/p>\n<p><a href=\"https:\/\/www.csj-emballages.com\/de\/categorie-produit\/lebensmittelverpackungen\/bio-sortiment\/bio-tabletts-de\/\">Sehen Sie sich den Rest unseres Sortiments an biologisch abbaubaren Tabletts an.<\/a><\/p>\n","protected":false},"excerpt":{"rendered":"<p>Rundtablett Biologisch abbaubares Rundtablett 32 cm, 50er-Pack<\/p>\n","protected":false},"featured_media":277296,"template":"","meta":{"_acf_changed":false},"product_brand":[],"product_cat":[1137,1146,7608,2033,6739],"product_tag":[],"class_list":{"0":"post-277319","1":"product","2":"type-product","3":"status-publish","4":"has-post-thumbnail","6":"product_cat-lebensmittelverpackungen","7":"product_cat-bio-sortiment","8":"product_cat-eller-abletts-boxen","9":"product_cat-bio-teller","10":"product_cat-bio-tabletts-de","12":"first","13":"instock","14":"taxable","15":"shipping-taxable","16":"purchasable","17":"product-type-simple"},"acf":[],"yoast_head":"<!-- This site is optimized with the Yoast SEO Premium plugin v26.6 (Yoast SEO v26.6) - https:\/\/yoast.com\/wordpress\/plugins\/seo\/ -->\n<title>Biologisch Abbaubares Rundtablett 32 cm, 50er-Pack<\/title>\n<meta name=\"description\" content=\"Biologisch abbaubares Rundtablett 32 cm, 50er-Pack: ideal als Pizzateller, praktisch, stabil und \u00f6kologisch f\u00fcr Take-away und Buffets.\" \/>\n<meta name=\"robots\" content=\"index, follow, max-snippet:-1, max-image-preview:large, max-video-preview:-1\" \/>\n<link rel=\"canonical\" href=\"https:\/\/www.csj-emballages.com\/de\/produit\/biologisch-abbaubares-rundtablett-32-cm-50er-pack\/\" \/>\n<meta property=\"og:locale\" content=\"de_DE\" \/>\n<meta property=\"og:type\" content=\"article\" \/>\n<meta property=\"og:title\" content=\"Biologisch abbaubares Rundtablett 32 cm, 50er-Pack\" \/>\n<meta property=\"og:description\" content=\"Biologisch abbaubares Rundtablett 32 cm, 50er-Pack: ideal als Pizzateller, praktisch, stabil und \u00f6kologisch f\u00fcr Take-away und Buffets.\" \/>\n<meta property=\"og:url\" content=\"https:\/\/www.csj-emballages.com\/de\/produit\/biologisch-abbaubares-rundtablett-32-cm-50er-pack\/\" \/>\n<meta property=\"og:site_name\" content=\"CSJ Emballages\" \/>\n<meta property=\"article:publisher\" content=\"https:\/\/www.facebook.com\/csjemballages\" \/>\n<meta property=\"article:modified_time\" content=\"2026-04-15T00:11:03+00:00\" \/>\n<meta property=\"og:image\" content=\"https:\/\/www.csj-emballages.com\/wp-content\/uploads\/2025\/09\/AS32BIO.webp\" \/>\n\t<meta property=\"og:image:width\" content=\"801\" \/>\n\t<meta property=\"og:image:height\" content=\"800\" \/>\n\t<meta property=\"og:image:type\" content=\"image\/webp\" \/>\n<meta name=\"twitter:card\" content=\"summary_large_image\" \/>\n<meta name=\"twitter:label1\" content=\"Gesch\u00e4tzte Lesezeit\" \/>\n\t<meta name=\"twitter:data1\" content=\"1\u00a0Minute\" \/>\n<script type=\"application\/ld+json\" class=\"yoast-schema-graph\">{\"@context\":\"https:\/\/schema.org\",\"@graph\":[{\"@type\":\"WebPage\",\"@id\":\"https:\/\/www.csj-emballages.com\/de\/produit\/biologisch-abbaubares-rundtablett-32-cm-50er-pack\/\",\"url\":\"https:\/\/www.csj-emballages.com\/de\/produit\/biologisch-abbaubares-rundtablett-32-cm-50er-pack\/\",\"name\":\"Biologisch Abbaubares Rundtablett 32 cm, 50er-Pack\",\"isPartOf\":{\"@id\":\"https:\/\/www.csj-emballages.com\/de\/#website\"},\"primaryImageOfPage\":{\"@id\":\"https:\/\/www.csj-emballages.com\/de\/produit\/biologisch-abbaubares-rundtablett-32-cm-50er-pack\/#primaryimage\"},\"image\":{\"@id\":\"https:\/\/www.csj-emballages.com\/de\/produit\/biologisch-abbaubares-rundtablett-32-cm-50er-pack\/#primaryimage\"},\"thumbnailUrl\":\"https:\/\/www.csj-emballages.com\/wp-content\/uploads\/2025\/09\/AS32BIO.webp\",\"datePublished\":\"2025-09-15T07:49:58+00:00\",\"dateModified\":\"2026-04-15T00:11:03+00:00\",\"description\":\"Biologisch abbaubares Rundtablett 32 cm, 50er-Pack: ideal als Pizzateller, praktisch, stabil und \u00f6kologisch f\u00fcr Take-away und Buffets.\",\"breadcrumb\":{\"@id\":\"https:\/\/www.csj-emballages.com\/de\/produit\/biologisch-abbaubares-rundtablett-32-cm-50er-pack\/#breadcrumb\"},\"inLanguage\":\"de\",\"potentialAction\":[{\"@type\":\"ReadAction\",\"target\":[\"https:\/\/www.csj-emballages.com\/de\/produit\/biologisch-abbaubares-rundtablett-32-cm-50er-pack\/\"]}]},{\"@type\":\"ImageObject\",\"inLanguage\":\"de\",\"@id\":\"https:\/\/www.csj-emballages.com\/de\/produit\/biologisch-abbaubares-rundtablett-32-cm-50er-pack\/#primaryimage\",\"url\":\"https:\/\/www.csj-emballages.com\/wp-content\/uploads\/2025\/09\/AS32BIO.webp\",\"contentUrl\":\"https:\/\/www.csj-emballages.com\/wp-content\/uploads\/2025\/09\/AS32BIO.webp\",\"width\":801,\"height\":800,\"caption\":\"Plateau rond\"},{\"@type\":\"BreadcrumbList\",\"@id\":\"https:\/\/www.csj-emballages.com\/de\/produit\/biologisch-abbaubares-rundtablett-32-cm-50er-pack\/#breadcrumb\",\"itemListElement\":[{\"@type\":\"ListItem\",\"position\":1,\"name\":\"Accueil\",\"item\":\"https:\/\/www.csj-emballages.com\/de\/universum-lebensmittelverpackungen\/\"},{\"@type\":\"ListItem\",\"position\":2,\"name\":\"Shop\",\"item\":\"https:\/\/www.csj-emballages.com\/shop\/\"},{\"@type\":\"ListItem\",\"position\":3,\"name\":\"Biologisch abbaubares Rundtablett 32 cm, 50er-Pack\"}]},{\"@type\":\"WebSite\",\"@id\":\"https:\/\/www.csj-emballages.com\/de\/#website\",\"url\":\"https:\/\/www.csj-emballages.com\/de\/\",\"name\":\"CSJ Emballages\",\"description\":\"\",\"publisher\":{\"@id\":\"https:\/\/www.csj-emballages.com\/de\/#organization\"},\"potentialAction\":[{\"@type\":\"SearchAction\",\"target\":{\"@type\":\"EntryPoint\",\"urlTemplate\":\"https:\/\/www.csj-emballages.com\/de\/?s={search_term_string}\"},\"query-input\":{\"@type\":\"PropertyValueSpecification\",\"valueRequired\":true,\"valueName\":\"search_term_string\"}}],\"inLanguage\":\"de\"},{\"@type\":\"Organization\",\"@id\":\"https:\/\/www.csj-emballages.com\/de\/#Organization\/\",\"name\":\"CSJ Emballages\",\"url\":\"https:\/\/www.csj-emballages.com\/de\/\",\"logo\":{\"@type\":\"ImageObject\",\"inLanguage\":\"de\",\"@id\":\"https:\/\/www.csj-emballages.com\/de\/#\/schema\/logo\/image\/\",\"url\":\"https:\/\/www.csj-emballages.com\/wp-content\/uploads\/2023\/10\/logo_csj.webp\",\"contentUrl\":\"https:\/\/www.csj-emballages.com\/wp-content\/uploads\/2023\/10\/logo_csj.webp\",\"width\":250,\"height\":95,\"caption\":\"CSJ Emballages\"},\"image\":{\"@id\":\"https:\/\/www.csj-emballages.com\/de\/#\/schema\/logo\/image\/\"},\"sameAs\":[\"https:\/\/www.facebook.com\/csjemballages\"],\"address\":{\"@type\":\"PostalAddress\",\"streetAddress\":\"ZI La Lechere\",\"addressLocality\":\"Patornay\",\"postalCode\":\"39130\",\"addressCountry\":\"FR\"},\"contactPoint\":[{\"@type\":\"ContactPoint\",\"contactType\":\"Service client\",\"telephone\":\"0384254272\",\"email\":\"contact@csj-emballages.com\"}]}]}<\/script>\n<!-- \/ Yoast SEO Premium plugin. -->","yoast_head_json":{"title":"Biologisch Abbaubares Rundtablett 32 cm, 50er-Pack","description":"Biologisch abbaubares Rundtablett 32 cm, 50er-Pack: ideal als Pizzateller, praktisch, stabil und \u00f6kologisch f\u00fcr Take-away und Buffets.","robots":{"index":"index","follow":"follow","max-snippet":"max-snippet:-1","max-image-preview":"max-image-preview:large","max-video-preview":"max-video-preview:-1"},"canonical":"https:\/\/www.csj-emballages.com\/de\/produit\/biologisch-abbaubares-rundtablett-32-cm-50er-pack\/","og_locale":"de_DE","og_type":"article","og_title":"Biologisch abbaubares Rundtablett 32 cm, 50er-Pack","og_description":"Biologisch abbaubares Rundtablett 32 cm, 50er-Pack: ideal als Pizzateller, praktisch, stabil und \u00f6kologisch f\u00fcr Take-away und Buffets.","og_url":"https:\/\/www.csj-emballages.com\/de\/produit\/biologisch-abbaubares-rundtablett-32-cm-50er-pack\/","og_site_name":"CSJ Emballages","article_publisher":"https:\/\/www.facebook.com\/csjemballages","article_modified_time":"2026-04-15T00:11:03+00:00","og_image":[{"width":801,"height":800,"url":"https:\/\/www.csj-emballages.com\/wp-content\/uploads\/2025\/09\/AS32BIO.webp","type":"image\/webp"}],"twitter_card":"summary_large_image","twitter_misc":{"Gesch\u00e4tzte Lesezeit":"1\u00a0Minute"},"schema":{"@context":"https:\/\/schema.org","@graph":[{"@type":"WebPage","@id":"https:\/\/www.csj-emballages.com\/de\/produit\/biologisch-abbaubares-rundtablett-32-cm-50er-pack\/","url":"https:\/\/www.csj-emballages.com\/de\/produit\/biologisch-abbaubares-rundtablett-32-cm-50er-pack\/","name":"Biologisch Abbaubares Rundtablett 32 cm, 50er-Pack","isPartOf":{"@id":"https:\/\/www.csj-emballages.com\/de\/#website"},"primaryImageOfPage":{"@id":"https:\/\/www.csj-emballages.com\/de\/produit\/biologisch-abbaubares-rundtablett-32-cm-50er-pack\/#primaryimage"},"image":{"@id":"https:\/\/www.csj-emballages.com\/de\/produit\/biologisch-abbaubares-rundtablett-32-cm-50er-pack\/#primaryimage"},"thumbnailUrl":"https:\/\/www.csj-emballages.com\/wp-content\/uploads\/2025\/09\/AS32BIO.webp","datePublished":"2025-09-15T07:49:58+00:00","dateModified":"2026-04-15T00:11:03+00:00","description":"Biologisch abbaubares Rundtablett 32 cm, 50er-Pack: ideal als Pizzateller, praktisch, stabil und \u00f6kologisch f\u00fcr Take-away und Buffets.","breadcrumb":{"@id":"https:\/\/www.csj-emballages.com\/de\/produit\/biologisch-abbaubares-rundtablett-32-cm-50er-pack\/#breadcrumb"},"inLanguage":"de","potentialAction":[{"@type":"ReadAction","target":["https:\/\/www.csj-emballages.com\/de\/produit\/biologisch-abbaubares-rundtablett-32-cm-50er-pack\/"]}]},{"@type":"ImageObject","inLanguage":"de","@id":"https:\/\/www.csj-emballages.com\/de\/produit\/biologisch-abbaubares-rundtablett-32-cm-50er-pack\/#primaryimage","url":"https:\/\/www.csj-emballages.com\/wp-content\/uploads\/2025\/09\/AS32BIO.webp","contentUrl":"https:\/\/www.csj-emballages.com\/wp-content\/uploads\/2025\/09\/AS32BIO.webp","width":801,"height":800,"caption":"Plateau rond"},{"@type":"BreadcrumbList","@id":"https:\/\/www.csj-emballages.com\/de\/produit\/biologisch-abbaubares-rundtablett-32-cm-50er-pack\/#breadcrumb","itemListElement":[{"@type":"ListItem","position":1,"name":"Accueil","item":"https:\/\/www.csj-emballages.com\/de\/universum-lebensmittelverpackungen\/"},{"@type":"ListItem","position":2,"name":"Shop","item":"https:\/\/www.csj-emballages.com\/shop\/"},{"@type":"ListItem","position":3,"name":"Biologisch abbaubares Rundtablett 32 cm, 50er-Pack"}]},{"@type":"WebSite","@id":"https:\/\/www.csj-emballages.com\/de\/#website","url":"https:\/\/www.csj-emballages.com\/de\/","name":"CSJ Emballages","description":"","publisher":{"@id":"https:\/\/www.csj-emballages.com\/de\/#organization"},"potentialAction":[{"@type":"SearchAction","target":{"@type":"EntryPoint","urlTemplate":"https:\/\/www.csj-emballages.com\/de\/?s={search_term_string}"},"query-input":{"@type":"PropertyValueSpecification","valueRequired":true,"valueName":"search_term_string"}}],"inLanguage":"de"},{"@type":"Organization","@id":"https:\/\/www.csj-emballages.com\/de\/#Organization\/","name":"CSJ Emballages","url":"https:\/\/www.csj-emballages.com\/de\/","logo":{"@type":"ImageObject","inLanguage":"de","@id":"https:\/\/www.csj-emballages.com\/de\/#\/schema\/logo\/image\/","url":"https:\/\/www.csj-emballages.com\/wp-content\/uploads\/2023\/10\/logo_csj.webp","contentUrl":"https:\/\/www.csj-emballages.com\/wp-content\/uploads\/2023\/10\/logo_csj.webp","width":250,"height":95,"caption":"CSJ Emballages"},"image":{"@id":"https:\/\/www.csj-emballages.com\/de\/#\/schema\/logo\/image\/"},"sameAs":["https:\/\/www.facebook.com\/csjemballages"],"address":{"@type":"PostalAddress","streetAddress":"ZI La Lechere","addressLocality":"Patornay","postalCode":"39130","addressCountry":"FR"},"contactPoint":[{"@type":"ContactPoint","contactType":"Service client","telephone":"0384254272","email":"contact@csj-emballages.com"}]}]}},"df_price":13.62,"df_sale_price":"","df_regular_price":13.62,"df_image_link":"https:\/\/www.csj-emballages.com\/wp-content\/uploads\/2025\/09\/AS32BIO-300x300.webp","tiered_pricing_type":"fixed","tiered_pricing_fixed_rules":[],"tiered_pricing_percentage_rules":[],"tiered_pricing_minimum":1,"tiered_pricing_roles_data":[],"_links":{"self":[{"href":"https:\/\/www.csj-emballages.com\/de\/wp-json\/wp\/v2\/product\/277319","targetHints":{"allow":["GET"]}}],"collection":[{"href":"https:\/\/www.csj-emballages.com\/de\/wp-json\/wp\/v2\/product"}],"about":[{"href":"https:\/\/www.csj-emballages.com\/de\/wp-json\/wp\/v2\/types\/product"}],"wp:featuredmedia":[{"embeddable":true,"href":"https:\/\/www.csj-emballages.com\/de\/wp-json\/wp\/v2\/media\/277296"}],"wp:attachment":[{"href":"https:\/\/www.csj-emballages.com\/de\/wp-json\/wp\/v2\/media?parent=277319"}],"wp:term":[{"taxonomy":"product_brand","embeddable":true,"href":"https:\/\/www.csj-emballages.com\/de\/wp-json\/wp\/v2\/product_brand?post=277319"},{"taxonomy":"product_cat","embeddable":true,"href":"https:\/\/www.csj-emballages.com\/de\/wp-json\/wp\/v2\/product_cat?post=277319"},{"taxonomy":"product_tag","embeddable":true,"href":"https:\/\/www.csj-emballages.com\/de\/wp-json\/wp\/v2\/product_tag?post=277319"}],"curies":[{"name":"wp","href":"https:\/\/api.w.org\/{rel}","templated":true}]}}