{"id":277227,"date":"2026-04-02T16:18:22","date_gmt":"2026-04-02T14:18:22","guid":{"rendered":"https:\/\/www.csj-emballages.com\/produit\/gebaeckschachtel-mit-griff-amaya-16-x-18-x-7-cm-50er-pack\/"},"modified":"2026-04-14T08:00:36","modified_gmt":"2026-04-14T06:00:36","slug":"gebaeckschachtel-mit-griff-amaya-16-x-18-x-7-cm-50er-pack","status":"publish","type":"product","link":"https:\/\/www.csj-emballages.com\/de\/produit\/gebaeckschachtel-mit-griff-amaya-16-x-18-x-7-cm-50er-pack\/","title":{"rendered":"Geb\u00e4ckschachtel mit Griff Amaya 16 x 18 x 7 cm 50er-Pack"},"content":{"rendered":"<h2>Geb\u00e4ckkiste<\/h2>\n<hr>\n<h3>Entdecken Sie unsere Geb\u00e4ckschachtel mit Griff Amaya 16 x 18 x 7 cm 50er-Pack<\/h3>\n<p><!--more--><\/p>\n<p data-start=\"88\" data-end=\"377\">Verleihen Sie Ihrem Geb\u00e4ck eine frische und zarte Note mit dieser <strong>Geb\u00e4ckschachtel<\/strong> im modernen Pastelldesign. Die <strong>Chevron-Muster in Wassergr\u00fcn und Beige<\/strong> schaffen eine <strong>sanfte und trendige<\/strong> visuelle Harmonie, ideal um Ihre Desserts zu veredeln und gleichzeitig ein gepflegtes und professionelles Image zu vermitteln. <\/p>\n<p data-start=\"379\" data-end=\"639\">Diese <strong>Schachtel<\/strong> wurde entwickelt, um \u00c4sthetik und Praktikabilit\u00e4t zu vereinen, und ist mit einem <strong>integrierten Griff<\/strong> ausgestattet, der den Transport erleichtert. Sie eignet sich perfekt, um Ihre Kunden beim Au\u00dfer-Haus-Verkauf zu begleiten und gleichzeitig optimalen Schutz Ihrer Kreationen zu gew\u00e4hrleisten. <\/p>\n<p data-start=\"379\" data-end=\"639\">Mit ihren beruhigenden Farben und ihrem grafischen Stil weckt diese Schachtel sofort Genuss und Raffinesse. Sie eignet sich ideal zur Pr\u00e4sentation von handwerklichem Geb\u00e4ck, Torten oder s\u00fc\u00dfen Sortimenten, die als Geschenk gedacht sind. <\/p>\n<p data-start=\"939\" data-end=\"1036\">Die integrierten appetitanregenden Motive verst\u00e4rken den Schaufenstereffekt und wecken auf den ersten Blick Appetit.<\/p>\n<p data-start=\"404\" data-end=\"684\"><!--more--><\/p>\n<h4 data-start=\"404\" data-end=\"684\">Vorteile :<\/h4>\n<ul>\n<li data-section-id=\"1xc26zo\" data-start=\"1076\" data-end=\"1155\"><strong data-start=\"1081\" data-end=\"1106\">Elegantes Pastelldesign<\/strong>: moderne Chevron-Muster in Wassergr\u00fcn und Beige<\/li>\n<li data-section-id=\"e0q14r\" data-start=\"1156\" data-end=\"1215\"><strong data-start=\"1162\" data-end=\"1182\">Integrierter Griff<\/strong>: einfacher und sicherer Transport<\/li>\n<li data-section-id=\"lg5cim\" data-start=\"1216\" data-end=\"1296\">Stabile Struktur zum Schutz Ihres Geb\u00e4cks<\/li>\n<li data-section-id=\"m5o0ey\" data-start=\"1297\" data-end=\"1372\">Appetitanregende Motive, die Ihre Kreationen aufwerten<\/li>\n<li data-section-id=\"1ip6yxb\" data-start=\"1373\" data-end=\"1443\"><strong data-start=\"1378\" data-end=\"1406\">Einfache und schnelle Montage<\/strong>: praktisch f\u00fcr den t\u00e4glichen Gebrauch<\/li>\n<li data-section-id=\"1a05r2c\" data-start=\"1508\" data-end=\"1572\">Geeignet f\u00fcr viele Arten von Desserts<\/li>\n<\/ul>\n<h4 data-start=\"404\" data-end=\"684\"><\/h4>\n<p><!--more--><\/p>\n<h4>Weitere Informationen :<\/h4>\n<ul>\n<li><strong>Verpackung<\/strong>: Packung mit 50 St\u00fcck<\/li>\n<li><strong>Abmessungen<\/strong>: 16 x 18 x 7 cm<\/li>\n<li><strong>Farbe<\/strong>: Gr\u00fcn \/ Beige<\/li>\n<\/ul>\n<p>&nbsp;<\/p>\n<p><!--more--><\/p>\n<p><a href=\"https:\/\/www.csj-emballages.com\/de\/categorie-produit\/lebensmittelverpackungen\/lagerbestande-promotion\/\">Sehen Sie sich den Rest unserer Produkte im Angebot an.<\/a><\/p>\n","protected":false},"excerpt":{"rendered":"<p>Geb\u00e4ckkiste Entdecken Sie unsere Geb\u00e4ckschachtel mit Griff Amaya 16 x 18 x 7 cm 50er-Pack<\/p>\n","protected":false},"featured_media":277219,"template":"","meta":{"_acf_changed":false},"product_brand":[],"product_cat":[1137,1265],"product_tag":[],"class_list":{"0":"post-277227","1":"product","2":"type-product","3":"status-publish","4":"has-post-thumbnail","6":"product_cat-lebensmittelverpackungen","7":"product_cat-lagerbestande-promotion","9":"first","10":"instock","11":"sale","12":"taxable","13":"shipping-taxable","14":"purchasable","15":"product-type-simple"},"acf":[],"yoast_head":"<!-- This site is optimized with the Yoast SEO Premium plugin v26.6 (Yoast SEO v26.6) - https:\/\/yoast.com\/wordpress\/plugins\/seo\/ -->\n<title>Geb\u00e4ckschachtel mit Griff Amaya 16 x 18 x 7 cm 50er-Pack<\/title>\n<meta name=\"description\" content=\"Pastellfarbene Geb\u00e4ckschachtel mit Griff: elegant und praktisch zum Transport und zur Pr\u00e4sentation Ihrer Kuchen und Desserts mit sanftem, modernem Design.\" \/>\n<meta name=\"robots\" content=\"index, follow, max-snippet:-1, max-image-preview:large, max-video-preview:-1\" \/>\n<link rel=\"canonical\" href=\"https:\/\/www.csj-emballages.com\/de\/produit\/gebaeckschachtel-mit-griff-amaya-16-x-18-x-7-cm-50er-pack\/\" \/>\n<meta property=\"og:locale\" content=\"de_DE\" \/>\n<meta property=\"og:type\" content=\"article\" \/>\n<meta property=\"og:title\" content=\"Geb\u00e4ckschachtel mit Griff Amaya 16 x 18 x 7 cm 50er-Pack\" \/>\n<meta property=\"og:description\" content=\"Pastellfarbene Geb\u00e4ckschachtel mit Griff: elegant und praktisch zum Transport und zur Pr\u00e4sentation Ihrer Kuchen und Desserts mit sanftem, modernem Design.\" \/>\n<meta property=\"og:url\" content=\"https:\/\/www.csj-emballages.com\/de\/produit\/gebaeckschachtel-mit-griff-amaya-16-x-18-x-7-cm-50er-pack\/\" \/>\n<meta property=\"og:site_name\" content=\"CSJ Emballages\" \/>\n<meta property=\"article:publisher\" content=\"https:\/\/www.facebook.com\/csjemballages\" \/>\n<meta property=\"article:modified_time\" content=\"2026-04-14T06:00:36+00:00\" \/>\n<meta property=\"og:image\" content=\"https:\/\/www.csj-emballages.com\/wp-content\/uploads\/2026\/04\/CPP1618AMA.webp\" \/>\n\t<meta property=\"og:image:width\" content=\"800\" \/>\n\t<meta property=\"og:image:height\" content=\"800\" \/>\n\t<meta property=\"og:image:type\" content=\"image\/webp\" \/>\n<meta name=\"twitter:card\" content=\"summary_large_image\" \/>\n<meta name=\"twitter:label1\" content=\"Gesch\u00e4tzte Lesezeit\" \/>\n\t<meta name=\"twitter:data1\" content=\"1\u00a0Minute\" \/>\n<script type=\"application\/ld+json\" class=\"yoast-schema-graph\">{\"@context\":\"https:\/\/schema.org\",\"@graph\":[{\"@type\":\"WebPage\",\"@id\":\"https:\/\/www.csj-emballages.com\/de\/produit\/gebaeckschachtel-mit-griff-amaya-16-x-18-x-7-cm-50er-pack\/\",\"url\":\"https:\/\/www.csj-emballages.com\/de\/produit\/gebaeckschachtel-mit-griff-amaya-16-x-18-x-7-cm-50er-pack\/\",\"name\":\"Geb\u00e4ckschachtel mit Griff Amaya 16 x 18 x 7 cm 50er-Pack\",\"isPartOf\":{\"@id\":\"https:\/\/www.csj-emballages.com\/de\/#website\"},\"primaryImageOfPage\":{\"@id\":\"https:\/\/www.csj-emballages.com\/de\/produit\/gebaeckschachtel-mit-griff-amaya-16-x-18-x-7-cm-50er-pack\/#primaryimage\"},\"image\":{\"@id\":\"https:\/\/www.csj-emballages.com\/de\/produit\/gebaeckschachtel-mit-griff-amaya-16-x-18-x-7-cm-50er-pack\/#primaryimage\"},\"thumbnailUrl\":\"https:\/\/www.csj-emballages.com\/wp-content\/uploads\/2026\/04\/CPP1618AMA.webp\",\"datePublished\":\"2026-04-02T14:18:22+00:00\",\"dateModified\":\"2026-04-14T06:00:36+00:00\",\"description\":\"Pastellfarbene Geb\u00e4ckschachtel mit Griff: elegant und praktisch zum Transport und zur Pr\u00e4sentation Ihrer Kuchen und Desserts mit sanftem, modernem Design.\",\"breadcrumb\":{\"@id\":\"https:\/\/www.csj-emballages.com\/de\/produit\/gebaeckschachtel-mit-griff-amaya-16-x-18-x-7-cm-50er-pack\/#breadcrumb\"},\"inLanguage\":\"de\",\"potentialAction\":[{\"@type\":\"ReadAction\",\"target\":[\"https:\/\/www.csj-emballages.com\/de\/produit\/gebaeckschachtel-mit-griff-amaya-16-x-18-x-7-cm-50er-pack\/\"]}]},{\"@type\":\"ImageObject\",\"inLanguage\":\"de\",\"@id\":\"https:\/\/www.csj-emballages.com\/de\/produit\/gebaeckschachtel-mit-griff-amaya-16-x-18-x-7-cm-50er-pack\/#primaryimage\",\"url\":\"https:\/\/www.csj-emballages.com\/wp-content\/uploads\/2026\/04\/CPP1618AMA.webp\",\"contentUrl\":\"https:\/\/www.csj-emballages.com\/wp-content\/uploads\/2026\/04\/CPP1618AMA.webp\",\"width\":800,\"height\":800,\"caption\":\"Caissette p\u00e2tissi\u00e8re\"},{\"@type\":\"BreadcrumbList\",\"@id\":\"https:\/\/www.csj-emballages.com\/de\/produit\/gebaeckschachtel-mit-griff-amaya-16-x-18-x-7-cm-50er-pack\/#breadcrumb\",\"itemListElement\":[{\"@type\":\"ListItem\",\"position\":1,\"name\":\"Accueil\",\"item\":\"https:\/\/www.csj-emballages.com\/de\/universum-lebensmittelverpackungen\/\"},{\"@type\":\"ListItem\",\"position\":2,\"name\":\"Shop\",\"item\":\"https:\/\/www.csj-emballages.com\/shop\/\"},{\"@type\":\"ListItem\",\"position\":3,\"name\":\"Geb\u00e4ckschachtel mit Griff Amaya 16 x 18 x 7 cm 50er-Pack\"}]},{\"@type\":\"WebSite\",\"@id\":\"https:\/\/www.csj-emballages.com\/de\/#website\",\"url\":\"https:\/\/www.csj-emballages.com\/de\/\",\"name\":\"CSJ Emballages\",\"description\":\"\",\"publisher\":{\"@id\":\"https:\/\/www.csj-emballages.com\/de\/#organization\"},\"potentialAction\":[{\"@type\":\"SearchAction\",\"target\":{\"@type\":\"EntryPoint\",\"urlTemplate\":\"https:\/\/www.csj-emballages.com\/de\/?s={search_term_string}\"},\"query-input\":{\"@type\":\"PropertyValueSpecification\",\"valueRequired\":true,\"valueName\":\"search_term_string\"}}],\"inLanguage\":\"de\"},{\"@type\":\"Organization\",\"@id\":\"https:\/\/www.csj-emballages.com\/de\/#Organization\/\",\"name\":\"CSJ Emballages\",\"url\":\"https:\/\/www.csj-emballages.com\/de\/\",\"logo\":{\"@type\":\"ImageObject\",\"inLanguage\":\"de\",\"@id\":\"https:\/\/www.csj-emballages.com\/de\/#\/schema\/logo\/image\/\",\"url\":\"https:\/\/www.csj-emballages.com\/wp-content\/uploads\/2023\/10\/logo_csj.webp\",\"contentUrl\":\"https:\/\/www.csj-emballages.com\/wp-content\/uploads\/2023\/10\/logo_csj.webp\",\"width\":250,\"height\":95,\"caption\":\"CSJ Emballages\"},\"image\":{\"@id\":\"https:\/\/www.csj-emballages.com\/de\/#\/schema\/logo\/image\/\"},\"sameAs\":[\"https:\/\/www.facebook.com\/csjemballages\"],\"address\":{\"@type\":\"PostalAddress\",\"streetAddress\":\"ZI La Lechere\",\"addressLocality\":\"Patornay\",\"postalCode\":\"39130\",\"addressCountry\":\"FR\"},\"contactPoint\":[{\"@type\":\"ContactPoint\",\"contactType\":\"Service client\",\"telephone\":\"0384254272\",\"email\":\"contact@csj-emballages.com\"}]}]}<\/script>\n<!-- \/ Yoast SEO Premium plugin. -->","yoast_head_json":{"title":"Geb\u00e4ckschachtel mit Griff Amaya 16 x 18 x 7 cm 50er-Pack","description":"Pastellfarbene Geb\u00e4ckschachtel mit Griff: elegant und praktisch zum Transport und zur Pr\u00e4sentation Ihrer Kuchen und Desserts mit sanftem, modernem Design.","robots":{"index":"index","follow":"follow","max-snippet":"max-snippet:-1","max-image-preview":"max-image-preview:large","max-video-preview":"max-video-preview:-1"},"canonical":"https:\/\/www.csj-emballages.com\/de\/produit\/gebaeckschachtel-mit-griff-amaya-16-x-18-x-7-cm-50er-pack\/","og_locale":"de_DE","og_type":"article","og_title":"Geb\u00e4ckschachtel mit Griff Amaya 16 x 18 x 7 cm 50er-Pack","og_description":"Pastellfarbene Geb\u00e4ckschachtel mit Griff: elegant und praktisch zum Transport und zur Pr\u00e4sentation Ihrer Kuchen und Desserts mit sanftem, modernem Design.","og_url":"https:\/\/www.csj-emballages.com\/de\/produit\/gebaeckschachtel-mit-griff-amaya-16-x-18-x-7-cm-50er-pack\/","og_site_name":"CSJ Emballages","article_publisher":"https:\/\/www.facebook.com\/csjemballages","article_modified_time":"2026-04-14T06:00:36+00:00","og_image":[{"width":800,"height":800,"url":"https:\/\/www.csj-emballages.com\/wp-content\/uploads\/2026\/04\/CPP1618AMA.webp","type":"image\/webp"}],"twitter_card":"summary_large_image","twitter_misc":{"Gesch\u00e4tzte Lesezeit":"1\u00a0Minute"},"schema":{"@context":"https:\/\/schema.org","@graph":[{"@type":"WebPage","@id":"https:\/\/www.csj-emballages.com\/de\/produit\/gebaeckschachtel-mit-griff-amaya-16-x-18-x-7-cm-50er-pack\/","url":"https:\/\/www.csj-emballages.com\/de\/produit\/gebaeckschachtel-mit-griff-amaya-16-x-18-x-7-cm-50er-pack\/","name":"Geb\u00e4ckschachtel mit Griff Amaya 16 x 18 x 7 cm 50er-Pack","isPartOf":{"@id":"https:\/\/www.csj-emballages.com\/de\/#website"},"primaryImageOfPage":{"@id":"https:\/\/www.csj-emballages.com\/de\/produit\/gebaeckschachtel-mit-griff-amaya-16-x-18-x-7-cm-50er-pack\/#primaryimage"},"image":{"@id":"https:\/\/www.csj-emballages.com\/de\/produit\/gebaeckschachtel-mit-griff-amaya-16-x-18-x-7-cm-50er-pack\/#primaryimage"},"thumbnailUrl":"https:\/\/www.csj-emballages.com\/wp-content\/uploads\/2026\/04\/CPP1618AMA.webp","datePublished":"2026-04-02T14:18:22+00:00","dateModified":"2026-04-14T06:00:36+00:00","description":"Pastellfarbene Geb\u00e4ckschachtel mit Griff: elegant und praktisch zum Transport und zur Pr\u00e4sentation Ihrer Kuchen und Desserts mit sanftem, modernem Design.","breadcrumb":{"@id":"https:\/\/www.csj-emballages.com\/de\/produit\/gebaeckschachtel-mit-griff-amaya-16-x-18-x-7-cm-50er-pack\/#breadcrumb"},"inLanguage":"de","potentialAction":[{"@type":"ReadAction","target":["https:\/\/www.csj-emballages.com\/de\/produit\/gebaeckschachtel-mit-griff-amaya-16-x-18-x-7-cm-50er-pack\/"]}]},{"@type":"ImageObject","inLanguage":"de","@id":"https:\/\/www.csj-emballages.com\/de\/produit\/gebaeckschachtel-mit-griff-amaya-16-x-18-x-7-cm-50er-pack\/#primaryimage","url":"https:\/\/www.csj-emballages.com\/wp-content\/uploads\/2026\/04\/CPP1618AMA.webp","contentUrl":"https:\/\/www.csj-emballages.com\/wp-content\/uploads\/2026\/04\/CPP1618AMA.webp","width":800,"height":800,"caption":"Caissette p\u00e2tissi\u00e8re"},{"@type":"BreadcrumbList","@id":"https:\/\/www.csj-emballages.com\/de\/produit\/gebaeckschachtel-mit-griff-amaya-16-x-18-x-7-cm-50er-pack\/#breadcrumb","itemListElement":[{"@type":"ListItem","position":1,"name":"Accueil","item":"https:\/\/www.csj-emballages.com\/de\/universum-lebensmittelverpackungen\/"},{"@type":"ListItem","position":2,"name":"Shop","item":"https:\/\/www.csj-emballages.com\/shop\/"},{"@type":"ListItem","position":3,"name":"Geb\u00e4ckschachtel mit Griff Amaya 16 x 18 x 7 cm 50er-Pack"}]},{"@type":"WebSite","@id":"https:\/\/www.csj-emballages.com\/de\/#website","url":"https:\/\/www.csj-emballages.com\/de\/","name":"CSJ Emballages","description":"","publisher":{"@id":"https:\/\/www.csj-emballages.com\/de\/#organization"},"potentialAction":[{"@type":"SearchAction","target":{"@type":"EntryPoint","urlTemplate":"https:\/\/www.csj-emballages.com\/de\/?s={search_term_string}"},"query-input":{"@type":"PropertyValueSpecification","valueRequired":true,"valueName":"search_term_string"}}],"inLanguage":"de"},{"@type":"Organization","@id":"https:\/\/www.csj-emballages.com\/de\/#Organization\/","name":"CSJ Emballages","url":"https:\/\/www.csj-emballages.com\/de\/","logo":{"@type":"ImageObject","inLanguage":"de","@id":"https:\/\/www.csj-emballages.com\/de\/#\/schema\/logo\/image\/","url":"https:\/\/www.csj-emballages.com\/wp-content\/uploads\/2023\/10\/logo_csj.webp","contentUrl":"https:\/\/www.csj-emballages.com\/wp-content\/uploads\/2023\/10\/logo_csj.webp","width":250,"height":95,"caption":"CSJ Emballages"},"image":{"@id":"https:\/\/www.csj-emballages.com\/de\/#\/schema\/logo\/image\/"},"sameAs":["https:\/\/www.facebook.com\/csjemballages"],"address":{"@type":"PostalAddress","streetAddress":"ZI La Lechere","addressLocality":"Patornay","postalCode":"39130","addressCountry":"FR"},"contactPoint":[{"@type":"ContactPoint","contactType":"Service client","telephone":"0384254272","email":"contact@csj-emballages.com"}]}]}},"df_price":12.23,"df_sale_price":12.23,"df_regular_price":24.46,"df_image_link":"https:\/\/www.csj-emballages.com\/wp-content\/uploads\/2026\/04\/CPP1618AMA-300x300.webp","tiered_pricing_type":"fixed","tiered_pricing_fixed_rules":[],"tiered_pricing_percentage_rules":[],"tiered_pricing_minimum":1,"tiered_pricing_roles_data":[],"_links":{"self":[{"href":"https:\/\/www.csj-emballages.com\/de\/wp-json\/wp\/v2\/product\/277227","targetHints":{"allow":["GET"]}}],"collection":[{"href":"https:\/\/www.csj-emballages.com\/de\/wp-json\/wp\/v2\/product"}],"about":[{"href":"https:\/\/www.csj-emballages.com\/de\/wp-json\/wp\/v2\/types\/product"}],"wp:featuredmedia":[{"embeddable":true,"href":"https:\/\/www.csj-emballages.com\/de\/wp-json\/wp\/v2\/media\/277219"}],"wp:attachment":[{"href":"https:\/\/www.csj-emballages.com\/de\/wp-json\/wp\/v2\/media?parent=277227"}],"wp:term":[{"taxonomy":"product_brand","embeddable":true,"href":"https:\/\/www.csj-emballages.com\/de\/wp-json\/wp\/v2\/product_brand?post=277227"},{"taxonomy":"product_cat","embeddable":true,"href":"https:\/\/www.csj-emballages.com\/de\/wp-json\/wp\/v2\/product_cat?post=277227"},{"taxonomy":"product_tag","embeddable":true,"href":"https:\/\/www.csj-emballages.com\/de\/wp-json\/wp\/v2\/product_tag?post=277227"}],"curies":[{"name":"wp","href":"https:\/\/api.w.org\/{rel}","templated":true}]}}