{"id":277207,"date":"2026-04-02T16:18:13","date_gmt":"2026-04-02T14:18:13","guid":{"rendered":"https:\/\/www.csj-emballages.com\/produit\/farbige-karton-gebaeckschachtel-arthur-20-x-8-cm-im-50er-pack\/"},"modified":"2026-04-15T02:11:43","modified_gmt":"2026-04-15T00:11:43","slug":"farbige-karton-gebaeckschachtel-arthur-20-x-8-cm-im-50er-pack","status":"publish","type":"product","link":"https:\/\/www.csj-emballages.com\/de\/produit\/farbige-karton-gebaeckschachtel-arthur-20-x-8-cm-im-50er-pack\/","title":{"rendered":"Farbige Karton-Geb\u00e4ckschachtel Arthur 20 x 8 cm im 50er-Pack"},"content":{"rendered":"<h2>Konditoreischachtel<\/h2>\n<hr>\n<h3>Entdecken Sie unsere farbige Karton-Geb\u00e4ckschachtel Arthur 20 x 8 cm im 50er-Pack<\/h3>\n<p><!--more--><\/p>\n<p data-start=\"84\" data-end=\"374\">Bieten Sie Ihren Backwaren eine Verpackung, die ihrer Qualit\u00e4t gerecht wird, mit dieser <strong>Geb\u00e4ckschachtel<\/strong> im modernen und raffinierten Design. Ihre Mischung aus <strong>gr\u00fcnen geometrischen Mustern und violetten Akzenten<\/strong> schafft einen eleganten und originellen Kontrast, perfekt, um Blicke auf sich zu ziehen und Ihre Desserts hervorzuheben. <\/p>\n<p data-start=\"376\" data-end=\"647\">Diese <strong>Kuchenschachtel<\/strong> wurde sowohl f\u00fcr anspruchsvolle Profis als auch f\u00fcr passionierte Privatpersonen entwickelt und vereint \u00c4sthetik und Praktikabilit\u00e4t. Ihre breite, dekorierte Vorderseite l\u00e4sst Ihre Kreationen erahnen und sch\u00fctzt sie gleichzeitig effektiv \u2013 ideal, um auf den ersten Blick Lust zu wecken. <\/p>\n<p data-start=\"376\" data-end=\"647\">\n<p data-start=\"404\" data-end=\"684\"><!--more--><\/p>\n<h4 data-start=\"404\" data-end=\"684\">Vorteile :<\/h4>\n<ul>\n<li data-section-id=\"7ro4cg\" data-start=\"961\" data-end=\"1059\">Gr\u00fcne Muster kombiniert mit eleganten violetten Akzenten<\/li>\n<li data-section-id=\"ditpxg\" data-start=\"1139\" data-end=\"1215\"><strong data-start=\"1144\" data-end=\"1167\">Optimaler Schutz<\/strong>: stabile Struktur f\u00fcr sicheren Transport<\/li>\n<li data-section-id=\"1dteysb\" data-start=\"1216\" data-end=\"1299\"><strong data-start=\"1221\" data-end=\"1239\">Einfacher Aufbau<\/strong>: schnell und praktisch f\u00fcr Zeitersparnis bei der Vorbereitung<\/li>\n<li data-section-id=\"1n3m2l5\" data-start=\"1300\" data-end=\"1376\">Ideal f\u00fcr Kuchen, Entremets, diverse Backwaren<\/li>\n<li data-section-id=\"1dwknk\" data-start=\"1377\" data-end=\"1440\"><strong data-start=\"1382\" data-end=\"1400\">Robuster Karton<\/strong>: zuverl\u00e4ssige und verantwortungsvollere L\u00f6sung<\/li>\n<\/ul>\n<h4 data-start=\"404\" data-end=\"684\"><\/h4>\n<p><!--more--><\/p>\n<h4>Weitere Informationen :<\/h4>\n<ul>\n<li><strong>Verpackung<\/strong>: Packung mit 50 St\u00fcck<\/li>\n<li><strong>Ma\u00dfe<\/strong>: 20 x 8 cm<\/li>\n<li><strong>Farbe<\/strong>: Gr\u00fcn \/ Violett \/ Wei\u00df<\/li>\n<\/ul>\n<p>&nbsp;<\/p>\n<p><!--more--><\/p>\n<p><a href=\"https:\/\/www.csj-emballages.com\/de\/categorie-produit\/lebensmittelverpackungen\/lagerbestande-promotion\/\">Sehen Sie sich den Rest unserer Produkte im Angebot an.<\/a><\/p>\n","protected":false},"excerpt":{"rendered":"<p>Konditoreischachtel Entdecken Sie unsere farbige Karton-Geb\u00e4ckschachtel Arthur 20 x 8 cm im 50er-Pack<\/p>\n","protected":false},"featured_media":277187,"template":"","meta":{"_acf_changed":false},"product_brand":[],"product_cat":[1137,1265],"product_tag":[],"class_list":{"0":"post-277207","1":"product","2":"type-product","3":"status-publish","4":"has-post-thumbnail","6":"product_cat-lebensmittelverpackungen","7":"product_cat-lagerbestande-promotion","9":"first","10":"instock","11":"sale","12":"taxable","13":"shipping-taxable","14":"purchasable","15":"product-type-simple"},"acf":[],"yoast_head":"<!-- This site is optimized with the Yoast SEO Premium plugin v26.6 (Yoast SEO v26.6) - https:\/\/yoast.com\/wordpress\/plugins\/seo\/ -->\n<title>Farbige Karton-Geb\u00e4ckschachtel Arthur 20 x 8 cm im 50er-Pack<\/title>\n<meta name=\"description\" content=\"Karton-Geb\u00e4ckschachtel Modell Arthur: ideal, um Ihre Kuchen und Desserts elegant zu transportieren und zu pr\u00e4sentieren.\" \/>\n<meta name=\"robots\" content=\"index, follow, max-snippet:-1, max-image-preview:large, max-video-preview:-1\" \/>\n<link rel=\"canonical\" href=\"https:\/\/www.csj-emballages.com\/de\/produit\/farbige-karton-gebaeckschachtel-arthur-20-x-8-cm-im-50er-pack\/\" \/>\n<meta property=\"og:locale\" content=\"de_DE\" \/>\n<meta property=\"og:type\" content=\"article\" \/>\n<meta property=\"og:title\" content=\"Farbige Karton-Geb\u00e4ckschachtel Arthur 20 x 8 cm im 50er-Pack\" \/>\n<meta property=\"og:description\" content=\"Karton-Geb\u00e4ckschachtel Modell Arthur: ideal, um Ihre Kuchen und Desserts elegant zu transportieren und zu pr\u00e4sentieren.\" \/>\n<meta property=\"og:url\" content=\"https:\/\/www.csj-emballages.com\/de\/produit\/farbige-karton-gebaeckschachtel-arthur-20-x-8-cm-im-50er-pack\/\" \/>\n<meta property=\"og:site_name\" content=\"CSJ Emballages\" \/>\n<meta property=\"article:publisher\" content=\"https:\/\/www.facebook.com\/csjemballages\" \/>\n<meta property=\"article:modified_time\" content=\"2026-04-15T00:11:43+00:00\" \/>\n<meta property=\"og:image\" content=\"https:\/\/www.csj-emballages.com\/wp-content\/uploads\/2026\/04\/BTP208ART.webp\" \/>\n\t<meta property=\"og:image:width\" content=\"800\" \/>\n\t<meta property=\"og:image:height\" content=\"800\" \/>\n\t<meta property=\"og:image:type\" content=\"image\/webp\" \/>\n<meta name=\"twitter:card\" content=\"summary_large_image\" \/>\n<meta name=\"twitter:label1\" content=\"Gesch\u00e4tzte Lesezeit\" \/>\n\t<meta name=\"twitter:data1\" content=\"1\u00a0Minute\" \/>\n<script type=\"application\/ld+json\" class=\"yoast-schema-graph\">{\"@context\":\"https:\/\/schema.org\",\"@graph\":[{\"@type\":\"WebPage\",\"@id\":\"https:\/\/www.csj-emballages.com\/de\/produit\/farbige-karton-gebaeckschachtel-arthur-20-x-8-cm-im-50er-pack\/\",\"url\":\"https:\/\/www.csj-emballages.com\/de\/produit\/farbige-karton-gebaeckschachtel-arthur-20-x-8-cm-im-50er-pack\/\",\"name\":\"Farbige Karton-Geb\u00e4ckschachtel Arthur 20 x 8 cm im 50er-Pack\",\"isPartOf\":{\"@id\":\"https:\/\/www.csj-emballages.com\/de\/#website\"},\"primaryImageOfPage\":{\"@id\":\"https:\/\/www.csj-emballages.com\/de\/produit\/farbige-karton-gebaeckschachtel-arthur-20-x-8-cm-im-50er-pack\/#primaryimage\"},\"image\":{\"@id\":\"https:\/\/www.csj-emballages.com\/de\/produit\/farbige-karton-gebaeckschachtel-arthur-20-x-8-cm-im-50er-pack\/#primaryimage\"},\"thumbnailUrl\":\"https:\/\/www.csj-emballages.com\/wp-content\/uploads\/2026\/04\/BTP208ART.webp\",\"datePublished\":\"2026-04-02T14:18:13+00:00\",\"dateModified\":\"2026-04-15T00:11:43+00:00\",\"description\":\"Karton-Geb\u00e4ckschachtel Modell Arthur: ideal, um Ihre Kuchen und Desserts elegant zu transportieren und zu pr\u00e4sentieren.\",\"breadcrumb\":{\"@id\":\"https:\/\/www.csj-emballages.com\/de\/produit\/farbige-karton-gebaeckschachtel-arthur-20-x-8-cm-im-50er-pack\/#breadcrumb\"},\"inLanguage\":\"de\",\"potentialAction\":[{\"@type\":\"ReadAction\",\"target\":[\"https:\/\/www.csj-emballages.com\/de\/produit\/farbige-karton-gebaeckschachtel-arthur-20-x-8-cm-im-50er-pack\/\"]}]},{\"@type\":\"ImageObject\",\"inLanguage\":\"de\",\"@id\":\"https:\/\/www.csj-emballages.com\/de\/produit\/farbige-karton-gebaeckschachtel-arthur-20-x-8-cm-im-50er-pack\/#primaryimage\",\"url\":\"https:\/\/www.csj-emballages.com\/wp-content\/uploads\/2026\/04\/BTP208ART.webp\",\"contentUrl\":\"https:\/\/www.csj-emballages.com\/wp-content\/uploads\/2026\/04\/BTP208ART.webp\",\"width\":800,\"height\":800,\"caption\":\"Boite p\u00e2tissi\u00e8re\"},{\"@type\":\"BreadcrumbList\",\"@id\":\"https:\/\/www.csj-emballages.com\/de\/produit\/farbige-karton-gebaeckschachtel-arthur-20-x-8-cm-im-50er-pack\/#breadcrumb\",\"itemListElement\":[{\"@type\":\"ListItem\",\"position\":1,\"name\":\"Accueil\",\"item\":\"https:\/\/www.csj-emballages.com\/de\/universum-lebensmittelverpackungen\/\"},{\"@type\":\"ListItem\",\"position\":2,\"name\":\"Shop\",\"item\":\"https:\/\/www.csj-emballages.com\/shop\/\"},{\"@type\":\"ListItem\",\"position\":3,\"name\":\"Farbige Karton-Geb\u00e4ckschachtel Arthur 20 x 8 cm im 50er-Pack\"}]},{\"@type\":\"WebSite\",\"@id\":\"https:\/\/www.csj-emballages.com\/de\/#website\",\"url\":\"https:\/\/www.csj-emballages.com\/de\/\",\"name\":\"CSJ Emballages\",\"description\":\"\",\"publisher\":{\"@id\":\"https:\/\/www.csj-emballages.com\/de\/#organization\"},\"potentialAction\":[{\"@type\":\"SearchAction\",\"target\":{\"@type\":\"EntryPoint\",\"urlTemplate\":\"https:\/\/www.csj-emballages.com\/de\/?s={search_term_string}\"},\"query-input\":{\"@type\":\"PropertyValueSpecification\",\"valueRequired\":true,\"valueName\":\"search_term_string\"}}],\"inLanguage\":\"de\"},{\"@type\":\"Organization\",\"@id\":\"https:\/\/www.csj-emballages.com\/de\/#Organization\/\",\"name\":\"CSJ Emballages\",\"url\":\"https:\/\/www.csj-emballages.com\/de\/\",\"logo\":{\"@type\":\"ImageObject\",\"inLanguage\":\"de\",\"@id\":\"https:\/\/www.csj-emballages.com\/de\/#\/schema\/logo\/image\/\",\"url\":\"https:\/\/www.csj-emballages.com\/wp-content\/uploads\/2023\/10\/logo_csj.webp\",\"contentUrl\":\"https:\/\/www.csj-emballages.com\/wp-content\/uploads\/2023\/10\/logo_csj.webp\",\"width\":250,\"height\":95,\"caption\":\"CSJ Emballages\"},\"image\":{\"@id\":\"https:\/\/www.csj-emballages.com\/de\/#\/schema\/logo\/image\/\"},\"sameAs\":[\"https:\/\/www.facebook.com\/csjemballages\"],\"address\":{\"@type\":\"PostalAddress\",\"streetAddress\":\"ZI La Lechere\",\"addressLocality\":\"Patornay\",\"postalCode\":\"39130\",\"addressCountry\":\"FR\"},\"contactPoint\":[{\"@type\":\"ContactPoint\",\"contactType\":\"Service client\",\"telephone\":\"0384254272\",\"email\":\"contact@csj-emballages.com\"}]}]}<\/script>\n<!-- \/ Yoast SEO Premium plugin. -->","yoast_head_json":{"title":"Farbige Karton-Geb\u00e4ckschachtel Arthur 20 x 8 cm im 50er-Pack","description":"Karton-Geb\u00e4ckschachtel Modell Arthur: ideal, um Ihre Kuchen und Desserts elegant zu transportieren und zu pr\u00e4sentieren.","robots":{"index":"index","follow":"follow","max-snippet":"max-snippet:-1","max-image-preview":"max-image-preview:large","max-video-preview":"max-video-preview:-1"},"canonical":"https:\/\/www.csj-emballages.com\/de\/produit\/farbige-karton-gebaeckschachtel-arthur-20-x-8-cm-im-50er-pack\/","og_locale":"de_DE","og_type":"article","og_title":"Farbige Karton-Geb\u00e4ckschachtel Arthur 20 x 8 cm im 50er-Pack","og_description":"Karton-Geb\u00e4ckschachtel Modell Arthur: ideal, um Ihre Kuchen und Desserts elegant zu transportieren und zu pr\u00e4sentieren.","og_url":"https:\/\/www.csj-emballages.com\/de\/produit\/farbige-karton-gebaeckschachtel-arthur-20-x-8-cm-im-50er-pack\/","og_site_name":"CSJ Emballages","article_publisher":"https:\/\/www.facebook.com\/csjemballages","article_modified_time":"2026-04-15T00:11:43+00:00","og_image":[{"width":800,"height":800,"url":"https:\/\/www.csj-emballages.com\/wp-content\/uploads\/2026\/04\/BTP208ART.webp","type":"image\/webp"}],"twitter_card":"summary_large_image","twitter_misc":{"Gesch\u00e4tzte Lesezeit":"1\u00a0Minute"},"schema":{"@context":"https:\/\/schema.org","@graph":[{"@type":"WebPage","@id":"https:\/\/www.csj-emballages.com\/de\/produit\/farbige-karton-gebaeckschachtel-arthur-20-x-8-cm-im-50er-pack\/","url":"https:\/\/www.csj-emballages.com\/de\/produit\/farbige-karton-gebaeckschachtel-arthur-20-x-8-cm-im-50er-pack\/","name":"Farbige Karton-Geb\u00e4ckschachtel Arthur 20 x 8 cm im 50er-Pack","isPartOf":{"@id":"https:\/\/www.csj-emballages.com\/de\/#website"},"primaryImageOfPage":{"@id":"https:\/\/www.csj-emballages.com\/de\/produit\/farbige-karton-gebaeckschachtel-arthur-20-x-8-cm-im-50er-pack\/#primaryimage"},"image":{"@id":"https:\/\/www.csj-emballages.com\/de\/produit\/farbige-karton-gebaeckschachtel-arthur-20-x-8-cm-im-50er-pack\/#primaryimage"},"thumbnailUrl":"https:\/\/www.csj-emballages.com\/wp-content\/uploads\/2026\/04\/BTP208ART.webp","datePublished":"2026-04-02T14:18:13+00:00","dateModified":"2026-04-15T00:11:43+00:00","description":"Karton-Geb\u00e4ckschachtel Modell Arthur: ideal, um Ihre Kuchen und Desserts elegant zu transportieren und zu pr\u00e4sentieren.","breadcrumb":{"@id":"https:\/\/www.csj-emballages.com\/de\/produit\/farbige-karton-gebaeckschachtel-arthur-20-x-8-cm-im-50er-pack\/#breadcrumb"},"inLanguage":"de","potentialAction":[{"@type":"ReadAction","target":["https:\/\/www.csj-emballages.com\/de\/produit\/farbige-karton-gebaeckschachtel-arthur-20-x-8-cm-im-50er-pack\/"]}]},{"@type":"ImageObject","inLanguage":"de","@id":"https:\/\/www.csj-emballages.com\/de\/produit\/farbige-karton-gebaeckschachtel-arthur-20-x-8-cm-im-50er-pack\/#primaryimage","url":"https:\/\/www.csj-emballages.com\/wp-content\/uploads\/2026\/04\/BTP208ART.webp","contentUrl":"https:\/\/www.csj-emballages.com\/wp-content\/uploads\/2026\/04\/BTP208ART.webp","width":800,"height":800,"caption":"Boite p\u00e2tissi\u00e8re"},{"@type":"BreadcrumbList","@id":"https:\/\/www.csj-emballages.com\/de\/produit\/farbige-karton-gebaeckschachtel-arthur-20-x-8-cm-im-50er-pack\/#breadcrumb","itemListElement":[{"@type":"ListItem","position":1,"name":"Accueil","item":"https:\/\/www.csj-emballages.com\/de\/universum-lebensmittelverpackungen\/"},{"@type":"ListItem","position":2,"name":"Shop","item":"https:\/\/www.csj-emballages.com\/shop\/"},{"@type":"ListItem","position":3,"name":"Farbige Karton-Geb\u00e4ckschachtel Arthur 20 x 8 cm im 50er-Pack"}]},{"@type":"WebSite","@id":"https:\/\/www.csj-emballages.com\/de\/#website","url":"https:\/\/www.csj-emballages.com\/de\/","name":"CSJ Emballages","description":"","publisher":{"@id":"https:\/\/www.csj-emballages.com\/de\/#organization"},"potentialAction":[{"@type":"SearchAction","target":{"@type":"EntryPoint","urlTemplate":"https:\/\/www.csj-emballages.com\/de\/?s={search_term_string}"},"query-input":{"@type":"PropertyValueSpecification","valueRequired":true,"valueName":"search_term_string"}}],"inLanguage":"de"},{"@type":"Organization","@id":"https:\/\/www.csj-emballages.com\/de\/#Organization\/","name":"CSJ Emballages","url":"https:\/\/www.csj-emballages.com\/de\/","logo":{"@type":"ImageObject","inLanguage":"de","@id":"https:\/\/www.csj-emballages.com\/de\/#\/schema\/logo\/image\/","url":"https:\/\/www.csj-emballages.com\/wp-content\/uploads\/2023\/10\/logo_csj.webp","contentUrl":"https:\/\/www.csj-emballages.com\/wp-content\/uploads\/2023\/10\/logo_csj.webp","width":250,"height":95,"caption":"CSJ Emballages"},"image":{"@id":"https:\/\/www.csj-emballages.com\/de\/#\/schema\/logo\/image\/"},"sameAs":["https:\/\/www.facebook.com\/csjemballages"],"address":{"@type":"PostalAddress","streetAddress":"ZI La Lechere","addressLocality":"Patornay","postalCode":"39130","addressCountry":"FR"},"contactPoint":[{"@type":"ContactPoint","contactType":"Service client","telephone":"0384254272","email":"contact@csj-emballages.com"}]}]}},"df_price":7.91,"df_sale_price":7.91,"df_regular_price":15.82,"df_image_link":"https:\/\/www.csj-emballages.com\/wp-content\/uploads\/2026\/04\/BTP208ART-300x300.webp","tiered_pricing_type":"fixed","tiered_pricing_fixed_rules":[],"tiered_pricing_percentage_rules":[],"tiered_pricing_minimum":1,"tiered_pricing_roles_data":[],"_links":{"self":[{"href":"https:\/\/www.csj-emballages.com\/de\/wp-json\/wp\/v2\/product\/277207","targetHints":{"allow":["GET"]}}],"collection":[{"href":"https:\/\/www.csj-emballages.com\/de\/wp-json\/wp\/v2\/product"}],"about":[{"href":"https:\/\/www.csj-emballages.com\/de\/wp-json\/wp\/v2\/types\/product"}],"wp:featuredmedia":[{"embeddable":true,"href":"https:\/\/www.csj-emballages.com\/de\/wp-json\/wp\/v2\/media\/277187"}],"wp:attachment":[{"href":"https:\/\/www.csj-emballages.com\/de\/wp-json\/wp\/v2\/media?parent=277207"}],"wp:term":[{"taxonomy":"product_brand","embeddable":true,"href":"https:\/\/www.csj-emballages.com\/de\/wp-json\/wp\/v2\/product_brand?post=277207"},{"taxonomy":"product_cat","embeddable":true,"href":"https:\/\/www.csj-emballages.com\/de\/wp-json\/wp\/v2\/product_cat?post=277207"},{"taxonomy":"product_tag","embeddable":true,"href":"https:\/\/www.csj-emballages.com\/de\/wp-json\/wp\/v2\/product_tag?post=277207"}],"curies":[{"name":"wp","href":"https:\/\/api.w.org\/{rel}","templated":true}]}}