{"id":277175,"date":"2026-04-02T16:18:23","date_gmt":"2026-04-02T14:18:23","guid":{"rendered":"https:\/\/www.csj-emballages.com\/produit\/gebaeckschachtel-mit-griff-arthur-16-x-18-x-7-cm-50-stueck\/"},"modified":"2026-04-14T08:00:39","modified_gmt":"2026-04-14T06:00:39","slug":"gebaeckschachtel-mit-griff-arthur-16-x-18-x-7-cm-50-stueck","status":"publish","type":"product","link":"https:\/\/www.csj-emballages.com\/de\/produit\/gebaeckschachtel-mit-griff-arthur-16-x-18-x-7-cm-50-stueck\/","title":{"rendered":"Geb\u00e4ckschachtel mit Griff Arthur 16 x 18 x 7 cm 50 St\u00fcck"},"content":{"rendered":"<h2>Geb\u00e4ckkiste<\/h2>\n<hr>\n<h3>Geb\u00e4ckschachtel mit Griff Arthur 16 x 18 x 7 cm 50 St\u00fcck<\/h3>\n<p><!--more--><\/p>\n<p data-start=\"88\" data-end=\"402\">Pr\u00e4sentieren Sie Ihr Geb\u00e4ck mit dieser eleganten und praktischen <strong>Geb\u00e4ckschachtel Arthur<\/strong>. Mit ihrem modernen Design mit <strong>geometrischen blauen Mustern<\/strong> zieht sie sofort die Blicke auf sich und l\u00e4sst gleichzeitig Ihre Kreationen sichtbar werden. <\/p>\n<p data-start=\"404\" data-end=\"684\">Ideal f\u00fcr Profis wie Privatpersonen verwandelt diese <strong>Konditoreibox<\/strong> jedes Dessert in eine echte Auslage. Kuchen, einzelne Portionen, Petits Fours oder Torten: Ihre Kreationen sind sichtbar, ohne die Schachtel zu \u00f6ffnen, was die Kauflust steigert und Ihr K\u00f6nnen zur Geltung bringt. <\/p>\n<p data-start=\"404\" data-end=\"684\"><!--more--><\/p>\n<h4 data-start=\"404\" data-end=\"684\">Vorteile :<\/h4>\n<ul>\n<li data-section-id=\"16fizph\" data-start=\"1144\" data-end=\"1235\">Sch\u00fctzt Ihre Desserts wirksam<\/li>\n<li data-section-id=\"psxbou\" data-start=\"1307\" data-end=\"1396\">Originelle blaue Muster f\u00fcr eine sch\u00f6ne Pr\u00e4sentation<\/li>\n<li data-section-id=\"e0q14r\" data-start=\"1397\" data-end=\"1456\"><strong data-start=\"1403\" data-end=\"1423\">Integrierter Griff<\/strong>: einfacher und sicherer Transport<\/li>\n<li data-section-id=\"1an4l53\" data-start=\"1457\" data-end=\"1523\"><strong data-start=\"1462\" data-end=\"1490\">Einfache und schnelle Montage<\/strong>: Zeitersparnis bei der Vorbereitung<\/li>\n<\/ul>\n<h4 data-start=\"404\" data-end=\"684\"><\/h4>\n<p><!--more--><\/p>\n<h4>Weitere Informationen :<\/h4>\n<ul>\n<li><strong>Verpackung<\/strong>: Packung mit 50 St\u00fcck<\/li>\n<li><strong>Abmessungen<\/strong>: 16 x 18 x 7 cm<\/li>\n<li><strong>Farbe<\/strong>: Blau \/ Schwarz \/ Wei\u00df<\/li>\n<\/ul>\n<p>&nbsp;<\/p>\n<p><!--more--><\/p>\n<p><a href=\"https:\/\/www.csj-emballages.com\/de\/categorie-produit\/lebensmittelverpackungen\/lagerbestande-promotion\/\">Sehen Sie sich den Rest unserer Produkte im Angebot an.<\/a><\/p>\n","protected":false},"excerpt":{"rendered":"<p>Geb\u00e4ckkiste Geb\u00e4ckschachtel mit Griff Arthur 16 x 18 x 7 cm 50 St\u00fcck<\/p>\n","protected":false},"featured_media":277160,"template":"","meta":{"_acf_changed":false},"product_brand":[],"product_cat":[1137,1265],"product_tag":[],"class_list":{"0":"post-277175","1":"product","2":"type-product","3":"status-publish","4":"has-post-thumbnail","6":"product_cat-lebensmittelverpackungen","7":"product_cat-lagerbestande-promotion","9":"first","10":"instock","11":"sale","12":"taxable","13":"shipping-taxable","14":"purchasable","15":"product-type-simple"},"acf":[],"yoast_head":"<!-- This site is optimized with the Yoast SEO Premium plugin v26.6 (Yoast SEO v26.6) - https:\/\/yoast.com\/wordpress\/plugins\/seo\/ -->\n<title>Geb\u00e4ckschachtel mit Griff Arthur 16 x 18 x 7 cm 50 St\u00fcck<\/title>\n<meta name=\"description\" content=\"Geb\u00e4ckschachtel Modell Arthur mit Griff: ideal zum Transport und zur eleganten Pr\u00e4sentation Ihrer Kuchen und Desserts.\" \/>\n<meta name=\"robots\" content=\"index, follow, max-snippet:-1, max-image-preview:large, max-video-preview:-1\" \/>\n<link rel=\"canonical\" href=\"https:\/\/www.csj-emballages.com\/de\/produit\/gebaeckschachtel-mit-griff-arthur-16-x-18-x-7-cm-50-stueck\/\" \/>\n<meta property=\"og:locale\" content=\"de_DE\" \/>\n<meta property=\"og:type\" content=\"article\" \/>\n<meta property=\"og:title\" content=\"Geb\u00e4ckschachtel mit Griff Arthur 16 x 18 x 7 cm 50 St\u00fcck\" \/>\n<meta property=\"og:description\" content=\"Geb\u00e4ckschachtel Modell Arthur mit Griff: ideal zum Transport und zur eleganten Pr\u00e4sentation Ihrer Kuchen und Desserts.\" \/>\n<meta property=\"og:url\" content=\"https:\/\/www.csj-emballages.com\/de\/produit\/gebaeckschachtel-mit-griff-arthur-16-x-18-x-7-cm-50-stueck\/\" \/>\n<meta property=\"og:site_name\" content=\"CSJ Emballages\" \/>\n<meta property=\"article:publisher\" content=\"https:\/\/www.facebook.com\/csjemballages\" \/>\n<meta property=\"article:modified_time\" content=\"2026-04-14T06:00:39+00:00\" \/>\n<meta property=\"og:image\" content=\"https:\/\/www.csj-emballages.com\/wp-content\/uploads\/2026\/04\/CPP1018ART.webp\" \/>\n\t<meta property=\"og:image:width\" content=\"800\" \/>\n\t<meta property=\"og:image:height\" content=\"800\" \/>\n\t<meta property=\"og:image:type\" content=\"image\/webp\" \/>\n<meta name=\"twitter:card\" content=\"summary_large_image\" \/>\n<meta name=\"twitter:label1\" content=\"Gesch\u00e4tzte Lesezeit\" \/>\n\t<meta name=\"twitter:data1\" content=\"1\u00a0Minute\" \/>\n<script type=\"application\/ld+json\" class=\"yoast-schema-graph\">{\"@context\":\"https:\/\/schema.org\",\"@graph\":[{\"@type\":\"WebPage\",\"@id\":\"https:\/\/www.csj-emballages.com\/de\/produit\/gebaeckschachtel-mit-griff-arthur-16-x-18-x-7-cm-50-stueck\/\",\"url\":\"https:\/\/www.csj-emballages.com\/de\/produit\/gebaeckschachtel-mit-griff-arthur-16-x-18-x-7-cm-50-stueck\/\",\"name\":\"Geb\u00e4ckschachtel mit Griff Arthur 16 x 18 x 7 cm 50 St\u00fcck\",\"isPartOf\":{\"@id\":\"https:\/\/www.csj-emballages.com\/de\/#website\"},\"primaryImageOfPage\":{\"@id\":\"https:\/\/www.csj-emballages.com\/de\/produit\/gebaeckschachtel-mit-griff-arthur-16-x-18-x-7-cm-50-stueck\/#primaryimage\"},\"image\":{\"@id\":\"https:\/\/www.csj-emballages.com\/de\/produit\/gebaeckschachtel-mit-griff-arthur-16-x-18-x-7-cm-50-stueck\/#primaryimage\"},\"thumbnailUrl\":\"https:\/\/www.csj-emballages.com\/wp-content\/uploads\/2026\/04\/CPP1018ART.webp\",\"datePublished\":\"2026-04-02T14:18:23+00:00\",\"dateModified\":\"2026-04-14T06:00:39+00:00\",\"description\":\"Geb\u00e4ckschachtel Modell Arthur mit Griff: ideal zum Transport und zur eleganten Pr\u00e4sentation Ihrer Kuchen und Desserts.\",\"breadcrumb\":{\"@id\":\"https:\/\/www.csj-emballages.com\/de\/produit\/gebaeckschachtel-mit-griff-arthur-16-x-18-x-7-cm-50-stueck\/#breadcrumb\"},\"inLanguage\":\"de\",\"potentialAction\":[{\"@type\":\"ReadAction\",\"target\":[\"https:\/\/www.csj-emballages.com\/de\/produit\/gebaeckschachtel-mit-griff-arthur-16-x-18-x-7-cm-50-stueck\/\"]}]},{\"@type\":\"ImageObject\",\"inLanguage\":\"de\",\"@id\":\"https:\/\/www.csj-emballages.com\/de\/produit\/gebaeckschachtel-mit-griff-arthur-16-x-18-x-7-cm-50-stueck\/#primaryimage\",\"url\":\"https:\/\/www.csj-emballages.com\/wp-content\/uploads\/2026\/04\/CPP1018ART.webp\",\"contentUrl\":\"https:\/\/www.csj-emballages.com\/wp-content\/uploads\/2026\/04\/CPP1018ART.webp\",\"width\":800,\"height\":800,\"caption\":\"Caissette p\u00e2tissi\u00e8re\"},{\"@type\":\"BreadcrumbList\",\"@id\":\"https:\/\/www.csj-emballages.com\/de\/produit\/gebaeckschachtel-mit-griff-arthur-16-x-18-x-7-cm-50-stueck\/#breadcrumb\",\"itemListElement\":[{\"@type\":\"ListItem\",\"position\":1,\"name\":\"Accueil\",\"item\":\"https:\/\/www.csj-emballages.com\/de\/universum-lebensmittelverpackungen\/\"},{\"@type\":\"ListItem\",\"position\":2,\"name\":\"Shop\",\"item\":\"https:\/\/www.csj-emballages.com\/shop\/\"},{\"@type\":\"ListItem\",\"position\":3,\"name\":\"Geb\u00e4ckschachtel mit Griff Arthur 16 x 18 x 7 cm 50 St\u00fcck\"}]},{\"@type\":\"WebSite\",\"@id\":\"https:\/\/www.csj-emballages.com\/de\/#website\",\"url\":\"https:\/\/www.csj-emballages.com\/de\/\",\"name\":\"CSJ Emballages\",\"description\":\"\",\"publisher\":{\"@id\":\"https:\/\/www.csj-emballages.com\/de\/#organization\"},\"potentialAction\":[{\"@type\":\"SearchAction\",\"target\":{\"@type\":\"EntryPoint\",\"urlTemplate\":\"https:\/\/www.csj-emballages.com\/de\/?s={search_term_string}\"},\"query-input\":{\"@type\":\"PropertyValueSpecification\",\"valueRequired\":true,\"valueName\":\"search_term_string\"}}],\"inLanguage\":\"de\"},{\"@type\":\"Organization\",\"@id\":\"https:\/\/www.csj-emballages.com\/de\/#Organization\/\",\"name\":\"CSJ Emballages\",\"url\":\"https:\/\/www.csj-emballages.com\/de\/\",\"logo\":{\"@type\":\"ImageObject\",\"inLanguage\":\"de\",\"@id\":\"https:\/\/www.csj-emballages.com\/de\/#\/schema\/logo\/image\/\",\"url\":\"https:\/\/www.csj-emballages.com\/wp-content\/uploads\/2023\/10\/logo_csj.webp\",\"contentUrl\":\"https:\/\/www.csj-emballages.com\/wp-content\/uploads\/2023\/10\/logo_csj.webp\",\"width\":250,\"height\":95,\"caption\":\"CSJ Emballages\"},\"image\":{\"@id\":\"https:\/\/www.csj-emballages.com\/de\/#\/schema\/logo\/image\/\"},\"sameAs\":[\"https:\/\/www.facebook.com\/csjemballages\"],\"address\":{\"@type\":\"PostalAddress\",\"streetAddress\":\"ZI La Lechere\",\"addressLocality\":\"Patornay\",\"postalCode\":\"39130\",\"addressCountry\":\"FR\"},\"contactPoint\":[{\"@type\":\"ContactPoint\",\"contactType\":\"Service client\",\"telephone\":\"0384254272\",\"email\":\"contact@csj-emballages.com\"}]}]}<\/script>\n<!-- \/ Yoast SEO Premium plugin. -->","yoast_head_json":{"title":"Geb\u00e4ckschachtel mit Griff Arthur 16 x 18 x 7 cm 50 St\u00fcck","description":"Geb\u00e4ckschachtel Modell Arthur mit Griff: ideal zum Transport und zur eleganten Pr\u00e4sentation Ihrer Kuchen und Desserts.","robots":{"index":"index","follow":"follow","max-snippet":"max-snippet:-1","max-image-preview":"max-image-preview:large","max-video-preview":"max-video-preview:-1"},"canonical":"https:\/\/www.csj-emballages.com\/de\/produit\/gebaeckschachtel-mit-griff-arthur-16-x-18-x-7-cm-50-stueck\/","og_locale":"de_DE","og_type":"article","og_title":"Geb\u00e4ckschachtel mit Griff Arthur 16 x 18 x 7 cm 50 St\u00fcck","og_description":"Geb\u00e4ckschachtel Modell Arthur mit Griff: ideal zum Transport und zur eleganten Pr\u00e4sentation Ihrer Kuchen und Desserts.","og_url":"https:\/\/www.csj-emballages.com\/de\/produit\/gebaeckschachtel-mit-griff-arthur-16-x-18-x-7-cm-50-stueck\/","og_site_name":"CSJ Emballages","article_publisher":"https:\/\/www.facebook.com\/csjemballages","article_modified_time":"2026-04-14T06:00:39+00:00","og_image":[{"width":800,"height":800,"url":"https:\/\/www.csj-emballages.com\/wp-content\/uploads\/2026\/04\/CPP1018ART.webp","type":"image\/webp"}],"twitter_card":"summary_large_image","twitter_misc":{"Gesch\u00e4tzte Lesezeit":"1\u00a0Minute"},"schema":{"@context":"https:\/\/schema.org","@graph":[{"@type":"WebPage","@id":"https:\/\/www.csj-emballages.com\/de\/produit\/gebaeckschachtel-mit-griff-arthur-16-x-18-x-7-cm-50-stueck\/","url":"https:\/\/www.csj-emballages.com\/de\/produit\/gebaeckschachtel-mit-griff-arthur-16-x-18-x-7-cm-50-stueck\/","name":"Geb\u00e4ckschachtel mit Griff Arthur 16 x 18 x 7 cm 50 St\u00fcck","isPartOf":{"@id":"https:\/\/www.csj-emballages.com\/de\/#website"},"primaryImageOfPage":{"@id":"https:\/\/www.csj-emballages.com\/de\/produit\/gebaeckschachtel-mit-griff-arthur-16-x-18-x-7-cm-50-stueck\/#primaryimage"},"image":{"@id":"https:\/\/www.csj-emballages.com\/de\/produit\/gebaeckschachtel-mit-griff-arthur-16-x-18-x-7-cm-50-stueck\/#primaryimage"},"thumbnailUrl":"https:\/\/www.csj-emballages.com\/wp-content\/uploads\/2026\/04\/CPP1018ART.webp","datePublished":"2026-04-02T14:18:23+00:00","dateModified":"2026-04-14T06:00:39+00:00","description":"Geb\u00e4ckschachtel Modell Arthur mit Griff: ideal zum Transport und zur eleganten Pr\u00e4sentation Ihrer Kuchen und Desserts.","breadcrumb":{"@id":"https:\/\/www.csj-emballages.com\/de\/produit\/gebaeckschachtel-mit-griff-arthur-16-x-18-x-7-cm-50-stueck\/#breadcrumb"},"inLanguage":"de","potentialAction":[{"@type":"ReadAction","target":["https:\/\/www.csj-emballages.com\/de\/produit\/gebaeckschachtel-mit-griff-arthur-16-x-18-x-7-cm-50-stueck\/"]}]},{"@type":"ImageObject","inLanguage":"de","@id":"https:\/\/www.csj-emballages.com\/de\/produit\/gebaeckschachtel-mit-griff-arthur-16-x-18-x-7-cm-50-stueck\/#primaryimage","url":"https:\/\/www.csj-emballages.com\/wp-content\/uploads\/2026\/04\/CPP1018ART.webp","contentUrl":"https:\/\/www.csj-emballages.com\/wp-content\/uploads\/2026\/04\/CPP1018ART.webp","width":800,"height":800,"caption":"Caissette p\u00e2tissi\u00e8re"},{"@type":"BreadcrumbList","@id":"https:\/\/www.csj-emballages.com\/de\/produit\/gebaeckschachtel-mit-griff-arthur-16-x-18-x-7-cm-50-stueck\/#breadcrumb","itemListElement":[{"@type":"ListItem","position":1,"name":"Accueil","item":"https:\/\/www.csj-emballages.com\/de\/universum-lebensmittelverpackungen\/"},{"@type":"ListItem","position":2,"name":"Shop","item":"https:\/\/www.csj-emballages.com\/shop\/"},{"@type":"ListItem","position":3,"name":"Geb\u00e4ckschachtel mit Griff Arthur 16 x 18 x 7 cm 50 St\u00fcck"}]},{"@type":"WebSite","@id":"https:\/\/www.csj-emballages.com\/de\/#website","url":"https:\/\/www.csj-emballages.com\/de\/","name":"CSJ Emballages","description":"","publisher":{"@id":"https:\/\/www.csj-emballages.com\/de\/#organization"},"potentialAction":[{"@type":"SearchAction","target":{"@type":"EntryPoint","urlTemplate":"https:\/\/www.csj-emballages.com\/de\/?s={search_term_string}"},"query-input":{"@type":"PropertyValueSpecification","valueRequired":true,"valueName":"search_term_string"}}],"inLanguage":"de"},{"@type":"Organization","@id":"https:\/\/www.csj-emballages.com\/de\/#Organization\/","name":"CSJ Emballages","url":"https:\/\/www.csj-emballages.com\/de\/","logo":{"@type":"ImageObject","inLanguage":"de","@id":"https:\/\/www.csj-emballages.com\/de\/#\/schema\/logo\/image\/","url":"https:\/\/www.csj-emballages.com\/wp-content\/uploads\/2023\/10\/logo_csj.webp","contentUrl":"https:\/\/www.csj-emballages.com\/wp-content\/uploads\/2023\/10\/logo_csj.webp","width":250,"height":95,"caption":"CSJ Emballages"},"image":{"@id":"https:\/\/www.csj-emballages.com\/de\/#\/schema\/logo\/image\/"},"sameAs":["https:\/\/www.facebook.com\/csjemballages"],"address":{"@type":"PostalAddress","streetAddress":"ZI La Lechere","addressLocality":"Patornay","postalCode":"39130","addressCountry":"FR"},"contactPoint":[{"@type":"ContactPoint","contactType":"Service client","telephone":"0384254272","email":"contact@csj-emballages.com"}]}]}},"df_price":12.23,"df_sale_price":12.23,"df_regular_price":24.46,"df_image_link":"https:\/\/www.csj-emballages.com\/wp-content\/uploads\/2026\/04\/CPP1018ART-300x300.webp","tiered_pricing_type":"fixed","tiered_pricing_fixed_rules":[],"tiered_pricing_percentage_rules":[],"tiered_pricing_minimum":1,"tiered_pricing_roles_data":[],"_links":{"self":[{"href":"https:\/\/www.csj-emballages.com\/de\/wp-json\/wp\/v2\/product\/277175","targetHints":{"allow":["GET"]}}],"collection":[{"href":"https:\/\/www.csj-emballages.com\/de\/wp-json\/wp\/v2\/product"}],"about":[{"href":"https:\/\/www.csj-emballages.com\/de\/wp-json\/wp\/v2\/types\/product"}],"wp:featuredmedia":[{"embeddable":true,"href":"https:\/\/www.csj-emballages.com\/de\/wp-json\/wp\/v2\/media\/277160"}],"wp:attachment":[{"href":"https:\/\/www.csj-emballages.com\/de\/wp-json\/wp\/v2\/media?parent=277175"}],"wp:term":[{"taxonomy":"product_brand","embeddable":true,"href":"https:\/\/www.csj-emballages.com\/de\/wp-json\/wp\/v2\/product_brand?post=277175"},{"taxonomy":"product_cat","embeddable":true,"href":"https:\/\/www.csj-emballages.com\/de\/wp-json\/wp\/v2\/product_cat?post=277175"},{"taxonomy":"product_tag","embeddable":true,"href":"https:\/\/www.csj-emballages.com\/de\/wp-json\/wp\/v2\/product_tag?post=277175"}],"curies":[{"name":"wp","href":"https:\/\/api.w.org\/{rel}","templated":true}]}}