{"id":275453,"date":"2026-03-30T08:18:15","date_gmt":"2026-03-30T06:18:15","guid":{"rendered":"https:\/\/www.csj-emballages.com\/produit\/kaffeebohnen-selecao-68-arabica-32-robusta-in-1-kg\/"},"modified":"2026-03-31T02:10:52","modified_gmt":"2026-03-31T00:10:52","slug":"kaffeebohnen-selecao-68-arabica-32-robusta-in-1-kg","status":"publish","type":"product","link":"https:\/\/www.csj-emballages.com\/de\/produit\/kaffeebohnen-selecao-68-arabica-32-robusta-in-1-kg\/","title":{"rendered":"Kaffeebohnen Sele\u00e7\u00e3o 68% Arabica \/ 32% Robusta in 1 kg"},"content":{"rendered":"<h2>Bohnenkaffee<\/h2>\n<hr>\n<h3>Entdecken Sie unsere Kaffeebohnen Sele\u00e7\u00e3o 68% Arabica \/ 32% Robusta in 1 kg<\/h3>\n<p><!--more--><\/p>\n<p data-start=\"152\" data-end=\"461\">Entdecken Sie die <strong>Kaffeebohnen Sele\u00e7\u00e3o<\/strong>, eine subtil komponierte Mischung f\u00fcr ein reichhaltiges und ausgewogenes Erlebnis bei jeder Tasse. Zusammengesetzt aus <strong>68% Arabica<\/strong> f\u00fcr seine delikaten aromatischen Noten und <strong>32% Robusta<\/strong> f\u00fcr seine Kraft, \u00fcberzeugt dieser Kaffee durch seine beherrschte Intensit\u00e4t und seinen sch\u00f6nen Abgang. <\/p>\n<p data-start=\"463\" data-end=\"700\">Sein Geschmacksprofil offenbart einen harmonischen Kaffee, zugleich rund und leicht kr\u00e4ftig, ideal f\u00fcr Liebhaber ausdrucksstarker Kaffees ohne \u00fcberm\u00e4\u00dfige Bitterkeit. Perfekt, um den Tag mit Energie zu beginnen oder eine gesellige Kaffeepause zu begleiten. <\/p>\n<p data-start=\"702\" data-end=\"845\">Abgepackt im <strong>1-kg-Beutel<\/strong>, eignet er sich sowohl f\u00fcr Profis als auch f\u00fcr Privatpersonen, die Qualit\u00e4t und Best\u00e4ndigkeit im Alltag vereinen m\u00f6chten.<\/p>\n<p data-start=\"702\" data-end=\"845\">\n<p data-start=\"702\" data-end=\"845\"><!--more--><\/p>\n<p><span style=\"color: #ff0000;\"><b>*Kompatibel mit NESCAF\u00c9- &amp; DOLCE-GUSTO-Maschinen.<\/b><\/span><\/p>\n<p>&nbsp;<\/p>\n<p data-start=\"667\" data-end=\"860\"><!--more--><\/p>\n<h4 data-start=\"715\" data-end=\"933\">Vorteile :<\/h4>\n<ul>\n<li data-section-id=\"tdkv14\" data-start=\"888\" data-end=\"978\">Arabica-Dominanz f\u00fcr die Finesse, Robusta f\u00fcr den K\u00f6rper<\/li>\n<li data-section-id=\"tdkv14\" data-start=\"888\" data-end=\"978\"> Angenehme Intensit\u00e4t ohne zu bitter zu sein<\/li>\n<li data-section-id=\"3i85g6\" data-start=\"1050\" data-end=\"1117\"> Ein raffinierter Genuss<\/li>\n<li data-section-id=\"q8yimg\" data-start=\"1118\" data-end=\"1184\">Perfekt f\u00fcr den regelm\u00e4\u00dfigen Gebrauch<\/li>\n<li data-section-id=\"7gyeqq\" data-start=\"1185\" data-end=\"1279\">Ideal f\u00fcr Espresso, Caf\u00e9 Cr\u00e8me oder Kaffeevollautomaten<\/li>\n<li data-section-id=\"1qu97yw\" data-start=\"1280\" data-end=\"1348\">Ein Kaffee, der den meisten gefallen wird<\/li>\n<\/ul>\n<p>&nbsp;<\/p>\n<p data-start=\"715\" data-end=\"933\"><!--more--><\/p>\n<h4 data-start=\"715\" data-end=\"933\">Weitere Informationen :<\/h4>\n<ul>\n<li><strong>Verpackung<\/strong>: Packung mit 1kg<\/li>\n<li><b>Zusammensetzung<\/b>: 68% Arabica \/ 32% Robusta<\/li>\n<\/ul>\n<p>&nbsp;<\/p>\n<p><!--more--><\/p>\n<p>Finden Sie hier alle unsere Kaffeebohnen: <span style=\"color: #d12727;\"><a style=\"color: #d12727;\" href=\"https:\/\/www.csj-emballages.com\/de\/produit\/chavena-kaffeebohnen-65-arabica-35-robusta-im-1-kg\/\">Caf\u00e9 Chavena<\/a><\/span> \/ <span style=\"color: #d12727;\"><a style=\"color: #d12727;\" href=\"https:\/\/www.csj-emballages.com\/de\/produit\/las-vegas-bohnenkaffee-70-arabica-30-robusta-1-kg\/\">Caf\u00e9 Las Vegas<\/a><\/span><\/p>\n<p>&nbsp;<\/p>\n<p><!--more--><\/p>\n<p><a href=\"https:\/\/www.csj-emballages.com\/de\/categorie-produit\/lebensmittel\/bohnenkaffee\/\">Entdecken Sie unser gesamtes Sortiment an Bohnenkaffee<\/a><\/p>\n","protected":false},"excerpt":{"rendered":"<p>Bohnenkaffee Entdecken Sie unsere Kaffeebohnen Sele\u00e7\u00e3o 68% Arabica \/ 32% Robusta in 1 kg<\/p>\n","protected":false},"featured_media":275439,"template":"","meta":{"_acf_changed":false},"product_brand":[],"product_cat":[1144,11602],"product_tag":[],"class_list":{"0":"post-275453","1":"product","2":"type-product","3":"status-publish","4":"has-post-thumbnail","6":"product_cat-lebensmittel","7":"product_cat-bohnenkaffee","9":"first","10":"instock","11":"taxable","12":"shipping-taxable","13":"purchasable","14":"product-type-simple"},"acf":[],"yoast_head":"<!-- This site is optimized with the Yoast SEO Premium plugin v26.6 (Yoast SEO v26.6) - https:\/\/yoast.com\/wordpress\/plugins\/seo\/ -->\n<title>Kaffeebohnen Sele\u00e7\u00e3o 68% Arabica \/ 32% Robusta in 1 kg<\/title>\n<meta name=\"description\" content=\"Kaffeebohnen Sele\u00e7\u00e3o 1 kg - Mischung 68% Arabica \/ 32% Robusta. Ausgewogener, aromatischer und leicht kr\u00e4ftiger Kaffee, ideal f\u00fcr Espresso und den t\u00e4glichen Gebrauch.\" \/>\n<meta name=\"robots\" content=\"index, follow, max-snippet:-1, max-image-preview:large, max-video-preview:-1\" \/>\n<link rel=\"canonical\" href=\"https:\/\/www.csj-emballages.com\/de\/produit\/kaffeebohnen-selecao-68-arabica-32-robusta-in-1-kg\/\" \/>\n<meta property=\"og:locale\" content=\"de_DE\" \/>\n<meta property=\"og:type\" content=\"article\" \/>\n<meta property=\"og:title\" content=\"Kaffeebohnen Sele\u00e7\u00e3o 68% Arabica \/ 32% Robusta in 1 kg\" \/>\n<meta property=\"og:description\" content=\"Kaffeebohnen Sele\u00e7\u00e3o 1 kg - Mischung 68% Arabica \/ 32% Robusta. Ausgewogener, aromatischer und leicht kr\u00e4ftiger Kaffee, ideal f\u00fcr Espresso und den t\u00e4glichen Gebrauch.\" \/>\n<meta property=\"og:url\" content=\"https:\/\/www.csj-emballages.com\/de\/produit\/kaffeebohnen-selecao-68-arabica-32-robusta-in-1-kg\/\" \/>\n<meta property=\"og:site_name\" content=\"CSJ Emballages\" \/>\n<meta property=\"article:publisher\" content=\"https:\/\/www.facebook.com\/csjemballages\" \/>\n<meta property=\"article:modified_time\" content=\"2026-03-31T00:10:52+00:00\" \/>\n<meta property=\"og:image\" content=\"https:\/\/www.csj-emballages.com\/wp-content\/uploads\/2026\/03\/13002.webp\" \/>\n\t<meta property=\"og:image:width\" content=\"799\" \/>\n\t<meta property=\"og:image:height\" content=\"800\" \/>\n\t<meta property=\"og:image:type\" content=\"image\/webp\" \/>\n<meta name=\"twitter:card\" content=\"summary_large_image\" \/>\n<meta name=\"twitter:label1\" content=\"Gesch\u00e4tzte Lesezeit\" \/>\n\t<meta name=\"twitter:data1\" content=\"1\u00a0Minute\" \/>\n<script type=\"application\/ld+json\" class=\"yoast-schema-graph\">{\"@context\":\"https:\/\/schema.org\",\"@graph\":[{\"@type\":\"WebPage\",\"@id\":\"https:\/\/www.csj-emballages.com\/de\/produit\/kaffeebohnen-selecao-68-arabica-32-robusta-in-1-kg\/\",\"url\":\"https:\/\/www.csj-emballages.com\/de\/produit\/kaffeebohnen-selecao-68-arabica-32-robusta-in-1-kg\/\",\"name\":\"Kaffeebohnen Sele\u00e7\u00e3o 68% Arabica \/ 32% Robusta in 1 kg\",\"isPartOf\":{\"@id\":\"https:\/\/www.csj-emballages.com\/de\/#website\"},\"primaryImageOfPage\":{\"@id\":\"https:\/\/www.csj-emballages.com\/de\/produit\/kaffeebohnen-selecao-68-arabica-32-robusta-in-1-kg\/#primaryimage\"},\"image\":{\"@id\":\"https:\/\/www.csj-emballages.com\/de\/produit\/kaffeebohnen-selecao-68-arabica-32-robusta-in-1-kg\/#primaryimage\"},\"thumbnailUrl\":\"https:\/\/www.csj-emballages.com\/wp-content\/uploads\/2026\/03\/13002.webp\",\"datePublished\":\"2026-03-30T06:18:15+00:00\",\"dateModified\":\"2026-03-31T00:10:52+00:00\",\"description\":\"Kaffeebohnen Sele\u00e7\u00e3o 1 kg - Mischung 68% Arabica \/ 32% Robusta. Ausgewogener, aromatischer und leicht kr\u00e4ftiger Kaffee, ideal f\u00fcr Espresso und den t\u00e4glichen Gebrauch.\",\"breadcrumb\":{\"@id\":\"https:\/\/www.csj-emballages.com\/de\/produit\/kaffeebohnen-selecao-68-arabica-32-robusta-in-1-kg\/#breadcrumb\"},\"inLanguage\":\"de\",\"potentialAction\":[{\"@type\":\"ReadAction\",\"target\":[\"https:\/\/www.csj-emballages.com\/de\/produit\/kaffeebohnen-selecao-68-arabica-32-robusta-in-1-kg\/\"]}]},{\"@type\":\"ImageObject\",\"inLanguage\":\"de\",\"@id\":\"https:\/\/www.csj-emballages.com\/de\/produit\/kaffeebohnen-selecao-68-arabica-32-robusta-in-1-kg\/#primaryimage\",\"url\":\"https:\/\/www.csj-emballages.com\/wp-content\/uploads\/2026\/03\/13002.webp\",\"contentUrl\":\"https:\/\/www.csj-emballages.com\/wp-content\/uploads\/2026\/03\/13002.webp\",\"width\":799,\"height\":800,\"caption\":\"Caf\u00e9 en grains\"},{\"@type\":\"BreadcrumbList\",\"@id\":\"https:\/\/www.csj-emballages.com\/de\/produit\/kaffeebohnen-selecao-68-arabica-32-robusta-in-1-kg\/#breadcrumb\",\"itemListElement\":[{\"@type\":\"ListItem\",\"position\":1,\"name\":\"Accueil\",\"item\":\"https:\/\/www.csj-emballages.com\/de\/universum-lebensmittelverpackungen\/\"},{\"@type\":\"ListItem\",\"position\":2,\"name\":\"Shop\",\"item\":\"https:\/\/www.csj-emballages.com\/shop\/\"},{\"@type\":\"ListItem\",\"position\":3,\"name\":\"Kaffeebohnen Sele\u00e7\u00e3o 68% Arabica \/ 32% Robusta in 1 kg\"}]},{\"@type\":\"WebSite\",\"@id\":\"https:\/\/www.csj-emballages.com\/de\/#website\",\"url\":\"https:\/\/www.csj-emballages.com\/de\/\",\"name\":\"CSJ Emballages\",\"description\":\"\",\"publisher\":{\"@id\":\"https:\/\/www.csj-emballages.com\/de\/#organization\"},\"potentialAction\":[{\"@type\":\"SearchAction\",\"target\":{\"@type\":\"EntryPoint\",\"urlTemplate\":\"https:\/\/www.csj-emballages.com\/de\/?s={search_term_string}\"},\"query-input\":{\"@type\":\"PropertyValueSpecification\",\"valueRequired\":true,\"valueName\":\"search_term_string\"}}],\"inLanguage\":\"de\"},{\"@type\":\"Organization\",\"@id\":\"https:\/\/www.csj-emballages.com\/de\/#Organization\/\",\"name\":\"CSJ Emballages\",\"url\":\"https:\/\/www.csj-emballages.com\/de\/\",\"logo\":{\"@type\":\"ImageObject\",\"inLanguage\":\"de\",\"@id\":\"https:\/\/www.csj-emballages.com\/de\/#\/schema\/logo\/image\/\",\"url\":\"https:\/\/www.csj-emballages.com\/wp-content\/uploads\/2023\/10\/logo_csj.webp\",\"contentUrl\":\"https:\/\/www.csj-emballages.com\/wp-content\/uploads\/2023\/10\/logo_csj.webp\",\"width\":250,\"height\":95,\"caption\":\"CSJ Emballages\"},\"image\":{\"@id\":\"https:\/\/www.csj-emballages.com\/de\/#\/schema\/logo\/image\/\"},\"sameAs\":[\"https:\/\/www.facebook.com\/csjemballages\"],\"address\":{\"@type\":\"PostalAddress\",\"streetAddress\":\"ZI La Lechere\",\"addressLocality\":\"Patornay\",\"postalCode\":\"39130\",\"addressCountry\":\"FR\"},\"contactPoint\":[{\"@type\":\"ContactPoint\",\"contactType\":\"Service client\",\"telephone\":\"0384254272\",\"email\":\"contact@csj-emballages.com\"}]}]}<\/script>\n<!-- \/ Yoast SEO Premium plugin. -->","yoast_head_json":{"title":"Kaffeebohnen Sele\u00e7\u00e3o 68% Arabica \/ 32% Robusta in 1 kg","description":"Kaffeebohnen Sele\u00e7\u00e3o 1 kg - Mischung 68% Arabica \/ 32% Robusta. Ausgewogener, aromatischer und leicht kr\u00e4ftiger Kaffee, ideal f\u00fcr Espresso und den t\u00e4glichen Gebrauch.","robots":{"index":"index","follow":"follow","max-snippet":"max-snippet:-1","max-image-preview":"max-image-preview:large","max-video-preview":"max-video-preview:-1"},"canonical":"https:\/\/www.csj-emballages.com\/de\/produit\/kaffeebohnen-selecao-68-arabica-32-robusta-in-1-kg\/","og_locale":"de_DE","og_type":"article","og_title":"Kaffeebohnen Sele\u00e7\u00e3o 68% Arabica \/ 32% Robusta in 1 kg","og_description":"Kaffeebohnen Sele\u00e7\u00e3o 1 kg - Mischung 68% Arabica \/ 32% Robusta. Ausgewogener, aromatischer und leicht kr\u00e4ftiger Kaffee, ideal f\u00fcr Espresso und den t\u00e4glichen Gebrauch.","og_url":"https:\/\/www.csj-emballages.com\/de\/produit\/kaffeebohnen-selecao-68-arabica-32-robusta-in-1-kg\/","og_site_name":"CSJ Emballages","article_publisher":"https:\/\/www.facebook.com\/csjemballages","article_modified_time":"2026-03-31T00:10:52+00:00","og_image":[{"width":799,"height":800,"url":"https:\/\/www.csj-emballages.com\/wp-content\/uploads\/2026\/03\/13002.webp","type":"image\/webp"}],"twitter_card":"summary_large_image","twitter_misc":{"Gesch\u00e4tzte Lesezeit":"1\u00a0Minute"},"schema":{"@context":"https:\/\/schema.org","@graph":[{"@type":"WebPage","@id":"https:\/\/www.csj-emballages.com\/de\/produit\/kaffeebohnen-selecao-68-arabica-32-robusta-in-1-kg\/","url":"https:\/\/www.csj-emballages.com\/de\/produit\/kaffeebohnen-selecao-68-arabica-32-robusta-in-1-kg\/","name":"Kaffeebohnen Sele\u00e7\u00e3o 68% Arabica \/ 32% Robusta in 1 kg","isPartOf":{"@id":"https:\/\/www.csj-emballages.com\/de\/#website"},"primaryImageOfPage":{"@id":"https:\/\/www.csj-emballages.com\/de\/produit\/kaffeebohnen-selecao-68-arabica-32-robusta-in-1-kg\/#primaryimage"},"image":{"@id":"https:\/\/www.csj-emballages.com\/de\/produit\/kaffeebohnen-selecao-68-arabica-32-robusta-in-1-kg\/#primaryimage"},"thumbnailUrl":"https:\/\/www.csj-emballages.com\/wp-content\/uploads\/2026\/03\/13002.webp","datePublished":"2026-03-30T06:18:15+00:00","dateModified":"2026-03-31T00:10:52+00:00","description":"Kaffeebohnen Sele\u00e7\u00e3o 1 kg - Mischung 68% Arabica \/ 32% Robusta. Ausgewogener, aromatischer und leicht kr\u00e4ftiger Kaffee, ideal f\u00fcr Espresso und den t\u00e4glichen Gebrauch.","breadcrumb":{"@id":"https:\/\/www.csj-emballages.com\/de\/produit\/kaffeebohnen-selecao-68-arabica-32-robusta-in-1-kg\/#breadcrumb"},"inLanguage":"de","potentialAction":[{"@type":"ReadAction","target":["https:\/\/www.csj-emballages.com\/de\/produit\/kaffeebohnen-selecao-68-arabica-32-robusta-in-1-kg\/"]}]},{"@type":"ImageObject","inLanguage":"de","@id":"https:\/\/www.csj-emballages.com\/de\/produit\/kaffeebohnen-selecao-68-arabica-32-robusta-in-1-kg\/#primaryimage","url":"https:\/\/www.csj-emballages.com\/wp-content\/uploads\/2026\/03\/13002.webp","contentUrl":"https:\/\/www.csj-emballages.com\/wp-content\/uploads\/2026\/03\/13002.webp","width":799,"height":800,"caption":"Caf\u00e9 en grains"},{"@type":"BreadcrumbList","@id":"https:\/\/www.csj-emballages.com\/de\/produit\/kaffeebohnen-selecao-68-arabica-32-robusta-in-1-kg\/#breadcrumb","itemListElement":[{"@type":"ListItem","position":1,"name":"Accueil","item":"https:\/\/www.csj-emballages.com\/de\/universum-lebensmittelverpackungen\/"},{"@type":"ListItem","position":2,"name":"Shop","item":"https:\/\/www.csj-emballages.com\/shop\/"},{"@type":"ListItem","position":3,"name":"Kaffeebohnen Sele\u00e7\u00e3o 68% Arabica \/ 32% Robusta in 1 kg"}]},{"@type":"WebSite","@id":"https:\/\/www.csj-emballages.com\/de\/#website","url":"https:\/\/www.csj-emballages.com\/de\/","name":"CSJ Emballages","description":"","publisher":{"@id":"https:\/\/www.csj-emballages.com\/de\/#organization"},"potentialAction":[{"@type":"SearchAction","target":{"@type":"EntryPoint","urlTemplate":"https:\/\/www.csj-emballages.com\/de\/?s={search_term_string}"},"query-input":{"@type":"PropertyValueSpecification","valueRequired":true,"valueName":"search_term_string"}}],"inLanguage":"de"},{"@type":"Organization","@id":"https:\/\/www.csj-emballages.com\/de\/#Organization\/","name":"CSJ Emballages","url":"https:\/\/www.csj-emballages.com\/de\/","logo":{"@type":"ImageObject","inLanguage":"de","@id":"https:\/\/www.csj-emballages.com\/de\/#\/schema\/logo\/image\/","url":"https:\/\/www.csj-emballages.com\/wp-content\/uploads\/2023\/10\/logo_csj.webp","contentUrl":"https:\/\/www.csj-emballages.com\/wp-content\/uploads\/2023\/10\/logo_csj.webp","width":250,"height":95,"caption":"CSJ Emballages"},"image":{"@id":"https:\/\/www.csj-emballages.com\/de\/#\/schema\/logo\/image\/"},"sameAs":["https:\/\/www.facebook.com\/csjemballages"],"address":{"@type":"PostalAddress","streetAddress":"ZI La Lechere","addressLocality":"Patornay","postalCode":"39130","addressCountry":"FR"},"contactPoint":[{"@type":"ContactPoint","contactType":"Service client","telephone":"0384254272","email":"contact@csj-emballages.com"}]}]}},"df_price":15.18,"df_sale_price":"","df_regular_price":15.18,"df_image_link":"https:\/\/www.csj-emballages.com\/wp-content\/uploads\/2026\/03\/13002-300x300.webp","tiered_pricing_type":"fixed","tiered_pricing_fixed_rules":[],"tiered_pricing_percentage_rules":[],"tiered_pricing_minimum":1,"tiered_pricing_roles_data":[],"_links":{"self":[{"href":"https:\/\/www.csj-emballages.com\/de\/wp-json\/wp\/v2\/product\/275453","targetHints":{"allow":["GET"]}}],"collection":[{"href":"https:\/\/www.csj-emballages.com\/de\/wp-json\/wp\/v2\/product"}],"about":[{"href":"https:\/\/www.csj-emballages.com\/de\/wp-json\/wp\/v2\/types\/product"}],"wp:featuredmedia":[{"embeddable":true,"href":"https:\/\/www.csj-emballages.com\/de\/wp-json\/wp\/v2\/media\/275439"}],"wp:attachment":[{"href":"https:\/\/www.csj-emballages.com\/de\/wp-json\/wp\/v2\/media?parent=275453"}],"wp:term":[{"taxonomy":"product_brand","embeddable":true,"href":"https:\/\/www.csj-emballages.com\/de\/wp-json\/wp\/v2\/product_brand?post=275453"},{"taxonomy":"product_cat","embeddable":true,"href":"https:\/\/www.csj-emballages.com\/de\/wp-json\/wp\/v2\/product_cat?post=275453"},{"taxonomy":"product_tag","embeddable":true,"href":"https:\/\/www.csj-emballages.com\/de\/wp-json\/wp\/v2\/product_tag?post=275453"}],"curies":[{"name":"wp","href":"https:\/\/api.w.org\/{rel}","templated":true}]}}