{"id":275446,"date":"2026-03-30T08:18:17","date_gmt":"2026-03-30T06:18:17","guid":{"rendered":"https:\/\/www.csj-emballages.com\/produit\/chavena-kaffeebohnen-65-arabica-35-robusta-im-1-kg\/"},"modified":"2026-03-31T02:10:53","modified_gmt":"2026-03-31T00:10:53","slug":"chavena-kaffeebohnen-65-arabica-35-robusta-im-1-kg","status":"publish","type":"product","link":"https:\/\/www.csj-emballages.com\/de\/produit\/chavena-kaffeebohnen-65-arabica-35-robusta-im-1-kg\/","title":{"rendered":"Chavena Kaffeebohnen 65% Arabica \/ 35% Robusta im 1 kg"},"content":{"rendered":"<h2>Bohnenkaffee<\/h2>\n<hr>\n<h3>Entdecken Sie unsere Chavena Kaffeebohnen 65% Arabica \/ 35% Robusta im 1 kg<\/h3>\n<p><!--more--><\/p>\n<p data-start=\"138\" data-end=\"406\">Machen Sie Ihre Kaffeepausen zu einem echten Moment mit Charakter \u2013 mit dem <strong>Chavena Kaffeebohnen<\/strong>. Zun\u00e4chst sorgf\u00e4ltig ausbalanciert mit <strong>65 % Arabica<\/strong> f\u00fcr Finesse und <strong>35 % Robusta<\/strong> f\u00fcr Intensit\u00e4t, wurde diese Mischung entwickelt, um Kaffeeliebhaber zu begeistern, die einen Kaffee suchen, der zugleich reichhaltig und zug\u00e4nglich ist. <\/p>\n<p data-start=\"408\" data-end=\"665\">Schon ab der ersten Tasse entdecken Sie einen Kaffee mit gro\u00dfz\u00fcgigem Aroma, sch\u00f6ner Rundheit am Gaumen und einer fein kontrollierten, leichten Bitterkeit. Sein ausgewogenes Profil macht ihn zum idealen Begleiter \u2013 sowohl f\u00fcr einen kr\u00e4ftigen <strong>Espresso<\/strong> als auch f\u00fcr einen sanften <strong>Caf\u00e9 Cr\u00e8me<\/strong>. <\/p>\n<p data-start=\"667\" data-end=\"860\">Abgepackt im <strong>1-kg-Format<\/strong> ist er perfekt f\u00fcr Profis (Gastronomie, B\u00fcros, Einrichtungen) ebenso wie f\u00fcr anspruchsvolle Privatkunden, die t\u00e4glich Qualit\u00e4tskaffee genie\u00dfen m\u00f6chten.<\/p>\n<p data-start=\"667\" data-end=\"860\">\n<p data-start=\"667\" data-end=\"860\"><!--more--><\/p>\n<p data-start=\"667\" data-end=\"860\"><span style=\"color: #ff0000;\"><b>*Kompatibel mit NESCAF\u00c9- &amp; DOLCE-GUSTO-Maschinen.<\/b><\/span><\/p>\n<p data-start=\"667\" data-end=\"860\">\n<p data-start=\"667\" data-end=\"860\"><!--more--><\/p>\n<h4 data-start=\"715\" data-end=\"933\">Vorteile :<\/h4>\n<ul>\n<li data-section-id=\"2x5tj8\" data-start=\"903\" data-end=\"996\">Ideale Verbindung aus Sanftheit (Arabica) und Intensit\u00e4t (Robusta)<\/li>\n<li data-section-id=\"wfy21q\" data-start=\"997\" data-end=\"1073\">Perfekt f\u00fcr cremige und genussvolle Espressos<\/li>\n<li data-section-id=\"qgwnc2\" data-start=\"1074\" data-end=\"1151\">Ein umfassendes sensorisches Erlebnis<\/li>\n<li data-section-id=\"80djeb\" data-start=\"1152\" data-end=\"1225\">Ideal f\u00fcr regelm\u00e4\u00dfigen Konsum<\/li>\n<li data-section-id=\"16vf4oz\" data-start=\"1226\" data-end=\"1317\">Vollautomaten, Perkolatoren, Kaffeem\u00fchlen<\/li>\n<li data-section-id=\"1urw6td\" data-start=\"1318\" data-end=\"1386\">Sowohl f\u00fcr kurzen als auch f\u00fcr langen Kaffee geeignet<\/li>\n<\/ul>\n<p>&nbsp;<\/p>\n<p data-start=\"715\" data-end=\"933\"><!--more--><\/p>\n<h4 data-start=\"715\" data-end=\"933\">Weitere Informationen :<\/h4>\n<ul>\n<li><strong>Verpackung<\/strong>: Packung mit 1kg<\/li>\n<li><b>Zusammensetzung<\/b>: 65% Arabica \/ 35% Robusta<\/li>\n<\/ul>\n<p>&nbsp;<\/p>\n<p><!--more--><\/p>\n<p>Entdecken Sie hier alle unsere Kaffeebohnen: <span style=\"color: #d12727;\"><a style=\"color: #d12727;\" href=\"https:\/\/www.csj-emballages.com\/es\/produit\/cafe-en-grano-selecao-68-arabica-32-robusta-en-1-kg\/\">Caf\u00e9 Sele\u00e7\u00e3o<\/a><\/span> \/ <span style=\"color: #d12727;\"><a style=\"color: #d12727;\" href=\"https:\/\/www.csj-emballages.com\/es\/produit\/cafe-en-grano-las-vegas-70-arabica-30-robusta-en-1-kg\/\">Caf\u00e9 Las Vegas<\/a><\/span><\/p>\n<p>&nbsp;<\/p>\n<p><!--more--><\/p>\n<p><a href=\"https:\/\/www.csj-emballages.com\/de\/categorie-produit\/lebensmittel\/bohnenkaffee\/\">Entdecken Sie unser gesamtes Sortiment an Bohnenkaffee<\/a><\/p>\n","protected":false},"excerpt":{"rendered":"<p>Bohnenkaffee Entdecken Sie unsere Chavena Kaffeebohnen 65% Arabica \/ 35% Robusta im 1 kg<\/p>\n","protected":false},"featured_media":275429,"template":"","meta":{"_acf_changed":false},"product_brand":[],"product_cat":[1144,11602],"product_tag":[],"class_list":{"0":"post-275446","1":"product","2":"type-product","3":"status-publish","4":"has-post-thumbnail","6":"product_cat-lebensmittel","7":"product_cat-bohnenkaffee","9":"first","10":"instock","11":"taxable","12":"shipping-taxable","13":"purchasable","14":"product-type-simple"},"acf":[],"yoast_head":"<!-- This site is optimized with the Yoast SEO Premium plugin v26.6 (Yoast SEO v26.6) - https:\/\/yoast.com\/wordpress\/plugins\/seo\/ -->\n<title>Chavena Kaffeebohnen 65% Arabica \/ 35% Robusta im 1 kg<\/title>\n<meta name=\"description\" content=\"Chavena Kaffeebohnen 1 kg \u2013 Ausgewogene Mischung 65% Arabica \/ 35% Robusta. Ideal f\u00fcr reichhaltigen Espresso, intensive Aromen und gro\u00dfz\u00fcgige Crema. Profi-Qualit\u00e4t.\" \/>\n<meta name=\"robots\" content=\"index, follow, max-snippet:-1, max-image-preview:large, max-video-preview:-1\" \/>\n<link rel=\"canonical\" href=\"https:\/\/www.csj-emballages.com\/de\/produit\/chavena-kaffeebohnen-65-arabica-35-robusta-im-1-kg\/\" \/>\n<meta property=\"og:locale\" content=\"de_DE\" \/>\n<meta property=\"og:type\" content=\"article\" \/>\n<meta property=\"og:title\" content=\"Chavena Kaffeebohnen 65% Arabica \/ 35% Robusta im 1 kg\" \/>\n<meta property=\"og:description\" content=\"Chavena Kaffeebohnen 1 kg \u2013 Ausgewogene Mischung 65% Arabica \/ 35% Robusta. Ideal f\u00fcr reichhaltigen Espresso, intensive Aromen und gro\u00dfz\u00fcgige Crema. Profi-Qualit\u00e4t.\" \/>\n<meta property=\"og:url\" content=\"https:\/\/www.csj-emballages.com\/de\/produit\/chavena-kaffeebohnen-65-arabica-35-robusta-im-1-kg\/\" \/>\n<meta property=\"og:site_name\" content=\"CSJ Emballages\" \/>\n<meta property=\"article:publisher\" content=\"https:\/\/www.facebook.com\/csjemballages\" \/>\n<meta property=\"article:modified_time\" content=\"2026-03-31T00:10:53+00:00\" \/>\n<meta property=\"og:image\" content=\"https:\/\/www.csj-emballages.com\/wp-content\/uploads\/2026\/03\/13003.webp\" \/>\n\t<meta property=\"og:image:width\" content=\"800\" \/>\n\t<meta property=\"og:image:height\" content=\"800\" \/>\n\t<meta property=\"og:image:type\" content=\"image\/webp\" \/>\n<meta name=\"twitter:card\" content=\"summary_large_image\" \/>\n<meta name=\"twitter:label1\" content=\"Gesch\u00e4tzte Lesezeit\" \/>\n\t<meta name=\"twitter:data1\" content=\"1\u00a0Minute\" \/>\n<script type=\"application\/ld+json\" class=\"yoast-schema-graph\">{\"@context\":\"https:\/\/schema.org\",\"@graph\":[{\"@type\":\"WebPage\",\"@id\":\"https:\/\/www.csj-emballages.com\/de\/produit\/chavena-kaffeebohnen-65-arabica-35-robusta-im-1-kg\/\",\"url\":\"https:\/\/www.csj-emballages.com\/de\/produit\/chavena-kaffeebohnen-65-arabica-35-robusta-im-1-kg\/\",\"name\":\"Chavena Kaffeebohnen 65% Arabica \/ 35% Robusta im 1 kg\",\"isPartOf\":{\"@id\":\"https:\/\/www.csj-emballages.com\/de\/#website\"},\"primaryImageOfPage\":{\"@id\":\"https:\/\/www.csj-emballages.com\/de\/produit\/chavena-kaffeebohnen-65-arabica-35-robusta-im-1-kg\/#primaryimage\"},\"image\":{\"@id\":\"https:\/\/www.csj-emballages.com\/de\/produit\/chavena-kaffeebohnen-65-arabica-35-robusta-im-1-kg\/#primaryimage\"},\"thumbnailUrl\":\"https:\/\/www.csj-emballages.com\/wp-content\/uploads\/2026\/03\/13003.webp\",\"datePublished\":\"2026-03-30T06:18:17+00:00\",\"dateModified\":\"2026-03-31T00:10:53+00:00\",\"description\":\"Chavena Kaffeebohnen 1 kg \u2013 Ausgewogene Mischung 65% Arabica \/ 35% Robusta. Ideal f\u00fcr reichhaltigen Espresso, intensive Aromen und gro\u00dfz\u00fcgige Crema. Profi-Qualit\u00e4t.\",\"breadcrumb\":{\"@id\":\"https:\/\/www.csj-emballages.com\/de\/produit\/chavena-kaffeebohnen-65-arabica-35-robusta-im-1-kg\/#breadcrumb\"},\"inLanguage\":\"de\",\"potentialAction\":[{\"@type\":\"ReadAction\",\"target\":[\"https:\/\/www.csj-emballages.com\/de\/produit\/chavena-kaffeebohnen-65-arabica-35-robusta-im-1-kg\/\"]}]},{\"@type\":\"ImageObject\",\"inLanguage\":\"de\",\"@id\":\"https:\/\/www.csj-emballages.com\/de\/produit\/chavena-kaffeebohnen-65-arabica-35-robusta-im-1-kg\/#primaryimage\",\"url\":\"https:\/\/www.csj-emballages.com\/wp-content\/uploads\/2026\/03\/13003.webp\",\"contentUrl\":\"https:\/\/www.csj-emballages.com\/wp-content\/uploads\/2026\/03\/13003.webp\",\"width\":800,\"height\":800,\"caption\":\"Caf\u00e9 en grains\"},{\"@type\":\"BreadcrumbList\",\"@id\":\"https:\/\/www.csj-emballages.com\/de\/produit\/chavena-kaffeebohnen-65-arabica-35-robusta-im-1-kg\/#breadcrumb\",\"itemListElement\":[{\"@type\":\"ListItem\",\"position\":1,\"name\":\"Accueil\",\"item\":\"https:\/\/www.csj-emballages.com\/de\/universum-lebensmittelverpackungen\/\"},{\"@type\":\"ListItem\",\"position\":2,\"name\":\"Shop\",\"item\":\"https:\/\/www.csj-emballages.com\/shop\/\"},{\"@type\":\"ListItem\",\"position\":3,\"name\":\"Chavena Kaffeebohnen 65% Arabica \/ 35% Robusta im 1 kg\"}]},{\"@type\":\"WebSite\",\"@id\":\"https:\/\/www.csj-emballages.com\/de\/#website\",\"url\":\"https:\/\/www.csj-emballages.com\/de\/\",\"name\":\"CSJ Emballages\",\"description\":\"\",\"publisher\":{\"@id\":\"https:\/\/www.csj-emballages.com\/de\/#organization\"},\"potentialAction\":[{\"@type\":\"SearchAction\",\"target\":{\"@type\":\"EntryPoint\",\"urlTemplate\":\"https:\/\/www.csj-emballages.com\/de\/?s={search_term_string}\"},\"query-input\":{\"@type\":\"PropertyValueSpecification\",\"valueRequired\":true,\"valueName\":\"search_term_string\"}}],\"inLanguage\":\"de\"},{\"@type\":\"Organization\",\"@id\":\"https:\/\/www.csj-emballages.com\/de\/#Organization\/\",\"name\":\"CSJ Emballages\",\"url\":\"https:\/\/www.csj-emballages.com\/de\/\",\"logo\":{\"@type\":\"ImageObject\",\"inLanguage\":\"de\",\"@id\":\"https:\/\/www.csj-emballages.com\/de\/#\/schema\/logo\/image\/\",\"url\":\"https:\/\/www.csj-emballages.com\/wp-content\/uploads\/2023\/10\/logo_csj.webp\",\"contentUrl\":\"https:\/\/www.csj-emballages.com\/wp-content\/uploads\/2023\/10\/logo_csj.webp\",\"width\":250,\"height\":95,\"caption\":\"CSJ Emballages\"},\"image\":{\"@id\":\"https:\/\/www.csj-emballages.com\/de\/#\/schema\/logo\/image\/\"},\"sameAs\":[\"https:\/\/www.facebook.com\/csjemballages\"],\"address\":{\"@type\":\"PostalAddress\",\"streetAddress\":\"ZI La Lechere\",\"addressLocality\":\"Patornay\",\"postalCode\":\"39130\",\"addressCountry\":\"FR\"},\"contactPoint\":[{\"@type\":\"ContactPoint\",\"contactType\":\"Service client\",\"telephone\":\"0384254272\",\"email\":\"contact@csj-emballages.com\"}]}]}<\/script>\n<!-- \/ Yoast SEO Premium plugin. -->","yoast_head_json":{"title":"Chavena Kaffeebohnen 65% Arabica \/ 35% Robusta im 1 kg","description":"Chavena Kaffeebohnen 1 kg \u2013 Ausgewogene Mischung 65% Arabica \/ 35% Robusta. Ideal f\u00fcr reichhaltigen Espresso, intensive Aromen und gro\u00dfz\u00fcgige Crema. Profi-Qualit\u00e4t.","robots":{"index":"index","follow":"follow","max-snippet":"max-snippet:-1","max-image-preview":"max-image-preview:large","max-video-preview":"max-video-preview:-1"},"canonical":"https:\/\/www.csj-emballages.com\/de\/produit\/chavena-kaffeebohnen-65-arabica-35-robusta-im-1-kg\/","og_locale":"de_DE","og_type":"article","og_title":"Chavena Kaffeebohnen 65% Arabica \/ 35% Robusta im 1 kg","og_description":"Chavena Kaffeebohnen 1 kg \u2013 Ausgewogene Mischung 65% Arabica \/ 35% Robusta. Ideal f\u00fcr reichhaltigen Espresso, intensive Aromen und gro\u00dfz\u00fcgige Crema. Profi-Qualit\u00e4t.","og_url":"https:\/\/www.csj-emballages.com\/de\/produit\/chavena-kaffeebohnen-65-arabica-35-robusta-im-1-kg\/","og_site_name":"CSJ Emballages","article_publisher":"https:\/\/www.facebook.com\/csjemballages","article_modified_time":"2026-03-31T00:10:53+00:00","og_image":[{"width":800,"height":800,"url":"https:\/\/www.csj-emballages.com\/wp-content\/uploads\/2026\/03\/13003.webp","type":"image\/webp"}],"twitter_card":"summary_large_image","twitter_misc":{"Gesch\u00e4tzte Lesezeit":"1\u00a0Minute"},"schema":{"@context":"https:\/\/schema.org","@graph":[{"@type":"WebPage","@id":"https:\/\/www.csj-emballages.com\/de\/produit\/chavena-kaffeebohnen-65-arabica-35-robusta-im-1-kg\/","url":"https:\/\/www.csj-emballages.com\/de\/produit\/chavena-kaffeebohnen-65-arabica-35-robusta-im-1-kg\/","name":"Chavena Kaffeebohnen 65% Arabica \/ 35% Robusta im 1 kg","isPartOf":{"@id":"https:\/\/www.csj-emballages.com\/de\/#website"},"primaryImageOfPage":{"@id":"https:\/\/www.csj-emballages.com\/de\/produit\/chavena-kaffeebohnen-65-arabica-35-robusta-im-1-kg\/#primaryimage"},"image":{"@id":"https:\/\/www.csj-emballages.com\/de\/produit\/chavena-kaffeebohnen-65-arabica-35-robusta-im-1-kg\/#primaryimage"},"thumbnailUrl":"https:\/\/www.csj-emballages.com\/wp-content\/uploads\/2026\/03\/13003.webp","datePublished":"2026-03-30T06:18:17+00:00","dateModified":"2026-03-31T00:10:53+00:00","description":"Chavena Kaffeebohnen 1 kg \u2013 Ausgewogene Mischung 65% Arabica \/ 35% Robusta. Ideal f\u00fcr reichhaltigen Espresso, intensive Aromen und gro\u00dfz\u00fcgige Crema. Profi-Qualit\u00e4t.","breadcrumb":{"@id":"https:\/\/www.csj-emballages.com\/de\/produit\/chavena-kaffeebohnen-65-arabica-35-robusta-im-1-kg\/#breadcrumb"},"inLanguage":"de","potentialAction":[{"@type":"ReadAction","target":["https:\/\/www.csj-emballages.com\/de\/produit\/chavena-kaffeebohnen-65-arabica-35-robusta-im-1-kg\/"]}]},{"@type":"ImageObject","inLanguage":"de","@id":"https:\/\/www.csj-emballages.com\/de\/produit\/chavena-kaffeebohnen-65-arabica-35-robusta-im-1-kg\/#primaryimage","url":"https:\/\/www.csj-emballages.com\/wp-content\/uploads\/2026\/03\/13003.webp","contentUrl":"https:\/\/www.csj-emballages.com\/wp-content\/uploads\/2026\/03\/13003.webp","width":800,"height":800,"caption":"Caf\u00e9 en grains"},{"@type":"BreadcrumbList","@id":"https:\/\/www.csj-emballages.com\/de\/produit\/chavena-kaffeebohnen-65-arabica-35-robusta-im-1-kg\/#breadcrumb","itemListElement":[{"@type":"ListItem","position":1,"name":"Accueil","item":"https:\/\/www.csj-emballages.com\/de\/universum-lebensmittelverpackungen\/"},{"@type":"ListItem","position":2,"name":"Shop","item":"https:\/\/www.csj-emballages.com\/shop\/"},{"@type":"ListItem","position":3,"name":"Chavena Kaffeebohnen 65% Arabica \/ 35% Robusta im 1 kg"}]},{"@type":"WebSite","@id":"https:\/\/www.csj-emballages.com\/de\/#website","url":"https:\/\/www.csj-emballages.com\/de\/","name":"CSJ Emballages","description":"","publisher":{"@id":"https:\/\/www.csj-emballages.com\/de\/#organization"},"potentialAction":[{"@type":"SearchAction","target":{"@type":"EntryPoint","urlTemplate":"https:\/\/www.csj-emballages.com\/de\/?s={search_term_string}"},"query-input":{"@type":"PropertyValueSpecification","valueRequired":true,"valueName":"search_term_string"}}],"inLanguage":"de"},{"@type":"Organization","@id":"https:\/\/www.csj-emballages.com\/de\/#Organization\/","name":"CSJ Emballages","url":"https:\/\/www.csj-emballages.com\/de\/","logo":{"@type":"ImageObject","inLanguage":"de","@id":"https:\/\/www.csj-emballages.com\/de\/#\/schema\/logo\/image\/","url":"https:\/\/www.csj-emballages.com\/wp-content\/uploads\/2023\/10\/logo_csj.webp","contentUrl":"https:\/\/www.csj-emballages.com\/wp-content\/uploads\/2023\/10\/logo_csj.webp","width":250,"height":95,"caption":"CSJ Emballages"},"image":{"@id":"https:\/\/www.csj-emballages.com\/de\/#\/schema\/logo\/image\/"},"sameAs":["https:\/\/www.facebook.com\/csjemballages"],"address":{"@type":"PostalAddress","streetAddress":"ZI La Lechere","addressLocality":"Patornay","postalCode":"39130","addressCountry":"FR"},"contactPoint":[{"@type":"ContactPoint","contactType":"Service client","telephone":"0384254272","email":"contact@csj-emballages.com"}]}]}},"df_price":13.37,"df_sale_price":"","df_regular_price":13.37,"df_image_link":"https:\/\/www.csj-emballages.com\/wp-content\/uploads\/2026\/03\/13003-300x300.webp","tiered_pricing_type":"fixed","tiered_pricing_fixed_rules":[],"tiered_pricing_percentage_rules":[],"tiered_pricing_minimum":1,"tiered_pricing_roles_data":[],"_links":{"self":[{"href":"https:\/\/www.csj-emballages.com\/de\/wp-json\/wp\/v2\/product\/275446","targetHints":{"allow":["GET"]}}],"collection":[{"href":"https:\/\/www.csj-emballages.com\/de\/wp-json\/wp\/v2\/product"}],"about":[{"href":"https:\/\/www.csj-emballages.com\/de\/wp-json\/wp\/v2\/types\/product"}],"wp:featuredmedia":[{"embeddable":true,"href":"https:\/\/www.csj-emballages.com\/de\/wp-json\/wp\/v2\/media\/275429"}],"wp:attachment":[{"href":"https:\/\/www.csj-emballages.com\/de\/wp-json\/wp\/v2\/media?parent=275446"}],"wp:term":[{"taxonomy":"product_brand","embeddable":true,"href":"https:\/\/www.csj-emballages.com\/de\/wp-json\/wp\/v2\/product_brand?post=275446"},{"taxonomy":"product_cat","embeddable":true,"href":"https:\/\/www.csj-emballages.com\/de\/wp-json\/wp\/v2\/product_cat?post=275446"},{"taxonomy":"product_tag","embeddable":true,"href":"https:\/\/www.csj-emballages.com\/de\/wp-json\/wp\/v2\/product_tag?post=275446"}],"curies":[{"name":"wp","href":"https:\/\/api.w.org\/{rel}","templated":true}]}}