{"id":275165,"date":"2026-03-13T16:18:19","date_gmt":"2026-03-13T15:18:19","guid":{"rendered":"https:\/\/www.csj-emballages.com\/produit\/pommes-frites-tuete-aus-karton-gross-95-x-145-x-18-cm-200-stueck\/"},"modified":"2026-04-15T02:15:14","modified_gmt":"2026-04-15T00:15:14","slug":"pommes-frites-tuete-aus-karton-gross-95-x-145-x-18-cm-200-stueck","status":"publish","type":"product","link":"https:\/\/www.csj-emballages.com\/de\/produit\/pommes-frites-tuete-aus-karton-gross-95-x-145-x-18-cm-200-stueck\/","title":{"rendered":"Pommes-Frites-T\u00fcte aus Karton, gro\u00df, 9,5 x 14,5 x 18 cm, 200 St\u00fcck"},"content":{"rendered":"<h2 class=\"p1\">Pommes frites-Tasche<\/h2>\n<hr>\n<h3>Entdecken Sie unsere Pommes-Frites-T\u00fcte aus Karton, gro\u00df, 9,5 x 14,5 x 18 cm, 200 St\u00fcck<\/h3>\n<p><!--more--><\/p>\n<p data-start=\"151\" data-end=\"400\">Servieren Sie Ihre Pommes stilvoll und praktisch mit dieser <strong data-start=\"207\" data-end=\"242\">gro\u00dfen Pommes-T\u00fcte aus Karton<\/strong>. Konzipiert f\u00fcr Gastronomie-Profis, erm\u00f6glicht sie gro\u00dfz\u00fcgige Portionen bei gleichzeitig einfacher Handhabung f\u00fcr Ihre Kunden. <\/p>\n<p data-start=\"402\" data-end=\"626\">Ihr <strong data-start=\"406\" data-end=\"435\">Format 9,5 x 14,5 x 18 cm<\/strong> ist ideal f\u00fcr <strong>gro\u00dfe Portionen Pommes<\/strong>, Snacks oder Beilagen. Die ausgestellte Form erm\u00f6glicht einen schnellen Zugriff auf das Produkt \u2013 perfekt f\u00fcr den Au\u00dfer-Haus-Verkauf oder den Verzehr unterwegs. <\/p>\n<p data-start=\"628\" data-end=\"866\">Mit ihrem <strong data-start=\"637\" data-end=\"664\">modernen und schlichten Design<\/strong> verleiht diese T\u00fcte Ihrer Pr\u00e4sentation eine dynamische Note und setzt Ihre Produkte gekonnt in Szene. Sie passt perfekt in jedes Umfeld: Foodtrucks, Imbisse, Fast Food oder Events. <\/p>\n<p data-start=\"868\" data-end=\"1060\">Aus <strong>Karton<\/strong> gefertigt, bietet sie gute Stabilit\u00e4t, ist hitzebest\u00e4ndig und bleibt angenehm in der Handhabung. Ein unverzichtbarer Alltagshelfer f\u00fcr einen schnellen und effizienten Service. <\/p>\n<p data-start=\"868\" data-end=\"1060\">\n<p data-start=\"1319\" data-end=\"1651\"><!--more--><\/p>\n<h4 data-start=\"1319\" data-end=\"1651\">Vorteile :<\/h4>\n<ul>\n<li data-section-id=\"vx4gij\" data-start=\"1099\" data-end=\"1161\"><strong data-start=\"1104\" data-end=\"1120\">Gro\u00dfes Format<\/strong>: perfekt f\u00fcr gro\u00dfz\u00fcgige Portionen<\/li>\n<li data-section-id=\"kv2og5\" data-start=\"1162\" data-end=\"1231\">Praktische ausgestellte Form f\u00fcr den Kunden<\/li>\n<li data-section-id=\"x0lixb\" data-start=\"1232\" data-end=\"1304\">Geeignet f\u00fcr Pommes und hei\u00dfe Produkte<\/li>\n<li data-section-id=\"x0lixb\" data-start=\"1232\" data-end=\"1304\">Ideal f\u00fcr den professionellen Einsatz<\/li>\n<li data-section-id=\"x0lixb\" data-start=\"1232\" data-end=\"1304\">Wertet Ihre Produkte und Ihr Image auf<\/li>\n<li data-section-id=\"x0lixb\" data-start=\"1232\" data-end=\"1304\">Erleichtert den Au\u00dfer-Haus-Verkauf<\/li>\n<\/ul>\n<p>&nbsp;<\/p>\n<p><!--more--><\/p>\n<h4>Weitere Informationen :<\/h4>\n<ul>\n<li><strong>Verpackungseinheit<\/strong>: 200 St\u00fcck<\/li>\n<li><b>Ma\u00dfe ungefaltet<\/b>: 120 x 60 x 160 (L x B x H in mm)<\/li>\n<li><strong>Farbe<\/strong>: Wei\u00df<\/li>\n<li><strong>Material<\/strong>: Karton<\/li>\n<\/ul>\n<p>&nbsp;<\/p>\n<p><!--more--><\/p>\n<p><a href=\"https:\/\/www.csj-emballages.com\/de\/categorie-produit\/lebensmittelverpackungen\/lagerbestande-promotion\/\">Sehen Sie sich den Rest unserer Produkte im Angebot an.<\/a><\/p>\n","protected":false},"excerpt":{"rendered":"<p>Pommes frites-Tasche Entdecken Sie unsere Pommes-Frites-T\u00fcte aus Karton, gro\u00df, 9,5 x 14,5 x 18 cm, 200 St\u00fcck<\/p>\n","protected":false},"featured_media":275157,"template":"","meta":{"_acf_changed":false},"product_brand":[],"product_cat":[1137,1134,3974,3085,1265],"product_tag":[],"class_list":{"0":"post-275165","1":"product","2":"type-product","3":"status-publish","4":"has-post-thumbnail","6":"product_cat-lebensmittelverpackungen","7":"product_cat-restauration-de","8":"product_cat-dosen-schalen-beutel-konen","9":"product_cat-frittierte-taschen-pfannkuchen-tacos-wraps","10":"product_cat-lagerbestande-promotion","12":"first","13":"instock","14":"sale","15":"taxable","16":"shipping-taxable","17":"purchasable","18":"product-type-simple"},"acf":[],"yoast_head":"<!-- This site is optimized with the Yoast SEO Premium plugin v26.6 (Yoast SEO v26.6) - https:\/\/yoast.com\/wordpress\/plugins\/seo\/ -->\n<title>Pommes-Frites-T\u00fcte aus Karton, gro\u00df, 9,5 x 14,5 x 18 cm, 200 St\u00fcck<\/title>\n<meta name=\"description\" content=\"Pommes-Frites-T\u00fcte aus Karton, gro\u00df, 9,5 x 14,5 x 18 cm, 200 St\u00fcck: ideal f\u00fcr gro\u00dfe Portionen, hitzebest\u00e4ndig, perfekt f\u00fcr Fast Food.\" \/>\n<meta name=\"robots\" content=\"index, follow, max-snippet:-1, max-image-preview:large, max-video-preview:-1\" \/>\n<link rel=\"canonical\" href=\"https:\/\/www.csj-emballages.com\/de\/produit\/pommes-frites-tuete-aus-karton-gross-95-x-145-x-18-cm-200-stueck\/\" \/>\n<meta property=\"og:locale\" content=\"de_DE\" \/>\n<meta property=\"og:type\" content=\"article\" \/>\n<meta property=\"og:title\" content=\"Pommes-Frites-T\u00fcte aus Karton, gro\u00df, 9,5 x 14,5 x 18 cm, 200 St\u00fcck\" \/>\n<meta property=\"og:description\" content=\"Pommes-Frites-T\u00fcte aus Karton, gro\u00df, 9,5 x 14,5 x 18 cm, 200 St\u00fcck: ideal f\u00fcr gro\u00dfe Portionen, hitzebest\u00e4ndig, perfekt f\u00fcr Fast Food.\" \/>\n<meta property=\"og:url\" content=\"https:\/\/www.csj-emballages.com\/de\/produit\/pommes-frites-tuete-aus-karton-gross-95-x-145-x-18-cm-200-stueck\/\" \/>\n<meta property=\"og:site_name\" content=\"CSJ Emballages\" \/>\n<meta property=\"article:publisher\" content=\"https:\/\/www.facebook.com\/csjemballages\" \/>\n<meta property=\"article:modified_time\" content=\"2026-04-15T00:15:14+00:00\" \/>\n<meta property=\"og:image\" content=\"https:\/\/www.csj-emballages.com\/wp-content\/uploads\/2026\/03\/PF3DEST.webp\" \/>\n\t<meta property=\"og:image:width\" content=\"800\" \/>\n\t<meta property=\"og:image:height\" content=\"799\" \/>\n\t<meta property=\"og:image:type\" content=\"image\/webp\" \/>\n<meta name=\"twitter:card\" content=\"summary_large_image\" \/>\n<meta name=\"twitter:label1\" content=\"Gesch\u00e4tzte Lesezeit\" \/>\n\t<meta name=\"twitter:data1\" content=\"1\u00a0Minute\" \/>\n<script type=\"application\/ld+json\" class=\"yoast-schema-graph\">{\"@context\":\"https:\/\/schema.org\",\"@graph\":[{\"@type\":\"WebPage\",\"@id\":\"https:\/\/www.csj-emballages.com\/de\/produit\/pommes-frites-tuete-aus-karton-gross-95-x-145-x-18-cm-200-stueck\/\",\"url\":\"https:\/\/www.csj-emballages.com\/de\/produit\/pommes-frites-tuete-aus-karton-gross-95-x-145-x-18-cm-200-stueck\/\",\"name\":\"Pommes-Frites-T\u00fcte aus Karton, gro\u00df, 9,5 x 14,5 x 18 cm, 200 St\u00fcck\",\"isPartOf\":{\"@id\":\"https:\/\/www.csj-emballages.com\/de\/#website\"},\"primaryImageOfPage\":{\"@id\":\"https:\/\/www.csj-emballages.com\/de\/produit\/pommes-frites-tuete-aus-karton-gross-95-x-145-x-18-cm-200-stueck\/#primaryimage\"},\"image\":{\"@id\":\"https:\/\/www.csj-emballages.com\/de\/produit\/pommes-frites-tuete-aus-karton-gross-95-x-145-x-18-cm-200-stueck\/#primaryimage\"},\"thumbnailUrl\":\"https:\/\/www.csj-emballages.com\/wp-content\/uploads\/2026\/03\/PF3DEST.webp\",\"datePublished\":\"2026-03-13T15:18:19+00:00\",\"dateModified\":\"2026-04-15T00:15:14+00:00\",\"description\":\"Pommes-Frites-T\u00fcte aus Karton, gro\u00df, 9,5 x 14,5 x 18 cm, 200 St\u00fcck: ideal f\u00fcr gro\u00dfe Portionen, hitzebest\u00e4ndig, perfekt f\u00fcr Fast Food.\",\"breadcrumb\":{\"@id\":\"https:\/\/www.csj-emballages.com\/de\/produit\/pommes-frites-tuete-aus-karton-gross-95-x-145-x-18-cm-200-stueck\/#breadcrumb\"},\"inLanguage\":\"de\",\"potentialAction\":[{\"@type\":\"ReadAction\",\"target\":[\"https:\/\/www.csj-emballages.com\/de\/produit\/pommes-frites-tuete-aus-karton-gross-95-x-145-x-18-cm-200-stueck\/\"]}]},{\"@type\":\"ImageObject\",\"inLanguage\":\"de\",\"@id\":\"https:\/\/www.csj-emballages.com\/de\/produit\/pommes-frites-tuete-aus-karton-gross-95-x-145-x-18-cm-200-stueck\/#primaryimage\",\"url\":\"https:\/\/www.csj-emballages.com\/wp-content\/uploads\/2026\/03\/PF3DEST.webp\",\"contentUrl\":\"https:\/\/www.csj-emballages.com\/wp-content\/uploads\/2026\/03\/PF3DEST.webp\",\"width\":800,\"height\":799,\"caption\":\"Pochette frites\"},{\"@type\":\"BreadcrumbList\",\"@id\":\"https:\/\/www.csj-emballages.com\/de\/produit\/pommes-frites-tuete-aus-karton-gross-95-x-145-x-18-cm-200-stueck\/#breadcrumb\",\"itemListElement\":[{\"@type\":\"ListItem\",\"position\":1,\"name\":\"Accueil\",\"item\":\"https:\/\/www.csj-emballages.com\/de\/universum-lebensmittelverpackungen\/\"},{\"@type\":\"ListItem\",\"position\":2,\"name\":\"Shop\",\"item\":\"https:\/\/www.csj-emballages.com\/shop\/\"},{\"@type\":\"ListItem\",\"position\":3,\"name\":\"Pommes-Frites-T\u00fcte aus Karton, gro\u00df, 9,5 x 14,5 x 18 cm, 200 St\u00fcck\"}]},{\"@type\":\"WebSite\",\"@id\":\"https:\/\/www.csj-emballages.com\/de\/#website\",\"url\":\"https:\/\/www.csj-emballages.com\/de\/\",\"name\":\"CSJ Emballages\",\"description\":\"\",\"publisher\":{\"@id\":\"https:\/\/www.csj-emballages.com\/de\/#organization\"},\"potentialAction\":[{\"@type\":\"SearchAction\",\"target\":{\"@type\":\"EntryPoint\",\"urlTemplate\":\"https:\/\/www.csj-emballages.com\/de\/?s={search_term_string}\"},\"query-input\":{\"@type\":\"PropertyValueSpecification\",\"valueRequired\":true,\"valueName\":\"search_term_string\"}}],\"inLanguage\":\"de\"},{\"@type\":\"Organization\",\"@id\":\"https:\/\/www.csj-emballages.com\/de\/#Organization\/\",\"name\":\"CSJ Emballages\",\"url\":\"https:\/\/www.csj-emballages.com\/de\/\",\"logo\":{\"@type\":\"ImageObject\",\"inLanguage\":\"de\",\"@id\":\"https:\/\/www.csj-emballages.com\/de\/#\/schema\/logo\/image\/\",\"url\":\"https:\/\/www.csj-emballages.com\/wp-content\/uploads\/2023\/10\/logo_csj.webp\",\"contentUrl\":\"https:\/\/www.csj-emballages.com\/wp-content\/uploads\/2023\/10\/logo_csj.webp\",\"width\":250,\"height\":95,\"caption\":\"CSJ Emballages\"},\"image\":{\"@id\":\"https:\/\/www.csj-emballages.com\/de\/#\/schema\/logo\/image\/\"},\"sameAs\":[\"https:\/\/www.facebook.com\/csjemballages\"],\"address\":{\"@type\":\"PostalAddress\",\"streetAddress\":\"ZI La Lechere\",\"addressLocality\":\"Patornay\",\"postalCode\":\"39130\",\"addressCountry\":\"FR\"},\"contactPoint\":[{\"@type\":\"ContactPoint\",\"contactType\":\"Service client\",\"telephone\":\"0384254272\",\"email\":\"contact@csj-emballages.com\"}]}]}<\/script>\n<!-- \/ Yoast SEO Premium plugin. -->","yoast_head_json":{"title":"Pommes-Frites-T\u00fcte aus Karton, gro\u00df, 9,5 x 14,5 x 18 cm, 200 St\u00fcck","description":"Pommes-Frites-T\u00fcte aus Karton, gro\u00df, 9,5 x 14,5 x 18 cm, 200 St\u00fcck: ideal f\u00fcr gro\u00dfe Portionen, hitzebest\u00e4ndig, perfekt f\u00fcr Fast Food.","robots":{"index":"index","follow":"follow","max-snippet":"max-snippet:-1","max-image-preview":"max-image-preview:large","max-video-preview":"max-video-preview:-1"},"canonical":"https:\/\/www.csj-emballages.com\/de\/produit\/pommes-frites-tuete-aus-karton-gross-95-x-145-x-18-cm-200-stueck\/","og_locale":"de_DE","og_type":"article","og_title":"Pommes-Frites-T\u00fcte aus Karton, gro\u00df, 9,5 x 14,5 x 18 cm, 200 St\u00fcck","og_description":"Pommes-Frites-T\u00fcte aus Karton, gro\u00df, 9,5 x 14,5 x 18 cm, 200 St\u00fcck: ideal f\u00fcr gro\u00dfe Portionen, hitzebest\u00e4ndig, perfekt f\u00fcr Fast Food.","og_url":"https:\/\/www.csj-emballages.com\/de\/produit\/pommes-frites-tuete-aus-karton-gross-95-x-145-x-18-cm-200-stueck\/","og_site_name":"CSJ Emballages","article_publisher":"https:\/\/www.facebook.com\/csjemballages","article_modified_time":"2026-04-15T00:15:14+00:00","og_image":[{"width":800,"height":799,"url":"https:\/\/www.csj-emballages.com\/wp-content\/uploads\/2026\/03\/PF3DEST.webp","type":"image\/webp"}],"twitter_card":"summary_large_image","twitter_misc":{"Gesch\u00e4tzte Lesezeit":"1\u00a0Minute"},"schema":{"@context":"https:\/\/schema.org","@graph":[{"@type":"WebPage","@id":"https:\/\/www.csj-emballages.com\/de\/produit\/pommes-frites-tuete-aus-karton-gross-95-x-145-x-18-cm-200-stueck\/","url":"https:\/\/www.csj-emballages.com\/de\/produit\/pommes-frites-tuete-aus-karton-gross-95-x-145-x-18-cm-200-stueck\/","name":"Pommes-Frites-T\u00fcte aus Karton, gro\u00df, 9,5 x 14,5 x 18 cm, 200 St\u00fcck","isPartOf":{"@id":"https:\/\/www.csj-emballages.com\/de\/#website"},"primaryImageOfPage":{"@id":"https:\/\/www.csj-emballages.com\/de\/produit\/pommes-frites-tuete-aus-karton-gross-95-x-145-x-18-cm-200-stueck\/#primaryimage"},"image":{"@id":"https:\/\/www.csj-emballages.com\/de\/produit\/pommes-frites-tuete-aus-karton-gross-95-x-145-x-18-cm-200-stueck\/#primaryimage"},"thumbnailUrl":"https:\/\/www.csj-emballages.com\/wp-content\/uploads\/2026\/03\/PF3DEST.webp","datePublished":"2026-03-13T15:18:19+00:00","dateModified":"2026-04-15T00:15:14+00:00","description":"Pommes-Frites-T\u00fcte aus Karton, gro\u00df, 9,5 x 14,5 x 18 cm, 200 St\u00fcck: ideal f\u00fcr gro\u00dfe Portionen, hitzebest\u00e4ndig, perfekt f\u00fcr Fast Food.","breadcrumb":{"@id":"https:\/\/www.csj-emballages.com\/de\/produit\/pommes-frites-tuete-aus-karton-gross-95-x-145-x-18-cm-200-stueck\/#breadcrumb"},"inLanguage":"de","potentialAction":[{"@type":"ReadAction","target":["https:\/\/www.csj-emballages.com\/de\/produit\/pommes-frites-tuete-aus-karton-gross-95-x-145-x-18-cm-200-stueck\/"]}]},{"@type":"ImageObject","inLanguage":"de","@id":"https:\/\/www.csj-emballages.com\/de\/produit\/pommes-frites-tuete-aus-karton-gross-95-x-145-x-18-cm-200-stueck\/#primaryimage","url":"https:\/\/www.csj-emballages.com\/wp-content\/uploads\/2026\/03\/PF3DEST.webp","contentUrl":"https:\/\/www.csj-emballages.com\/wp-content\/uploads\/2026\/03\/PF3DEST.webp","width":800,"height":799,"caption":"Pochette frites"},{"@type":"BreadcrumbList","@id":"https:\/\/www.csj-emballages.com\/de\/produit\/pommes-frites-tuete-aus-karton-gross-95-x-145-x-18-cm-200-stueck\/#breadcrumb","itemListElement":[{"@type":"ListItem","position":1,"name":"Accueil","item":"https:\/\/www.csj-emballages.com\/de\/universum-lebensmittelverpackungen\/"},{"@type":"ListItem","position":2,"name":"Shop","item":"https:\/\/www.csj-emballages.com\/shop\/"},{"@type":"ListItem","position":3,"name":"Pommes-Frites-T\u00fcte aus Karton, gro\u00df, 9,5 x 14,5 x 18 cm, 200 St\u00fcck"}]},{"@type":"WebSite","@id":"https:\/\/www.csj-emballages.com\/de\/#website","url":"https:\/\/www.csj-emballages.com\/de\/","name":"CSJ Emballages","description":"","publisher":{"@id":"https:\/\/www.csj-emballages.com\/de\/#organization"},"potentialAction":[{"@type":"SearchAction","target":{"@type":"EntryPoint","urlTemplate":"https:\/\/www.csj-emballages.com\/de\/?s={search_term_string}"},"query-input":{"@type":"PropertyValueSpecification","valueRequired":true,"valueName":"search_term_string"}}],"inLanguage":"de"},{"@type":"Organization","@id":"https:\/\/www.csj-emballages.com\/de\/#Organization\/","name":"CSJ Emballages","url":"https:\/\/www.csj-emballages.com\/de\/","logo":{"@type":"ImageObject","inLanguage":"de","@id":"https:\/\/www.csj-emballages.com\/de\/#\/schema\/logo\/image\/","url":"https:\/\/www.csj-emballages.com\/wp-content\/uploads\/2023\/10\/logo_csj.webp","contentUrl":"https:\/\/www.csj-emballages.com\/wp-content\/uploads\/2023\/10\/logo_csj.webp","width":250,"height":95,"caption":"CSJ Emballages"},"image":{"@id":"https:\/\/www.csj-emballages.com\/de\/#\/schema\/logo\/image\/"},"sameAs":["https:\/\/www.facebook.com\/csjemballages"],"address":{"@type":"PostalAddress","streetAddress":"ZI La Lechere","addressLocality":"Patornay","postalCode":"39130","addressCountry":"FR"},"contactPoint":[{"@type":"ContactPoint","contactType":"Service client","telephone":"0384254272","email":"contact@csj-emballages.com"}]}]}},"df_price":13.59,"df_sale_price":13.59,"df_regular_price":16.99,"df_image_link":"https:\/\/www.csj-emballages.com\/wp-content\/uploads\/2026\/03\/PF3DEST-300x300.webp","tiered_pricing_type":"fixed","tiered_pricing_fixed_rules":[],"tiered_pricing_percentage_rules":[],"tiered_pricing_minimum":1,"tiered_pricing_roles_data":[],"_links":{"self":[{"href":"https:\/\/www.csj-emballages.com\/de\/wp-json\/wp\/v2\/product\/275165","targetHints":{"allow":["GET"]}}],"collection":[{"href":"https:\/\/www.csj-emballages.com\/de\/wp-json\/wp\/v2\/product"}],"about":[{"href":"https:\/\/www.csj-emballages.com\/de\/wp-json\/wp\/v2\/types\/product"}],"wp:featuredmedia":[{"embeddable":true,"href":"https:\/\/www.csj-emballages.com\/de\/wp-json\/wp\/v2\/media\/275157"}],"wp:attachment":[{"href":"https:\/\/www.csj-emballages.com\/de\/wp-json\/wp\/v2\/media?parent=275165"}],"wp:term":[{"taxonomy":"product_brand","embeddable":true,"href":"https:\/\/www.csj-emballages.com\/de\/wp-json\/wp\/v2\/product_brand?post=275165"},{"taxonomy":"product_cat","embeddable":true,"href":"https:\/\/www.csj-emballages.com\/de\/wp-json\/wp\/v2\/product_cat?post=275165"},{"taxonomy":"product_tag","embeddable":true,"href":"https:\/\/www.csj-emballages.com\/de\/wp-json\/wp\/v2\/product_tag?post=275165"}],"curies":[{"name":"wp","href":"https:\/\/api.w.org\/{rel}","templated":true}]}}