{"id":275153,"date":"2026-02-17T14:18:25","date_gmt":"2026-02-17T13:18:25","guid":{"rendered":"https:\/\/www.csj-emballages.com\/produit\/malo-geschenkband-rot-10-mm-x-225-m\/"},"modified":"2026-03-28T02:11:16","modified_gmt":"2026-03-28T01:11:16","slug":"malo-geschenkband-rot-10-mm-x-225-m","status":"publish","type":"product","link":"https:\/\/www.csj-emballages.com\/de\/produit\/malo-geschenkband-rot-10-mm-x-225-m\/","title":{"rendered":"Malo Geschenkband rot 10 mm x 225 m"},"content":{"rendered":"<h2 class=\"p1\">Malo Geschenkband rot<\/h2>\n<hr>\n<h3>Entdecken Sie unser Malo Geschenkband rot 10 mm x 225 m<\/h3>\n<p><!--more--><\/p>\n<p data-start=\"126\" data-end=\"363\">Bringen Sie Farbe und gute Laune in Ihre Verpackungen mit diesem <strong data-start=\"196\" data-end=\"241\">roten Geschenkband mit wei\u00dfen \u201eMalo\u201c-Mustern<\/strong>. Sein originelles und dynamisches Design macht es zur perfekten Wahl, um Aufmerksamkeit zu erregen und Ihren Pr\u00e4sentationen Charakter zu verleihen. <\/p>\n<p data-start=\"365\" data-end=\"599\">Mit seinem <strong data-start=\"374\" data-end=\"387\">leuchtenden Rot<\/strong> und den <strong data-start=\"395\" data-end=\"431\">kleinen, unregelm\u00e4\u00dfigen wei\u00dfen Mustern<\/strong> verleiht dieses Geschenkband eine moderne und freundliche Note. Es ist ideal, um au\u00dfergew\u00f6hnliche Verpackungen zu gestalten, sowohl im Gesch\u00e4ft als auch f\u00fcr Veranstaltungen. <\/p>\n<p data-start=\"601\" data-end=\"885\">Einfach zu verwenden, seine <strong data-start=\"623\" data-end=\"643\">Breite von 10 mm<\/strong> erm\u00f6glicht das schnelle Binden sch\u00f6ner Schleifen. Es l\u00e4sst sich leicht kr\u00e4useln f\u00fcr ein volumin\u00f6seres und dekorativeres Ergebnis. Seine <strong data-start=\"760\" data-end=\"786\">L\u00e4nge von 225 Metern<\/strong> gew\u00e4hrleistet eine lange Nutzungsdauer, perfekt f\u00fcr Profis und Privatpersonen.  <\/p>\n<p data-start=\"1319\" data-end=\"1651\"><!--more--><\/p>\n<h4 data-start=\"1319\" data-end=\"1651\">Vorteile :<\/h4>\n<ul>\n<li data-section-id=\"1l4qt3v\" data-start=\"924\" data-end=\"1003\">Dynamische wei\u00dfe Muster auf rotem Grund<\/li>\n<li data-section-id=\"1ln9mey\" data-start=\"1004\" data-end=\"1066\"> Zieht sofort die Blicke auf sich<\/li>\n<li data-section-id=\"1q08lr\" data-start=\"1067\" data-end=\"1132\">L\u00e4sst sich leicht schneiden und kr\u00e4useln<\/li>\n<li data-section-id=\"1habrqh\" data-start=\"1133\" data-end=\"1206\">Ideal f\u00fcr den regelm\u00e4\u00dfigen Gebrauch<\/li>\n<li data-section-id=\"1ra2mnx\" data-start=\"1207\" data-end=\"1280\">Geeignet f\u00fcr alle Arten von Verpackungen und Anl\u00e4ssen<\/li>\n<li data-section-id=\"1crxpks\" data-start=\"1281\" data-end=\"1363\">Sorgt f\u00fcr ein gepflegtes und professionelles Finish<\/li>\n<\/ul>\n<p>&nbsp;<\/p>\n<p><!--more--><\/p>\n<h4>Weitere Informationen :<\/h4>\n<ul>\n<li><strong>Verpackung<\/strong>: Einzeln<\/li>\n<li><strong>L\u00e4nge<\/strong>: 225 m<\/li>\n<li><strong>Breite<\/strong>: 10 mm<\/li>\n<li><strong>Farbe<\/strong>: Rot \/ Wei\u00df<\/li>\n<li><strong>Material<\/strong>: Polypropylen<\/li>\n<\/ul>\n<p>&nbsp;<\/p>\n<p><!--more--><\/p>\n<p><a href=\"https:\/\/www.csj-emballages.com\/de\/categorie-produit\/lebensmittelverpackungen\/backerei-und-konditorei\/zubehor-und-ausstattung\/dekoratives-zubehor\/bolduc-spulen\/bolduc-band-malo\/\">Sehen Sie sich den Rest unseres Bolduc-Sortiments \u201eMalo\u201c an<\/a><\/p>\n","protected":false},"excerpt":{"rendered":"<p>Malo Geschenkband rot Entdecken Sie unser Malo Geschenkband rot 10 mm x 225 m<\/p>\n","protected":false},"featured_media":275138,"template":"","meta":{"_acf_changed":false},"product_brand":[],"product_cat":[1137,1171,3966,1794,1803,11651,1487,3970,1813,2124,11652],"product_tag":[],"class_list":{"0":"post-275153","1":"product","2":"type-product","3":"status-publish","4":"has-post-thumbnail","6":"product_cat-lebensmittelverpackungen","7":"product_cat-backerei-und-konditorei","8":"product_cat-zubehor-und-ausstattung","9":"product_cat-dekoratives-zubehor","10":"product_cat-bolduc-spulen","11":"product_cat-bolduc-band-malo","12":"product_cat-boutique-und-geschaft","13":"product_cat-zubehor-und-ausstattung-de","14":"product_cat-dekoratives-zubehor-de","15":"product_cat-bolduc-spulen-de","16":"product_cat-bolduc-band-malo-2","18":"first","19":"instock","20":"taxable","21":"shipping-taxable","22":"purchasable","23":"product-type-simple"},"acf":[],"yoast_head":"<!-- This site is optimized with the Yoast SEO Premium plugin v26.6 (Yoast SEO v26.6) - https:\/\/yoast.com\/wordpress\/plugins\/seo\/ -->\n<title>Bolduc Malo Rot 10 mm x 225 m<\/title>\n<meta name=\"description\" content=\"Bolduc Malo Rot 10 mm x 225 m: rotes Geschenkband mit wei\u00dfen Mustern, ideal f\u00fcr Verpackungen, Boxen und originelle Pr\u00e4sentationen im Gesch\u00e4ft oder bei Veranstaltungen.\" \/>\n<meta name=\"robots\" content=\"index, follow, max-snippet:-1, max-image-preview:large, max-video-preview:-1\" \/>\n<link rel=\"canonical\" href=\"https:\/\/www.csj-emballages.com\/de\/produit\/malo-geschenkband-rot-10-mm-x-225-m\/\" \/>\n<meta property=\"og:locale\" content=\"de_DE\" \/>\n<meta property=\"og:type\" content=\"article\" \/>\n<meta property=\"og:title\" content=\"Malo Geschenkband rot 10 mm x 225 m\" \/>\n<meta property=\"og:description\" content=\"Bolduc Malo Rot 10 mm x 225 m: rotes Geschenkband mit wei\u00dfen Mustern, ideal f\u00fcr Verpackungen, Boxen und originelle Pr\u00e4sentationen im Gesch\u00e4ft oder bei Veranstaltungen.\" \/>\n<meta property=\"og:url\" content=\"https:\/\/www.csj-emballages.com\/de\/produit\/malo-geschenkband-rot-10-mm-x-225-m\/\" \/>\n<meta property=\"og:site_name\" content=\"CSJ Emballages\" \/>\n<meta property=\"article:publisher\" content=\"https:\/\/www.facebook.com\/csjemballages\" \/>\n<meta property=\"article:modified_time\" content=\"2026-03-28T01:11:16+00:00\" \/>\n<meta property=\"og:image\" content=\"https:\/\/www.csj-emballages.com\/wp-content\/uploads\/2026\/02\/Malo-Rouge.webp\" \/>\n\t<meta property=\"og:image:width\" content=\"800\" \/>\n\t<meta property=\"og:image:height\" content=\"799\" \/>\n\t<meta property=\"og:image:type\" content=\"image\/webp\" \/>\n<meta name=\"twitter:card\" content=\"summary_large_image\" \/>\n<meta name=\"twitter:label1\" content=\"Gesch\u00e4tzte Lesezeit\" \/>\n\t<meta name=\"twitter:data1\" content=\"1\u00a0Minute\" \/>\n<script type=\"application\/ld+json\" class=\"yoast-schema-graph\">{\"@context\":\"https:\/\/schema.org\",\"@graph\":[{\"@type\":\"WebPage\",\"@id\":\"https:\/\/www.csj-emballages.com\/de\/produit\/malo-geschenkband-rot-10-mm-x-225-m\/\",\"url\":\"https:\/\/www.csj-emballages.com\/de\/produit\/malo-geschenkband-rot-10-mm-x-225-m\/\",\"name\":\"Bolduc Malo Rot 10 mm x 225 m\",\"isPartOf\":{\"@id\":\"https:\/\/www.csj-emballages.com\/de\/#website\"},\"primaryImageOfPage\":{\"@id\":\"https:\/\/www.csj-emballages.com\/de\/produit\/malo-geschenkband-rot-10-mm-x-225-m\/#primaryimage\"},\"image\":{\"@id\":\"https:\/\/www.csj-emballages.com\/de\/produit\/malo-geschenkband-rot-10-mm-x-225-m\/#primaryimage\"},\"thumbnailUrl\":\"https:\/\/www.csj-emballages.com\/wp-content\/uploads\/2026\/02\/Malo-Rouge.webp\",\"datePublished\":\"2026-02-17T13:18:25+00:00\",\"dateModified\":\"2026-03-28T01:11:16+00:00\",\"description\":\"Bolduc Malo Rot 10 mm x 225 m: rotes Geschenkband mit wei\u00dfen Mustern, ideal f\u00fcr Verpackungen, Boxen und originelle Pr\u00e4sentationen im Gesch\u00e4ft oder bei Veranstaltungen.\",\"breadcrumb\":{\"@id\":\"https:\/\/www.csj-emballages.com\/de\/produit\/malo-geschenkband-rot-10-mm-x-225-m\/#breadcrumb\"},\"inLanguage\":\"de\",\"potentialAction\":[{\"@type\":\"ReadAction\",\"target\":[\"https:\/\/www.csj-emballages.com\/de\/produit\/malo-geschenkband-rot-10-mm-x-225-m\/\"]}]},{\"@type\":\"ImageObject\",\"inLanguage\":\"de\",\"@id\":\"https:\/\/www.csj-emballages.com\/de\/produit\/malo-geschenkband-rot-10-mm-x-225-m\/#primaryimage\",\"url\":\"https:\/\/www.csj-emballages.com\/wp-content\/uploads\/2026\/02\/Malo-Rouge.webp\",\"contentUrl\":\"https:\/\/www.csj-emballages.com\/wp-content\/uploads\/2026\/02\/Malo-Rouge.webp\",\"width\":800,\"height\":799,\"caption\":\"Bolduc malo rouge\"},{\"@type\":\"BreadcrumbList\",\"@id\":\"https:\/\/www.csj-emballages.com\/de\/produit\/malo-geschenkband-rot-10-mm-x-225-m\/#breadcrumb\",\"itemListElement\":[{\"@type\":\"ListItem\",\"position\":1,\"name\":\"Accueil\",\"item\":\"https:\/\/www.csj-emballages.com\/de\/universum-lebensmittelverpackungen\/\"},{\"@type\":\"ListItem\",\"position\":2,\"name\":\"Shop\",\"item\":\"https:\/\/www.csj-emballages.com\/shop\/\"},{\"@type\":\"ListItem\",\"position\":3,\"name\":\"Malo Geschenkband rot 10 mm x 225 m\"}]},{\"@type\":\"WebSite\",\"@id\":\"https:\/\/www.csj-emballages.com\/de\/#website\",\"url\":\"https:\/\/www.csj-emballages.com\/de\/\",\"name\":\"CSJ Emballages\",\"description\":\"\",\"publisher\":{\"@id\":\"https:\/\/www.csj-emballages.com\/de\/#organization\"},\"potentialAction\":[{\"@type\":\"SearchAction\",\"target\":{\"@type\":\"EntryPoint\",\"urlTemplate\":\"https:\/\/www.csj-emballages.com\/de\/?s={search_term_string}\"},\"query-input\":{\"@type\":\"PropertyValueSpecification\",\"valueRequired\":true,\"valueName\":\"search_term_string\"}}],\"inLanguage\":\"de\"},{\"@type\":\"Organization\",\"@id\":\"https:\/\/www.csj-emballages.com\/de\/#Organization\/\",\"name\":\"CSJ Emballages\",\"url\":\"https:\/\/www.csj-emballages.com\/de\/\",\"logo\":{\"@type\":\"ImageObject\",\"inLanguage\":\"de\",\"@id\":\"https:\/\/www.csj-emballages.com\/de\/#\/schema\/logo\/image\/\",\"url\":\"https:\/\/www.csj-emballages.com\/wp-content\/uploads\/2023\/10\/logo_csj.webp\",\"contentUrl\":\"https:\/\/www.csj-emballages.com\/wp-content\/uploads\/2023\/10\/logo_csj.webp\",\"width\":250,\"height\":95,\"caption\":\"CSJ Emballages\"},\"image\":{\"@id\":\"https:\/\/www.csj-emballages.com\/de\/#\/schema\/logo\/image\/\"},\"sameAs\":[\"https:\/\/www.facebook.com\/csjemballages\"],\"address\":{\"@type\":\"PostalAddress\",\"streetAddress\":\"ZI La Lechere\",\"addressLocality\":\"Patornay\",\"postalCode\":\"39130\",\"addressCountry\":\"FR\"},\"contactPoint\":[{\"@type\":\"ContactPoint\",\"contactType\":\"Service client\",\"telephone\":\"0384254272\",\"email\":\"contact@csj-emballages.com\"}]}]}<\/script>\n<!-- \/ Yoast SEO Premium plugin. -->","yoast_head_json":{"title":"Bolduc Malo Rot 10 mm x 225 m","description":"Bolduc Malo Rot 10 mm x 225 m: rotes Geschenkband mit wei\u00dfen Mustern, ideal f\u00fcr Verpackungen, Boxen und originelle Pr\u00e4sentationen im Gesch\u00e4ft oder bei Veranstaltungen.","robots":{"index":"index","follow":"follow","max-snippet":"max-snippet:-1","max-image-preview":"max-image-preview:large","max-video-preview":"max-video-preview:-1"},"canonical":"https:\/\/www.csj-emballages.com\/de\/produit\/malo-geschenkband-rot-10-mm-x-225-m\/","og_locale":"de_DE","og_type":"article","og_title":"Malo Geschenkband rot 10 mm x 225 m","og_description":"Bolduc Malo Rot 10 mm x 225 m: rotes Geschenkband mit wei\u00dfen Mustern, ideal f\u00fcr Verpackungen, Boxen und originelle Pr\u00e4sentationen im Gesch\u00e4ft oder bei Veranstaltungen.","og_url":"https:\/\/www.csj-emballages.com\/de\/produit\/malo-geschenkband-rot-10-mm-x-225-m\/","og_site_name":"CSJ Emballages","article_publisher":"https:\/\/www.facebook.com\/csjemballages","article_modified_time":"2026-03-28T01:11:16+00:00","og_image":[{"width":800,"height":799,"url":"https:\/\/www.csj-emballages.com\/wp-content\/uploads\/2026\/02\/Malo-Rouge.webp","type":"image\/webp"}],"twitter_card":"summary_large_image","twitter_misc":{"Gesch\u00e4tzte Lesezeit":"1\u00a0Minute"},"schema":{"@context":"https:\/\/schema.org","@graph":[{"@type":"WebPage","@id":"https:\/\/www.csj-emballages.com\/de\/produit\/malo-geschenkband-rot-10-mm-x-225-m\/","url":"https:\/\/www.csj-emballages.com\/de\/produit\/malo-geschenkband-rot-10-mm-x-225-m\/","name":"Bolduc Malo Rot 10 mm x 225 m","isPartOf":{"@id":"https:\/\/www.csj-emballages.com\/de\/#website"},"primaryImageOfPage":{"@id":"https:\/\/www.csj-emballages.com\/de\/produit\/malo-geschenkband-rot-10-mm-x-225-m\/#primaryimage"},"image":{"@id":"https:\/\/www.csj-emballages.com\/de\/produit\/malo-geschenkband-rot-10-mm-x-225-m\/#primaryimage"},"thumbnailUrl":"https:\/\/www.csj-emballages.com\/wp-content\/uploads\/2026\/02\/Malo-Rouge.webp","datePublished":"2026-02-17T13:18:25+00:00","dateModified":"2026-03-28T01:11:16+00:00","description":"Bolduc Malo Rot 10 mm x 225 m: rotes Geschenkband mit wei\u00dfen Mustern, ideal f\u00fcr Verpackungen, Boxen und originelle Pr\u00e4sentationen im Gesch\u00e4ft oder bei Veranstaltungen.","breadcrumb":{"@id":"https:\/\/www.csj-emballages.com\/de\/produit\/malo-geschenkband-rot-10-mm-x-225-m\/#breadcrumb"},"inLanguage":"de","potentialAction":[{"@type":"ReadAction","target":["https:\/\/www.csj-emballages.com\/de\/produit\/malo-geschenkband-rot-10-mm-x-225-m\/"]}]},{"@type":"ImageObject","inLanguage":"de","@id":"https:\/\/www.csj-emballages.com\/de\/produit\/malo-geschenkband-rot-10-mm-x-225-m\/#primaryimage","url":"https:\/\/www.csj-emballages.com\/wp-content\/uploads\/2026\/02\/Malo-Rouge.webp","contentUrl":"https:\/\/www.csj-emballages.com\/wp-content\/uploads\/2026\/02\/Malo-Rouge.webp","width":800,"height":799,"caption":"Bolduc malo rouge"},{"@type":"BreadcrumbList","@id":"https:\/\/www.csj-emballages.com\/de\/produit\/malo-geschenkband-rot-10-mm-x-225-m\/#breadcrumb","itemListElement":[{"@type":"ListItem","position":1,"name":"Accueil","item":"https:\/\/www.csj-emballages.com\/de\/universum-lebensmittelverpackungen\/"},{"@type":"ListItem","position":2,"name":"Shop","item":"https:\/\/www.csj-emballages.com\/shop\/"},{"@type":"ListItem","position":3,"name":"Malo Geschenkband rot 10 mm x 225 m"}]},{"@type":"WebSite","@id":"https:\/\/www.csj-emballages.com\/de\/#website","url":"https:\/\/www.csj-emballages.com\/de\/","name":"CSJ Emballages","description":"","publisher":{"@id":"https:\/\/www.csj-emballages.com\/de\/#organization"},"potentialAction":[{"@type":"SearchAction","target":{"@type":"EntryPoint","urlTemplate":"https:\/\/www.csj-emballages.com\/de\/?s={search_term_string}"},"query-input":{"@type":"PropertyValueSpecification","valueRequired":true,"valueName":"search_term_string"}}],"inLanguage":"de"},{"@type":"Organization","@id":"https:\/\/www.csj-emballages.com\/de\/#Organization\/","name":"CSJ Emballages","url":"https:\/\/www.csj-emballages.com\/de\/","logo":{"@type":"ImageObject","inLanguage":"de","@id":"https:\/\/www.csj-emballages.com\/de\/#\/schema\/logo\/image\/","url":"https:\/\/www.csj-emballages.com\/wp-content\/uploads\/2023\/10\/logo_csj.webp","contentUrl":"https:\/\/www.csj-emballages.com\/wp-content\/uploads\/2023\/10\/logo_csj.webp","width":250,"height":95,"caption":"CSJ Emballages"},"image":{"@id":"https:\/\/www.csj-emballages.com\/de\/#\/schema\/logo\/image\/"},"sameAs":["https:\/\/www.facebook.com\/csjemballages"],"address":{"@type":"PostalAddress","streetAddress":"ZI La Lechere","addressLocality":"Patornay","postalCode":"39130","addressCountry":"FR"},"contactPoint":[{"@type":"ContactPoint","contactType":"Service client","telephone":"0384254272","email":"contact@csj-emballages.com"}]}]}},"df_price":6.52,"df_sale_price":"","df_regular_price":6.52,"df_image_link":"https:\/\/www.csj-emballages.com\/wp-content\/uploads\/2026\/02\/Malo-Rouge-300x300.webp","tiered_pricing_type":"fixed","tiered_pricing_fixed_rules":[],"tiered_pricing_percentage_rules":[],"tiered_pricing_minimum":1,"tiered_pricing_roles_data":[],"_links":{"self":[{"href":"https:\/\/www.csj-emballages.com\/de\/wp-json\/wp\/v2\/product\/275153","targetHints":{"allow":["GET"]}}],"collection":[{"href":"https:\/\/www.csj-emballages.com\/de\/wp-json\/wp\/v2\/product"}],"about":[{"href":"https:\/\/www.csj-emballages.com\/de\/wp-json\/wp\/v2\/types\/product"}],"wp:featuredmedia":[{"embeddable":true,"href":"https:\/\/www.csj-emballages.com\/de\/wp-json\/wp\/v2\/media\/275138"}],"wp:attachment":[{"href":"https:\/\/www.csj-emballages.com\/de\/wp-json\/wp\/v2\/media?parent=275153"}],"wp:term":[{"taxonomy":"product_brand","embeddable":true,"href":"https:\/\/www.csj-emballages.com\/de\/wp-json\/wp\/v2\/product_brand?post=275153"},{"taxonomy":"product_cat","embeddable":true,"href":"https:\/\/www.csj-emballages.com\/de\/wp-json\/wp\/v2\/product_cat?post=275153"},{"taxonomy":"product_tag","embeddable":true,"href":"https:\/\/www.csj-emballages.com\/de\/wp-json\/wp\/v2\/product_tag?post=275153"}],"curies":[{"name":"wp","href":"https:\/\/api.w.org\/{rel}","templated":true}]}}