{"id":274997,"date":"2026-02-17T14:18:16","date_gmt":"2026-02-17T13:18:16","guid":{"rendered":"https:\/\/www.csj-emballages.com\/produit\/geschenkband-lappland-rot-10-mm-x-225-m\/"},"modified":"2026-03-28T02:11:13","modified_gmt":"2026-03-28T01:11:13","slug":"geschenkband-lappland-rot-10-mm-x-225-m","status":"publish","type":"product","link":"https:\/\/www.csj-emballages.com\/de\/produit\/geschenkband-lappland-rot-10-mm-x-225-m\/","title":{"rendered":"Geschenkband Lappland Rot 10 mm x 225 m"},"content":{"rendered":"<h2 class=\"p1\">Bordeaux-Bolduc<\/h2>\n<hr>\n<h3>Entdecken Sie unser Bordeaux-Bolduc \u201e\u00e9lias\u201c 225 m x 10 mm<\/h3>\n<p><!--more--><\/p>\n<p data-start=\"42\" data-end=\"423\">Das <strong>rote Geschenkband Lappland<\/strong> wurde speziell entwickelt, um Ihre Verpackungen w\u00e4hrend der Festtage zu veredeln. Mit seinen von der nordischen Welt inspirierten Motiven \u2013 Rentiere, Schneeflocken, Tannenb\u00e4ume und winterliche Symbole \u2013 sorgt es sofort f\u00fcr eine warme und festliche Atmosph\u00e4re. Sein dominantes <strong>Rot in Kombination mit Wei\u00df<\/strong> weckt den Geist der Weihnacht und zieht nat\u00fcrlich die Blicke auf sich.  <\/p>\n<p data-start=\"425\" data-end=\"739\">Ideal f\u00fcr Gesch\u00e4fte, Konditoreien oder Feinkostl\u00e4den erm\u00f6glicht dieses Geschenkband die Gestaltung von Verpackungen mit hohem visuellen Wert, perfekt abgestimmt auf die Festtage zum Jahresende. Es tr\u00e4gt dazu bei, das Kundenerlebnis zu verst\u00e4rken, indem es eine gepflegte und immersive dekorative Note verleiht. <\/p>\n<p data-start=\"741\" data-end=\"997\">Mit einer <strong>Breite von 10 mm<\/strong> bietet es ein ausgewogenes Erscheinungsbild, das Ihre Pakete zur Geltung bringt, ohne sie zu \u00fcberladen. Seine <strong>L\u00e4nge von 225 Metern<\/strong> macht es zu einer wirtschaftlichen und praktischen L\u00f6sung f\u00fcr Profis mit hohem Verpackungsvolumen w\u00e4hrend der Saison. <\/p>\n<p data-start=\"999\" data-end=\"1299\">Einfach zu handhaben, l\u00e4sst sich dieses <strong>Geschenkband<\/strong> sauber schneiden, leicht binden und kann gekr\u00e4uselt werden, um Volumen und eine anspruchsvollere Veredelung zu erzielen. Es eignet sich sowohl f\u00fcr einfache Verpackungen als auch f\u00fcr aufwendigere Kompositionen und erm\u00f6glicht Ihnen, Ihre Pr\u00e4sentationen nach Ihren Bed\u00fcrfnissen zu personalisieren. <\/p>\n<p data-start=\"1301\" data-end=\"1567\">Es ist der ideale Partner, um attraktive Verpackungen zu gestalten und Ihre Kunden in die Weihnachtsstimmung zu versetzen.<\/p>\n<p data-start=\"1319\" data-end=\"1651\"><!--more--><\/p>\n<h4 data-start=\"1319\" data-end=\"1651\">Vorteile :<\/h4>\n<ul>\n<li data-section-id=\"1elt0zf\" data-start=\"1617\" data-end=\"1684\"><strong>Winterliche Motive<\/strong> und festliches Design f\u00fcr sofortige Weihnachtsatmosph\u00e4re<\/li>\n<li data-section-id=\"hq3hgj\" data-start=\"1685\" data-end=\"1743\">Attraktive und traditionelle Farben Rot und Wei\u00df<\/li>\n<li data-section-id=\"192zprn\" data-start=\"1744\" data-end=\"1816\">Ideal, um Verpackungen w\u00e4hrend der Festtage zum Jahresende aufzuwerten<\/li>\n<li data-section-id=\"148hfj2\" data-start=\"1817\" data-end=\"1883\"><strong>L\u00e4nge von 225 Metern<\/strong>, wirtschaftlich f\u00fcr den professionellen Einsatz<\/li>\n<li data-section-id=\"1srwifz\" data-start=\"1884\" data-end=\"1936\"><strong>Breite von 10 mm<\/strong> f\u00fcr ein harmonisches visuelles Erscheinungsbild<\/li>\n<li data-section-id=\"ix2no\" data-start=\"1937\" data-end=\"2001\">Einfach zu verwenden: l\u00e4sst sich leicht schneiden, binden und kr\u00e4useln<\/li>\n<li data-section-id=\"122mhx4\" data-start=\"2002\" data-end=\"2091\">Geeignet f\u00fcr zahlreiche Branchen: Einzelhandel, Konditoreien, Feinkostl\u00e4den, Eventbereich<\/li>\n<li data-section-id=\"1m8qhyd\" data-start=\"2092\" data-end=\"2156\">Erm\u00f6glicht die Schaffung eines warmen und festlichen Kundenerlebnisses<\/li>\n<\/ul>\n<p>&nbsp;<\/p>\n<p><!--more--><\/p>\n<h4>Weitere Informationen :<\/h4>\n<ul>\n<li><strong>Verpackung<\/strong>: Einzeln<\/li>\n<li><strong>L\u00e4nge<\/strong>: 225 m<\/li>\n<li><strong>Breite<\/strong>: 10 mm<\/li>\n<li><strong>Farbe<\/strong>: Rot \/ Wei\u00df<\/li>\n<li><strong>Material<\/strong>: Polypropylen<\/li>\n<\/ul>\n<p>&nbsp;<\/p>\n<p><!--more--><\/p>\n<p><a href=\"https:\/\/www.csj-emballages.com\/de\/categorie-produit\/lebensmittelverpackungen\/backerei-und-konditorei\/zubehor-und-ausstattung\/dekoratives-zubehor\/bolduc-spulen\/geschenkband-lappland\/\">Entdecken Sie unser weiteres Sortiment an \u201eLaponie\u201c-Bolducs<\/a><\/p>\n","protected":false},"excerpt":{"rendered":"<p>Bordeaux-Bolduc Entdecken Sie unser Bordeaux-Bolduc \u201e\u00e9lias\u201c 225 m x 10 mm<\/p>\n","protected":false},"featured_media":274978,"template":"","meta":{"_acf_changed":false},"product_brand":[],"product_cat":[1137,1171,3966,1794,1803,11622,1487,3970,1813,2124,11642],"product_tag":[],"class_list":{"0":"post-274997","1":"product","2":"type-product","3":"status-publish","4":"has-post-thumbnail","6":"product_cat-lebensmittelverpackungen","7":"product_cat-backerei-und-konditorei","8":"product_cat-zubehor-und-ausstattung","9":"product_cat-dekoratives-zubehor","10":"product_cat-bolduc-spulen","11":"product_cat-geschenkband-lappland","12":"product_cat-boutique-und-geschaft","13":"product_cat-zubehor-und-ausstattung-de","14":"product_cat-dekoratives-zubehor-de","15":"product_cat-bolduc-spulen-de","18":"first","19":"instock","20":"taxable","21":"shipping-taxable","22":"purchasable","23":"product-type-simple"},"acf":[],"yoast_head":"<!-- This site is optimized with the Yoast SEO Premium plugin v26.6 (Yoast SEO v26.6) - https:\/\/yoast.com\/wordpress\/plugins\/seo\/ -->\n<title>Geschenkband Lappland Rot 10 mm x 225 m<\/title>\n<meta name=\"description\" content=\"Geschenkband Lappland Rot 10 mm x 225 m: festliches Verpackungsband mit Weihnachtsmotiven. Perfekt, um Ihre Geschenke zur Jahresendzeit zu veredeln.\" \/>\n<meta name=\"robots\" content=\"index, follow, max-snippet:-1, max-image-preview:large, max-video-preview:-1\" \/>\n<link rel=\"canonical\" href=\"https:\/\/www.csj-emballages.com\/de\/produit\/geschenkband-lappland-rot-10-mm-x-225-m\/\" \/>\n<meta property=\"og:locale\" content=\"de_DE\" \/>\n<meta property=\"og:type\" content=\"article\" \/>\n<meta property=\"og:title\" content=\"Geschenkband Lappland Rot 10 mm x 225 m\" \/>\n<meta property=\"og:description\" content=\"Geschenkband Lappland Rot 10 mm x 225 m: festliches Verpackungsband mit Weihnachtsmotiven. Perfekt, um Ihre Geschenke zur Jahresendzeit zu veredeln.\" \/>\n<meta property=\"og:url\" content=\"https:\/\/www.csj-emballages.com\/de\/produit\/geschenkband-lappland-rot-10-mm-x-225-m\/\" \/>\n<meta property=\"og:site_name\" content=\"CSJ Emballages\" \/>\n<meta property=\"article:publisher\" content=\"https:\/\/www.facebook.com\/csjemballages\" \/>\n<meta property=\"article:modified_time\" content=\"2026-03-28T01:11:13+00:00\" \/>\n<meta property=\"og:image\" content=\"https:\/\/www.csj-emballages.com\/wp-content\/uploads\/2026\/02\/Laponie.webp\" \/>\n\t<meta property=\"og:image:width\" content=\"800\" \/>\n\t<meta property=\"og:image:height\" content=\"800\" \/>\n\t<meta property=\"og:image:type\" content=\"image\/webp\" \/>\n<meta name=\"twitter:card\" content=\"summary_large_image\" \/>\n<meta name=\"twitter:label1\" content=\"Gesch\u00e4tzte Lesezeit\" \/>\n\t<meta name=\"twitter:data1\" content=\"2 Minuten\" \/>\n<script type=\"application\/ld+json\" class=\"yoast-schema-graph\">{\"@context\":\"https:\/\/schema.org\",\"@graph\":[{\"@type\":\"WebPage\",\"@id\":\"https:\/\/www.csj-emballages.com\/de\/produit\/geschenkband-lappland-rot-10-mm-x-225-m\/\",\"url\":\"https:\/\/www.csj-emballages.com\/de\/produit\/geschenkband-lappland-rot-10-mm-x-225-m\/\",\"name\":\"Geschenkband Lappland Rot 10 mm x 225 m\",\"isPartOf\":{\"@id\":\"https:\/\/www.csj-emballages.com\/de\/#website\"},\"primaryImageOfPage\":{\"@id\":\"https:\/\/www.csj-emballages.com\/de\/produit\/geschenkband-lappland-rot-10-mm-x-225-m\/#primaryimage\"},\"image\":{\"@id\":\"https:\/\/www.csj-emballages.com\/de\/produit\/geschenkband-lappland-rot-10-mm-x-225-m\/#primaryimage\"},\"thumbnailUrl\":\"https:\/\/www.csj-emballages.com\/wp-content\/uploads\/2026\/02\/Laponie.webp\",\"datePublished\":\"2026-02-17T13:18:16+00:00\",\"dateModified\":\"2026-03-28T01:11:13+00:00\",\"description\":\"Geschenkband Lappland Rot 10 mm x 225 m: festliches Verpackungsband mit Weihnachtsmotiven. Perfekt, um Ihre Geschenke zur Jahresendzeit zu veredeln.\",\"breadcrumb\":{\"@id\":\"https:\/\/www.csj-emballages.com\/de\/produit\/geschenkband-lappland-rot-10-mm-x-225-m\/#breadcrumb\"},\"inLanguage\":\"de\",\"potentialAction\":[{\"@type\":\"ReadAction\",\"target\":[\"https:\/\/www.csj-emballages.com\/de\/produit\/geschenkband-lappland-rot-10-mm-x-225-m\/\"]}]},{\"@type\":\"ImageObject\",\"inLanguage\":\"de\",\"@id\":\"https:\/\/www.csj-emballages.com\/de\/produit\/geschenkband-lappland-rot-10-mm-x-225-m\/#primaryimage\",\"url\":\"https:\/\/www.csj-emballages.com\/wp-content\/uploads\/2026\/02\/Laponie.webp\",\"contentUrl\":\"https:\/\/www.csj-emballages.com\/wp-content\/uploads\/2026\/02\/Laponie.webp\",\"width\":800,\"height\":800,\"caption\":\"Bolduc Laponie\"},{\"@type\":\"BreadcrumbList\",\"@id\":\"https:\/\/www.csj-emballages.com\/de\/produit\/geschenkband-lappland-rot-10-mm-x-225-m\/#breadcrumb\",\"itemListElement\":[{\"@type\":\"ListItem\",\"position\":1,\"name\":\"Accueil\",\"item\":\"https:\/\/www.csj-emballages.com\/de\/universum-lebensmittelverpackungen\/\"},{\"@type\":\"ListItem\",\"position\":2,\"name\":\"Shop\",\"item\":\"https:\/\/www.csj-emballages.com\/shop\/\"},{\"@type\":\"ListItem\",\"position\":3,\"name\":\"Geschenkband Lappland Rot 10 mm x 225 m\"}]},{\"@type\":\"WebSite\",\"@id\":\"https:\/\/www.csj-emballages.com\/de\/#website\",\"url\":\"https:\/\/www.csj-emballages.com\/de\/\",\"name\":\"CSJ Emballages\",\"description\":\"\",\"publisher\":{\"@id\":\"https:\/\/www.csj-emballages.com\/de\/#organization\"},\"potentialAction\":[{\"@type\":\"SearchAction\",\"target\":{\"@type\":\"EntryPoint\",\"urlTemplate\":\"https:\/\/www.csj-emballages.com\/de\/?s={search_term_string}\"},\"query-input\":{\"@type\":\"PropertyValueSpecification\",\"valueRequired\":true,\"valueName\":\"search_term_string\"}}],\"inLanguage\":\"de\"},{\"@type\":\"Organization\",\"@id\":\"https:\/\/www.csj-emballages.com\/de\/#Organization\/\",\"name\":\"CSJ Emballages\",\"url\":\"https:\/\/www.csj-emballages.com\/de\/\",\"logo\":{\"@type\":\"ImageObject\",\"inLanguage\":\"de\",\"@id\":\"https:\/\/www.csj-emballages.com\/de\/#\/schema\/logo\/image\/\",\"url\":\"https:\/\/www.csj-emballages.com\/wp-content\/uploads\/2023\/10\/logo_csj.webp\",\"contentUrl\":\"https:\/\/www.csj-emballages.com\/wp-content\/uploads\/2023\/10\/logo_csj.webp\",\"width\":250,\"height\":95,\"caption\":\"CSJ Emballages\"},\"image\":{\"@id\":\"https:\/\/www.csj-emballages.com\/de\/#\/schema\/logo\/image\/\"},\"sameAs\":[\"https:\/\/www.facebook.com\/csjemballages\"],\"address\":{\"@type\":\"PostalAddress\",\"streetAddress\":\"ZI La Lechere\",\"addressLocality\":\"Patornay\",\"postalCode\":\"39130\",\"addressCountry\":\"FR\"},\"contactPoint\":[{\"@type\":\"ContactPoint\",\"contactType\":\"Service client\",\"telephone\":\"0384254272\",\"email\":\"contact@csj-emballages.com\"}]}]}<\/script>\n<!-- \/ Yoast SEO Premium plugin. -->","yoast_head_json":{"title":"Geschenkband Lappland Rot 10 mm x 225 m","description":"Geschenkband Lappland Rot 10 mm x 225 m: festliches Verpackungsband mit Weihnachtsmotiven. Perfekt, um Ihre Geschenke zur Jahresendzeit zu veredeln.","robots":{"index":"index","follow":"follow","max-snippet":"max-snippet:-1","max-image-preview":"max-image-preview:large","max-video-preview":"max-video-preview:-1"},"canonical":"https:\/\/www.csj-emballages.com\/de\/produit\/geschenkband-lappland-rot-10-mm-x-225-m\/","og_locale":"de_DE","og_type":"article","og_title":"Geschenkband Lappland Rot 10 mm x 225 m","og_description":"Geschenkband Lappland Rot 10 mm x 225 m: festliches Verpackungsband mit Weihnachtsmotiven. Perfekt, um Ihre Geschenke zur Jahresendzeit zu veredeln.","og_url":"https:\/\/www.csj-emballages.com\/de\/produit\/geschenkband-lappland-rot-10-mm-x-225-m\/","og_site_name":"CSJ Emballages","article_publisher":"https:\/\/www.facebook.com\/csjemballages","article_modified_time":"2026-03-28T01:11:13+00:00","og_image":[{"width":800,"height":800,"url":"https:\/\/www.csj-emballages.com\/wp-content\/uploads\/2026\/02\/Laponie.webp","type":"image\/webp"}],"twitter_card":"summary_large_image","twitter_misc":{"Gesch\u00e4tzte Lesezeit":"2 Minuten"},"schema":{"@context":"https:\/\/schema.org","@graph":[{"@type":"WebPage","@id":"https:\/\/www.csj-emballages.com\/de\/produit\/geschenkband-lappland-rot-10-mm-x-225-m\/","url":"https:\/\/www.csj-emballages.com\/de\/produit\/geschenkband-lappland-rot-10-mm-x-225-m\/","name":"Geschenkband Lappland Rot 10 mm x 225 m","isPartOf":{"@id":"https:\/\/www.csj-emballages.com\/de\/#website"},"primaryImageOfPage":{"@id":"https:\/\/www.csj-emballages.com\/de\/produit\/geschenkband-lappland-rot-10-mm-x-225-m\/#primaryimage"},"image":{"@id":"https:\/\/www.csj-emballages.com\/de\/produit\/geschenkband-lappland-rot-10-mm-x-225-m\/#primaryimage"},"thumbnailUrl":"https:\/\/www.csj-emballages.com\/wp-content\/uploads\/2026\/02\/Laponie.webp","datePublished":"2026-02-17T13:18:16+00:00","dateModified":"2026-03-28T01:11:13+00:00","description":"Geschenkband Lappland Rot 10 mm x 225 m: festliches Verpackungsband mit Weihnachtsmotiven. Perfekt, um Ihre Geschenke zur Jahresendzeit zu veredeln.","breadcrumb":{"@id":"https:\/\/www.csj-emballages.com\/de\/produit\/geschenkband-lappland-rot-10-mm-x-225-m\/#breadcrumb"},"inLanguage":"de","potentialAction":[{"@type":"ReadAction","target":["https:\/\/www.csj-emballages.com\/de\/produit\/geschenkband-lappland-rot-10-mm-x-225-m\/"]}]},{"@type":"ImageObject","inLanguage":"de","@id":"https:\/\/www.csj-emballages.com\/de\/produit\/geschenkband-lappland-rot-10-mm-x-225-m\/#primaryimage","url":"https:\/\/www.csj-emballages.com\/wp-content\/uploads\/2026\/02\/Laponie.webp","contentUrl":"https:\/\/www.csj-emballages.com\/wp-content\/uploads\/2026\/02\/Laponie.webp","width":800,"height":800,"caption":"Bolduc Laponie"},{"@type":"BreadcrumbList","@id":"https:\/\/www.csj-emballages.com\/de\/produit\/geschenkband-lappland-rot-10-mm-x-225-m\/#breadcrumb","itemListElement":[{"@type":"ListItem","position":1,"name":"Accueil","item":"https:\/\/www.csj-emballages.com\/de\/universum-lebensmittelverpackungen\/"},{"@type":"ListItem","position":2,"name":"Shop","item":"https:\/\/www.csj-emballages.com\/shop\/"},{"@type":"ListItem","position":3,"name":"Geschenkband Lappland Rot 10 mm x 225 m"}]},{"@type":"WebSite","@id":"https:\/\/www.csj-emballages.com\/de\/#website","url":"https:\/\/www.csj-emballages.com\/de\/","name":"CSJ Emballages","description":"","publisher":{"@id":"https:\/\/www.csj-emballages.com\/de\/#organization"},"potentialAction":[{"@type":"SearchAction","target":{"@type":"EntryPoint","urlTemplate":"https:\/\/www.csj-emballages.com\/de\/?s={search_term_string}"},"query-input":{"@type":"PropertyValueSpecification","valueRequired":true,"valueName":"search_term_string"}}],"inLanguage":"de"},{"@type":"Organization","@id":"https:\/\/www.csj-emballages.com\/de\/#Organization\/","name":"CSJ Emballages","url":"https:\/\/www.csj-emballages.com\/de\/","logo":{"@type":"ImageObject","inLanguage":"de","@id":"https:\/\/www.csj-emballages.com\/de\/#\/schema\/logo\/image\/","url":"https:\/\/www.csj-emballages.com\/wp-content\/uploads\/2023\/10\/logo_csj.webp","contentUrl":"https:\/\/www.csj-emballages.com\/wp-content\/uploads\/2023\/10\/logo_csj.webp","width":250,"height":95,"caption":"CSJ Emballages"},"image":{"@id":"https:\/\/www.csj-emballages.com\/de\/#\/schema\/logo\/image\/"},"sameAs":["https:\/\/www.facebook.com\/csjemballages"],"address":{"@type":"PostalAddress","streetAddress":"ZI La Lechere","addressLocality":"Patornay","postalCode":"39130","addressCountry":"FR"},"contactPoint":[{"@type":"ContactPoint","contactType":"Service client","telephone":"0384254272","email":"contact@csj-emballages.com"}]}]}},"df_price":7.55,"df_sale_price":"","df_regular_price":7.55,"df_image_link":"https:\/\/www.csj-emballages.com\/wp-content\/uploads\/2026\/02\/Laponie-300x300.webp","tiered_pricing_type":"fixed","tiered_pricing_fixed_rules":[],"tiered_pricing_percentage_rules":[],"tiered_pricing_minimum":1,"tiered_pricing_roles_data":[],"_links":{"self":[{"href":"https:\/\/www.csj-emballages.com\/de\/wp-json\/wp\/v2\/product\/274997","targetHints":{"allow":["GET"]}}],"collection":[{"href":"https:\/\/www.csj-emballages.com\/de\/wp-json\/wp\/v2\/product"}],"about":[{"href":"https:\/\/www.csj-emballages.com\/de\/wp-json\/wp\/v2\/types\/product"}],"wp:featuredmedia":[{"embeddable":true,"href":"https:\/\/www.csj-emballages.com\/de\/wp-json\/wp\/v2\/media\/274978"}],"wp:attachment":[{"href":"https:\/\/www.csj-emballages.com\/de\/wp-json\/wp\/v2\/media?parent=274997"}],"wp:term":[{"taxonomy":"product_brand","embeddable":true,"href":"https:\/\/www.csj-emballages.com\/de\/wp-json\/wp\/v2\/product_brand?post=274997"},{"taxonomy":"product_cat","embeddable":true,"href":"https:\/\/www.csj-emballages.com\/de\/wp-json\/wp\/v2\/product_cat?post=274997"},{"taxonomy":"product_tag","embeddable":true,"href":"https:\/\/www.csj-emballages.com\/de\/wp-json\/wp\/v2\/product_tag?post=274997"}],"curies":[{"name":"wp","href":"https:\/\/api.w.org\/{rel}","templated":true}]}}