{"id":273794,"date":"2026-03-13T16:18:16","date_gmt":"2026-03-13T15:18:16","guid":{"rendered":"https:\/\/www.csj-emballages.com\/produit\/las-vegas-bohnenkaffee-70-arabica-30-robusta-1-kg\/"},"modified":"2026-04-29T02:10:55","modified_gmt":"2026-04-29T00:10:55","slug":"las-vegas-bohnenkaffee-70-arabica-30-robusta-1-kg","status":"publish","type":"product","link":"https:\/\/www.csj-emballages.com\/de\/produit\/las-vegas-bohnenkaffee-70-arabica-30-robusta-1-kg\/","title":{"rendered":"Las Vegas Bohnenkaffee 70 % Arabica \/ 30 % Robusta, 1 kg"},"content":{"rendered":"<h2>Bohnenkaffee<\/h2>\n<hr>\n<h3>Entdecken Sie unseren Las Vegas Bohnenkaffee 70 % Arabica \/ 30 % Robusta, 1 kg<\/h3>\n<p><!--more--><\/p>\n<p data-start=\"211\" data-end=\"488\">Die Kaffeebohnen <strong data-start=\"229\" data-end=\"270\">Las Vegas 70 % Arabica \/ 30 % Robusta<\/strong> bieten ein harmonisches Gleichgewicht zwischen aromatischer Milde und Intensit\u00e4t. Diese sorgf\u00e4ltig komponierte Mischung verbindet die Feinheit der <strong>Arabica-Bohnen mit der Kraft des Robusta<\/strong>, um einen geschmackvollen und charakterstarken Kaffee zu kreieren. <\/p>\n<p data-start=\"490\" data-end=\"794\">Die <strong>Arabica<\/strong>-Bohnen verleihen subtile aromatische Noten und eine sch\u00f6ne F\u00fclle im Mund, w\u00e4hrend der <strong>Robusta<\/strong> die Kaffeestruktur verst\u00e4rkt und eine gro\u00dfz\u00fcgige Crema entwickelt, die besonders f\u00fcr Espressos gesch\u00e4tzt wird. Diese Mischung garantiert somit eine ausgewogene Tasse, die sowohl aromatisch als auch vollmundig ist. <\/p>\n<p data-start=\"796\" data-end=\"1088\">Verpackt im <strong data-start=\"818\" data-end=\"826\">1-kg<\/strong>-Beutel ist er ideal f\u00fcr Gastronomiebetriebe, B\u00fcros oder f\u00fcr Kaffeeliebhaber, die die Frische von frisch gemahlenem Kaffee bevorzugen. Er eignet sich perfekt f\u00fcr Kaffeevollautomaten, M\u00fchlen und Espressomaschinen. <\/p>\n<p data-start=\"1090\" data-end=\"1511\">Dank seines ausgewogenen Aromaprofils begleitet der <strong>Kaffee Las Vegas<\/strong> sowohl die t\u00e4glichen Kaffeepausen als auch intensivere Genussmomente. Seine sorgf\u00e4ltig kontrollierte R\u00f6stung erm\u00f6glicht es, den ganzen Aromenreichtum zu entfalten und eine konstante und schmackhafte Tasse zu bieten. Jede Zubereitung setzt ein angenehmes Aroma frei, das zum Genuss einl\u00e4dt und jede Kaffeepause noch angenehmer macht.  <\/p>\n<p data-start=\"1090\" data-end=\"1511\">\n<p data-start=\"1090\" data-end=\"1511\"><!--more--><\/p>\n<p data-start=\"1090\" data-end=\"1511\"><span style=\"color: #ff0000;\"><b>*Kompatibel mit NESCAF\u00c9- &amp; DOLCE-GUSTO-Maschinen.<\/b><\/span><\/p>\n<p data-start=\"1090\" data-end=\"1511\">\n<p data-start=\"1074\" data-end=\"1229\"><!--more--><\/p>\n<h4 data-start=\"1074\" data-end=\"1229\">Vorteile :<\/h4>\n<ul>\n<li data-start=\"1266\" data-end=\"1317\">Ausgewogene Mischung <strong data-start=\"1284\" data-end=\"1315\">70 % Arabica \/ 30 % Robusta<\/strong><\/li>\n<li data-start=\"1320\" data-end=\"1349\">Reiche Aromen und vollmundiger Geschmack<\/li>\n<li data-start=\"1352\" data-end=\"1388\">Sch\u00f6ne Crema, ideal f\u00fcr Espresso<\/li>\n<li data-start=\"1391\" data-end=\"1435\">Ganze Bohnen f\u00fcr optimale Frische<\/li>\n<li data-start=\"1438\" data-end=\"1477\">Geeignet f\u00fcr Kaffeemaschinen und M\u00fchlen<\/li>\n<li data-start=\"1480\" data-end=\"1526\">Praktisches <strong data-start=\"1487\" data-end=\"1495\">1 kg<\/strong>-Format f\u00fcr regelm\u00e4\u00dfigen Gebrauch<\/li>\n<li data-start=\"1529\" data-end=\"1576\">Ideal f\u00fcr Profis und Kaffeeliebhaber.<\/li>\n<\/ul>\n<p>&nbsp;<\/p>\n<p><!--more--><\/p>\n<h4>Weitere Informationen :<\/h4>\n<ul>\n<li><strong>Verpackung<\/strong>: Packung mit 1kg<\/li>\n<li><strong>Zusammensetzung<\/strong>: 70 % Arabica \/ 30 % Robusta<\/li>\n<\/ul>\n<p>&nbsp;<\/p>\n<p><!--more--><\/p>\n<p>Hier finden Sie alle unsere Kaffeebohnen: <span style=\"color: #d12727;\"><a style=\"color: #d12727;\" href=\"https:\/\/www.csj-emballages.com\/es\/produit\/cafe-en-grano-chavena-65-arabica-35-robusta-en-1-kg\/\">Caf\u00e9 Chavena<\/a><\/span> \/ <span style=\"color: #d12727;\"><a style=\"color: #d12727;\" href=\"https:\/\/www.csj-emballages.com\/es\/produit\/cafe-en-grano-selecao-68-arabica-32-robusta-en-1-kg\/\">Caf\u00e9 Sele\u00e7\u00e3o<\/a><\/span><\/p>\n<p>&nbsp;<\/p>\n<p><!--more--><\/p>\n<p><a href=\"https:\/\/www.csj-emballages.com\/de\/categorie-produit\/lebensmittel\/bohnenkaffee\/\">Entdecken Sie unser gesamtes Sortiment an Bohnenkaffee<\/a><\/p>\n","protected":false},"excerpt":{"rendered":"<p>Bohnenkaffee Entdecken Sie unseren Las Vegas Bohnenkaffee 70 % Arabica \/ 30 % Robusta, 1 kg<\/p>\n","protected":false},"featured_media":273787,"template":"","meta":{"_acf_changed":false},"product_brand":[],"product_cat":[1144,11602],"product_tag":[],"class_list":{"0":"post-273794","1":"product","2":"type-product","3":"status-publish","4":"has-post-thumbnail","6":"product_cat-lebensmittel","7":"product_cat-bohnenkaffee","9":"first","10":"instock","11":"featured","12":"taxable","13":"shipping-taxable","14":"purchasable","15":"product-type-simple"},"acf":[],"yoast_head":"<!-- This site is optimized with the Yoast SEO Premium plugin v26.6 (Yoast SEO v26.6) - https:\/\/yoast.com\/wordpress\/plugins\/seo\/ -->\n<title>Kaffeebohnen Las Vegas 70 % Arabica \/ 30 % Robusta in 1 kg<\/title>\n<meta name=\"description\" content=\"Kaffeebohnen Las Vegas 70 % Arabica \/ 30 % Robusta in 1 kg. Ausgewogene Mischung, reichhaltige Aromen und perfekte Crema f\u00fcr Espresso. Ideal f\u00fcr Kaffeemaschinen.\" \/>\n<meta name=\"robots\" content=\"index, follow, max-snippet:-1, max-image-preview:large, max-video-preview:-1\" \/>\n<link rel=\"canonical\" href=\"https:\/\/www.csj-emballages.com\/de\/produit\/las-vegas-bohnenkaffee-70-arabica-30-robusta-1-kg\/\" \/>\n<meta property=\"og:locale\" content=\"de_DE\" \/>\n<meta property=\"og:type\" content=\"article\" \/>\n<meta property=\"og:title\" content=\"Las Vegas Bohnenkaffee 70 % Arabica \/ 30 % Robusta, 1 kg\" \/>\n<meta property=\"og:description\" content=\"Kaffeebohnen Las Vegas 70 % Arabica \/ 30 % Robusta in 1 kg. Ausgewogene Mischung, reichhaltige Aromen und perfekte Crema f\u00fcr Espresso. Ideal f\u00fcr Kaffeemaschinen.\" \/>\n<meta property=\"og:url\" content=\"https:\/\/www.csj-emballages.com\/de\/produit\/las-vegas-bohnenkaffee-70-arabica-30-robusta-1-kg\/\" \/>\n<meta property=\"og:site_name\" content=\"CSJ Emballages\" \/>\n<meta property=\"article:publisher\" content=\"https:\/\/www.facebook.com\/csjemballages\" \/>\n<meta property=\"article:modified_time\" content=\"2026-04-29T00:10:55+00:00\" \/>\n<meta property=\"og:image\" content=\"https:\/\/www.csj-emballages.com\/wp-content\/uploads\/2026\/03\/13001.webp\" \/>\n\t<meta property=\"og:image:width\" content=\"800\" \/>\n\t<meta property=\"og:image:height\" content=\"800\" \/>\n\t<meta property=\"og:image:type\" content=\"image\/webp\" \/>\n<meta name=\"twitter:card\" content=\"summary_large_image\" \/>\n<meta name=\"twitter:label1\" content=\"Gesch\u00e4tzte Lesezeit\" \/>\n\t<meta name=\"twitter:data1\" content=\"1\u00a0Minute\" \/>\n<script type=\"application\/ld+json\" class=\"yoast-schema-graph\">{\"@context\":\"https:\/\/schema.org\",\"@graph\":[{\"@type\":\"WebPage\",\"@id\":\"https:\/\/www.csj-emballages.com\/de\/produit\/las-vegas-bohnenkaffee-70-arabica-30-robusta-1-kg\/\",\"url\":\"https:\/\/www.csj-emballages.com\/de\/produit\/las-vegas-bohnenkaffee-70-arabica-30-robusta-1-kg\/\",\"name\":\"Kaffeebohnen Las Vegas 70 % Arabica \/ 30 % Robusta in 1 kg\",\"isPartOf\":{\"@id\":\"https:\/\/www.csj-emballages.com\/de\/#website\"},\"primaryImageOfPage\":{\"@id\":\"https:\/\/www.csj-emballages.com\/de\/produit\/las-vegas-bohnenkaffee-70-arabica-30-robusta-1-kg\/#primaryimage\"},\"image\":{\"@id\":\"https:\/\/www.csj-emballages.com\/de\/produit\/las-vegas-bohnenkaffee-70-arabica-30-robusta-1-kg\/#primaryimage\"},\"thumbnailUrl\":\"https:\/\/www.csj-emballages.com\/wp-content\/uploads\/2026\/03\/13001.webp\",\"datePublished\":\"2026-03-13T15:18:16+00:00\",\"dateModified\":\"2026-04-29T00:10:55+00:00\",\"description\":\"Kaffeebohnen Las Vegas 70 % Arabica \/ 30 % Robusta in 1 kg. Ausgewogene Mischung, reichhaltige Aromen und perfekte Crema f\u00fcr Espresso. Ideal f\u00fcr Kaffeemaschinen.\",\"breadcrumb\":{\"@id\":\"https:\/\/www.csj-emballages.com\/de\/produit\/las-vegas-bohnenkaffee-70-arabica-30-robusta-1-kg\/#breadcrumb\"},\"inLanguage\":\"de\",\"potentialAction\":[{\"@type\":\"ReadAction\",\"target\":[\"https:\/\/www.csj-emballages.com\/de\/produit\/las-vegas-bohnenkaffee-70-arabica-30-robusta-1-kg\/\"]}]},{\"@type\":\"ImageObject\",\"inLanguage\":\"de\",\"@id\":\"https:\/\/www.csj-emballages.com\/de\/produit\/las-vegas-bohnenkaffee-70-arabica-30-robusta-1-kg\/#primaryimage\",\"url\":\"https:\/\/www.csj-emballages.com\/wp-content\/uploads\/2026\/03\/13001.webp\",\"contentUrl\":\"https:\/\/www.csj-emballages.com\/wp-content\/uploads\/2026\/03\/13001.webp\",\"width\":800,\"height\":800,\"caption\":\"Caf\u00e9 en grains\"},{\"@type\":\"BreadcrumbList\",\"@id\":\"https:\/\/www.csj-emballages.com\/de\/produit\/las-vegas-bohnenkaffee-70-arabica-30-robusta-1-kg\/#breadcrumb\",\"itemListElement\":[{\"@type\":\"ListItem\",\"position\":1,\"name\":\"Accueil\",\"item\":\"https:\/\/www.csj-emballages.com\/de\/universum-lebensmittelverpackungen\/\"},{\"@type\":\"ListItem\",\"position\":2,\"name\":\"Shop\",\"item\":\"https:\/\/www.csj-emballages.com\/shop\/\"},{\"@type\":\"ListItem\",\"position\":3,\"name\":\"Las Vegas Bohnenkaffee 70 % Arabica \/ 30 % Robusta, 1 kg\"}]},{\"@type\":\"WebSite\",\"@id\":\"https:\/\/www.csj-emballages.com\/de\/#website\",\"url\":\"https:\/\/www.csj-emballages.com\/de\/\",\"name\":\"CSJ Emballages\",\"description\":\"\",\"publisher\":{\"@id\":\"https:\/\/www.csj-emballages.com\/de\/#organization\"},\"potentialAction\":[{\"@type\":\"SearchAction\",\"target\":{\"@type\":\"EntryPoint\",\"urlTemplate\":\"https:\/\/www.csj-emballages.com\/de\/?s={search_term_string}\"},\"query-input\":{\"@type\":\"PropertyValueSpecification\",\"valueRequired\":true,\"valueName\":\"search_term_string\"}}],\"inLanguage\":\"de\"},{\"@type\":\"Organization\",\"@id\":\"https:\/\/www.csj-emballages.com\/de\/#Organization\/\",\"name\":\"CSJ Emballages\",\"url\":\"https:\/\/www.csj-emballages.com\/de\/\",\"logo\":{\"@type\":\"ImageObject\",\"inLanguage\":\"de\",\"@id\":\"https:\/\/www.csj-emballages.com\/de\/#\/schema\/logo\/image\/\",\"url\":\"https:\/\/www.csj-emballages.com\/wp-content\/uploads\/2023\/10\/logo_csj.webp\",\"contentUrl\":\"https:\/\/www.csj-emballages.com\/wp-content\/uploads\/2023\/10\/logo_csj.webp\",\"width\":250,\"height\":95,\"caption\":\"CSJ Emballages\"},\"image\":{\"@id\":\"https:\/\/www.csj-emballages.com\/de\/#\/schema\/logo\/image\/\"},\"sameAs\":[\"https:\/\/www.facebook.com\/csjemballages\"],\"address\":{\"@type\":\"PostalAddress\",\"streetAddress\":\"ZI La Lechere\",\"addressLocality\":\"Patornay\",\"postalCode\":\"39130\",\"addressCountry\":\"FR\"},\"contactPoint\":[{\"@type\":\"ContactPoint\",\"contactType\":\"Service client\",\"telephone\":\"0384254272\",\"email\":\"contact@csj-emballages.com\"}]}]}<\/script>\n<!-- \/ Yoast SEO Premium plugin. -->","yoast_head_json":{"title":"Kaffeebohnen Las Vegas 70 % Arabica \/ 30 % Robusta in 1 kg","description":"Kaffeebohnen Las Vegas 70 % Arabica \/ 30 % Robusta in 1 kg. Ausgewogene Mischung, reichhaltige Aromen und perfekte Crema f\u00fcr Espresso. Ideal f\u00fcr Kaffeemaschinen.","robots":{"index":"index","follow":"follow","max-snippet":"max-snippet:-1","max-image-preview":"max-image-preview:large","max-video-preview":"max-video-preview:-1"},"canonical":"https:\/\/www.csj-emballages.com\/de\/produit\/las-vegas-bohnenkaffee-70-arabica-30-robusta-1-kg\/","og_locale":"de_DE","og_type":"article","og_title":"Las Vegas Bohnenkaffee 70 % Arabica \/ 30 % Robusta, 1 kg","og_description":"Kaffeebohnen Las Vegas 70 % Arabica \/ 30 % Robusta in 1 kg. Ausgewogene Mischung, reichhaltige Aromen und perfekte Crema f\u00fcr Espresso. Ideal f\u00fcr Kaffeemaschinen.","og_url":"https:\/\/www.csj-emballages.com\/de\/produit\/las-vegas-bohnenkaffee-70-arabica-30-robusta-1-kg\/","og_site_name":"CSJ Emballages","article_publisher":"https:\/\/www.facebook.com\/csjemballages","article_modified_time":"2026-04-29T00:10:55+00:00","og_image":[{"width":800,"height":800,"url":"https:\/\/www.csj-emballages.com\/wp-content\/uploads\/2026\/03\/13001.webp","type":"image\/webp"}],"twitter_card":"summary_large_image","twitter_misc":{"Gesch\u00e4tzte Lesezeit":"1\u00a0Minute"},"schema":{"@context":"https:\/\/schema.org","@graph":[{"@type":"WebPage","@id":"https:\/\/www.csj-emballages.com\/de\/produit\/las-vegas-bohnenkaffee-70-arabica-30-robusta-1-kg\/","url":"https:\/\/www.csj-emballages.com\/de\/produit\/las-vegas-bohnenkaffee-70-arabica-30-robusta-1-kg\/","name":"Kaffeebohnen Las Vegas 70 % Arabica \/ 30 % Robusta in 1 kg","isPartOf":{"@id":"https:\/\/www.csj-emballages.com\/de\/#website"},"primaryImageOfPage":{"@id":"https:\/\/www.csj-emballages.com\/de\/produit\/las-vegas-bohnenkaffee-70-arabica-30-robusta-1-kg\/#primaryimage"},"image":{"@id":"https:\/\/www.csj-emballages.com\/de\/produit\/las-vegas-bohnenkaffee-70-arabica-30-robusta-1-kg\/#primaryimage"},"thumbnailUrl":"https:\/\/www.csj-emballages.com\/wp-content\/uploads\/2026\/03\/13001.webp","datePublished":"2026-03-13T15:18:16+00:00","dateModified":"2026-04-29T00:10:55+00:00","description":"Kaffeebohnen Las Vegas 70 % Arabica \/ 30 % Robusta in 1 kg. Ausgewogene Mischung, reichhaltige Aromen und perfekte Crema f\u00fcr Espresso. Ideal f\u00fcr Kaffeemaschinen.","breadcrumb":{"@id":"https:\/\/www.csj-emballages.com\/de\/produit\/las-vegas-bohnenkaffee-70-arabica-30-robusta-1-kg\/#breadcrumb"},"inLanguage":"de","potentialAction":[{"@type":"ReadAction","target":["https:\/\/www.csj-emballages.com\/de\/produit\/las-vegas-bohnenkaffee-70-arabica-30-robusta-1-kg\/"]}]},{"@type":"ImageObject","inLanguage":"de","@id":"https:\/\/www.csj-emballages.com\/de\/produit\/las-vegas-bohnenkaffee-70-arabica-30-robusta-1-kg\/#primaryimage","url":"https:\/\/www.csj-emballages.com\/wp-content\/uploads\/2026\/03\/13001.webp","contentUrl":"https:\/\/www.csj-emballages.com\/wp-content\/uploads\/2026\/03\/13001.webp","width":800,"height":800,"caption":"Caf\u00e9 en grains"},{"@type":"BreadcrumbList","@id":"https:\/\/www.csj-emballages.com\/de\/produit\/las-vegas-bohnenkaffee-70-arabica-30-robusta-1-kg\/#breadcrumb","itemListElement":[{"@type":"ListItem","position":1,"name":"Accueil","item":"https:\/\/www.csj-emballages.com\/de\/universum-lebensmittelverpackungen\/"},{"@type":"ListItem","position":2,"name":"Shop","item":"https:\/\/www.csj-emballages.com\/shop\/"},{"@type":"ListItem","position":3,"name":"Las Vegas Bohnenkaffee 70 % Arabica \/ 30 % Robusta, 1 kg"}]},{"@type":"WebSite","@id":"https:\/\/www.csj-emballages.com\/de\/#website","url":"https:\/\/www.csj-emballages.com\/de\/","name":"CSJ Emballages","description":"","publisher":{"@id":"https:\/\/www.csj-emballages.com\/de\/#organization"},"potentialAction":[{"@type":"SearchAction","target":{"@type":"EntryPoint","urlTemplate":"https:\/\/www.csj-emballages.com\/de\/?s={search_term_string}"},"query-input":{"@type":"PropertyValueSpecification","valueRequired":true,"valueName":"search_term_string"}}],"inLanguage":"de"},{"@type":"Organization","@id":"https:\/\/www.csj-emballages.com\/de\/#Organization\/","name":"CSJ Emballages","url":"https:\/\/www.csj-emballages.com\/de\/","logo":{"@type":"ImageObject","inLanguage":"de","@id":"https:\/\/www.csj-emballages.com\/de\/#\/schema\/logo\/image\/","url":"https:\/\/www.csj-emballages.com\/wp-content\/uploads\/2023\/10\/logo_csj.webp","contentUrl":"https:\/\/www.csj-emballages.com\/wp-content\/uploads\/2023\/10\/logo_csj.webp","width":250,"height":95,"caption":"CSJ Emballages"},"image":{"@id":"https:\/\/www.csj-emballages.com\/de\/#\/schema\/logo\/image\/"},"sameAs":["https:\/\/www.facebook.com\/csjemballages"],"address":{"@type":"PostalAddress","streetAddress":"ZI La Lechere","addressLocality":"Patornay","postalCode":"39130","addressCountry":"FR"},"contactPoint":[{"@type":"ContactPoint","contactType":"Service client","telephone":"0384254272","email":"contact@csj-emballages.com"}]}]}},"df_price":14.32,"df_sale_price":"","df_regular_price":14.32,"df_image_link":"https:\/\/www.csj-emballages.com\/wp-content\/uploads\/2026\/03\/13001-300x300.webp","tiered_pricing_type":"fixed","tiered_pricing_fixed_rules":[],"tiered_pricing_percentage_rules":[],"tiered_pricing_minimum":1,"tiered_pricing_roles_data":[],"_links":{"self":[{"href":"https:\/\/www.csj-emballages.com\/de\/wp-json\/wp\/v2\/product\/273794","targetHints":{"allow":["GET"]}}],"collection":[{"href":"https:\/\/www.csj-emballages.com\/de\/wp-json\/wp\/v2\/product"}],"about":[{"href":"https:\/\/www.csj-emballages.com\/de\/wp-json\/wp\/v2\/types\/product"}],"wp:featuredmedia":[{"embeddable":true,"href":"https:\/\/www.csj-emballages.com\/de\/wp-json\/wp\/v2\/media\/273787"}],"wp:attachment":[{"href":"https:\/\/www.csj-emballages.com\/de\/wp-json\/wp\/v2\/media?parent=273794"}],"wp:term":[{"taxonomy":"product_brand","embeddable":true,"href":"https:\/\/www.csj-emballages.com\/de\/wp-json\/wp\/v2\/product_brand?post=273794"},{"taxonomy":"product_cat","embeddable":true,"href":"https:\/\/www.csj-emballages.com\/de\/wp-json\/wp\/v2\/product_cat?post=273794"},{"taxonomy":"product_tag","embeddable":true,"href":"https:\/\/www.csj-emballages.com\/de\/wp-json\/wp\/v2\/product_tag?post=273794"}],"curies":[{"name":"wp","href":"https:\/\/api.w.org\/{rel}","templated":true}]}}