{"id":273396,"date":"2026-03-02T14:18:18","date_gmt":"2026-03-02T13:18:18","guid":{"rendered":"https:\/\/www.csj-emballages.com\/produit\/mikrowellengeeignete-box-spritzgussdeckel-aus-pp-kunststoff-1500-ml-50er-pack\/"},"modified":"2026-04-17T02:14:06","modified_gmt":"2026-04-17T00:14:06","slug":"mikrowellengeeignete-box-spritzgussdeckel-aus-pp-kunststoff-1500-ml-50er-pack","status":"publish","type":"product","link":"https:\/\/www.csj-emballages.com\/de\/produit\/mikrowellengeeignete-box-spritzgussdeckel-aus-pp-kunststoff-1500-ml-50er-pack\/","title":{"rendered":"Mikrowellengeeignete Box + Spritzgussdeckel aus PP-Kunststoff 1500 ml 50er-Pack"},"content":{"rendered":"<h2>Mikrowellengeeignete Box<\/h2>\n<hr>\n<h3>Mikrowellengeeignete Box + Spritzgussdeckel aus PP-Kunststoff 1500 ml 50er-Pack<\/h3>\n<p><!--more--><\/p>\n<p data-start=\"159\" data-end=\"490\">Die <strong>mikrowellengeeignete Box 1500 ml<\/strong> mit <strong>Spritzgussdeckel aus PP-Kunststoff<\/strong> ist ideal f\u00fcr die Verpackung und den Transport gro\u00dfz\u00fcgiger Portionen. Sie wurde f\u00fcr Gastronomieprofis, Caterer und Betriebe mit Take-away-Angebot konzipiert und erm\u00f6glicht das einfache Aufbewahren und Erw\u00e4rmen von Speisen. <\/p>\n<p data-start=\"492\" data-end=\"743\">Mit ihrem Fassungsverm\u00f6gen von <strong>1500 ml<\/strong> eignet sich diese Box perfekt f\u00fcr komplette Gerichte, reichhaltige Einzelportionen oder Familienportionen. Sie ist besonders geeignet f\u00fcr <strong>Nudeln, Reis, Gerichte mit Sauce, gekochtes Gem\u00fcse, gemischte Salate oder andere Speisen<\/strong>. <\/p>\n<p data-start=\"745\" data-end=\"1020\">Hergestellt aus <strong>Polypropylen (PP)<\/strong>, bietet diese Box eine ausgezeichnete Hitzebest\u00e4ndigkeit und kann in der Mikrowelle zum direkten Aufw\u00e4rmen von Lebensmitteln verwendet werden. Der Deckel gew\u00e4hrleistet einen zuverl\u00e4ssigen Verschluss und sch\u00fctzt den Inhalt w\u00e4hrend des Transports wirksam. <\/p>\n<p data-start=\"1022\" data-end=\"1306\">Die Transparenz erm\u00f6glicht eine schnelle Identifizierung der Speisen und erleichtert die Organisation in der K\u00fcche, in der Vitrine oder bei der Vorbereitung von Bestellungen. Robust und praktisch stellt sie eine effiziente L\u00f6sung f\u00fcr Take-away, Click &amp; Collect oder Catering-Services dar. <\/p>\n<p data-start=\"1308\" data-end=\"1457\">Verpackt in Einheiten zu <strong>50 St\u00fcck<\/strong>, erf\u00fcllt diese <strong>Box<\/strong> perfekt die Anforderungen von Profis.<\/p>\n<p data-start=\"1111\" data-end=\"1340\"><!--more--><\/p>\n<p data-start=\"1111\" data-end=\"1340\"><strong><span style=\"color: #ff0000;\">*Die Deckel sind bei diesen Schalen enthalten<\/span><\/strong><\/p>\n<p data-start=\"1111\" data-end=\"1340\"><!--more--><\/p>\n<h4 data-start=\"1111\" data-end=\"1340\">Vorteile :<\/h4>\n<ul>\n<li data-start=\"1494\" data-end=\"1541\">Gro\u00dfes Fassungsverm\u00f6gen <strong>1500 ml<\/strong> f\u00fcr komplette Gerichte<\/li>\n<li data-start=\"1544\" data-end=\"1581\">Hitzebest\u00e4ndiger Kunststoff <strong>PP<\/strong><\/li>\n<li data-start=\"1584\" data-end=\"1608\">Mikrowellengeeignet<\/li>\n<li data-start=\"1611\" data-end=\"1659\">Deckel gew\u00e4hrleistet guten Verschluss<\/li>\n<li data-start=\"1694\" data-end=\"1742\">Ideal f\u00fcr zubereitete Gerichte und Take-away-Mahlzeiten<\/li>\n<li data-start=\"1796\" data-end=\"1834\">Professionelle Verpackung zu <strong>50<\/strong> St\u00fcck<\/li>\n<\/ul>\n<p>&nbsp;<\/p>\n<p><!--more--><\/p>\n<h4>Weitere Informationen :<\/h4>\n<ul>\n<li><strong>Verpackung<\/strong>: Packung mit 50 St\u00fcck<\/li>\n<li><strong>Abmessungen<\/strong>: 204 x 153 (L x B in mm)<\/li>\n<li><strong>H\u00f6he<\/strong>: 79 mm<\/li>\n<li><strong>Volumen<\/strong>: 1500 ml<\/li>\n<li><strong>Material<\/strong>: PP<\/li>\n<li><strong>Farbe<\/strong>: Farblos<\/li>\n<li><strong>Betriebstemperatur<\/strong>: -20\u00b0C \/ +120\u00b0C<\/li>\n<\/ul>\n<p>&nbsp;<\/p>\n<p><!--more--><\/p>\n<p>Diese mikrowellengeeigneten Boxen und Deckel sind in verschiedenen Gr\u00f6\u00dfen erh\u00e4ltlich: <span style=\"color: #d12727;\"><a style=\"color: #d12727;\" href=\"https:\/\/www.csj-emballages.com\/de\/produit\/mikrowellengeeignete-box-spritzgussdeckel-aus-pp-kunststoff-500-ml-50-stueck\/\">500 ml<\/a><\/span> \/ <span style=\"color: #d12727;\"><a style=\"color: #d12727;\" href=\"https:\/\/www.csj-emballages.com\/de\/produit\/mikrowellengeeignete-dose-injizierter-deckel-aus-pp-kunststoff-650-ml-50-stueck\/\">650 ml<\/a><\/span> \/ <span style=\"color: #d12727;\"><a style=\"color: #d12727;\" href=\"https:\/\/www.csj-emballages.com\/de\/produit\/mikrowellengeeignete-box-deckel-aus-kunststoff-pp-750-ml-50-stueck\/\">750 ml<\/a><\/span> \/ <span style=\"color: #d12727;\"><a style=\"color: #d12727;\" href=\"https:\/\/www.csj-emballages.com\/de\/produit\/mikrowellengeeignete-box-deckel-aus-kunststoff-pp-1000-ml-50-stueck\/\">1000 ml<\/a><\/span><\/p>\n<p>&nbsp;<\/p>\n<p><!--more--><\/p>\n<p><a href=\"https:\/\/www.csj-emballages.com\/de\/categorie-produit\/lebensmittelverpackungen\/metzgerei-und-feinkostgeschaft\/schalen-dosen-und-glaser\/schalen-dosen-glaser-fur-lebensmittel\/mikrowellenschalen-mit-deckel\/\">Sehen Sie sich den Rest unseres Sortiments an Mikrowellenschalen mit Deckeln an<\/a><\/p>\n","protected":false},"excerpt":{"rendered":"<p>Mikrowellengeeignete Box Mikrowellengeeignete Box + Spritzgussdeckel aus PP-Kunststoff 1500 ml 50er-Pack<\/p>\n","protected":false},"featured_media":273390,"template":"","meta":{"_acf_changed":false},"product_brand":[],"product_cat":[1137,1170,2277,1513,2166],"product_tag":[],"class_list":{"0":"post-273396","1":"product","2":"type-product","3":"status-publish","4":"has-post-thumbnail","6":"product_cat-lebensmittelverpackungen","7":"product_cat-metzgerei-und-feinkostgeschaft","8":"product_cat-schalen-dosen-und-glaser","9":"product_cat-schalen-dosen-glaser-fur-lebensmittel","10":"product_cat-mikrowellenschalen-mit-deckel","12":"first","13":"instock","14":"taxable","15":"shipping-taxable","16":"purchasable","17":"product-type-simple"},"acf":[],"yoast_head":"<!-- This site is optimized with the Yoast SEO Premium plugin v26.6 (Yoast SEO v26.6) - https:\/\/yoast.com\/wordpress\/plugins\/seo\/ -->\n<title>Mikrowellengeeignete Box + Deckel aus PP-Kunststoff 1500 ml 50er-Pack<\/title>\n<meta name=\"description\" content=\"Mikrowellengeeignete Box 1500 ml aus PP-Kunststoff mit Spritzgussdeckel 50er-Pack. Ideal f\u00fcr komplette Gerichte zum Mitnehmen, robust und mikrowellengeeignet.\" \/>\n<meta name=\"robots\" content=\"index, follow, max-snippet:-1, max-image-preview:large, max-video-preview:-1\" \/>\n<link rel=\"canonical\" href=\"https:\/\/www.csj-emballages.com\/de\/produit\/mikrowellengeeignete-box-spritzgussdeckel-aus-pp-kunststoff-1500-ml-50er-pack\/\" \/>\n<meta property=\"og:locale\" content=\"de_DE\" \/>\n<meta property=\"og:type\" content=\"article\" \/>\n<meta property=\"og:title\" content=\"Mikrowellengeeignete Box + Spritzgussdeckel aus PP-Kunststoff 1500 ml 50er-Pack\" \/>\n<meta property=\"og:description\" content=\"Mikrowellengeeignete Box 1500 ml aus PP-Kunststoff mit Spritzgussdeckel 50er-Pack. Ideal f\u00fcr komplette Gerichte zum Mitnehmen, robust und mikrowellengeeignet.\" \/>\n<meta property=\"og:url\" content=\"https:\/\/www.csj-emballages.com\/de\/produit\/mikrowellengeeignete-box-spritzgussdeckel-aus-pp-kunststoff-1500-ml-50er-pack\/\" \/>\n<meta property=\"og:site_name\" content=\"CSJ Emballages\" \/>\n<meta property=\"article:publisher\" content=\"https:\/\/www.facebook.com\/csjemballages\" \/>\n<meta property=\"article:modified_time\" content=\"2026-04-17T00:14:06+00:00\" \/>\n<meta property=\"og:image\" content=\"https:\/\/www.csj-emballages.com\/wp-content\/uploads\/2026\/03\/INJ1500.webp\" \/>\n\t<meta property=\"og:image:width\" content=\"800\" \/>\n\t<meta property=\"og:image:height\" content=\"800\" \/>\n\t<meta property=\"og:image:type\" content=\"image\/webp\" \/>\n<meta name=\"twitter:card\" content=\"summary_large_image\" \/>\n<meta name=\"twitter:label1\" content=\"Gesch\u00e4tzte Lesezeit\" \/>\n\t<meta name=\"twitter:data1\" content=\"1\u00a0Minute\" \/>\n<script type=\"application\/ld+json\" class=\"yoast-schema-graph\">{\"@context\":\"https:\/\/schema.org\",\"@graph\":[{\"@type\":\"WebPage\",\"@id\":\"https:\/\/www.csj-emballages.com\/de\/produit\/mikrowellengeeignete-box-spritzgussdeckel-aus-pp-kunststoff-1500-ml-50er-pack\/\",\"url\":\"https:\/\/www.csj-emballages.com\/de\/produit\/mikrowellengeeignete-box-spritzgussdeckel-aus-pp-kunststoff-1500-ml-50er-pack\/\",\"name\":\"Mikrowellengeeignete Box + Deckel aus PP-Kunststoff 1500 ml 50er-Pack\",\"isPartOf\":{\"@id\":\"https:\/\/www.csj-emballages.com\/de\/#website\"},\"primaryImageOfPage\":{\"@id\":\"https:\/\/www.csj-emballages.com\/de\/produit\/mikrowellengeeignete-box-spritzgussdeckel-aus-pp-kunststoff-1500-ml-50er-pack\/#primaryimage\"},\"image\":{\"@id\":\"https:\/\/www.csj-emballages.com\/de\/produit\/mikrowellengeeignete-box-spritzgussdeckel-aus-pp-kunststoff-1500-ml-50er-pack\/#primaryimage\"},\"thumbnailUrl\":\"https:\/\/www.csj-emballages.com\/wp-content\/uploads\/2026\/03\/INJ1500.webp\",\"datePublished\":\"2026-03-02T13:18:18+00:00\",\"dateModified\":\"2026-04-17T00:14:06+00:00\",\"description\":\"Mikrowellengeeignete Box 1500 ml aus PP-Kunststoff mit Spritzgussdeckel 50er-Pack. Ideal f\u00fcr komplette Gerichte zum Mitnehmen, robust und mikrowellengeeignet.\",\"breadcrumb\":{\"@id\":\"https:\/\/www.csj-emballages.com\/de\/produit\/mikrowellengeeignete-box-spritzgussdeckel-aus-pp-kunststoff-1500-ml-50er-pack\/#breadcrumb\"},\"inLanguage\":\"de\",\"potentialAction\":[{\"@type\":\"ReadAction\",\"target\":[\"https:\/\/www.csj-emballages.com\/de\/produit\/mikrowellengeeignete-box-spritzgussdeckel-aus-pp-kunststoff-1500-ml-50er-pack\/\"]}]},{\"@type\":\"ImageObject\",\"inLanguage\":\"de\",\"@id\":\"https:\/\/www.csj-emballages.com\/de\/produit\/mikrowellengeeignete-box-spritzgussdeckel-aus-pp-kunststoff-1500-ml-50er-pack\/#primaryimage\",\"url\":\"https:\/\/www.csj-emballages.com\/wp-content\/uploads\/2026\/03\/INJ1500.webp\",\"contentUrl\":\"https:\/\/www.csj-emballages.com\/wp-content\/uploads\/2026\/03\/INJ1500.webp\",\"width\":800,\"height\":800,\"caption\":\"Boite micro-ondable\"},{\"@type\":\"BreadcrumbList\",\"@id\":\"https:\/\/www.csj-emballages.com\/de\/produit\/mikrowellengeeignete-box-spritzgussdeckel-aus-pp-kunststoff-1500-ml-50er-pack\/#breadcrumb\",\"itemListElement\":[{\"@type\":\"ListItem\",\"position\":1,\"name\":\"Accueil\",\"item\":\"https:\/\/www.csj-emballages.com\/de\/universum-lebensmittelverpackungen\/\"},{\"@type\":\"ListItem\",\"position\":2,\"name\":\"Shop\",\"item\":\"https:\/\/www.csj-emballages.com\/shop\/\"},{\"@type\":\"ListItem\",\"position\":3,\"name\":\"Mikrowellengeeignete Box + Spritzgussdeckel aus PP-Kunststoff 1500 ml 50er-Pack\"}]},{\"@type\":\"WebSite\",\"@id\":\"https:\/\/www.csj-emballages.com\/de\/#website\",\"url\":\"https:\/\/www.csj-emballages.com\/de\/\",\"name\":\"CSJ Emballages\",\"description\":\"\",\"publisher\":{\"@id\":\"https:\/\/www.csj-emballages.com\/de\/#organization\"},\"potentialAction\":[{\"@type\":\"SearchAction\",\"target\":{\"@type\":\"EntryPoint\",\"urlTemplate\":\"https:\/\/www.csj-emballages.com\/de\/?s={search_term_string}\"},\"query-input\":{\"@type\":\"PropertyValueSpecification\",\"valueRequired\":true,\"valueName\":\"search_term_string\"}}],\"inLanguage\":\"de\"},{\"@type\":\"Organization\",\"@id\":\"https:\/\/www.csj-emballages.com\/de\/#Organization\/\",\"name\":\"CSJ Emballages\",\"url\":\"https:\/\/www.csj-emballages.com\/de\/\",\"logo\":{\"@type\":\"ImageObject\",\"inLanguage\":\"de\",\"@id\":\"https:\/\/www.csj-emballages.com\/de\/#\/schema\/logo\/image\/\",\"url\":\"https:\/\/www.csj-emballages.com\/wp-content\/uploads\/2023\/10\/logo_csj.webp\",\"contentUrl\":\"https:\/\/www.csj-emballages.com\/wp-content\/uploads\/2023\/10\/logo_csj.webp\",\"width\":250,\"height\":95,\"caption\":\"CSJ Emballages\"},\"image\":{\"@id\":\"https:\/\/www.csj-emballages.com\/de\/#\/schema\/logo\/image\/\"},\"sameAs\":[\"https:\/\/www.facebook.com\/csjemballages\"],\"address\":{\"@type\":\"PostalAddress\",\"streetAddress\":\"ZI La Lechere\",\"addressLocality\":\"Patornay\",\"postalCode\":\"39130\",\"addressCountry\":\"FR\"},\"contactPoint\":[{\"@type\":\"ContactPoint\",\"contactType\":\"Service client\",\"telephone\":\"0384254272\",\"email\":\"contact@csj-emballages.com\"}]}]}<\/script>\n<!-- \/ Yoast SEO Premium plugin. -->","yoast_head_json":{"title":"Mikrowellengeeignete Box + Deckel aus PP-Kunststoff 1500 ml 50er-Pack","description":"Mikrowellengeeignete Box 1500 ml aus PP-Kunststoff mit Spritzgussdeckel 50er-Pack. Ideal f\u00fcr komplette Gerichte zum Mitnehmen, robust und mikrowellengeeignet.","robots":{"index":"index","follow":"follow","max-snippet":"max-snippet:-1","max-image-preview":"max-image-preview:large","max-video-preview":"max-video-preview:-1"},"canonical":"https:\/\/www.csj-emballages.com\/de\/produit\/mikrowellengeeignete-box-spritzgussdeckel-aus-pp-kunststoff-1500-ml-50er-pack\/","og_locale":"de_DE","og_type":"article","og_title":"Mikrowellengeeignete Box + Spritzgussdeckel aus PP-Kunststoff 1500 ml 50er-Pack","og_description":"Mikrowellengeeignete Box 1500 ml aus PP-Kunststoff mit Spritzgussdeckel 50er-Pack. Ideal f\u00fcr komplette Gerichte zum Mitnehmen, robust und mikrowellengeeignet.","og_url":"https:\/\/www.csj-emballages.com\/de\/produit\/mikrowellengeeignete-box-spritzgussdeckel-aus-pp-kunststoff-1500-ml-50er-pack\/","og_site_name":"CSJ Emballages","article_publisher":"https:\/\/www.facebook.com\/csjemballages","article_modified_time":"2026-04-17T00:14:06+00:00","og_image":[{"width":800,"height":800,"url":"https:\/\/www.csj-emballages.com\/wp-content\/uploads\/2026\/03\/INJ1500.webp","type":"image\/webp"}],"twitter_card":"summary_large_image","twitter_misc":{"Gesch\u00e4tzte Lesezeit":"1\u00a0Minute"},"schema":{"@context":"https:\/\/schema.org","@graph":[{"@type":"WebPage","@id":"https:\/\/www.csj-emballages.com\/de\/produit\/mikrowellengeeignete-box-spritzgussdeckel-aus-pp-kunststoff-1500-ml-50er-pack\/","url":"https:\/\/www.csj-emballages.com\/de\/produit\/mikrowellengeeignete-box-spritzgussdeckel-aus-pp-kunststoff-1500-ml-50er-pack\/","name":"Mikrowellengeeignete Box + Deckel aus PP-Kunststoff 1500 ml 50er-Pack","isPartOf":{"@id":"https:\/\/www.csj-emballages.com\/de\/#website"},"primaryImageOfPage":{"@id":"https:\/\/www.csj-emballages.com\/de\/produit\/mikrowellengeeignete-box-spritzgussdeckel-aus-pp-kunststoff-1500-ml-50er-pack\/#primaryimage"},"image":{"@id":"https:\/\/www.csj-emballages.com\/de\/produit\/mikrowellengeeignete-box-spritzgussdeckel-aus-pp-kunststoff-1500-ml-50er-pack\/#primaryimage"},"thumbnailUrl":"https:\/\/www.csj-emballages.com\/wp-content\/uploads\/2026\/03\/INJ1500.webp","datePublished":"2026-03-02T13:18:18+00:00","dateModified":"2026-04-17T00:14:06+00:00","description":"Mikrowellengeeignete Box 1500 ml aus PP-Kunststoff mit Spritzgussdeckel 50er-Pack. Ideal f\u00fcr komplette Gerichte zum Mitnehmen, robust und mikrowellengeeignet.","breadcrumb":{"@id":"https:\/\/www.csj-emballages.com\/de\/produit\/mikrowellengeeignete-box-spritzgussdeckel-aus-pp-kunststoff-1500-ml-50er-pack\/#breadcrumb"},"inLanguage":"de","potentialAction":[{"@type":"ReadAction","target":["https:\/\/www.csj-emballages.com\/de\/produit\/mikrowellengeeignete-box-spritzgussdeckel-aus-pp-kunststoff-1500-ml-50er-pack\/"]}]},{"@type":"ImageObject","inLanguage":"de","@id":"https:\/\/www.csj-emballages.com\/de\/produit\/mikrowellengeeignete-box-spritzgussdeckel-aus-pp-kunststoff-1500-ml-50er-pack\/#primaryimage","url":"https:\/\/www.csj-emballages.com\/wp-content\/uploads\/2026\/03\/INJ1500.webp","contentUrl":"https:\/\/www.csj-emballages.com\/wp-content\/uploads\/2026\/03\/INJ1500.webp","width":800,"height":800,"caption":"Boite micro-ondable"},{"@type":"BreadcrumbList","@id":"https:\/\/www.csj-emballages.com\/de\/produit\/mikrowellengeeignete-box-spritzgussdeckel-aus-pp-kunststoff-1500-ml-50er-pack\/#breadcrumb","itemListElement":[{"@type":"ListItem","position":1,"name":"Accueil","item":"https:\/\/www.csj-emballages.com\/de\/universum-lebensmittelverpackungen\/"},{"@type":"ListItem","position":2,"name":"Shop","item":"https:\/\/www.csj-emballages.com\/shop\/"},{"@type":"ListItem","position":3,"name":"Mikrowellengeeignete Box + Spritzgussdeckel aus PP-Kunststoff 1500 ml 50er-Pack"}]},{"@type":"WebSite","@id":"https:\/\/www.csj-emballages.com\/de\/#website","url":"https:\/\/www.csj-emballages.com\/de\/","name":"CSJ Emballages","description":"","publisher":{"@id":"https:\/\/www.csj-emballages.com\/de\/#organization"},"potentialAction":[{"@type":"SearchAction","target":{"@type":"EntryPoint","urlTemplate":"https:\/\/www.csj-emballages.com\/de\/?s={search_term_string}"},"query-input":{"@type":"PropertyValueSpecification","valueRequired":true,"valueName":"search_term_string"}}],"inLanguage":"de"},{"@type":"Organization","@id":"https:\/\/www.csj-emballages.com\/de\/#Organization\/","name":"CSJ Emballages","url":"https:\/\/www.csj-emballages.com\/de\/","logo":{"@type":"ImageObject","inLanguage":"de","@id":"https:\/\/www.csj-emballages.com\/de\/#\/schema\/logo\/image\/","url":"https:\/\/www.csj-emballages.com\/wp-content\/uploads\/2023\/10\/logo_csj.webp","contentUrl":"https:\/\/www.csj-emballages.com\/wp-content\/uploads\/2023\/10\/logo_csj.webp","width":250,"height":95,"caption":"CSJ Emballages"},"image":{"@id":"https:\/\/www.csj-emballages.com\/de\/#\/schema\/logo\/image\/"},"sameAs":["https:\/\/www.facebook.com\/csjemballages"],"address":{"@type":"PostalAddress","streetAddress":"ZI La Lechere","addressLocality":"Patornay","postalCode":"39130","addressCountry":"FR"},"contactPoint":[{"@type":"ContactPoint","contactType":"Service client","telephone":"0384254272","email":"contact@csj-emballages.com"}]}]}},"df_price":14.94,"df_sale_price":"","df_regular_price":14.94,"df_image_link":"https:\/\/www.csj-emballages.com\/wp-content\/uploads\/2026\/03\/INJ1500-300x300.webp","tiered_pricing_type":"fixed","tiered_pricing_fixed_rules":[],"tiered_pricing_percentage_rules":[],"tiered_pricing_minimum":1,"tiered_pricing_roles_data":[],"_links":{"self":[{"href":"https:\/\/www.csj-emballages.com\/de\/wp-json\/wp\/v2\/product\/273396","targetHints":{"allow":["GET"]}}],"collection":[{"href":"https:\/\/www.csj-emballages.com\/de\/wp-json\/wp\/v2\/product"}],"about":[{"href":"https:\/\/www.csj-emballages.com\/de\/wp-json\/wp\/v2\/types\/product"}],"wp:featuredmedia":[{"embeddable":true,"href":"https:\/\/www.csj-emballages.com\/de\/wp-json\/wp\/v2\/media\/273390"}],"wp:attachment":[{"href":"https:\/\/www.csj-emballages.com\/de\/wp-json\/wp\/v2\/media?parent=273396"}],"wp:term":[{"taxonomy":"product_brand","embeddable":true,"href":"https:\/\/www.csj-emballages.com\/de\/wp-json\/wp\/v2\/product_brand?post=273396"},{"taxonomy":"product_cat","embeddable":true,"href":"https:\/\/www.csj-emballages.com\/de\/wp-json\/wp\/v2\/product_cat?post=273396"},{"taxonomy":"product_tag","embeddable":true,"href":"https:\/\/www.csj-emballages.com\/de\/wp-json\/wp\/v2\/product_tag?post=273396"}],"curies":[{"name":"wp","href":"https:\/\/api.w.org\/{rel}","templated":true}]}}