{"id":273359,"date":"2026-03-02T14:18:21","date_gmt":"2026-03-02T13:18:21","guid":{"rendered":"https:\/\/www.csj-emballages.com\/produit\/mikrowellengeeignete-dose-injizierter-deckel-aus-pp-kunststoff-650-ml-50-stueck\/"},"modified":"2026-05-01T18:00:29","modified_gmt":"2026-05-01T16:00:29","slug":"mikrowellengeeignete-dose-injizierter-deckel-aus-pp-kunststoff-650-ml-50-stueck","status":"publish","type":"product","link":"https:\/\/www.csj-emballages.com\/de\/produit\/mikrowellengeeignete-dose-injizierter-deckel-aus-pp-kunststoff-650-ml-50-stueck\/","title":{"rendered":"Mikrowellengeeignete Dose + injizierter Deckel aus PP-Kunststoff 650 ml, 50 St\u00fcck"},"content":{"rendered":"<h2>Mikrowellengeeignete Box<\/h2>\n<hr>\n<h3>Mikrowellengeeignete Dose + injizierter Deckel aus PP-Kunststoff 650 ml, 50 St\u00fcck<\/h3>\n<p><!--more--><\/p>\n<p data-start=\"198\" data-end=\"512\">Die <strong>mikrowellengeeignete Dose 650 ml<\/strong> mit <strong>injiziertem Deckel aus PP-Kunststoff<\/strong> ist eine hervorragende L\u00f6sung zum Verpacken, Erw\u00e4rmen und Transportieren von Mahlzeiten. Zun\u00e4chst f\u00fcr Gastronomieprofis, Caterer und den Au\u00dfer-Haus-Verkauf konzipiert, erm\u00f6glicht sie das einfache Aufbewahren und Aufw\u00e4rmen von Zubereitungen. <\/p>\n<p data-start=\"514\" data-end=\"843\">Dank ihres Fassungsverm\u00f6gens von <strong>650 ml<\/strong> eignet sie sich perfekt f\u00fcr <strong>Einzelportionen<\/strong> wie Fertiggerichte, <strong>Paella, Pasta, Reis, Gem\u00fcse oder Beilagen<\/strong>. Ihre Ausf\u00fchrung aus <strong>Polypropylen (PP)<\/strong> sorgt f\u00fcr eine sehr gute Hitzebest\u00e4ndigkeit, sodass sich <strong>Speisen direkt in der Mikrowelle<\/strong> erw\u00e4rmen lassen. <\/p>\n<p data-start=\"845\" data-end=\"1109\">Der <strong>Spritzgussdeckel<\/strong> gew\u00e4hrleistet einen sicheren Verschluss und sch\u00fctzt die Speisen w\u00e4hrend des Transports. Seine <strong>Transparenz<\/strong> erm\u00f6glicht zudem die schnelle Identifizierung des Inhalts, was die Organisation in der K\u00fcche, in der Vitrine oder bei der Auftragsvorbereitung erleichtert. <\/p>\n<p data-start=\"1111\" data-end=\"1340\">Zusammenfassend ist diese robuste und leichte <strong>Box<\/strong> ideal f\u00fcr Take-away, <strong>Click &amp; Collect<\/strong> oder Catering-Services. Im <strong>50er-Pack<\/strong> verpackt, stellt sie eine wirtschaftliche und funktionale L\u00f6sung f\u00fcr Profis dar. <\/p>\n<p data-start=\"1111\" data-end=\"1340\"><!--more--><\/p>\n<p data-start=\"1111\" data-end=\"1340\"><strong><span style=\"color: #ff0000;\">*Die Deckel sind bei diesen Schalen enthalten<\/span><\/strong><\/p>\n<p data-start=\"1111\" data-end=\"1340\"><!--more--><\/p>\n<h4 data-start=\"1111\" data-end=\"1340\">Vorteile :<\/h4>\n<ul>\n<li data-start=\"1377\" data-end=\"1431\"><strong>Fassungsverm\u00f6gen 650 ml<\/strong>, geeignet f\u00fcr Einzelportionen<\/li>\n<li data-start=\"1434\" data-end=\"1471\">Hitzebest\u00e4ndiger PP-Kunststoff<\/li>\n<li data-start=\"1474\" data-end=\"1498\"><strong>Mikrowellengeeignet<\/strong><\/li>\n<li data-start=\"1501\" data-end=\"1546\">Integrierter Spritzgussdeckel f\u00fcr zuverl\u00e4ssigen Verschluss<\/li>\n<li data-start=\"1581\" data-end=\"1637\">Ideal f\u00fcr zubereitete Gerichte, Salate und Beilagen<\/li>\n<li data-start=\"1640\" data-end=\"1688\">Geeignet f\u00fcr Take-away und Caterer<\/li>\n<li data-start=\"1691\" data-end=\"1724\">Praktische Verpackung zu <strong>50<\/strong> St\u00fcck<\/li>\n<\/ul>\n<p>&nbsp;<\/p>\n<p><!--more--><\/p>\n<h4>Weitere Informationen :<\/h4>\n<ul>\n<li><strong>Verpackung<\/strong>: Packung mit 50 St\u00fcck<\/li>\n<li><strong>Abmessungen<\/strong>: 174 x 118 (L x B in mm)<\/li>\n<li><strong>H\u00f6he<\/strong>: 50 mm<\/li>\n<li><strong>Volumen<\/strong>: 650 ml<\/li>\n<li><strong>Material<\/strong>: PP<\/li>\n<li><strong>Farbe<\/strong>: Farblos<\/li>\n<li><strong>Betriebstemperatur<\/strong>: -20\u00b0C \/ +120\u00b0C<\/li>\n<\/ul>\n<p>&nbsp;<\/p>\n<p><!--more--><\/p>\n<p>Diese mikrowellengeeigneten Boxen und Deckel sind in verschiedenen Gr\u00f6\u00dfen erh\u00e4ltlich: <span style=\"color: #d12727;\"><a style=\"color: #d12727;\" href=\"https:\/\/www.csj-emballages.com\/de\/produit\/mikrowellengeeignete-box-spritzgussdeckel-aus-pp-kunststoff-500-ml-50-stueck\/\">500 ml<\/a><\/span> \/ <span style=\"color: #d12727;\"><a style=\"color: #d12727;\" href=\"https:\/\/www.csj-emballages.com\/de\/produit\/mikrowellengeeignete-box-deckel-aus-kunststoff-pp-750-ml-50-stueck\/\">750 ml<\/a><\/span> \/ <span style=\"color: #d12727;\"><a style=\"color: #d12727;\" href=\"https:\/\/www.csj-emballages.com\/it\/produit\/contenitore-per-microonde-coperchio-in-plastica-pp-iniettato-1000-ml-da-50\/\">1000 ml<\/a><\/span> \/ <span style=\"color: #d12727;\"><a style=\"color: #d12727;\" href=\"https:\/\/www.csj-emballages.com\/de\/produit\/mikrowellengeeignete-box-spritzgussdeckel-aus-pp-kunststoff-1500-ml-50er-pack\/\">1500 ml<\/a><\/span><\/p>\n<p>&nbsp;<\/p>\n<p>&nbsp;<\/p>\n<p><!--more--><\/p>\n<p><a href=\"https:\/\/www.csj-emballages.com\/de\/categorie-produit\/lebensmittelverpackungen\/metzgerei-und-feinkostgeschaft\/schalen-dosen-und-glaser\/schalen-dosen-glaser-fur-lebensmittel\/mikrowellenschalen-mit-deckel\/\">Sehen Sie sich den Rest unseres Sortiments an Mikrowellenschalen mit Deckeln an<\/a><\/p>\n","protected":false},"excerpt":{"rendered":"<p>Mikrowellengeeignete Box Mikrowellengeeignete Dose + injizierter Deckel aus PP-Kunststoff 650 ml, 50 St\u00fcck<\/p>\n","protected":false},"featured_media":273352,"template":"","meta":{"_acf_changed":false},"product_brand":[],"product_cat":[1137,1170,2277,1513,2166],"product_tag":[],"class_list":{"0":"post-273359","1":"product","2":"type-product","3":"status-publish","4":"has-post-thumbnail","6":"product_cat-lebensmittelverpackungen","7":"product_cat-metzgerei-und-feinkostgeschaft","8":"product_cat-schalen-dosen-und-glaser","9":"product_cat-schalen-dosen-glaser-fur-lebensmittel","10":"product_cat-mikrowellenschalen-mit-deckel","12":"first","13":"instock","14":"taxable","15":"shipping-taxable","16":"purchasable","17":"product-type-simple"},"acf":[],"yoast_head":"<!-- This site is optimized with the Yoast SEO Premium plugin v26.6 (Yoast SEO v26.6) - https:\/\/yoast.com\/wordpress\/plugins\/seo\/ -->\n<title>Mikrowellengeeignete Dose + Deckel aus PP-Kunststoff 650 ml, 50 St\u00fcck<\/title>\n<meta name=\"description\" content=\"Mikrowellengeeignete Dose 650 ml aus PP-Kunststoff mit Deckel, 50 St\u00fcck. Ideal f\u00fcr Speisen zum Mitnehmen, hitzebest\u00e4ndig und praktisch zum Aufw\u00e4rmen.\" \/>\n<meta name=\"robots\" content=\"index, follow, max-snippet:-1, max-image-preview:large, max-video-preview:-1\" \/>\n<link rel=\"canonical\" href=\"https:\/\/www.csj-emballages.com\/de\/produit\/mikrowellengeeignete-dose-injizierter-deckel-aus-pp-kunststoff-650-ml-50-stueck\/\" \/>\n<meta property=\"og:locale\" content=\"de_DE\" \/>\n<meta property=\"og:type\" content=\"article\" \/>\n<meta property=\"og:title\" content=\"Mikrowellengeeignete Dose + injizierter Deckel aus PP-Kunststoff 650 ml, 50 St\u00fcck\" \/>\n<meta property=\"og:description\" content=\"Mikrowellengeeignete Dose 650 ml aus PP-Kunststoff mit Deckel, 50 St\u00fcck. Ideal f\u00fcr Speisen zum Mitnehmen, hitzebest\u00e4ndig und praktisch zum Aufw\u00e4rmen.\" \/>\n<meta property=\"og:url\" content=\"https:\/\/www.csj-emballages.com\/de\/produit\/mikrowellengeeignete-dose-injizierter-deckel-aus-pp-kunststoff-650-ml-50-stueck\/\" \/>\n<meta property=\"og:site_name\" content=\"CSJ Emballages\" \/>\n<meta property=\"article:publisher\" content=\"https:\/\/www.facebook.com\/csjemballages\" \/>\n<meta property=\"article:modified_time\" content=\"2026-05-01T16:00:29+00:00\" \/>\n<meta property=\"og:image\" content=\"https:\/\/www.csj-emballages.com\/wp-content\/uploads\/2026\/03\/INJ650.webp\" \/>\n\t<meta property=\"og:image:width\" content=\"800\" \/>\n\t<meta property=\"og:image:height\" content=\"800\" \/>\n\t<meta property=\"og:image:type\" content=\"image\/webp\" \/>\n<meta name=\"twitter:card\" content=\"summary_large_image\" \/>\n<meta name=\"twitter:label1\" content=\"Gesch\u00e4tzte Lesezeit\" \/>\n\t<meta name=\"twitter:data1\" content=\"1\u00a0Minute\" \/>\n<script type=\"application\/ld+json\" class=\"yoast-schema-graph\">{\"@context\":\"https:\/\/schema.org\",\"@graph\":[{\"@type\":\"WebPage\",\"@id\":\"https:\/\/www.csj-emballages.com\/de\/produit\/mikrowellengeeignete-dose-injizierter-deckel-aus-pp-kunststoff-650-ml-50-stueck\/\",\"url\":\"https:\/\/www.csj-emballages.com\/de\/produit\/mikrowellengeeignete-dose-injizierter-deckel-aus-pp-kunststoff-650-ml-50-stueck\/\",\"name\":\"Mikrowellengeeignete Dose + Deckel aus PP-Kunststoff 650 ml, 50 St\u00fcck\",\"isPartOf\":{\"@id\":\"https:\/\/www.csj-emballages.com\/de\/#website\"},\"primaryImageOfPage\":{\"@id\":\"https:\/\/www.csj-emballages.com\/de\/produit\/mikrowellengeeignete-dose-injizierter-deckel-aus-pp-kunststoff-650-ml-50-stueck\/#primaryimage\"},\"image\":{\"@id\":\"https:\/\/www.csj-emballages.com\/de\/produit\/mikrowellengeeignete-dose-injizierter-deckel-aus-pp-kunststoff-650-ml-50-stueck\/#primaryimage\"},\"thumbnailUrl\":\"https:\/\/www.csj-emballages.com\/wp-content\/uploads\/2026\/03\/INJ650.webp\",\"datePublished\":\"2026-03-02T13:18:21+00:00\",\"dateModified\":\"2026-05-01T16:00:29+00:00\",\"description\":\"Mikrowellengeeignete Dose 650 ml aus PP-Kunststoff mit Deckel, 50 St\u00fcck. Ideal f\u00fcr Speisen zum Mitnehmen, hitzebest\u00e4ndig und praktisch zum Aufw\u00e4rmen.\",\"breadcrumb\":{\"@id\":\"https:\/\/www.csj-emballages.com\/de\/produit\/mikrowellengeeignete-dose-injizierter-deckel-aus-pp-kunststoff-650-ml-50-stueck\/#breadcrumb\"},\"inLanguage\":\"de\",\"potentialAction\":[{\"@type\":\"ReadAction\",\"target\":[\"https:\/\/www.csj-emballages.com\/de\/produit\/mikrowellengeeignete-dose-injizierter-deckel-aus-pp-kunststoff-650-ml-50-stueck\/\"]}]},{\"@type\":\"ImageObject\",\"inLanguage\":\"de\",\"@id\":\"https:\/\/www.csj-emballages.com\/de\/produit\/mikrowellengeeignete-dose-injizierter-deckel-aus-pp-kunststoff-650-ml-50-stueck\/#primaryimage\",\"url\":\"https:\/\/www.csj-emballages.com\/wp-content\/uploads\/2026\/03\/INJ650.webp\",\"contentUrl\":\"https:\/\/www.csj-emballages.com\/wp-content\/uploads\/2026\/03\/INJ650.webp\",\"width\":800,\"height\":800,\"caption\":\"Boite micro-ondable\"},{\"@type\":\"BreadcrumbList\",\"@id\":\"https:\/\/www.csj-emballages.com\/de\/produit\/mikrowellengeeignete-dose-injizierter-deckel-aus-pp-kunststoff-650-ml-50-stueck\/#breadcrumb\",\"itemListElement\":[{\"@type\":\"ListItem\",\"position\":1,\"name\":\"Accueil\",\"item\":\"https:\/\/www.csj-emballages.com\/de\/universum-lebensmittelverpackungen\/\"},{\"@type\":\"ListItem\",\"position\":2,\"name\":\"Shop\",\"item\":\"https:\/\/www.csj-emballages.com\/shop\/\"},{\"@type\":\"ListItem\",\"position\":3,\"name\":\"Mikrowellengeeignete Dose + injizierter Deckel aus PP-Kunststoff 650 ml, 50 St\u00fcck\"}]},{\"@type\":\"WebSite\",\"@id\":\"https:\/\/www.csj-emballages.com\/de\/#website\",\"url\":\"https:\/\/www.csj-emballages.com\/de\/\",\"name\":\"CSJ Emballages\",\"description\":\"\",\"publisher\":{\"@id\":\"https:\/\/www.csj-emballages.com\/de\/#organization\"},\"potentialAction\":[{\"@type\":\"SearchAction\",\"target\":{\"@type\":\"EntryPoint\",\"urlTemplate\":\"https:\/\/www.csj-emballages.com\/de\/?s={search_term_string}\"},\"query-input\":{\"@type\":\"PropertyValueSpecification\",\"valueRequired\":true,\"valueName\":\"search_term_string\"}}],\"inLanguage\":\"de\"},{\"@type\":\"Organization\",\"@id\":\"https:\/\/www.csj-emballages.com\/de\/#Organization\/\",\"name\":\"CSJ Emballages\",\"url\":\"https:\/\/www.csj-emballages.com\/de\/\",\"logo\":{\"@type\":\"ImageObject\",\"inLanguage\":\"de\",\"@id\":\"https:\/\/www.csj-emballages.com\/de\/#\/schema\/logo\/image\/\",\"url\":\"https:\/\/www.csj-emballages.com\/wp-content\/uploads\/2023\/10\/logo_csj.webp\",\"contentUrl\":\"https:\/\/www.csj-emballages.com\/wp-content\/uploads\/2023\/10\/logo_csj.webp\",\"width\":250,\"height\":95,\"caption\":\"CSJ Emballages\"},\"image\":{\"@id\":\"https:\/\/www.csj-emballages.com\/de\/#\/schema\/logo\/image\/\"},\"sameAs\":[\"https:\/\/www.facebook.com\/csjemballages\"],\"address\":{\"@type\":\"PostalAddress\",\"streetAddress\":\"ZI La Lechere\",\"addressLocality\":\"Patornay\",\"postalCode\":\"39130\",\"addressCountry\":\"FR\"},\"contactPoint\":[{\"@type\":\"ContactPoint\",\"contactType\":\"Service client\",\"telephone\":\"0384254272\",\"email\":\"contact@csj-emballages.com\"}]}]}<\/script>\n<!-- \/ Yoast SEO Premium plugin. -->","yoast_head_json":{"title":"Mikrowellengeeignete Dose + Deckel aus PP-Kunststoff 650 ml, 50 St\u00fcck","description":"Mikrowellengeeignete Dose 650 ml aus PP-Kunststoff mit Deckel, 50 St\u00fcck. Ideal f\u00fcr Speisen zum Mitnehmen, hitzebest\u00e4ndig und praktisch zum Aufw\u00e4rmen.","robots":{"index":"index","follow":"follow","max-snippet":"max-snippet:-1","max-image-preview":"max-image-preview:large","max-video-preview":"max-video-preview:-1"},"canonical":"https:\/\/www.csj-emballages.com\/de\/produit\/mikrowellengeeignete-dose-injizierter-deckel-aus-pp-kunststoff-650-ml-50-stueck\/","og_locale":"de_DE","og_type":"article","og_title":"Mikrowellengeeignete Dose + injizierter Deckel aus PP-Kunststoff 650 ml, 50 St\u00fcck","og_description":"Mikrowellengeeignete Dose 650 ml aus PP-Kunststoff mit Deckel, 50 St\u00fcck. Ideal f\u00fcr Speisen zum Mitnehmen, hitzebest\u00e4ndig und praktisch zum Aufw\u00e4rmen.","og_url":"https:\/\/www.csj-emballages.com\/de\/produit\/mikrowellengeeignete-dose-injizierter-deckel-aus-pp-kunststoff-650-ml-50-stueck\/","og_site_name":"CSJ Emballages","article_publisher":"https:\/\/www.facebook.com\/csjemballages","article_modified_time":"2026-05-01T16:00:29+00:00","og_image":[{"width":800,"height":800,"url":"https:\/\/www.csj-emballages.com\/wp-content\/uploads\/2026\/03\/INJ650.webp","type":"image\/webp"}],"twitter_card":"summary_large_image","twitter_misc":{"Gesch\u00e4tzte Lesezeit":"1\u00a0Minute"},"schema":{"@context":"https:\/\/schema.org","@graph":[{"@type":"WebPage","@id":"https:\/\/www.csj-emballages.com\/de\/produit\/mikrowellengeeignete-dose-injizierter-deckel-aus-pp-kunststoff-650-ml-50-stueck\/","url":"https:\/\/www.csj-emballages.com\/de\/produit\/mikrowellengeeignete-dose-injizierter-deckel-aus-pp-kunststoff-650-ml-50-stueck\/","name":"Mikrowellengeeignete Dose + Deckel aus PP-Kunststoff 650 ml, 50 St\u00fcck","isPartOf":{"@id":"https:\/\/www.csj-emballages.com\/de\/#website"},"primaryImageOfPage":{"@id":"https:\/\/www.csj-emballages.com\/de\/produit\/mikrowellengeeignete-dose-injizierter-deckel-aus-pp-kunststoff-650-ml-50-stueck\/#primaryimage"},"image":{"@id":"https:\/\/www.csj-emballages.com\/de\/produit\/mikrowellengeeignete-dose-injizierter-deckel-aus-pp-kunststoff-650-ml-50-stueck\/#primaryimage"},"thumbnailUrl":"https:\/\/www.csj-emballages.com\/wp-content\/uploads\/2026\/03\/INJ650.webp","datePublished":"2026-03-02T13:18:21+00:00","dateModified":"2026-05-01T16:00:29+00:00","description":"Mikrowellengeeignete Dose 650 ml aus PP-Kunststoff mit Deckel, 50 St\u00fcck. Ideal f\u00fcr Speisen zum Mitnehmen, hitzebest\u00e4ndig und praktisch zum Aufw\u00e4rmen.","breadcrumb":{"@id":"https:\/\/www.csj-emballages.com\/de\/produit\/mikrowellengeeignete-dose-injizierter-deckel-aus-pp-kunststoff-650-ml-50-stueck\/#breadcrumb"},"inLanguage":"de","potentialAction":[{"@type":"ReadAction","target":["https:\/\/www.csj-emballages.com\/de\/produit\/mikrowellengeeignete-dose-injizierter-deckel-aus-pp-kunststoff-650-ml-50-stueck\/"]}]},{"@type":"ImageObject","inLanguage":"de","@id":"https:\/\/www.csj-emballages.com\/de\/produit\/mikrowellengeeignete-dose-injizierter-deckel-aus-pp-kunststoff-650-ml-50-stueck\/#primaryimage","url":"https:\/\/www.csj-emballages.com\/wp-content\/uploads\/2026\/03\/INJ650.webp","contentUrl":"https:\/\/www.csj-emballages.com\/wp-content\/uploads\/2026\/03\/INJ650.webp","width":800,"height":800,"caption":"Boite micro-ondable"},{"@type":"BreadcrumbList","@id":"https:\/\/www.csj-emballages.com\/de\/produit\/mikrowellengeeignete-dose-injizierter-deckel-aus-pp-kunststoff-650-ml-50-stueck\/#breadcrumb","itemListElement":[{"@type":"ListItem","position":1,"name":"Accueil","item":"https:\/\/www.csj-emballages.com\/de\/universum-lebensmittelverpackungen\/"},{"@type":"ListItem","position":2,"name":"Shop","item":"https:\/\/www.csj-emballages.com\/shop\/"},{"@type":"ListItem","position":3,"name":"Mikrowellengeeignete Dose + injizierter Deckel aus PP-Kunststoff 650 ml, 50 St\u00fcck"}]},{"@type":"WebSite","@id":"https:\/\/www.csj-emballages.com\/de\/#website","url":"https:\/\/www.csj-emballages.com\/de\/","name":"CSJ Emballages","description":"","publisher":{"@id":"https:\/\/www.csj-emballages.com\/de\/#organization"},"potentialAction":[{"@type":"SearchAction","target":{"@type":"EntryPoint","urlTemplate":"https:\/\/www.csj-emballages.com\/de\/?s={search_term_string}"},"query-input":{"@type":"PropertyValueSpecification","valueRequired":true,"valueName":"search_term_string"}}],"inLanguage":"de"},{"@type":"Organization","@id":"https:\/\/www.csj-emballages.com\/de\/#Organization\/","name":"CSJ Emballages","url":"https:\/\/www.csj-emballages.com\/de\/","logo":{"@type":"ImageObject","inLanguage":"de","@id":"https:\/\/www.csj-emballages.com\/de\/#\/schema\/logo\/image\/","url":"https:\/\/www.csj-emballages.com\/wp-content\/uploads\/2023\/10\/logo_csj.webp","contentUrl":"https:\/\/www.csj-emballages.com\/wp-content\/uploads\/2023\/10\/logo_csj.webp","width":250,"height":95,"caption":"CSJ Emballages"},"image":{"@id":"https:\/\/www.csj-emballages.com\/de\/#\/schema\/logo\/image\/"},"sameAs":["https:\/\/www.facebook.com\/csjemballages"],"address":{"@type":"PostalAddress","streetAddress":"ZI La Lechere","addressLocality":"Patornay","postalCode":"39130","addressCountry":"FR"},"contactPoint":[{"@type":"ContactPoint","contactType":"Service client","telephone":"0384254272","email":"contact@csj-emballages.com"}]}]}},"df_price":8.87,"df_sale_price":"","df_regular_price":8.87,"df_image_link":"https:\/\/www.csj-emballages.com\/wp-content\/uploads\/2026\/03\/INJ650-300x300.webp","tiered_pricing_type":"fixed","tiered_pricing_fixed_rules":[],"tiered_pricing_percentage_rules":[],"tiered_pricing_minimum":1,"tiered_pricing_roles_data":[],"_links":{"self":[{"href":"https:\/\/www.csj-emballages.com\/de\/wp-json\/wp\/v2\/product\/273359","targetHints":{"allow":["GET"]}}],"collection":[{"href":"https:\/\/www.csj-emballages.com\/de\/wp-json\/wp\/v2\/product"}],"about":[{"href":"https:\/\/www.csj-emballages.com\/de\/wp-json\/wp\/v2\/types\/product"}],"wp:featuredmedia":[{"embeddable":true,"href":"https:\/\/www.csj-emballages.com\/de\/wp-json\/wp\/v2\/media\/273352"}],"wp:attachment":[{"href":"https:\/\/www.csj-emballages.com\/de\/wp-json\/wp\/v2\/media?parent=273359"}],"wp:term":[{"taxonomy":"product_brand","embeddable":true,"href":"https:\/\/www.csj-emballages.com\/de\/wp-json\/wp\/v2\/product_brand?post=273359"},{"taxonomy":"product_cat","embeddable":true,"href":"https:\/\/www.csj-emballages.com\/de\/wp-json\/wp\/v2\/product_cat?post=273359"},{"taxonomy":"product_tag","embeddable":true,"href":"https:\/\/www.csj-emballages.com\/de\/wp-json\/wp\/v2\/product_tag?post=273359"}],"curies":[{"name":"wp","href":"https:\/\/api.w.org\/{rel}","templated":true}]}}