{"id":273210,"date":"2026-03-02T14:18:25","date_gmt":"2026-03-02T13:18:25","guid":{"rendered":"https:\/\/www.csj-emballages.com\/produit\/essensbox-deckel-marmibox-schwarz-kunststoff-1250-ml-25er-pack\/"},"modified":"2026-04-27T11:02:02","modified_gmt":"2026-04-27T09:02:02","slug":"essensbox-deckel-marmibox-schwarz-kunststoff-1250-ml-25er-pack","status":"publish","type":"product","link":"https:\/\/www.csj-emballages.com\/de\/produit\/essensbox-deckel-marmibox-schwarz-kunststoff-1250-ml-25er-pack\/","title":{"rendered":"Essensbox + Deckel MARMI&#8217;BOX schwarz Kunststoff 1250 ml 25er Pack"},"content":{"rendered":"<div class=\"flex flex-grow flex-col max-w-full\">\n<div class=\"min-h-[20px] text-message flex flex-col items-start whitespace-pre-wrap break-words [.text-message+&amp;]:mt-5 juice:w-full juice:items-end overflow-x-auto gap-2\" dir=\"auto\" data-message-author-role=\"assistant\" data-message-id=\"2034782e-88f9-44ef-b4dc-07dd7bf0115f\">\n<div class=\"flex w-full flex-col gap-1 juice:empty:hidden juice:first:pt-[3px]\">\n<div class=\"markdown prose w-full break-words dark:prose-invert light\">\n<div style=\"font-family: Roboto, sans-serif;\">\n<div style=\"font-family: Roboto, sans-serif;\">\n<div style=\"font-family: Roboto, sans-serif;\">\n<div style=\"font-family: Roboto, sans-serif;\">\n<div style=\"font-family: Roboto, sans-serif;\">\n<div style=\"font-family: Roboto, sans-serif;\">\n<h2 class=\"p1\">Mahlzeitbox<\/h2>\n<div style=\"font-family: Roboto, sans-serif;\">\n<div style=\"font-family: Roboto, sans-serif;\">\n<div style=\"font-family: Roboto, sans-serif;\">\n<div style=\"text-align: center;\">\n<div style=\"font-family: Roboto, sans-serif;\">\n<div style=\"font-family: Roboto, sans-serif;\">\n<div style=\"font-family: Roboto, sans-serif;\">\n<div style=\"font-family: Roboto, sans-serif;\">\n<div style=\"font-family: Roboto, sans-serif;\">\n<div style=\"font-family: Roboto, sans-serif; text-align: left;\">\n<hr>\n<h3 style=\"text-align: left;\">Beschreibung unserer Essensbox + Deckel MARMI&#8217;BOX schwarz Kunststoff 1250 ml 25er Pack<\/h3>\n<h3 style=\"text-align: left;\"><!--more--><\/h3>\n<p data-start=\"194\" data-end=\"503\">Die <strong>Essensbox MARMI&#8217;BOX schwarz 1250 ml mit Deckel<\/strong> ist eine praktische und elegante L\u00f6sung f\u00fcr die Verpackung und den Transport von zubereiteten Speisen. Entwickelt f\u00fcr Gastronomieprofis, Caterer und Take-away-Verkauf, erm\u00f6glicht sie die sichere Pr\u00e4sentation und den Transport von Mahlzeiten. <\/p>\n<p data-start=\"505\" data-end=\"792\">Mit ihrem <strong>Fassungsverm\u00f6gen von 1250 ml<\/strong> eignet sie sich perfekt f\u00fcr <strong>Einzelportionen<\/strong>: <strong>gekochte Gerichte, Beilagen, Salate, Nudeln, Reis, Gem\u00fcse oder Catering-Zubereitungen<\/strong>. Ihr <strong>schwarzes Design<\/strong> verleiht eine moderne Note und wertet die Zubereitungen auf, indem es ihren appetitlichen Aspekt hervorhebt. <\/p>\n<p data-start=\"794\" data-end=\"1099\">Hergestellt aus robustem Kunststoff, gew\u00e4hrleistet diese <strong>Box<\/strong> eine gute Stabilit\u00e4t w\u00e4hrend des Transports. Ihr <strong>transparenter Deckel<\/strong> erm\u00f6glicht einen schnellen Blick auf den Inhalt und sch\u00fctzt gleichzeitig die Lebensmittel effektiv. Das Ganze bietet einen praktischen Verschluss, der das Risiko eines \u00d6ffnens w\u00e4hrend der Handhabung minimiert.  <\/p>\n<p data-start=\"1101\" data-end=\"1419\">Ideal f\u00fcr Take-away-Verkauf, <strong>Click &amp; Collect<\/strong> oder Schnellgastronomie, kombiniert die <strong>MARMI&#8217;BOX<\/strong> Praktikabilit\u00e4t, Robustheit und gepflegte Pr\u00e4sentation. Verpackt in <strong>25er-Einheiten<\/strong>, erf\u00fcllt diese <strong>Essensbox<\/strong> perfekt die Bed\u00fcrfnisse von Profis, die Mahlzeiten zum Mitnehmen in einer zuverl\u00e4ssigen und \u00e4sthetischen Verpackung anbieten m\u00f6chten. <\/p>\n<p data-start=\"1101\" data-end=\"1419\">\n<\/div>\n<\/div>\n<\/div>\n<\/div>\n<\/div>\n<\/div>\n<\/div>\n<\/div>\n<\/div>\n<\/div>\n<\/div>\n<\/div>\n<\/div>\n<\/div>\n<\/div>\n<\/div>\n<\/div>\n<\/div>\n<\/div>\n<\/div>\n<div class=\"flex flex-grow flex-col max-w-full\">\n<div class=\"min-h-[20px] text-message flex flex-col items-start whitespace-pre-wrap break-words [.text-message+&amp;]:mt-5 juice:w-full juice:items-end overflow-x-auto gap-2\" dir=\"auto\" data-message-author-role=\"assistant\" data-message-id=\"2034782e-88f9-44ef-b4dc-07dd7bf0115f\">\n<div class=\"flex w-full flex-col gap-1 juice:empty:hidden juice:first:pt-[3px]\">\n<div class=\"markdown prose w-full break-words dark:prose-invert light\">\n<div style=\"font-family: Roboto, sans-serif;\">\n<div style=\"font-family: Roboto, sans-serif;\">\n<div style=\"font-family: Roboto, sans-serif;\">\n<div style=\"font-family: Roboto, sans-serif;\">\n<div style=\"font-family: Roboto, sans-serif;\">\n<div style=\"font-family: Roboto, sans-serif;\">\n<p><!--more--><\/p>\n<h4 style=\"text-align: left;\"><strong>Vorteile :<\/strong><\/h4>\n<ul>\n<li data-start=\"1456\" data-end=\"1510\"><strong>Fassungsverm\u00f6gen 1250 ml<\/strong>, geeignet f\u00fcr Einzelportionen.<\/li>\n<li data-start=\"1513\" data-end=\"1556\"><strong>Elegante schwarze Box<\/strong>, die Gerichte aufwertet.<\/li>\n<li data-start=\"1559\" data-end=\"1608\">Transparenter Deckel f\u00fcr gute Sichtbarkeit.<\/li>\n<li data-start=\"1611\" data-end=\"1649\">Praktischer Verschluss f\u00fcr den Transport.<\/li>\n<li data-start=\"1745\" data-end=\"1793\">Geeignet f\u00fcr Take-away-Verkauf und Caterer.<\/li>\n<li data-start=\"1796\" data-end=\"1836\">Praktische Verpackung in <strong>25er-Einheiten<\/strong>.<\/li>\n<\/ul>\n<\/div>\n<\/div>\n<p>&nbsp;<\/p>\n<\/div>\n<\/div>\n<\/div>\n<\/div>\n<\/div>\n<\/div>\n<\/div>\n<\/div>\n<p><!--more--><\/p>\n<h4>Weitere Informationen :<\/h4>\n<ul>\n<li><strong>Verpackung<\/strong>: Karton \u00e0 25 St\u00fcck<\/li>\n<li><strong>Abmessungen<\/strong>: 226 x 154 (L x B in mm)<\/li>\n<li><strong>H\u00f6he<\/strong>: 92 mm<\/li>\n<li><strong>Volumen<\/strong>: 1250 ml<\/li>\n<li><strong>Material<\/strong>: PP<\/li>\n<li><strong>Farbe<\/strong>: Schwarz\/transparent<\/li>\n<li><strong>Betriebstemperatur<\/strong>: -20\u00b0C \/ +120\u00b0C<\/li>\n<\/ul>\n<p>&nbsp;<\/p>\n<p><!--more--><\/p>\n<p class=\"woocommerce-loop-product__title\">Diese Essensbox MARMI&#8217;BOX ist in verschiedenen Gr\u00f6\u00dfen erh\u00e4ltlich: <span style=\"color: #d12727;\"><a style=\"color: #d12727;\" href=\"https:\/\/www.csj-emballages.com\/de\/produit\/essensbox-deckel-marmibox-schwarz-kunststoff-600-ml-25er-pack\/\">600 ml<\/a><\/span> \/ <span style=\"color: #d12727;\"><a style=\"color: #d12727;\" href=\"https:\/\/www.csj-emballages.com\/de\/produit\/marmibox-menuebox-schwarz-kunststoff-750-ml-mit-deckel-25-stueck\/\">750 ml<\/a><\/span> \/ <span style=\"color: #d12727;\"><a style=\"color: #d12727;\" href=\"https:\/\/www.csj-emballages.com\/de\/produit\/menuebox-deckel-marmibox-schwarz-kunststoff-950-ml-25-stk\/\">950 ml<\/a><\/span><\/p>\n<p>&nbsp;<\/p>\n<p style=\"text-align: left;\"><!--more--><\/p>\n<p><a href=\"\/?product_cat=barquettes-micro-ondes-marmipack\">Entdecken Sie den Rest unseres Sortiments an MARMI&#8217;BOX-Schalen<\/a><\/p>\n","protected":false},"excerpt":{"rendered":"<p>Mahlzeitbox Beschreibung unserer Essensbox + Deckel MARMI&#8217;BOX schwarz Kunststoff 1250 ml 25er Pack<\/p>\n","protected":false},"featured_media":273178,"template":"","meta":{"_acf_changed":false},"product_brand":[],"product_cat":[1137,1170,2277,1513,10072],"product_tag":[],"class_list":{"0":"post-273210","1":"product","2":"type-product","3":"status-publish","4":"has-post-thumbnail","6":"product_cat-lebensmittelverpackungen","7":"product_cat-metzgerei-und-feinkostgeschaft","8":"product_cat-schalen-dosen-und-glaser","9":"product_cat-schalen-dosen-glaser-fur-lebensmittel","10":"product_cat-mikrowellenschalen-marmipack","12":"first","13":"instock","14":"taxable","15":"shipping-taxable","16":"purchasable","17":"product-type-simple"},"acf":[],"yoast_head":"<!-- This site is optimized with the Yoast SEO Premium plugin v26.6 (Yoast SEO v26.6) - https:\/\/yoast.com\/wordpress\/plugins\/seo\/ -->\n<title>Essensbox + Deckel MARMI&#039;BOX Schwarz 1250 ml 25er Pack<\/title>\n<meta name=\"description\" content=\"Essensbox MARMI&#039;BOX schwarz 1250 ml mit Deckel 25er Pack. Ideal f\u00fcr Take-away-Gerichte, Salate und Catering-Men\u00fcs. Praktische und robuste Verpackung.\" \/>\n<meta name=\"robots\" content=\"index, follow, max-snippet:-1, max-image-preview:large, max-video-preview:-1\" \/>\n<link rel=\"canonical\" href=\"https:\/\/www.csj-emballages.com\/de\/produit\/essensbox-deckel-marmibox-schwarz-kunststoff-1250-ml-25er-pack\/\" \/>\n<meta property=\"og:locale\" content=\"de_DE\" \/>\n<meta property=\"og:type\" content=\"article\" \/>\n<meta property=\"og:title\" content=\"Essensbox + Deckel MARMI&#039;BOX schwarz Kunststoff 1250 ml 25er Pack\" \/>\n<meta property=\"og:description\" content=\"Essensbox MARMI&#039;BOX schwarz 1250 ml mit Deckel 25er Pack. Ideal f\u00fcr Take-away-Gerichte, Salate und Catering-Men\u00fcs. Praktische und robuste Verpackung.\" \/>\n<meta property=\"og:url\" content=\"https:\/\/www.csj-emballages.com\/de\/produit\/essensbox-deckel-marmibox-schwarz-kunststoff-1250-ml-25er-pack\/\" \/>\n<meta property=\"og:site_name\" content=\"CSJ Emballages\" \/>\n<meta property=\"article:publisher\" content=\"https:\/\/www.facebook.com\/csjemballages\" \/>\n<meta property=\"article:modified_time\" content=\"2026-04-27T09:02:02+00:00\" \/>\n<meta property=\"og:image\" content=\"https:\/\/www.csj-emballages.com\/wp-content\/uploads\/2026\/03\/MAB600.webp\" \/>\n\t<meta property=\"og:image:width\" content=\"800\" \/>\n\t<meta property=\"og:image:height\" content=\"800\" \/>\n\t<meta property=\"og:image:type\" content=\"image\/webp\" \/>\n<meta name=\"twitter:card\" content=\"summary_large_image\" \/>\n<meta name=\"twitter:label1\" content=\"Gesch\u00e4tzte Lesezeit\" \/>\n\t<meta name=\"twitter:data1\" content=\"1\u00a0Minute\" \/>\n<script type=\"application\/ld+json\" class=\"yoast-schema-graph\">{\"@context\":\"https:\/\/schema.org\",\"@graph\":[{\"@type\":\"WebPage\",\"@id\":\"https:\/\/www.csj-emballages.com\/de\/produit\/essensbox-deckel-marmibox-schwarz-kunststoff-1250-ml-25er-pack\/\",\"url\":\"https:\/\/www.csj-emballages.com\/de\/produit\/essensbox-deckel-marmibox-schwarz-kunststoff-1250-ml-25er-pack\/\",\"name\":\"Essensbox + Deckel MARMI'BOX Schwarz 1250 ml 25er Pack\",\"isPartOf\":{\"@id\":\"https:\/\/www.csj-emballages.com\/de\/#website\"},\"primaryImageOfPage\":{\"@id\":\"https:\/\/www.csj-emballages.com\/de\/produit\/essensbox-deckel-marmibox-schwarz-kunststoff-1250-ml-25er-pack\/#primaryimage\"},\"image\":{\"@id\":\"https:\/\/www.csj-emballages.com\/de\/produit\/essensbox-deckel-marmibox-schwarz-kunststoff-1250-ml-25er-pack\/#primaryimage\"},\"thumbnailUrl\":\"https:\/\/www.csj-emballages.com\/wp-content\/uploads\/2026\/03\/MAB600.webp\",\"datePublished\":\"2026-03-02T13:18:25+00:00\",\"dateModified\":\"2026-04-27T09:02:02+00:00\",\"description\":\"Essensbox MARMI'BOX schwarz 1250 ml mit Deckel 25er Pack. Ideal f\u00fcr Take-away-Gerichte, Salate und Catering-Men\u00fcs. Praktische und robuste Verpackung.\",\"breadcrumb\":{\"@id\":\"https:\/\/www.csj-emballages.com\/de\/produit\/essensbox-deckel-marmibox-schwarz-kunststoff-1250-ml-25er-pack\/#breadcrumb\"},\"inLanguage\":\"de\",\"potentialAction\":[{\"@type\":\"ReadAction\",\"target\":[\"https:\/\/www.csj-emballages.com\/de\/produit\/essensbox-deckel-marmibox-schwarz-kunststoff-1250-ml-25er-pack\/\"]}]},{\"@type\":\"ImageObject\",\"inLanguage\":\"de\",\"@id\":\"https:\/\/www.csj-emballages.com\/de\/produit\/essensbox-deckel-marmibox-schwarz-kunststoff-1250-ml-25er-pack\/#primaryimage\",\"url\":\"https:\/\/www.csj-emballages.com\/wp-content\/uploads\/2026\/03\/MAB600.webp\",\"contentUrl\":\"https:\/\/www.csj-emballages.com\/wp-content\/uploads\/2026\/03\/MAB600.webp\",\"width\":800,\"height\":800,\"caption\":\"Boite repas\"},{\"@type\":\"BreadcrumbList\",\"@id\":\"https:\/\/www.csj-emballages.com\/de\/produit\/essensbox-deckel-marmibox-schwarz-kunststoff-1250-ml-25er-pack\/#breadcrumb\",\"itemListElement\":[{\"@type\":\"ListItem\",\"position\":1,\"name\":\"Accueil\",\"item\":\"https:\/\/www.csj-emballages.com\/de\/universum-lebensmittelverpackungen\/\"},{\"@type\":\"ListItem\",\"position\":2,\"name\":\"Shop\",\"item\":\"https:\/\/www.csj-emballages.com\/shop\/\"},{\"@type\":\"ListItem\",\"position\":3,\"name\":\"Essensbox + Deckel MARMI&rsquo;BOX schwarz Kunststoff 1250 ml 25er Pack\"}]},{\"@type\":\"WebSite\",\"@id\":\"https:\/\/www.csj-emballages.com\/de\/#website\",\"url\":\"https:\/\/www.csj-emballages.com\/de\/\",\"name\":\"CSJ Emballages\",\"description\":\"\",\"publisher\":{\"@id\":\"https:\/\/www.csj-emballages.com\/de\/#organization\"},\"potentialAction\":[{\"@type\":\"SearchAction\",\"target\":{\"@type\":\"EntryPoint\",\"urlTemplate\":\"https:\/\/www.csj-emballages.com\/de\/?s={search_term_string}\"},\"query-input\":{\"@type\":\"PropertyValueSpecification\",\"valueRequired\":true,\"valueName\":\"search_term_string\"}}],\"inLanguage\":\"de\"},{\"@type\":\"Organization\",\"@id\":\"https:\/\/www.csj-emballages.com\/de\/#Organization\/\",\"name\":\"CSJ Emballages\",\"url\":\"https:\/\/www.csj-emballages.com\/de\/\",\"logo\":{\"@type\":\"ImageObject\",\"inLanguage\":\"de\",\"@id\":\"https:\/\/www.csj-emballages.com\/de\/#\/schema\/logo\/image\/\",\"url\":\"https:\/\/www.csj-emballages.com\/wp-content\/uploads\/2023\/10\/logo_csj.webp\",\"contentUrl\":\"https:\/\/www.csj-emballages.com\/wp-content\/uploads\/2023\/10\/logo_csj.webp\",\"width\":250,\"height\":95,\"caption\":\"CSJ Emballages\"},\"image\":{\"@id\":\"https:\/\/www.csj-emballages.com\/de\/#\/schema\/logo\/image\/\"},\"sameAs\":[\"https:\/\/www.facebook.com\/csjemballages\"],\"address\":{\"@type\":\"PostalAddress\",\"streetAddress\":\"ZI La Lechere\",\"addressLocality\":\"Patornay\",\"postalCode\":\"39130\",\"addressCountry\":\"FR\"},\"contactPoint\":[{\"@type\":\"ContactPoint\",\"contactType\":\"Service client\",\"telephone\":\"0384254272\",\"email\":\"contact@csj-emballages.com\"}]}]}<\/script>\n<!-- \/ Yoast SEO Premium plugin. -->","yoast_head_json":{"title":"Essensbox + Deckel MARMI'BOX Schwarz 1250 ml 25er Pack","description":"Essensbox MARMI'BOX schwarz 1250 ml mit Deckel 25er Pack. Ideal f\u00fcr Take-away-Gerichte, Salate und Catering-Men\u00fcs. Praktische und robuste Verpackung.","robots":{"index":"index","follow":"follow","max-snippet":"max-snippet:-1","max-image-preview":"max-image-preview:large","max-video-preview":"max-video-preview:-1"},"canonical":"https:\/\/www.csj-emballages.com\/de\/produit\/essensbox-deckel-marmibox-schwarz-kunststoff-1250-ml-25er-pack\/","og_locale":"de_DE","og_type":"article","og_title":"Essensbox + Deckel MARMI'BOX schwarz Kunststoff 1250 ml 25er Pack","og_description":"Essensbox MARMI'BOX schwarz 1250 ml mit Deckel 25er Pack. Ideal f\u00fcr Take-away-Gerichte, Salate und Catering-Men\u00fcs. Praktische und robuste Verpackung.","og_url":"https:\/\/www.csj-emballages.com\/de\/produit\/essensbox-deckel-marmibox-schwarz-kunststoff-1250-ml-25er-pack\/","og_site_name":"CSJ Emballages","article_publisher":"https:\/\/www.facebook.com\/csjemballages","article_modified_time":"2026-04-27T09:02:02+00:00","og_image":[{"width":800,"height":800,"url":"https:\/\/www.csj-emballages.com\/wp-content\/uploads\/2026\/03\/MAB600.webp","type":"image\/webp"}],"twitter_card":"summary_large_image","twitter_misc":{"Gesch\u00e4tzte Lesezeit":"1\u00a0Minute"},"schema":{"@context":"https:\/\/schema.org","@graph":[{"@type":"WebPage","@id":"https:\/\/www.csj-emballages.com\/de\/produit\/essensbox-deckel-marmibox-schwarz-kunststoff-1250-ml-25er-pack\/","url":"https:\/\/www.csj-emballages.com\/de\/produit\/essensbox-deckel-marmibox-schwarz-kunststoff-1250-ml-25er-pack\/","name":"Essensbox + Deckel MARMI'BOX Schwarz 1250 ml 25er Pack","isPartOf":{"@id":"https:\/\/www.csj-emballages.com\/de\/#website"},"primaryImageOfPage":{"@id":"https:\/\/www.csj-emballages.com\/de\/produit\/essensbox-deckel-marmibox-schwarz-kunststoff-1250-ml-25er-pack\/#primaryimage"},"image":{"@id":"https:\/\/www.csj-emballages.com\/de\/produit\/essensbox-deckel-marmibox-schwarz-kunststoff-1250-ml-25er-pack\/#primaryimage"},"thumbnailUrl":"https:\/\/www.csj-emballages.com\/wp-content\/uploads\/2026\/03\/MAB600.webp","datePublished":"2026-03-02T13:18:25+00:00","dateModified":"2026-04-27T09:02:02+00:00","description":"Essensbox MARMI'BOX schwarz 1250 ml mit Deckel 25er Pack. Ideal f\u00fcr Take-away-Gerichte, Salate und Catering-Men\u00fcs. Praktische und robuste Verpackung.","breadcrumb":{"@id":"https:\/\/www.csj-emballages.com\/de\/produit\/essensbox-deckel-marmibox-schwarz-kunststoff-1250-ml-25er-pack\/#breadcrumb"},"inLanguage":"de","potentialAction":[{"@type":"ReadAction","target":["https:\/\/www.csj-emballages.com\/de\/produit\/essensbox-deckel-marmibox-schwarz-kunststoff-1250-ml-25er-pack\/"]}]},{"@type":"ImageObject","inLanguage":"de","@id":"https:\/\/www.csj-emballages.com\/de\/produit\/essensbox-deckel-marmibox-schwarz-kunststoff-1250-ml-25er-pack\/#primaryimage","url":"https:\/\/www.csj-emballages.com\/wp-content\/uploads\/2026\/03\/MAB600.webp","contentUrl":"https:\/\/www.csj-emballages.com\/wp-content\/uploads\/2026\/03\/MAB600.webp","width":800,"height":800,"caption":"Boite repas"},{"@type":"BreadcrumbList","@id":"https:\/\/www.csj-emballages.com\/de\/produit\/essensbox-deckel-marmibox-schwarz-kunststoff-1250-ml-25er-pack\/#breadcrumb","itemListElement":[{"@type":"ListItem","position":1,"name":"Accueil","item":"https:\/\/www.csj-emballages.com\/de\/universum-lebensmittelverpackungen\/"},{"@type":"ListItem","position":2,"name":"Shop","item":"https:\/\/www.csj-emballages.com\/shop\/"},{"@type":"ListItem","position":3,"name":"Essensbox + Deckel MARMI&rsquo;BOX schwarz Kunststoff 1250 ml 25er Pack"}]},{"@type":"WebSite","@id":"https:\/\/www.csj-emballages.com\/de\/#website","url":"https:\/\/www.csj-emballages.com\/de\/","name":"CSJ Emballages","description":"","publisher":{"@id":"https:\/\/www.csj-emballages.com\/de\/#organization"},"potentialAction":[{"@type":"SearchAction","target":{"@type":"EntryPoint","urlTemplate":"https:\/\/www.csj-emballages.com\/de\/?s={search_term_string}"},"query-input":{"@type":"PropertyValueSpecification","valueRequired":true,"valueName":"search_term_string"}}],"inLanguage":"de"},{"@type":"Organization","@id":"https:\/\/www.csj-emballages.com\/de\/#Organization\/","name":"CSJ Emballages","url":"https:\/\/www.csj-emballages.com\/de\/","logo":{"@type":"ImageObject","inLanguage":"de","@id":"https:\/\/www.csj-emballages.com\/de\/#\/schema\/logo\/image\/","url":"https:\/\/www.csj-emballages.com\/wp-content\/uploads\/2023\/10\/logo_csj.webp","contentUrl":"https:\/\/www.csj-emballages.com\/wp-content\/uploads\/2023\/10\/logo_csj.webp","width":250,"height":95,"caption":"CSJ Emballages"},"image":{"@id":"https:\/\/www.csj-emballages.com\/de\/#\/schema\/logo\/image\/"},"sameAs":["https:\/\/www.facebook.com\/csjemballages"],"address":{"@type":"PostalAddress","streetAddress":"ZI La Lechere","addressLocality":"Patornay","postalCode":"39130","addressCountry":"FR"},"contactPoint":[{"@type":"ContactPoint","contactType":"Service client","telephone":"0384254272","email":"contact@csj-emballages.com"}]}]}},"df_price":10.72,"df_sale_price":"","df_regular_price":10.72,"df_image_link":"https:\/\/www.csj-emballages.com\/wp-content\/uploads\/2026\/03\/MAB600-300x300.webp","tiered_pricing_type":"fixed","tiered_pricing_fixed_rules":[],"tiered_pricing_percentage_rules":[],"tiered_pricing_minimum":1,"tiered_pricing_roles_data":[],"_links":{"self":[{"href":"https:\/\/www.csj-emballages.com\/de\/wp-json\/wp\/v2\/product\/273210","targetHints":{"allow":["GET"]}}],"collection":[{"href":"https:\/\/www.csj-emballages.com\/de\/wp-json\/wp\/v2\/product"}],"about":[{"href":"https:\/\/www.csj-emballages.com\/de\/wp-json\/wp\/v2\/types\/product"}],"wp:featuredmedia":[{"embeddable":true,"href":"https:\/\/www.csj-emballages.com\/de\/wp-json\/wp\/v2\/media\/273178"}],"wp:attachment":[{"href":"https:\/\/www.csj-emballages.com\/de\/wp-json\/wp\/v2\/media?parent=273210"}],"wp:term":[{"taxonomy":"product_brand","embeddable":true,"href":"https:\/\/www.csj-emballages.com\/de\/wp-json\/wp\/v2\/product_brand?post=273210"},{"taxonomy":"product_cat","embeddable":true,"href":"https:\/\/www.csj-emballages.com\/de\/wp-json\/wp\/v2\/product_cat?post=273210"},{"taxonomy":"product_tag","embeddable":true,"href":"https:\/\/www.csj-emballages.com\/de\/wp-json\/wp\/v2\/product_tag?post=273210"}],"curies":[{"name":"wp","href":"https:\/\/api.w.org\/{rel}","templated":true}]}}