{"id":273156,"date":"2026-03-05T17:18:20","date_gmt":"2026-03-05T16:18:20","guid":{"rendered":"https:\/\/www.csj-emballages.com\/produit\/dosette-reinigungsmittel-stark-duftend-desinfizierend-kiefernduft-20-ml-250-stk\/"},"modified":"2026-04-28T02:11:14","modified_gmt":"2026-04-28T00:11:14","slug":"dosette-reinigungsmittel-stark-duftend-desinfizierend-kiefernduft-20-ml-250-stk","status":"publish","type":"product","link":"https:\/\/www.csj-emballages.com\/de\/produit\/dosette-reinigungsmittel-stark-duftend-desinfizierend-kiefernduft-20-ml-250-stk\/","title":{"rendered":"Dosette Reinigungsmittel, stark duftend  desinfizierend, Kiefernduft, 20 ml, 250 Stk."},"content":{"rendered":"<div class=\"flex flex-grow flex-col max-w-full\">\n<div class=\"min-h-[20px] text-message flex flex-col items-start whitespace-pre-wrap break-words [.text-message+&amp;]:mt-5 juice:w-full juice:items-end overflow-x-auto gap-2\" dir=\"auto\" data-message-author-role=\"assistant\" data-message-id=\"2034782e-88f9-44ef-b4dc-07dd7bf0115f\">\n<div class=\"flex w-full flex-col gap-1 juice:empty:hidden juice:first:pt-[3px]\">\n<div class=\"markdown prose w-full break-words dark:prose-invert light\">\n<div style=\"font-family: Roboto, sans-serif;\">\n<div style=\"font-family: Roboto, sans-serif;\">\n<div style=\"font-family: Roboto, sans-serif;\">\n<div style=\"font-family: Roboto, sans-serif;\">\n<div style=\"font-family: Roboto, sans-serif;\">\n<div style=\"font-family: Roboto, sans-serif;\">\n<h2 class=\"p1\">Waschmitteldosierer<\/h2>\n<div style=\"font-family: Roboto, sans-serif;\">\n<div style=\"font-family: Roboto, sans-serif;\">\n<div style=\"font-family: Roboto, sans-serif;\">\n<div style=\"text-align: center;\">\n<div style=\"font-family: Roboto, sans-serif;\">\n<div style=\"font-family: Roboto, sans-serif;\">\n<div style=\"font-family: Roboto, sans-serif;\">\n<div style=\"font-family: Roboto, sans-serif;\">\n<div style=\"font-family: Roboto, sans-serif;\">\n<div style=\"font-family: Roboto, sans-serif; text-align: left;\">\n<hr>\n<h3 style=\"text-align: left;\">Beschreibung unserer stark duftenden, desinfizierenden Reinigungsmittel-Dosette, Kiefernduft, 20 ml, 250 Stk.<\/h3>\n<h3 style=\"text-align: left;\"><!--more--><\/h3>\n<p data-start=\"248\" data-end=\"651\">Wenn es darum geht, effektiv zu reinigen und gleichzeitig ein echtes Frischegef\u00fchl zu hinterlassen, macht der <strong data-start=\"341\" data-end=\"405\">Freshysol 3D Reinigungs- und Desinfektionspad mit \u00dcberduft<\/strong> den Unterschied. Er wurde f\u00fcr <strong>die Bodenhygiene<\/strong> entwickelt und kombiniert <strong>Reinigung<\/strong>, <strong>Desinfektion<\/strong> und <strong>Desodorierung<\/strong> in einem einzigen Schritt. Sie m\u00fcssen nicht mehrere Produkte verwenden: Ein Pad reicht aus, um ein sauberes, gesundes und angenehmes Ergebnis zu erzielen.  <\/p>\n<p data-start=\"653\" data-end=\"1012\">Die <strong data-start=\"664\" data-end=\"689\">gebrauchsfertige<\/strong> Gr\u00f6\u00dfe von <strong data-start=\"664\" data-end=\"689\">20 ml<\/strong> macht den Alltag leichter. Sie sch\u00fctten den <strong>Portionierer<\/strong> aus, <strong>reinigen<\/strong> und die Dosierung stimmt immer. So werden Fehler, Verschwendung und \u00fcberm\u00e4\u00dfiger Verbrauch vermieden, vor allem in Arbeitsumgebungen, in denen Effizienz und Regelm\u00e4\u00dfigkeit entscheidend sind. Jede Verwendung garantiert die gleiche Leistung, Tag f\u00fcr Tag.   <\/p>\n<p data-start=\"1014\" data-end=\"1422\">Direkt beim Auftragen wirkt das Produkt gegen <strong>Verschmutzungen<\/strong> und neutralisiert gleichzeitig unangenehme Ger\u00fcche. Vor allem hinterl\u00e4sst es einen <strong data-start=\"1146\" data-end=\"1182\">nat\u00fcrlichen, sanften und langanhaltenden Duft<\/strong>, der sich deutlich vom klassischen Geruch herk\u00f6mmlicher Reinigungsmittel abhebt. R\u00e4umlichkeiten wirken sofort sauberer, frischer und einladender \u2013 ob in B\u00fcros, Gesch\u00e4ften, Sanit\u00e4ranlagen oder stark frequentierten Bereichen.  <\/p>\n<p data-start=\"1424\" data-end=\"1671\">Ebenso tr\u00e4gt seine <strong>desinfizierende<\/strong> Wirkung zur Aufrechterhaltung einer ges\u00fcnderen Umgebung bei, indem es die Bakterien beseitigt, die f\u00fcr unangenehme Ger\u00fcche verantwortlich sind. Es ist also eine ideale L\u00f6sung, um Hygiene und Geruchskomfort ohne zus\u00e4tzlichen Aufwand miteinander zu verbinden. <\/p>\n<p data-start=\"1673\" data-end=\"1894\">Diese Referenz ist <strong data-start=\"1686\" data-end=\"1713\">in Packungen mit 250 Portionen<\/strong> verpackt und eignet sich perfekt f\u00fcr den intensiven Gebrauch. Sie vereinfacht die Lagerhaltung, spart Zeit und sorgt f\u00fcr einen reibungslosen Ablauf der t\u00e4glichen Reinigungsarbeiten. <\/p>\n<p data-start=\"1896\" data-end=\"2025\">Zusammenfassend macht diese <strong>Freshysol 3D Dosette mit Kiefernduft<\/strong> die Bodenpflege zu einer einfachen, effizienten und deutlich angenehmeren Routine.<\/p>\n<p data-start=\"1896\" data-end=\"2025\">\n<\/div>\n<\/div>\n<\/div>\n<\/div>\n<\/div>\n<\/div>\n<\/div>\n<\/div>\n<\/div>\n<\/div>\n<\/div>\n<\/div>\n<\/div>\n<\/div>\n<\/div>\n<\/div>\n<\/div>\n<\/div>\n<\/div>\n<\/div>\n<div class=\"flex flex-grow flex-col max-w-full\">\n<div class=\"min-h-[20px] text-message flex flex-col items-start whitespace-pre-wrap break-words [.text-message+&amp;]:mt-5 juice:w-full juice:items-end overflow-x-auto gap-2\" dir=\"auto\" data-message-author-role=\"assistant\" data-message-id=\"2034782e-88f9-44ef-b4dc-07dd7bf0115f\">\n<div class=\"flex w-full flex-col gap-1 juice:empty:hidden juice:first:pt-[3px]\">\n<div class=\"markdown prose w-full break-words dark:prose-invert light\">\n<div style=\"font-family: Roboto, sans-serif;\">\n<div style=\"font-family: Roboto, sans-serif;\">\n<div style=\"font-family: Roboto, sans-serif;\">\n<div style=\"font-family: Roboto, sans-serif;\">\n<div style=\"font-family: Roboto, sans-serif;\">\n<div style=\"font-family: Roboto, sans-serif;\">\n<p><!--more--><\/p>\n<h4 style=\"text-align: left;\"><strong>Vorteile :<\/strong><\/h4>\n<ul>\n<li data-start=\"2053\" data-end=\"2105\">Reinigt, desinfiziert und desodoriert in einer einzigen Bewegung.<\/li>\n<li data-start=\"2108\" data-end=\"2144\">Angenehmer und langanhaltender Kiefernduft.<\/li>\n<li data-start=\"2147\" data-end=\"2187\">Pr\u00e4zise Dosierung dank <strong>20-ml-Pads<\/strong>.<\/li>\n<li data-start=\"2190\" data-end=\"2224\">Zeitersparnis und null Verschwendung.<\/li>\n<li data-start=\"2227\" data-end=\"2272\">Ideal f\u00fcr den intensiven professionellen Gebrauch.<\/li>\n<li data-start=\"2275\" data-end=\"2294\">Hergestellt in Frankreich.<\/li>\n<\/ul>\n<\/div>\n<\/div>\n<p>&nbsp;<\/p>\n<\/div>\n<\/div>\n<\/div>\n<\/div>\n<\/div>\n<\/div>\n<\/div>\n<\/div>\n<p><!--more--><\/p>\n<h4>Weitere Informationen :<\/h4>\n<ul>\n<li><strong>Verpackung<\/strong>: Karton mit 250 St\u00fcck<\/li>\n<li><strong>Verwendung<\/strong>: Waschmitteldosierer<\/li>\n<li><strong>Volumen<\/strong>: 20 ml<\/li>\n<li><strong>Aussehen<\/strong>: Fl\u00fcssig<\/li>\n<li><strong>Duft<\/strong>: Kiefer<\/li>\n<li><strong>Bakterizid<\/strong>: EN13697, EN1276, EN1650<\/li>\n<li><strong>pH-Wert<\/strong>: 4.5 +\/- 0.5<\/li>\n<\/ul>\n<p>&nbsp;<\/p>\n<p><!--more--><\/p>\n<p class=\"woocommerce-loop-product__title\">Finden Sie auch unseren Neutralreiniger mit Zitronenduft 5 Liter : <span style=\"color: #d12727;\"><a style=\"color: #d12727;\" href=\"https:\/\/www.csj-emballages.com\/es\/produit\/250-bolsitas-de-detergente-desinfectante-con-fragancia-ambiental-20-ml\/\">01095<\/a><\/span><\/p>\n<p>&nbsp;<\/p>\n<p style=\"text-align: left;\"><!--more--><\/p>\n<p><a href=\"https:\/\/www.csj-emballages.com\/de\/categorie-produit\/hygiene-und-pflege\/pflegeprodukte\/boden\/\">Sehen Sie sich den Rest unseres Sortiments an Bodenpflegeprodukten an.<\/a><\/p>\n","protected":false},"excerpt":{"rendered":"<p>Waschmitteldosierer Beschreibung unserer stark duftenden, desinfizierenden Reinigungsmittel-Dosette, Kiefernduft, 20 ml, 250 Stk.<\/p>\n","protected":false},"featured_media":273149,"template":"","meta":{"_acf_changed":false},"product_brand":[],"product_cat":[1218,1219,1390,10273],"product_tag":[],"class_list":{"0":"post-273156","1":"product","2":"type-product","3":"status-publish","4":"has-post-thumbnail","6":"product_cat-hygiene-und-pflege","7":"product_cat-pflegeprodukte","8":"product_cat-boden","9":"product_cat-lagerbestand","11":"first","12":"instock","13":"sale","14":"taxable","15":"shipping-taxable","16":"purchasable","17":"product-type-simple"},"acf":[],"yoast_head":"<!-- This site is optimized with the Yoast SEO Premium plugin v26.6 (Yoast SEO v26.6) - https:\/\/yoast.com\/wordpress\/plugins\/seo\/ -->\n<title>Dosette Reinigungsmittel, desinfizierend, Kiefernduft, 20 ml, 250 Stk.<\/title>\n<meta name=\"description\" content=\"Freshysol 3D Dosette Reinigungsmittel Desinfektionsmittel, Kiefernduft, 20 ml, 250 Stk. Reinigt, neutralisiert Ger\u00fcche und hinterl\u00e4sst eine langanhaltende Frische.\" \/>\n<meta name=\"robots\" content=\"index, follow, max-snippet:-1, max-image-preview:large, max-video-preview:-1\" \/>\n<link rel=\"canonical\" href=\"https:\/\/www.csj-emballages.com\/de\/produit\/dosette-reinigungsmittel-stark-duftend-desinfizierend-kiefernduft-20-ml-250-stk\/\" \/>\n<meta property=\"og:locale\" content=\"de_DE\" \/>\n<meta property=\"og:type\" content=\"article\" \/>\n<meta property=\"og:title\" content=\"Dosette Reinigungsmittel, stark duftend desinfizierend, Kiefernduft, 20 ml, 250 Stk.\" \/>\n<meta property=\"og:description\" content=\"Freshysol 3D Dosette Reinigungsmittel Desinfektionsmittel, Kiefernduft, 20 ml, 250 Stk. Reinigt, neutralisiert Ger\u00fcche und hinterl\u00e4sst eine langanhaltende Frische.\" \/>\n<meta property=\"og:url\" content=\"https:\/\/www.csj-emballages.com\/de\/produit\/dosette-reinigungsmittel-stark-duftend-desinfizierend-kiefernduft-20-ml-250-stk\/\" \/>\n<meta property=\"og:site_name\" content=\"CSJ Emballages\" \/>\n<meta property=\"article:publisher\" content=\"https:\/\/www.facebook.com\/csjemballages\" \/>\n<meta property=\"article:modified_time\" content=\"2026-04-28T00:11:14+00:00\" \/>\n<meta property=\"og:image\" content=\"https:\/\/www.csj-emballages.com\/wp-content\/uploads\/2026\/03\/136410.webp\" \/>\n\t<meta property=\"og:image:width\" content=\"800\" \/>\n\t<meta property=\"og:image:height\" content=\"800\" \/>\n\t<meta property=\"og:image:type\" content=\"image\/webp\" \/>\n<meta name=\"twitter:card\" content=\"summary_large_image\" \/>\n<meta name=\"twitter:label1\" content=\"Gesch\u00e4tzte Lesezeit\" \/>\n\t<meta name=\"twitter:data1\" content=\"2 Minuten\" \/>\n<script type=\"application\/ld+json\" class=\"yoast-schema-graph\">{\"@context\":\"https:\/\/schema.org\",\"@graph\":[{\"@type\":\"WebPage\",\"@id\":\"https:\/\/www.csj-emballages.com\/de\/produit\/dosette-reinigungsmittel-stark-duftend-desinfizierend-kiefernduft-20-ml-250-stk\/\",\"url\":\"https:\/\/www.csj-emballages.com\/de\/produit\/dosette-reinigungsmittel-stark-duftend-desinfizierend-kiefernduft-20-ml-250-stk\/\",\"name\":\"Dosette Reinigungsmittel, desinfizierend, Kiefernduft, 20 ml, 250 Stk.\",\"isPartOf\":{\"@id\":\"https:\/\/www.csj-emballages.com\/de\/#website\"},\"primaryImageOfPage\":{\"@id\":\"https:\/\/www.csj-emballages.com\/de\/produit\/dosette-reinigungsmittel-stark-duftend-desinfizierend-kiefernduft-20-ml-250-stk\/#primaryimage\"},\"image\":{\"@id\":\"https:\/\/www.csj-emballages.com\/de\/produit\/dosette-reinigungsmittel-stark-duftend-desinfizierend-kiefernduft-20-ml-250-stk\/#primaryimage\"},\"thumbnailUrl\":\"https:\/\/www.csj-emballages.com\/wp-content\/uploads\/2026\/03\/136410.webp\",\"datePublished\":\"2026-03-05T16:18:20+00:00\",\"dateModified\":\"2026-04-28T00:11:14+00:00\",\"description\":\"Freshysol 3D Dosette Reinigungsmittel Desinfektionsmittel, Kiefernduft, 20 ml, 250 Stk. Reinigt, neutralisiert Ger\u00fcche und hinterl\u00e4sst eine langanhaltende Frische.\",\"breadcrumb\":{\"@id\":\"https:\/\/www.csj-emballages.com\/de\/produit\/dosette-reinigungsmittel-stark-duftend-desinfizierend-kiefernduft-20-ml-250-stk\/#breadcrumb\"},\"inLanguage\":\"de\",\"potentialAction\":[{\"@type\":\"ReadAction\",\"target\":[\"https:\/\/www.csj-emballages.com\/de\/produit\/dosette-reinigungsmittel-stark-duftend-desinfizierend-kiefernduft-20-ml-250-stk\/\"]}]},{\"@type\":\"ImageObject\",\"inLanguage\":\"de\",\"@id\":\"https:\/\/www.csj-emballages.com\/de\/produit\/dosette-reinigungsmittel-stark-duftend-desinfizierend-kiefernduft-20-ml-250-stk\/#primaryimage\",\"url\":\"https:\/\/www.csj-emballages.com\/wp-content\/uploads\/2026\/03\/136410.webp\",\"contentUrl\":\"https:\/\/www.csj-emballages.com\/wp-content\/uploads\/2026\/03\/136410.webp\",\"width\":800,\"height\":800,\"caption\":\"Dosette d\u00e9tergente\"},{\"@type\":\"BreadcrumbList\",\"@id\":\"https:\/\/www.csj-emballages.com\/de\/produit\/dosette-reinigungsmittel-stark-duftend-desinfizierend-kiefernduft-20-ml-250-stk\/#breadcrumb\",\"itemListElement\":[{\"@type\":\"ListItem\",\"position\":1,\"name\":\"Accueil\",\"item\":\"https:\/\/www.csj-emballages.com\/de\/universum-lebensmittelverpackungen\/\"},{\"@type\":\"ListItem\",\"position\":2,\"name\":\"Shop\",\"item\":\"https:\/\/www.csj-emballages.com\/shop\/\"},{\"@type\":\"ListItem\",\"position\":3,\"name\":\"Dosette Reinigungsmittel, stark duftend desinfizierend, Kiefernduft, 20 ml, 250 Stk.\"}]},{\"@type\":\"WebSite\",\"@id\":\"https:\/\/www.csj-emballages.com\/de\/#website\",\"url\":\"https:\/\/www.csj-emballages.com\/de\/\",\"name\":\"CSJ Emballages\",\"description\":\"\",\"publisher\":{\"@id\":\"https:\/\/www.csj-emballages.com\/de\/#organization\"},\"potentialAction\":[{\"@type\":\"SearchAction\",\"target\":{\"@type\":\"EntryPoint\",\"urlTemplate\":\"https:\/\/www.csj-emballages.com\/de\/?s={search_term_string}\"},\"query-input\":{\"@type\":\"PropertyValueSpecification\",\"valueRequired\":true,\"valueName\":\"search_term_string\"}}],\"inLanguage\":\"de\"},{\"@type\":\"Organization\",\"@id\":\"https:\/\/www.csj-emballages.com\/de\/#Organization\/\",\"name\":\"CSJ Emballages\",\"url\":\"https:\/\/www.csj-emballages.com\/de\/\",\"logo\":{\"@type\":\"ImageObject\",\"inLanguage\":\"de\",\"@id\":\"https:\/\/www.csj-emballages.com\/de\/#\/schema\/logo\/image\/\",\"url\":\"https:\/\/www.csj-emballages.com\/wp-content\/uploads\/2023\/10\/logo_csj.webp\",\"contentUrl\":\"https:\/\/www.csj-emballages.com\/wp-content\/uploads\/2023\/10\/logo_csj.webp\",\"width\":250,\"height\":95,\"caption\":\"CSJ Emballages\"},\"image\":{\"@id\":\"https:\/\/www.csj-emballages.com\/de\/#\/schema\/logo\/image\/\"},\"sameAs\":[\"https:\/\/www.facebook.com\/csjemballages\"],\"address\":{\"@type\":\"PostalAddress\",\"streetAddress\":\"ZI La Lechere\",\"addressLocality\":\"Patornay\",\"postalCode\":\"39130\",\"addressCountry\":\"FR\"},\"contactPoint\":[{\"@type\":\"ContactPoint\",\"contactType\":\"Service client\",\"telephone\":\"0384254272\",\"email\":\"contact@csj-emballages.com\"}]}]}<\/script>\n<!-- \/ Yoast SEO Premium plugin. -->","yoast_head_json":{"title":"Dosette Reinigungsmittel, desinfizierend, Kiefernduft, 20 ml, 250 Stk.","description":"Freshysol 3D Dosette Reinigungsmittel Desinfektionsmittel, Kiefernduft, 20 ml, 250 Stk. Reinigt, neutralisiert Ger\u00fcche und hinterl\u00e4sst eine langanhaltende Frische.","robots":{"index":"index","follow":"follow","max-snippet":"max-snippet:-1","max-image-preview":"max-image-preview:large","max-video-preview":"max-video-preview:-1"},"canonical":"https:\/\/www.csj-emballages.com\/de\/produit\/dosette-reinigungsmittel-stark-duftend-desinfizierend-kiefernduft-20-ml-250-stk\/","og_locale":"de_DE","og_type":"article","og_title":"Dosette Reinigungsmittel, stark duftend desinfizierend, Kiefernduft, 20 ml, 250 Stk.","og_description":"Freshysol 3D Dosette Reinigungsmittel Desinfektionsmittel, Kiefernduft, 20 ml, 250 Stk. Reinigt, neutralisiert Ger\u00fcche und hinterl\u00e4sst eine langanhaltende Frische.","og_url":"https:\/\/www.csj-emballages.com\/de\/produit\/dosette-reinigungsmittel-stark-duftend-desinfizierend-kiefernduft-20-ml-250-stk\/","og_site_name":"CSJ Emballages","article_publisher":"https:\/\/www.facebook.com\/csjemballages","article_modified_time":"2026-04-28T00:11:14+00:00","og_image":[{"width":800,"height":800,"url":"https:\/\/www.csj-emballages.com\/wp-content\/uploads\/2026\/03\/136410.webp","type":"image\/webp"}],"twitter_card":"summary_large_image","twitter_misc":{"Gesch\u00e4tzte Lesezeit":"2 Minuten"},"schema":{"@context":"https:\/\/schema.org","@graph":[{"@type":"WebPage","@id":"https:\/\/www.csj-emballages.com\/de\/produit\/dosette-reinigungsmittel-stark-duftend-desinfizierend-kiefernduft-20-ml-250-stk\/","url":"https:\/\/www.csj-emballages.com\/de\/produit\/dosette-reinigungsmittel-stark-duftend-desinfizierend-kiefernduft-20-ml-250-stk\/","name":"Dosette Reinigungsmittel, desinfizierend, Kiefernduft, 20 ml, 250 Stk.","isPartOf":{"@id":"https:\/\/www.csj-emballages.com\/de\/#website"},"primaryImageOfPage":{"@id":"https:\/\/www.csj-emballages.com\/de\/produit\/dosette-reinigungsmittel-stark-duftend-desinfizierend-kiefernduft-20-ml-250-stk\/#primaryimage"},"image":{"@id":"https:\/\/www.csj-emballages.com\/de\/produit\/dosette-reinigungsmittel-stark-duftend-desinfizierend-kiefernduft-20-ml-250-stk\/#primaryimage"},"thumbnailUrl":"https:\/\/www.csj-emballages.com\/wp-content\/uploads\/2026\/03\/136410.webp","datePublished":"2026-03-05T16:18:20+00:00","dateModified":"2026-04-28T00:11:14+00:00","description":"Freshysol 3D Dosette Reinigungsmittel Desinfektionsmittel, Kiefernduft, 20 ml, 250 Stk. Reinigt, neutralisiert Ger\u00fcche und hinterl\u00e4sst eine langanhaltende Frische.","breadcrumb":{"@id":"https:\/\/www.csj-emballages.com\/de\/produit\/dosette-reinigungsmittel-stark-duftend-desinfizierend-kiefernduft-20-ml-250-stk\/#breadcrumb"},"inLanguage":"de","potentialAction":[{"@type":"ReadAction","target":["https:\/\/www.csj-emballages.com\/de\/produit\/dosette-reinigungsmittel-stark-duftend-desinfizierend-kiefernduft-20-ml-250-stk\/"]}]},{"@type":"ImageObject","inLanguage":"de","@id":"https:\/\/www.csj-emballages.com\/de\/produit\/dosette-reinigungsmittel-stark-duftend-desinfizierend-kiefernduft-20-ml-250-stk\/#primaryimage","url":"https:\/\/www.csj-emballages.com\/wp-content\/uploads\/2026\/03\/136410.webp","contentUrl":"https:\/\/www.csj-emballages.com\/wp-content\/uploads\/2026\/03\/136410.webp","width":800,"height":800,"caption":"Dosette d\u00e9tergente"},{"@type":"BreadcrumbList","@id":"https:\/\/www.csj-emballages.com\/de\/produit\/dosette-reinigungsmittel-stark-duftend-desinfizierend-kiefernduft-20-ml-250-stk\/#breadcrumb","itemListElement":[{"@type":"ListItem","position":1,"name":"Accueil","item":"https:\/\/www.csj-emballages.com\/de\/universum-lebensmittelverpackungen\/"},{"@type":"ListItem","position":2,"name":"Shop","item":"https:\/\/www.csj-emballages.com\/shop\/"},{"@type":"ListItem","position":3,"name":"Dosette Reinigungsmittel, stark duftend desinfizierend, Kiefernduft, 20 ml, 250 Stk."}]},{"@type":"WebSite","@id":"https:\/\/www.csj-emballages.com\/de\/#website","url":"https:\/\/www.csj-emballages.com\/de\/","name":"CSJ Emballages","description":"","publisher":{"@id":"https:\/\/www.csj-emballages.com\/de\/#organization"},"potentialAction":[{"@type":"SearchAction","target":{"@type":"EntryPoint","urlTemplate":"https:\/\/www.csj-emballages.com\/de\/?s={search_term_string}"},"query-input":{"@type":"PropertyValueSpecification","valueRequired":true,"valueName":"search_term_string"}}],"inLanguage":"de"},{"@type":"Organization","@id":"https:\/\/www.csj-emballages.com\/de\/#Organization\/","name":"CSJ Emballages","url":"https:\/\/www.csj-emballages.com\/de\/","logo":{"@type":"ImageObject","inLanguage":"de","@id":"https:\/\/www.csj-emballages.com\/de\/#\/schema\/logo\/image\/","url":"https:\/\/www.csj-emballages.com\/wp-content\/uploads\/2023\/10\/logo_csj.webp","contentUrl":"https:\/\/www.csj-emballages.com\/wp-content\/uploads\/2023\/10\/logo_csj.webp","width":250,"height":95,"caption":"CSJ Emballages"},"image":{"@id":"https:\/\/www.csj-emballages.com\/de\/#\/schema\/logo\/image\/"},"sameAs":["https:\/\/www.facebook.com\/csjemballages"],"address":{"@type":"PostalAddress","streetAddress":"ZI La Lechere","addressLocality":"Patornay","postalCode":"39130","addressCountry":"FR"},"contactPoint":[{"@type":"ContactPoint","contactType":"Service client","telephone":"0384254272","email":"contact@csj-emballages.com"}]}]}},"df_price":30.04,"df_sale_price":30.04,"df_regular_price":37.55,"df_image_link":"https:\/\/www.csj-emballages.com\/wp-content\/uploads\/2026\/03\/136410-300x300.webp","tiered_pricing_type":"fixed","tiered_pricing_fixed_rules":[],"tiered_pricing_percentage_rules":[],"tiered_pricing_minimum":1,"tiered_pricing_roles_data":[],"_links":{"self":[{"href":"https:\/\/www.csj-emballages.com\/de\/wp-json\/wp\/v2\/product\/273156","targetHints":{"allow":["GET"]}}],"collection":[{"href":"https:\/\/www.csj-emballages.com\/de\/wp-json\/wp\/v2\/product"}],"about":[{"href":"https:\/\/www.csj-emballages.com\/de\/wp-json\/wp\/v2\/types\/product"}],"wp:featuredmedia":[{"embeddable":true,"href":"https:\/\/www.csj-emballages.com\/de\/wp-json\/wp\/v2\/media\/273149"}],"wp:attachment":[{"href":"https:\/\/www.csj-emballages.com\/de\/wp-json\/wp\/v2\/media?parent=273156"}],"wp:term":[{"taxonomy":"product_brand","embeddable":true,"href":"https:\/\/www.csj-emballages.com\/de\/wp-json\/wp\/v2\/product_brand?post=273156"},{"taxonomy":"product_cat","embeddable":true,"href":"https:\/\/www.csj-emballages.com\/de\/wp-json\/wp\/v2\/product_cat?post=273156"},{"taxonomy":"product_tag","embeddable":true,"href":"https:\/\/www.csj-emballages.com\/de\/wp-json\/wp\/v2\/product_tag?post=273156"}],"curies":[{"name":"wp","href":"https:\/\/api.w.org\/{rel}","templated":true}]}}